{"id":10047,"date":"2021-08-25T20:09:58","date_gmt":"2021-08-25T17:09:58","guid":{"rendered":"https:\/\/www.duunauspalvelutjarvi.fi\/?post_type=product&#038;p=10047"},"modified":"2024-03-24T21:47:58","modified_gmt":"2024-03-24T19:47:58","slug":"led-tyovalopaneeli-bullpro-graphite-300w","status":"publish","type":"product","link":"https:\/\/www.duunauspalvelutjarvi.fi\/?product=led-tyovalopaneeli-bullpro-graphite-300w","title":{"rendered":"LED-ty\u00f6valopaneeli Bullpro Graphite 300W"},"content":{"rendered":"<div class=\"col-12 col-lg-10\">\n<div class=\"ProductPageContent__description\">\n<div class=\"WysiwygContent\">\n<p><strong>LED-ty\u00f6valopaneeli Bullpro Graphite 300W<\/strong>\u00a0on eritt\u00e4in tehokas ja j\u00e4re\u00e4 ty\u00f6valopaneeli kovaan valon tarpeeseen! Liev\u00e4sti kaareva ja leve\u00e4ll\u00e4 valokuviolla varustettu tehokas ty\u00f6valopaneeli mahdollistaa kirkkaat ja miellytt\u00e4v\u00e4t ty\u00f6skentelyolosuhteet pime\u00e4ss\u00e4. Grafiitinharmaa kest\u00e4v\u00e4 pinnoite ja IP69K suojausluokka varmistavat kest\u00e4vyyden kovemmissa olosuhteissa. Ty\u00f6valopaneeli on h\u00e4iri\u00f6suojattu ja ECE R10 hyv\u00e4ksytty ajoneuvok\u00e4ytt\u00f6\u00f6n.<\/p>\n<p><strong>Tekniset tiedot:<\/strong><br \/>\n\u2022 K\u00e4ytt\u00f6j\u00e4nnite: 10 -30V<br \/>\n\u2022 60 x 5W Osram<br \/>\n\u2022 Leve\u00e4 valokuvio<br \/>\n\u2022 Valovirta teoreettinen: 36000 lm<br \/>\n\u2022 Valovirta mitattu: 19051 lm<br \/>\n\u2022 V\u00e4ril\u00e4mp\u00f6tila: 6000 K<br \/>\n\u2022 Leveys: 818mm<br \/>\n\u2022 Korkeus: 78,5mm<br \/>\n\u2022 Syvyys: 55 mm<br \/>\n\u2022 Kest\u00e4v\u00e4 alumiinirunko ja Lexan polykarbonaattilasi<br \/>\n\u2022 ETM-ylikuumenemissuoja<br \/>\n\u2022 DTP2-liitin, sis\u00e4lt\u00e4\u00e4 my\u00f6s vastakappaleen<br \/>\n\u2022 Suojausluokka: IP69K, IP67<br \/>\n\u2022 ECE R10 hyv\u00e4ksytty maastok\u00e4ytt\u00f6\u00f6n<br \/>\n\u2022 Takuu 24kk<\/p>\n<\/div>\n<\/div>\n<\/div>\n<div class=\"ProductPageContent__description-details col-sm-12 col-lg-2\">\n<div>\n<h6>Lis\u00e4tiedot<\/h6>\n<div>\n<div class=\"ProductExtraInfo ProductExtraInfo--single-column\">\n<ul class=\"inline-dot\">\n<li>Tuotekoodi:\u00a08020101410<\/li>\n<li><span class=\"ProductWarranty\">Takuu:\u00a0<span class=\"ProductWarranty__warranty\">2 vuotta<\/span><\/span><\/li>\n<li>V\u00e4ril\u00e4mp\u00f6tila:\u00a06000<\/li>\n<li>Valokuvio:\u00a0Leve\u00e4<\/li>\n<li>V\u00e4ri:\u00a0Grafiitinharmaa<\/li>\n<li>Kaapelin pituus:\u00a01 m<\/li>\n<li>Liittimen tyyppi:\u00a02-Pin DTP-liitin<\/li>\n<li>V\u00e4ris\u00e4vy:\u00a0Viile\u00e4 valkoinen<\/li>\n<li>K\u00e4ytt\u00f6j\u00e4nnite:\u00a012\/24V<\/li>\n<\/ul>\n<\/div>\n<\/div>\n<\/div>\n<\/div>\n","protected":false},"excerpt":{"rendered":"<p><a href=\"http:\/\/www.duunauspalvelutjarvi.fi\/?term=&amp;s=bullpro&amp;post_type=product&amp;taxonomy=product_cat\"><img loading=\"lazy\" decoding=\"async\" class=\"alignnone size-full wp-image-10037\" src=\"https:\/\/www.duunauspalvelutjarvi.fi\/wp-content\/uploads\/2021\/08\/bullpro.png\" alt=\"\" width=\"200\" height=\"65\" \/><\/a><\/p>\n","protected":false},"featured_media":14688,"comment_status":"open","ping_status":"closed","template":"","meta":[],"product_brand":[],"product_cat":[52],"product_tag":[],"class_list":{"0":"post-10047","1":"product","2":"type-product","3":"status-publish","4":"has-post-thumbnail","6":"product_cat-led-tyovalopaneelit","8":"first","9":"instock","10":"sale","11":"taxable","12":"shipping-taxable","13":"purchasable","14":"product-type-simple"},"yoast_head":"<!-- This site is optimized with the Yoast SEO plugin v27.4 - https:\/\/yoast.com\/product\/yoast-seo-wordpress\/ -->\n<title>LED-ty\u00f6valopaneeli Bullpro Graphite 300W -<\/title>\n<meta name=\"robots\" content=\"index, follow, max-snippet:-1, max-image-preview:large, max-video-preview:-1\" \/>\n<link rel=\"canonical\" href=\"https:\/\/www.duunauspalvelutjarvi.fi\/?product=led-tyovalopaneeli-bullpro-graphite-300w\" \/>\n<meta property=\"og:locale\" content=\"fi_FI\" \/>\n<meta property=\"og:type\" content=\"article\" \/>\n<meta property=\"og:title\" content=\"LED-ty\u00f6valopaneeli Bullpro Graphite 300W -\" \/>\n<meta property=\"og:url\" content=\"https:\/\/www.duunauspalvelutjarvi.fi\/?product=led-tyovalopaneeli-bullpro-graphite-300w\" \/>\n<meta property=\"article:modified_time\" content=\"2024-03-24T19:47:58+00:00\" \/>\n<meta property=\"og:image\" content=\"https:\/\/www.duunauspalvelutjarvi.fi\/wp-content\/uploads\/2021\/08\/BullproGraphite400Wled-tyovalopaneeli_8020101411_493d91a94bc5cb2ac62490ce698bbe5a_1.jpeg\" \/>\n\t<meta property=\"og:image:width\" content=\"559\" \/>\n\t<meta property=\"og:image:height\" content=\"220\" \/>\n\t<meta property=\"og:image:type\" content=\"image\/jpeg\" \/>\n<meta name=\"twitter:card\" content=\"summary_large_image\" \/>\n<meta name=\"twitter:label1\" content=\"Arvioitu lukuaika\" \/>\n\t<meta name=\"twitter:data1\" content=\"2 minuuttia\" \/>\n<script type=\"application\/ld+json\" class=\"yoast-schema-graph\">{\"@context\":\"https:\\\/\\\/schema.org\",\"@graph\":[{\"@type\":\"WebPage\",\"@id\":\"https:\\\/\\\/www.duunauspalvelutjarvi.fi\\\/?product=led-tyovalopaneeli-bullpro-graphite-300w\",\"url\":\"https:\\\/\\\/www.duunauspalvelutjarvi.fi\\\/?product=led-tyovalopaneeli-bullpro-graphite-300w\",\"name\":\"LED-ty\u00f6valopaneeli Bullpro Graphite 300W -\",\"isPartOf\":{\"@id\":\"https:\\\/\\\/www.duunauspalvelutjarvi.fi\\\/#website\"},\"primaryImageOfPage\":{\"@id\":\"https:\\\/\\\/www.duunauspalvelutjarvi.fi\\\/?product=led-tyovalopaneeli-bullpro-graphite-300w#primaryimage\"},\"image\":{\"@id\":\"https:\\\/\\\/www.duunauspalvelutjarvi.fi\\\/?product=led-tyovalopaneeli-bullpro-graphite-300w#primaryimage\"},\"thumbnailUrl\":\"https:\\\/\\\/www.duunauspalvelutjarvi.fi\\\/wp-content\\\/uploads\\\/2021\\\/08\\\/BullproGraphite400Wled-tyovalopaneeli_8020101411_493d91a94bc5cb2ac62490ce698bbe5a_1.jpeg\",\"datePublished\":\"2021-08-25T17:09:58+00:00\",\"dateModified\":\"2024-03-24T19:47:58+00:00\",\"breadcrumb\":{\"@id\":\"https:\\\/\\\/www.duunauspalvelutjarvi.fi\\\/?product=led-tyovalopaneeli-bullpro-graphite-300w#breadcrumb\"},\"inLanguage\":\"fi\",\"potentialAction\":[{\"@type\":\"ReadAction\",\"target\":[\"https:\\\/\\\/www.duunauspalvelutjarvi.fi\\\/?product=led-tyovalopaneeli-bullpro-graphite-300w\"]}]},{\"@type\":\"ImageObject\",\"inLanguage\":\"fi\",\"@id\":\"https:\\\/\\\/www.duunauspalvelutjarvi.fi\\\/?product=led-tyovalopaneeli-bullpro-graphite-300w#primaryimage\",\"url\":\"https:\\\/\\\/www.duunauspalvelutjarvi.fi\\\/wp-content\\\/uploads\\\/2021\\\/08\\\/BullproGraphite400Wled-tyovalopaneeli_8020101411_493d91a94bc5cb2ac62490ce698bbe5a_1.jpeg\",\"contentUrl\":\"https:\\\/\\\/www.duunauspalvelutjarvi.fi\\\/wp-content\\\/uploads\\\/2021\\\/08\\\/BullproGraphite400Wled-tyovalopaneeli_8020101411_493d91a94bc5cb2ac62490ce698bbe5a_1.jpeg\",\"width\":559,\"height\":220},{\"@type\":\"BreadcrumbList\",\"@id\":\"https:\\\/\\\/www.duunauspalvelutjarvi.fi\\\/?product=led-tyovalopaneeli-bullpro-graphite-300w#breadcrumb\",\"itemListElement\":[{\"@type\":\"ListItem\",\"position\":1,\"name\":\"Etusivu\",\"item\":\"https:\\\/\\\/www.duunauspalvelutjarvi.fi\\\/\"},{\"@type\":\"ListItem\",\"position\":2,\"name\":\"Etusivu\",\"item\":\"https:\\\/\\\/www.duunauspalvelutjarvi.fi\\\/\"},{\"@type\":\"ListItem\",\"position\":3,\"name\":\"LED-ty\u00f6valopaneeli Bullpro Graphite 300W\"}]},{\"@type\":\"WebSite\",\"@id\":\"https:\\\/\\\/www.duunauspalvelutjarvi.fi\\\/#website\",\"url\":\"https:\\\/\\\/www.duunauspalvelutjarvi.fi\\\/\",\"name\":\"\",\"description\":\"\",\"potentialAction\":[{\"@type\":\"SearchAction\",\"target\":{\"@type\":\"EntryPoint\",\"urlTemplate\":\"https:\\\/\\\/www.duunauspalvelutjarvi.fi\\\/?s={search_term_string}\"},\"query-input\":{\"@type\":\"PropertyValueSpecification\",\"valueRequired\":true,\"valueName\":\"search_term_string\"}}],\"inLanguage\":\"fi\"}]}<\/script>\n<!-- \/ Yoast SEO plugin. -->","yoast_head_json":{"title":"LED-ty\u00f6valopaneeli Bullpro Graphite 300W -","robots":{"index":"index","follow":"follow","max-snippet":"max-snippet:-1","max-image-preview":"max-image-preview:large","max-video-preview":"max-video-preview:-1"},"canonical":"https:\/\/www.duunauspalvelutjarvi.fi\/?product=led-tyovalopaneeli-bullpro-graphite-300w","og_locale":"fi_FI","og_type":"article","og_title":"LED-ty\u00f6valopaneeli Bullpro Graphite 300W -","og_url":"https:\/\/www.duunauspalvelutjarvi.fi\/?product=led-tyovalopaneeli-bullpro-graphite-300w","article_modified_time":"2024-03-24T19:47:58+00:00","og_image":[{"width":559,"height":220,"url":"https:\/\/www.duunauspalvelutjarvi.fi\/wp-content\/uploads\/2021\/08\/BullproGraphite400Wled-tyovalopaneeli_8020101411_493d91a94bc5cb2ac62490ce698bbe5a_1.jpeg","type":"image\/jpeg"}],"twitter_card":"summary_large_image","twitter_misc":{"Arvioitu lukuaika":"2 minuuttia"},"schema":{"@context":"https:\/\/schema.org","@graph":[{"@type":"WebPage","@id":"https:\/\/www.duunauspalvelutjarvi.fi\/?product=led-tyovalopaneeli-bullpro-graphite-300w","url":"https:\/\/www.duunauspalvelutjarvi.fi\/?product=led-tyovalopaneeli-bullpro-graphite-300w","name":"LED-ty\u00f6valopaneeli Bullpro Graphite 300W -","isPartOf":{"@id":"https:\/\/www.duunauspalvelutjarvi.fi\/#website"},"primaryImageOfPage":{"@id":"https:\/\/www.duunauspalvelutjarvi.fi\/?product=led-tyovalopaneeli-bullpro-graphite-300w#primaryimage"},"image":{"@id":"https:\/\/www.duunauspalvelutjarvi.fi\/?product=led-tyovalopaneeli-bullpro-graphite-300w#primaryimage"},"thumbnailUrl":"https:\/\/www.duunauspalvelutjarvi.fi\/wp-content\/uploads\/2021\/08\/BullproGraphite400Wled-tyovalopaneeli_8020101411_493d91a94bc5cb2ac62490ce698bbe5a_1.jpeg","datePublished":"2021-08-25T17:09:58+00:00","dateModified":"2024-03-24T19:47:58+00:00","breadcrumb":{"@id":"https:\/\/www.duunauspalvelutjarvi.fi\/?product=led-tyovalopaneeli-bullpro-graphite-300w#breadcrumb"},"inLanguage":"fi","potentialAction":[{"@type":"ReadAction","target":["https:\/\/www.duunauspalvelutjarvi.fi\/?product=led-tyovalopaneeli-bullpro-graphite-300w"]}]},{"@type":"ImageObject","inLanguage":"fi","@id":"https:\/\/www.duunauspalvelutjarvi.fi\/?product=led-tyovalopaneeli-bullpro-graphite-300w#primaryimage","url":"https:\/\/www.duunauspalvelutjarvi.fi\/wp-content\/uploads\/2021\/08\/BullproGraphite400Wled-tyovalopaneeli_8020101411_493d91a94bc5cb2ac62490ce698bbe5a_1.jpeg","contentUrl":"https:\/\/www.duunauspalvelutjarvi.fi\/wp-content\/uploads\/2021\/08\/BullproGraphite400Wled-tyovalopaneeli_8020101411_493d91a94bc5cb2ac62490ce698bbe5a_1.jpeg","width":559,"height":220},{"@type":"BreadcrumbList","@id":"https:\/\/www.duunauspalvelutjarvi.fi\/?product=led-tyovalopaneeli-bullpro-graphite-300w#breadcrumb","itemListElement":[{"@type":"ListItem","position":1,"name":"Etusivu","item":"https:\/\/www.duunauspalvelutjarvi.fi\/"},{"@type":"ListItem","position":2,"name":"Etusivu","item":"https:\/\/www.duunauspalvelutjarvi.fi\/"},{"@type":"ListItem","position":3,"name":"LED-ty\u00f6valopaneeli Bullpro Graphite 300W"}]},{"@type":"WebSite","@id":"https:\/\/www.duunauspalvelutjarvi.fi\/#website","url":"https:\/\/www.duunauspalvelutjarvi.fi\/","name":"","description":"","potentialAction":[{"@type":"SearchAction","target":{"@type":"EntryPoint","urlTemplate":"https:\/\/www.duunauspalvelutjarvi.fi\/?s={search_term_string}"},"query-input":{"@type":"PropertyValueSpecification","valueRequired":true,"valueName":"search_term_string"}}],"inLanguage":"fi"}]}},"jetpack_sharing_enabled":true,"_links":{"self":[{"href":"https:\/\/www.duunauspalvelutjarvi.fi\/index.php?rest_route=\/wp\/v2\/product\/10047","targetHints":{"allow":["GET"]}}],"collection":[{"href":"https:\/\/www.duunauspalvelutjarvi.fi\/index.php?rest_route=\/wp\/v2\/product"}],"about":[{"href":"https:\/\/www.duunauspalvelutjarvi.fi\/index.php?rest_route=\/wp\/v2\/types\/product"}],"replies":[{"embeddable":true,"href":"https:\/\/www.duunauspalvelutjarvi.fi\/index.php?rest_route=%2Fwp%2Fv2%2Fcomments&post=10047"}],"wp:featuredmedia":[{"embeddable":true,"href":"https:\/\/www.duunauspalvelutjarvi.fi\/index.php?rest_route=\/wp\/v2\/media\/14688"}],"wp:attachment":[{"href":"https:\/\/www.duunauspalvelutjarvi.fi\/index.php?rest_route=%2Fwp%2Fv2%2Fmedia&parent=10047"}],"wp:term":[{"taxonomy":"product_brand","embeddable":true,"href":"https:\/\/www.duunauspalvelutjarvi.fi\/index.php?rest_route=%2Fwp%2Fv2%2Fproduct_brand&post=10047"},{"taxonomy":"product_cat","embeddable":true,"href":"https:\/\/www.duunauspalvelutjarvi.fi\/index.php?rest_route=%2Fwp%2Fv2%2Fproduct_cat&post=10047"},{"taxonomy":"product_tag","embeddable":true,"href":"https:\/\/www.duunauspalvelutjarvi.fi\/index.php?rest_route=%2Fwp%2Fv2%2Fproduct_tag&post=10047"}],"curies":[{"name":"wp","href":"https:\/\/api.w.org\/{rel}","templated":true}]}}