{"id":10075,"date":"2021-08-25T20:26:58","date_gmt":"2021-08-25T17:26:58","guid":{"rendered":"https:\/\/www.duunauspalvelutjarvi.fi\/?post_type=product&#038;p=10075"},"modified":"2024-03-22T21:53:28","modified_gmt":"2024-03-22T19:53:28","slug":"led-tyovalo-bullpro-42w","status":"publish","type":"product","link":"https:\/\/www.duunauspalvelutjarvi.fi\/?product=led-tyovalo-bullpro-42w","title":{"rendered":"LED-ty\u00f6valo Bullpro 42W"},"content":{"rendered":"<div class=\"col-12 col-lg-10\">\n<div class=\"ProductPageContent__description\">\n<div class=\"WysiwygContent\">\n<p><strong>LED-ty\u00f6valo Bullpro 42W<\/strong> on pienikokoinen ja tehokas ty\u00f6valo koviin olosuhteisiin. J\u00e4mer\u00e4 runko ja laadukkaat komponentit varmistavat toimivuuden haastavissa olosuhteissa. CISPR25 class 5 h\u00e4iri\u00f6nsuojaus takaa h\u00e4iri\u00f6tt\u00f6m\u00e4n k\u00e4yt\u00f6n herkkien mittauslaitteiden l\u00e4hell\u00e4!<\/p>\n<p><strong>Ty\u00f6valon tekniset tiedot:<\/strong><br \/>\n\u2022 42W<br \/>\n\u2022 Leve\u00e4 valokuvio<br \/>\n\u2022 Teoreettinen valoteho 4000 lumenia<br \/>\n\u2022 Todellinen valoteho 2884 lumenia<br \/>\n\u2022 V\u00e4ril\u00e4mp\u00f6tila 5000K<br \/>\n\u2022 K\u00e4ytt\u00f6j\u00e4nnitealue 9-60V<br \/>\n\u2022 Virrankulutus: 2,58A \/ 13,7V<br \/>\n\u2022 Linssi: Polykarbonaatti<br \/>\n\u2022 Kotelo alumiinia<br \/>\n\u2022 DT-liitin<br \/>\n\u2022 IP luokka:IP68, IP6K9K<br \/>\n\u2022 H\u00e4iri\u00f6nsuojausluokka CISPR25 Class 5<br \/>\n\u2022 Takuu 24kk<\/p>\n<\/div>\n<\/div>\n<\/div>\n<div class=\"ProductPageContent__description-details col-sm-12 col-lg-2\">\n<div>\n<h6>Lis\u00e4tiedot<\/h6>\n<div>\n<div class=\"ProductExtraInfo ProductExtraInfo--single-column\">\n<ul class=\"inline-dot\">\n<li>Tuotekoodi:\u00a08020103097<\/li>\n<li><span class=\"ProductWarranty\">Takuu:\u00a0<span class=\"ProductWarranty__warranty\">2 vuotta<\/span><\/span><\/li>\n<li>V\u00e4ril\u00e4mp\u00f6tila:\u00a05000<\/li>\n<li>Valokuvio:\u00a0Leve\u00e4<\/li>\n<li>V\u00e4ri:\u00a0Musta<\/li>\n<li>Liittimen tyyppi:\u00a02-pin Deutsch DT<\/li>\n<li>K\u00e4ytt\u00f6j\u00e4nnite:\u00a012\/24V<\/li>\n<\/ul>\n<\/div>\n<\/div>\n<\/div>\n<\/div>\n","protected":false},"excerpt":{"rendered":"<p><a href=\"http:\/\/www.duunauspalvelutjarvi.fi\/?orderby=price&amp;paged=1&amp;term=&amp;s=bullpro&amp;post_type=product&amp;taxonomy=product_cat\"><img loading=\"lazy\" decoding=\"async\" class=\"alignnone size-full wp-image-10037\" src=\"https:\/\/www.duunauspalvelutjarvi.fi\/wp-content\/uploads\/2021\/08\/bullpro.png\" alt=\"\" width=\"200\" height=\"65\" \/><\/a><\/p>\n","protected":false},"featured_media":13894,"comment_status":"open","ping_status":"closed","template":"","meta":[],"product_brand":[],"product_cat":[50],"product_tag":[],"class_list":{"0":"post-10075","1":"product","2":"type-product","3":"status-publish","4":"has-post-thumbnail","6":"product_cat-led-tyovalot-28-49w","8":"first","9":"instock","10":"taxable","11":"shipping-taxable","12":"purchasable","13":"product-type-simple"},"yoast_head":"<!-- This site is optimized with the Yoast SEO plugin v27.5 - https:\/\/yoast.com\/product\/yoast-seo-wordpress\/ -->\n<title>LED-ty\u00f6valo Bullpro 42W -<\/title>\n<meta name=\"robots\" content=\"index, follow, max-snippet:-1, max-image-preview:large, max-video-preview:-1\" \/>\n<link rel=\"canonical\" href=\"https:\/\/www.duunauspalvelutjarvi.fi\/?product=led-tyovalo-bullpro-42w\" \/>\n<meta property=\"og:locale\" content=\"fi_FI\" \/>\n<meta property=\"og:type\" content=\"article\" \/>\n<meta property=\"og:title\" content=\"LED-ty\u00f6valo Bullpro 42W -\" \/>\n<meta property=\"og:url\" content=\"https:\/\/www.duunauspalvelutjarvi.fi\/?product=led-tyovalo-bullpro-42w\" \/>\n<meta property=\"article:modified_time\" content=\"2024-03-22T19:53:28+00:00\" \/>\n<meta property=\"og:image\" content=\"https:\/\/www.duunauspalvelutjarvi.fi\/wp-content\/uploads\/2021\/08\/8020103097_74ae8df4feb6a59f0d97eb6e7cdfc21d_1.jpg\" \/>\n\t<meta property=\"og:image:width\" content=\"339\" \/>\n\t<meta property=\"og:image:height\" content=\"324\" \/>\n\t<meta property=\"og:image:type\" content=\"image\/jpeg\" \/>\n<meta name=\"twitter:card\" content=\"summary_large_image\" \/>\n<meta name=\"twitter:label1\" content=\"Arvioitu lukuaika\" \/>\n\t<meta name=\"twitter:data1\" content=\"1 minuutti\" \/>\n<script type=\"application\/ld+json\" class=\"yoast-schema-graph\">{\"@context\":\"https:\\\/\\\/schema.org\",\"@graph\":[{\"@type\":\"WebPage\",\"@id\":\"https:\\\/\\\/www.duunauspalvelutjarvi.fi\\\/?product=led-tyovalo-bullpro-42w\",\"url\":\"https:\\\/\\\/www.duunauspalvelutjarvi.fi\\\/?product=led-tyovalo-bullpro-42w\",\"name\":\"LED-ty\u00f6valo Bullpro 42W -\",\"isPartOf\":{\"@id\":\"https:\\\/\\\/www.duunauspalvelutjarvi.fi\\\/#website\"},\"primaryImageOfPage\":{\"@id\":\"https:\\\/\\\/www.duunauspalvelutjarvi.fi\\\/?product=led-tyovalo-bullpro-42w#primaryimage\"},\"image\":{\"@id\":\"https:\\\/\\\/www.duunauspalvelutjarvi.fi\\\/?product=led-tyovalo-bullpro-42w#primaryimage\"},\"thumbnailUrl\":\"https:\\\/\\\/www.duunauspalvelutjarvi.fi\\\/wp-content\\\/uploads\\\/2021\\\/08\\\/8020103097_74ae8df4feb6a59f0d97eb6e7cdfc21d_1.jpg\",\"datePublished\":\"2021-08-25T17:26:58+00:00\",\"dateModified\":\"2024-03-22T19:53:28+00:00\",\"breadcrumb\":{\"@id\":\"https:\\\/\\\/www.duunauspalvelutjarvi.fi\\\/?product=led-tyovalo-bullpro-42w#breadcrumb\"},\"inLanguage\":\"fi\",\"potentialAction\":[{\"@type\":\"ReadAction\",\"target\":[\"https:\\\/\\\/www.duunauspalvelutjarvi.fi\\\/?product=led-tyovalo-bullpro-42w\"]}]},{\"@type\":\"ImageObject\",\"inLanguage\":\"fi\",\"@id\":\"https:\\\/\\\/www.duunauspalvelutjarvi.fi\\\/?product=led-tyovalo-bullpro-42w#primaryimage\",\"url\":\"https:\\\/\\\/www.duunauspalvelutjarvi.fi\\\/wp-content\\\/uploads\\\/2021\\\/08\\\/8020103097_74ae8df4feb6a59f0d97eb6e7cdfc21d_1.jpg\",\"contentUrl\":\"https:\\\/\\\/www.duunauspalvelutjarvi.fi\\\/wp-content\\\/uploads\\\/2021\\\/08\\\/8020103097_74ae8df4feb6a59f0d97eb6e7cdfc21d_1.jpg\",\"width\":339,\"height\":324},{\"@type\":\"BreadcrumbList\",\"@id\":\"https:\\\/\\\/www.duunauspalvelutjarvi.fi\\\/?product=led-tyovalo-bullpro-42w#breadcrumb\",\"itemListElement\":[{\"@type\":\"ListItem\",\"position\":1,\"name\":\"Etusivu\",\"item\":\"https:\\\/\\\/www.duunauspalvelutjarvi.fi\\\/\"},{\"@type\":\"ListItem\",\"position\":2,\"name\":\"Etusivu\",\"item\":\"https:\\\/\\\/www.duunauspalvelutjarvi.fi\\\/\"},{\"@type\":\"ListItem\",\"position\":3,\"name\":\"LED-ty\u00f6valo Bullpro 42W\"}]},{\"@type\":\"WebSite\",\"@id\":\"https:\\\/\\\/www.duunauspalvelutjarvi.fi\\\/#website\",\"url\":\"https:\\\/\\\/www.duunauspalvelutjarvi.fi\\\/\",\"name\":\"\",\"description\":\"\",\"potentialAction\":[{\"@type\":\"SearchAction\",\"target\":{\"@type\":\"EntryPoint\",\"urlTemplate\":\"https:\\\/\\\/www.duunauspalvelutjarvi.fi\\\/?s={search_term_string}\"},\"query-input\":{\"@type\":\"PropertyValueSpecification\",\"valueRequired\":true,\"valueName\":\"search_term_string\"}}],\"inLanguage\":\"fi\"}]}<\/script>\n<!-- \/ Yoast SEO plugin. -->","yoast_head_json":{"title":"LED-ty\u00f6valo Bullpro 42W -","robots":{"index":"index","follow":"follow","max-snippet":"max-snippet:-1","max-image-preview":"max-image-preview:large","max-video-preview":"max-video-preview:-1"},"canonical":"https:\/\/www.duunauspalvelutjarvi.fi\/?product=led-tyovalo-bullpro-42w","og_locale":"fi_FI","og_type":"article","og_title":"LED-ty\u00f6valo Bullpro 42W -","og_url":"https:\/\/www.duunauspalvelutjarvi.fi\/?product=led-tyovalo-bullpro-42w","article_modified_time":"2024-03-22T19:53:28+00:00","og_image":[{"width":339,"height":324,"url":"https:\/\/www.duunauspalvelutjarvi.fi\/wp-content\/uploads\/2021\/08\/8020103097_74ae8df4feb6a59f0d97eb6e7cdfc21d_1.jpg","type":"image\/jpeg"}],"twitter_card":"summary_large_image","twitter_misc":{"Arvioitu lukuaika":"1 minuutti"},"schema":{"@context":"https:\/\/schema.org","@graph":[{"@type":"WebPage","@id":"https:\/\/www.duunauspalvelutjarvi.fi\/?product=led-tyovalo-bullpro-42w","url":"https:\/\/www.duunauspalvelutjarvi.fi\/?product=led-tyovalo-bullpro-42w","name":"LED-ty\u00f6valo Bullpro 42W -","isPartOf":{"@id":"https:\/\/www.duunauspalvelutjarvi.fi\/#website"},"primaryImageOfPage":{"@id":"https:\/\/www.duunauspalvelutjarvi.fi\/?product=led-tyovalo-bullpro-42w#primaryimage"},"image":{"@id":"https:\/\/www.duunauspalvelutjarvi.fi\/?product=led-tyovalo-bullpro-42w#primaryimage"},"thumbnailUrl":"https:\/\/www.duunauspalvelutjarvi.fi\/wp-content\/uploads\/2021\/08\/8020103097_74ae8df4feb6a59f0d97eb6e7cdfc21d_1.jpg","datePublished":"2021-08-25T17:26:58+00:00","dateModified":"2024-03-22T19:53:28+00:00","breadcrumb":{"@id":"https:\/\/www.duunauspalvelutjarvi.fi\/?product=led-tyovalo-bullpro-42w#breadcrumb"},"inLanguage":"fi","potentialAction":[{"@type":"ReadAction","target":["https:\/\/www.duunauspalvelutjarvi.fi\/?product=led-tyovalo-bullpro-42w"]}]},{"@type":"ImageObject","inLanguage":"fi","@id":"https:\/\/www.duunauspalvelutjarvi.fi\/?product=led-tyovalo-bullpro-42w#primaryimage","url":"https:\/\/www.duunauspalvelutjarvi.fi\/wp-content\/uploads\/2021\/08\/8020103097_74ae8df4feb6a59f0d97eb6e7cdfc21d_1.jpg","contentUrl":"https:\/\/www.duunauspalvelutjarvi.fi\/wp-content\/uploads\/2021\/08\/8020103097_74ae8df4feb6a59f0d97eb6e7cdfc21d_1.jpg","width":339,"height":324},{"@type":"BreadcrumbList","@id":"https:\/\/www.duunauspalvelutjarvi.fi\/?product=led-tyovalo-bullpro-42w#breadcrumb","itemListElement":[{"@type":"ListItem","position":1,"name":"Etusivu","item":"https:\/\/www.duunauspalvelutjarvi.fi\/"},{"@type":"ListItem","position":2,"name":"Etusivu","item":"https:\/\/www.duunauspalvelutjarvi.fi\/"},{"@type":"ListItem","position":3,"name":"LED-ty\u00f6valo Bullpro 42W"}]},{"@type":"WebSite","@id":"https:\/\/www.duunauspalvelutjarvi.fi\/#website","url":"https:\/\/www.duunauspalvelutjarvi.fi\/","name":"","description":"","potentialAction":[{"@type":"SearchAction","target":{"@type":"EntryPoint","urlTemplate":"https:\/\/www.duunauspalvelutjarvi.fi\/?s={search_term_string}"},"query-input":{"@type":"PropertyValueSpecification","valueRequired":true,"valueName":"search_term_string"}}],"inLanguage":"fi"}]}},"jetpack_sharing_enabled":true,"_links":{"self":[{"href":"https:\/\/www.duunauspalvelutjarvi.fi\/index.php?rest_route=\/wp\/v2\/product\/10075","targetHints":{"allow":["GET"]}}],"collection":[{"href":"https:\/\/www.duunauspalvelutjarvi.fi\/index.php?rest_route=\/wp\/v2\/product"}],"about":[{"href":"https:\/\/www.duunauspalvelutjarvi.fi\/index.php?rest_route=\/wp\/v2\/types\/product"}],"replies":[{"embeddable":true,"href":"https:\/\/www.duunauspalvelutjarvi.fi\/index.php?rest_route=%2Fwp%2Fv2%2Fcomments&post=10075"}],"wp:featuredmedia":[{"embeddable":true,"href":"https:\/\/www.duunauspalvelutjarvi.fi\/index.php?rest_route=\/wp\/v2\/media\/13894"}],"wp:attachment":[{"href":"https:\/\/www.duunauspalvelutjarvi.fi\/index.php?rest_route=%2Fwp%2Fv2%2Fmedia&parent=10075"}],"wp:term":[{"taxonomy":"product_brand","embeddable":true,"href":"https:\/\/www.duunauspalvelutjarvi.fi\/index.php?rest_route=%2Fwp%2Fv2%2Fproduct_brand&post=10075"},{"taxonomy":"product_cat","embeddable":true,"href":"https:\/\/www.duunauspalvelutjarvi.fi\/index.php?rest_route=%2Fwp%2Fv2%2Fproduct_cat&post=10075"},{"taxonomy":"product_tag","embeddable":true,"href":"https:\/\/www.duunauspalvelutjarvi.fi\/index.php?rest_route=%2Fwp%2Fv2%2Fproduct_tag&post=10075"}],"curies":[{"name":"wp","href":"https:\/\/api.w.org\/{rel}","templated":true}]}}