{"id":10087,"date":"2021-08-25T20:34:38","date_gmt":"2021-08-25T17:34:38","guid":{"rendered":"https:\/\/www.duunauspalvelutjarvi.fi\/?post_type=product&#038;p=10087"},"modified":"2024-03-22T21:51:53","modified_gmt":"2024-03-22T19:51:53","slug":"led-tyovalo-bullpro-40w-adr-pistekuvio-12-48v","status":"publish","type":"product","link":"https:\/\/www.duunauspalvelutjarvi.fi\/?product=led-tyovalo-bullpro-40w-adr-pistekuvio-12-48v","title":{"rendered":"LED-ty\u00f6valo Bullpro 40W ADR, Pistekuvio, 12-48V"},"content":{"rendered":"<div class=\"col-12 col-lg-10\">\n<div class=\"ProductPageContent__description\">\n<div class=\"WysiwygContent\">\n<p><b>LED-ty\u00f6valo Bullpro 40W ADR, Pistekuvio, 12-48V<\/b><\/p>\n<p><b>Tekniset tiedot:<\/b><br \/>\n\u2022 K\u00e4ytt\u00f6j\u00e4nnite: 12-48V<br \/>\n\u2022 Teho: 40W<br \/>\n\u2022 Valoteho: 2500lm<br \/>\n\u2022 V\u00e4ril\u00e4mp\u00f6tila: 5000K<br \/>\n\u2022 Halkaisija: 90mm<br \/>\n\u2022 Korkeus: 106,2mm<br \/>\n\u2022 Syvyys: 75mm<br \/>\n\u2022 Alumiinirunko<br \/>\n\u2022 Integroitu DT-pistoke<br \/>\n\u2022 IP68<br \/>\n\u2022 Hyv\u00e4ksynn\u00e4t: CISPR25 class 5, ADR<\/p>\n<\/div>\n<\/div>\n<\/div>\n<div class=\"ProductPageContent__description-details col-sm-12 col-lg-2\">\n<div>\n<h6>Lis\u00e4tiedot<\/h6>\n<div>\n<div class=\"ProductExtraInfo ProductExtraInfo--single-column\">\n<ul class=\"inline-dot\">\n<li>Tuotekoodi:\u00a08020101400<\/li>\n<li>V\u00e4ril\u00e4mp\u00f6tila:\u00a05000<\/li>\n<li>Valokuvio:\u00a0Kapea<\/li>\n<li>Liittimen tyyppi:\u00a02-pin Deutsch DT<\/li>\n<li>V\u00e4ris\u00e4vy:\u00a0Viile\u00e4 valkoinen<\/li>\n<\/ul>\n<\/div>\n<\/div>\n<\/div>\n<\/div>\n","protected":false},"excerpt":{"rendered":"<p><a href=\"https:\/\/www.duunauspalvelutjarvi.fi\/?orderby=price&amp;paged=1&amp;term=&amp;s=bullpro&amp;post_type=product&amp;taxonomy=product_cat\"><img loading=\"lazy\" decoding=\"async\" class=\"alignnone size-full wp-image-10037\" src=\"https:\/\/www.duunauspalvelutjarvi.fi\/wp-content\/uploads\/2021\/08\/bullpro.png\" alt=\"\" width=\"200\" height=\"65\" \/><\/a><\/p>\n","protected":false},"featured_media":13901,"comment_status":"open","ping_status":"closed","template":"","meta":[],"product_brand":[],"product_cat":[50],"product_tag":[],"class_list":{"0":"post-10087","1":"product","2":"type-product","3":"status-publish","4":"has-post-thumbnail","6":"product_cat-led-tyovalot-28-49w","8":"first","9":"instock","10":"taxable","11":"shipping-taxable","12":"purchasable","13":"product-type-simple"},"yoast_head":"<!-- This site is optimized with the Yoast SEO plugin v27.5 - https:\/\/yoast.com\/product\/yoast-seo-wordpress\/ -->\n<title>LED-ty\u00f6valo Bullpro 40W ADR, Pistekuvio, 12-48V -<\/title>\n<meta name=\"robots\" content=\"index, follow, max-snippet:-1, max-image-preview:large, max-video-preview:-1\" \/>\n<link rel=\"canonical\" href=\"https:\/\/www.duunauspalvelutjarvi.fi\/?product=led-tyovalo-bullpro-40w-adr-pistekuvio-12-48v\" \/>\n<meta property=\"og:locale\" content=\"fi_FI\" \/>\n<meta property=\"og:type\" content=\"article\" \/>\n<meta property=\"og:title\" content=\"LED-ty\u00f6valo Bullpro 40W ADR, Pistekuvio, 12-48V -\" \/>\n<meta property=\"og:url\" content=\"https:\/\/www.duunauspalvelutjarvi.fi\/?product=led-tyovalo-bullpro-40w-adr-pistekuvio-12-48v\" \/>\n<meta property=\"article:modified_time\" content=\"2024-03-22T19:51:53+00:00\" \/>\n<meta property=\"og:image\" content=\"https:\/\/www.duunauspalvelutjarvi.fi\/wp-content\/uploads\/2021\/08\/LED-tyovaloBullpro40WADRPistekuvio12-48V_8020101400_7d57f4e724d33fb37349e789b8c074c4_1.jpg\" \/>\n\t<meta property=\"og:image:width\" content=\"400\" \/>\n\t<meta property=\"og:image:height\" content=\"300\" \/>\n\t<meta property=\"og:image:type\" content=\"image\/jpeg\" \/>\n<meta name=\"twitter:card\" content=\"summary_large_image\" \/>\n<script type=\"application\/ld+json\" class=\"yoast-schema-graph\">{\"@context\":\"https:\\\/\\\/schema.org\",\"@graph\":[{\"@type\":\"WebPage\",\"@id\":\"https:\\\/\\\/www.duunauspalvelutjarvi.fi\\\/?product=led-tyovalo-bullpro-40w-adr-pistekuvio-12-48v\",\"url\":\"https:\\\/\\\/www.duunauspalvelutjarvi.fi\\\/?product=led-tyovalo-bullpro-40w-adr-pistekuvio-12-48v\",\"name\":\"LED-ty\u00f6valo Bullpro 40W ADR, Pistekuvio, 12-48V -\",\"isPartOf\":{\"@id\":\"https:\\\/\\\/www.duunauspalvelutjarvi.fi\\\/#website\"},\"primaryImageOfPage\":{\"@id\":\"https:\\\/\\\/www.duunauspalvelutjarvi.fi\\\/?product=led-tyovalo-bullpro-40w-adr-pistekuvio-12-48v#primaryimage\"},\"image\":{\"@id\":\"https:\\\/\\\/www.duunauspalvelutjarvi.fi\\\/?product=led-tyovalo-bullpro-40w-adr-pistekuvio-12-48v#primaryimage\"},\"thumbnailUrl\":\"https:\\\/\\\/www.duunauspalvelutjarvi.fi\\\/wp-content\\\/uploads\\\/2021\\\/08\\\/LED-tyovaloBullpro40WADRPistekuvio12-48V_8020101400_7d57f4e724d33fb37349e789b8c074c4_1.jpg\",\"datePublished\":\"2021-08-25T17:34:38+00:00\",\"dateModified\":\"2024-03-22T19:51:53+00:00\",\"breadcrumb\":{\"@id\":\"https:\\\/\\\/www.duunauspalvelutjarvi.fi\\\/?product=led-tyovalo-bullpro-40w-adr-pistekuvio-12-48v#breadcrumb\"},\"inLanguage\":\"fi\",\"potentialAction\":[{\"@type\":\"ReadAction\",\"target\":[\"https:\\\/\\\/www.duunauspalvelutjarvi.fi\\\/?product=led-tyovalo-bullpro-40w-adr-pistekuvio-12-48v\"]}]},{\"@type\":\"ImageObject\",\"inLanguage\":\"fi\",\"@id\":\"https:\\\/\\\/www.duunauspalvelutjarvi.fi\\\/?product=led-tyovalo-bullpro-40w-adr-pistekuvio-12-48v#primaryimage\",\"url\":\"https:\\\/\\\/www.duunauspalvelutjarvi.fi\\\/wp-content\\\/uploads\\\/2021\\\/08\\\/LED-tyovaloBullpro40WADRPistekuvio12-48V_8020101400_7d57f4e724d33fb37349e789b8c074c4_1.jpg\",\"contentUrl\":\"https:\\\/\\\/www.duunauspalvelutjarvi.fi\\\/wp-content\\\/uploads\\\/2021\\\/08\\\/LED-tyovaloBullpro40WADRPistekuvio12-48V_8020101400_7d57f4e724d33fb37349e789b8c074c4_1.jpg\",\"width\":400,\"height\":300},{\"@type\":\"BreadcrumbList\",\"@id\":\"https:\\\/\\\/www.duunauspalvelutjarvi.fi\\\/?product=led-tyovalo-bullpro-40w-adr-pistekuvio-12-48v#breadcrumb\",\"itemListElement\":[{\"@type\":\"ListItem\",\"position\":1,\"name\":\"Etusivu\",\"item\":\"https:\\\/\\\/www.duunauspalvelutjarvi.fi\\\/\"},{\"@type\":\"ListItem\",\"position\":2,\"name\":\"Etusivu\",\"item\":\"https:\\\/\\\/www.duunauspalvelutjarvi.fi\\\/\"},{\"@type\":\"ListItem\",\"position\":3,\"name\":\"LED-ty\u00f6valo Bullpro 40W ADR, Pistekuvio, 12-48V\"}]},{\"@type\":\"WebSite\",\"@id\":\"https:\\\/\\\/www.duunauspalvelutjarvi.fi\\\/#website\",\"url\":\"https:\\\/\\\/www.duunauspalvelutjarvi.fi\\\/\",\"name\":\"\",\"description\":\"\",\"potentialAction\":[{\"@type\":\"SearchAction\",\"target\":{\"@type\":\"EntryPoint\",\"urlTemplate\":\"https:\\\/\\\/www.duunauspalvelutjarvi.fi\\\/?s={search_term_string}\"},\"query-input\":{\"@type\":\"PropertyValueSpecification\",\"valueRequired\":true,\"valueName\":\"search_term_string\"}}],\"inLanguage\":\"fi\"}]}<\/script>\n<!-- \/ Yoast SEO plugin. -->","yoast_head_json":{"title":"LED-ty\u00f6valo Bullpro 40W ADR, Pistekuvio, 12-48V -","robots":{"index":"index","follow":"follow","max-snippet":"max-snippet:-1","max-image-preview":"max-image-preview:large","max-video-preview":"max-video-preview:-1"},"canonical":"https:\/\/www.duunauspalvelutjarvi.fi\/?product=led-tyovalo-bullpro-40w-adr-pistekuvio-12-48v","og_locale":"fi_FI","og_type":"article","og_title":"LED-ty\u00f6valo Bullpro 40W ADR, Pistekuvio, 12-48V -","og_url":"https:\/\/www.duunauspalvelutjarvi.fi\/?product=led-tyovalo-bullpro-40w-adr-pistekuvio-12-48v","article_modified_time":"2024-03-22T19:51:53+00:00","og_image":[{"width":400,"height":300,"url":"https:\/\/www.duunauspalvelutjarvi.fi\/wp-content\/uploads\/2021\/08\/LED-tyovaloBullpro40WADRPistekuvio12-48V_8020101400_7d57f4e724d33fb37349e789b8c074c4_1.jpg","type":"image\/jpeg"}],"twitter_card":"summary_large_image","schema":{"@context":"https:\/\/schema.org","@graph":[{"@type":"WebPage","@id":"https:\/\/www.duunauspalvelutjarvi.fi\/?product=led-tyovalo-bullpro-40w-adr-pistekuvio-12-48v","url":"https:\/\/www.duunauspalvelutjarvi.fi\/?product=led-tyovalo-bullpro-40w-adr-pistekuvio-12-48v","name":"LED-ty\u00f6valo Bullpro 40W ADR, Pistekuvio, 12-48V -","isPartOf":{"@id":"https:\/\/www.duunauspalvelutjarvi.fi\/#website"},"primaryImageOfPage":{"@id":"https:\/\/www.duunauspalvelutjarvi.fi\/?product=led-tyovalo-bullpro-40w-adr-pistekuvio-12-48v#primaryimage"},"image":{"@id":"https:\/\/www.duunauspalvelutjarvi.fi\/?product=led-tyovalo-bullpro-40w-adr-pistekuvio-12-48v#primaryimage"},"thumbnailUrl":"https:\/\/www.duunauspalvelutjarvi.fi\/wp-content\/uploads\/2021\/08\/LED-tyovaloBullpro40WADRPistekuvio12-48V_8020101400_7d57f4e724d33fb37349e789b8c074c4_1.jpg","datePublished":"2021-08-25T17:34:38+00:00","dateModified":"2024-03-22T19:51:53+00:00","breadcrumb":{"@id":"https:\/\/www.duunauspalvelutjarvi.fi\/?product=led-tyovalo-bullpro-40w-adr-pistekuvio-12-48v#breadcrumb"},"inLanguage":"fi","potentialAction":[{"@type":"ReadAction","target":["https:\/\/www.duunauspalvelutjarvi.fi\/?product=led-tyovalo-bullpro-40w-adr-pistekuvio-12-48v"]}]},{"@type":"ImageObject","inLanguage":"fi","@id":"https:\/\/www.duunauspalvelutjarvi.fi\/?product=led-tyovalo-bullpro-40w-adr-pistekuvio-12-48v#primaryimage","url":"https:\/\/www.duunauspalvelutjarvi.fi\/wp-content\/uploads\/2021\/08\/LED-tyovaloBullpro40WADRPistekuvio12-48V_8020101400_7d57f4e724d33fb37349e789b8c074c4_1.jpg","contentUrl":"https:\/\/www.duunauspalvelutjarvi.fi\/wp-content\/uploads\/2021\/08\/LED-tyovaloBullpro40WADRPistekuvio12-48V_8020101400_7d57f4e724d33fb37349e789b8c074c4_1.jpg","width":400,"height":300},{"@type":"BreadcrumbList","@id":"https:\/\/www.duunauspalvelutjarvi.fi\/?product=led-tyovalo-bullpro-40w-adr-pistekuvio-12-48v#breadcrumb","itemListElement":[{"@type":"ListItem","position":1,"name":"Etusivu","item":"https:\/\/www.duunauspalvelutjarvi.fi\/"},{"@type":"ListItem","position":2,"name":"Etusivu","item":"https:\/\/www.duunauspalvelutjarvi.fi\/"},{"@type":"ListItem","position":3,"name":"LED-ty\u00f6valo Bullpro 40W ADR, Pistekuvio, 12-48V"}]},{"@type":"WebSite","@id":"https:\/\/www.duunauspalvelutjarvi.fi\/#website","url":"https:\/\/www.duunauspalvelutjarvi.fi\/","name":"","description":"","potentialAction":[{"@type":"SearchAction","target":{"@type":"EntryPoint","urlTemplate":"https:\/\/www.duunauspalvelutjarvi.fi\/?s={search_term_string}"},"query-input":{"@type":"PropertyValueSpecification","valueRequired":true,"valueName":"search_term_string"}}],"inLanguage":"fi"}]}},"jetpack_sharing_enabled":true,"_links":{"self":[{"href":"https:\/\/www.duunauspalvelutjarvi.fi\/index.php?rest_route=\/wp\/v2\/product\/10087","targetHints":{"allow":["GET"]}}],"collection":[{"href":"https:\/\/www.duunauspalvelutjarvi.fi\/index.php?rest_route=\/wp\/v2\/product"}],"about":[{"href":"https:\/\/www.duunauspalvelutjarvi.fi\/index.php?rest_route=\/wp\/v2\/types\/product"}],"replies":[{"embeddable":true,"href":"https:\/\/www.duunauspalvelutjarvi.fi\/index.php?rest_route=%2Fwp%2Fv2%2Fcomments&post=10087"}],"wp:featuredmedia":[{"embeddable":true,"href":"https:\/\/www.duunauspalvelutjarvi.fi\/index.php?rest_route=\/wp\/v2\/media\/13901"}],"wp:attachment":[{"href":"https:\/\/www.duunauspalvelutjarvi.fi\/index.php?rest_route=%2Fwp%2Fv2%2Fmedia&parent=10087"}],"wp:term":[{"taxonomy":"product_brand","embeddable":true,"href":"https:\/\/www.duunauspalvelutjarvi.fi\/index.php?rest_route=%2Fwp%2Fv2%2Fproduct_brand&post=10087"},{"taxonomy":"product_cat","embeddable":true,"href":"https:\/\/www.duunauspalvelutjarvi.fi\/index.php?rest_route=%2Fwp%2Fv2%2Fproduct_cat&post=10087"},{"taxonomy":"product_tag","embeddable":true,"href":"https:\/\/www.duunauspalvelutjarvi.fi\/index.php?rest_route=%2Fwp%2Fv2%2Fproduct_tag&post=10087"}],"curies":[{"name":"wp","href":"https:\/\/api.w.org\/{rel}","templated":true}]}}