{"id":10094,"date":"2021-08-25T20:43:48","date_gmt":"2021-08-25T17:43:48","guid":{"rendered":"https:\/\/www.duunauspalvelutjarvi.fi\/?post_type=product&#038;p=10094"},"modified":"2025-10-09T11:41:16","modified_gmt":"2025-10-09T08:41:16","slug":"led-tyovalo-80w-bullpro-12-48v","status":"publish","type":"product","link":"https:\/\/www.duunauspalvelutjarvi.fi\/?product=led-tyovalo-80w-bullpro-12-48v","title":{"rendered":"LED-ty\u00f6valo 80W Bullpro, 12-48V"},"content":{"rendered":"<div class=\"col-12 col-lg-10\">\n<div class=\"ProductPageContent__description\">\n<div class=\"WysiwygContent\">\n<p>Eritt\u00e4in jykev\u00e4runkoinen ja kovaan k\u00e4ytt\u00f6\u00f6n tarkoitettu Bullpron 80w LED-ty\u00f6valo. Valokuvio optimoitu l\u00e4hialueen valaisuun. Soveltuu laajan k\u00e4ytt\u00f6j\u00e4nnitteens\u00e4 ansiosta suurimpaan osaan ty\u00f6koneista.<br \/>\nJos etsit tehokasta sek\u00e4 kest\u00e4v\u00e4\u00e4 ty\u00f6valoa erityisesti ammattik\u00e4ytt\u00f6\u00f6n, t\u00e4m\u00e4 on sinun valintasi.<\/p>\n<p><strong>Tekniset tiedot:<br \/>\n<\/strong>\u2022 K\u00e4ytt\u00f6j\u00e4nnite: 12-48V<br \/>\n\u2022 Teho: 80W (4x20W CREE LED)<br \/>\n\u2022 Valmistajan ilmoittama valoteho: 5400lm<br \/>\n\u2022 Mitat: L110mm x K110mm(jalan kanssa 132mm) x S84mm<br \/>\n\u2022 Alumiinirunko<br \/>\n\u2022 Polykarbonaattilinssi<br \/>\n\u2022\u00a0EMC-hyv\u00e4ksytty<br \/>\n\u2022 Deutsch-pistoke<br \/>\n\u2022 IP67<br \/>\n\u2022 Takuu: 24kk<\/p>\n<\/div>\n<\/div>\n<\/div>\n<div class=\"ProductPageContent__description-details col-sm-12 col-lg-2\">\n<h6>Lis\u00e4tiedot<\/h6>\n<div>\n<div class=\"ProductExtraInfo ProductExtraInfo--short-list ProductExtraInfo--single-column\">\n<ul class=\"inline-dot\">\n<li><span class=\"ProductWarranty\">Takuu:\u00a0<span class=\"ProductWarranty__warranty\">2 vuotta<\/span><\/span><\/li>\n<li>Liittimen tyyppi:\u00a02-pin Deutsch DT<\/li>\n<\/ul>\n<\/div>\n<\/div>\n<\/div>\n","protected":false},"excerpt":{"rendered":"<p><a href=\"https:\/\/www.duunauspalvelutjarvi.fi\/wp-content\/uploads\/2021\/08\/bullpro.png\"><img loading=\"lazy\" decoding=\"async\" class=\"alignnone size-full wp-image-14200\" src=\"https:\/\/www.duunauspalvelutjarvi.fi\/wp-content\/uploads\/2021\/08\/bullpro_logo_2021.png\" alt=\"\" width=\"400\" height=\"76\" srcset=\"https:\/\/www.duunauspalvelutjarvi.fi\/wp-content\/uploads\/2021\/08\/bullpro_logo_2021.png 400w, https:\/\/www.duunauspalvelutjarvi.fi\/wp-content\/uploads\/2021\/08\/bullpro_logo_2021-300x57.png 300w\" sizes=\"auto, (max-width: 400px) 100vw, 400px\" \/><\/a><\/p>\n","protected":false},"featured_media":14208,"comment_status":"open","ping_status":"closed","template":"","meta":[],"product_brand":[],"product_cat":[51],"product_tag":[],"class_list":{"0":"post-10094","1":"product","2":"type-product","3":"status-publish","4":"has-post-thumbnail","6":"product_cat-led-tyovalot-yli-50w","7":"product_shipping_class-l-paketti","9":"first","10":"instock","11":"taxable","12":"shipping-taxable","13":"purchasable","14":"product-type-simple"},"yoast_head":"<!-- This site is optimized with the Yoast SEO plugin v27.3 - https:\/\/yoast.com\/product\/yoast-seo-wordpress\/ -->\n<title>LED-ty\u00f6valo 80W Bullpro, 12-48V -<\/title>\n<meta name=\"robots\" content=\"index, follow, max-snippet:-1, max-image-preview:large, max-video-preview:-1\" \/>\n<link rel=\"canonical\" href=\"https:\/\/www.duunauspalvelutjarvi.fi\/?product=led-tyovalo-80w-bullpro-12-48v\" \/>\n<meta property=\"og:locale\" content=\"fi_FI\" \/>\n<meta property=\"og:type\" content=\"article\" \/>\n<meta property=\"og:title\" content=\"LED-ty\u00f6valo 80W Bullpro, 12-48V -\" \/>\n<meta property=\"og:url\" content=\"https:\/\/www.duunauspalvelutjarvi.fi\/?product=led-tyovalo-80w-bullpro-12-48v\" \/>\n<meta property=\"article:modified_time\" content=\"2025-10-09T08:41:16+00:00\" \/>\n<meta property=\"og:image\" content=\"https:\/\/www.duunauspalvelutjarvi.fi\/wp-content\/uploads\/2021\/08\/8020104140_1dd84f1b23462bd8c17c055ae6d81aa0_1.jpg\" \/>\n\t<meta property=\"og:image:width\" content=\"400\" \/>\n\t<meta property=\"og:image:height\" content=\"300\" \/>\n\t<meta property=\"og:image:type\" content=\"image\/jpeg\" \/>\n<meta name=\"twitter:card\" content=\"summary_large_image\" \/>\n<script type=\"application\/ld+json\" class=\"yoast-schema-graph\">{\"@context\":\"https:\\\/\\\/schema.org\",\"@graph\":[{\"@type\":\"WebPage\",\"@id\":\"https:\\\/\\\/www.duunauspalvelutjarvi.fi\\\/?product=led-tyovalo-80w-bullpro-12-48v\",\"url\":\"https:\\\/\\\/www.duunauspalvelutjarvi.fi\\\/?product=led-tyovalo-80w-bullpro-12-48v\",\"name\":\"LED-ty\u00f6valo 80W Bullpro, 12-48V -\",\"isPartOf\":{\"@id\":\"https:\\\/\\\/www.duunauspalvelutjarvi.fi\\\/#website\"},\"primaryImageOfPage\":{\"@id\":\"https:\\\/\\\/www.duunauspalvelutjarvi.fi\\\/?product=led-tyovalo-80w-bullpro-12-48v#primaryimage\"},\"image\":{\"@id\":\"https:\\\/\\\/www.duunauspalvelutjarvi.fi\\\/?product=led-tyovalo-80w-bullpro-12-48v#primaryimage\"},\"thumbnailUrl\":\"https:\\\/\\\/www.duunauspalvelutjarvi.fi\\\/wp-content\\\/uploads\\\/2021\\\/08\\\/8020104140_1dd84f1b23462bd8c17c055ae6d81aa0_1.jpg\",\"datePublished\":\"2021-08-25T17:43:48+00:00\",\"dateModified\":\"2025-10-09T08:41:16+00:00\",\"breadcrumb\":{\"@id\":\"https:\\\/\\\/www.duunauspalvelutjarvi.fi\\\/?product=led-tyovalo-80w-bullpro-12-48v#breadcrumb\"},\"inLanguage\":\"fi\",\"potentialAction\":[{\"@type\":\"ReadAction\",\"target\":[\"https:\\\/\\\/www.duunauspalvelutjarvi.fi\\\/?product=led-tyovalo-80w-bullpro-12-48v\"]}]},{\"@type\":\"ImageObject\",\"inLanguage\":\"fi\",\"@id\":\"https:\\\/\\\/www.duunauspalvelutjarvi.fi\\\/?product=led-tyovalo-80w-bullpro-12-48v#primaryimage\",\"url\":\"https:\\\/\\\/www.duunauspalvelutjarvi.fi\\\/wp-content\\\/uploads\\\/2021\\\/08\\\/8020104140_1dd84f1b23462bd8c17c055ae6d81aa0_1.jpg\",\"contentUrl\":\"https:\\\/\\\/www.duunauspalvelutjarvi.fi\\\/wp-content\\\/uploads\\\/2021\\\/08\\\/8020104140_1dd84f1b23462bd8c17c055ae6d81aa0_1.jpg\",\"width\":400,\"height\":300},{\"@type\":\"BreadcrumbList\",\"@id\":\"https:\\\/\\\/www.duunauspalvelutjarvi.fi\\\/?product=led-tyovalo-80w-bullpro-12-48v#breadcrumb\",\"itemListElement\":[{\"@type\":\"ListItem\",\"position\":1,\"name\":\"Etusivu\",\"item\":\"https:\\\/\\\/www.duunauspalvelutjarvi.fi\\\/\"},{\"@type\":\"ListItem\",\"position\":2,\"name\":\"Etusivu\",\"item\":\"https:\\\/\\\/www.duunauspalvelutjarvi.fi\\\/\"},{\"@type\":\"ListItem\",\"position\":3,\"name\":\"LED-ty\u00f6valo 80W Bullpro, 12-48V\"}]},{\"@type\":\"WebSite\",\"@id\":\"https:\\\/\\\/www.duunauspalvelutjarvi.fi\\\/#website\",\"url\":\"https:\\\/\\\/www.duunauspalvelutjarvi.fi\\\/\",\"name\":\"\",\"description\":\"\",\"potentialAction\":[{\"@type\":\"SearchAction\",\"target\":{\"@type\":\"EntryPoint\",\"urlTemplate\":\"https:\\\/\\\/www.duunauspalvelutjarvi.fi\\\/?s={search_term_string}\"},\"query-input\":{\"@type\":\"PropertyValueSpecification\",\"valueRequired\":true,\"valueName\":\"search_term_string\"}}],\"inLanguage\":\"fi\"}]}<\/script>\n<!-- \/ Yoast SEO plugin. -->","yoast_head_json":{"title":"LED-ty\u00f6valo 80W Bullpro, 12-48V -","robots":{"index":"index","follow":"follow","max-snippet":"max-snippet:-1","max-image-preview":"max-image-preview:large","max-video-preview":"max-video-preview:-1"},"canonical":"https:\/\/www.duunauspalvelutjarvi.fi\/?product=led-tyovalo-80w-bullpro-12-48v","og_locale":"fi_FI","og_type":"article","og_title":"LED-ty\u00f6valo 80W Bullpro, 12-48V -","og_url":"https:\/\/www.duunauspalvelutjarvi.fi\/?product=led-tyovalo-80w-bullpro-12-48v","article_modified_time":"2025-10-09T08:41:16+00:00","og_image":[{"width":400,"height":300,"url":"https:\/\/www.duunauspalvelutjarvi.fi\/wp-content\/uploads\/2021\/08\/8020104140_1dd84f1b23462bd8c17c055ae6d81aa0_1.jpg","type":"image\/jpeg"}],"twitter_card":"summary_large_image","schema":{"@context":"https:\/\/schema.org","@graph":[{"@type":"WebPage","@id":"https:\/\/www.duunauspalvelutjarvi.fi\/?product=led-tyovalo-80w-bullpro-12-48v","url":"https:\/\/www.duunauspalvelutjarvi.fi\/?product=led-tyovalo-80w-bullpro-12-48v","name":"LED-ty\u00f6valo 80W Bullpro, 12-48V -","isPartOf":{"@id":"https:\/\/www.duunauspalvelutjarvi.fi\/#website"},"primaryImageOfPage":{"@id":"https:\/\/www.duunauspalvelutjarvi.fi\/?product=led-tyovalo-80w-bullpro-12-48v#primaryimage"},"image":{"@id":"https:\/\/www.duunauspalvelutjarvi.fi\/?product=led-tyovalo-80w-bullpro-12-48v#primaryimage"},"thumbnailUrl":"https:\/\/www.duunauspalvelutjarvi.fi\/wp-content\/uploads\/2021\/08\/8020104140_1dd84f1b23462bd8c17c055ae6d81aa0_1.jpg","datePublished":"2021-08-25T17:43:48+00:00","dateModified":"2025-10-09T08:41:16+00:00","breadcrumb":{"@id":"https:\/\/www.duunauspalvelutjarvi.fi\/?product=led-tyovalo-80w-bullpro-12-48v#breadcrumb"},"inLanguage":"fi","potentialAction":[{"@type":"ReadAction","target":["https:\/\/www.duunauspalvelutjarvi.fi\/?product=led-tyovalo-80w-bullpro-12-48v"]}]},{"@type":"ImageObject","inLanguage":"fi","@id":"https:\/\/www.duunauspalvelutjarvi.fi\/?product=led-tyovalo-80w-bullpro-12-48v#primaryimage","url":"https:\/\/www.duunauspalvelutjarvi.fi\/wp-content\/uploads\/2021\/08\/8020104140_1dd84f1b23462bd8c17c055ae6d81aa0_1.jpg","contentUrl":"https:\/\/www.duunauspalvelutjarvi.fi\/wp-content\/uploads\/2021\/08\/8020104140_1dd84f1b23462bd8c17c055ae6d81aa0_1.jpg","width":400,"height":300},{"@type":"BreadcrumbList","@id":"https:\/\/www.duunauspalvelutjarvi.fi\/?product=led-tyovalo-80w-bullpro-12-48v#breadcrumb","itemListElement":[{"@type":"ListItem","position":1,"name":"Etusivu","item":"https:\/\/www.duunauspalvelutjarvi.fi\/"},{"@type":"ListItem","position":2,"name":"Etusivu","item":"https:\/\/www.duunauspalvelutjarvi.fi\/"},{"@type":"ListItem","position":3,"name":"LED-ty\u00f6valo 80W Bullpro, 12-48V"}]},{"@type":"WebSite","@id":"https:\/\/www.duunauspalvelutjarvi.fi\/#website","url":"https:\/\/www.duunauspalvelutjarvi.fi\/","name":"","description":"","potentialAction":[{"@type":"SearchAction","target":{"@type":"EntryPoint","urlTemplate":"https:\/\/www.duunauspalvelutjarvi.fi\/?s={search_term_string}"},"query-input":{"@type":"PropertyValueSpecification","valueRequired":true,"valueName":"search_term_string"}}],"inLanguage":"fi"}]}},"jetpack_sharing_enabled":true,"_links":{"self":[{"href":"https:\/\/www.duunauspalvelutjarvi.fi\/index.php?rest_route=\/wp\/v2\/product\/10094","targetHints":{"allow":["GET"]}}],"collection":[{"href":"https:\/\/www.duunauspalvelutjarvi.fi\/index.php?rest_route=\/wp\/v2\/product"}],"about":[{"href":"https:\/\/www.duunauspalvelutjarvi.fi\/index.php?rest_route=\/wp\/v2\/types\/product"}],"replies":[{"embeddable":true,"href":"https:\/\/www.duunauspalvelutjarvi.fi\/index.php?rest_route=%2Fwp%2Fv2%2Fcomments&post=10094"}],"wp:featuredmedia":[{"embeddable":true,"href":"https:\/\/www.duunauspalvelutjarvi.fi\/index.php?rest_route=\/wp\/v2\/media\/14208"}],"wp:attachment":[{"href":"https:\/\/www.duunauspalvelutjarvi.fi\/index.php?rest_route=%2Fwp%2Fv2%2Fmedia&parent=10094"}],"wp:term":[{"taxonomy":"product_brand","embeddable":true,"href":"https:\/\/www.duunauspalvelutjarvi.fi\/index.php?rest_route=%2Fwp%2Fv2%2Fproduct_brand&post=10094"},{"taxonomy":"product_cat","embeddable":true,"href":"https:\/\/www.duunauspalvelutjarvi.fi\/index.php?rest_route=%2Fwp%2Fv2%2Fproduct_cat&post=10094"},{"taxonomy":"product_tag","embeddable":true,"href":"https:\/\/www.duunauspalvelutjarvi.fi\/index.php?rest_route=%2Fwp%2Fv2%2Fproduct_tag&post=10094"}],"curies":[{"name":"wp","href":"https:\/\/api.w.org\/{rel}","templated":true}]}}