{"id":10108,"date":"2021-08-25T21:02:15","date_gmt":"2021-08-25T18:02:15","guid":{"rendered":"https:\/\/www.duunauspalvelutjarvi.fi\/?post_type=product&#038;p=10108"},"modified":"2025-10-09T11:41:15","modified_gmt":"2025-10-09T08:41:15","slug":"led-tyovalo-bullpro-centum-100w","status":"publish","type":"product","link":"https:\/\/www.duunauspalvelutjarvi.fi\/?product=led-tyovalo-bullpro-centum-100w","title":{"rendered":"LED-ty\u00f6valo Bullpro Centum 100W"},"content":{"rendered":"<div class=\"col-12 col-lg-10\">\n<div class=\"ProductPageContent__description\">\n<div class=\"WysiwygContent\">\n<p><strong>LED-ty\u00f6valo BullPro Centum 100W<\/strong> on eritt\u00e4in tehokas ja kest\u00e4v\u00e4 ty\u00f6valo kahdella eri v\u00e4ril\u00e4mp\u00f6tila vaihtoehdolla. Valaisin tarjoaa kompaktiin kokoon erinomaisen valontehon ja se on suunniteltu kest\u00e4m\u00e4\u00e4n kovissa olosuhteissa. Valaisimesta saatavilla kylm\u00e4n valkoisella valolla oleva 6000K malli tai l\u00e4mmin valkoinen 4500K versio.<\/p>\n<p><strong>Tekniset tiedot:<\/strong><br \/>\n\u2022 Teho: 100W (5x20W Cree LED)<br \/>\n\u2022 V\u00e4ril\u00e4mp\u00f6tila 6000K \/ 4500K<br \/>\n\u2022 Valmistajan ilmoittama teoreettinen valoteho: 8900lm<br \/>\n\u2022 Mitattu valoteho: 6500K 8136lm \/ 4500K 8210<br \/>\n\u2022 K\u00e4ytt\u00f6j\u00e4nnite: 9-32V<br \/>\n\u2022 Alumiinirunko<br \/>\n\u2022 Eritt\u00e4in kest\u00e4v\u00e4 linssi<br \/>\n\u2022 Leve\u00e4 valokuvio<br \/>\n\u2022 20cm johto Deutch DT-2 liittimell\u00e4, vastakappale 200cm johdolla<br \/>\n\u2022 Mitat: 113 x 113 x 76,4mm (L x K x S) ilman kiinnitysjalkaa<br \/>\n\u2022 Virrankulutus: 6,33 &#8211; 6,39A \/ 13,7V<br \/>\n\u2022 EMC CISCPR 25 Class 3<br \/>\n\u2022 ECE R10<br \/>\n\u2022 IP68<\/p>\n<\/div>\n<\/div>\n<\/div>\n<div class=\"ProductPageContent__description-details col-sm-12 col-lg-2\">\n<h6>Lis\u00e4tiedot<\/h6>\n<div>\n<div class=\"ProductExtraInfo ProductExtraInfo--single-column\">\n<ul class=\"inline-dot\">\n<li><span class=\"ProductWarranty\">Takuu:\u00a0<span class=\"ProductWarranty__warranty\">2 vuotta<\/span><\/span><\/li>\n<li>Valokuvio: Leve\u00e4<\/li>\n<li>V\u00e4ri:\u00a0Musta<\/li>\n<li>Kaapelin pituus:\u00a0200mm<\/li>\n<li>Liittimen tyyppi:\u00a02-pin Deutsch DT<\/li>\n<li>K\u00e4ytt\u00f6j\u00e4nnite:\u00a012\/24V<\/li>\n<\/ul>\n<\/div>\n<\/div>\n<\/div>\n","protected":false},"excerpt":{"rendered":"<p><a href=\"https:\/\/www.duunauspalvelutjarvi.fi\/wp-content\/uploads\/2021\/08\/bullpro.png\"><img loading=\"lazy\" decoding=\"async\" class=\"alignnone size-full wp-image-14200\" src=\"https:\/\/www.duunauspalvelutjarvi.fi\/wp-content\/uploads\/2021\/08\/bullpro_logo_2021.png\" alt=\"\" width=\"400\" height=\"76\" srcset=\"https:\/\/www.duunauspalvelutjarvi.fi\/wp-content\/uploads\/2021\/08\/bullpro_logo_2021.png 400w, https:\/\/www.duunauspalvelutjarvi.fi\/wp-content\/uploads\/2021\/08\/bullpro_logo_2021-300x57.png 300w\" sizes=\"auto, (max-width: 400px) 100vw, 400px\" \/><\/a><\/p>\n","protected":false},"featured_media":14199,"comment_status":"open","ping_status":"closed","template":"","meta":[],"product_brand":[],"product_cat":[51],"product_tag":[],"class_list":{"0":"post-10108","1":"product","2":"type-product","3":"status-publish","4":"has-post-thumbnail","6":"product_cat-led-tyovalot-yli-50w","7":"product_shipping_class-l-paketti","9":"first","10":"instock","11":"taxable","12":"shipping-taxable","13":"purchasable","14":"product-type-variable"},"yoast_head":"<!-- This site is optimized with the Yoast SEO plugin v27.5 - https:\/\/yoast.com\/product\/yoast-seo-wordpress\/ -->\n<title>LED-ty\u00f6valo Bullpro Centum 100W -<\/title>\n<meta name=\"robots\" content=\"index, follow, max-snippet:-1, max-image-preview:large, max-video-preview:-1\" \/>\n<link rel=\"canonical\" href=\"https:\/\/www.duunauspalvelutjarvi.fi\/?product=led-tyovalo-bullpro-centum-100w\" \/>\n<meta property=\"og:locale\" content=\"fi_FI\" \/>\n<meta property=\"og:type\" content=\"article\" \/>\n<meta property=\"og:title\" content=\"LED-ty\u00f6valo Bullpro Centum 100W -\" \/>\n<meta property=\"og:url\" content=\"https:\/\/www.duunauspalvelutjarvi.fi\/?product=led-tyovalo-bullpro-centum-100w\" \/>\n<meta property=\"article:modified_time\" content=\"2025-10-09T08:41:15+00:00\" \/>\n<meta property=\"og:image\" content=\"https:\/\/www.duunauspalvelutjarvi.fi\/wp-content\/uploads\/2021\/08\/8020103094_e391e5be85d88622db7b4eca4e351b57_1.jpg\" \/>\n\t<meta property=\"og:image:width\" content=\"454\" \/>\n\t<meta property=\"og:image:height\" content=\"452\" \/>\n\t<meta property=\"og:image:type\" content=\"image\/jpeg\" \/>\n<meta name=\"twitter:card\" content=\"summary_large_image\" \/>\n<meta name=\"twitter:label1\" content=\"Arvioitu lukuaika\" \/>\n\t<meta name=\"twitter:data1\" content=\"2 minuuttia\" \/>\n<script type=\"application\/ld+json\" class=\"yoast-schema-graph\">{\"@context\":\"https:\\\/\\\/schema.org\",\"@graph\":[{\"@type\":\"WebPage\",\"@id\":\"https:\\\/\\\/www.duunauspalvelutjarvi.fi\\\/?product=led-tyovalo-bullpro-centum-100w\",\"url\":\"https:\\\/\\\/www.duunauspalvelutjarvi.fi\\\/?product=led-tyovalo-bullpro-centum-100w\",\"name\":\"LED-ty\u00f6valo Bullpro Centum 100W -\",\"isPartOf\":{\"@id\":\"https:\\\/\\\/www.duunauspalvelutjarvi.fi\\\/#website\"},\"primaryImageOfPage\":{\"@id\":\"https:\\\/\\\/www.duunauspalvelutjarvi.fi\\\/?product=led-tyovalo-bullpro-centum-100w#primaryimage\"},\"image\":{\"@id\":\"https:\\\/\\\/www.duunauspalvelutjarvi.fi\\\/?product=led-tyovalo-bullpro-centum-100w#primaryimage\"},\"thumbnailUrl\":\"https:\\\/\\\/www.duunauspalvelutjarvi.fi\\\/wp-content\\\/uploads\\\/2021\\\/08\\\/8020103094_e391e5be85d88622db7b4eca4e351b57_1.jpg\",\"datePublished\":\"2021-08-25T18:02:15+00:00\",\"dateModified\":\"2025-10-09T08:41:15+00:00\",\"breadcrumb\":{\"@id\":\"https:\\\/\\\/www.duunauspalvelutjarvi.fi\\\/?product=led-tyovalo-bullpro-centum-100w#breadcrumb\"},\"inLanguage\":\"fi\",\"potentialAction\":[{\"@type\":\"ReadAction\",\"target\":[\"https:\\\/\\\/www.duunauspalvelutjarvi.fi\\\/?product=led-tyovalo-bullpro-centum-100w\"]}]},{\"@type\":\"ImageObject\",\"inLanguage\":\"fi\",\"@id\":\"https:\\\/\\\/www.duunauspalvelutjarvi.fi\\\/?product=led-tyovalo-bullpro-centum-100w#primaryimage\",\"url\":\"https:\\\/\\\/www.duunauspalvelutjarvi.fi\\\/wp-content\\\/uploads\\\/2021\\\/08\\\/8020103094_e391e5be85d88622db7b4eca4e351b57_1.jpg\",\"contentUrl\":\"https:\\\/\\\/www.duunauspalvelutjarvi.fi\\\/wp-content\\\/uploads\\\/2021\\\/08\\\/8020103094_e391e5be85d88622db7b4eca4e351b57_1.jpg\",\"width\":454,\"height\":452},{\"@type\":\"BreadcrumbList\",\"@id\":\"https:\\\/\\\/www.duunauspalvelutjarvi.fi\\\/?product=led-tyovalo-bullpro-centum-100w#breadcrumb\",\"itemListElement\":[{\"@type\":\"ListItem\",\"position\":1,\"name\":\"Etusivu\",\"item\":\"https:\\\/\\\/www.duunauspalvelutjarvi.fi\\\/\"},{\"@type\":\"ListItem\",\"position\":2,\"name\":\"Etusivu\",\"item\":\"https:\\\/\\\/www.duunauspalvelutjarvi.fi\\\/\"},{\"@type\":\"ListItem\",\"position\":3,\"name\":\"LED-ty\u00f6valo Bullpro Centum 100W\"}]},{\"@type\":\"WebSite\",\"@id\":\"https:\\\/\\\/www.duunauspalvelutjarvi.fi\\\/#website\",\"url\":\"https:\\\/\\\/www.duunauspalvelutjarvi.fi\\\/\",\"name\":\"\",\"description\":\"\",\"potentialAction\":[{\"@type\":\"SearchAction\",\"target\":{\"@type\":\"EntryPoint\",\"urlTemplate\":\"https:\\\/\\\/www.duunauspalvelutjarvi.fi\\\/?s={search_term_string}\"},\"query-input\":{\"@type\":\"PropertyValueSpecification\",\"valueRequired\":true,\"valueName\":\"search_term_string\"}}],\"inLanguage\":\"fi\"}]}<\/script>\n<!-- \/ Yoast SEO plugin. -->","yoast_head_json":{"title":"LED-ty\u00f6valo Bullpro Centum 100W -","robots":{"index":"index","follow":"follow","max-snippet":"max-snippet:-1","max-image-preview":"max-image-preview:large","max-video-preview":"max-video-preview:-1"},"canonical":"https:\/\/www.duunauspalvelutjarvi.fi\/?product=led-tyovalo-bullpro-centum-100w","og_locale":"fi_FI","og_type":"article","og_title":"LED-ty\u00f6valo Bullpro Centum 100W -","og_url":"https:\/\/www.duunauspalvelutjarvi.fi\/?product=led-tyovalo-bullpro-centum-100w","article_modified_time":"2025-10-09T08:41:15+00:00","og_image":[{"width":454,"height":452,"url":"https:\/\/www.duunauspalvelutjarvi.fi\/wp-content\/uploads\/2021\/08\/8020103094_e391e5be85d88622db7b4eca4e351b57_1.jpg","type":"image\/jpeg"}],"twitter_card":"summary_large_image","twitter_misc":{"Arvioitu lukuaika":"2 minuuttia"},"schema":{"@context":"https:\/\/schema.org","@graph":[{"@type":"WebPage","@id":"https:\/\/www.duunauspalvelutjarvi.fi\/?product=led-tyovalo-bullpro-centum-100w","url":"https:\/\/www.duunauspalvelutjarvi.fi\/?product=led-tyovalo-bullpro-centum-100w","name":"LED-ty\u00f6valo Bullpro Centum 100W -","isPartOf":{"@id":"https:\/\/www.duunauspalvelutjarvi.fi\/#website"},"primaryImageOfPage":{"@id":"https:\/\/www.duunauspalvelutjarvi.fi\/?product=led-tyovalo-bullpro-centum-100w#primaryimage"},"image":{"@id":"https:\/\/www.duunauspalvelutjarvi.fi\/?product=led-tyovalo-bullpro-centum-100w#primaryimage"},"thumbnailUrl":"https:\/\/www.duunauspalvelutjarvi.fi\/wp-content\/uploads\/2021\/08\/8020103094_e391e5be85d88622db7b4eca4e351b57_1.jpg","datePublished":"2021-08-25T18:02:15+00:00","dateModified":"2025-10-09T08:41:15+00:00","breadcrumb":{"@id":"https:\/\/www.duunauspalvelutjarvi.fi\/?product=led-tyovalo-bullpro-centum-100w#breadcrumb"},"inLanguage":"fi","potentialAction":[{"@type":"ReadAction","target":["https:\/\/www.duunauspalvelutjarvi.fi\/?product=led-tyovalo-bullpro-centum-100w"]}]},{"@type":"ImageObject","inLanguage":"fi","@id":"https:\/\/www.duunauspalvelutjarvi.fi\/?product=led-tyovalo-bullpro-centum-100w#primaryimage","url":"https:\/\/www.duunauspalvelutjarvi.fi\/wp-content\/uploads\/2021\/08\/8020103094_e391e5be85d88622db7b4eca4e351b57_1.jpg","contentUrl":"https:\/\/www.duunauspalvelutjarvi.fi\/wp-content\/uploads\/2021\/08\/8020103094_e391e5be85d88622db7b4eca4e351b57_1.jpg","width":454,"height":452},{"@type":"BreadcrumbList","@id":"https:\/\/www.duunauspalvelutjarvi.fi\/?product=led-tyovalo-bullpro-centum-100w#breadcrumb","itemListElement":[{"@type":"ListItem","position":1,"name":"Etusivu","item":"https:\/\/www.duunauspalvelutjarvi.fi\/"},{"@type":"ListItem","position":2,"name":"Etusivu","item":"https:\/\/www.duunauspalvelutjarvi.fi\/"},{"@type":"ListItem","position":3,"name":"LED-ty\u00f6valo Bullpro Centum 100W"}]},{"@type":"WebSite","@id":"https:\/\/www.duunauspalvelutjarvi.fi\/#website","url":"https:\/\/www.duunauspalvelutjarvi.fi\/","name":"","description":"","potentialAction":[{"@type":"SearchAction","target":{"@type":"EntryPoint","urlTemplate":"https:\/\/www.duunauspalvelutjarvi.fi\/?s={search_term_string}"},"query-input":{"@type":"PropertyValueSpecification","valueRequired":true,"valueName":"search_term_string"}}],"inLanguage":"fi"}]}},"jetpack_sharing_enabled":true,"_links":{"self":[{"href":"https:\/\/www.duunauspalvelutjarvi.fi\/index.php?rest_route=\/wp\/v2\/product\/10108","targetHints":{"allow":["GET"]}}],"collection":[{"href":"https:\/\/www.duunauspalvelutjarvi.fi\/index.php?rest_route=\/wp\/v2\/product"}],"about":[{"href":"https:\/\/www.duunauspalvelutjarvi.fi\/index.php?rest_route=\/wp\/v2\/types\/product"}],"replies":[{"embeddable":true,"href":"https:\/\/www.duunauspalvelutjarvi.fi\/index.php?rest_route=%2Fwp%2Fv2%2Fcomments&post=10108"}],"wp:featuredmedia":[{"embeddable":true,"href":"https:\/\/www.duunauspalvelutjarvi.fi\/index.php?rest_route=\/wp\/v2\/media\/14199"}],"wp:attachment":[{"href":"https:\/\/www.duunauspalvelutjarvi.fi\/index.php?rest_route=%2Fwp%2Fv2%2Fmedia&parent=10108"}],"wp:term":[{"taxonomy":"product_brand","embeddable":true,"href":"https:\/\/www.duunauspalvelutjarvi.fi\/index.php?rest_route=%2Fwp%2Fv2%2Fproduct_brand&post=10108"},{"taxonomy":"product_cat","embeddable":true,"href":"https:\/\/www.duunauspalvelutjarvi.fi\/index.php?rest_route=%2Fwp%2Fv2%2Fproduct_cat&post=10108"},{"taxonomy":"product_tag","embeddable":true,"href":"https:\/\/www.duunauspalvelutjarvi.fi\/index.php?rest_route=%2Fwp%2Fv2%2Fproduct_tag&post=10108"}],"curies":[{"name":"wp","href":"https:\/\/api.w.org\/{rel}","templated":true}]}}