{"id":10265,"date":"2021-08-27T20:12:39","date_gmt":"2021-08-27T17:12:39","guid":{"rendered":"https:\/\/www.duunauspalvelutjarvi.fi\/?post_type=product&#038;p=10265"},"modified":"2021-11-15T02:25:02","modified_gmt":"2021-11-15T00:25:02","slug":"verkkosivujen-yllapitomaksut-perus-paketti-per-vuosi","status":"publish","type":"product","link":"https:\/\/www.duunauspalvelutjarvi.fi\/?product=verkkosivujen-yllapitomaksut-perus-paketti-per-vuosi","title":{"rendered":"Verkkosivujen Yll\u00e4pitomaksut Peruspaketti. Per\/Vuosi"},"content":{"rendered":"<p>130\u20ac per\/vuosi<\/p>\n<p>Hinta sis\u00e4lt\u00e4\u00e4<\/p>\n<p>Webhotellin eli paikka jossa verkkosivut py\u00f6rii \/ s\u00e4ilyy<\/p>\n<p>domainin eli www.jokujoskus.fi<\/p>\n<p>Hinta ei sis\u00e4ll\u00e4 verkkosivujen teko laskutan se erikseen.<\/p>\n<p>&nbsp;<\/p>\n<p class=\"color-dark-purple\"><span class=\"color-white\">40Gt<\/span>\u00a0Levytila<\/p>\n<p class=\"color-dark-purple\"><span class=\"color-white\">500kpl<\/span>\u00a0Tietokantoja<\/p>\n<p class=\"color-dark-purple\"><span class=\"color-white\">50kpl<\/span>\u00a0FTP-K\u00e4ytt\u00e4ji\u00e4<\/p>\n<p class=\"color-dark-purple\"><span class=\"color-white\">150kpl<\/span>\u00a0S\u00e4hk\u00f6postiosoitetta<\/p>\n<p class=\"color-dark-purple\"><span class=\"color-white\">1000Gt\/kk<\/span> Liikenn\u00f6intirajoitus<\/p>\n","protected":false},"excerpt":{"rendered":"<p>130\u20ac per\/vuosi Hinta sis\u00e4lt\u00e4\u00e4 Webhotellin eli paikka jossa verkkosivut py\u00f6rii \/ s\u00e4ilyy domainin eli www.jokujoskus.fi Hinta ei sis\u00e4ll\u00e4 verkkosivujen teko laskutan se erikseen. &nbsp; 40Gt\u00a0Levytila 500kpl\u00a0Tietokantoja 50kpl\u00a0FTP-K\u00e4ytt\u00e4ji\u00e4 150kpl\u00a0S\u00e4hk\u00f6postiosoitetta 1000Gt\/kk Liikenn\u00f6intirajoitus<\/p>\n","protected":false},"featured_media":0,"comment_status":"open","ping_status":"closed","template":"","meta":[],"product_brand":[],"product_cat":[30],"product_tag":[],"class_list":{"0":"post-10265","1":"product","2":"type-product","3":"status-publish","5":"product_cat-palvelut","7":"first","8":"instock","9":"taxable","10":"shipping-taxable","11":"purchasable","12":"product-type-simple"},"yoast_head":"<!-- This site is optimized with the Yoast SEO plugin v27.4 - https:\/\/yoast.com\/product\/yoast-seo-wordpress\/ -->\n<title>Verkkosivujen Yll\u00e4pitomaksut Peruspaketti. Per\/Vuosi -<\/title>\n<meta name=\"robots\" content=\"index, follow, max-snippet:-1, max-image-preview:large, max-video-preview:-1\" \/>\n<link rel=\"canonical\" href=\"https:\/\/www.duunauspalvelutjarvi.fi\/?product=verkkosivujen-yllapitomaksut-perus-paketti-per-vuosi\" \/>\n<meta property=\"og:locale\" content=\"fi_FI\" \/>\n<meta property=\"og:type\" content=\"article\" \/>\n<meta property=\"og:title\" content=\"Verkkosivujen Yll\u00e4pitomaksut Peruspaketti. Per\/Vuosi -\" \/>\n<meta property=\"og:description\" content=\"130\u20ac per\/vuosi Hinta sis\u00e4lt\u00e4\u00e4 Webhotellin eli paikka jossa verkkosivut py\u00f6rii \/ s\u00e4ilyy domainin eli www.jokujoskus.fi Hinta ei sis\u00e4ll\u00e4 verkkosivujen teko laskutan se erikseen. &nbsp; 40Gt\u00a0Levytila 500kpl\u00a0Tietokantoja 50kpl\u00a0FTP-K\u00e4ytt\u00e4ji\u00e4 150kpl\u00a0S\u00e4hk\u00f6postiosoitetta 1000Gt\/kk Liikenn\u00f6intirajoitus\" \/>\n<meta property=\"og:url\" content=\"https:\/\/www.duunauspalvelutjarvi.fi\/?product=verkkosivujen-yllapitomaksut-perus-paketti-per-vuosi\" \/>\n<meta property=\"article:modified_time\" content=\"2021-11-15T00:25:02+00:00\" \/>\n<meta name=\"twitter:card\" content=\"summary_large_image\" \/>\n<script type=\"application\/ld+json\" class=\"yoast-schema-graph\">{\"@context\":\"https:\\\/\\\/schema.org\",\"@graph\":[{\"@type\":\"WebPage\",\"@id\":\"https:\\\/\\\/www.duunauspalvelutjarvi.fi\\\/?product=verkkosivujen-yllapitomaksut-perus-paketti-per-vuosi\",\"url\":\"https:\\\/\\\/www.duunauspalvelutjarvi.fi\\\/?product=verkkosivujen-yllapitomaksut-perus-paketti-per-vuosi\",\"name\":\"Verkkosivujen Yll\u00e4pitomaksut Peruspaketti. Per\\\/Vuosi -\",\"isPartOf\":{\"@id\":\"https:\\\/\\\/www.duunauspalvelutjarvi.fi\\\/#website\"},\"datePublished\":\"2021-08-27T17:12:39+00:00\",\"dateModified\":\"2021-11-15T00:25:02+00:00\",\"breadcrumb\":{\"@id\":\"https:\\\/\\\/www.duunauspalvelutjarvi.fi\\\/?product=verkkosivujen-yllapitomaksut-perus-paketti-per-vuosi#breadcrumb\"},\"inLanguage\":\"fi\",\"potentialAction\":[{\"@type\":\"ReadAction\",\"target\":[\"https:\\\/\\\/www.duunauspalvelutjarvi.fi\\\/?product=verkkosivujen-yllapitomaksut-perus-paketti-per-vuosi\"]}]},{\"@type\":\"BreadcrumbList\",\"@id\":\"https:\\\/\\\/www.duunauspalvelutjarvi.fi\\\/?product=verkkosivujen-yllapitomaksut-perus-paketti-per-vuosi#breadcrumb\",\"itemListElement\":[{\"@type\":\"ListItem\",\"position\":1,\"name\":\"Etusivu\",\"item\":\"https:\\\/\\\/www.duunauspalvelutjarvi.fi\\\/\"},{\"@type\":\"ListItem\",\"position\":2,\"name\":\"Etusivu\",\"item\":\"https:\\\/\\\/www.duunauspalvelutjarvi.fi\\\/\"},{\"@type\":\"ListItem\",\"position\":3,\"name\":\"Verkkosivujen Yll\u00e4pitomaksut Peruspaketti. Per\\\/Vuosi\"}]},{\"@type\":\"WebSite\",\"@id\":\"https:\\\/\\\/www.duunauspalvelutjarvi.fi\\\/#website\",\"url\":\"https:\\\/\\\/www.duunauspalvelutjarvi.fi\\\/\",\"name\":\"\",\"description\":\"\",\"potentialAction\":[{\"@type\":\"SearchAction\",\"target\":{\"@type\":\"EntryPoint\",\"urlTemplate\":\"https:\\\/\\\/www.duunauspalvelutjarvi.fi\\\/?s={search_term_string}\"},\"query-input\":{\"@type\":\"PropertyValueSpecification\",\"valueRequired\":true,\"valueName\":\"search_term_string\"}}],\"inLanguage\":\"fi\"}]}<\/script>\n<!-- \/ Yoast SEO plugin. -->","yoast_head_json":{"title":"Verkkosivujen Yll\u00e4pitomaksut Peruspaketti. Per\/Vuosi -","robots":{"index":"index","follow":"follow","max-snippet":"max-snippet:-1","max-image-preview":"max-image-preview:large","max-video-preview":"max-video-preview:-1"},"canonical":"https:\/\/www.duunauspalvelutjarvi.fi\/?product=verkkosivujen-yllapitomaksut-perus-paketti-per-vuosi","og_locale":"fi_FI","og_type":"article","og_title":"Verkkosivujen Yll\u00e4pitomaksut Peruspaketti. Per\/Vuosi -","og_description":"130\u20ac per\/vuosi Hinta sis\u00e4lt\u00e4\u00e4 Webhotellin eli paikka jossa verkkosivut py\u00f6rii \/ s\u00e4ilyy domainin eli www.jokujoskus.fi Hinta ei sis\u00e4ll\u00e4 verkkosivujen teko laskutan se erikseen. &nbsp; 40Gt\u00a0Levytila 500kpl\u00a0Tietokantoja 50kpl\u00a0FTP-K\u00e4ytt\u00e4ji\u00e4 150kpl\u00a0S\u00e4hk\u00f6postiosoitetta 1000Gt\/kk Liikenn\u00f6intirajoitus","og_url":"https:\/\/www.duunauspalvelutjarvi.fi\/?product=verkkosivujen-yllapitomaksut-perus-paketti-per-vuosi","article_modified_time":"2021-11-15T00:25:02+00:00","twitter_card":"summary_large_image","schema":{"@context":"https:\/\/schema.org","@graph":[{"@type":"WebPage","@id":"https:\/\/www.duunauspalvelutjarvi.fi\/?product=verkkosivujen-yllapitomaksut-perus-paketti-per-vuosi","url":"https:\/\/www.duunauspalvelutjarvi.fi\/?product=verkkosivujen-yllapitomaksut-perus-paketti-per-vuosi","name":"Verkkosivujen Yll\u00e4pitomaksut Peruspaketti. Per\/Vuosi -","isPartOf":{"@id":"https:\/\/www.duunauspalvelutjarvi.fi\/#website"},"datePublished":"2021-08-27T17:12:39+00:00","dateModified":"2021-11-15T00:25:02+00:00","breadcrumb":{"@id":"https:\/\/www.duunauspalvelutjarvi.fi\/?product=verkkosivujen-yllapitomaksut-perus-paketti-per-vuosi#breadcrumb"},"inLanguage":"fi","potentialAction":[{"@type":"ReadAction","target":["https:\/\/www.duunauspalvelutjarvi.fi\/?product=verkkosivujen-yllapitomaksut-perus-paketti-per-vuosi"]}]},{"@type":"BreadcrumbList","@id":"https:\/\/www.duunauspalvelutjarvi.fi\/?product=verkkosivujen-yllapitomaksut-perus-paketti-per-vuosi#breadcrumb","itemListElement":[{"@type":"ListItem","position":1,"name":"Etusivu","item":"https:\/\/www.duunauspalvelutjarvi.fi\/"},{"@type":"ListItem","position":2,"name":"Etusivu","item":"https:\/\/www.duunauspalvelutjarvi.fi\/"},{"@type":"ListItem","position":3,"name":"Verkkosivujen Yll\u00e4pitomaksut Peruspaketti. Per\/Vuosi"}]},{"@type":"WebSite","@id":"https:\/\/www.duunauspalvelutjarvi.fi\/#website","url":"https:\/\/www.duunauspalvelutjarvi.fi\/","name":"","description":"","potentialAction":[{"@type":"SearchAction","target":{"@type":"EntryPoint","urlTemplate":"https:\/\/www.duunauspalvelutjarvi.fi\/?s={search_term_string}"},"query-input":{"@type":"PropertyValueSpecification","valueRequired":true,"valueName":"search_term_string"}}],"inLanguage":"fi"}]}},"jetpack_sharing_enabled":true,"_links":{"self":[{"href":"https:\/\/www.duunauspalvelutjarvi.fi\/index.php?rest_route=\/wp\/v2\/product\/10265","targetHints":{"allow":["GET"]}}],"collection":[{"href":"https:\/\/www.duunauspalvelutjarvi.fi\/index.php?rest_route=\/wp\/v2\/product"}],"about":[{"href":"https:\/\/www.duunauspalvelutjarvi.fi\/index.php?rest_route=\/wp\/v2\/types\/product"}],"replies":[{"embeddable":true,"href":"https:\/\/www.duunauspalvelutjarvi.fi\/index.php?rest_route=%2Fwp%2Fv2%2Fcomments&post=10265"}],"wp:attachment":[{"href":"https:\/\/www.duunauspalvelutjarvi.fi\/index.php?rest_route=%2Fwp%2Fv2%2Fmedia&parent=10265"}],"wp:term":[{"taxonomy":"product_brand","embeddable":true,"href":"https:\/\/www.duunauspalvelutjarvi.fi\/index.php?rest_route=%2Fwp%2Fv2%2Fproduct_brand&post=10265"},{"taxonomy":"product_cat","embeddable":true,"href":"https:\/\/www.duunauspalvelutjarvi.fi\/index.php?rest_route=%2Fwp%2Fv2%2Fproduct_cat&post=10265"},{"taxonomy":"product_tag","embeddable":true,"href":"https:\/\/www.duunauspalvelutjarvi.fi\/index.php?rest_route=%2Fwp%2Fv2%2Fproduct_tag&post=10265"}],"curies":[{"name":"wp","href":"https:\/\/api.w.org\/{rel}","templated":true}]}}