{"id":10449,"date":"2021-09-04T23:22:39","date_gmt":"2021-09-04T20:22:39","guid":{"rendered":"https:\/\/www.duunauspalvelutjarvi.fi\/?post_type=product&#038;p=10449"},"modified":"2024-03-22T21:13:20","modified_gmt":"2024-03-22T19:13:20","slug":"led-takavalo-aspock-mini-12-24v-adr","status":"publish","type":"product","link":"https:\/\/www.duunauspalvelutjarvi.fi\/?product=led-takavalo-aspock-mini-12-24v-adr","title":{"rendered":"LED-takavalo Asp\u00f6ck Mini, 12-24V, ADR"},"content":{"rendered":"<div class=\"col-12 col-lg-10\">\n<div class=\"ProductPageContent__description\">\n<div class=\"WysiwygContent\">\n<p><b>LED-takavalo Asp\u00f6ck Mini, 12-24V<\/b>, ADR Zone 2 &#8211; hyv\u00e4ksytty<\/p>\n<p><b>Tekniset tiedot:<\/b><br \/>\n\u2022 K\u00e4ytt\u00f6j\u00e4nnite: 12-24V<br \/>\n\u2022 Jarru-, parkki- ja vilkkuvalo<br \/>\n\u2022 Leveys: 150mm<br \/>\n\u2022 Korkeus: 59mm<br \/>\n\u2022 Syvyys: 20mm<br \/>\n\u2022 Ruuviv\u00e4li: 130mm<br \/>\n\u2022 Johto: 500mm<br \/>\n\u2022 Pinta-asennettava<br \/>\n\u2022 E-hyv\u00e4ksytty<br \/>\n\u2022 ADR Zone 2 &#8211; hyv\u00e4ksytty<br \/>\n\u2022 L\u00e4pivienti 16mm<br \/>\n\u2022 IP68<br \/>\n\u2022 Valmistaja: Asp\u00f6ck<br \/>\n\u2022 Takuu: 12kk<\/p>\n<\/div>\n<\/div>\n<\/div>\n","protected":false},"excerpt":{"rendered":"<p>LED-takavalo Asp\u00f6ck Mini, 12-24V, ADR Zone 2 &#8211; hyv\u00e4ksytty Tekniset tiedot: \u2022 K\u00e4ytt\u00f6j\u00e4nnite: 12-24V \u2022 Jarru-, parkki- ja vilkkuvalo \u2022 Leveys: 150mm \u2022 Korkeus: 59mm \u2022 Syvyys: 20mm \u2022 Ruuviv\u00e4li: 130mm \u2022 Johto: 500mm \u2022 Pinta-asennettava \u2022 E-hyv\u00e4ksytty \u2022 ADR Zone 2 &#8211; hyv\u00e4ksytty \u2022 L\u00e4pivienti 16mm \u2022 IP68 \u2022 Valmistaja: Asp\u00f6ck \u2022 Takuu: 12kk<\/p>\n","protected":false},"featured_media":14663,"comment_status":"open","ping_status":"closed","template":"","meta":[],"product_brand":[],"product_cat":[613],"product_tag":[],"class_list":{"0":"post-10449","1":"product","2":"type-product","3":"status-publish","4":"has-post-thumbnail","6":"product_cat-led-takavalot","8":"first","9":"instock","10":"taxable","11":"shipping-taxable","12":"purchasable","13":"product-type-simple"},"yoast_head":"<!-- This site is optimized with the Yoast SEO plugin v27.5 - https:\/\/yoast.com\/product\/yoast-seo-wordpress\/ -->\n<title>LED-takavalo Asp\u00f6ck Mini, 12-24V, ADR -<\/title>\n<meta name=\"robots\" content=\"index, follow, max-snippet:-1, max-image-preview:large, max-video-preview:-1\" \/>\n<link rel=\"canonical\" href=\"https:\/\/www.duunauspalvelutjarvi.fi\/?product=led-takavalo-aspock-mini-12-24v-adr\" \/>\n<meta property=\"og:locale\" content=\"fi_FI\" \/>\n<meta property=\"og:type\" content=\"article\" \/>\n<meta property=\"og:title\" content=\"LED-takavalo Asp\u00f6ck Mini, 12-24V, ADR -\" \/>\n<meta property=\"og:description\" content=\"LED-takavalo Asp\u00f6ck Mini, 12-24V, ADR Zone 2 &#8211; hyv\u00e4ksytty Tekniset tiedot: \u2022 K\u00e4ytt\u00f6j\u00e4nnite: 12-24V \u2022 Jarru-, parkki- ja vilkkuvalo \u2022 Leveys: 150mm \u2022 Korkeus: 59mm \u2022 Syvyys: 20mm \u2022 Ruuviv\u00e4li: 130mm \u2022 Johto: 500mm \u2022 Pinta-asennettava \u2022 E-hyv\u00e4ksytty \u2022 ADR Zone 2 &#8211; hyv\u00e4ksytty \u2022 L\u00e4pivienti 16mm \u2022 IP68 \u2022 Valmistaja: Asp\u00f6ck \u2022 Takuu: 12kk\" \/>\n<meta property=\"og:url\" content=\"https:\/\/www.duunauspalvelutjarvi.fi\/?product=led-takavalo-aspock-mini-12-24v-adr\" \/>\n<meta property=\"article:modified_time\" content=\"2024-03-22T19:13:20+00:00\" \/>\n<meta property=\"og:image\" content=\"https:\/\/www.duunauspalvelutjarvi.fi\/wp-content\/uploads\/2021\/09\/LED-takavaloAspockMini12-24VADR_4030130610_4766d7c26c7bab55249496317d66e2c0_1.jpg\" \/>\n\t<meta property=\"og:image:width\" content=\"400\" \/>\n\t<meta property=\"og:image:height\" content=\"300\" \/>\n\t<meta property=\"og:image:type\" content=\"image\/jpeg\" \/>\n<meta name=\"twitter:card\" content=\"summary_large_image\" \/>\n<meta name=\"twitter:label1\" content=\"Arvioitu lukuaika\" \/>\n\t<meta name=\"twitter:data1\" content=\"1 minuutti\" \/>\n<script type=\"application\/ld+json\" class=\"yoast-schema-graph\">{\"@context\":\"https:\\\/\\\/schema.org\",\"@graph\":[{\"@type\":\"WebPage\",\"@id\":\"https:\\\/\\\/www.duunauspalvelutjarvi.fi\\\/?product=led-takavalo-aspock-mini-12-24v-adr\",\"url\":\"https:\\\/\\\/www.duunauspalvelutjarvi.fi\\\/?product=led-takavalo-aspock-mini-12-24v-adr\",\"name\":\"LED-takavalo Asp\u00f6ck Mini, 12-24V, ADR -\",\"isPartOf\":{\"@id\":\"https:\\\/\\\/www.duunauspalvelutjarvi.fi\\\/#website\"},\"primaryImageOfPage\":{\"@id\":\"https:\\\/\\\/www.duunauspalvelutjarvi.fi\\\/?product=led-takavalo-aspock-mini-12-24v-adr#primaryimage\"},\"image\":{\"@id\":\"https:\\\/\\\/www.duunauspalvelutjarvi.fi\\\/?product=led-takavalo-aspock-mini-12-24v-adr#primaryimage\"},\"thumbnailUrl\":\"https:\\\/\\\/www.duunauspalvelutjarvi.fi\\\/wp-content\\\/uploads\\\/2021\\\/09\\\/LED-takavaloAspockMini12-24VADR_4030130610_4766d7c26c7bab55249496317d66e2c0_1.jpg\",\"datePublished\":\"2021-09-04T20:22:39+00:00\",\"dateModified\":\"2024-03-22T19:13:20+00:00\",\"breadcrumb\":{\"@id\":\"https:\\\/\\\/www.duunauspalvelutjarvi.fi\\\/?product=led-takavalo-aspock-mini-12-24v-adr#breadcrumb\"},\"inLanguage\":\"fi\",\"potentialAction\":[{\"@type\":\"ReadAction\",\"target\":[\"https:\\\/\\\/www.duunauspalvelutjarvi.fi\\\/?product=led-takavalo-aspock-mini-12-24v-adr\"]}]},{\"@type\":\"ImageObject\",\"inLanguage\":\"fi\",\"@id\":\"https:\\\/\\\/www.duunauspalvelutjarvi.fi\\\/?product=led-takavalo-aspock-mini-12-24v-adr#primaryimage\",\"url\":\"https:\\\/\\\/www.duunauspalvelutjarvi.fi\\\/wp-content\\\/uploads\\\/2021\\\/09\\\/LED-takavaloAspockMini12-24VADR_4030130610_4766d7c26c7bab55249496317d66e2c0_1.jpg\",\"contentUrl\":\"https:\\\/\\\/www.duunauspalvelutjarvi.fi\\\/wp-content\\\/uploads\\\/2021\\\/09\\\/LED-takavaloAspockMini12-24VADR_4030130610_4766d7c26c7bab55249496317d66e2c0_1.jpg\",\"width\":400,\"height\":300},{\"@type\":\"BreadcrumbList\",\"@id\":\"https:\\\/\\\/www.duunauspalvelutjarvi.fi\\\/?product=led-takavalo-aspock-mini-12-24v-adr#breadcrumb\",\"itemListElement\":[{\"@type\":\"ListItem\",\"position\":1,\"name\":\"Etusivu\",\"item\":\"https:\\\/\\\/www.duunauspalvelutjarvi.fi\\\/\"},{\"@type\":\"ListItem\",\"position\":2,\"name\":\"Etusivu\",\"item\":\"https:\\\/\\\/www.duunauspalvelutjarvi.fi\\\/\"},{\"@type\":\"ListItem\",\"position\":3,\"name\":\"LED-takavalo Asp\u00f6ck Mini, 12-24V, ADR\"}]},{\"@type\":\"WebSite\",\"@id\":\"https:\\\/\\\/www.duunauspalvelutjarvi.fi\\\/#website\",\"url\":\"https:\\\/\\\/www.duunauspalvelutjarvi.fi\\\/\",\"name\":\"\",\"description\":\"\",\"potentialAction\":[{\"@type\":\"SearchAction\",\"target\":{\"@type\":\"EntryPoint\",\"urlTemplate\":\"https:\\\/\\\/www.duunauspalvelutjarvi.fi\\\/?s={search_term_string}\"},\"query-input\":{\"@type\":\"PropertyValueSpecification\",\"valueRequired\":true,\"valueName\":\"search_term_string\"}}],\"inLanguage\":\"fi\"}]}<\/script>\n<!-- \/ Yoast SEO plugin. -->","yoast_head_json":{"title":"LED-takavalo Asp\u00f6ck Mini, 12-24V, ADR -","robots":{"index":"index","follow":"follow","max-snippet":"max-snippet:-1","max-image-preview":"max-image-preview:large","max-video-preview":"max-video-preview:-1"},"canonical":"https:\/\/www.duunauspalvelutjarvi.fi\/?product=led-takavalo-aspock-mini-12-24v-adr","og_locale":"fi_FI","og_type":"article","og_title":"LED-takavalo Asp\u00f6ck Mini, 12-24V, ADR -","og_description":"LED-takavalo Asp\u00f6ck Mini, 12-24V, ADR Zone 2 &#8211; hyv\u00e4ksytty Tekniset tiedot: \u2022 K\u00e4ytt\u00f6j\u00e4nnite: 12-24V \u2022 Jarru-, parkki- ja vilkkuvalo \u2022 Leveys: 150mm \u2022 Korkeus: 59mm \u2022 Syvyys: 20mm \u2022 Ruuviv\u00e4li: 130mm \u2022 Johto: 500mm \u2022 Pinta-asennettava \u2022 E-hyv\u00e4ksytty \u2022 ADR Zone 2 &#8211; hyv\u00e4ksytty \u2022 L\u00e4pivienti 16mm \u2022 IP68 \u2022 Valmistaja: Asp\u00f6ck \u2022 Takuu: 12kk","og_url":"https:\/\/www.duunauspalvelutjarvi.fi\/?product=led-takavalo-aspock-mini-12-24v-adr","article_modified_time":"2024-03-22T19:13:20+00:00","og_image":[{"width":400,"height":300,"url":"https:\/\/www.duunauspalvelutjarvi.fi\/wp-content\/uploads\/2021\/09\/LED-takavaloAspockMini12-24VADR_4030130610_4766d7c26c7bab55249496317d66e2c0_1.jpg","type":"image\/jpeg"}],"twitter_card":"summary_large_image","twitter_misc":{"Arvioitu lukuaika":"1 minuutti"},"schema":{"@context":"https:\/\/schema.org","@graph":[{"@type":"WebPage","@id":"https:\/\/www.duunauspalvelutjarvi.fi\/?product=led-takavalo-aspock-mini-12-24v-adr","url":"https:\/\/www.duunauspalvelutjarvi.fi\/?product=led-takavalo-aspock-mini-12-24v-adr","name":"LED-takavalo Asp\u00f6ck Mini, 12-24V, ADR -","isPartOf":{"@id":"https:\/\/www.duunauspalvelutjarvi.fi\/#website"},"primaryImageOfPage":{"@id":"https:\/\/www.duunauspalvelutjarvi.fi\/?product=led-takavalo-aspock-mini-12-24v-adr#primaryimage"},"image":{"@id":"https:\/\/www.duunauspalvelutjarvi.fi\/?product=led-takavalo-aspock-mini-12-24v-adr#primaryimage"},"thumbnailUrl":"https:\/\/www.duunauspalvelutjarvi.fi\/wp-content\/uploads\/2021\/09\/LED-takavaloAspockMini12-24VADR_4030130610_4766d7c26c7bab55249496317d66e2c0_1.jpg","datePublished":"2021-09-04T20:22:39+00:00","dateModified":"2024-03-22T19:13:20+00:00","breadcrumb":{"@id":"https:\/\/www.duunauspalvelutjarvi.fi\/?product=led-takavalo-aspock-mini-12-24v-adr#breadcrumb"},"inLanguage":"fi","potentialAction":[{"@type":"ReadAction","target":["https:\/\/www.duunauspalvelutjarvi.fi\/?product=led-takavalo-aspock-mini-12-24v-adr"]}]},{"@type":"ImageObject","inLanguage":"fi","@id":"https:\/\/www.duunauspalvelutjarvi.fi\/?product=led-takavalo-aspock-mini-12-24v-adr#primaryimage","url":"https:\/\/www.duunauspalvelutjarvi.fi\/wp-content\/uploads\/2021\/09\/LED-takavaloAspockMini12-24VADR_4030130610_4766d7c26c7bab55249496317d66e2c0_1.jpg","contentUrl":"https:\/\/www.duunauspalvelutjarvi.fi\/wp-content\/uploads\/2021\/09\/LED-takavaloAspockMini12-24VADR_4030130610_4766d7c26c7bab55249496317d66e2c0_1.jpg","width":400,"height":300},{"@type":"BreadcrumbList","@id":"https:\/\/www.duunauspalvelutjarvi.fi\/?product=led-takavalo-aspock-mini-12-24v-adr#breadcrumb","itemListElement":[{"@type":"ListItem","position":1,"name":"Etusivu","item":"https:\/\/www.duunauspalvelutjarvi.fi\/"},{"@type":"ListItem","position":2,"name":"Etusivu","item":"https:\/\/www.duunauspalvelutjarvi.fi\/"},{"@type":"ListItem","position":3,"name":"LED-takavalo Asp\u00f6ck Mini, 12-24V, ADR"}]},{"@type":"WebSite","@id":"https:\/\/www.duunauspalvelutjarvi.fi\/#website","url":"https:\/\/www.duunauspalvelutjarvi.fi\/","name":"","description":"","potentialAction":[{"@type":"SearchAction","target":{"@type":"EntryPoint","urlTemplate":"https:\/\/www.duunauspalvelutjarvi.fi\/?s={search_term_string}"},"query-input":{"@type":"PropertyValueSpecification","valueRequired":true,"valueName":"search_term_string"}}],"inLanguage":"fi"}]}},"jetpack_sharing_enabled":true,"_links":{"self":[{"href":"https:\/\/www.duunauspalvelutjarvi.fi\/index.php?rest_route=\/wp\/v2\/product\/10449","targetHints":{"allow":["GET"]}}],"collection":[{"href":"https:\/\/www.duunauspalvelutjarvi.fi\/index.php?rest_route=\/wp\/v2\/product"}],"about":[{"href":"https:\/\/www.duunauspalvelutjarvi.fi\/index.php?rest_route=\/wp\/v2\/types\/product"}],"replies":[{"embeddable":true,"href":"https:\/\/www.duunauspalvelutjarvi.fi\/index.php?rest_route=%2Fwp%2Fv2%2Fcomments&post=10449"}],"wp:featuredmedia":[{"embeddable":true,"href":"https:\/\/www.duunauspalvelutjarvi.fi\/index.php?rest_route=\/wp\/v2\/media\/14663"}],"wp:attachment":[{"href":"https:\/\/www.duunauspalvelutjarvi.fi\/index.php?rest_route=%2Fwp%2Fv2%2Fmedia&parent=10449"}],"wp:term":[{"taxonomy":"product_brand","embeddable":true,"href":"https:\/\/www.duunauspalvelutjarvi.fi\/index.php?rest_route=%2Fwp%2Fv2%2Fproduct_brand&post=10449"},{"taxonomy":"product_cat","embeddable":true,"href":"https:\/\/www.duunauspalvelutjarvi.fi\/index.php?rest_route=%2Fwp%2Fv2%2Fproduct_cat&post=10449"},{"taxonomy":"product_tag","embeddable":true,"href":"https:\/\/www.duunauspalvelutjarvi.fi\/index.php?rest_route=%2Fwp%2Fv2%2Fproduct_tag&post=10449"}],"curies":[{"name":"wp","href":"https:\/\/api.w.org\/{rel}","templated":true}]}}