{"id":10871,"date":"2021-10-15T00:56:43","date_gmt":"2021-10-14T21:56:43","guid":{"rendered":"https:\/\/www.duunauspalvelutjarvi.fi\/?post_type=product&#038;p=10871"},"modified":"2025-10-09T11:41:14","modified_gmt":"2025-10-09T08:41:14","slug":"led-tyovalo-40w-bullboy-agriline-john-deere-9-32v","status":"publish","type":"product","link":"https:\/\/www.duunauspalvelutjarvi.fi\/?product=led-tyovalo-40w-bullboy-agriline-john-deere-9-32v","title":{"rendered":"LED-ty\u00f6valo 40W Bullboy Agriline &#8221;John Deere&#8221;, 9-32V"},"content":{"rendered":"<div class=\"col-12 col-lg-10\">\n<div class=\"ProductPageContent__description\">\n<div class=\"WysiwygContent\">\n<p><strong>LED-ty\u00f6valo 40W Bullboy Agriline &#8221;John Deere&#8221;.<\/strong>\u00a0Laadukkailla CREE ledeill\u00e4 varustettu ty\u00f6valo. Yhteensopiva John Deere traktorin alkuper\u00e4isten ty\u00f6valojen tilalle.<br \/>\nLeve\u00e4 valokuvio antaa miellytt\u00e4v\u00e4n tasaisen valon ty\u00f6skentelyalueelle. Valon suuntausta helpottava 360\u00b0 s\u00e4\u00e4tyv\u00e4 asennusjalka.<\/p>\n<p><strong>Tekniset tiedot:<\/strong><br \/>\n\u2022 K\u00e4ytt\u00f6j\u00e4nnite: 9-32V<br \/>\n\u2022 Teho: 40W (8x5W CREE)<br \/>\n\u2022 Valmistajan ilmoittama valoteho: 3200lm<br \/>\n\u2022 Mitat: L176mm x K86mm x 80mm<br \/>\n\u2022 360\u00b0 s\u00e4\u00e4tyv\u00e4 asennusjalka<br \/>\n\u2022 Takuu: 12kk<\/p>\n<p><strong>Vertailunumerot (John Deere):<\/strong><br \/>\n\u2022 RE269640<br \/>\n\u2022 RE269638<\/p>\n<\/div>\n<\/div>\n<\/div>\n<div class=\"ProductPageContent__description-details col-sm-12 col-lg-2\">\n<div>\n<h6>Lis\u00e4tiedot<\/h6>\n<div>\n<div class=\"ProductExtraInfo ProductExtraInfo--short-list ProductExtraInfo--single-column\">\n<ul class=\"inline-dot\">\n<li class=\"ProductExtraInfo--product-id\">Tuotekoodi:\u00a08020104154<\/li>\n<li class=\"ProductExtraInfo--warranty\"><span class=\"ProductWarranty\">Takuu:\u00a0<span class=\"ProductWarranty__warranty\">1 vuosi<\/span><\/span><\/li>\n<li class=\"ProductExtraInfo--property-106\">K\u00e4ytt\u00f6j\u00e4nnite:\u00a012\/24V<\/li>\n<\/ul>\n<\/div>\n<\/div>\n<\/div>\n<\/div>\n","protected":false},"excerpt":{"rendered":"<p><a href=\"https:\/\/www.duunauspalvelutjarvi.fi\/?term=&amp;s=bullboy&amp;post_type=product&amp;taxonomy=product_cat\"><img loading=\"lazy\" decoding=\"async\" class=\"alignnone size-full wp-image-10014\" src=\"https:\/\/www.duunauspalvelutjarvi.fi\/wp-content\/uploads\/2021\/08\/bullboy.png\" alt=\"\" width=\"200\" height=\"65\" \/><\/a><\/p>\n","protected":false},"featured_media":13822,"comment_status":"open","ping_status":"closed","template":"","meta":[],"product_brand":[],"product_cat":[50],"product_tag":[],"class_list":{"0":"post-10871","1":"product","2":"type-product","3":"status-publish","4":"has-post-thumbnail","6":"product_cat-led-tyovalot-28-49w","7":"product_shipping_class-l-paketti","9":"first","10":"instock","11":"taxable","12":"shipping-taxable","13":"purchasable","14":"product-type-simple"},"yoast_head":"<!-- This site is optimized with the Yoast SEO plugin v27.4 - https:\/\/yoast.com\/product\/yoast-seo-wordpress\/ -->\n<title>LED-ty\u00f6valo 40W Bullboy Agriline &#039;&#039;John Deere&#039;&#039;, 9-32V -<\/title>\n<meta name=\"robots\" content=\"index, follow, max-snippet:-1, max-image-preview:large, max-video-preview:-1\" \/>\n<link rel=\"canonical\" href=\"https:\/\/www.duunauspalvelutjarvi.fi\/?product=led-tyovalo-40w-bullboy-agriline-john-deere-9-32v\" \/>\n<meta property=\"og:locale\" content=\"fi_FI\" \/>\n<meta property=\"og:type\" content=\"article\" \/>\n<meta property=\"og:title\" content=\"LED-ty\u00f6valo 40W Bullboy Agriline &#039;&#039;John Deere&#039;&#039;, 9-32V -\" \/>\n<meta property=\"og:url\" content=\"https:\/\/www.duunauspalvelutjarvi.fi\/?product=led-tyovalo-40w-bullboy-agriline-john-deere-9-32v\" \/>\n<meta property=\"article:modified_time\" content=\"2025-10-09T08:41:14+00:00\" \/>\n<meta property=\"og:image\" content=\"https:\/\/www.duunauspalvelutjarvi.fi\/wp-content\/uploads\/2021\/10\/8020104154_54de4057ff2732ba6b1d47c241065dd3_1.jpg\" \/>\n\t<meta property=\"og:image:width\" content=\"400\" \/>\n\t<meta property=\"og:image:height\" content=\"300\" \/>\n\t<meta property=\"og:image:type\" content=\"image\/jpeg\" \/>\n<meta name=\"twitter:card\" content=\"summary_large_image\" \/>\n<script type=\"application\/ld+json\" class=\"yoast-schema-graph\">{\"@context\":\"https:\\\/\\\/schema.org\",\"@graph\":[{\"@type\":\"WebPage\",\"@id\":\"https:\\\/\\\/www.duunauspalvelutjarvi.fi\\\/?product=led-tyovalo-40w-bullboy-agriline-john-deere-9-32v\",\"url\":\"https:\\\/\\\/www.duunauspalvelutjarvi.fi\\\/?product=led-tyovalo-40w-bullboy-agriline-john-deere-9-32v\",\"name\":\"LED-ty\u00f6valo 40W Bullboy Agriline ''John Deere'', 9-32V -\",\"isPartOf\":{\"@id\":\"https:\\\/\\\/www.duunauspalvelutjarvi.fi\\\/#website\"},\"primaryImageOfPage\":{\"@id\":\"https:\\\/\\\/www.duunauspalvelutjarvi.fi\\\/?product=led-tyovalo-40w-bullboy-agriline-john-deere-9-32v#primaryimage\"},\"image\":{\"@id\":\"https:\\\/\\\/www.duunauspalvelutjarvi.fi\\\/?product=led-tyovalo-40w-bullboy-agriline-john-deere-9-32v#primaryimage\"},\"thumbnailUrl\":\"https:\\\/\\\/www.duunauspalvelutjarvi.fi\\\/wp-content\\\/uploads\\\/2021\\\/10\\\/8020104154_54de4057ff2732ba6b1d47c241065dd3_1.jpg\",\"datePublished\":\"2021-10-14T21:56:43+00:00\",\"dateModified\":\"2025-10-09T08:41:14+00:00\",\"breadcrumb\":{\"@id\":\"https:\\\/\\\/www.duunauspalvelutjarvi.fi\\\/?product=led-tyovalo-40w-bullboy-agriline-john-deere-9-32v#breadcrumb\"},\"inLanguage\":\"fi\",\"potentialAction\":[{\"@type\":\"ReadAction\",\"target\":[\"https:\\\/\\\/www.duunauspalvelutjarvi.fi\\\/?product=led-tyovalo-40w-bullboy-agriline-john-deere-9-32v\"]}]},{\"@type\":\"ImageObject\",\"inLanguage\":\"fi\",\"@id\":\"https:\\\/\\\/www.duunauspalvelutjarvi.fi\\\/?product=led-tyovalo-40w-bullboy-agriline-john-deere-9-32v#primaryimage\",\"url\":\"https:\\\/\\\/www.duunauspalvelutjarvi.fi\\\/wp-content\\\/uploads\\\/2021\\\/10\\\/8020104154_54de4057ff2732ba6b1d47c241065dd3_1.jpg\",\"contentUrl\":\"https:\\\/\\\/www.duunauspalvelutjarvi.fi\\\/wp-content\\\/uploads\\\/2021\\\/10\\\/8020104154_54de4057ff2732ba6b1d47c241065dd3_1.jpg\",\"width\":400,\"height\":300},{\"@type\":\"BreadcrumbList\",\"@id\":\"https:\\\/\\\/www.duunauspalvelutjarvi.fi\\\/?product=led-tyovalo-40w-bullboy-agriline-john-deere-9-32v#breadcrumb\",\"itemListElement\":[{\"@type\":\"ListItem\",\"position\":1,\"name\":\"Etusivu\",\"item\":\"https:\\\/\\\/www.duunauspalvelutjarvi.fi\\\/\"},{\"@type\":\"ListItem\",\"position\":2,\"name\":\"Etusivu\",\"item\":\"https:\\\/\\\/www.duunauspalvelutjarvi.fi\\\/\"},{\"@type\":\"ListItem\",\"position\":3,\"name\":\"LED-ty\u00f6valo 40W Bullboy Agriline &#8221;John Deere&#8221;, 9-32V\"}]},{\"@type\":\"WebSite\",\"@id\":\"https:\\\/\\\/www.duunauspalvelutjarvi.fi\\\/#website\",\"url\":\"https:\\\/\\\/www.duunauspalvelutjarvi.fi\\\/\",\"name\":\"\",\"description\":\"\",\"potentialAction\":[{\"@type\":\"SearchAction\",\"target\":{\"@type\":\"EntryPoint\",\"urlTemplate\":\"https:\\\/\\\/www.duunauspalvelutjarvi.fi\\\/?s={search_term_string}\"},\"query-input\":{\"@type\":\"PropertyValueSpecification\",\"valueRequired\":true,\"valueName\":\"search_term_string\"}}],\"inLanguage\":\"fi\"}]}<\/script>\n<!-- \/ Yoast SEO plugin. -->","yoast_head_json":{"title":"LED-ty\u00f6valo 40W Bullboy Agriline ''John Deere'', 9-32V -","robots":{"index":"index","follow":"follow","max-snippet":"max-snippet:-1","max-image-preview":"max-image-preview:large","max-video-preview":"max-video-preview:-1"},"canonical":"https:\/\/www.duunauspalvelutjarvi.fi\/?product=led-tyovalo-40w-bullboy-agriline-john-deere-9-32v","og_locale":"fi_FI","og_type":"article","og_title":"LED-ty\u00f6valo 40W Bullboy Agriline ''John Deere'', 9-32V -","og_url":"https:\/\/www.duunauspalvelutjarvi.fi\/?product=led-tyovalo-40w-bullboy-agriline-john-deere-9-32v","article_modified_time":"2025-10-09T08:41:14+00:00","og_image":[{"width":400,"height":300,"url":"https:\/\/www.duunauspalvelutjarvi.fi\/wp-content\/uploads\/2021\/10\/8020104154_54de4057ff2732ba6b1d47c241065dd3_1.jpg","type":"image\/jpeg"}],"twitter_card":"summary_large_image","schema":{"@context":"https:\/\/schema.org","@graph":[{"@type":"WebPage","@id":"https:\/\/www.duunauspalvelutjarvi.fi\/?product=led-tyovalo-40w-bullboy-agriline-john-deere-9-32v","url":"https:\/\/www.duunauspalvelutjarvi.fi\/?product=led-tyovalo-40w-bullboy-agriline-john-deere-9-32v","name":"LED-ty\u00f6valo 40W Bullboy Agriline ''John Deere'', 9-32V -","isPartOf":{"@id":"https:\/\/www.duunauspalvelutjarvi.fi\/#website"},"primaryImageOfPage":{"@id":"https:\/\/www.duunauspalvelutjarvi.fi\/?product=led-tyovalo-40w-bullboy-agriline-john-deere-9-32v#primaryimage"},"image":{"@id":"https:\/\/www.duunauspalvelutjarvi.fi\/?product=led-tyovalo-40w-bullboy-agriline-john-deere-9-32v#primaryimage"},"thumbnailUrl":"https:\/\/www.duunauspalvelutjarvi.fi\/wp-content\/uploads\/2021\/10\/8020104154_54de4057ff2732ba6b1d47c241065dd3_1.jpg","datePublished":"2021-10-14T21:56:43+00:00","dateModified":"2025-10-09T08:41:14+00:00","breadcrumb":{"@id":"https:\/\/www.duunauspalvelutjarvi.fi\/?product=led-tyovalo-40w-bullboy-agriline-john-deere-9-32v#breadcrumb"},"inLanguage":"fi","potentialAction":[{"@type":"ReadAction","target":["https:\/\/www.duunauspalvelutjarvi.fi\/?product=led-tyovalo-40w-bullboy-agriline-john-deere-9-32v"]}]},{"@type":"ImageObject","inLanguage":"fi","@id":"https:\/\/www.duunauspalvelutjarvi.fi\/?product=led-tyovalo-40w-bullboy-agriline-john-deere-9-32v#primaryimage","url":"https:\/\/www.duunauspalvelutjarvi.fi\/wp-content\/uploads\/2021\/10\/8020104154_54de4057ff2732ba6b1d47c241065dd3_1.jpg","contentUrl":"https:\/\/www.duunauspalvelutjarvi.fi\/wp-content\/uploads\/2021\/10\/8020104154_54de4057ff2732ba6b1d47c241065dd3_1.jpg","width":400,"height":300},{"@type":"BreadcrumbList","@id":"https:\/\/www.duunauspalvelutjarvi.fi\/?product=led-tyovalo-40w-bullboy-agriline-john-deere-9-32v#breadcrumb","itemListElement":[{"@type":"ListItem","position":1,"name":"Etusivu","item":"https:\/\/www.duunauspalvelutjarvi.fi\/"},{"@type":"ListItem","position":2,"name":"Etusivu","item":"https:\/\/www.duunauspalvelutjarvi.fi\/"},{"@type":"ListItem","position":3,"name":"LED-ty\u00f6valo 40W Bullboy Agriline &#8221;John Deere&#8221;, 9-32V"}]},{"@type":"WebSite","@id":"https:\/\/www.duunauspalvelutjarvi.fi\/#website","url":"https:\/\/www.duunauspalvelutjarvi.fi\/","name":"","description":"","potentialAction":[{"@type":"SearchAction","target":{"@type":"EntryPoint","urlTemplate":"https:\/\/www.duunauspalvelutjarvi.fi\/?s={search_term_string}"},"query-input":{"@type":"PropertyValueSpecification","valueRequired":true,"valueName":"search_term_string"}}],"inLanguage":"fi"}]}},"jetpack_sharing_enabled":true,"_links":{"self":[{"href":"https:\/\/www.duunauspalvelutjarvi.fi\/index.php?rest_route=\/wp\/v2\/product\/10871","targetHints":{"allow":["GET"]}}],"collection":[{"href":"https:\/\/www.duunauspalvelutjarvi.fi\/index.php?rest_route=\/wp\/v2\/product"}],"about":[{"href":"https:\/\/www.duunauspalvelutjarvi.fi\/index.php?rest_route=\/wp\/v2\/types\/product"}],"replies":[{"embeddable":true,"href":"https:\/\/www.duunauspalvelutjarvi.fi\/index.php?rest_route=%2Fwp%2Fv2%2Fcomments&post=10871"}],"wp:featuredmedia":[{"embeddable":true,"href":"https:\/\/www.duunauspalvelutjarvi.fi\/index.php?rest_route=\/wp\/v2\/media\/13822"}],"wp:attachment":[{"href":"https:\/\/www.duunauspalvelutjarvi.fi\/index.php?rest_route=%2Fwp%2Fv2%2Fmedia&parent=10871"}],"wp:term":[{"taxonomy":"product_brand","embeddable":true,"href":"https:\/\/www.duunauspalvelutjarvi.fi\/index.php?rest_route=%2Fwp%2Fv2%2Fproduct_brand&post=10871"},{"taxonomy":"product_cat","embeddable":true,"href":"https:\/\/www.duunauspalvelutjarvi.fi\/index.php?rest_route=%2Fwp%2Fv2%2Fproduct_cat&post=10871"},{"taxonomy":"product_tag","embeddable":true,"href":"https:\/\/www.duunauspalvelutjarvi.fi\/index.php?rest_route=%2Fwp%2Fv2%2Fproduct_tag&post=10871"}],"curies":[{"name":"wp","href":"https:\/\/api.w.org\/{rel}","templated":true}]}}