{"id":10889,"date":"2021-10-15T14:32:37","date_gmt":"2021-10-15T11:32:37","guid":{"rendered":"https:\/\/www.duunauspalvelutjarvi.fi\/?post_type=product&#038;p=10889"},"modified":"2025-08-10T22:10:51","modified_gmt":"2025-08-10T19:10:51","slug":"tukitangon-kiinnike-top-slider","status":"publish","type":"product","link":"https:\/\/www.duunauspalvelutjarvi.fi\/?product=tukitangon-kiinnike-top-slider","title":{"rendered":"Tukitangon kiinnike Top Slider"},"content":{"rendered":"<div class=\"col-12 col-lg-10\">\n<div class=\"ProductPageContent__description\">\n<div class=\"WysiwygContent\">\n<p><strong>T<\/strong><strong>ukitangon kiinnike Top Slider\u00a0<\/strong>mahdollistaa latta-mallin yl\u00e4tuen kiinnitt\u00e4misen\u00a0<strong>Lazer, LuminaLights<\/strong>\u00a0sek\u00e4\u00a0<strong>SAE\/Seeker\u00a0<\/strong>lis\u00e4valopaneeleihin. Ei ole yhteensopiva py\u00f6re\u00e4n tukitangon kanssa.<\/p>\n<p>&nbsp;<\/p>\n<p><strong>Yhteensopiva:<br \/>\n<\/strong>\u2022 LuminaLights Predator X2<br \/>\n\u2022 LuminaLights Predator X4<br \/>\n\u2022 Seeker 10X<br \/>\n\u2022 Seeker 20X<br \/>\n\u2022 W-Light Storm 10<br \/>\n\u2022 W-Light Storm 20<br \/>\n\u2022 Optibeam Commander<br \/>\n\u2022 X-Vision Genesis 300<br \/>\n\u2022 X-Vision Genesis 600<br \/>\n\u2022 X-Vision Genesis 800<br \/>\n\u2022 X-Vision Genesis 1100<br \/>\n\u2022 X-Vision Genesis 1300<strong><br \/>\n<\/strong><\/p>\n<\/div>\n<\/div>\n<\/div>\n<div class=\"ProductPageContent__description-details col-sm-12 col-lg-2\">\n<div>\n<h6>Lis\u00e4tiedot<\/h6>\n<div>\n<div class=\"ProductExtraInfo ProductExtraInfo--short-list ProductExtraInfo--single-column\">\n<ul class=\"inline-dot\">\n<li class=\"ProductExtraInfo--product-id\">Tuotekoodi:\u00a03050119903<\/li>\n<li class=\"ProductExtraInfo--warranty\"><span class=\"ProductWarranty\">Takuu:\u00a0<span class=\"ProductWarranty__warranty\">1 vuosi<\/span><\/span><\/li>\n<\/ul>\n<\/div>\n<\/div>\n<\/div>\n<\/div>\n","protected":false},"excerpt":{"rendered":"<p>Tukitangon kiinnike Top Slider\u00a0mahdollistaa latta-mallin yl\u00e4tuen kiinnitt\u00e4misen\u00a0Lazer, LuminaLights\u00a0sek\u00e4\u00a0SAE\/Seeker\u00a0lis\u00e4valopaneeleihin. Ei ole yhteensopiva py\u00f6re\u00e4n tukitangon kanssa. &nbsp; Yhteensopiva: \u2022 LuminaLights Predator X2 \u2022 LuminaLights Predator X4 \u2022 Seeker 10X \u2022 Seeker 20X \u2022 W-Light Storm 10 \u2022 W-Light Storm 20 \u2022 Optibeam Commander \u2022 X-Vision Genesis 300 \u2022 X-Vision Genesis 600 \u2022 X-Vision Genesis 800 \u2022 X-Vision [&hellip;]<\/p>\n","protected":false},"featured_media":14682,"comment_status":"open","ping_status":"closed","template":"","meta":[],"product_brand":[704],"product_cat":[251],"product_tag":[],"class_list":{"0":"post-10889","1":"product","2":"type-product","3":"status-publish","4":"has-post-thumbnail","6":"product_brand-luminalights","7":"product_cat-lisavalotelineet-ja-kiinnikkeet","9":"first","10":"instock","11":"taxable","12":"shipping-taxable","13":"purchasable","14":"product-type-simple"},"yoast_head":"<!-- This site is optimized with the Yoast SEO plugin v27.3 - https:\/\/yoast.com\/product\/yoast-seo-wordpress\/ -->\n<title>Tukitangon kiinnike Top Slider -<\/title>\n<meta name=\"robots\" content=\"index, follow, max-snippet:-1, max-image-preview:large, max-video-preview:-1\" \/>\n<link rel=\"canonical\" href=\"https:\/\/www.duunauspalvelutjarvi.fi\/?product=tukitangon-kiinnike-top-slider\" \/>\n<meta property=\"og:locale\" content=\"fi_FI\" \/>\n<meta property=\"og:type\" content=\"article\" \/>\n<meta property=\"og:title\" content=\"Tukitangon kiinnike Top Slider -\" \/>\n<meta property=\"og:description\" content=\"Tukitangon kiinnike Top Slider\u00a0mahdollistaa latta-mallin yl\u00e4tuen kiinnitt\u00e4misen\u00a0Lazer, LuminaLights\u00a0sek\u00e4\u00a0SAE\/Seeker\u00a0lis\u00e4valopaneeleihin. Ei ole yhteensopiva py\u00f6re\u00e4n tukitangon kanssa. &nbsp; Yhteensopiva: \u2022 LuminaLights Predator X2 \u2022 LuminaLights Predator X4 \u2022 Seeker 10X \u2022 Seeker 20X \u2022 W-Light Storm 10 \u2022 W-Light Storm 20 \u2022 Optibeam Commander \u2022 X-Vision Genesis 300 \u2022 X-Vision Genesis 600 \u2022 X-Vision Genesis 800 \u2022 X-Vision [&hellip;]\" \/>\n<meta property=\"og:url\" content=\"https:\/\/www.duunauspalvelutjarvi.fi\/?product=tukitangon-kiinnike-top-slider\" \/>\n<meta property=\"article:modified_time\" content=\"2025-08-10T19:10:51+00:00\" \/>\n<meta property=\"og:image\" content=\"https:\/\/www.duunauspalvelutjarvi.fi\/wp-content\/uploads\/2021\/10\/TukitangonkiinnikeTopSlider_3050119903_2dc7f020c25b9977ce1acc74795e3631_1.jpg\" \/>\n\t<meta property=\"og:image:width\" content=\"600\" \/>\n\t<meta property=\"og:image:height\" content=\"600\" \/>\n\t<meta property=\"og:image:type\" content=\"image\/jpeg\" \/>\n<meta name=\"twitter:card\" content=\"summary_large_image\" \/>\n<meta name=\"twitter:label1\" content=\"Arvioitu lukuaika\" \/>\n\t<meta name=\"twitter:data1\" content=\"1 minuutti\" \/>\n<script type=\"application\/ld+json\" class=\"yoast-schema-graph\">{\"@context\":\"https:\\\/\\\/schema.org\",\"@graph\":[{\"@type\":\"WebPage\",\"@id\":\"https:\\\/\\\/www.duunauspalvelutjarvi.fi\\\/?product=tukitangon-kiinnike-top-slider\",\"url\":\"https:\\\/\\\/www.duunauspalvelutjarvi.fi\\\/?product=tukitangon-kiinnike-top-slider\",\"name\":\"Tukitangon kiinnike Top Slider -\",\"isPartOf\":{\"@id\":\"https:\\\/\\\/www.duunauspalvelutjarvi.fi\\\/#website\"},\"primaryImageOfPage\":{\"@id\":\"https:\\\/\\\/www.duunauspalvelutjarvi.fi\\\/?product=tukitangon-kiinnike-top-slider#primaryimage\"},\"image\":{\"@id\":\"https:\\\/\\\/www.duunauspalvelutjarvi.fi\\\/?product=tukitangon-kiinnike-top-slider#primaryimage\"},\"thumbnailUrl\":\"https:\\\/\\\/www.duunauspalvelutjarvi.fi\\\/wp-content\\\/uploads\\\/2021\\\/10\\\/TukitangonkiinnikeTopSlider_3050119903_2dc7f020c25b9977ce1acc74795e3631_1.jpg\",\"datePublished\":\"2021-10-15T11:32:37+00:00\",\"dateModified\":\"2025-08-10T19:10:51+00:00\",\"breadcrumb\":{\"@id\":\"https:\\\/\\\/www.duunauspalvelutjarvi.fi\\\/?product=tukitangon-kiinnike-top-slider#breadcrumb\"},\"inLanguage\":\"fi\",\"potentialAction\":[{\"@type\":\"ReadAction\",\"target\":[\"https:\\\/\\\/www.duunauspalvelutjarvi.fi\\\/?product=tukitangon-kiinnike-top-slider\"]}]},{\"@type\":\"ImageObject\",\"inLanguage\":\"fi\",\"@id\":\"https:\\\/\\\/www.duunauspalvelutjarvi.fi\\\/?product=tukitangon-kiinnike-top-slider#primaryimage\",\"url\":\"https:\\\/\\\/www.duunauspalvelutjarvi.fi\\\/wp-content\\\/uploads\\\/2021\\\/10\\\/TukitangonkiinnikeTopSlider_3050119903_2dc7f020c25b9977ce1acc74795e3631_1.jpg\",\"contentUrl\":\"https:\\\/\\\/www.duunauspalvelutjarvi.fi\\\/wp-content\\\/uploads\\\/2021\\\/10\\\/TukitangonkiinnikeTopSlider_3050119903_2dc7f020c25b9977ce1acc74795e3631_1.jpg\",\"width\":600,\"height\":600},{\"@type\":\"BreadcrumbList\",\"@id\":\"https:\\\/\\\/www.duunauspalvelutjarvi.fi\\\/?product=tukitangon-kiinnike-top-slider#breadcrumb\",\"itemListElement\":[{\"@type\":\"ListItem\",\"position\":1,\"name\":\"Etusivu\",\"item\":\"https:\\\/\\\/www.duunauspalvelutjarvi.fi\\\/\"},{\"@type\":\"ListItem\",\"position\":2,\"name\":\"Etusivu\",\"item\":\"https:\\\/\\\/www.duunauspalvelutjarvi.fi\\\/\"},{\"@type\":\"ListItem\",\"position\":3,\"name\":\"Tukitangon kiinnike Top Slider\"}]},{\"@type\":\"WebSite\",\"@id\":\"https:\\\/\\\/www.duunauspalvelutjarvi.fi\\\/#website\",\"url\":\"https:\\\/\\\/www.duunauspalvelutjarvi.fi\\\/\",\"name\":\"\",\"description\":\"\",\"potentialAction\":[{\"@type\":\"SearchAction\",\"target\":{\"@type\":\"EntryPoint\",\"urlTemplate\":\"https:\\\/\\\/www.duunauspalvelutjarvi.fi\\\/?s={search_term_string}\"},\"query-input\":{\"@type\":\"PropertyValueSpecification\",\"valueRequired\":true,\"valueName\":\"search_term_string\"}}],\"inLanguage\":\"fi\"}]}<\/script>\n<!-- \/ Yoast SEO plugin. -->","yoast_head_json":{"title":"Tukitangon kiinnike Top Slider -","robots":{"index":"index","follow":"follow","max-snippet":"max-snippet:-1","max-image-preview":"max-image-preview:large","max-video-preview":"max-video-preview:-1"},"canonical":"https:\/\/www.duunauspalvelutjarvi.fi\/?product=tukitangon-kiinnike-top-slider","og_locale":"fi_FI","og_type":"article","og_title":"Tukitangon kiinnike Top Slider -","og_description":"Tukitangon kiinnike Top Slider\u00a0mahdollistaa latta-mallin yl\u00e4tuen kiinnitt\u00e4misen\u00a0Lazer, LuminaLights\u00a0sek\u00e4\u00a0SAE\/Seeker\u00a0lis\u00e4valopaneeleihin. Ei ole yhteensopiva py\u00f6re\u00e4n tukitangon kanssa. &nbsp; Yhteensopiva: \u2022 LuminaLights Predator X2 \u2022 LuminaLights Predator X4 \u2022 Seeker 10X \u2022 Seeker 20X \u2022 W-Light Storm 10 \u2022 W-Light Storm 20 \u2022 Optibeam Commander \u2022 X-Vision Genesis 300 \u2022 X-Vision Genesis 600 \u2022 X-Vision Genesis 800 \u2022 X-Vision [&hellip;]","og_url":"https:\/\/www.duunauspalvelutjarvi.fi\/?product=tukitangon-kiinnike-top-slider","article_modified_time":"2025-08-10T19:10:51+00:00","og_image":[{"width":600,"height":600,"url":"https:\/\/www.duunauspalvelutjarvi.fi\/wp-content\/uploads\/2021\/10\/TukitangonkiinnikeTopSlider_3050119903_2dc7f020c25b9977ce1acc74795e3631_1.jpg","type":"image\/jpeg"}],"twitter_card":"summary_large_image","twitter_misc":{"Arvioitu lukuaika":"1 minuutti"},"schema":{"@context":"https:\/\/schema.org","@graph":[{"@type":"WebPage","@id":"https:\/\/www.duunauspalvelutjarvi.fi\/?product=tukitangon-kiinnike-top-slider","url":"https:\/\/www.duunauspalvelutjarvi.fi\/?product=tukitangon-kiinnike-top-slider","name":"Tukitangon kiinnike Top Slider -","isPartOf":{"@id":"https:\/\/www.duunauspalvelutjarvi.fi\/#website"},"primaryImageOfPage":{"@id":"https:\/\/www.duunauspalvelutjarvi.fi\/?product=tukitangon-kiinnike-top-slider#primaryimage"},"image":{"@id":"https:\/\/www.duunauspalvelutjarvi.fi\/?product=tukitangon-kiinnike-top-slider#primaryimage"},"thumbnailUrl":"https:\/\/www.duunauspalvelutjarvi.fi\/wp-content\/uploads\/2021\/10\/TukitangonkiinnikeTopSlider_3050119903_2dc7f020c25b9977ce1acc74795e3631_1.jpg","datePublished":"2021-10-15T11:32:37+00:00","dateModified":"2025-08-10T19:10:51+00:00","breadcrumb":{"@id":"https:\/\/www.duunauspalvelutjarvi.fi\/?product=tukitangon-kiinnike-top-slider#breadcrumb"},"inLanguage":"fi","potentialAction":[{"@type":"ReadAction","target":["https:\/\/www.duunauspalvelutjarvi.fi\/?product=tukitangon-kiinnike-top-slider"]}]},{"@type":"ImageObject","inLanguage":"fi","@id":"https:\/\/www.duunauspalvelutjarvi.fi\/?product=tukitangon-kiinnike-top-slider#primaryimage","url":"https:\/\/www.duunauspalvelutjarvi.fi\/wp-content\/uploads\/2021\/10\/TukitangonkiinnikeTopSlider_3050119903_2dc7f020c25b9977ce1acc74795e3631_1.jpg","contentUrl":"https:\/\/www.duunauspalvelutjarvi.fi\/wp-content\/uploads\/2021\/10\/TukitangonkiinnikeTopSlider_3050119903_2dc7f020c25b9977ce1acc74795e3631_1.jpg","width":600,"height":600},{"@type":"BreadcrumbList","@id":"https:\/\/www.duunauspalvelutjarvi.fi\/?product=tukitangon-kiinnike-top-slider#breadcrumb","itemListElement":[{"@type":"ListItem","position":1,"name":"Etusivu","item":"https:\/\/www.duunauspalvelutjarvi.fi\/"},{"@type":"ListItem","position":2,"name":"Etusivu","item":"https:\/\/www.duunauspalvelutjarvi.fi\/"},{"@type":"ListItem","position":3,"name":"Tukitangon kiinnike Top Slider"}]},{"@type":"WebSite","@id":"https:\/\/www.duunauspalvelutjarvi.fi\/#website","url":"https:\/\/www.duunauspalvelutjarvi.fi\/","name":"","description":"","potentialAction":[{"@type":"SearchAction","target":{"@type":"EntryPoint","urlTemplate":"https:\/\/www.duunauspalvelutjarvi.fi\/?s={search_term_string}"},"query-input":{"@type":"PropertyValueSpecification","valueRequired":true,"valueName":"search_term_string"}}],"inLanguage":"fi"}]}},"jetpack_sharing_enabled":true,"_links":{"self":[{"href":"https:\/\/www.duunauspalvelutjarvi.fi\/index.php?rest_route=\/wp\/v2\/product\/10889","targetHints":{"allow":["GET"]}}],"collection":[{"href":"https:\/\/www.duunauspalvelutjarvi.fi\/index.php?rest_route=\/wp\/v2\/product"}],"about":[{"href":"https:\/\/www.duunauspalvelutjarvi.fi\/index.php?rest_route=\/wp\/v2\/types\/product"}],"replies":[{"embeddable":true,"href":"https:\/\/www.duunauspalvelutjarvi.fi\/index.php?rest_route=%2Fwp%2Fv2%2Fcomments&post=10889"}],"wp:featuredmedia":[{"embeddable":true,"href":"https:\/\/www.duunauspalvelutjarvi.fi\/index.php?rest_route=\/wp\/v2\/media\/14682"}],"wp:attachment":[{"href":"https:\/\/www.duunauspalvelutjarvi.fi\/index.php?rest_route=%2Fwp%2Fv2%2Fmedia&parent=10889"}],"wp:term":[{"taxonomy":"product_brand","embeddable":true,"href":"https:\/\/www.duunauspalvelutjarvi.fi\/index.php?rest_route=%2Fwp%2Fv2%2Fproduct_brand&post=10889"},{"taxonomy":"product_cat","embeddable":true,"href":"https:\/\/www.duunauspalvelutjarvi.fi\/index.php?rest_route=%2Fwp%2Fv2%2Fproduct_cat&post=10889"},{"taxonomy":"product_tag","embeddable":true,"href":"https:\/\/www.duunauspalvelutjarvi.fi\/index.php?rest_route=%2Fwp%2Fv2%2Fproduct_tag&post=10889"}],"curies":[{"name":"wp","href":"https:\/\/api.w.org\/{rel}","templated":true}]}}