{"id":11174,"date":"2021-11-01T12:12:10","date_gmt":"2021-11-01T10:12:10","guid":{"rendered":"https:\/\/www.duunauspalvelutjarvi.fi\/?post_type=product&#038;p=11174"},"modified":"2024-03-22T20:50:53","modified_gmt":"2024-03-22T18:50:53","slug":"sahkoauton-latausasema-woima-22kw","status":"publish","type":"product","link":"https:\/\/www.duunauspalvelutjarvi.fi\/?product=sahkoauton-latausasema-woima-22kw","title":{"rendered":"Defa eMove kannettava s\u00e4hk\u00f6auton laturi"},"content":{"rendered":"<p>Defa eMove on kannettava Mode 2-s\u00e4hk\u00f6auton laturi, varustettu tehotilalla. Tehotila mahdollistaa nopeamman latauksen tarvittaessa. eMoven k\u00e4ytt\u00f6 on tehty eritt\u00e4in turvalliseksi ja k\u00e4ytt\u00e4j\u00e4yst\u00e4v\u00e4lliseksi, k\u00e4ytt\u00f6 yhdell\u00e4 Mode-painikkeella. eMove-kaapelit pysyv\u00e4t pehmein\u00e4 ja joustavina my\u00f6s eritt\u00e4in kylm\u00e4ll\u00e4 s\u00e4\u00e4ll\u00e4. T\u00e4m\u00e4n ansiosta niiden k\u00e4ytt\u00f6 ja varastointi on helppoa jopa -40 asteen l\u00e4mp\u00f6tilassa. 1-vaihe lataus, Schuko-Type2 -kaapeli, normaalivirta 8A (230Vx8A=1.8kW), tehotila (2H) 12A. Vikavirtasuoja: 30 mA AC, 6 mA DC. Johdon pituus: 6,00 m<\/p>\n","protected":false},"excerpt":{"rendered":"<p>Defa eMove on kannettava Mode 2-s\u00e4hk\u00f6auton laturi, varustettu tehotilalla. Tehotila mahdollistaa nopeamman latauksen tarvittaessa. eMoven k\u00e4ytt\u00f6 on tehty eritt\u00e4in turvalliseksi ja k\u00e4ytt\u00e4j\u00e4yst\u00e4v\u00e4lliseksi, k\u00e4ytt\u00f6 yhdell\u00e4 Mode-painikkeella. eMove-kaapelit pysyv\u00e4t pehmein\u00e4 ja joustavina my\u00f6s eritt\u00e4in kylm\u00e4ll\u00e4 s\u00e4\u00e4ll\u00e4. T\u00e4m\u00e4n ansiosta niiden k\u00e4ytt\u00f6 ja varastointi on helppoa jopa -40 asteen l\u00e4mp\u00f6tilassa. 1-vaihe lataus, Schuko-Type2 -kaapeli, normaalivirta 8A (230Vx8A=1.8kW), tehotila (2H) [&hellip;]<\/p>\n","protected":false},"featured_media":14646,"comment_status":"open","ping_status":"closed","template":"","meta":[],"product_brand":[],"product_cat":[628],"product_tag":[],"class_list":{"0":"post-11174","1":"product","2":"type-product","3":"status-publish","4":"has-post-thumbnail","6":"product_cat-latausasemat-sahkoautoille","8":"first","9":"instock","10":"taxable","11":"shipping-taxable","12":"purchasable","13":"product-type-simple"},"yoast_head":"<!-- This site is optimized with the Yoast SEO plugin v27.4 - https:\/\/yoast.com\/product\/yoast-seo-wordpress\/ -->\n<title>Defa eMove kannettava s\u00e4hk\u00f6auton laturi -<\/title>\n<meta name=\"robots\" content=\"index, follow, max-snippet:-1, max-image-preview:large, max-video-preview:-1\" \/>\n<link rel=\"canonical\" href=\"https:\/\/www.duunauspalvelutjarvi.fi\/?product=sahkoauton-latausasema-woima-22kw\" \/>\n<meta property=\"og:locale\" content=\"fi_FI\" \/>\n<meta property=\"og:type\" content=\"article\" \/>\n<meta property=\"og:title\" content=\"Defa eMove kannettava s\u00e4hk\u00f6auton laturi -\" \/>\n<meta property=\"og:description\" content=\"Defa eMove on kannettava Mode 2-s\u00e4hk\u00f6auton laturi, varustettu tehotilalla. Tehotila mahdollistaa nopeamman latauksen tarvittaessa. eMoven k\u00e4ytt\u00f6 on tehty eritt\u00e4in turvalliseksi ja k\u00e4ytt\u00e4j\u00e4yst\u00e4v\u00e4lliseksi, k\u00e4ytt\u00f6 yhdell\u00e4 Mode-painikkeella. eMove-kaapelit pysyv\u00e4t pehmein\u00e4 ja joustavina my\u00f6s eritt\u00e4in kylm\u00e4ll\u00e4 s\u00e4\u00e4ll\u00e4. T\u00e4m\u00e4n ansiosta niiden k\u00e4ytt\u00f6 ja varastointi on helppoa jopa -40 asteen l\u00e4mp\u00f6tilassa. 1-vaihe lataus, Schuko-Type2 -kaapeli, normaalivirta 8A (230Vx8A=1.8kW), tehotila (2H) [&hellip;]\" \/>\n<meta property=\"og:url\" content=\"https:\/\/www.duunauspalvelutjarvi.fi\/?product=sahkoauton-latausasema-woima-22kw\" \/>\n<meta property=\"article:modified_time\" content=\"2024-03-22T18:50:53+00:00\" \/>\n<meta property=\"og:image\" content=\"https:\/\/www.duunauspalvelutjarvi.fi\/wp-content\/uploads\/2021\/11\/DefaeMovekannettavasahkoautonlaturi_8020105386_b81f49416c2f2a047eb32d1840061445_3.jpg\" \/>\n\t<meta property=\"og:image:width\" content=\"1500\" \/>\n\t<meta property=\"og:image:height\" content=\"1200\" \/>\n\t<meta property=\"og:image:type\" content=\"image\/jpeg\" \/>\n<meta name=\"twitter:card\" content=\"summary_large_image\" \/>\n<meta name=\"twitter:label1\" content=\"Arvioitu lukuaika\" \/>\n\t<meta name=\"twitter:data1\" content=\"1 minuutti\" \/>\n<script type=\"application\/ld+json\" class=\"yoast-schema-graph\">{\"@context\":\"https:\\\/\\\/schema.org\",\"@graph\":[{\"@type\":\"WebPage\",\"@id\":\"https:\\\/\\\/www.duunauspalvelutjarvi.fi\\\/?product=sahkoauton-latausasema-woima-22kw\",\"url\":\"https:\\\/\\\/www.duunauspalvelutjarvi.fi\\\/?product=sahkoauton-latausasema-woima-22kw\",\"name\":\"Defa eMove kannettava s\u00e4hk\u00f6auton laturi -\",\"isPartOf\":{\"@id\":\"https:\\\/\\\/www.duunauspalvelutjarvi.fi\\\/#website\"},\"primaryImageOfPage\":{\"@id\":\"https:\\\/\\\/www.duunauspalvelutjarvi.fi\\\/?product=sahkoauton-latausasema-woima-22kw#primaryimage\"},\"image\":{\"@id\":\"https:\\\/\\\/www.duunauspalvelutjarvi.fi\\\/?product=sahkoauton-latausasema-woima-22kw#primaryimage\"},\"thumbnailUrl\":\"https:\\\/\\\/www.duunauspalvelutjarvi.fi\\\/wp-content\\\/uploads\\\/2021\\\/11\\\/DefaeMovekannettavasahkoautonlaturi_8020105386_b81f49416c2f2a047eb32d1840061445_3.jpg\",\"datePublished\":\"2021-11-01T10:12:10+00:00\",\"dateModified\":\"2024-03-22T18:50:53+00:00\",\"breadcrumb\":{\"@id\":\"https:\\\/\\\/www.duunauspalvelutjarvi.fi\\\/?product=sahkoauton-latausasema-woima-22kw#breadcrumb\"},\"inLanguage\":\"fi\",\"potentialAction\":[{\"@type\":\"ReadAction\",\"target\":[\"https:\\\/\\\/www.duunauspalvelutjarvi.fi\\\/?product=sahkoauton-latausasema-woima-22kw\"]}]},{\"@type\":\"ImageObject\",\"inLanguage\":\"fi\",\"@id\":\"https:\\\/\\\/www.duunauspalvelutjarvi.fi\\\/?product=sahkoauton-latausasema-woima-22kw#primaryimage\",\"url\":\"https:\\\/\\\/www.duunauspalvelutjarvi.fi\\\/wp-content\\\/uploads\\\/2021\\\/11\\\/DefaeMovekannettavasahkoautonlaturi_8020105386_b81f49416c2f2a047eb32d1840061445_3.jpg\",\"contentUrl\":\"https:\\\/\\\/www.duunauspalvelutjarvi.fi\\\/wp-content\\\/uploads\\\/2021\\\/11\\\/DefaeMovekannettavasahkoautonlaturi_8020105386_b81f49416c2f2a047eb32d1840061445_3.jpg\",\"width\":1500,\"height\":1200},{\"@type\":\"BreadcrumbList\",\"@id\":\"https:\\\/\\\/www.duunauspalvelutjarvi.fi\\\/?product=sahkoauton-latausasema-woima-22kw#breadcrumb\",\"itemListElement\":[{\"@type\":\"ListItem\",\"position\":1,\"name\":\"Etusivu\",\"item\":\"https:\\\/\\\/www.duunauspalvelutjarvi.fi\\\/\"},{\"@type\":\"ListItem\",\"position\":2,\"name\":\"Etusivu\",\"item\":\"https:\\\/\\\/www.duunauspalvelutjarvi.fi\\\/\"},{\"@type\":\"ListItem\",\"position\":3,\"name\":\"Defa eMove kannettava s\u00e4hk\u00f6auton laturi\"}]},{\"@type\":\"WebSite\",\"@id\":\"https:\\\/\\\/www.duunauspalvelutjarvi.fi\\\/#website\",\"url\":\"https:\\\/\\\/www.duunauspalvelutjarvi.fi\\\/\",\"name\":\"\",\"description\":\"\",\"potentialAction\":[{\"@type\":\"SearchAction\",\"target\":{\"@type\":\"EntryPoint\",\"urlTemplate\":\"https:\\\/\\\/www.duunauspalvelutjarvi.fi\\\/?s={search_term_string}\"},\"query-input\":{\"@type\":\"PropertyValueSpecification\",\"valueRequired\":true,\"valueName\":\"search_term_string\"}}],\"inLanguage\":\"fi\"}]}<\/script>\n<!-- \/ Yoast SEO plugin. -->","yoast_head_json":{"title":"Defa eMove kannettava s\u00e4hk\u00f6auton laturi -","robots":{"index":"index","follow":"follow","max-snippet":"max-snippet:-1","max-image-preview":"max-image-preview:large","max-video-preview":"max-video-preview:-1"},"canonical":"https:\/\/www.duunauspalvelutjarvi.fi\/?product=sahkoauton-latausasema-woima-22kw","og_locale":"fi_FI","og_type":"article","og_title":"Defa eMove kannettava s\u00e4hk\u00f6auton laturi -","og_description":"Defa eMove on kannettava Mode 2-s\u00e4hk\u00f6auton laturi, varustettu tehotilalla. Tehotila mahdollistaa nopeamman latauksen tarvittaessa. eMoven k\u00e4ytt\u00f6 on tehty eritt\u00e4in turvalliseksi ja k\u00e4ytt\u00e4j\u00e4yst\u00e4v\u00e4lliseksi, k\u00e4ytt\u00f6 yhdell\u00e4 Mode-painikkeella. eMove-kaapelit pysyv\u00e4t pehmein\u00e4 ja joustavina my\u00f6s eritt\u00e4in kylm\u00e4ll\u00e4 s\u00e4\u00e4ll\u00e4. T\u00e4m\u00e4n ansiosta niiden k\u00e4ytt\u00f6 ja varastointi on helppoa jopa -40 asteen l\u00e4mp\u00f6tilassa. 1-vaihe lataus, Schuko-Type2 -kaapeli, normaalivirta 8A (230Vx8A=1.8kW), tehotila (2H) [&hellip;]","og_url":"https:\/\/www.duunauspalvelutjarvi.fi\/?product=sahkoauton-latausasema-woima-22kw","article_modified_time":"2024-03-22T18:50:53+00:00","og_image":[{"width":1500,"height":1200,"url":"https:\/\/www.duunauspalvelutjarvi.fi\/wp-content\/uploads\/2021\/11\/DefaeMovekannettavasahkoautonlaturi_8020105386_b81f49416c2f2a047eb32d1840061445_3.jpg","type":"image\/jpeg"}],"twitter_card":"summary_large_image","twitter_misc":{"Arvioitu lukuaika":"1 minuutti"},"schema":{"@context":"https:\/\/schema.org","@graph":[{"@type":"WebPage","@id":"https:\/\/www.duunauspalvelutjarvi.fi\/?product=sahkoauton-latausasema-woima-22kw","url":"https:\/\/www.duunauspalvelutjarvi.fi\/?product=sahkoauton-latausasema-woima-22kw","name":"Defa eMove kannettava s\u00e4hk\u00f6auton laturi -","isPartOf":{"@id":"https:\/\/www.duunauspalvelutjarvi.fi\/#website"},"primaryImageOfPage":{"@id":"https:\/\/www.duunauspalvelutjarvi.fi\/?product=sahkoauton-latausasema-woima-22kw#primaryimage"},"image":{"@id":"https:\/\/www.duunauspalvelutjarvi.fi\/?product=sahkoauton-latausasema-woima-22kw#primaryimage"},"thumbnailUrl":"https:\/\/www.duunauspalvelutjarvi.fi\/wp-content\/uploads\/2021\/11\/DefaeMovekannettavasahkoautonlaturi_8020105386_b81f49416c2f2a047eb32d1840061445_3.jpg","datePublished":"2021-11-01T10:12:10+00:00","dateModified":"2024-03-22T18:50:53+00:00","breadcrumb":{"@id":"https:\/\/www.duunauspalvelutjarvi.fi\/?product=sahkoauton-latausasema-woima-22kw#breadcrumb"},"inLanguage":"fi","potentialAction":[{"@type":"ReadAction","target":["https:\/\/www.duunauspalvelutjarvi.fi\/?product=sahkoauton-latausasema-woima-22kw"]}]},{"@type":"ImageObject","inLanguage":"fi","@id":"https:\/\/www.duunauspalvelutjarvi.fi\/?product=sahkoauton-latausasema-woima-22kw#primaryimage","url":"https:\/\/www.duunauspalvelutjarvi.fi\/wp-content\/uploads\/2021\/11\/DefaeMovekannettavasahkoautonlaturi_8020105386_b81f49416c2f2a047eb32d1840061445_3.jpg","contentUrl":"https:\/\/www.duunauspalvelutjarvi.fi\/wp-content\/uploads\/2021\/11\/DefaeMovekannettavasahkoautonlaturi_8020105386_b81f49416c2f2a047eb32d1840061445_3.jpg","width":1500,"height":1200},{"@type":"BreadcrumbList","@id":"https:\/\/www.duunauspalvelutjarvi.fi\/?product=sahkoauton-latausasema-woima-22kw#breadcrumb","itemListElement":[{"@type":"ListItem","position":1,"name":"Etusivu","item":"https:\/\/www.duunauspalvelutjarvi.fi\/"},{"@type":"ListItem","position":2,"name":"Etusivu","item":"https:\/\/www.duunauspalvelutjarvi.fi\/"},{"@type":"ListItem","position":3,"name":"Defa eMove kannettava s\u00e4hk\u00f6auton laturi"}]},{"@type":"WebSite","@id":"https:\/\/www.duunauspalvelutjarvi.fi\/#website","url":"https:\/\/www.duunauspalvelutjarvi.fi\/","name":"","description":"","potentialAction":[{"@type":"SearchAction","target":{"@type":"EntryPoint","urlTemplate":"https:\/\/www.duunauspalvelutjarvi.fi\/?s={search_term_string}"},"query-input":{"@type":"PropertyValueSpecification","valueRequired":true,"valueName":"search_term_string"}}],"inLanguage":"fi"}]}},"jetpack_sharing_enabled":true,"_links":{"self":[{"href":"https:\/\/www.duunauspalvelutjarvi.fi\/index.php?rest_route=\/wp\/v2\/product\/11174","targetHints":{"allow":["GET"]}}],"collection":[{"href":"https:\/\/www.duunauspalvelutjarvi.fi\/index.php?rest_route=\/wp\/v2\/product"}],"about":[{"href":"https:\/\/www.duunauspalvelutjarvi.fi\/index.php?rest_route=\/wp\/v2\/types\/product"}],"replies":[{"embeddable":true,"href":"https:\/\/www.duunauspalvelutjarvi.fi\/index.php?rest_route=%2Fwp%2Fv2%2Fcomments&post=11174"}],"wp:featuredmedia":[{"embeddable":true,"href":"https:\/\/www.duunauspalvelutjarvi.fi\/index.php?rest_route=\/wp\/v2\/media\/14646"}],"wp:attachment":[{"href":"https:\/\/www.duunauspalvelutjarvi.fi\/index.php?rest_route=%2Fwp%2Fv2%2Fmedia&parent=11174"}],"wp:term":[{"taxonomy":"product_brand","embeddable":true,"href":"https:\/\/www.duunauspalvelutjarvi.fi\/index.php?rest_route=%2Fwp%2Fv2%2Fproduct_brand&post=11174"},{"taxonomy":"product_cat","embeddable":true,"href":"https:\/\/www.duunauspalvelutjarvi.fi\/index.php?rest_route=%2Fwp%2Fv2%2Fproduct_cat&post=11174"},{"taxonomy":"product_tag","embeddable":true,"href":"https:\/\/www.duunauspalvelutjarvi.fi\/index.php?rest_route=%2Fwp%2Fv2%2Fproduct_tag&post=11174"}],"curies":[{"name":"wp","href":"https:\/\/api.w.org\/{rel}","templated":true}]}}