{"id":11179,"date":"2021-11-01T12:15:39","date_gmt":"2021-11-01T10:15:39","guid":{"rendered":"https:\/\/www.duunauspalvelutjarvi.fi\/?post_type=product&#038;p=11179"},"modified":"2024-03-22T20:48:18","modified_gmt":"2024-03-22T18:48:18","slug":"sahkoauton-latausasema-kannettava-ctek-14-11kw","status":"publish","type":"product","link":"https:\/\/www.duunauspalvelutjarvi.fi\/?product=sahkoauton-latausasema-kannettava-ctek-14-11kw","title":{"rendered":"NJORD GO S\u00e4hk\u00f6auton latausasema TYPE2"},"content":{"rendered":"<p><em><strong>Kuvassa n\u00e4kyv\u00e4 lukittava sein\u00e4teline kaupanp\u00e4\u00e4lle!<\/strong><\/em><\/p>\n<p>CTEK NJORD\u00ae GO on mukana kulkeva 11 kW:n latauslaite s\u00e4hk\u00f6ajoneuvoille. Sen avulla lataat s\u00e4hk\u00f6ajoneuvon nopeasti ja luotettavasti niin kotona kuin liikkeell\u00e4 ollessasikin. Ilmaiseksi ladattavan CTEK-sovelluksen avulla voit hallita latausta ja latausaikataulua Android tai iOS-matkapuhelimella.<\/p>\n<p><strong>\u00c4LYK\u00c4S, HELPPOK\u00c4YTT\u00d6INEN JA HELPOSTI MUKANA\u00a0<\/strong><strong>KULKEVA<\/strong><br \/>\nCTEKin NJORD\u00ae GO on kest\u00e4v\u00e4, kevyesti liikuteltava ja monipuolinen s\u00e4hk\u00f6ajoneuvojen latauslaite, jossa on tyypin 2 latausliitin ja jopa 11 kW:n latauskapasiteetti. Se on varustettu kiinte\u00e4ll\u00e4 1,5 m virtakaapelilla ja tukevalla 5 m:n latauskaapelilla. Ylim\u00e4\u00e4r\u00e4isi\u00e4 asennuksia ei tarvitse tehd\u00e4. Kytke vain laturi helposti k\u00e4sill\u00e4 olevaan CEEkolmivaihepistokkeeseen, niin kaikki on valmista lataukseen. Laturin led n\u00e4ytt\u00f6 kertoo selke\u00e4sti latauksen tilan. Ilmaiseksi ladattavan CTEK APP -sovelluksen avulla voit hallita latausta ja latausaikataulua Android- tai iOSmatkapuhelimella.<\/p>\n<p>NJORD\u00ae GOssa on huippuluokan konvektioj\u00e4\u00e4hdytys, joten voit ladata suurella teholla vaikka ymp\u00e4rist\u00f6n l\u00e4mp\u00f6tila on korkea.<\/p>\n<p><strong>CTEK APP -SOVELLUS \u2013 OTA S\u00c4HK\u00d6AJONEUVOSI LATAUS HALLINTAAN<\/strong><br \/>\nLatauslaitetta voi k\u00e4ytt\u00e4\u00e4 CTEK APP-sovelluksella, jolloin k\u00e4ytett\u00e4viss\u00e4 olevat lis\u00e4toiminnot mahdollistavat t\u00e4ydellisen latauksen hallinnan ja valvonnan matkapuhelimella.<\/p>\n<p><strong>Ominaisuuksia<\/strong><\/p>\n<ul>\n<li>Kustannustehokas tyypin 2, 16 A:n 3-vaihelaturi (11 kW) s\u00e4hk\u00f6ajoneuvoille.<\/li>\n<li>Tukee sek\u00e4 BEV- ett\u00e4 PHEV-ajoneuvoja.<\/li>\n<li>Ylim\u00e4\u00e4r\u00e4isi\u00e4 s\u00e4hk\u00f6asennuksia ei tarvitse tehd\u00e4 \u2013 kytke vain laite kodin tai yrityksen kolmivaiheiseen CEEpistorasiaan.<\/li>\n<li>Pieni, kevyesti liikuteltava laite k\u00e4ytett\u00e4v\u00e4ksi useissa paikoissa.<\/li>\n<li>Kest\u00e4v\u00e4, iskunkest\u00e4v\u00e4 kotelo.<\/li>\n<li>Integroidut turvaominaisuudet turvallista p\u00e4ivitt\u00e4isk\u00e4ytt\u00f6\u00e4 ajatellen.<\/li>\n<li>Helppolukuinen k\u00e4ytt\u00f6liittym\u00e4 lataustilan ilmaisimella.<\/li>\n<li>CTEK APP -sovellus mahdollistaa latausvirran ja -aikataulun hallinnan matkapuhelimella.<\/li>\n<\/ul>\n<p>&nbsp;<\/p>\n<p><strong>Tekniset tiedot<\/strong><\/p>\n<ul>\n<li>Latausmenetelm\u00e4 Mode 2<\/li>\n<li>Laturin luokka AC-lataus<\/li>\n<li>Ajoneuvoliitin Tyyppi 2<\/li>\n<li>Verkkovirtaliitin CEE 16 A \/ 400 V 5P<\/li>\n<li>Vaiheiden m\u00e4\u00e4r\u00e4 3-vaiheinen<\/li>\n<li>Latausvirta 6\u201316 A<\/li>\n<li>Latausteho 1,4\u201311 kW<\/li>\n<li>Kosteus 0\u201395 %<\/li>\n<li>J\u00e4\u00e4hdytys Vapaa konvektio<\/li>\n<li>Maattovian tunnistus Maavuotovirta 30 mA AC, 6 mA DC<\/li>\n<li>Energiamittari Kyll\u00e4, sis\u00e4inen<\/li>\n<li>Asemointi Siirrett\u00e4v\u00e4 (sein\u00e4asennussarja saatavana lis\u00e4varusteena), sein\u00e4asennus (erikoissarjalla)<\/li>\n<li>Kotelon mitat 140 x 250 x 80 mm<\/li>\n<li>Kotelon materiaali Muovi, metalli<\/li>\n<li>Kotelon v\u00e4ri Musta<\/li>\n<li>Latauskaapelin pituus 5 m<\/li>\n<li>Virtakaapelin pituus 1,5 m<\/li>\n<li>Nettopaino (yksikk\u00f6 kaapeleiden kanssa) noin 4 kg<\/li>\n<li>K\u00e4ytt\u00f6liittym\u00e4 LED-k\u00e4ytt\u00f6liittym\u00e4<\/li>\n<li>Yhteydet Langaton Bluetooth\u00ae-teknologia, Wi-Fi<\/li>\n<li>Verkkoprotokolla OCPP 1.6<\/li>\n<li>Sovellustuki \u00c4lypuhelinn\u00e4ytt\u00f6, CTEK-sovellus Android- ja iOS-laitteisiin<\/li>\n<li>Nimellistaajuus, fn 50 Hz<\/li>\n<li>Nimellinen eriaikaisuuskerroin, RDF 1<\/li>\n<li>Nimellinen eristej\u00e4nnite Ui 400 V<\/li>\n<li>Nimellinen sy\u00f6ksynkestoj\u00e4nnite Uimp 4 kV<\/li>\n<li>Nimellinen dynaaminen kestovirta Ipk 6 kA<\/li>\n<li>Nimellinen terminen kestovirta, lcw 6 kA<\/li>\n<li>Suurin prospektiivinen oikosulkuvirta, Icp 6 kA<\/li>\n<li>Ylij\u00e4nniteluokka III<\/li>\n<li>Likaantumisaste 3<\/li>\n<li>Ulkoinen mekaaninen isku IK10<\/li>\n<li>Tarkoitettu k\u00e4ytett\u00e4v\u00e4ksi s\u00e4hk\u00f6magneettisesti yhteensopivassa ymp\u00e4rist\u00f6ss\u00e4 B<\/li>\n<li>K\u00e4ytt\u00f6tarkoitus Asuink\u00e4ytt\u00f6<\/li>\n<li>Ymp\u00e4rist\u00f6n k\u00e4ytt\u00f6l\u00e4mp\u00f6tila ja varastointil\u00e4mp\u00f6tila -30 \u00baC \u2013 +50 \u00baC<\/li>\n<li>Takuu 24kk<\/li>\n<\/ul>\n<p><strong>TEKNISET TIEDOT \u2013 RCD<\/strong><\/p>\n<ul>\n<li>Nimellinen sulkemiskyky ja katkaisukyky, Im 200 A<\/li>\n<\/ul>\n","protected":false},"excerpt":{"rendered":"<p>Kuvassa n\u00e4kyv\u00e4 lukittava sein\u00e4teline kaupanp\u00e4\u00e4lle! CTEK NJORD\u00ae GO on mukana kulkeva 11 kW:n latauslaite s\u00e4hk\u00f6ajoneuvoille. Sen avulla lataat s\u00e4hk\u00f6ajoneuvon nopeasti ja luotettavasti niin kotona kuin liikkeell\u00e4 ollessasikin. Ilmaiseksi ladattavan CTEK-sovelluksen avulla voit hallita latausta ja latausaikataulua Android tai iOS-matkapuhelimella. \u00c4LYK\u00c4S, HELPPOK\u00c4YTT\u00d6INEN JA HELPOSTI MUKANA\u00a0KULKEVA CTEKin NJORD\u00ae GO on kest\u00e4v\u00e4, kevyesti liikuteltava ja monipuolinen s\u00e4hk\u00f6ajoneuvojen latauslaite, [&hellip;]<\/p>\n","protected":false},"featured_media":14644,"comment_status":"open","ping_status":"closed","template":"","meta":[],"product_brand":[],"product_cat":[628],"product_tag":[],"class_list":{"0":"post-11179","1":"product","2":"type-product","3":"status-publish","4":"has-post-thumbnail","6":"product_cat-latausasemat-sahkoautoille","8":"first","9":"instock","10":"sale","11":"taxable","12":"shipping-taxable","13":"purchasable","14":"product-type-simple"},"yoast_head":"<!-- This site is optimized with the Yoast SEO plugin v27.6 - https:\/\/yoast.com\/product\/yoast-seo-wordpress\/ -->\n<title>NJORD GO S\u00e4hk\u00f6auton latausasema TYPE2 -<\/title>\n<meta name=\"robots\" content=\"index, follow, max-snippet:-1, max-image-preview:large, max-video-preview:-1\" \/>\n<link rel=\"canonical\" href=\"https:\/\/www.duunauspalvelutjarvi.fi\/?product=sahkoauton-latausasema-kannettava-ctek-14-11kw\" \/>\n<meta property=\"og:locale\" content=\"fi_FI\" \/>\n<meta property=\"og:type\" content=\"article\" \/>\n<meta property=\"og:title\" content=\"NJORD GO S\u00e4hk\u00f6auton latausasema TYPE2 -\" \/>\n<meta property=\"og:description\" content=\"Kuvassa n\u00e4kyv\u00e4 lukittava sein\u00e4teline kaupanp\u00e4\u00e4lle! CTEK NJORD\u00ae GO on mukana kulkeva 11 kW:n latauslaite s\u00e4hk\u00f6ajoneuvoille. Sen avulla lataat s\u00e4hk\u00f6ajoneuvon nopeasti ja luotettavasti niin kotona kuin liikkeell\u00e4 ollessasikin. Ilmaiseksi ladattavan CTEK-sovelluksen avulla voit hallita latausta ja latausaikataulua Android tai iOS-matkapuhelimella. \u00c4LYK\u00c4S, HELPPOK\u00c4YTT\u00d6INEN JA HELPOSTI MUKANA\u00a0KULKEVA CTEKin NJORD\u00ae GO on kest\u00e4v\u00e4, kevyesti liikuteltava ja monipuolinen s\u00e4hk\u00f6ajoneuvojen latauslaite, [&hellip;]\" \/>\n<meta property=\"og:url\" content=\"https:\/\/www.duunauspalvelutjarvi.fi\/?product=sahkoauton-latausasema-kannettava-ctek-14-11kw\" \/>\n<meta property=\"article:modified_time\" content=\"2024-03-22T18:48:18+00:00\" \/>\n<meta property=\"og:image\" content=\"https:\/\/www.duunauspalvelutjarvi.fi\/wp-content\/uploads\/2021\/11\/CTEKNJORDGOSahkoautonlatausasemaTYPE2_8020108038_e43a83b4ffaa88448ce60ab10c3a4ca2_1.jpeg\" \/>\n\t<meta property=\"og:image:width\" content=\"1173\" \/>\n\t<meta property=\"og:image:height\" content=\"1048\" \/>\n\t<meta property=\"og:image:type\" content=\"image\/jpeg\" \/>\n<meta name=\"twitter:card\" content=\"summary_large_image\" \/>\n<meta name=\"twitter:label1\" content=\"Arvioitu lukuaika\" \/>\n\t<meta name=\"twitter:data1\" content=\"3 minuuttia\" \/>\n<script type=\"application\/ld+json\" class=\"yoast-schema-graph\">{\"@context\":\"https:\\\/\\\/schema.org\",\"@graph\":[{\"@type\":\"WebPage\",\"@id\":\"https:\\\/\\\/www.duunauspalvelutjarvi.fi\\\/?product=sahkoauton-latausasema-kannettava-ctek-14-11kw\",\"url\":\"https:\\\/\\\/www.duunauspalvelutjarvi.fi\\\/?product=sahkoauton-latausasema-kannettava-ctek-14-11kw\",\"name\":\"NJORD GO S\u00e4hk\u00f6auton latausasema TYPE2 -\",\"isPartOf\":{\"@id\":\"https:\\\/\\\/www.duunauspalvelutjarvi.fi\\\/#website\"},\"primaryImageOfPage\":{\"@id\":\"https:\\\/\\\/www.duunauspalvelutjarvi.fi\\\/?product=sahkoauton-latausasema-kannettava-ctek-14-11kw#primaryimage\"},\"image\":{\"@id\":\"https:\\\/\\\/www.duunauspalvelutjarvi.fi\\\/?product=sahkoauton-latausasema-kannettava-ctek-14-11kw#primaryimage\"},\"thumbnailUrl\":\"https:\\\/\\\/www.duunauspalvelutjarvi.fi\\\/wp-content\\\/uploads\\\/2021\\\/11\\\/CTEKNJORDGOSahkoautonlatausasemaTYPE2_8020108038_e43a83b4ffaa88448ce60ab10c3a4ca2_1.jpeg\",\"datePublished\":\"2021-11-01T10:15:39+00:00\",\"dateModified\":\"2024-03-22T18:48:18+00:00\",\"breadcrumb\":{\"@id\":\"https:\\\/\\\/www.duunauspalvelutjarvi.fi\\\/?product=sahkoauton-latausasema-kannettava-ctek-14-11kw#breadcrumb\"},\"inLanguage\":\"fi\",\"potentialAction\":[{\"@type\":\"ReadAction\",\"target\":[\"https:\\\/\\\/www.duunauspalvelutjarvi.fi\\\/?product=sahkoauton-latausasema-kannettava-ctek-14-11kw\"]}]},{\"@type\":\"ImageObject\",\"inLanguage\":\"fi\",\"@id\":\"https:\\\/\\\/www.duunauspalvelutjarvi.fi\\\/?product=sahkoauton-latausasema-kannettava-ctek-14-11kw#primaryimage\",\"url\":\"https:\\\/\\\/www.duunauspalvelutjarvi.fi\\\/wp-content\\\/uploads\\\/2021\\\/11\\\/CTEKNJORDGOSahkoautonlatausasemaTYPE2_8020108038_e43a83b4ffaa88448ce60ab10c3a4ca2_1.jpeg\",\"contentUrl\":\"https:\\\/\\\/www.duunauspalvelutjarvi.fi\\\/wp-content\\\/uploads\\\/2021\\\/11\\\/CTEKNJORDGOSahkoautonlatausasemaTYPE2_8020108038_e43a83b4ffaa88448ce60ab10c3a4ca2_1.jpeg\",\"width\":1173,\"height\":1048},{\"@type\":\"BreadcrumbList\",\"@id\":\"https:\\\/\\\/www.duunauspalvelutjarvi.fi\\\/?product=sahkoauton-latausasema-kannettava-ctek-14-11kw#breadcrumb\",\"itemListElement\":[{\"@type\":\"ListItem\",\"position\":1,\"name\":\"Etusivu\",\"item\":\"https:\\\/\\\/www.duunauspalvelutjarvi.fi\\\/\"},{\"@type\":\"ListItem\",\"position\":2,\"name\":\"Etusivu\",\"item\":\"https:\\\/\\\/www.duunauspalvelutjarvi.fi\\\/\"},{\"@type\":\"ListItem\",\"position\":3,\"name\":\"NJORD GO S\u00e4hk\u00f6auton latausasema TYPE2\"}]},{\"@type\":\"WebSite\",\"@id\":\"https:\\\/\\\/www.duunauspalvelutjarvi.fi\\\/#website\",\"url\":\"https:\\\/\\\/www.duunauspalvelutjarvi.fi\\\/\",\"name\":\"\",\"description\":\"\",\"potentialAction\":[{\"@type\":\"SearchAction\",\"target\":{\"@type\":\"EntryPoint\",\"urlTemplate\":\"https:\\\/\\\/www.duunauspalvelutjarvi.fi\\\/?s={search_term_string}\"},\"query-input\":{\"@type\":\"PropertyValueSpecification\",\"valueRequired\":true,\"valueName\":\"search_term_string\"}}],\"inLanguage\":\"fi\"}]}<\/script>\n<!-- \/ Yoast SEO plugin. -->","yoast_head_json":{"title":"NJORD GO S\u00e4hk\u00f6auton latausasema TYPE2 -","robots":{"index":"index","follow":"follow","max-snippet":"max-snippet:-1","max-image-preview":"max-image-preview:large","max-video-preview":"max-video-preview:-1"},"canonical":"https:\/\/www.duunauspalvelutjarvi.fi\/?product=sahkoauton-latausasema-kannettava-ctek-14-11kw","og_locale":"fi_FI","og_type":"article","og_title":"NJORD GO S\u00e4hk\u00f6auton latausasema TYPE2 -","og_description":"Kuvassa n\u00e4kyv\u00e4 lukittava sein\u00e4teline kaupanp\u00e4\u00e4lle! CTEK NJORD\u00ae GO on mukana kulkeva 11 kW:n latauslaite s\u00e4hk\u00f6ajoneuvoille. Sen avulla lataat s\u00e4hk\u00f6ajoneuvon nopeasti ja luotettavasti niin kotona kuin liikkeell\u00e4 ollessasikin. Ilmaiseksi ladattavan CTEK-sovelluksen avulla voit hallita latausta ja latausaikataulua Android tai iOS-matkapuhelimella. \u00c4LYK\u00c4S, HELPPOK\u00c4YTT\u00d6INEN JA HELPOSTI MUKANA\u00a0KULKEVA CTEKin NJORD\u00ae GO on kest\u00e4v\u00e4, kevyesti liikuteltava ja monipuolinen s\u00e4hk\u00f6ajoneuvojen latauslaite, [&hellip;]","og_url":"https:\/\/www.duunauspalvelutjarvi.fi\/?product=sahkoauton-latausasema-kannettava-ctek-14-11kw","article_modified_time":"2024-03-22T18:48:18+00:00","og_image":[{"width":1173,"height":1048,"url":"https:\/\/www.duunauspalvelutjarvi.fi\/wp-content\/uploads\/2021\/11\/CTEKNJORDGOSahkoautonlatausasemaTYPE2_8020108038_e43a83b4ffaa88448ce60ab10c3a4ca2_1.jpeg","type":"image\/jpeg"}],"twitter_card":"summary_large_image","twitter_misc":{"Arvioitu lukuaika":"3 minuuttia"},"schema":{"@context":"https:\/\/schema.org","@graph":[{"@type":"WebPage","@id":"https:\/\/www.duunauspalvelutjarvi.fi\/?product=sahkoauton-latausasema-kannettava-ctek-14-11kw","url":"https:\/\/www.duunauspalvelutjarvi.fi\/?product=sahkoauton-latausasema-kannettava-ctek-14-11kw","name":"NJORD GO S\u00e4hk\u00f6auton latausasema TYPE2 -","isPartOf":{"@id":"https:\/\/www.duunauspalvelutjarvi.fi\/#website"},"primaryImageOfPage":{"@id":"https:\/\/www.duunauspalvelutjarvi.fi\/?product=sahkoauton-latausasema-kannettava-ctek-14-11kw#primaryimage"},"image":{"@id":"https:\/\/www.duunauspalvelutjarvi.fi\/?product=sahkoauton-latausasema-kannettava-ctek-14-11kw#primaryimage"},"thumbnailUrl":"https:\/\/www.duunauspalvelutjarvi.fi\/wp-content\/uploads\/2021\/11\/CTEKNJORDGOSahkoautonlatausasemaTYPE2_8020108038_e43a83b4ffaa88448ce60ab10c3a4ca2_1.jpeg","datePublished":"2021-11-01T10:15:39+00:00","dateModified":"2024-03-22T18:48:18+00:00","breadcrumb":{"@id":"https:\/\/www.duunauspalvelutjarvi.fi\/?product=sahkoauton-latausasema-kannettava-ctek-14-11kw#breadcrumb"},"inLanguage":"fi","potentialAction":[{"@type":"ReadAction","target":["https:\/\/www.duunauspalvelutjarvi.fi\/?product=sahkoauton-latausasema-kannettava-ctek-14-11kw"]}]},{"@type":"ImageObject","inLanguage":"fi","@id":"https:\/\/www.duunauspalvelutjarvi.fi\/?product=sahkoauton-latausasema-kannettava-ctek-14-11kw#primaryimage","url":"https:\/\/www.duunauspalvelutjarvi.fi\/wp-content\/uploads\/2021\/11\/CTEKNJORDGOSahkoautonlatausasemaTYPE2_8020108038_e43a83b4ffaa88448ce60ab10c3a4ca2_1.jpeg","contentUrl":"https:\/\/www.duunauspalvelutjarvi.fi\/wp-content\/uploads\/2021\/11\/CTEKNJORDGOSahkoautonlatausasemaTYPE2_8020108038_e43a83b4ffaa88448ce60ab10c3a4ca2_1.jpeg","width":1173,"height":1048},{"@type":"BreadcrumbList","@id":"https:\/\/www.duunauspalvelutjarvi.fi\/?product=sahkoauton-latausasema-kannettava-ctek-14-11kw#breadcrumb","itemListElement":[{"@type":"ListItem","position":1,"name":"Etusivu","item":"https:\/\/www.duunauspalvelutjarvi.fi\/"},{"@type":"ListItem","position":2,"name":"Etusivu","item":"https:\/\/www.duunauspalvelutjarvi.fi\/"},{"@type":"ListItem","position":3,"name":"NJORD GO S\u00e4hk\u00f6auton latausasema TYPE2"}]},{"@type":"WebSite","@id":"https:\/\/www.duunauspalvelutjarvi.fi\/#website","url":"https:\/\/www.duunauspalvelutjarvi.fi\/","name":"","description":"","potentialAction":[{"@type":"SearchAction","target":{"@type":"EntryPoint","urlTemplate":"https:\/\/www.duunauspalvelutjarvi.fi\/?s={search_term_string}"},"query-input":{"@type":"PropertyValueSpecification","valueRequired":true,"valueName":"search_term_string"}}],"inLanguage":"fi"}]}},"jetpack_sharing_enabled":true,"_links":{"self":[{"href":"https:\/\/www.duunauspalvelutjarvi.fi\/index.php?rest_route=\/wp\/v2\/product\/11179","targetHints":{"allow":["GET"]}}],"collection":[{"href":"https:\/\/www.duunauspalvelutjarvi.fi\/index.php?rest_route=\/wp\/v2\/product"}],"about":[{"href":"https:\/\/www.duunauspalvelutjarvi.fi\/index.php?rest_route=\/wp\/v2\/types\/product"}],"replies":[{"embeddable":true,"href":"https:\/\/www.duunauspalvelutjarvi.fi\/index.php?rest_route=%2Fwp%2Fv2%2Fcomments&post=11179"}],"wp:featuredmedia":[{"embeddable":true,"href":"https:\/\/www.duunauspalvelutjarvi.fi\/index.php?rest_route=\/wp\/v2\/media\/14644"}],"wp:attachment":[{"href":"https:\/\/www.duunauspalvelutjarvi.fi\/index.php?rest_route=%2Fwp%2Fv2%2Fmedia&parent=11179"}],"wp:term":[{"taxonomy":"product_brand","embeddable":true,"href":"https:\/\/www.duunauspalvelutjarvi.fi\/index.php?rest_route=%2Fwp%2Fv2%2Fproduct_brand&post=11179"},{"taxonomy":"product_cat","embeddable":true,"href":"https:\/\/www.duunauspalvelutjarvi.fi\/index.php?rest_route=%2Fwp%2Fv2%2Fproduct_cat&post=11179"},{"taxonomy":"product_tag","embeddable":true,"href":"https:\/\/www.duunauspalvelutjarvi.fi\/index.php?rest_route=%2Fwp%2Fv2%2Fproduct_tag&post=11179"}],"curies":[{"name":"wp","href":"https:\/\/api.w.org\/{rel}","templated":true}]}}