{"id":11184,"date":"2021-11-01T12:18:07","date_gmt":"2021-11-01T10:18:07","guid":{"rendered":"https:\/\/www.duunauspalvelutjarvi.fi\/?post_type=product&#038;p=11184"},"modified":"2024-03-22T20:41:53","modified_gmt":"2024-03-22T18:41:53","slug":"lukittava-sailytysteline-ctek-latausasemalle","status":"publish","type":"product","link":"https:\/\/www.duunauspalvelutjarvi.fi\/?product=lukittava-sailytysteline-ctek-latausasemalle","title":{"rendered":"Lukittava s\u00e4ilytysteline CTEK latausasemalle"},"content":{"rendered":"<div class=\"col-12 col-lg-10\">\n<div class=\"ProductPageContent__description\">\n<div class=\"WysiwygContent\">Lukittava s\u00e4ilytysteline <span style=\"color: #0000ff;\"><a style=\"color: #0000ff;\" href=\"https:\/\/www.duunauspalvelutjarvi.fi\/?product=sahkoauton-latausasema-kannettava-ctek-14-11kw\">CTEK latausasemalle (8020104680)<\/a><\/span><\/div>\n<\/div>\n<\/div>\n<div class=\"ProductPageContent__description-details col-sm-12 col-lg-2\">\n<div>\n<h6>Lis\u00e4tiedot<\/h6>\n<div>\n<div class=\"ProductExtraInfo ProductExtraInfo--short-list ProductExtraInfo--single-column\">\n<ul class=\"inline-dot\">\n<li class=\"ProductExtraInfo--product-id\">Tuotekoodi:\u00a08020104681<\/li>\n<\/ul>\n<\/div>\n<\/div>\n<\/div>\n<\/div>\n","protected":false},"excerpt":{"rendered":"<p>Lukittava s\u00e4ilytysteline CTEK latausasemalle (8020104680) Lis\u00e4tiedot Tuotekoodi:\u00a08020104681<\/p>\n","protected":false},"featured_media":14638,"comment_status":"open","ping_status":"closed","template":"","meta":[],"product_brand":[],"product_cat":[628],"product_tag":[],"class_list":{"0":"post-11184","1":"product","2":"type-product","3":"status-publish","4":"has-post-thumbnail","6":"product_cat-latausasemat-sahkoautoille","8":"first","9":"instock","10":"taxable","11":"shipping-taxable","12":"purchasable","13":"product-type-simple"},"yoast_head":"<!-- This site is optimized with the Yoast SEO plugin v27.5 - https:\/\/yoast.com\/product\/yoast-seo-wordpress\/ -->\n<title>Lukittava s\u00e4ilytysteline CTEK latausasemalle -<\/title>\n<meta name=\"robots\" content=\"index, follow, max-snippet:-1, max-image-preview:large, max-video-preview:-1\" \/>\n<link rel=\"canonical\" href=\"https:\/\/www.duunauspalvelutjarvi.fi\/?product=lukittava-sailytysteline-ctek-latausasemalle\" \/>\n<meta property=\"og:locale\" content=\"fi_FI\" \/>\n<meta property=\"og:type\" content=\"article\" \/>\n<meta property=\"og:title\" content=\"Lukittava s\u00e4ilytysteline CTEK latausasemalle -\" \/>\n<meta property=\"og:description\" content=\"Lukittava s\u00e4ilytysteline CTEK latausasemalle (8020104680) Lis\u00e4tiedot Tuotekoodi:\u00a08020104681\" \/>\n<meta property=\"og:url\" content=\"https:\/\/www.duunauspalvelutjarvi.fi\/?product=lukittava-sailytysteline-ctek-latausasemalle\" \/>\n<meta property=\"article:modified_time\" content=\"2024-03-22T18:41:53+00:00\" \/>\n<meta property=\"og:image\" content=\"https:\/\/www.duunauspalvelutjarvi.fi\/wp-content\/uploads\/2021\/11\/LukittavasailytystelineCTEKlatausasemalle_8020104681_f9bf7310f9aab4cd30d748a409fb7903_1.jpeg\" \/>\n\t<meta property=\"og:image:width\" content=\"400\" \/>\n\t<meta property=\"og:image:height\" content=\"300\" \/>\n\t<meta property=\"og:image:type\" content=\"image\/jpeg\" \/>\n<meta name=\"twitter:card\" content=\"summary_large_image\" \/>\n<meta name=\"twitter:label1\" content=\"Arvioitu lukuaika\" \/>\n\t<meta name=\"twitter:data1\" content=\"1 minuutti\" \/>\n<script type=\"application\/ld+json\" class=\"yoast-schema-graph\">{\"@context\":\"https:\\\/\\\/schema.org\",\"@graph\":[{\"@type\":\"WebPage\",\"@id\":\"https:\\\/\\\/www.duunauspalvelutjarvi.fi\\\/?product=lukittava-sailytysteline-ctek-latausasemalle\",\"url\":\"https:\\\/\\\/www.duunauspalvelutjarvi.fi\\\/?product=lukittava-sailytysteline-ctek-latausasemalle\",\"name\":\"Lukittava s\u00e4ilytysteline CTEK latausasemalle -\",\"isPartOf\":{\"@id\":\"https:\\\/\\\/www.duunauspalvelutjarvi.fi\\\/#website\"},\"primaryImageOfPage\":{\"@id\":\"https:\\\/\\\/www.duunauspalvelutjarvi.fi\\\/?product=lukittava-sailytysteline-ctek-latausasemalle#primaryimage\"},\"image\":{\"@id\":\"https:\\\/\\\/www.duunauspalvelutjarvi.fi\\\/?product=lukittava-sailytysteline-ctek-latausasemalle#primaryimage\"},\"thumbnailUrl\":\"https:\\\/\\\/www.duunauspalvelutjarvi.fi\\\/wp-content\\\/uploads\\\/2021\\\/11\\\/LukittavasailytystelineCTEKlatausasemalle_8020104681_f9bf7310f9aab4cd30d748a409fb7903_1.jpeg\",\"datePublished\":\"2021-11-01T10:18:07+00:00\",\"dateModified\":\"2024-03-22T18:41:53+00:00\",\"breadcrumb\":{\"@id\":\"https:\\\/\\\/www.duunauspalvelutjarvi.fi\\\/?product=lukittava-sailytysteline-ctek-latausasemalle#breadcrumb\"},\"inLanguage\":\"fi\",\"potentialAction\":[{\"@type\":\"ReadAction\",\"target\":[\"https:\\\/\\\/www.duunauspalvelutjarvi.fi\\\/?product=lukittava-sailytysteline-ctek-latausasemalle\"]}]},{\"@type\":\"ImageObject\",\"inLanguage\":\"fi\",\"@id\":\"https:\\\/\\\/www.duunauspalvelutjarvi.fi\\\/?product=lukittava-sailytysteline-ctek-latausasemalle#primaryimage\",\"url\":\"https:\\\/\\\/www.duunauspalvelutjarvi.fi\\\/wp-content\\\/uploads\\\/2021\\\/11\\\/LukittavasailytystelineCTEKlatausasemalle_8020104681_f9bf7310f9aab4cd30d748a409fb7903_1.jpeg\",\"contentUrl\":\"https:\\\/\\\/www.duunauspalvelutjarvi.fi\\\/wp-content\\\/uploads\\\/2021\\\/11\\\/LukittavasailytystelineCTEKlatausasemalle_8020104681_f9bf7310f9aab4cd30d748a409fb7903_1.jpeg\",\"width\":400,\"height\":300},{\"@type\":\"BreadcrumbList\",\"@id\":\"https:\\\/\\\/www.duunauspalvelutjarvi.fi\\\/?product=lukittava-sailytysteline-ctek-latausasemalle#breadcrumb\",\"itemListElement\":[{\"@type\":\"ListItem\",\"position\":1,\"name\":\"Etusivu\",\"item\":\"https:\\\/\\\/www.duunauspalvelutjarvi.fi\\\/\"},{\"@type\":\"ListItem\",\"position\":2,\"name\":\"Etusivu\",\"item\":\"https:\\\/\\\/www.duunauspalvelutjarvi.fi\\\/\"},{\"@type\":\"ListItem\",\"position\":3,\"name\":\"Lukittava s\u00e4ilytysteline CTEK latausasemalle\"}]},{\"@type\":\"WebSite\",\"@id\":\"https:\\\/\\\/www.duunauspalvelutjarvi.fi\\\/#website\",\"url\":\"https:\\\/\\\/www.duunauspalvelutjarvi.fi\\\/\",\"name\":\"\",\"description\":\"\",\"potentialAction\":[{\"@type\":\"SearchAction\",\"target\":{\"@type\":\"EntryPoint\",\"urlTemplate\":\"https:\\\/\\\/www.duunauspalvelutjarvi.fi\\\/?s={search_term_string}\"},\"query-input\":{\"@type\":\"PropertyValueSpecification\",\"valueRequired\":true,\"valueName\":\"search_term_string\"}}],\"inLanguage\":\"fi\"}]}<\/script>\n<!-- \/ Yoast SEO plugin. -->","yoast_head_json":{"title":"Lukittava s\u00e4ilytysteline CTEK latausasemalle -","robots":{"index":"index","follow":"follow","max-snippet":"max-snippet:-1","max-image-preview":"max-image-preview:large","max-video-preview":"max-video-preview:-1"},"canonical":"https:\/\/www.duunauspalvelutjarvi.fi\/?product=lukittava-sailytysteline-ctek-latausasemalle","og_locale":"fi_FI","og_type":"article","og_title":"Lukittava s\u00e4ilytysteline CTEK latausasemalle -","og_description":"Lukittava s\u00e4ilytysteline CTEK latausasemalle (8020104680) Lis\u00e4tiedot Tuotekoodi:\u00a08020104681","og_url":"https:\/\/www.duunauspalvelutjarvi.fi\/?product=lukittava-sailytysteline-ctek-latausasemalle","article_modified_time":"2024-03-22T18:41:53+00:00","og_image":[{"width":400,"height":300,"url":"https:\/\/www.duunauspalvelutjarvi.fi\/wp-content\/uploads\/2021\/11\/LukittavasailytystelineCTEKlatausasemalle_8020104681_f9bf7310f9aab4cd30d748a409fb7903_1.jpeg","type":"image\/jpeg"}],"twitter_card":"summary_large_image","twitter_misc":{"Arvioitu lukuaika":"1 minuutti"},"schema":{"@context":"https:\/\/schema.org","@graph":[{"@type":"WebPage","@id":"https:\/\/www.duunauspalvelutjarvi.fi\/?product=lukittava-sailytysteline-ctek-latausasemalle","url":"https:\/\/www.duunauspalvelutjarvi.fi\/?product=lukittava-sailytysteline-ctek-latausasemalle","name":"Lukittava s\u00e4ilytysteline CTEK latausasemalle -","isPartOf":{"@id":"https:\/\/www.duunauspalvelutjarvi.fi\/#website"},"primaryImageOfPage":{"@id":"https:\/\/www.duunauspalvelutjarvi.fi\/?product=lukittava-sailytysteline-ctek-latausasemalle#primaryimage"},"image":{"@id":"https:\/\/www.duunauspalvelutjarvi.fi\/?product=lukittava-sailytysteline-ctek-latausasemalle#primaryimage"},"thumbnailUrl":"https:\/\/www.duunauspalvelutjarvi.fi\/wp-content\/uploads\/2021\/11\/LukittavasailytystelineCTEKlatausasemalle_8020104681_f9bf7310f9aab4cd30d748a409fb7903_1.jpeg","datePublished":"2021-11-01T10:18:07+00:00","dateModified":"2024-03-22T18:41:53+00:00","breadcrumb":{"@id":"https:\/\/www.duunauspalvelutjarvi.fi\/?product=lukittava-sailytysteline-ctek-latausasemalle#breadcrumb"},"inLanguage":"fi","potentialAction":[{"@type":"ReadAction","target":["https:\/\/www.duunauspalvelutjarvi.fi\/?product=lukittava-sailytysteline-ctek-latausasemalle"]}]},{"@type":"ImageObject","inLanguage":"fi","@id":"https:\/\/www.duunauspalvelutjarvi.fi\/?product=lukittava-sailytysteline-ctek-latausasemalle#primaryimage","url":"https:\/\/www.duunauspalvelutjarvi.fi\/wp-content\/uploads\/2021\/11\/LukittavasailytystelineCTEKlatausasemalle_8020104681_f9bf7310f9aab4cd30d748a409fb7903_1.jpeg","contentUrl":"https:\/\/www.duunauspalvelutjarvi.fi\/wp-content\/uploads\/2021\/11\/LukittavasailytystelineCTEKlatausasemalle_8020104681_f9bf7310f9aab4cd30d748a409fb7903_1.jpeg","width":400,"height":300},{"@type":"BreadcrumbList","@id":"https:\/\/www.duunauspalvelutjarvi.fi\/?product=lukittava-sailytysteline-ctek-latausasemalle#breadcrumb","itemListElement":[{"@type":"ListItem","position":1,"name":"Etusivu","item":"https:\/\/www.duunauspalvelutjarvi.fi\/"},{"@type":"ListItem","position":2,"name":"Etusivu","item":"https:\/\/www.duunauspalvelutjarvi.fi\/"},{"@type":"ListItem","position":3,"name":"Lukittava s\u00e4ilytysteline CTEK latausasemalle"}]},{"@type":"WebSite","@id":"https:\/\/www.duunauspalvelutjarvi.fi\/#website","url":"https:\/\/www.duunauspalvelutjarvi.fi\/","name":"","description":"","potentialAction":[{"@type":"SearchAction","target":{"@type":"EntryPoint","urlTemplate":"https:\/\/www.duunauspalvelutjarvi.fi\/?s={search_term_string}"},"query-input":{"@type":"PropertyValueSpecification","valueRequired":true,"valueName":"search_term_string"}}],"inLanguage":"fi"}]}},"jetpack_sharing_enabled":true,"_links":{"self":[{"href":"https:\/\/www.duunauspalvelutjarvi.fi\/index.php?rest_route=\/wp\/v2\/product\/11184","targetHints":{"allow":["GET"]}}],"collection":[{"href":"https:\/\/www.duunauspalvelutjarvi.fi\/index.php?rest_route=\/wp\/v2\/product"}],"about":[{"href":"https:\/\/www.duunauspalvelutjarvi.fi\/index.php?rest_route=\/wp\/v2\/types\/product"}],"replies":[{"embeddable":true,"href":"https:\/\/www.duunauspalvelutjarvi.fi\/index.php?rest_route=%2Fwp%2Fv2%2Fcomments&post=11184"}],"wp:featuredmedia":[{"embeddable":true,"href":"https:\/\/www.duunauspalvelutjarvi.fi\/index.php?rest_route=\/wp\/v2\/media\/14638"}],"wp:attachment":[{"href":"https:\/\/www.duunauspalvelutjarvi.fi\/index.php?rest_route=%2Fwp%2Fv2%2Fmedia&parent=11184"}],"wp:term":[{"taxonomy":"product_brand","embeddable":true,"href":"https:\/\/www.duunauspalvelutjarvi.fi\/index.php?rest_route=%2Fwp%2Fv2%2Fproduct_brand&post=11184"},{"taxonomy":"product_cat","embeddable":true,"href":"https:\/\/www.duunauspalvelutjarvi.fi\/index.php?rest_route=%2Fwp%2Fv2%2Fproduct_cat&post=11184"},{"taxonomy":"product_tag","embeddable":true,"href":"https:\/\/www.duunauspalvelutjarvi.fi\/index.php?rest_route=%2Fwp%2Fv2%2Fproduct_tag&post=11184"}],"curies":[{"name":"wp","href":"https:\/\/api.w.org\/{rel}","templated":true}]}}