{"id":11352,"date":"2021-11-15T21:38:17","date_gmt":"2021-11-15T19:38:17","guid":{"rendered":"https:\/\/www.duunauspalvelutjarvi.fi\/?post_type=product&#038;p=11352"},"modified":"2025-10-09T11:38:17","modified_gmt":"2025-10-09T08:38:17","slug":"led-lisavalopaneeli-luminalights-scout-slim-600","status":"publish","type":"product","link":"https:\/\/www.duunauspalvelutjarvi.fi\/?product=led-lisavalopaneeli-luminalights-scout-slim-600","title":{"rendered":"LuminaLights Scout Slim+ 600 LED-Lis\u00e4valopaneeli"},"content":{"rendered":"<p><strong>LuminaLights Scout+ Slim 600\u00a0<\/strong>&#8211; on super suositun LuminaLights Scout Slim 600 lis\u00e4valopaneelin p\u00e4ivitetty uutuusmalli. P\u00e4ivityksen my\u00f6t\u00e4 lis\u00e4valo on saanut kokonaan uudelleen suunnitellun rungon, jonka ansiosta my\u00f6s s\u00e4hk\u00f6tekniikka on p\u00e4ivitetty. Valoteho on saatu kasvatettua aiemmasta 3631 lumenista huikeaan 8100 mitattuun lumeniin. Kasvanut valoteho tarkoittaa my\u00f6s sit\u00e4, ett\u00e4 valon 1 luxin kantama on noussut 600 metrin tuntumaan. Valotehoa pystyy my\u00f6s halutessaan rajoittaa uudella Double-up toiminnolla (Referenssi: 20), mik\u00e4li ei halua k\u00e4ytt\u00e4\u00e4 t\u00e4ytt\u00e4 tehoa. LuminaLights Scout+ Slim 600 lis\u00e4valopaneelissa on my\u00f6s kokonaan uusiksi suunnitellut kiskokiinnitteiset s\u00e4\u00e4dett\u00e4v\u00e4t alajalat sek\u00e4 p\u00e4\u00e4tyjalat, joiden ansiosta kiinnitysmahdollisuudet ovat eritt\u00e4in monipuoliset. Yhteenvetona voisi sanoa, ett\u00e4 t\u00e4ss\u00e4 on\u00a0<strong>sopiva lis\u00e4valopaneeli sinulle joka etsit edullista, mutta kuitenkin tosi tehokasta sek\u00e4 laadukasta lis\u00e4valoa autoosi.<\/strong><\/p>\n<p><strong><\/p>\n<p><\/strong>Miksi valita LuminaLights Scout+ Slim 600 ajoneuvosi lis\u00e4valoksi?<\/p>\n<ul>\n<li>LuminaLights on tuotemerkkin\u00e4 ollut markkinoiden varma valinta jo usean vuoden ajan, eik\u00e4 t\u00e4m\u00e4k\u00e4\u00e4n malli tee poikkeusta asian suhteen.<\/li>\n<li>LuminaLights-lis\u00e4valot ovat tunnettuja erinomaisesta hinta-laatusuhteesta.<\/li>\n<li>Tuttuun tapaan my\u00f6s t\u00e4ll\u00e4 lis\u00e4valopaneelilla on 24kk takuuaika. Se tarjoaa huolettomia kilometrej\u00e4 sek\u00e4 pitk\u00e4\u00e4 k\u00e4ytt\u00f6ik\u00e4\u00e4.<\/li>\n<\/ul>\n<p>&nbsp;<\/p>\n<p><strong>Valitse pelkk\u00e4 lis\u00e4valopaneeli tai valmis lis\u00e4valopaketti:<\/strong><\/p>\n<p><strong><span lang=\"en\">T\u00e4ydellinen lis\u00e4valopaketti sis\u00e4lt\u00e4\u00e4:<\/span><\/strong><\/p>\n<ul>\n<li><span lang=\"en\">1 kpl LuminaLights Scout+ Slim 600 led-lis\u00e4valopaneeli<br \/>\n<\/span><\/li>\n<li><span lang=\"en\">1 kpl relejohtosarja<br \/>\n<\/span><\/li>\n<li><span lang=\"en\">1 kpl Rekisterikilpiteline lis\u00e4valolle<br \/>\n<\/span><\/li>\n<li><span lang=\"en\">Kiinnitysruuvit lis\u00e4valotelineelle<br \/>\n<\/span><\/li>\n<\/ul>\n<p><strong>T\u00e4ydellinen uppoasennuspaketti sis\u00e4lt\u00e4\u00e4:<\/strong><\/p>\n<ul>\n<li>1 kpl LuminaLights Scout+ Slim 600 led-lis\u00e4valopaneeli<\/li>\n<li>1 kpl relejohtosarja<\/li>\n<li>1 kpl Uppoasennusteline lis\u00e4valolle<\/li>\n<li>Kiinnitysruuvit lis\u00e4valotelineelle<\/li>\n<\/ul>\n<p><strong><img loading=\"lazy\" decoding=\"async\" src=\"https:\/\/www.lumise.se\/storage\/product_images\/7\/led-lisavalopaneeliluminalightsscoutslim600plusled-lisavalopaneeli_8020109737_9778d5193748_7.webp\" alt=\"\" width=\"516\" height=\"211\" \/><br \/>\nTekniset tiedot:<\/strong><\/p>\n<ul>\n<li>Koko: 20&#8243; (520 x 40.5 x 52.5 mm)<\/li>\n<li>Teho: 108 W \/ 18 kpl *6 W LED (LP)<\/li>\n<li>Lumise LightLab: 113,7 W @ 13,7 V<\/li>\n<li>V\u00e4ril\u00e4mp\u00f6tila: 5000K<\/li>\n<li>Teoreettinen valoteho: 9200 lm<\/li>\n<li>Mitattu valoteho: 8100 lm<\/li>\n<li>Teoreettinen kantama: 1 LUX @ 594m Double-up<\/li>\n<li>Mitattu kantama (Lumise LightLab): 1 LUX @ 571m<\/li>\n<li>Parkkivalo: EI<\/li>\n<li>Sertifikaatit: CE, R10, ROHS,\u00a0E-hyv\u00e4ksynt\u00e4<\/li>\n<li>Referenssi: 20<\/li>\n<li>DT3-liitin<\/li>\n<li>IP68 &amp; 69K<\/li>\n<li>Kiinnitysratkaisut: Ala- &amp; p\u00e4\u00e4tykiinnitys<\/li>\n<li>Double-Up toiminto<\/li>\n<\/ul>\n","protected":false},"excerpt":{"rendered":"<p>LuminaLights Scout+ Slim 600\u00a0&#8211; on super suositun LuminaLights Scout Slim 600 lis\u00e4valopaneelin p\u00e4ivitetty uutuusmalli. P\u00e4ivityksen my\u00f6t\u00e4 lis\u00e4valo on saanut kokonaan uudelleen suunnitellun rungon, jonka ansiosta my\u00f6s s\u00e4hk\u00f6tekniikka on p\u00e4ivitetty. Valoteho on saatu kasvatettua aiemmasta 3631 lumenista huikeaan 8100 mitattuun lumeniin. Kasvanut valoteho tarkoittaa my\u00f6s sit\u00e4, ett\u00e4 valon 1 luxin kantama on noussut 600 metrin tuntumaan. [&hellip;]<\/p>\n","protected":false},"featured_media":14634,"comment_status":"open","ping_status":"closed","template":"","meta":[],"product_brand":[704],"product_cat":[44],"product_tag":[],"class_list":{"0":"post-11352","1":"product","2":"type-product","3":"status-publish","4":"has-post-thumbnail","6":"product_brand-luminalights","7":"product_cat-led-lisavalopaneelit","8":"product_shipping_class-l-paketti","10":"first","11":"instock","12":"sale","13":"taxable","14":"shipping-taxable","15":"purchasable","16":"product-type-variable"},"yoast_head":"<!-- This site is optimized with the Yoast SEO plugin v27.6 - https:\/\/yoast.com\/product\/yoast-seo-wordpress\/ -->\n<title>LuminaLights Scout Slim+ 600 LED-Lis\u00e4valopaneeli -<\/title>\n<meta name=\"robots\" content=\"index, follow, max-snippet:-1, max-image-preview:large, max-video-preview:-1\" \/>\n<link rel=\"canonical\" href=\"https:\/\/www.duunauspalvelutjarvi.fi\/?product=led-lisavalopaneeli-luminalights-scout-slim-600\" \/>\n<meta property=\"og:locale\" content=\"fi_FI\" \/>\n<meta property=\"og:type\" content=\"article\" \/>\n<meta property=\"og:title\" content=\"LuminaLights Scout Slim+ 600 LED-Lis\u00e4valopaneeli -\" \/>\n<meta property=\"og:description\" content=\"LuminaLights Scout+ Slim 600\u00a0&#8211; on super suositun LuminaLights Scout Slim 600 lis\u00e4valopaneelin p\u00e4ivitetty uutuusmalli. P\u00e4ivityksen my\u00f6t\u00e4 lis\u00e4valo on saanut kokonaan uudelleen suunnitellun rungon, jonka ansiosta my\u00f6s s\u00e4hk\u00f6tekniikka on p\u00e4ivitetty. Valoteho on saatu kasvatettua aiemmasta 3631 lumenista huikeaan 8100 mitattuun lumeniin. Kasvanut valoteho tarkoittaa my\u00f6s sit\u00e4, ett\u00e4 valon 1 luxin kantama on noussut 600 metrin tuntumaan. [&hellip;]\" \/>\n<meta property=\"og:url\" content=\"https:\/\/www.duunauspalvelutjarvi.fi\/?product=led-lisavalopaneeli-luminalights-scout-slim-600\" \/>\n<meta property=\"article:modified_time\" content=\"2025-10-09T08:38:17+00:00\" \/>\n<meta property=\"og:image\" content=\"https:\/\/www.duunauspalvelutjarvi.fi\/wp-content\/uploads\/2021\/11\/LED-lisavalopaneeliLuminaLightsScoutSlim600_8020102781_922d21a75787da76d973740784650cb6_1.jpg\" \/>\n\t<meta property=\"og:image:width\" content=\"2000\" \/>\n\t<meta property=\"og:image:height\" content=\"2000\" \/>\n\t<meta property=\"og:image:type\" content=\"image\/jpeg\" \/>\n<meta name=\"twitter:card\" content=\"summary_large_image\" \/>\n<meta name=\"twitter:label1\" content=\"Arvioitu lukuaika\" \/>\n\t<meta name=\"twitter:data1\" content=\"3 minuuttia\" \/>\n<script type=\"application\/ld+json\" class=\"yoast-schema-graph\">{\"@context\":\"https:\\\/\\\/schema.org\",\"@graph\":[{\"@type\":\"WebPage\",\"@id\":\"https:\\\/\\\/www.duunauspalvelutjarvi.fi\\\/?product=led-lisavalopaneeli-luminalights-scout-slim-600\",\"url\":\"https:\\\/\\\/www.duunauspalvelutjarvi.fi\\\/?product=led-lisavalopaneeli-luminalights-scout-slim-600\",\"name\":\"LuminaLights Scout Slim+ 600 LED-Lis\u00e4valopaneeli -\",\"isPartOf\":{\"@id\":\"https:\\\/\\\/www.duunauspalvelutjarvi.fi\\\/#website\"},\"primaryImageOfPage\":{\"@id\":\"https:\\\/\\\/www.duunauspalvelutjarvi.fi\\\/?product=led-lisavalopaneeli-luminalights-scout-slim-600#primaryimage\"},\"image\":{\"@id\":\"https:\\\/\\\/www.duunauspalvelutjarvi.fi\\\/?product=led-lisavalopaneeli-luminalights-scout-slim-600#primaryimage\"},\"thumbnailUrl\":\"https:\\\/\\\/www.duunauspalvelutjarvi.fi\\\/wp-content\\\/uploads\\\/2021\\\/11\\\/LED-lisavalopaneeliLuminaLightsScoutSlim600_8020102781_922d21a75787da76d973740784650cb6_1.jpg\",\"datePublished\":\"2021-11-15T19:38:17+00:00\",\"dateModified\":\"2025-10-09T08:38:17+00:00\",\"breadcrumb\":{\"@id\":\"https:\\\/\\\/www.duunauspalvelutjarvi.fi\\\/?product=led-lisavalopaneeli-luminalights-scout-slim-600#breadcrumb\"},\"inLanguage\":\"fi\",\"potentialAction\":[{\"@type\":\"ReadAction\",\"target\":[\"https:\\\/\\\/www.duunauspalvelutjarvi.fi\\\/?product=led-lisavalopaneeli-luminalights-scout-slim-600\"]}]},{\"@type\":\"ImageObject\",\"inLanguage\":\"fi\",\"@id\":\"https:\\\/\\\/www.duunauspalvelutjarvi.fi\\\/?product=led-lisavalopaneeli-luminalights-scout-slim-600#primaryimage\",\"url\":\"https:\\\/\\\/www.duunauspalvelutjarvi.fi\\\/wp-content\\\/uploads\\\/2021\\\/11\\\/LED-lisavalopaneeliLuminaLightsScoutSlim600_8020102781_922d21a75787da76d973740784650cb6_1.jpg\",\"contentUrl\":\"https:\\\/\\\/www.duunauspalvelutjarvi.fi\\\/wp-content\\\/uploads\\\/2021\\\/11\\\/LED-lisavalopaneeliLuminaLightsScoutSlim600_8020102781_922d21a75787da76d973740784650cb6_1.jpg\",\"width\":2000,\"height\":2000},{\"@type\":\"BreadcrumbList\",\"@id\":\"https:\\\/\\\/www.duunauspalvelutjarvi.fi\\\/?product=led-lisavalopaneeli-luminalights-scout-slim-600#breadcrumb\",\"itemListElement\":[{\"@type\":\"ListItem\",\"position\":1,\"name\":\"Etusivu\",\"item\":\"https:\\\/\\\/www.duunauspalvelutjarvi.fi\\\/\"},{\"@type\":\"ListItem\",\"position\":2,\"name\":\"Etusivu\",\"item\":\"https:\\\/\\\/www.duunauspalvelutjarvi.fi\\\/\"},{\"@type\":\"ListItem\",\"position\":3,\"name\":\"LuminaLights Scout Slim+ 600 LED-Lis\u00e4valopaneeli\"}]},{\"@type\":\"WebSite\",\"@id\":\"https:\\\/\\\/www.duunauspalvelutjarvi.fi\\\/#website\",\"url\":\"https:\\\/\\\/www.duunauspalvelutjarvi.fi\\\/\",\"name\":\"\",\"description\":\"\",\"potentialAction\":[{\"@type\":\"SearchAction\",\"target\":{\"@type\":\"EntryPoint\",\"urlTemplate\":\"https:\\\/\\\/www.duunauspalvelutjarvi.fi\\\/?s={search_term_string}\"},\"query-input\":{\"@type\":\"PropertyValueSpecification\",\"valueRequired\":true,\"valueName\":\"search_term_string\"}}],\"inLanguage\":\"fi\"}]}<\/script>\n<!-- \/ Yoast SEO plugin. -->","yoast_head_json":{"title":"LuminaLights Scout Slim+ 600 LED-Lis\u00e4valopaneeli -","robots":{"index":"index","follow":"follow","max-snippet":"max-snippet:-1","max-image-preview":"max-image-preview:large","max-video-preview":"max-video-preview:-1"},"canonical":"https:\/\/www.duunauspalvelutjarvi.fi\/?product=led-lisavalopaneeli-luminalights-scout-slim-600","og_locale":"fi_FI","og_type":"article","og_title":"LuminaLights Scout Slim+ 600 LED-Lis\u00e4valopaneeli -","og_description":"LuminaLights Scout+ Slim 600\u00a0&#8211; on super suositun LuminaLights Scout Slim 600 lis\u00e4valopaneelin p\u00e4ivitetty uutuusmalli. P\u00e4ivityksen my\u00f6t\u00e4 lis\u00e4valo on saanut kokonaan uudelleen suunnitellun rungon, jonka ansiosta my\u00f6s s\u00e4hk\u00f6tekniikka on p\u00e4ivitetty. Valoteho on saatu kasvatettua aiemmasta 3631 lumenista huikeaan 8100 mitattuun lumeniin. Kasvanut valoteho tarkoittaa my\u00f6s sit\u00e4, ett\u00e4 valon 1 luxin kantama on noussut 600 metrin tuntumaan. [&hellip;]","og_url":"https:\/\/www.duunauspalvelutjarvi.fi\/?product=led-lisavalopaneeli-luminalights-scout-slim-600","article_modified_time":"2025-10-09T08:38:17+00:00","og_image":[{"width":2000,"height":2000,"url":"https:\/\/www.duunauspalvelutjarvi.fi\/wp-content\/uploads\/2021\/11\/LED-lisavalopaneeliLuminaLightsScoutSlim600_8020102781_922d21a75787da76d973740784650cb6_1.jpg","type":"image\/jpeg"}],"twitter_card":"summary_large_image","twitter_misc":{"Arvioitu lukuaika":"3 minuuttia"},"schema":{"@context":"https:\/\/schema.org","@graph":[{"@type":"WebPage","@id":"https:\/\/www.duunauspalvelutjarvi.fi\/?product=led-lisavalopaneeli-luminalights-scout-slim-600","url":"https:\/\/www.duunauspalvelutjarvi.fi\/?product=led-lisavalopaneeli-luminalights-scout-slim-600","name":"LuminaLights Scout Slim+ 600 LED-Lis\u00e4valopaneeli -","isPartOf":{"@id":"https:\/\/www.duunauspalvelutjarvi.fi\/#website"},"primaryImageOfPage":{"@id":"https:\/\/www.duunauspalvelutjarvi.fi\/?product=led-lisavalopaneeli-luminalights-scout-slim-600#primaryimage"},"image":{"@id":"https:\/\/www.duunauspalvelutjarvi.fi\/?product=led-lisavalopaneeli-luminalights-scout-slim-600#primaryimage"},"thumbnailUrl":"https:\/\/www.duunauspalvelutjarvi.fi\/wp-content\/uploads\/2021\/11\/LED-lisavalopaneeliLuminaLightsScoutSlim600_8020102781_922d21a75787da76d973740784650cb6_1.jpg","datePublished":"2021-11-15T19:38:17+00:00","dateModified":"2025-10-09T08:38:17+00:00","breadcrumb":{"@id":"https:\/\/www.duunauspalvelutjarvi.fi\/?product=led-lisavalopaneeli-luminalights-scout-slim-600#breadcrumb"},"inLanguage":"fi","potentialAction":[{"@type":"ReadAction","target":["https:\/\/www.duunauspalvelutjarvi.fi\/?product=led-lisavalopaneeli-luminalights-scout-slim-600"]}]},{"@type":"ImageObject","inLanguage":"fi","@id":"https:\/\/www.duunauspalvelutjarvi.fi\/?product=led-lisavalopaneeli-luminalights-scout-slim-600#primaryimage","url":"https:\/\/www.duunauspalvelutjarvi.fi\/wp-content\/uploads\/2021\/11\/LED-lisavalopaneeliLuminaLightsScoutSlim600_8020102781_922d21a75787da76d973740784650cb6_1.jpg","contentUrl":"https:\/\/www.duunauspalvelutjarvi.fi\/wp-content\/uploads\/2021\/11\/LED-lisavalopaneeliLuminaLightsScoutSlim600_8020102781_922d21a75787da76d973740784650cb6_1.jpg","width":2000,"height":2000},{"@type":"BreadcrumbList","@id":"https:\/\/www.duunauspalvelutjarvi.fi\/?product=led-lisavalopaneeli-luminalights-scout-slim-600#breadcrumb","itemListElement":[{"@type":"ListItem","position":1,"name":"Etusivu","item":"https:\/\/www.duunauspalvelutjarvi.fi\/"},{"@type":"ListItem","position":2,"name":"Etusivu","item":"https:\/\/www.duunauspalvelutjarvi.fi\/"},{"@type":"ListItem","position":3,"name":"LuminaLights Scout Slim+ 600 LED-Lis\u00e4valopaneeli"}]},{"@type":"WebSite","@id":"https:\/\/www.duunauspalvelutjarvi.fi\/#website","url":"https:\/\/www.duunauspalvelutjarvi.fi\/","name":"","description":"","potentialAction":[{"@type":"SearchAction","target":{"@type":"EntryPoint","urlTemplate":"https:\/\/www.duunauspalvelutjarvi.fi\/?s={search_term_string}"},"query-input":{"@type":"PropertyValueSpecification","valueRequired":true,"valueName":"search_term_string"}}],"inLanguage":"fi"}]}},"jetpack_sharing_enabled":true,"_links":{"self":[{"href":"https:\/\/www.duunauspalvelutjarvi.fi\/index.php?rest_route=\/wp\/v2\/product\/11352","targetHints":{"allow":["GET"]}}],"collection":[{"href":"https:\/\/www.duunauspalvelutjarvi.fi\/index.php?rest_route=\/wp\/v2\/product"}],"about":[{"href":"https:\/\/www.duunauspalvelutjarvi.fi\/index.php?rest_route=\/wp\/v2\/types\/product"}],"replies":[{"embeddable":true,"href":"https:\/\/www.duunauspalvelutjarvi.fi\/index.php?rest_route=%2Fwp%2Fv2%2Fcomments&post=11352"}],"wp:featuredmedia":[{"embeddable":true,"href":"https:\/\/www.duunauspalvelutjarvi.fi\/index.php?rest_route=\/wp\/v2\/media\/14634"}],"wp:attachment":[{"href":"https:\/\/www.duunauspalvelutjarvi.fi\/index.php?rest_route=%2Fwp%2Fv2%2Fmedia&parent=11352"}],"wp:term":[{"taxonomy":"product_brand","embeddable":true,"href":"https:\/\/www.duunauspalvelutjarvi.fi\/index.php?rest_route=%2Fwp%2Fv2%2Fproduct_brand&post=11352"},{"taxonomy":"product_cat","embeddable":true,"href":"https:\/\/www.duunauspalvelutjarvi.fi\/index.php?rest_route=%2Fwp%2Fv2%2Fproduct_cat&post=11352"},{"taxonomy":"product_tag","embeddable":true,"href":"https:\/\/www.duunauspalvelutjarvi.fi\/index.php?rest_route=%2Fwp%2Fv2%2Fproduct_tag&post=11352"}],"curies":[{"name":"wp","href":"https:\/\/api.w.org\/{rel}","templated":true}]}}