{"id":12669,"date":"2022-02-07T12:33:20","date_gmt":"2022-02-07T10:33:20","guid":{"rendered":"https:\/\/www.duunauspalvelutjarvi.fi\/?post_type=product&#038;p=12669"},"modified":"2022-02-07T12:56:11","modified_gmt":"2022-02-07T10:56:11","slug":"12669","status":"publish","type":"product","link":"https:\/\/www.duunauspalvelutjarvi.fi\/?product=12669","title":{"rendered":"SolarVenti SV7"},"content":{"rendered":"<div class=\"col-12 col-lg-10\">\n<div class=\"ProductPageContent__description\">\n<div class=\"ProductFiles\">\n<div class=\"ProductFile\"><\/div>\n<div class=\"ProductFile\">\n<div class=\"ProductFile__download\">SolarVenti SV7<\/div>\n<\/div>\n<\/div>\n<div class=\"WysiwygContent\">&#8221; Rakennuksen pinta- ala max: 50m2<br \/>\n&#8221; Asennus: Sein\u00e4asennus vaaka- tai pystyasentoon<br \/>\n&#8221; Maksimiteho: 500 wattia<br \/>\n&#8221; Tuulettimen kapasiteetti: 170 m3\/h<br \/>\n&#8221; Tuulettimen teho: 40 &#8211; 90 m3\/h<br \/>\n&#8221; Mitat: 1004 x 704 x 55 mm<br \/>\n&#8221; Ohjaimet: Katkaisija + S\u00e4\u00e4dinyksikk\u00f6 lis\u00e4varuste<br \/>\n&#8221; Takuu: 5 vuotta<br \/>\n&#8221; Huoltov\u00e4li: 15 vuottaKorkealaatuiset huoltovapaat SolarVenti -aurinkoilmaker\u00e4imet<br \/>\nTehokas ja toimiva SolarVentin patentoitu teknologia luo uudet standardit aurinkoilmaker\u00e4imiin. Aurinkoilmaker\u00e4in raikastaa sis\u00e4ilman ja poistaa tehokkaasti kosteuden ilman k\u00e4ytt\u00f6kustannuksia.<br \/>\nMukavuutta, l\u00e4mp\u00f6\u00e4 ja kuivaa ilmaa m\u00f6kille, autotalliin tai varastoon ilmaisella aurinkoenergialla.<br \/>\nSolarVenti on sein\u00e4lle kiinnitett\u00e4v\u00e4 aurinkoilmaker\u00e4in. Varustettu katkaisijalla, voidaan tarvittaessa kytke\u00e4 pois p\u00e4\u00e4lt\u00e4. Lis\u00e4varusteena saatavilla termostaatti.<br \/>\nSolarventi-aurinkoilmaker\u00e4in:<br \/>\n&#8221; Kosteuden poistoon rakennuksesta auringon avulla<br \/>\n&#8221; Puhaltaa raikasta ja l\u00e4mmint\u00e4 ilmaa<br \/>\n&#8221; M\u00f6kille, varastoon, huvimajaan, kellariin jne.<br \/>\n&#8221; Pitk\u00e4aikainen k\u00e4ytt\u00f6 ehk\u00e4isee homeongelmia<br \/>\n&#8221; Helppo asentaa<br \/>\n&#8221; Ei k\u00e4ytt\u00f6kustannuksia<\/div>\n<\/div>\n<\/div>\n<div class=\"ProductPageContent__description-details col-sm-12 col-lg-2\">\n<div>\n<h6>Lis\u00e4tiedot<\/h6>\n<div>\n<div class=\"ProductExtraInfo ProductExtraInfo--short-list ProductExtraInfo--single-column\">\n<ul class=\"inline-dot\">\n<li class=\"ProductExtraInfo--product-id\">Tuotekoodi:\u00a0120152<\/li>\n<li class=\"ProductExtraInfo--warranty\"><span class=\"ProductWarranty\">Takuu:\u00a0<span class=\"ProductWarranty__warranty\">5 vuotta<\/span><\/span><\/li>\n<li class=\"ProductExtraInfo--weight\">Paino:\u00a08 kg<\/li>\n<\/ul>\n<\/div>\n<p><strong><span style=\"color: #0000ff;\"><a style=\"color: #0000ff;\" href=\"https:\/\/www.duunauspalvelutjarvi.fi\/wp-content\/uploads\/2022\/02\/120150-SB12-2.2_0fd9902a1e40b10bea2fe4a3e788f41f.pdf\">Asennusohje\u00a0<\/a> \u00a0<\/span><\/strong> \u00a0 \u00a0 \u00a0 \u00a0 \u00a0 \u00a0 \u00a0 <strong><span style=\"color: #0000ff;\"><a style=\"color: #0000ff;\" href=\"https:\/\/www.duunauspalvelutjarvi.fi\/wp-content\/uploads\/2022\/02\/120150-SolarVentiEsite_4xA4-2020-web_2241cbe8812b82a01bf9b894a7a7219b.pdf\">Esite<\/a><\/span><\/strong><\/p>\n<\/div>\n<\/div>\n<\/div>\n","protected":false},"excerpt":{"rendered":"<p>SolarVenti SV7 &#8221; Rakennuksen pinta- ala max: 50m2 &#8221; Asennus: Sein\u00e4asennus vaaka- tai pystyasentoon &#8221; Maksimiteho: 500 wattia &#8221; Tuulettimen kapasiteetti: 170 m3\/h &#8221; Tuulettimen teho: 40 &#8211; 90 m3\/h &#8221; Mitat: 1004 x 704 x 55 mm &#8221; Ohjaimet: Katkaisija + S\u00e4\u00e4dinyksikk\u00f6 lis\u00e4varuste &#8221; Takuu: 5 vuotta &#8221; Huoltov\u00e4li: 15 vuottaKorkealaatuiset huoltovapaat SolarVenti -aurinkoilmaker\u00e4imet [&hellip;]<\/p>\n","protected":false},"featured_media":12684,"comment_status":"open","ping_status":"closed","template":"","meta":[],"product_brand":[],"product_cat":[648],"product_tag":[],"class_list":{"0":"post-12669","1":"product","2":"type-product","3":"status-publish","4":"has-post-thumbnail","6":"product_cat-aurinkokeraimet","8":"first","9":"instock","10":"taxable","11":"shipping-taxable","12":"purchasable","13":"product-type-variable"},"yoast_head":"<!-- This site is optimized with the Yoast SEO plugin v27.4 - https:\/\/yoast.com\/product\/yoast-seo-wordpress\/ -->\n<title>SolarVenti SV7 -<\/title>\n<meta name=\"robots\" content=\"index, follow, max-snippet:-1, max-image-preview:large, max-video-preview:-1\" \/>\n<link rel=\"canonical\" href=\"https:\/\/www.duunauspalvelutjarvi.fi\/?product=12669\" \/>\n<meta property=\"og:locale\" content=\"fi_FI\" \/>\n<meta property=\"og:type\" content=\"article\" \/>\n<meta property=\"og:title\" content=\"SolarVenti SV7 -\" \/>\n<meta property=\"og:description\" content=\"SolarVenti SV7 &#8221; Rakennuksen pinta- ala max: 50m2 &#8221; Asennus: Sein\u00e4asennus vaaka- tai pystyasentoon &#8221; Maksimiteho: 500 wattia &#8221; Tuulettimen kapasiteetti: 170 m3\/h &#8221; Tuulettimen teho: 40 &#8211; 90 m3\/h &#8221; Mitat: 1004 x 704 x 55 mm &#8221; Ohjaimet: Katkaisija + S\u00e4\u00e4dinyksikk\u00f6 lis\u00e4varuste &#8221; Takuu: 5 vuotta &#8221; Huoltov\u00e4li: 15 vuottaKorkealaatuiset huoltovapaat SolarVenti -aurinkoilmaker\u00e4imet [&hellip;]\" \/>\n<meta property=\"og:url\" content=\"https:\/\/www.duunauspalvelutjarvi.fi\/?product=12669\" \/>\n<meta property=\"article:modified_time\" content=\"2022-02-07T10:56:11+00:00\" \/>\n<meta property=\"og:image\" content=\"https:\/\/www.duunauspalvelutjarvi.fi\/wp-content\/uploads\/2022\/02\/SolarVentiSV7_120152_be1044c5f55151816993aee07e68e3aa_1-819x1024.png\" \/>\n\t<meta property=\"og:image:width\" content=\"819\" \/>\n\t<meta property=\"og:image:height\" content=\"1024\" \/>\n\t<meta property=\"og:image:type\" content=\"image\/png\" \/>\n<meta name=\"twitter:card\" content=\"summary_large_image\" \/>\n<meta name=\"twitter:label1\" content=\"Arvioitu lukuaika\" \/>\n\t<meta name=\"twitter:data1\" content=\"1 minuutti\" \/>\n<script type=\"application\/ld+json\" class=\"yoast-schema-graph\">{\"@context\":\"https:\\\/\\\/schema.org\",\"@graph\":[{\"@type\":\"WebPage\",\"@id\":\"https:\\\/\\\/www.duunauspalvelutjarvi.fi\\\/?product=12669\",\"url\":\"https:\\\/\\\/www.duunauspalvelutjarvi.fi\\\/?product=12669\",\"name\":\"SolarVenti SV7 -\",\"isPartOf\":{\"@id\":\"https:\\\/\\\/www.duunauspalvelutjarvi.fi\\\/#website\"},\"primaryImageOfPage\":{\"@id\":\"https:\\\/\\\/www.duunauspalvelutjarvi.fi\\\/?product=12669#primaryimage\"},\"image\":{\"@id\":\"https:\\\/\\\/www.duunauspalvelutjarvi.fi\\\/?product=12669#primaryimage\"},\"thumbnailUrl\":\"https:\\\/\\\/www.duunauspalvelutjarvi.fi\\\/wp-content\\\/uploads\\\/2022\\\/02\\\/SolarVentiSV7_120152_be1044c5f55151816993aee07e68e3aa_1.png\",\"datePublished\":\"2022-02-07T10:33:20+00:00\",\"dateModified\":\"2022-02-07T10:56:11+00:00\",\"breadcrumb\":{\"@id\":\"https:\\\/\\\/www.duunauspalvelutjarvi.fi\\\/?product=12669#breadcrumb\"},\"inLanguage\":\"fi\",\"potentialAction\":[{\"@type\":\"ReadAction\",\"target\":[\"https:\\\/\\\/www.duunauspalvelutjarvi.fi\\\/?product=12669\"]}]},{\"@type\":\"ImageObject\",\"inLanguage\":\"fi\",\"@id\":\"https:\\\/\\\/www.duunauspalvelutjarvi.fi\\\/?product=12669#primaryimage\",\"url\":\"https:\\\/\\\/www.duunauspalvelutjarvi.fi\\\/wp-content\\\/uploads\\\/2022\\\/02\\\/SolarVentiSV7_120152_be1044c5f55151816993aee07e68e3aa_1.png\",\"contentUrl\":\"https:\\\/\\\/www.duunauspalvelutjarvi.fi\\\/wp-content\\\/uploads\\\/2022\\\/02\\\/SolarVentiSV7_120152_be1044c5f55151816993aee07e68e3aa_1.png\",\"width\":1600,\"height\":2000},{\"@type\":\"BreadcrumbList\",\"@id\":\"https:\\\/\\\/www.duunauspalvelutjarvi.fi\\\/?product=12669#breadcrumb\",\"itemListElement\":[{\"@type\":\"ListItem\",\"position\":1,\"name\":\"Etusivu\",\"item\":\"https:\\\/\\\/www.duunauspalvelutjarvi.fi\\\/\"},{\"@type\":\"ListItem\",\"position\":2,\"name\":\"Etusivu\",\"item\":\"https:\\\/\\\/www.duunauspalvelutjarvi.fi\\\/\"},{\"@type\":\"ListItem\",\"position\":3,\"name\":\"SolarVenti SV7\"}]},{\"@type\":\"WebSite\",\"@id\":\"https:\\\/\\\/www.duunauspalvelutjarvi.fi\\\/#website\",\"url\":\"https:\\\/\\\/www.duunauspalvelutjarvi.fi\\\/\",\"name\":\"\",\"description\":\"\",\"potentialAction\":[{\"@type\":\"SearchAction\",\"target\":{\"@type\":\"EntryPoint\",\"urlTemplate\":\"https:\\\/\\\/www.duunauspalvelutjarvi.fi\\\/?s={search_term_string}\"},\"query-input\":{\"@type\":\"PropertyValueSpecification\",\"valueRequired\":true,\"valueName\":\"search_term_string\"}}],\"inLanguage\":\"fi\"}]}<\/script>\n<!-- \/ Yoast SEO plugin. -->","yoast_head_json":{"title":"SolarVenti SV7 -","robots":{"index":"index","follow":"follow","max-snippet":"max-snippet:-1","max-image-preview":"max-image-preview:large","max-video-preview":"max-video-preview:-1"},"canonical":"https:\/\/www.duunauspalvelutjarvi.fi\/?product=12669","og_locale":"fi_FI","og_type":"article","og_title":"SolarVenti SV7 -","og_description":"SolarVenti SV7 &#8221; Rakennuksen pinta- ala max: 50m2 &#8221; Asennus: Sein\u00e4asennus vaaka- tai pystyasentoon &#8221; Maksimiteho: 500 wattia &#8221; Tuulettimen kapasiteetti: 170 m3\/h &#8221; Tuulettimen teho: 40 &#8211; 90 m3\/h &#8221; Mitat: 1004 x 704 x 55 mm &#8221; Ohjaimet: Katkaisija + S\u00e4\u00e4dinyksikk\u00f6 lis\u00e4varuste &#8221; Takuu: 5 vuotta &#8221; Huoltov\u00e4li: 15 vuottaKorkealaatuiset huoltovapaat SolarVenti -aurinkoilmaker\u00e4imet [&hellip;]","og_url":"https:\/\/www.duunauspalvelutjarvi.fi\/?product=12669","article_modified_time":"2022-02-07T10:56:11+00:00","og_image":[{"width":819,"height":1024,"url":"https:\/\/www.duunauspalvelutjarvi.fi\/wp-content\/uploads\/2022\/02\/SolarVentiSV7_120152_be1044c5f55151816993aee07e68e3aa_1-819x1024.png","type":"image\/png"}],"twitter_card":"summary_large_image","twitter_misc":{"Arvioitu lukuaika":"1 minuutti"},"schema":{"@context":"https:\/\/schema.org","@graph":[{"@type":"WebPage","@id":"https:\/\/www.duunauspalvelutjarvi.fi\/?product=12669","url":"https:\/\/www.duunauspalvelutjarvi.fi\/?product=12669","name":"SolarVenti SV7 -","isPartOf":{"@id":"https:\/\/www.duunauspalvelutjarvi.fi\/#website"},"primaryImageOfPage":{"@id":"https:\/\/www.duunauspalvelutjarvi.fi\/?product=12669#primaryimage"},"image":{"@id":"https:\/\/www.duunauspalvelutjarvi.fi\/?product=12669#primaryimage"},"thumbnailUrl":"https:\/\/www.duunauspalvelutjarvi.fi\/wp-content\/uploads\/2022\/02\/SolarVentiSV7_120152_be1044c5f55151816993aee07e68e3aa_1.png","datePublished":"2022-02-07T10:33:20+00:00","dateModified":"2022-02-07T10:56:11+00:00","breadcrumb":{"@id":"https:\/\/www.duunauspalvelutjarvi.fi\/?product=12669#breadcrumb"},"inLanguage":"fi","potentialAction":[{"@type":"ReadAction","target":["https:\/\/www.duunauspalvelutjarvi.fi\/?product=12669"]}]},{"@type":"ImageObject","inLanguage":"fi","@id":"https:\/\/www.duunauspalvelutjarvi.fi\/?product=12669#primaryimage","url":"https:\/\/www.duunauspalvelutjarvi.fi\/wp-content\/uploads\/2022\/02\/SolarVentiSV7_120152_be1044c5f55151816993aee07e68e3aa_1.png","contentUrl":"https:\/\/www.duunauspalvelutjarvi.fi\/wp-content\/uploads\/2022\/02\/SolarVentiSV7_120152_be1044c5f55151816993aee07e68e3aa_1.png","width":1600,"height":2000},{"@type":"BreadcrumbList","@id":"https:\/\/www.duunauspalvelutjarvi.fi\/?product=12669#breadcrumb","itemListElement":[{"@type":"ListItem","position":1,"name":"Etusivu","item":"https:\/\/www.duunauspalvelutjarvi.fi\/"},{"@type":"ListItem","position":2,"name":"Etusivu","item":"https:\/\/www.duunauspalvelutjarvi.fi\/"},{"@type":"ListItem","position":3,"name":"SolarVenti SV7"}]},{"@type":"WebSite","@id":"https:\/\/www.duunauspalvelutjarvi.fi\/#website","url":"https:\/\/www.duunauspalvelutjarvi.fi\/","name":"","description":"","potentialAction":[{"@type":"SearchAction","target":{"@type":"EntryPoint","urlTemplate":"https:\/\/www.duunauspalvelutjarvi.fi\/?s={search_term_string}"},"query-input":{"@type":"PropertyValueSpecification","valueRequired":true,"valueName":"search_term_string"}}],"inLanguage":"fi"}]}},"jetpack_sharing_enabled":true,"_links":{"self":[{"href":"https:\/\/www.duunauspalvelutjarvi.fi\/index.php?rest_route=\/wp\/v2\/product\/12669","targetHints":{"allow":["GET"]}}],"collection":[{"href":"https:\/\/www.duunauspalvelutjarvi.fi\/index.php?rest_route=\/wp\/v2\/product"}],"about":[{"href":"https:\/\/www.duunauspalvelutjarvi.fi\/index.php?rest_route=\/wp\/v2\/types\/product"}],"replies":[{"embeddable":true,"href":"https:\/\/www.duunauspalvelutjarvi.fi\/index.php?rest_route=%2Fwp%2Fv2%2Fcomments&post=12669"}],"wp:featuredmedia":[{"embeddable":true,"href":"https:\/\/www.duunauspalvelutjarvi.fi\/index.php?rest_route=\/wp\/v2\/media\/12684"}],"wp:attachment":[{"href":"https:\/\/www.duunauspalvelutjarvi.fi\/index.php?rest_route=%2Fwp%2Fv2%2Fmedia&parent=12669"}],"wp:term":[{"taxonomy":"product_brand","embeddable":true,"href":"https:\/\/www.duunauspalvelutjarvi.fi\/index.php?rest_route=%2Fwp%2Fv2%2Fproduct_brand&post=12669"},{"taxonomy":"product_cat","embeddable":true,"href":"https:\/\/www.duunauspalvelutjarvi.fi\/index.php?rest_route=%2Fwp%2Fv2%2Fproduct_cat&post=12669"},{"taxonomy":"product_tag","embeddable":true,"href":"https:\/\/www.duunauspalvelutjarvi.fi\/index.php?rest_route=%2Fwp%2Fv2%2Fproduct_tag&post=12669"}],"curies":[{"name":"wp","href":"https:\/\/api.w.org\/{rel}","templated":true}]}}