{"id":12775,"date":"2022-03-05T22:27:59","date_gmt":"2022-03-05T20:27:59","guid":{"rendered":"https:\/\/www.duunauspalvelutjarvi.fi\/?post_type=product&#038;p=12775"},"modified":"2025-10-09T11:38:17","modified_gmt":"2025-10-09T08:38:17","slug":"w-light-hurricane-led-kaukovalo-12-24v-72w-358mm","status":"publish","type":"product","link":"https:\/\/www.duunauspalvelutjarvi.fi\/?product=w-light-hurricane-led-kaukovalo-12-24v-72w-358mm","title":{"rendered":"W-Light Hurricane Led Kaukovalo 12\/24V 72w 358mm"},"content":{"rendered":"<div class=\"col-12 col-lg-10\">\n<div class=\"ProductPageContent__description\">\n<div class=\"WysiwygContent\">\n<div><\/div>\n<\/div>\n<\/div>\n<\/div>\n<div class=\"ProductPageContent__description-details col-sm-12 col-lg-2\">\n<div class=\"ProductExtraInfo ProductExtraInfo--short-list ProductExtraInfo--single-column\">\n<div class=\"col-12 col-lg-10\">\n<div class=\"ProductPageContent__description\">\n<div class=\"WysiwygContent\">\n<p><strong>LED-lis\u00e4valopaneeli 72w W-Light Hurricane, Ref.37,5\u00a0<\/strong>on uutuusmalli pitk\u00e4lle kantavalla valokuviolla. Tumma ulkon\u00e4k\u00f6 ja siro muotoilu tekev\u00e4t valaisimesta hyv\u00e4n vaihtoehdon uudempiin autoihin.<\/p>\n<p><strong>Tekniset tiedot:<\/strong><br \/>\n\u2022 K\u00e4ytt\u00f6j\u00e4nnite: 10-30V<br \/>\n\u2022 Referenssiluku: 37,5<br \/>\n\u2022 Teho: 72w (24x3W OSRAM LED)<br \/>\n\u2022 Valmistajan ilmoittama teoreettinen valonteho: 6480lm<br \/>\n\u2022 Mitattu valonteho: 3524lm<br \/>\n\u2022 V\u00e4ril\u00e4mp\u00f6tila: 6000K<br \/>\n\u2022 Yhdistelm\u00e4kuvio<br \/>\n\u2022 Polykarbonaattilinssi<br \/>\n\u2022 Kaareva alumiinirunko<br \/>\n\u2022 Kolme kiinnitysvaihtoehtoa: P\u00e4\u00e4ty-, ala- ja riippukiinnitys<br \/>\n\u2022 Deutsch 2-pin liitin<br \/>\n\u2022 2,2m virtajohto<br \/>\n\u2022 IP67<br \/>\n\u2022 Mitat: 357mm x 78,5mm (asennusjalkojen kanssa 89,3mm) x 59,5mmmm<br \/>\n\u2022 Hyv\u00e4ksynn\u00e4t: R112, R10<\/p>\n<\/div>\n<\/div>\n<\/div>\n<div class=\"ProductPageContent__description-details col-sm-12 col-lg-2\">\n<h6>Lis\u00e4tiedot<\/h6>\n<div>\n<div class=\"ProductExtraInfo ProductExtraInfo--single-column\">\n<ul class=\"inline-dot\">\n<li class=\"ProductExtraInfo--warranty\"><span class=\"ProductWarranty\">Takuu:\u00a0<span class=\"ProductWarranty__warranty\">1 vuosi<\/span><\/span><\/li>\n<li class=\"ProductExtraInfo--weight\">Paino:\u00a01.6 kg<\/li>\n<li class=\"ProductExtraInfo--property-4\">V\u00e4ril\u00e4mp\u00f6tila:\u00a06000<\/li>\n<li class=\"ProductExtraInfo--property-5\">Valokuvio:\u00a0Kapea<\/li>\n<li class=\"ProductExtraInfo--property-10\">V\u00e4ri:\u00a0Musta<\/li>\n<li class=\"ProductExtraInfo--property-12\">Referenssiluku:\u00a037.5<\/li>\n<li class=\"ProductExtraInfo--property-38\">Setti:\u00a01 kpl &#8211; pelkk\u00e4 valo<\/li>\n<li class=\"ProductExtraInfo--property-40\">Liittimen tyyppi:\u00a02-pin Deutsch DT<\/li>\n<li class=\"ProductExtraInfo--property-59\">Ip-luokitus:\u00a0IP67<\/li>\n<li class=\"ProductExtraInfo--property-72\">Ledien m\u00e4\u00e4r\u00e4:\u00a024<\/li>\n<li class=\"ProductExtraInfo--property-74\">Valonl\u00e4hde:\u00a0LED<\/li>\n<li class=\"ProductExtraInfo--property-109\">syvyys (mm):\u00a060<\/li>\n<li class=\"ProductExtraInfo--property-110\">korkeus (mm):\u00a079<\/li>\n<li class=\"ProductExtraInfo--property-111\">leveys (mm):\u00a0357<\/li>\n<li class=\"ProductExtraInfo--property-113\">K\u00e4ytt\u00f6j\u00e4nnitealue:\u00a010-30V<\/li>\n<li class=\"ProductExtraInfo--property-114\">ECE-hyv\u00e4ksynt\u00e4:\u00a0R112<\/li>\n<li class=\"ProductExtraInfo--property-115\">Linssin materiaali:\u00a0Polycarbonate<\/li>\n<li class=\"ProductExtraInfo--property-116\">Mitattu virrankulutus:\u00a00<\/li>\n<li class=\"ProductExtraInfo--property-119\">Valovirta (teoreettinen):\u00a06480<\/li>\n<li class=\"ProductExtraInfo--property-126\">EMC-hyv\u00e4ksynt\u00e4:\u00a0ECE R10<\/li>\n<\/ul>\n<\/div>\n<\/div>\n<\/div>\n<\/div>\n<\/div>\n","protected":false},"excerpt":{"rendered":"<p>LED-lis\u00e4valopaneeli 72w W-Light Hurricane, Ref.37,5\u00a0on uutuusmalli pitk\u00e4lle kantavalla valokuviolla. Tumma ulkon\u00e4k\u00f6 ja siro muotoilu tekev\u00e4t valaisimesta hyv\u00e4n vaihtoehdon uudempiin autoihin. Tekniset tiedot: \u2022 K\u00e4ytt\u00f6j\u00e4nnite: 10-30V \u2022 Referenssiluku: 37,5 \u2022 Teho: 72w (24x3W OSRAM LED) \u2022 Valmistajan ilmoittama teoreettinen valonteho: 6480lm \u2022 Mitattu valonteho: 3524lm \u2022 V\u00e4ril\u00e4mp\u00f6tila: 6000K \u2022 Yhdistelm\u00e4kuvio \u2022 Polykarbonaattilinssi \u2022 Kaareva alumiinirunko \u2022 [&hellip;]<\/p>\n","protected":false},"featured_media":12998,"comment_status":"open","ping_status":"closed","template":"","meta":[],"product_brand":[],"product_cat":[44],"product_tag":[],"class_list":{"0":"post-12775","1":"product","2":"type-product","3":"status-publish","4":"has-post-thumbnail","6":"product_cat-led-lisavalopaneelit","7":"product_shipping_class-l-paketti","9":"first","10":"instock","11":"taxable","12":"shipping-taxable","13":"purchasable","14":"product-type-variable"},"yoast_head":"<!-- This site is optimized with the Yoast SEO plugin v27.5 - https:\/\/yoast.com\/product\/yoast-seo-wordpress\/ -->\n<title>W-Light Hurricane Led Kaukovalo 12\/24V 72w 358mm -<\/title>\n<meta name=\"robots\" content=\"index, follow, max-snippet:-1, max-image-preview:large, max-video-preview:-1\" \/>\n<link rel=\"canonical\" href=\"https:\/\/www.duunauspalvelutjarvi.fi\/?product=w-light-hurricane-led-kaukovalo-12-24v-72w-358mm\" \/>\n<meta property=\"og:locale\" content=\"fi_FI\" \/>\n<meta property=\"og:type\" content=\"article\" \/>\n<meta property=\"og:title\" content=\"W-Light Hurricane Led Kaukovalo 12\/24V 72w 358mm -\" \/>\n<meta property=\"og:description\" content=\"LED-lis\u00e4valopaneeli 72w W-Light Hurricane, Ref.37,5\u00a0on uutuusmalli pitk\u00e4lle kantavalla valokuviolla. Tumma ulkon\u00e4k\u00f6 ja siro muotoilu tekev\u00e4t valaisimesta hyv\u00e4n vaihtoehdon uudempiin autoihin. Tekniset tiedot: \u2022 K\u00e4ytt\u00f6j\u00e4nnite: 10-30V \u2022 Referenssiluku: 37,5 \u2022 Teho: 72w (24x3W OSRAM LED) \u2022 Valmistajan ilmoittama teoreettinen valonteho: 6480lm \u2022 Mitattu valonteho: 3524lm \u2022 V\u00e4ril\u00e4mp\u00f6tila: 6000K \u2022 Yhdistelm\u00e4kuvio \u2022 Polykarbonaattilinssi \u2022 Kaareva alumiinirunko \u2022 [&hellip;]\" \/>\n<meta property=\"og:url\" content=\"https:\/\/www.duunauspalvelutjarvi.fi\/?product=w-light-hurricane-led-kaukovalo-12-24v-72w-358mm\" \/>\n<meta property=\"article:modified_time\" content=\"2025-10-09T08:38:17+00:00\" \/>\n<meta property=\"og:image\" content=\"https:\/\/www.duunauspalvelutjarvi.fi\/wp-content\/uploads\/2022\/05\/LED-lisavalopaneeli72wW-LightHurricaneRef.375_8020101421_4a4ce7638e7886f5d88f14c583190cd3_2.jpg\" \/>\n\t<meta property=\"og:image:width\" content=\"487\" \/>\n\t<meta property=\"og:image:height\" content=\"249\" \/>\n\t<meta property=\"og:image:type\" content=\"image\/jpeg\" \/>\n<meta name=\"twitter:card\" content=\"summary_large_image\" \/>\n<meta name=\"twitter:label1\" content=\"Arvioitu lukuaika\" \/>\n\t<meta name=\"twitter:data1\" content=\"1 minuutti\" \/>\n<script type=\"application\/ld+json\" class=\"yoast-schema-graph\">{\"@context\":\"https:\\\/\\\/schema.org\",\"@graph\":[{\"@type\":\"WebPage\",\"@id\":\"https:\\\/\\\/www.duunauspalvelutjarvi.fi\\\/?product=w-light-hurricane-led-kaukovalo-12-24v-72w-358mm\",\"url\":\"https:\\\/\\\/www.duunauspalvelutjarvi.fi\\\/?product=w-light-hurricane-led-kaukovalo-12-24v-72w-358mm\",\"name\":\"W-Light Hurricane Led Kaukovalo 12\\\/24V 72w 358mm -\",\"isPartOf\":{\"@id\":\"https:\\\/\\\/www.duunauspalvelutjarvi.fi\\\/#website\"},\"primaryImageOfPage\":{\"@id\":\"https:\\\/\\\/www.duunauspalvelutjarvi.fi\\\/?product=w-light-hurricane-led-kaukovalo-12-24v-72w-358mm#primaryimage\"},\"image\":{\"@id\":\"https:\\\/\\\/www.duunauspalvelutjarvi.fi\\\/?product=w-light-hurricane-led-kaukovalo-12-24v-72w-358mm#primaryimage\"},\"thumbnailUrl\":\"https:\\\/\\\/www.duunauspalvelutjarvi.fi\\\/wp-content\\\/uploads\\\/2022\\\/05\\\/LED-lisavalopaneeli72wW-LightHurricaneRef.375_8020101421_4a4ce7638e7886f5d88f14c583190cd3_2.jpg\",\"datePublished\":\"2022-03-05T20:27:59+00:00\",\"dateModified\":\"2025-10-09T08:38:17+00:00\",\"breadcrumb\":{\"@id\":\"https:\\\/\\\/www.duunauspalvelutjarvi.fi\\\/?product=w-light-hurricane-led-kaukovalo-12-24v-72w-358mm#breadcrumb\"},\"inLanguage\":\"fi\",\"potentialAction\":[{\"@type\":\"ReadAction\",\"target\":[\"https:\\\/\\\/www.duunauspalvelutjarvi.fi\\\/?product=w-light-hurricane-led-kaukovalo-12-24v-72w-358mm\"]}]},{\"@type\":\"ImageObject\",\"inLanguage\":\"fi\",\"@id\":\"https:\\\/\\\/www.duunauspalvelutjarvi.fi\\\/?product=w-light-hurricane-led-kaukovalo-12-24v-72w-358mm#primaryimage\",\"url\":\"https:\\\/\\\/www.duunauspalvelutjarvi.fi\\\/wp-content\\\/uploads\\\/2022\\\/05\\\/LED-lisavalopaneeli72wW-LightHurricaneRef.375_8020101421_4a4ce7638e7886f5d88f14c583190cd3_2.jpg\",\"contentUrl\":\"https:\\\/\\\/www.duunauspalvelutjarvi.fi\\\/wp-content\\\/uploads\\\/2022\\\/05\\\/LED-lisavalopaneeli72wW-LightHurricaneRef.375_8020101421_4a4ce7638e7886f5d88f14c583190cd3_2.jpg\",\"width\":487,\"height\":249},{\"@type\":\"BreadcrumbList\",\"@id\":\"https:\\\/\\\/www.duunauspalvelutjarvi.fi\\\/?product=w-light-hurricane-led-kaukovalo-12-24v-72w-358mm#breadcrumb\",\"itemListElement\":[{\"@type\":\"ListItem\",\"position\":1,\"name\":\"Etusivu\",\"item\":\"https:\\\/\\\/www.duunauspalvelutjarvi.fi\\\/\"},{\"@type\":\"ListItem\",\"position\":2,\"name\":\"Etusivu\",\"item\":\"https:\\\/\\\/www.duunauspalvelutjarvi.fi\\\/\"},{\"@type\":\"ListItem\",\"position\":3,\"name\":\"W-Light Hurricane Led Kaukovalo 12\\\/24V 72w 358mm\"}]},{\"@type\":\"WebSite\",\"@id\":\"https:\\\/\\\/www.duunauspalvelutjarvi.fi\\\/#website\",\"url\":\"https:\\\/\\\/www.duunauspalvelutjarvi.fi\\\/\",\"name\":\"\",\"description\":\"\",\"potentialAction\":[{\"@type\":\"SearchAction\",\"target\":{\"@type\":\"EntryPoint\",\"urlTemplate\":\"https:\\\/\\\/www.duunauspalvelutjarvi.fi\\\/?s={search_term_string}\"},\"query-input\":{\"@type\":\"PropertyValueSpecification\",\"valueRequired\":true,\"valueName\":\"search_term_string\"}}],\"inLanguage\":\"fi\"}]}<\/script>\n<!-- \/ Yoast SEO plugin. -->","yoast_head_json":{"title":"W-Light Hurricane Led Kaukovalo 12\/24V 72w 358mm -","robots":{"index":"index","follow":"follow","max-snippet":"max-snippet:-1","max-image-preview":"max-image-preview:large","max-video-preview":"max-video-preview:-1"},"canonical":"https:\/\/www.duunauspalvelutjarvi.fi\/?product=w-light-hurricane-led-kaukovalo-12-24v-72w-358mm","og_locale":"fi_FI","og_type":"article","og_title":"W-Light Hurricane Led Kaukovalo 12\/24V 72w 358mm -","og_description":"LED-lis\u00e4valopaneeli 72w W-Light Hurricane, Ref.37,5\u00a0on uutuusmalli pitk\u00e4lle kantavalla valokuviolla. Tumma ulkon\u00e4k\u00f6 ja siro muotoilu tekev\u00e4t valaisimesta hyv\u00e4n vaihtoehdon uudempiin autoihin. Tekniset tiedot: \u2022 K\u00e4ytt\u00f6j\u00e4nnite: 10-30V \u2022 Referenssiluku: 37,5 \u2022 Teho: 72w (24x3W OSRAM LED) \u2022 Valmistajan ilmoittama teoreettinen valonteho: 6480lm \u2022 Mitattu valonteho: 3524lm \u2022 V\u00e4ril\u00e4mp\u00f6tila: 6000K \u2022 Yhdistelm\u00e4kuvio \u2022 Polykarbonaattilinssi \u2022 Kaareva alumiinirunko \u2022 [&hellip;]","og_url":"https:\/\/www.duunauspalvelutjarvi.fi\/?product=w-light-hurricane-led-kaukovalo-12-24v-72w-358mm","article_modified_time":"2025-10-09T08:38:17+00:00","og_image":[{"width":487,"height":249,"url":"https:\/\/www.duunauspalvelutjarvi.fi\/wp-content\/uploads\/2022\/05\/LED-lisavalopaneeli72wW-LightHurricaneRef.375_8020101421_4a4ce7638e7886f5d88f14c583190cd3_2.jpg","type":"image\/jpeg"}],"twitter_card":"summary_large_image","twitter_misc":{"Arvioitu lukuaika":"1 minuutti"},"schema":{"@context":"https:\/\/schema.org","@graph":[{"@type":"WebPage","@id":"https:\/\/www.duunauspalvelutjarvi.fi\/?product=w-light-hurricane-led-kaukovalo-12-24v-72w-358mm","url":"https:\/\/www.duunauspalvelutjarvi.fi\/?product=w-light-hurricane-led-kaukovalo-12-24v-72w-358mm","name":"W-Light Hurricane Led Kaukovalo 12\/24V 72w 358mm -","isPartOf":{"@id":"https:\/\/www.duunauspalvelutjarvi.fi\/#website"},"primaryImageOfPage":{"@id":"https:\/\/www.duunauspalvelutjarvi.fi\/?product=w-light-hurricane-led-kaukovalo-12-24v-72w-358mm#primaryimage"},"image":{"@id":"https:\/\/www.duunauspalvelutjarvi.fi\/?product=w-light-hurricane-led-kaukovalo-12-24v-72w-358mm#primaryimage"},"thumbnailUrl":"https:\/\/www.duunauspalvelutjarvi.fi\/wp-content\/uploads\/2022\/05\/LED-lisavalopaneeli72wW-LightHurricaneRef.375_8020101421_4a4ce7638e7886f5d88f14c583190cd3_2.jpg","datePublished":"2022-03-05T20:27:59+00:00","dateModified":"2025-10-09T08:38:17+00:00","breadcrumb":{"@id":"https:\/\/www.duunauspalvelutjarvi.fi\/?product=w-light-hurricane-led-kaukovalo-12-24v-72w-358mm#breadcrumb"},"inLanguage":"fi","potentialAction":[{"@type":"ReadAction","target":["https:\/\/www.duunauspalvelutjarvi.fi\/?product=w-light-hurricane-led-kaukovalo-12-24v-72w-358mm"]}]},{"@type":"ImageObject","inLanguage":"fi","@id":"https:\/\/www.duunauspalvelutjarvi.fi\/?product=w-light-hurricane-led-kaukovalo-12-24v-72w-358mm#primaryimage","url":"https:\/\/www.duunauspalvelutjarvi.fi\/wp-content\/uploads\/2022\/05\/LED-lisavalopaneeli72wW-LightHurricaneRef.375_8020101421_4a4ce7638e7886f5d88f14c583190cd3_2.jpg","contentUrl":"https:\/\/www.duunauspalvelutjarvi.fi\/wp-content\/uploads\/2022\/05\/LED-lisavalopaneeli72wW-LightHurricaneRef.375_8020101421_4a4ce7638e7886f5d88f14c583190cd3_2.jpg","width":487,"height":249},{"@type":"BreadcrumbList","@id":"https:\/\/www.duunauspalvelutjarvi.fi\/?product=w-light-hurricane-led-kaukovalo-12-24v-72w-358mm#breadcrumb","itemListElement":[{"@type":"ListItem","position":1,"name":"Etusivu","item":"https:\/\/www.duunauspalvelutjarvi.fi\/"},{"@type":"ListItem","position":2,"name":"Etusivu","item":"https:\/\/www.duunauspalvelutjarvi.fi\/"},{"@type":"ListItem","position":3,"name":"W-Light Hurricane Led Kaukovalo 12\/24V 72w 358mm"}]},{"@type":"WebSite","@id":"https:\/\/www.duunauspalvelutjarvi.fi\/#website","url":"https:\/\/www.duunauspalvelutjarvi.fi\/","name":"","description":"","potentialAction":[{"@type":"SearchAction","target":{"@type":"EntryPoint","urlTemplate":"https:\/\/www.duunauspalvelutjarvi.fi\/?s={search_term_string}"},"query-input":{"@type":"PropertyValueSpecification","valueRequired":true,"valueName":"search_term_string"}}],"inLanguage":"fi"}]}},"jetpack_sharing_enabled":true,"_links":{"self":[{"href":"https:\/\/www.duunauspalvelutjarvi.fi\/index.php?rest_route=\/wp\/v2\/product\/12775","targetHints":{"allow":["GET"]}}],"collection":[{"href":"https:\/\/www.duunauspalvelutjarvi.fi\/index.php?rest_route=\/wp\/v2\/product"}],"about":[{"href":"https:\/\/www.duunauspalvelutjarvi.fi\/index.php?rest_route=\/wp\/v2\/types\/product"}],"replies":[{"embeddable":true,"href":"https:\/\/www.duunauspalvelutjarvi.fi\/index.php?rest_route=%2Fwp%2Fv2%2Fcomments&post=12775"}],"wp:featuredmedia":[{"embeddable":true,"href":"https:\/\/www.duunauspalvelutjarvi.fi\/index.php?rest_route=\/wp\/v2\/media\/12998"}],"wp:attachment":[{"href":"https:\/\/www.duunauspalvelutjarvi.fi\/index.php?rest_route=%2Fwp%2Fv2%2Fmedia&parent=12775"}],"wp:term":[{"taxonomy":"product_brand","embeddable":true,"href":"https:\/\/www.duunauspalvelutjarvi.fi\/index.php?rest_route=%2Fwp%2Fv2%2Fproduct_brand&post=12775"},{"taxonomy":"product_cat","embeddable":true,"href":"https:\/\/www.duunauspalvelutjarvi.fi\/index.php?rest_route=%2Fwp%2Fv2%2Fproduct_cat&post=12775"},{"taxonomy":"product_tag","embeddable":true,"href":"https:\/\/www.duunauspalvelutjarvi.fi\/index.php?rest_route=%2Fwp%2Fv2%2Fproduct_tag&post=12775"}],"curies":[{"name":"wp","href":"https:\/\/api.w.org\/{rel}","templated":true}]}}