{"id":12895,"date":"2022-04-30T14:00:19","date_gmt":"2022-04-30T11:00:19","guid":{"rendered":"https:\/\/www.duunauspalvelutjarvi.fi\/?post_type=product&#038;p=12895"},"modified":"2022-04-30T14:00:20","modified_gmt":"2022-04-30T11:00:20","slug":"peruutuskamerasarja-c-bright","status":"publish","type":"product","link":"https:\/\/www.duunauspalvelutjarvi.fi\/?product=peruutuskamerasarja-c-bright","title":{"rendered":"Peruutuskamerasarja C-Bright"},"content":{"rendered":"<p><strong>Peruutuskamerasarja C-Bright.<\/strong>\u00a0Edullinen ja helppok\u00e4ytt\u00f6inen peruutuskamerasarja henkil\u00f6autoon, pakettiautoon tai asuntoautoon. Sarjassa 4,3&#8243; n\u00e4ytt\u00f6, kamera sek\u00e4 n\u00e4yt\u00f6n ja kameran v\u00e4linen 6m pitk\u00e4 RCA-kaapeli. N\u00e4yt\u00f6n kiinnitys kojelautaan onnistuu helposti n\u00e4yt\u00f6n pohjassa olevalla tarrakiinnityksell\u00e4.<\/p>\n<p><strong>Tekniset tiedot:<\/strong><br \/>\n\u2022 K\u00e4ytt\u00f6j\u00e4nnite 12V<br \/>\n\u2022 4,3&#8221; n\u00e4ytt\u00f6<br \/>\n\u2022 Resoluutio 640&#215;480<br \/>\n\u2022 110 asteen kuvakulman kamera<br \/>\n\u2022 Pime\u00e4n\u00e4k\u00f6toiminto<br \/>\n\u2022 Signaalimuoto: PAL\/NTSC<br \/>\n\u2022 RCA-kaapeli 6m<br \/>\n\u2022 N\u00e4yt\u00f6n virtakaapeli 60cm<br \/>\n\u2022 Takuu 12kk<br \/>\n\u2022 Ei virtan\u00e4pp\u00e4int\u00e4, aktiivinen aina kun sy\u00f6tt\u00f6j\u00e4nnite on aktiivinen<\/p>\n","protected":false},"excerpt":{"rendered":"<p>Peruutuskamerasarja C-Bright.\u00a0Edullinen ja helppok\u00e4ytt\u00f6inen peruutuskamerasarja henkil\u00f6autoon, pakettiautoon tai asuntoautoon. Sarjassa 4,3&#8243; n\u00e4ytt\u00f6, kamera sek\u00e4 n\u00e4yt\u00f6n ja kameran v\u00e4linen 6m pitk\u00e4 RCA-kaapeli. N\u00e4yt\u00f6n kiinnitys kojelautaan onnistuu helposti n\u00e4yt\u00f6n pohjassa olevalla tarrakiinnityksell\u00e4. Tekniset tiedot: \u2022 K\u00e4ytt\u00f6j\u00e4nnite 12V \u2022 4,3&#8221; n\u00e4ytt\u00f6 \u2022 Resoluutio 640&#215;480 \u2022 110 asteen kuvakulman kamera \u2022 Pime\u00e4n\u00e4k\u00f6toiminto \u2022 Signaalimuoto: PAL\/NTSC \u2022 RCA-kaapeli 6m \u2022 [&hellip;]<\/p>\n","protected":false},"featured_media":12896,"comment_status":"open","ping_status":"closed","template":"","meta":[],"product_brand":[],"product_cat":[629],"product_tag":[],"class_list":{"0":"post-12895","1":"product","2":"type-product","3":"status-publish","4":"has-post-thumbnail","6":"product_cat-peruutuskamerat","8":"first","9":"instock","10":"taxable","11":"shipping-taxable","12":"purchasable","13":"product-type-simple"},"yoast_head":"<!-- This site is optimized with the Yoast SEO plugin v27.5 - https:\/\/yoast.com\/product\/yoast-seo-wordpress\/ -->\n<title>Peruutuskamerasarja C-Bright -<\/title>\n<meta name=\"robots\" content=\"index, follow, max-snippet:-1, max-image-preview:large, max-video-preview:-1\" \/>\n<link rel=\"canonical\" href=\"https:\/\/www.duunauspalvelutjarvi.fi\/?product=peruutuskamerasarja-c-bright\" \/>\n<meta property=\"og:locale\" content=\"fi_FI\" \/>\n<meta property=\"og:type\" content=\"article\" \/>\n<meta property=\"og:title\" content=\"Peruutuskamerasarja C-Bright -\" \/>\n<meta property=\"og:description\" content=\"Peruutuskamerasarja C-Bright.\u00a0Edullinen ja helppok\u00e4ytt\u00f6inen peruutuskamerasarja henkil\u00f6autoon, pakettiautoon tai asuntoautoon. Sarjassa 4,3&#8243; n\u00e4ytt\u00f6, kamera sek\u00e4 n\u00e4yt\u00f6n ja kameran v\u00e4linen 6m pitk\u00e4 RCA-kaapeli. N\u00e4yt\u00f6n kiinnitys kojelautaan onnistuu helposti n\u00e4yt\u00f6n pohjassa olevalla tarrakiinnityksell\u00e4. Tekniset tiedot: \u2022 K\u00e4ytt\u00f6j\u00e4nnite 12V \u2022 4,3&#8221; n\u00e4ytt\u00f6 \u2022 Resoluutio 640&#215;480 \u2022 110 asteen kuvakulman kamera \u2022 Pime\u00e4n\u00e4k\u00f6toiminto \u2022 Signaalimuoto: PAL\/NTSC \u2022 RCA-kaapeli 6m \u2022 [&hellip;]\" \/>\n<meta property=\"og:url\" content=\"https:\/\/www.duunauspalvelutjarvi.fi\/?product=peruutuskamerasarja-c-bright\" \/>\n<meta property=\"article:modified_time\" content=\"2022-04-30T11:00:20+00:00\" \/>\n<meta property=\"og:image\" content=\"https:\/\/www.duunauspalvelutjarvi.fi\/wp-content\/uploads\/2022\/04\/PeruutuskamerasarjaCBright_8020103750_abaa6a495adf0b46167f1ddbac7761dd_1.jpg\" \/>\n\t<meta property=\"og:image:width\" content=\"400\" \/>\n\t<meta property=\"og:image:height\" content=\"300\" \/>\n\t<meta property=\"og:image:type\" content=\"image\/jpeg\" \/>\n<meta name=\"twitter:card\" content=\"summary_large_image\" \/>\n<script type=\"application\/ld+json\" class=\"yoast-schema-graph\">{\"@context\":\"https:\\\/\\\/schema.org\",\"@graph\":[{\"@type\":\"WebPage\",\"@id\":\"https:\\\/\\\/www.duunauspalvelutjarvi.fi\\\/?product=peruutuskamerasarja-c-bright\",\"url\":\"https:\\\/\\\/www.duunauspalvelutjarvi.fi\\\/?product=peruutuskamerasarja-c-bright\",\"name\":\"Peruutuskamerasarja C-Bright -\",\"isPartOf\":{\"@id\":\"https:\\\/\\\/www.duunauspalvelutjarvi.fi\\\/#website\"},\"primaryImageOfPage\":{\"@id\":\"https:\\\/\\\/www.duunauspalvelutjarvi.fi\\\/?product=peruutuskamerasarja-c-bright#primaryimage\"},\"image\":{\"@id\":\"https:\\\/\\\/www.duunauspalvelutjarvi.fi\\\/?product=peruutuskamerasarja-c-bright#primaryimage\"},\"thumbnailUrl\":\"https:\\\/\\\/www.duunauspalvelutjarvi.fi\\\/wp-content\\\/uploads\\\/2022\\\/04\\\/PeruutuskamerasarjaCBright_8020103750_abaa6a495adf0b46167f1ddbac7761dd_1.jpg\",\"datePublished\":\"2022-04-30T11:00:19+00:00\",\"dateModified\":\"2022-04-30T11:00:20+00:00\",\"breadcrumb\":{\"@id\":\"https:\\\/\\\/www.duunauspalvelutjarvi.fi\\\/?product=peruutuskamerasarja-c-bright#breadcrumb\"},\"inLanguage\":\"fi\",\"potentialAction\":[{\"@type\":\"ReadAction\",\"target\":[\"https:\\\/\\\/www.duunauspalvelutjarvi.fi\\\/?product=peruutuskamerasarja-c-bright\"]}]},{\"@type\":\"ImageObject\",\"inLanguage\":\"fi\",\"@id\":\"https:\\\/\\\/www.duunauspalvelutjarvi.fi\\\/?product=peruutuskamerasarja-c-bright#primaryimage\",\"url\":\"https:\\\/\\\/www.duunauspalvelutjarvi.fi\\\/wp-content\\\/uploads\\\/2022\\\/04\\\/PeruutuskamerasarjaCBright_8020103750_abaa6a495adf0b46167f1ddbac7761dd_1.jpg\",\"contentUrl\":\"https:\\\/\\\/www.duunauspalvelutjarvi.fi\\\/wp-content\\\/uploads\\\/2022\\\/04\\\/PeruutuskamerasarjaCBright_8020103750_abaa6a495adf0b46167f1ddbac7761dd_1.jpg\",\"width\":400,\"height\":300},{\"@type\":\"BreadcrumbList\",\"@id\":\"https:\\\/\\\/www.duunauspalvelutjarvi.fi\\\/?product=peruutuskamerasarja-c-bright#breadcrumb\",\"itemListElement\":[{\"@type\":\"ListItem\",\"position\":1,\"name\":\"Etusivu\",\"item\":\"https:\\\/\\\/www.duunauspalvelutjarvi.fi\\\/\"},{\"@type\":\"ListItem\",\"position\":2,\"name\":\"Etusivu\",\"item\":\"https:\\\/\\\/www.duunauspalvelutjarvi.fi\\\/\"},{\"@type\":\"ListItem\",\"position\":3,\"name\":\"Peruutuskamerasarja C-Bright\"}]},{\"@type\":\"WebSite\",\"@id\":\"https:\\\/\\\/www.duunauspalvelutjarvi.fi\\\/#website\",\"url\":\"https:\\\/\\\/www.duunauspalvelutjarvi.fi\\\/\",\"name\":\"\",\"description\":\"\",\"potentialAction\":[{\"@type\":\"SearchAction\",\"target\":{\"@type\":\"EntryPoint\",\"urlTemplate\":\"https:\\\/\\\/www.duunauspalvelutjarvi.fi\\\/?s={search_term_string}\"},\"query-input\":{\"@type\":\"PropertyValueSpecification\",\"valueRequired\":true,\"valueName\":\"search_term_string\"}}],\"inLanguage\":\"fi\"}]}<\/script>\n<!-- \/ Yoast SEO plugin. -->","yoast_head_json":{"title":"Peruutuskamerasarja C-Bright -","robots":{"index":"index","follow":"follow","max-snippet":"max-snippet:-1","max-image-preview":"max-image-preview:large","max-video-preview":"max-video-preview:-1"},"canonical":"https:\/\/www.duunauspalvelutjarvi.fi\/?product=peruutuskamerasarja-c-bright","og_locale":"fi_FI","og_type":"article","og_title":"Peruutuskamerasarja C-Bright -","og_description":"Peruutuskamerasarja C-Bright.\u00a0Edullinen ja helppok\u00e4ytt\u00f6inen peruutuskamerasarja henkil\u00f6autoon, pakettiautoon tai asuntoautoon. Sarjassa 4,3&#8243; n\u00e4ytt\u00f6, kamera sek\u00e4 n\u00e4yt\u00f6n ja kameran v\u00e4linen 6m pitk\u00e4 RCA-kaapeli. N\u00e4yt\u00f6n kiinnitys kojelautaan onnistuu helposti n\u00e4yt\u00f6n pohjassa olevalla tarrakiinnityksell\u00e4. Tekniset tiedot: \u2022 K\u00e4ytt\u00f6j\u00e4nnite 12V \u2022 4,3&#8221; n\u00e4ytt\u00f6 \u2022 Resoluutio 640&#215;480 \u2022 110 asteen kuvakulman kamera \u2022 Pime\u00e4n\u00e4k\u00f6toiminto \u2022 Signaalimuoto: PAL\/NTSC \u2022 RCA-kaapeli 6m \u2022 [&hellip;]","og_url":"https:\/\/www.duunauspalvelutjarvi.fi\/?product=peruutuskamerasarja-c-bright","article_modified_time":"2022-04-30T11:00:20+00:00","og_image":[{"width":400,"height":300,"url":"https:\/\/www.duunauspalvelutjarvi.fi\/wp-content\/uploads\/2022\/04\/PeruutuskamerasarjaCBright_8020103750_abaa6a495adf0b46167f1ddbac7761dd_1.jpg","type":"image\/jpeg"}],"twitter_card":"summary_large_image","schema":{"@context":"https:\/\/schema.org","@graph":[{"@type":"WebPage","@id":"https:\/\/www.duunauspalvelutjarvi.fi\/?product=peruutuskamerasarja-c-bright","url":"https:\/\/www.duunauspalvelutjarvi.fi\/?product=peruutuskamerasarja-c-bright","name":"Peruutuskamerasarja C-Bright -","isPartOf":{"@id":"https:\/\/www.duunauspalvelutjarvi.fi\/#website"},"primaryImageOfPage":{"@id":"https:\/\/www.duunauspalvelutjarvi.fi\/?product=peruutuskamerasarja-c-bright#primaryimage"},"image":{"@id":"https:\/\/www.duunauspalvelutjarvi.fi\/?product=peruutuskamerasarja-c-bright#primaryimage"},"thumbnailUrl":"https:\/\/www.duunauspalvelutjarvi.fi\/wp-content\/uploads\/2022\/04\/PeruutuskamerasarjaCBright_8020103750_abaa6a495adf0b46167f1ddbac7761dd_1.jpg","datePublished":"2022-04-30T11:00:19+00:00","dateModified":"2022-04-30T11:00:20+00:00","breadcrumb":{"@id":"https:\/\/www.duunauspalvelutjarvi.fi\/?product=peruutuskamerasarja-c-bright#breadcrumb"},"inLanguage":"fi","potentialAction":[{"@type":"ReadAction","target":["https:\/\/www.duunauspalvelutjarvi.fi\/?product=peruutuskamerasarja-c-bright"]}]},{"@type":"ImageObject","inLanguage":"fi","@id":"https:\/\/www.duunauspalvelutjarvi.fi\/?product=peruutuskamerasarja-c-bright#primaryimage","url":"https:\/\/www.duunauspalvelutjarvi.fi\/wp-content\/uploads\/2022\/04\/PeruutuskamerasarjaCBright_8020103750_abaa6a495adf0b46167f1ddbac7761dd_1.jpg","contentUrl":"https:\/\/www.duunauspalvelutjarvi.fi\/wp-content\/uploads\/2022\/04\/PeruutuskamerasarjaCBright_8020103750_abaa6a495adf0b46167f1ddbac7761dd_1.jpg","width":400,"height":300},{"@type":"BreadcrumbList","@id":"https:\/\/www.duunauspalvelutjarvi.fi\/?product=peruutuskamerasarja-c-bright#breadcrumb","itemListElement":[{"@type":"ListItem","position":1,"name":"Etusivu","item":"https:\/\/www.duunauspalvelutjarvi.fi\/"},{"@type":"ListItem","position":2,"name":"Etusivu","item":"https:\/\/www.duunauspalvelutjarvi.fi\/"},{"@type":"ListItem","position":3,"name":"Peruutuskamerasarja C-Bright"}]},{"@type":"WebSite","@id":"https:\/\/www.duunauspalvelutjarvi.fi\/#website","url":"https:\/\/www.duunauspalvelutjarvi.fi\/","name":"","description":"","potentialAction":[{"@type":"SearchAction","target":{"@type":"EntryPoint","urlTemplate":"https:\/\/www.duunauspalvelutjarvi.fi\/?s={search_term_string}"},"query-input":{"@type":"PropertyValueSpecification","valueRequired":true,"valueName":"search_term_string"}}],"inLanguage":"fi"}]}},"jetpack_sharing_enabled":true,"_links":{"self":[{"href":"https:\/\/www.duunauspalvelutjarvi.fi\/index.php?rest_route=\/wp\/v2\/product\/12895","targetHints":{"allow":["GET"]}}],"collection":[{"href":"https:\/\/www.duunauspalvelutjarvi.fi\/index.php?rest_route=\/wp\/v2\/product"}],"about":[{"href":"https:\/\/www.duunauspalvelutjarvi.fi\/index.php?rest_route=\/wp\/v2\/types\/product"}],"replies":[{"embeddable":true,"href":"https:\/\/www.duunauspalvelutjarvi.fi\/index.php?rest_route=%2Fwp%2Fv2%2Fcomments&post=12895"}],"wp:featuredmedia":[{"embeddable":true,"href":"https:\/\/www.duunauspalvelutjarvi.fi\/index.php?rest_route=\/wp\/v2\/media\/12896"}],"wp:attachment":[{"href":"https:\/\/www.duunauspalvelutjarvi.fi\/index.php?rest_route=%2Fwp%2Fv2%2Fmedia&parent=12895"}],"wp:term":[{"taxonomy":"product_brand","embeddable":true,"href":"https:\/\/www.duunauspalvelutjarvi.fi\/index.php?rest_route=%2Fwp%2Fv2%2Fproduct_brand&post=12895"},{"taxonomy":"product_cat","embeddable":true,"href":"https:\/\/www.duunauspalvelutjarvi.fi\/index.php?rest_route=%2Fwp%2Fv2%2Fproduct_cat&post=12895"},{"taxonomy":"product_tag","embeddable":true,"href":"https:\/\/www.duunauspalvelutjarvi.fi\/index.php?rest_route=%2Fwp%2Fv2%2Fproduct_tag&post=12895"}],"curies":[{"name":"wp","href":"https:\/\/api.w.org\/{rel}","templated":true}]}}