{"id":12904,"date":"2022-04-30T14:09:16","date_gmt":"2022-04-30T11:09:16","guid":{"rendered":"https:\/\/www.duunauspalvelutjarvi.fi\/?post_type=product&#038;p=12904"},"modified":"2022-04-30T14:09:31","modified_gmt":"2022-04-30T11:09:31","slug":"hd-peruutuskamerasarja-7-naytolla-nsd","status":"publish","type":"product","link":"https:\/\/www.duunauspalvelutjarvi.fi\/?product=hd-peruutuskamerasarja-7-naytolla-nsd","title":{"rendered":"HD-peruutuskamerasarja 7&#8221; n\u00e4yt\u00f6ll\u00e4, NSD"},"content":{"rendered":"<p><strong>NSD:n HD-peruutuskamerasarja 7&#8221; n\u00e4yt\u00f6ll\u00e4.\u00a0<\/strong>Eritt\u00e4in laadukas HD-tason kuvalla varustettu peruutuskamerasarja. 2-kanavainen jaettava n\u00e4ytt\u00f6.<\/p>\n<p>Sarja sis\u00e4lt\u00e4\u00e4:<br \/>\n\u2022 1x 7&#8221; HD-n\u00e4ytt\u00f6<br \/>\n\u2022 1x HD-kamera<br \/>\n\u2022 1x 15m HD-kamerakaapeli<\/p>\n<p>N\u00e4yt\u00f6n tekniset tiedot:<br \/>\n\u2022 K\u00e4ytt\u00f6j\u00e4nnite: 11-32V<br \/>\n\u2022 7&#8243; TFT LCD, HD 1024x600px<br \/>\n\u2022 Mitat: 216&#215;149.5x85mm<br \/>\n\u2022 2-kanavainen jaettava n\u00e4ytt\u00f6<br \/>\n\u2022 4-pin kierreliitin<br \/>\n\u2022 V\u00e4\u00e4r\u00e4napaisen kytkenn\u00e4n suojaus<br \/>\n\u2022 K\u00e4ytt\u00f6l\u00e4mp\u00f6tila -20\u00b0C \u2026 +70\u00b0C<br \/>\n\u2022 IP69K<\/p>\n<p>Kameran tekniset tiedot:<br \/>\n\u2022\u00a0K\u00e4ytt\u00f6j\u00e4nnite: 12V<br \/>\n\u2022\u00a0Kuvakulma: 110\u00b0<br \/>\n\u2022\u00a0Mitat: 76x70x84mm<br \/>\n\u2022 Alumiinirunko<br \/>\n\u2022 4-pin kierreliitin<br \/>\n\u2022 Kuvanlaatu: AHD 720p<br \/>\n\u2022 IR-cut: automaattinen p\u00e4iv\u00e4\/y\u00f6 -valinta &#8211; parempi v\u00e4rierottelu<br \/>\n\u2022 Automaattinen l\u00e4mmitys\/huurteenpoisto l\u00e4mp\u00f6tilan alittaessa 10\u00b0C<br \/>\n\u2022 K\u00e4ytt\u00f6l\u00e4mp\u00f6tila -40\u00b0C \u2026 +60\u00b0C<\/p>\n<p><strong>Sarjalla 12kk takuu<\/strong><\/p>\n","protected":false},"excerpt":{"rendered":"<p>NSD:n HD-peruutuskamerasarja 7&#8221; n\u00e4yt\u00f6ll\u00e4.\u00a0Eritt\u00e4in laadukas HD-tason kuvalla varustettu peruutuskamerasarja. 2-kanavainen jaettava n\u00e4ytt\u00f6. Sarja sis\u00e4lt\u00e4\u00e4: \u2022 1x 7&#8221; HD-n\u00e4ytt\u00f6 \u2022 1x HD-kamera \u2022 1x 15m HD-kamerakaapeli N\u00e4yt\u00f6n tekniset tiedot: \u2022 K\u00e4ytt\u00f6j\u00e4nnite: 11-32V \u2022 7&#8243; TFT LCD, HD 1024x600px \u2022 Mitat: 216&#215;149.5x85mm \u2022 2-kanavainen jaettava n\u00e4ytt\u00f6 \u2022 4-pin kierreliitin \u2022 V\u00e4\u00e4r\u00e4napaisen kytkenn\u00e4n suojaus \u2022 K\u00e4ytt\u00f6l\u00e4mp\u00f6tila -20\u00b0C \u2026 [&hellip;]<\/p>\n","protected":false},"featured_media":12905,"comment_status":"open","ping_status":"closed","template":"","meta":[],"product_brand":[],"product_cat":[629],"product_tag":[],"class_list":{"0":"post-12904","1":"product","2":"type-product","3":"status-publish","4":"has-post-thumbnail","6":"product_cat-peruutuskamerat","8":"first","9":"instock","10":"taxable","11":"shipping-taxable","12":"purchasable","13":"product-type-simple"},"yoast_head":"<!-- This site is optimized with the Yoast SEO plugin v27.4 - https:\/\/yoast.com\/product\/yoast-seo-wordpress\/ -->\n<title>HD-peruutuskamerasarja 7&#039;&#039; n\u00e4yt\u00f6ll\u00e4, NSD -<\/title>\n<meta name=\"robots\" content=\"index, follow, max-snippet:-1, max-image-preview:large, max-video-preview:-1\" \/>\n<link rel=\"canonical\" href=\"https:\/\/www.duunauspalvelutjarvi.fi\/?product=hd-peruutuskamerasarja-7-naytolla-nsd\" \/>\n<meta property=\"og:locale\" content=\"fi_FI\" \/>\n<meta property=\"og:type\" content=\"article\" \/>\n<meta property=\"og:title\" content=\"HD-peruutuskamerasarja 7&#039;&#039; n\u00e4yt\u00f6ll\u00e4, NSD -\" \/>\n<meta property=\"og:description\" content=\"NSD:n HD-peruutuskamerasarja 7&#8221; n\u00e4yt\u00f6ll\u00e4.\u00a0Eritt\u00e4in laadukas HD-tason kuvalla varustettu peruutuskamerasarja. 2-kanavainen jaettava n\u00e4ytt\u00f6. Sarja sis\u00e4lt\u00e4\u00e4: \u2022 1x 7&#8221; HD-n\u00e4ytt\u00f6 \u2022 1x HD-kamera \u2022 1x 15m HD-kamerakaapeli N\u00e4yt\u00f6n tekniset tiedot: \u2022 K\u00e4ytt\u00f6j\u00e4nnite: 11-32V \u2022 7&#8243; TFT LCD, HD 1024x600px \u2022 Mitat: 216&#215;149.5x85mm \u2022 2-kanavainen jaettava n\u00e4ytt\u00f6 \u2022 4-pin kierreliitin \u2022 V\u00e4\u00e4r\u00e4napaisen kytkenn\u00e4n suojaus \u2022 K\u00e4ytt\u00f6l\u00e4mp\u00f6tila -20\u00b0C \u2026 [&hellip;]\" \/>\n<meta property=\"og:url\" content=\"https:\/\/www.duunauspalvelutjarvi.fi\/?product=hd-peruutuskamerasarja-7-naytolla-nsd\" \/>\n<meta property=\"article:modified_time\" content=\"2022-04-30T11:09:31+00:00\" \/>\n<meta property=\"og:image\" content=\"https:\/\/www.duunauspalvelutjarvi.fi\/wp-content\/uploads\/2022\/04\/HD-peruutuskamerasarja7naytollaNSD_8020104209_16f90be34e305511a48ff64e5904b402_1.jpg\" \/>\n\t<meta property=\"og:image:width\" content=\"484\" \/>\n\t<meta property=\"og:image:height\" content=\"341\" \/>\n\t<meta property=\"og:image:type\" content=\"image\/jpeg\" \/>\n<meta name=\"twitter:card\" content=\"summary_large_image\" \/>\n<meta name=\"twitter:label1\" content=\"Arvioitu lukuaika\" \/>\n\t<meta name=\"twitter:data1\" content=\"1 minuutti\" \/>\n<script type=\"application\/ld+json\" class=\"yoast-schema-graph\">{\"@context\":\"https:\\\/\\\/schema.org\",\"@graph\":[{\"@type\":\"WebPage\",\"@id\":\"https:\\\/\\\/www.duunauspalvelutjarvi.fi\\\/?product=hd-peruutuskamerasarja-7-naytolla-nsd\",\"url\":\"https:\\\/\\\/www.duunauspalvelutjarvi.fi\\\/?product=hd-peruutuskamerasarja-7-naytolla-nsd\",\"name\":\"HD-peruutuskamerasarja 7'' n\u00e4yt\u00f6ll\u00e4, NSD -\",\"isPartOf\":{\"@id\":\"https:\\\/\\\/www.duunauspalvelutjarvi.fi\\\/#website\"},\"primaryImageOfPage\":{\"@id\":\"https:\\\/\\\/www.duunauspalvelutjarvi.fi\\\/?product=hd-peruutuskamerasarja-7-naytolla-nsd#primaryimage\"},\"image\":{\"@id\":\"https:\\\/\\\/www.duunauspalvelutjarvi.fi\\\/?product=hd-peruutuskamerasarja-7-naytolla-nsd#primaryimage\"},\"thumbnailUrl\":\"https:\\\/\\\/www.duunauspalvelutjarvi.fi\\\/wp-content\\\/uploads\\\/2022\\\/04\\\/HD-peruutuskamerasarja7naytollaNSD_8020104209_16f90be34e305511a48ff64e5904b402_1.jpg\",\"datePublished\":\"2022-04-30T11:09:16+00:00\",\"dateModified\":\"2022-04-30T11:09:31+00:00\",\"breadcrumb\":{\"@id\":\"https:\\\/\\\/www.duunauspalvelutjarvi.fi\\\/?product=hd-peruutuskamerasarja-7-naytolla-nsd#breadcrumb\"},\"inLanguage\":\"fi\",\"potentialAction\":[{\"@type\":\"ReadAction\",\"target\":[\"https:\\\/\\\/www.duunauspalvelutjarvi.fi\\\/?product=hd-peruutuskamerasarja-7-naytolla-nsd\"]}]},{\"@type\":\"ImageObject\",\"inLanguage\":\"fi\",\"@id\":\"https:\\\/\\\/www.duunauspalvelutjarvi.fi\\\/?product=hd-peruutuskamerasarja-7-naytolla-nsd#primaryimage\",\"url\":\"https:\\\/\\\/www.duunauspalvelutjarvi.fi\\\/wp-content\\\/uploads\\\/2022\\\/04\\\/HD-peruutuskamerasarja7naytollaNSD_8020104209_16f90be34e305511a48ff64e5904b402_1.jpg\",\"contentUrl\":\"https:\\\/\\\/www.duunauspalvelutjarvi.fi\\\/wp-content\\\/uploads\\\/2022\\\/04\\\/HD-peruutuskamerasarja7naytollaNSD_8020104209_16f90be34e305511a48ff64e5904b402_1.jpg\",\"width\":484,\"height\":341},{\"@type\":\"BreadcrumbList\",\"@id\":\"https:\\\/\\\/www.duunauspalvelutjarvi.fi\\\/?product=hd-peruutuskamerasarja-7-naytolla-nsd#breadcrumb\",\"itemListElement\":[{\"@type\":\"ListItem\",\"position\":1,\"name\":\"Etusivu\",\"item\":\"https:\\\/\\\/www.duunauspalvelutjarvi.fi\\\/\"},{\"@type\":\"ListItem\",\"position\":2,\"name\":\"Etusivu\",\"item\":\"https:\\\/\\\/www.duunauspalvelutjarvi.fi\\\/\"},{\"@type\":\"ListItem\",\"position\":3,\"name\":\"HD-peruutuskamerasarja 7&#8221; n\u00e4yt\u00f6ll\u00e4, NSD\"}]},{\"@type\":\"WebSite\",\"@id\":\"https:\\\/\\\/www.duunauspalvelutjarvi.fi\\\/#website\",\"url\":\"https:\\\/\\\/www.duunauspalvelutjarvi.fi\\\/\",\"name\":\"\",\"description\":\"\",\"potentialAction\":[{\"@type\":\"SearchAction\",\"target\":{\"@type\":\"EntryPoint\",\"urlTemplate\":\"https:\\\/\\\/www.duunauspalvelutjarvi.fi\\\/?s={search_term_string}\"},\"query-input\":{\"@type\":\"PropertyValueSpecification\",\"valueRequired\":true,\"valueName\":\"search_term_string\"}}],\"inLanguage\":\"fi\"}]}<\/script>\n<!-- \/ Yoast SEO plugin. -->","yoast_head_json":{"title":"HD-peruutuskamerasarja 7'' n\u00e4yt\u00f6ll\u00e4, NSD -","robots":{"index":"index","follow":"follow","max-snippet":"max-snippet:-1","max-image-preview":"max-image-preview:large","max-video-preview":"max-video-preview:-1"},"canonical":"https:\/\/www.duunauspalvelutjarvi.fi\/?product=hd-peruutuskamerasarja-7-naytolla-nsd","og_locale":"fi_FI","og_type":"article","og_title":"HD-peruutuskamerasarja 7'' n\u00e4yt\u00f6ll\u00e4, NSD -","og_description":"NSD:n HD-peruutuskamerasarja 7&#8221; n\u00e4yt\u00f6ll\u00e4.\u00a0Eritt\u00e4in laadukas HD-tason kuvalla varustettu peruutuskamerasarja. 2-kanavainen jaettava n\u00e4ytt\u00f6. Sarja sis\u00e4lt\u00e4\u00e4: \u2022 1x 7&#8221; HD-n\u00e4ytt\u00f6 \u2022 1x HD-kamera \u2022 1x 15m HD-kamerakaapeli N\u00e4yt\u00f6n tekniset tiedot: \u2022 K\u00e4ytt\u00f6j\u00e4nnite: 11-32V \u2022 7&#8243; TFT LCD, HD 1024x600px \u2022 Mitat: 216&#215;149.5x85mm \u2022 2-kanavainen jaettava n\u00e4ytt\u00f6 \u2022 4-pin kierreliitin \u2022 V\u00e4\u00e4r\u00e4napaisen kytkenn\u00e4n suojaus \u2022 K\u00e4ytt\u00f6l\u00e4mp\u00f6tila -20\u00b0C \u2026 [&hellip;]","og_url":"https:\/\/www.duunauspalvelutjarvi.fi\/?product=hd-peruutuskamerasarja-7-naytolla-nsd","article_modified_time":"2022-04-30T11:09:31+00:00","og_image":[{"width":484,"height":341,"url":"https:\/\/www.duunauspalvelutjarvi.fi\/wp-content\/uploads\/2022\/04\/HD-peruutuskamerasarja7naytollaNSD_8020104209_16f90be34e305511a48ff64e5904b402_1.jpg","type":"image\/jpeg"}],"twitter_card":"summary_large_image","twitter_misc":{"Arvioitu lukuaika":"1 minuutti"},"schema":{"@context":"https:\/\/schema.org","@graph":[{"@type":"WebPage","@id":"https:\/\/www.duunauspalvelutjarvi.fi\/?product=hd-peruutuskamerasarja-7-naytolla-nsd","url":"https:\/\/www.duunauspalvelutjarvi.fi\/?product=hd-peruutuskamerasarja-7-naytolla-nsd","name":"HD-peruutuskamerasarja 7'' n\u00e4yt\u00f6ll\u00e4, NSD -","isPartOf":{"@id":"https:\/\/www.duunauspalvelutjarvi.fi\/#website"},"primaryImageOfPage":{"@id":"https:\/\/www.duunauspalvelutjarvi.fi\/?product=hd-peruutuskamerasarja-7-naytolla-nsd#primaryimage"},"image":{"@id":"https:\/\/www.duunauspalvelutjarvi.fi\/?product=hd-peruutuskamerasarja-7-naytolla-nsd#primaryimage"},"thumbnailUrl":"https:\/\/www.duunauspalvelutjarvi.fi\/wp-content\/uploads\/2022\/04\/HD-peruutuskamerasarja7naytollaNSD_8020104209_16f90be34e305511a48ff64e5904b402_1.jpg","datePublished":"2022-04-30T11:09:16+00:00","dateModified":"2022-04-30T11:09:31+00:00","breadcrumb":{"@id":"https:\/\/www.duunauspalvelutjarvi.fi\/?product=hd-peruutuskamerasarja-7-naytolla-nsd#breadcrumb"},"inLanguage":"fi","potentialAction":[{"@type":"ReadAction","target":["https:\/\/www.duunauspalvelutjarvi.fi\/?product=hd-peruutuskamerasarja-7-naytolla-nsd"]}]},{"@type":"ImageObject","inLanguage":"fi","@id":"https:\/\/www.duunauspalvelutjarvi.fi\/?product=hd-peruutuskamerasarja-7-naytolla-nsd#primaryimage","url":"https:\/\/www.duunauspalvelutjarvi.fi\/wp-content\/uploads\/2022\/04\/HD-peruutuskamerasarja7naytollaNSD_8020104209_16f90be34e305511a48ff64e5904b402_1.jpg","contentUrl":"https:\/\/www.duunauspalvelutjarvi.fi\/wp-content\/uploads\/2022\/04\/HD-peruutuskamerasarja7naytollaNSD_8020104209_16f90be34e305511a48ff64e5904b402_1.jpg","width":484,"height":341},{"@type":"BreadcrumbList","@id":"https:\/\/www.duunauspalvelutjarvi.fi\/?product=hd-peruutuskamerasarja-7-naytolla-nsd#breadcrumb","itemListElement":[{"@type":"ListItem","position":1,"name":"Etusivu","item":"https:\/\/www.duunauspalvelutjarvi.fi\/"},{"@type":"ListItem","position":2,"name":"Etusivu","item":"https:\/\/www.duunauspalvelutjarvi.fi\/"},{"@type":"ListItem","position":3,"name":"HD-peruutuskamerasarja 7&#8221; n\u00e4yt\u00f6ll\u00e4, NSD"}]},{"@type":"WebSite","@id":"https:\/\/www.duunauspalvelutjarvi.fi\/#website","url":"https:\/\/www.duunauspalvelutjarvi.fi\/","name":"","description":"","potentialAction":[{"@type":"SearchAction","target":{"@type":"EntryPoint","urlTemplate":"https:\/\/www.duunauspalvelutjarvi.fi\/?s={search_term_string}"},"query-input":{"@type":"PropertyValueSpecification","valueRequired":true,"valueName":"search_term_string"}}],"inLanguage":"fi"}]}},"jetpack_sharing_enabled":true,"_links":{"self":[{"href":"https:\/\/www.duunauspalvelutjarvi.fi\/index.php?rest_route=\/wp\/v2\/product\/12904","targetHints":{"allow":["GET"]}}],"collection":[{"href":"https:\/\/www.duunauspalvelutjarvi.fi\/index.php?rest_route=\/wp\/v2\/product"}],"about":[{"href":"https:\/\/www.duunauspalvelutjarvi.fi\/index.php?rest_route=\/wp\/v2\/types\/product"}],"replies":[{"embeddable":true,"href":"https:\/\/www.duunauspalvelutjarvi.fi\/index.php?rest_route=%2Fwp%2Fv2%2Fcomments&post=12904"}],"wp:featuredmedia":[{"embeddable":true,"href":"https:\/\/www.duunauspalvelutjarvi.fi\/index.php?rest_route=\/wp\/v2\/media\/12905"}],"wp:attachment":[{"href":"https:\/\/www.duunauspalvelutjarvi.fi\/index.php?rest_route=%2Fwp%2Fv2%2Fmedia&parent=12904"}],"wp:term":[{"taxonomy":"product_brand","embeddable":true,"href":"https:\/\/www.duunauspalvelutjarvi.fi\/index.php?rest_route=%2Fwp%2Fv2%2Fproduct_brand&post=12904"},{"taxonomy":"product_cat","embeddable":true,"href":"https:\/\/www.duunauspalvelutjarvi.fi\/index.php?rest_route=%2Fwp%2Fv2%2Fproduct_cat&post=12904"},{"taxonomy":"product_tag","embeddable":true,"href":"https:\/\/www.duunauspalvelutjarvi.fi\/index.php?rest_route=%2Fwp%2Fv2%2Fproduct_tag&post=12904"}],"curies":[{"name":"wp","href":"https:\/\/api.w.org\/{rel}","templated":true}]}}