{"id":12906,"date":"2022-04-30T14:11:51","date_gmt":"2022-04-30T11:11:51","guid":{"rendered":"https:\/\/www.duunauspalvelutjarvi.fi\/?post_type=product&#038;p=12906"},"modified":"2023-02-09T19:45:15","modified_gmt":"2023-02-09T17:45:15","slug":"langaton-digitaalinen-peruutuskamerasarja-5-naytolla-veise","status":"publish","type":"product","link":"https:\/\/www.duunauspalvelutjarvi.fi\/?product=langaton-digitaalinen-peruutuskamerasarja-5-naytolla-veise","title":{"rendered":"Langaton digitaalinen peruutuskamerasarja 5&#8243; n\u00e4yt\u00f6ll\u00e4, Veise"},"content":{"rendered":"<p><strong>Veisen Langaton digitaalinen peruutuskamerasarja 5&#8243; n\u00e4yt\u00f6ll\u00e4.\u00a0<\/strong>Oivallinen ratkaisu, kun etsit\u00e4\u00e4n langatonta peruutuskamerasarjaa hieman kompaktin kokoisella n\u00e4yt\u00f6ll\u00e4.<br \/>\nSarja sis\u00e4lt\u00e4\u00e4: n\u00e4yt\u00f6n, yhden kameran sek\u00e4 tarvittavat asennustarvikkeet.<br \/>\n<strong><br \/>\nN\u00e4yt\u00f6n tekniset tiedot:<\/strong><br \/>\n\u2022 5\u201d LCD<br \/>\n\u2022 2-kanavainen<br \/>\n\u2022 Sis\u00e4\u00e4nrakennettu 2.4GHz vastaanotin<br \/>\n\u2022 K\u00e4ytt\u00f6j\u00e4nnite 12-32V<br \/>\n\u2022 Resoluutio: 800x480px<\/p>\n<p><strong>Kameran tekniset tiedot:<\/strong><br \/>\n\u2022 11-32V k\u00e4ytt\u00f6j\u00e4nnitteelle<br \/>\n\u2022 120\u00b0 kuvakulma<br \/>\n\u2022 18 ip-ledi\u00e4: minimi valontarve 0lux<br \/>\n\u2022 Sis\u00e4\u00e4nrakennettu 2.4GHz l\u00e4hetin<br \/>\n\u2022 CMOS-kenno<br \/>\n\u2022 Leveys: 106mm<br \/>\n\u2022 Korkeus: 75mm<br \/>\n\u2022 Syvyys: 70,4mm<br \/>\n\u2022 Paino: 450g<br \/>\n\u2022 IP69K<br \/>\n\u2022 Suositeltu k\u00e4ytt\u00f6l\u00e4mp\u00f6tila: -20\u00b0C\u2026+60\u00b0C<\/p>\n<p><strong>Sarjalla 12kk takuu.<\/strong><\/p>\n","protected":false},"excerpt":{"rendered":"<p>Veisen Langaton digitaalinen peruutuskamerasarja 5&#8243; n\u00e4yt\u00f6ll\u00e4.\u00a0Oivallinen ratkaisu, kun etsit\u00e4\u00e4n langatonta peruutuskamerasarjaa hieman kompaktin kokoisella n\u00e4yt\u00f6ll\u00e4. Sarja sis\u00e4lt\u00e4\u00e4: n\u00e4yt\u00f6n, yhden kameran sek\u00e4 tarvittavat asennustarvikkeet. N\u00e4yt\u00f6n tekniset tiedot: \u2022 5\u201d LCD \u2022 2-kanavainen \u2022 Sis\u00e4\u00e4nrakennettu 2.4GHz vastaanotin \u2022 K\u00e4ytt\u00f6j\u00e4nnite 12-32V \u2022 Resoluutio: 800x480px Kameran tekniset tiedot: \u2022 11-32V k\u00e4ytt\u00f6j\u00e4nnitteelle \u2022 120\u00b0 kuvakulma \u2022 18 ip-ledi\u00e4: minimi valontarve [&hellip;]<\/p>\n","protected":false},"featured_media":12907,"comment_status":"open","ping_status":"closed","template":"","meta":[],"product_brand":[],"product_cat":[629],"product_tag":[],"class_list":{"0":"post-12906","1":"product","2":"type-product","3":"status-publish","4":"has-post-thumbnail","6":"product_cat-peruutuskamerat","8":"first","9":"instock","10":"taxable","11":"shipping-taxable","12":"purchasable","13":"product-type-simple"},"yoast_head":"<!-- This site is optimized with the Yoast SEO plugin v27.3 - https:\/\/yoast.com\/product\/yoast-seo-wordpress\/ -->\n<title>Langaton digitaalinen peruutuskamerasarja 5&quot; n\u00e4yt\u00f6ll\u00e4, Veise -<\/title>\n<meta name=\"robots\" content=\"index, follow, max-snippet:-1, max-image-preview:large, max-video-preview:-1\" \/>\n<link rel=\"canonical\" href=\"https:\/\/www.duunauspalvelutjarvi.fi\/?product=langaton-digitaalinen-peruutuskamerasarja-5-naytolla-veise\" \/>\n<meta property=\"og:locale\" content=\"fi_FI\" \/>\n<meta property=\"og:type\" content=\"article\" \/>\n<meta property=\"og:title\" content=\"Langaton digitaalinen peruutuskamerasarja 5&quot; n\u00e4yt\u00f6ll\u00e4, Veise -\" \/>\n<meta property=\"og:description\" content=\"Veisen Langaton digitaalinen peruutuskamerasarja 5&#8243; n\u00e4yt\u00f6ll\u00e4.\u00a0Oivallinen ratkaisu, kun etsit\u00e4\u00e4n langatonta peruutuskamerasarjaa hieman kompaktin kokoisella n\u00e4yt\u00f6ll\u00e4. Sarja sis\u00e4lt\u00e4\u00e4: n\u00e4yt\u00f6n, yhden kameran sek\u00e4 tarvittavat asennustarvikkeet. N\u00e4yt\u00f6n tekniset tiedot: \u2022 5\u201d LCD \u2022 2-kanavainen \u2022 Sis\u00e4\u00e4nrakennettu 2.4GHz vastaanotin \u2022 K\u00e4ytt\u00f6j\u00e4nnite 12-32V \u2022 Resoluutio: 800x480px Kameran tekniset tiedot: \u2022 11-32V k\u00e4ytt\u00f6j\u00e4nnitteelle \u2022 120\u00b0 kuvakulma \u2022 18 ip-ledi\u00e4: minimi valontarve [&hellip;]\" \/>\n<meta property=\"og:url\" content=\"https:\/\/www.duunauspalvelutjarvi.fi\/?product=langaton-digitaalinen-peruutuskamerasarja-5-naytolla-veise\" \/>\n<meta property=\"article:modified_time\" content=\"2023-02-09T17:45:15+00:00\" \/>\n<meta property=\"og:image\" content=\"https:\/\/www.duunauspalvelutjarvi.fi\/wp-content\/uploads\/2022\/04\/8020104194_30f8fd9b58ed4756272f2a85d74ff7f5_1.jpg\" \/>\n\t<meta property=\"og:image:width\" content=\"400\" \/>\n\t<meta property=\"og:image:height\" content=\"300\" \/>\n\t<meta property=\"og:image:type\" content=\"image\/jpeg\" \/>\n<meta name=\"twitter:card\" content=\"summary_large_image\" \/>\n<script type=\"application\/ld+json\" class=\"yoast-schema-graph\">{\"@context\":\"https:\\\/\\\/schema.org\",\"@graph\":[{\"@type\":\"WebPage\",\"@id\":\"https:\\\/\\\/www.duunauspalvelutjarvi.fi\\\/?product=langaton-digitaalinen-peruutuskamerasarja-5-naytolla-veise\",\"url\":\"https:\\\/\\\/www.duunauspalvelutjarvi.fi\\\/?product=langaton-digitaalinen-peruutuskamerasarja-5-naytolla-veise\",\"name\":\"Langaton digitaalinen peruutuskamerasarja 5\\\" n\u00e4yt\u00f6ll\u00e4, Veise -\",\"isPartOf\":{\"@id\":\"https:\\\/\\\/www.duunauspalvelutjarvi.fi\\\/#website\"},\"primaryImageOfPage\":{\"@id\":\"https:\\\/\\\/www.duunauspalvelutjarvi.fi\\\/?product=langaton-digitaalinen-peruutuskamerasarja-5-naytolla-veise#primaryimage\"},\"image\":{\"@id\":\"https:\\\/\\\/www.duunauspalvelutjarvi.fi\\\/?product=langaton-digitaalinen-peruutuskamerasarja-5-naytolla-veise#primaryimage\"},\"thumbnailUrl\":\"https:\\\/\\\/www.duunauspalvelutjarvi.fi\\\/wp-content\\\/uploads\\\/2022\\\/04\\\/8020104194_30f8fd9b58ed4756272f2a85d74ff7f5_1.jpg\",\"datePublished\":\"2022-04-30T11:11:51+00:00\",\"dateModified\":\"2023-02-09T17:45:15+00:00\",\"breadcrumb\":{\"@id\":\"https:\\\/\\\/www.duunauspalvelutjarvi.fi\\\/?product=langaton-digitaalinen-peruutuskamerasarja-5-naytolla-veise#breadcrumb\"},\"inLanguage\":\"fi\",\"potentialAction\":[{\"@type\":\"ReadAction\",\"target\":[\"https:\\\/\\\/www.duunauspalvelutjarvi.fi\\\/?product=langaton-digitaalinen-peruutuskamerasarja-5-naytolla-veise\"]}]},{\"@type\":\"ImageObject\",\"inLanguage\":\"fi\",\"@id\":\"https:\\\/\\\/www.duunauspalvelutjarvi.fi\\\/?product=langaton-digitaalinen-peruutuskamerasarja-5-naytolla-veise#primaryimage\",\"url\":\"https:\\\/\\\/www.duunauspalvelutjarvi.fi\\\/wp-content\\\/uploads\\\/2022\\\/04\\\/8020104194_30f8fd9b58ed4756272f2a85d74ff7f5_1.jpg\",\"contentUrl\":\"https:\\\/\\\/www.duunauspalvelutjarvi.fi\\\/wp-content\\\/uploads\\\/2022\\\/04\\\/8020104194_30f8fd9b58ed4756272f2a85d74ff7f5_1.jpg\",\"width\":400,\"height\":300},{\"@type\":\"BreadcrumbList\",\"@id\":\"https:\\\/\\\/www.duunauspalvelutjarvi.fi\\\/?product=langaton-digitaalinen-peruutuskamerasarja-5-naytolla-veise#breadcrumb\",\"itemListElement\":[{\"@type\":\"ListItem\",\"position\":1,\"name\":\"Etusivu\",\"item\":\"https:\\\/\\\/www.duunauspalvelutjarvi.fi\\\/\"},{\"@type\":\"ListItem\",\"position\":2,\"name\":\"Etusivu\",\"item\":\"https:\\\/\\\/www.duunauspalvelutjarvi.fi\\\/\"},{\"@type\":\"ListItem\",\"position\":3,\"name\":\"Langaton digitaalinen peruutuskamerasarja 5&#8243; n\u00e4yt\u00f6ll\u00e4, Veise\"}]},{\"@type\":\"WebSite\",\"@id\":\"https:\\\/\\\/www.duunauspalvelutjarvi.fi\\\/#website\",\"url\":\"https:\\\/\\\/www.duunauspalvelutjarvi.fi\\\/\",\"name\":\"\",\"description\":\"\",\"potentialAction\":[{\"@type\":\"SearchAction\",\"target\":{\"@type\":\"EntryPoint\",\"urlTemplate\":\"https:\\\/\\\/www.duunauspalvelutjarvi.fi\\\/?s={search_term_string}\"},\"query-input\":{\"@type\":\"PropertyValueSpecification\",\"valueRequired\":true,\"valueName\":\"search_term_string\"}}],\"inLanguage\":\"fi\"}]}<\/script>\n<!-- \/ Yoast SEO plugin. -->","yoast_head_json":{"title":"Langaton digitaalinen peruutuskamerasarja 5\" n\u00e4yt\u00f6ll\u00e4, Veise -","robots":{"index":"index","follow":"follow","max-snippet":"max-snippet:-1","max-image-preview":"max-image-preview:large","max-video-preview":"max-video-preview:-1"},"canonical":"https:\/\/www.duunauspalvelutjarvi.fi\/?product=langaton-digitaalinen-peruutuskamerasarja-5-naytolla-veise","og_locale":"fi_FI","og_type":"article","og_title":"Langaton digitaalinen peruutuskamerasarja 5\" n\u00e4yt\u00f6ll\u00e4, Veise -","og_description":"Veisen Langaton digitaalinen peruutuskamerasarja 5&#8243; n\u00e4yt\u00f6ll\u00e4.\u00a0Oivallinen ratkaisu, kun etsit\u00e4\u00e4n langatonta peruutuskamerasarjaa hieman kompaktin kokoisella n\u00e4yt\u00f6ll\u00e4. Sarja sis\u00e4lt\u00e4\u00e4: n\u00e4yt\u00f6n, yhden kameran sek\u00e4 tarvittavat asennustarvikkeet. N\u00e4yt\u00f6n tekniset tiedot: \u2022 5\u201d LCD \u2022 2-kanavainen \u2022 Sis\u00e4\u00e4nrakennettu 2.4GHz vastaanotin \u2022 K\u00e4ytt\u00f6j\u00e4nnite 12-32V \u2022 Resoluutio: 800x480px Kameran tekniset tiedot: \u2022 11-32V k\u00e4ytt\u00f6j\u00e4nnitteelle \u2022 120\u00b0 kuvakulma \u2022 18 ip-ledi\u00e4: minimi valontarve [&hellip;]","og_url":"https:\/\/www.duunauspalvelutjarvi.fi\/?product=langaton-digitaalinen-peruutuskamerasarja-5-naytolla-veise","article_modified_time":"2023-02-09T17:45:15+00:00","og_image":[{"width":400,"height":300,"url":"https:\/\/www.duunauspalvelutjarvi.fi\/wp-content\/uploads\/2022\/04\/8020104194_30f8fd9b58ed4756272f2a85d74ff7f5_1.jpg","type":"image\/jpeg"}],"twitter_card":"summary_large_image","schema":{"@context":"https:\/\/schema.org","@graph":[{"@type":"WebPage","@id":"https:\/\/www.duunauspalvelutjarvi.fi\/?product=langaton-digitaalinen-peruutuskamerasarja-5-naytolla-veise","url":"https:\/\/www.duunauspalvelutjarvi.fi\/?product=langaton-digitaalinen-peruutuskamerasarja-5-naytolla-veise","name":"Langaton digitaalinen peruutuskamerasarja 5\" n\u00e4yt\u00f6ll\u00e4, Veise -","isPartOf":{"@id":"https:\/\/www.duunauspalvelutjarvi.fi\/#website"},"primaryImageOfPage":{"@id":"https:\/\/www.duunauspalvelutjarvi.fi\/?product=langaton-digitaalinen-peruutuskamerasarja-5-naytolla-veise#primaryimage"},"image":{"@id":"https:\/\/www.duunauspalvelutjarvi.fi\/?product=langaton-digitaalinen-peruutuskamerasarja-5-naytolla-veise#primaryimage"},"thumbnailUrl":"https:\/\/www.duunauspalvelutjarvi.fi\/wp-content\/uploads\/2022\/04\/8020104194_30f8fd9b58ed4756272f2a85d74ff7f5_1.jpg","datePublished":"2022-04-30T11:11:51+00:00","dateModified":"2023-02-09T17:45:15+00:00","breadcrumb":{"@id":"https:\/\/www.duunauspalvelutjarvi.fi\/?product=langaton-digitaalinen-peruutuskamerasarja-5-naytolla-veise#breadcrumb"},"inLanguage":"fi","potentialAction":[{"@type":"ReadAction","target":["https:\/\/www.duunauspalvelutjarvi.fi\/?product=langaton-digitaalinen-peruutuskamerasarja-5-naytolla-veise"]}]},{"@type":"ImageObject","inLanguage":"fi","@id":"https:\/\/www.duunauspalvelutjarvi.fi\/?product=langaton-digitaalinen-peruutuskamerasarja-5-naytolla-veise#primaryimage","url":"https:\/\/www.duunauspalvelutjarvi.fi\/wp-content\/uploads\/2022\/04\/8020104194_30f8fd9b58ed4756272f2a85d74ff7f5_1.jpg","contentUrl":"https:\/\/www.duunauspalvelutjarvi.fi\/wp-content\/uploads\/2022\/04\/8020104194_30f8fd9b58ed4756272f2a85d74ff7f5_1.jpg","width":400,"height":300},{"@type":"BreadcrumbList","@id":"https:\/\/www.duunauspalvelutjarvi.fi\/?product=langaton-digitaalinen-peruutuskamerasarja-5-naytolla-veise#breadcrumb","itemListElement":[{"@type":"ListItem","position":1,"name":"Etusivu","item":"https:\/\/www.duunauspalvelutjarvi.fi\/"},{"@type":"ListItem","position":2,"name":"Etusivu","item":"https:\/\/www.duunauspalvelutjarvi.fi\/"},{"@type":"ListItem","position":3,"name":"Langaton digitaalinen peruutuskamerasarja 5&#8243; n\u00e4yt\u00f6ll\u00e4, Veise"}]},{"@type":"WebSite","@id":"https:\/\/www.duunauspalvelutjarvi.fi\/#website","url":"https:\/\/www.duunauspalvelutjarvi.fi\/","name":"","description":"","potentialAction":[{"@type":"SearchAction","target":{"@type":"EntryPoint","urlTemplate":"https:\/\/www.duunauspalvelutjarvi.fi\/?s={search_term_string}"},"query-input":{"@type":"PropertyValueSpecification","valueRequired":true,"valueName":"search_term_string"}}],"inLanguage":"fi"}]}},"jetpack_sharing_enabled":true,"_links":{"self":[{"href":"https:\/\/www.duunauspalvelutjarvi.fi\/index.php?rest_route=\/wp\/v2\/product\/12906","targetHints":{"allow":["GET"]}}],"collection":[{"href":"https:\/\/www.duunauspalvelutjarvi.fi\/index.php?rest_route=\/wp\/v2\/product"}],"about":[{"href":"https:\/\/www.duunauspalvelutjarvi.fi\/index.php?rest_route=\/wp\/v2\/types\/product"}],"replies":[{"embeddable":true,"href":"https:\/\/www.duunauspalvelutjarvi.fi\/index.php?rest_route=%2Fwp%2Fv2%2Fcomments&post=12906"}],"wp:featuredmedia":[{"embeddable":true,"href":"https:\/\/www.duunauspalvelutjarvi.fi\/index.php?rest_route=\/wp\/v2\/media\/12907"}],"wp:attachment":[{"href":"https:\/\/www.duunauspalvelutjarvi.fi\/index.php?rest_route=%2Fwp%2Fv2%2Fmedia&parent=12906"}],"wp:term":[{"taxonomy":"product_brand","embeddable":true,"href":"https:\/\/www.duunauspalvelutjarvi.fi\/index.php?rest_route=%2Fwp%2Fv2%2Fproduct_brand&post=12906"},{"taxonomy":"product_cat","embeddable":true,"href":"https:\/\/www.duunauspalvelutjarvi.fi\/index.php?rest_route=%2Fwp%2Fv2%2Fproduct_cat&post=12906"},{"taxonomy":"product_tag","embeddable":true,"href":"https:\/\/www.duunauspalvelutjarvi.fi\/index.php?rest_route=%2Fwp%2Fv2%2Fproduct_tag&post=12906"}],"curies":[{"name":"wp","href":"https:\/\/api.w.org\/{rel}","templated":true}]}}