{"id":12908,"date":"2022-04-30T14:14:17","date_gmt":"2022-04-30T11:14:17","guid":{"rendered":"https:\/\/www.duunauspalvelutjarvi.fi\/?post_type=product&#038;p=12908"},"modified":"2022-04-30T14:14:17","modified_gmt":"2022-04-30T11:14:17","slug":"langaton-digitaalinen-peruutuskamerasarja-7-naytolla-nsd","status":"publish","type":"product","link":"https:\/\/www.duunauspalvelutjarvi.fi\/?product=langaton-digitaalinen-peruutuskamerasarja-7-naytolla-nsd","title":{"rendered":"Langaton digitaalinen peruutuskamerasarja 7&#8243; n\u00e4yt\u00f6ll\u00e4, NSD"},"content":{"rendered":"<p><strong>Langaton digitaalinen peruutuskamerasarja 7&#8243; n\u00e4yt\u00f6ll\u00e4, NSD.<\/strong>\u00a0Sarja sis\u00e4lt\u00e4\u00e4 n\u00e4yt\u00f6n ja yhden kameran.\u00a0Voidaan asentaa 12-32V k\u00e4ytt\u00f6j\u00e4nnitteell\u00e4 varustettuihin j\u00e4rjestelmiin.<br \/>\n<strong><br \/>\nN\u00e4ytt\u00f6:<\/strong><br \/>\n\u2022 7\u201d n\u00e4ytt\u00f6.<br \/>\n\u2022 N\u00e4ytt\u00f6\u00f6n voidaan liitt\u00e4\u00e4 2 kameraa<br \/>\n\u2022 K\u00e4ytt\u00f6j\u00e4nnite 12-32V (n\u00e4ytt\u00f6)<br \/>\n\u2022 Apuviivat peruuttaessa<\/p>\n<p><strong>V\u00e4rikamera:<\/strong><br \/>\n\u2022 11-32V k\u00e4ytt\u00f6j\u00e4nnitteelle<br \/>\n\u2022 120 asteen kuvakulma<br \/>\n\u2022 CMOS-kenno<br \/>\n\u2022 Mikrofoni<br \/>\n\u2022 Pime\u00e4n\u00e4k\u00f6toiminto automaattisella kirkkaudens\u00e4\u00e4d\u00f6ll\u00e4.<br \/>\n\u2022 Vahva metallirunko<br \/>\n\u2022 Leveys:\u00a0107mm<br \/>\n\u2022 Korkeus: 75mm<br \/>\n\u2022 Syvyys: 71mm<br \/>\n\u2022 Paino: 400g<br \/>\n\u2022 IP69K<\/p>\n<p><strong>Sarjalla 12kk takuu.<\/strong><\/p>\n","protected":false},"excerpt":{"rendered":"<p>Langaton digitaalinen peruutuskamerasarja 7&#8243; n\u00e4yt\u00f6ll\u00e4, NSD.\u00a0Sarja sis\u00e4lt\u00e4\u00e4 n\u00e4yt\u00f6n ja yhden kameran.\u00a0Voidaan asentaa 12-32V k\u00e4ytt\u00f6j\u00e4nnitteell\u00e4 varustettuihin j\u00e4rjestelmiin. N\u00e4ytt\u00f6: \u2022 7\u201d n\u00e4ytt\u00f6. \u2022 N\u00e4ytt\u00f6\u00f6n voidaan liitt\u00e4\u00e4 2 kameraa \u2022 K\u00e4ytt\u00f6j\u00e4nnite 12-32V (n\u00e4ytt\u00f6) \u2022 Apuviivat peruuttaessa V\u00e4rikamera: \u2022 11-32V k\u00e4ytt\u00f6j\u00e4nnitteelle \u2022 120 asteen kuvakulma \u2022 CMOS-kenno \u2022 Mikrofoni \u2022 Pime\u00e4n\u00e4k\u00f6toiminto automaattisella kirkkaudens\u00e4\u00e4d\u00f6ll\u00e4. \u2022 Vahva metallirunko \u2022 Leveys:\u00a0107mm \u2022 [&hellip;]<\/p>\n","protected":false},"featured_media":12909,"comment_status":"open","ping_status":"closed","template":"","meta":[],"product_brand":[],"product_cat":[629],"product_tag":[],"class_list":{"0":"post-12908","1":"product","2":"type-product","3":"status-publish","4":"has-post-thumbnail","6":"product_cat-peruutuskamerat","8":"first","9":"instock","10":"taxable","11":"shipping-taxable","12":"purchasable","13":"product-type-simple"},"yoast_head":"<!-- This site is optimized with the Yoast SEO plugin v27.3 - https:\/\/yoast.com\/product\/yoast-seo-wordpress\/ -->\n<title>Langaton digitaalinen peruutuskamerasarja 7&quot; n\u00e4yt\u00f6ll\u00e4, NSD -<\/title>\n<meta name=\"robots\" content=\"index, follow, max-snippet:-1, max-image-preview:large, max-video-preview:-1\" \/>\n<link rel=\"canonical\" href=\"https:\/\/www.duunauspalvelutjarvi.fi\/?product=langaton-digitaalinen-peruutuskamerasarja-7-naytolla-nsd\" \/>\n<meta property=\"og:locale\" content=\"fi_FI\" \/>\n<meta property=\"og:type\" content=\"article\" \/>\n<meta property=\"og:title\" content=\"Langaton digitaalinen peruutuskamerasarja 7&quot; n\u00e4yt\u00f6ll\u00e4, NSD -\" \/>\n<meta property=\"og:description\" content=\"Langaton digitaalinen peruutuskamerasarja 7&#8243; n\u00e4yt\u00f6ll\u00e4, NSD.\u00a0Sarja sis\u00e4lt\u00e4\u00e4 n\u00e4yt\u00f6n ja yhden kameran.\u00a0Voidaan asentaa 12-32V k\u00e4ytt\u00f6j\u00e4nnitteell\u00e4 varustettuihin j\u00e4rjestelmiin. N\u00e4ytt\u00f6: \u2022 7\u201d n\u00e4ytt\u00f6. \u2022 N\u00e4ytt\u00f6\u00f6n voidaan liitt\u00e4\u00e4 2 kameraa \u2022 K\u00e4ytt\u00f6j\u00e4nnite 12-32V (n\u00e4ytt\u00f6) \u2022 Apuviivat peruuttaessa V\u00e4rikamera: \u2022 11-32V k\u00e4ytt\u00f6j\u00e4nnitteelle \u2022 120 asteen kuvakulma \u2022 CMOS-kenno \u2022 Mikrofoni \u2022 Pime\u00e4n\u00e4k\u00f6toiminto automaattisella kirkkaudens\u00e4\u00e4d\u00f6ll\u00e4. \u2022 Vahva metallirunko \u2022 Leveys:\u00a0107mm \u2022 [&hellip;]\" \/>\n<meta property=\"og:url\" content=\"https:\/\/www.duunauspalvelutjarvi.fi\/?product=langaton-digitaalinen-peruutuskamerasarja-7-naytolla-nsd\" \/>\n<meta property=\"og:image\" content=\"https:\/\/www.duunauspalvelutjarvi.fi\/wp-content\/uploads\/2022\/04\/Langatondigitaalinenperuutuskamerasarja7naytollaNSD_60100101500_469fd5c2c70997c165c65df46c57b4b9_4.jpg\" \/>\n\t<meta property=\"og:image:width\" content=\"400\" \/>\n\t<meta property=\"og:image:height\" content=\"300\" \/>\n\t<meta property=\"og:image:type\" content=\"image\/jpeg\" \/>\n<meta name=\"twitter:card\" content=\"summary_large_image\" \/>\n<script type=\"application\/ld+json\" class=\"yoast-schema-graph\">{\"@context\":\"https:\\\/\\\/schema.org\",\"@graph\":[{\"@type\":\"WebPage\",\"@id\":\"https:\\\/\\\/www.duunauspalvelutjarvi.fi\\\/?product=langaton-digitaalinen-peruutuskamerasarja-7-naytolla-nsd\",\"url\":\"https:\\\/\\\/www.duunauspalvelutjarvi.fi\\\/?product=langaton-digitaalinen-peruutuskamerasarja-7-naytolla-nsd\",\"name\":\"Langaton digitaalinen peruutuskamerasarja 7\\\" n\u00e4yt\u00f6ll\u00e4, NSD -\",\"isPartOf\":{\"@id\":\"https:\\\/\\\/www.duunauspalvelutjarvi.fi\\\/#website\"},\"primaryImageOfPage\":{\"@id\":\"https:\\\/\\\/www.duunauspalvelutjarvi.fi\\\/?product=langaton-digitaalinen-peruutuskamerasarja-7-naytolla-nsd#primaryimage\"},\"image\":{\"@id\":\"https:\\\/\\\/www.duunauspalvelutjarvi.fi\\\/?product=langaton-digitaalinen-peruutuskamerasarja-7-naytolla-nsd#primaryimage\"},\"thumbnailUrl\":\"https:\\\/\\\/www.duunauspalvelutjarvi.fi\\\/wp-content\\\/uploads\\\/2022\\\/04\\\/Langatondigitaalinenperuutuskamerasarja7naytollaNSD_60100101500_469fd5c2c70997c165c65df46c57b4b9_4.jpg\",\"datePublished\":\"2022-04-30T11:14:17+00:00\",\"breadcrumb\":{\"@id\":\"https:\\\/\\\/www.duunauspalvelutjarvi.fi\\\/?product=langaton-digitaalinen-peruutuskamerasarja-7-naytolla-nsd#breadcrumb\"},\"inLanguage\":\"fi\",\"potentialAction\":[{\"@type\":\"ReadAction\",\"target\":[\"https:\\\/\\\/www.duunauspalvelutjarvi.fi\\\/?product=langaton-digitaalinen-peruutuskamerasarja-7-naytolla-nsd\"]}]},{\"@type\":\"ImageObject\",\"inLanguage\":\"fi\",\"@id\":\"https:\\\/\\\/www.duunauspalvelutjarvi.fi\\\/?product=langaton-digitaalinen-peruutuskamerasarja-7-naytolla-nsd#primaryimage\",\"url\":\"https:\\\/\\\/www.duunauspalvelutjarvi.fi\\\/wp-content\\\/uploads\\\/2022\\\/04\\\/Langatondigitaalinenperuutuskamerasarja7naytollaNSD_60100101500_469fd5c2c70997c165c65df46c57b4b9_4.jpg\",\"contentUrl\":\"https:\\\/\\\/www.duunauspalvelutjarvi.fi\\\/wp-content\\\/uploads\\\/2022\\\/04\\\/Langatondigitaalinenperuutuskamerasarja7naytollaNSD_60100101500_469fd5c2c70997c165c65df46c57b4b9_4.jpg\",\"width\":400,\"height\":300},{\"@type\":\"BreadcrumbList\",\"@id\":\"https:\\\/\\\/www.duunauspalvelutjarvi.fi\\\/?product=langaton-digitaalinen-peruutuskamerasarja-7-naytolla-nsd#breadcrumb\",\"itemListElement\":[{\"@type\":\"ListItem\",\"position\":1,\"name\":\"Etusivu\",\"item\":\"https:\\\/\\\/www.duunauspalvelutjarvi.fi\\\/\"},{\"@type\":\"ListItem\",\"position\":2,\"name\":\"Etusivu\",\"item\":\"https:\\\/\\\/www.duunauspalvelutjarvi.fi\\\/\"},{\"@type\":\"ListItem\",\"position\":3,\"name\":\"Langaton digitaalinen peruutuskamerasarja 7&#8243; n\u00e4yt\u00f6ll\u00e4, NSD\"}]},{\"@type\":\"WebSite\",\"@id\":\"https:\\\/\\\/www.duunauspalvelutjarvi.fi\\\/#website\",\"url\":\"https:\\\/\\\/www.duunauspalvelutjarvi.fi\\\/\",\"name\":\"\",\"description\":\"\",\"potentialAction\":[{\"@type\":\"SearchAction\",\"target\":{\"@type\":\"EntryPoint\",\"urlTemplate\":\"https:\\\/\\\/www.duunauspalvelutjarvi.fi\\\/?s={search_term_string}\"},\"query-input\":{\"@type\":\"PropertyValueSpecification\",\"valueRequired\":true,\"valueName\":\"search_term_string\"}}],\"inLanguage\":\"fi\"}]}<\/script>\n<!-- \/ Yoast SEO plugin. -->","yoast_head_json":{"title":"Langaton digitaalinen peruutuskamerasarja 7\" n\u00e4yt\u00f6ll\u00e4, NSD -","robots":{"index":"index","follow":"follow","max-snippet":"max-snippet:-1","max-image-preview":"max-image-preview:large","max-video-preview":"max-video-preview:-1"},"canonical":"https:\/\/www.duunauspalvelutjarvi.fi\/?product=langaton-digitaalinen-peruutuskamerasarja-7-naytolla-nsd","og_locale":"fi_FI","og_type":"article","og_title":"Langaton digitaalinen peruutuskamerasarja 7\" n\u00e4yt\u00f6ll\u00e4, NSD -","og_description":"Langaton digitaalinen peruutuskamerasarja 7&#8243; n\u00e4yt\u00f6ll\u00e4, NSD.\u00a0Sarja sis\u00e4lt\u00e4\u00e4 n\u00e4yt\u00f6n ja yhden kameran.\u00a0Voidaan asentaa 12-32V k\u00e4ytt\u00f6j\u00e4nnitteell\u00e4 varustettuihin j\u00e4rjestelmiin. N\u00e4ytt\u00f6: \u2022 7\u201d n\u00e4ytt\u00f6. \u2022 N\u00e4ytt\u00f6\u00f6n voidaan liitt\u00e4\u00e4 2 kameraa \u2022 K\u00e4ytt\u00f6j\u00e4nnite 12-32V (n\u00e4ytt\u00f6) \u2022 Apuviivat peruuttaessa V\u00e4rikamera: \u2022 11-32V k\u00e4ytt\u00f6j\u00e4nnitteelle \u2022 120 asteen kuvakulma \u2022 CMOS-kenno \u2022 Mikrofoni \u2022 Pime\u00e4n\u00e4k\u00f6toiminto automaattisella kirkkaudens\u00e4\u00e4d\u00f6ll\u00e4. \u2022 Vahva metallirunko \u2022 Leveys:\u00a0107mm \u2022 [&hellip;]","og_url":"https:\/\/www.duunauspalvelutjarvi.fi\/?product=langaton-digitaalinen-peruutuskamerasarja-7-naytolla-nsd","og_image":[{"width":400,"height":300,"url":"https:\/\/www.duunauspalvelutjarvi.fi\/wp-content\/uploads\/2022\/04\/Langatondigitaalinenperuutuskamerasarja7naytollaNSD_60100101500_469fd5c2c70997c165c65df46c57b4b9_4.jpg","type":"image\/jpeg"}],"twitter_card":"summary_large_image","schema":{"@context":"https:\/\/schema.org","@graph":[{"@type":"WebPage","@id":"https:\/\/www.duunauspalvelutjarvi.fi\/?product=langaton-digitaalinen-peruutuskamerasarja-7-naytolla-nsd","url":"https:\/\/www.duunauspalvelutjarvi.fi\/?product=langaton-digitaalinen-peruutuskamerasarja-7-naytolla-nsd","name":"Langaton digitaalinen peruutuskamerasarja 7\" n\u00e4yt\u00f6ll\u00e4, NSD -","isPartOf":{"@id":"https:\/\/www.duunauspalvelutjarvi.fi\/#website"},"primaryImageOfPage":{"@id":"https:\/\/www.duunauspalvelutjarvi.fi\/?product=langaton-digitaalinen-peruutuskamerasarja-7-naytolla-nsd#primaryimage"},"image":{"@id":"https:\/\/www.duunauspalvelutjarvi.fi\/?product=langaton-digitaalinen-peruutuskamerasarja-7-naytolla-nsd#primaryimage"},"thumbnailUrl":"https:\/\/www.duunauspalvelutjarvi.fi\/wp-content\/uploads\/2022\/04\/Langatondigitaalinenperuutuskamerasarja7naytollaNSD_60100101500_469fd5c2c70997c165c65df46c57b4b9_4.jpg","datePublished":"2022-04-30T11:14:17+00:00","breadcrumb":{"@id":"https:\/\/www.duunauspalvelutjarvi.fi\/?product=langaton-digitaalinen-peruutuskamerasarja-7-naytolla-nsd#breadcrumb"},"inLanguage":"fi","potentialAction":[{"@type":"ReadAction","target":["https:\/\/www.duunauspalvelutjarvi.fi\/?product=langaton-digitaalinen-peruutuskamerasarja-7-naytolla-nsd"]}]},{"@type":"ImageObject","inLanguage":"fi","@id":"https:\/\/www.duunauspalvelutjarvi.fi\/?product=langaton-digitaalinen-peruutuskamerasarja-7-naytolla-nsd#primaryimage","url":"https:\/\/www.duunauspalvelutjarvi.fi\/wp-content\/uploads\/2022\/04\/Langatondigitaalinenperuutuskamerasarja7naytollaNSD_60100101500_469fd5c2c70997c165c65df46c57b4b9_4.jpg","contentUrl":"https:\/\/www.duunauspalvelutjarvi.fi\/wp-content\/uploads\/2022\/04\/Langatondigitaalinenperuutuskamerasarja7naytollaNSD_60100101500_469fd5c2c70997c165c65df46c57b4b9_4.jpg","width":400,"height":300},{"@type":"BreadcrumbList","@id":"https:\/\/www.duunauspalvelutjarvi.fi\/?product=langaton-digitaalinen-peruutuskamerasarja-7-naytolla-nsd#breadcrumb","itemListElement":[{"@type":"ListItem","position":1,"name":"Etusivu","item":"https:\/\/www.duunauspalvelutjarvi.fi\/"},{"@type":"ListItem","position":2,"name":"Etusivu","item":"https:\/\/www.duunauspalvelutjarvi.fi\/"},{"@type":"ListItem","position":3,"name":"Langaton digitaalinen peruutuskamerasarja 7&#8243; n\u00e4yt\u00f6ll\u00e4, NSD"}]},{"@type":"WebSite","@id":"https:\/\/www.duunauspalvelutjarvi.fi\/#website","url":"https:\/\/www.duunauspalvelutjarvi.fi\/","name":"","description":"","potentialAction":[{"@type":"SearchAction","target":{"@type":"EntryPoint","urlTemplate":"https:\/\/www.duunauspalvelutjarvi.fi\/?s={search_term_string}"},"query-input":{"@type":"PropertyValueSpecification","valueRequired":true,"valueName":"search_term_string"}}],"inLanguage":"fi"}]}},"jetpack_sharing_enabled":true,"_links":{"self":[{"href":"https:\/\/www.duunauspalvelutjarvi.fi\/index.php?rest_route=\/wp\/v2\/product\/12908","targetHints":{"allow":["GET"]}}],"collection":[{"href":"https:\/\/www.duunauspalvelutjarvi.fi\/index.php?rest_route=\/wp\/v2\/product"}],"about":[{"href":"https:\/\/www.duunauspalvelutjarvi.fi\/index.php?rest_route=\/wp\/v2\/types\/product"}],"replies":[{"embeddable":true,"href":"https:\/\/www.duunauspalvelutjarvi.fi\/index.php?rest_route=%2Fwp%2Fv2%2Fcomments&post=12908"}],"wp:featuredmedia":[{"embeddable":true,"href":"https:\/\/www.duunauspalvelutjarvi.fi\/index.php?rest_route=\/wp\/v2\/media\/12909"}],"wp:attachment":[{"href":"https:\/\/www.duunauspalvelutjarvi.fi\/index.php?rest_route=%2Fwp%2Fv2%2Fmedia&parent=12908"}],"wp:term":[{"taxonomy":"product_brand","embeddable":true,"href":"https:\/\/www.duunauspalvelutjarvi.fi\/index.php?rest_route=%2Fwp%2Fv2%2Fproduct_brand&post=12908"},{"taxonomy":"product_cat","embeddable":true,"href":"https:\/\/www.duunauspalvelutjarvi.fi\/index.php?rest_route=%2Fwp%2Fv2%2Fproduct_cat&post=12908"},{"taxonomy":"product_tag","embeddable":true,"href":"https:\/\/www.duunauspalvelutjarvi.fi\/index.php?rest_route=%2Fwp%2Fv2%2Fproduct_tag&post=12908"}],"curies":[{"name":"wp","href":"https:\/\/api.w.org\/{rel}","templated":true}]}}