{"id":12910,"date":"2022-04-30T14:17:23","date_gmt":"2022-04-30T11:17:23","guid":{"rendered":"https:\/\/www.duunauspalvelutjarvi.fi\/?post_type=product&#038;p=12910"},"modified":"2022-04-30T14:17:24","modified_gmt":"2022-04-30T11:17:24","slug":"langaton-trukkikamerasarja-7-naytolla","status":"publish","type":"product","link":"https:\/\/www.duunauspalvelutjarvi.fi\/?product=langaton-trukkikamerasarja-7-naytolla","title":{"rendered":"Langaton trukkikamerasarja, 7&#8221; n\u00e4yt\u00f6ll\u00e4"},"content":{"rendered":"<p><strong>Langaton digitaalinen trukkikamerasarja,\u00a0<\/strong>7&#8221;n\u00e4yt\u00f6ll\u00e4. N\u00e4ytt\u00f6\u00f6n mahdollista asentaa 4 erillist\u00e4 kameraa, automaattinen kanavien selaus: jokainen kanava voidaan s\u00e4\u00e4t\u00e4\u00e4 erikseen p\u00e4\u00e4lle tai pois.<br \/>\nLangaton trukkikamera magneettikiinnityksell\u00e4, joka helppo asentaa esimerkiksi trukin piikkiin; n\u00e4kee tarkkaan minne piikit ja niiden kuorma menev\u00e4t. Kameralle erillinen akkuboksi.<br \/>\nSarjan langaton toimintas\u00e4de jopa 100m.<\/p>\n<p><strong>7&#8243; n\u00e4ytt\u00f6:<br \/>\n<\/strong>\u2022\u00a0K\u00e4ytt\u00f6j\u00e4nnite: 10-32VDC<strong><br \/>\n<\/strong>\u2022\u00a04-kanavainen, automaattinen yhdist\u00e4minen<br \/>\n\u2022 Automaattinen kanavien selaus: jokainen kanava voidaan s\u00e4\u00e4t\u00e4\u00e4 erikseen p\u00e4\u00e4lle tai pois<br \/>\n\u2022 Reaaliaikainen tallennus ja n\u00e4ytt\u00f6<br \/>\n\u2022 Langaton toimintas\u00e4de jopa 100m<br \/>\n\u2022 Tallennuskapasiteetti: Micro SD Card max 128GB (muistikortti ei sis\u00e4lly pakettiin)<br \/>\n\u2022 K\u00e4ytt\u00f6l\u00e4mp\u00f6tila: -20\u00b0C &#8230; +70\u00b0C<br \/>\n\u2022 Kaksi kiinnitysvaihtoehtoa: toimitukseen sis\u00e4ltyy n\u00e4yt\u00f6n reunoille kiinnittyv\u00e4 u-pidin ja jalka keskikiinnitykseen<br \/>\n\u2022 Kauko-ohjain<\/p>\n<p><strong>Langaton kamera:<br \/>\n<\/strong>\u2022\u00a0K\u00e4ytt\u00f6j\u00e4nnite: 10-32VDC<br \/>\n\u2022\u00a0Taajuusalue: 2400-2483.5MHz<br \/>\n\u2022 Metallikuori: kest\u00e4v\u00e4 ja luotettava<br \/>\n\u2022\u00a01-3m h\u00e4m\u00e4r\u00e4n\u00e4k\u00f6, minimivalontarve 0.1Lux<br \/>\n\u2022\u00a0Kantama jopa 100m<br \/>\n\u2022\u00a0Kuvakulma 45\u00b0<br \/>\n\u2022\u00a0Automaattinen valkotasapainons\u00e4\u00e4t\u00f6<br \/>\n\u2022\u00a0Automaattinen taustavalokompensointi<br \/>\n\u2022\u00a0Videomuoto MPEG4<br \/>\n\u2022 IP69K<br \/>\n\u2022\u00a0K\u00e4ytt\u00f6l\u00e4mp\u00f6tila \u201320? &#8230; +70?<\/p>\n<p><strong>Virtal\u00e4hde akulla kameralle:<\/strong><br \/>\n\u2022 Ladattava akku: 8700mAh \u2013 31.32Wh<br \/>\n\u2022 Latausaika 12t (5V) &#8211; 4t (12V)<br \/>\n\u2022 k\u00e4ytt\u00f6aika: 12-14t<br \/>\n\u2022\u00a0IP69K<br \/>\n\u2022\u00a0Magneettikiinnitys<br \/>\n\u2022 Mitat: 110.5mm x 64,5mm x 40,7mm<br \/>\n\u2022\u00a0Paino: 400g<\/p>\n","protected":false},"excerpt":{"rendered":"<p>Langaton digitaalinen trukkikamerasarja,\u00a07&#8221;n\u00e4yt\u00f6ll\u00e4. N\u00e4ytt\u00f6\u00f6n mahdollista asentaa 4 erillist\u00e4 kameraa, automaattinen kanavien selaus: jokainen kanava voidaan s\u00e4\u00e4t\u00e4\u00e4 erikseen p\u00e4\u00e4lle tai pois. Langaton trukkikamera magneettikiinnityksell\u00e4, joka helppo asentaa esimerkiksi trukin piikkiin; n\u00e4kee tarkkaan minne piikit ja niiden kuorma menev\u00e4t. Kameralle erillinen akkuboksi. Sarjan langaton toimintas\u00e4de jopa 100m. 7&#8243; n\u00e4ytt\u00f6: \u2022\u00a0K\u00e4ytt\u00f6j\u00e4nnite: 10-32VDC \u2022\u00a04-kanavainen, automaattinen yhdist\u00e4minen \u2022 Automaattinen kanavien [&hellip;]<\/p>\n","protected":false},"featured_media":12916,"comment_status":"open","ping_status":"closed","template":"","meta":[],"product_brand":[],"product_cat":[629],"product_tag":[],"class_list":{"0":"post-12910","1":"product","2":"type-product","3":"status-publish","4":"has-post-thumbnail","6":"product_cat-peruutuskamerat","8":"first","9":"instock","10":"taxable","11":"shipping-taxable","12":"purchasable","13":"product-type-simple"},"yoast_head":"<!-- This site is optimized with the Yoast SEO plugin v27.4 - https:\/\/yoast.com\/product\/yoast-seo-wordpress\/ -->\n<title>Langaton trukkikamerasarja, 7&#039;&#039; n\u00e4yt\u00f6ll\u00e4 -<\/title>\n<meta name=\"robots\" content=\"index, follow, max-snippet:-1, max-image-preview:large, max-video-preview:-1\" \/>\n<link rel=\"canonical\" href=\"https:\/\/www.duunauspalvelutjarvi.fi\/?product=langaton-trukkikamerasarja-7-naytolla\" \/>\n<meta property=\"og:locale\" content=\"fi_FI\" \/>\n<meta property=\"og:type\" content=\"article\" \/>\n<meta property=\"og:title\" content=\"Langaton trukkikamerasarja, 7&#039;&#039; n\u00e4yt\u00f6ll\u00e4 -\" \/>\n<meta property=\"og:description\" content=\"Langaton digitaalinen trukkikamerasarja,\u00a07&#8221;n\u00e4yt\u00f6ll\u00e4. N\u00e4ytt\u00f6\u00f6n mahdollista asentaa 4 erillist\u00e4 kameraa, automaattinen kanavien selaus: jokainen kanava voidaan s\u00e4\u00e4t\u00e4\u00e4 erikseen p\u00e4\u00e4lle tai pois. Langaton trukkikamera magneettikiinnityksell\u00e4, joka helppo asentaa esimerkiksi trukin piikkiin; n\u00e4kee tarkkaan minne piikit ja niiden kuorma menev\u00e4t. Kameralle erillinen akkuboksi. Sarjan langaton toimintas\u00e4de jopa 100m. 7&#8243; n\u00e4ytt\u00f6: \u2022\u00a0K\u00e4ytt\u00f6j\u00e4nnite: 10-32VDC \u2022\u00a04-kanavainen, automaattinen yhdist\u00e4minen \u2022 Automaattinen kanavien [&hellip;]\" \/>\n<meta property=\"og:url\" content=\"https:\/\/www.duunauspalvelutjarvi.fi\/?product=langaton-trukkikamerasarja-7-naytolla\" \/>\n<meta property=\"article:modified_time\" content=\"2022-04-30T11:17:24+00:00\" \/>\n<meta property=\"og:image\" content=\"https:\/\/www.duunauspalvelutjarvi.fi\/wp-content\/uploads\/2022\/04\/8020104238_1470e4a83db0eef22c8d4d882475abb9_2.jpg\" \/>\n\t<meta property=\"og:image:width\" content=\"400\" \/>\n\t<meta property=\"og:image:height\" content=\"300\" \/>\n\t<meta property=\"og:image:type\" content=\"image\/jpeg\" \/>\n<meta name=\"twitter:card\" content=\"summary_large_image\" \/>\n<meta name=\"twitter:label1\" content=\"Arvioitu lukuaika\" \/>\n\t<meta name=\"twitter:data1\" content=\"1 minuutti\" \/>\n<script type=\"application\/ld+json\" class=\"yoast-schema-graph\">{\"@context\":\"https:\\\/\\\/schema.org\",\"@graph\":[{\"@type\":\"WebPage\",\"@id\":\"https:\\\/\\\/www.duunauspalvelutjarvi.fi\\\/?product=langaton-trukkikamerasarja-7-naytolla\",\"url\":\"https:\\\/\\\/www.duunauspalvelutjarvi.fi\\\/?product=langaton-trukkikamerasarja-7-naytolla\",\"name\":\"Langaton trukkikamerasarja, 7'' n\u00e4yt\u00f6ll\u00e4 -\",\"isPartOf\":{\"@id\":\"https:\\\/\\\/www.duunauspalvelutjarvi.fi\\\/#website\"},\"primaryImageOfPage\":{\"@id\":\"https:\\\/\\\/www.duunauspalvelutjarvi.fi\\\/?product=langaton-trukkikamerasarja-7-naytolla#primaryimage\"},\"image\":{\"@id\":\"https:\\\/\\\/www.duunauspalvelutjarvi.fi\\\/?product=langaton-trukkikamerasarja-7-naytolla#primaryimage\"},\"thumbnailUrl\":\"https:\\\/\\\/www.duunauspalvelutjarvi.fi\\\/wp-content\\\/uploads\\\/2022\\\/04\\\/8020104238_1470e4a83db0eef22c8d4d882475abb9_2.jpg\",\"datePublished\":\"2022-04-30T11:17:23+00:00\",\"dateModified\":\"2022-04-30T11:17:24+00:00\",\"breadcrumb\":{\"@id\":\"https:\\\/\\\/www.duunauspalvelutjarvi.fi\\\/?product=langaton-trukkikamerasarja-7-naytolla#breadcrumb\"},\"inLanguage\":\"fi\",\"potentialAction\":[{\"@type\":\"ReadAction\",\"target\":[\"https:\\\/\\\/www.duunauspalvelutjarvi.fi\\\/?product=langaton-trukkikamerasarja-7-naytolla\"]}]},{\"@type\":\"ImageObject\",\"inLanguage\":\"fi\",\"@id\":\"https:\\\/\\\/www.duunauspalvelutjarvi.fi\\\/?product=langaton-trukkikamerasarja-7-naytolla#primaryimage\",\"url\":\"https:\\\/\\\/www.duunauspalvelutjarvi.fi\\\/wp-content\\\/uploads\\\/2022\\\/04\\\/8020104238_1470e4a83db0eef22c8d4d882475abb9_2.jpg\",\"contentUrl\":\"https:\\\/\\\/www.duunauspalvelutjarvi.fi\\\/wp-content\\\/uploads\\\/2022\\\/04\\\/8020104238_1470e4a83db0eef22c8d4d882475abb9_2.jpg\",\"width\":400,\"height\":300},{\"@type\":\"BreadcrumbList\",\"@id\":\"https:\\\/\\\/www.duunauspalvelutjarvi.fi\\\/?product=langaton-trukkikamerasarja-7-naytolla#breadcrumb\",\"itemListElement\":[{\"@type\":\"ListItem\",\"position\":1,\"name\":\"Etusivu\",\"item\":\"https:\\\/\\\/www.duunauspalvelutjarvi.fi\\\/\"},{\"@type\":\"ListItem\",\"position\":2,\"name\":\"Etusivu\",\"item\":\"https:\\\/\\\/www.duunauspalvelutjarvi.fi\\\/\"},{\"@type\":\"ListItem\",\"position\":3,\"name\":\"Langaton trukkikamerasarja, 7&#8221; n\u00e4yt\u00f6ll\u00e4\"}]},{\"@type\":\"WebSite\",\"@id\":\"https:\\\/\\\/www.duunauspalvelutjarvi.fi\\\/#website\",\"url\":\"https:\\\/\\\/www.duunauspalvelutjarvi.fi\\\/\",\"name\":\"\",\"description\":\"\",\"potentialAction\":[{\"@type\":\"SearchAction\",\"target\":{\"@type\":\"EntryPoint\",\"urlTemplate\":\"https:\\\/\\\/www.duunauspalvelutjarvi.fi\\\/?s={search_term_string}\"},\"query-input\":{\"@type\":\"PropertyValueSpecification\",\"valueRequired\":true,\"valueName\":\"search_term_string\"}}],\"inLanguage\":\"fi\"}]}<\/script>\n<!-- \/ Yoast SEO plugin. -->","yoast_head_json":{"title":"Langaton trukkikamerasarja, 7'' n\u00e4yt\u00f6ll\u00e4 -","robots":{"index":"index","follow":"follow","max-snippet":"max-snippet:-1","max-image-preview":"max-image-preview:large","max-video-preview":"max-video-preview:-1"},"canonical":"https:\/\/www.duunauspalvelutjarvi.fi\/?product=langaton-trukkikamerasarja-7-naytolla","og_locale":"fi_FI","og_type":"article","og_title":"Langaton trukkikamerasarja, 7'' n\u00e4yt\u00f6ll\u00e4 -","og_description":"Langaton digitaalinen trukkikamerasarja,\u00a07&#8221;n\u00e4yt\u00f6ll\u00e4. N\u00e4ytt\u00f6\u00f6n mahdollista asentaa 4 erillist\u00e4 kameraa, automaattinen kanavien selaus: jokainen kanava voidaan s\u00e4\u00e4t\u00e4\u00e4 erikseen p\u00e4\u00e4lle tai pois. Langaton trukkikamera magneettikiinnityksell\u00e4, joka helppo asentaa esimerkiksi trukin piikkiin; n\u00e4kee tarkkaan minne piikit ja niiden kuorma menev\u00e4t. Kameralle erillinen akkuboksi. Sarjan langaton toimintas\u00e4de jopa 100m. 7&#8243; n\u00e4ytt\u00f6: \u2022\u00a0K\u00e4ytt\u00f6j\u00e4nnite: 10-32VDC \u2022\u00a04-kanavainen, automaattinen yhdist\u00e4minen \u2022 Automaattinen kanavien [&hellip;]","og_url":"https:\/\/www.duunauspalvelutjarvi.fi\/?product=langaton-trukkikamerasarja-7-naytolla","article_modified_time":"2022-04-30T11:17:24+00:00","og_image":[{"width":400,"height":300,"url":"https:\/\/www.duunauspalvelutjarvi.fi\/wp-content\/uploads\/2022\/04\/8020104238_1470e4a83db0eef22c8d4d882475abb9_2.jpg","type":"image\/jpeg"}],"twitter_card":"summary_large_image","twitter_misc":{"Arvioitu lukuaika":"1 minuutti"},"schema":{"@context":"https:\/\/schema.org","@graph":[{"@type":"WebPage","@id":"https:\/\/www.duunauspalvelutjarvi.fi\/?product=langaton-trukkikamerasarja-7-naytolla","url":"https:\/\/www.duunauspalvelutjarvi.fi\/?product=langaton-trukkikamerasarja-7-naytolla","name":"Langaton trukkikamerasarja, 7'' n\u00e4yt\u00f6ll\u00e4 -","isPartOf":{"@id":"https:\/\/www.duunauspalvelutjarvi.fi\/#website"},"primaryImageOfPage":{"@id":"https:\/\/www.duunauspalvelutjarvi.fi\/?product=langaton-trukkikamerasarja-7-naytolla#primaryimage"},"image":{"@id":"https:\/\/www.duunauspalvelutjarvi.fi\/?product=langaton-trukkikamerasarja-7-naytolla#primaryimage"},"thumbnailUrl":"https:\/\/www.duunauspalvelutjarvi.fi\/wp-content\/uploads\/2022\/04\/8020104238_1470e4a83db0eef22c8d4d882475abb9_2.jpg","datePublished":"2022-04-30T11:17:23+00:00","dateModified":"2022-04-30T11:17:24+00:00","breadcrumb":{"@id":"https:\/\/www.duunauspalvelutjarvi.fi\/?product=langaton-trukkikamerasarja-7-naytolla#breadcrumb"},"inLanguage":"fi","potentialAction":[{"@type":"ReadAction","target":["https:\/\/www.duunauspalvelutjarvi.fi\/?product=langaton-trukkikamerasarja-7-naytolla"]}]},{"@type":"ImageObject","inLanguage":"fi","@id":"https:\/\/www.duunauspalvelutjarvi.fi\/?product=langaton-trukkikamerasarja-7-naytolla#primaryimage","url":"https:\/\/www.duunauspalvelutjarvi.fi\/wp-content\/uploads\/2022\/04\/8020104238_1470e4a83db0eef22c8d4d882475abb9_2.jpg","contentUrl":"https:\/\/www.duunauspalvelutjarvi.fi\/wp-content\/uploads\/2022\/04\/8020104238_1470e4a83db0eef22c8d4d882475abb9_2.jpg","width":400,"height":300},{"@type":"BreadcrumbList","@id":"https:\/\/www.duunauspalvelutjarvi.fi\/?product=langaton-trukkikamerasarja-7-naytolla#breadcrumb","itemListElement":[{"@type":"ListItem","position":1,"name":"Etusivu","item":"https:\/\/www.duunauspalvelutjarvi.fi\/"},{"@type":"ListItem","position":2,"name":"Etusivu","item":"https:\/\/www.duunauspalvelutjarvi.fi\/"},{"@type":"ListItem","position":3,"name":"Langaton trukkikamerasarja, 7&#8221; n\u00e4yt\u00f6ll\u00e4"}]},{"@type":"WebSite","@id":"https:\/\/www.duunauspalvelutjarvi.fi\/#website","url":"https:\/\/www.duunauspalvelutjarvi.fi\/","name":"","description":"","potentialAction":[{"@type":"SearchAction","target":{"@type":"EntryPoint","urlTemplate":"https:\/\/www.duunauspalvelutjarvi.fi\/?s={search_term_string}"},"query-input":{"@type":"PropertyValueSpecification","valueRequired":true,"valueName":"search_term_string"}}],"inLanguage":"fi"}]}},"jetpack_sharing_enabled":true,"_links":{"self":[{"href":"https:\/\/www.duunauspalvelutjarvi.fi\/index.php?rest_route=\/wp\/v2\/product\/12910","targetHints":{"allow":["GET"]}}],"collection":[{"href":"https:\/\/www.duunauspalvelutjarvi.fi\/index.php?rest_route=\/wp\/v2\/product"}],"about":[{"href":"https:\/\/www.duunauspalvelutjarvi.fi\/index.php?rest_route=\/wp\/v2\/types\/product"}],"replies":[{"embeddable":true,"href":"https:\/\/www.duunauspalvelutjarvi.fi\/index.php?rest_route=%2Fwp%2Fv2%2Fcomments&post=12910"}],"wp:featuredmedia":[{"embeddable":true,"href":"https:\/\/www.duunauspalvelutjarvi.fi\/index.php?rest_route=\/wp\/v2\/media\/12916"}],"wp:attachment":[{"href":"https:\/\/www.duunauspalvelutjarvi.fi\/index.php?rest_route=%2Fwp%2Fv2%2Fmedia&parent=12910"}],"wp:term":[{"taxonomy":"product_brand","embeddable":true,"href":"https:\/\/www.duunauspalvelutjarvi.fi\/index.php?rest_route=%2Fwp%2Fv2%2Fproduct_brand&post=12910"},{"taxonomy":"product_cat","embeddable":true,"href":"https:\/\/www.duunauspalvelutjarvi.fi\/index.php?rest_route=%2Fwp%2Fv2%2Fproduct_cat&post=12910"},{"taxonomy":"product_tag","embeddable":true,"href":"https:\/\/www.duunauspalvelutjarvi.fi\/index.php?rest_route=%2Fwp%2Fv2%2Fproduct_tag&post=12910"}],"curies":[{"name":"wp","href":"https:\/\/api.w.org\/{rel}","templated":true}]}}