{"id":13257,"date":"2022-07-23T21:49:37","date_gmt":"2022-07-23T18:49:37","guid":{"rendered":"https:\/\/www.duunauspalvelutjarvi.fi\/?post_type=product&#038;p=13257"},"modified":"2022-07-23T22:10:36","modified_gmt":"2022-07-23T19:10:36","slug":"nedis-wifids10wt","status":"publish","type":"product","link":"https:\/\/www.duunauspalvelutjarvi.fi\/?product=nedis-wifids10wt","title":{"rendered":"Nedis WIFIDS10WT"},"content":{"rendered":"<div class=\"container py-4 product--page\">\n<div id=\"product--page\" class=\"row\" data-tracking=\"{&quot;id&quot;:&quot;WIFIDS10WT&quot;,&quot;list&quot;:&quot;Smart Home&quot;,&quot;name&quot;:&quot;SmartLife Smoke Detector | Wi-Fi | Battery Powered | Sensor life cycle: 10 Year | EN 14604 | Max. battery life: 24 months | Android\\u2122 \\\/ IOS | 85 dB | White&quot;,&quot;brand&quot;:&quot;Nedis&quot;,&quot;price&quot;:&quot;23.24&quot;,&quot;category&quot;:&quot;Security &amp; Safety\\\/Home Prevention\\\/Smoke Detection&quot;,&quot;variant&quot;:&quot;&quot;,&quot;quantity&quot;:1,&quot;dimension10&quot;:&quot;&quot;,&quot;dimension11&quot;:&quot;Normal&quot;,&quot;dimension12&quot;:&quot;Normal&quot;,&quot;position&quot;:&quot;&quot;}\" data-tracking-type=\"productDetail\">\n<div class=\"col-sm-12 col-md-12 col-lg-8 col-xl-9 mt-3\">\n<div class=\"row\">\n<div class=\"col-lg-12\">\n<div class=\"d-none d-lg-block\">\n<h1 class=\"mb-0\"><strong>SmartLife Palovaroitin<\/strong><\/h1>\n<p>Wi-Fi | Paristok\u00e4ytt\u00f6inen | Anturin k\u00e4ytt\u00f6ik\u00e4: 10 vuotta | EN 14604 | Maks. akunkesto: 24 kuukautta | Android\u2122 \/ IOS | 85 dB | Valkoinen<\/p>\n<\/div>\n<\/div>\n<div class=\"col-md-7 col-lg-7 col-xl-8\">\n<div class=\"description\">\n<div class=\"d-flex flex-column\">\n<div class=\"position-relative\">\n<div class=\"\">\n<p class=\"p-0 m-0\">T\u00e4m\u00e4 Wi-Fi-savuilmaisin h\u00e4lytt\u00e4\u00e4, jos se havaitsee savua tai liiallista kuumentumista. Se antaa \u00e4\u00e4nekk\u00e4\u00e4n h\u00e4lytyksen l\u00e4hist\u00f6ll\u00e4 olevia varten ja l\u00e4hett\u00e4\u00e4 h\u00e4lytyksen my\u00f6s puhelimeesi.<\/p>\n<p>T\u00e4m\u00e4 savu- ja l\u00e4mp\u00f6ilmaisin on helppo asentaa. Sen voi yhdist\u00e4\u00e4 Wi-Fi-verkkoon ilman erillist\u00e4 keskitint\u00e4.<\/p>\n<p>Se tarjoaa kaksi turvallisuusominaisuutta tunnistaen sek\u00e4 savun ett\u00e4 l\u00e4mp\u00f6tilan nopean nousun.<\/p>\n<p>Se voidaan yhdist\u00e4\u00e4 toisiin SmartLife-tuotteisiin, jolloin k\u00e4ytett\u00e4viss\u00e4 on lis\u00e4\u00e4 turvallisuusominaisuuksia. N\u00e4it\u00e4 ovat esimerkiksi \u00e4lypolttimot, jotka syttyv\u00e4t, kun havaitaan savua, ja mahdollistavat turvallisen ulosp\u00e4\u00e4syn.<\/p>\n<p>Nedis\u00ae SmartLife<\/p>\n<p>L\u00f6yd\u00e4 laaja ja alati kasvava valikoima tuotteita, kuten polttimoita, katkaisijoita, pistorasioita, antureita ja kameroita, joita voi ohjata helppok\u00e4ytt\u00f6isell\u00e4 ja intuitiivisella sovelluksella. Koska \u00e4\u00e4niohjaus tukee Amazon Alexa- ja Google Home -j\u00e4rjestelmi\u00e4, etk\u00e4 tarvitse muuta kuin nykyisen Wi-Fi-verkkosi, saat yhdistetyn \u00e4lykodin helposti. Etsitp\u00e4 sitten yksitt\u00e4ist\u00e4 \u00e4lypolttimoa tai -pistorasiaa tai haluat automatisoida koko kotisi, tutustu siihen, kuinka helposti saatavilla \u00e4lyteknologia on nyky\u00e4\u00e4n.<\/p>\n<\/div>\n<\/div>\n<\/div>\n<\/div>\n<div class=\"mt-3\"><strong class=\"d-block\">Ominaisuudet<\/strong><\/p>\n<p class=\"m-0\">\u2022 Wi-Fi-savuilmaisin tarjoaa mielenrauhaa h\u00e4lytt\u00e4m\u00e4ll\u00e4 sek\u00e4 savusta ett\u00e4 l\u00e4mp\u00f6tilan huomattavasta noususta \u2022 Helppo yhdist\u00e4\u00e4 Wi-Fi-verkkoon &#8211; saat h\u00e4lytykset puhelimeesi \u2022 \u00c4\u00e4nek\u00e4s h\u00e4lytys &#8211; varoittaa l\u00e4hist\u00f6ll\u00e4 olevia tilanteesta \u2022 Voidaan yhdist\u00e4\u00e4 muihin SmartLife-tuotteisiin &#8211; esimerkiksi valojen automaattinen syttyminen h\u00e4lytyksen soidessa<\/p>\n<\/div>\n<\/div>\n<\/div>\n<\/div>\n<\/div>\n<\/div>\n<div id=\"info\" class=\"container py-4\">\n<div class=\"row\">\n<div class=\"col-sm-9 col-xl-8 offset-md-3 mobile-offset-none\">\n<div id=\"package-contents\"><iframe id=\"widget2\" class=\"product-video\" title=\"Nedis\u00ae SmartLife\" src=\"https:\/\/www.youtube.com\/embed\/ZgBEet3Miyg?enablejsapi=1\" data-gtm-yt-inspected-120=\"true\" data-mce-fragment=\"1\"><\/iframe><\/p>\n<div class=\"border-top-md-down py-4 py-md-0\"><\/div>\n<\/div>\n<div class=\"border-top-md-down py-4 py-md-0\">\n<h3 id=\"specifications\">Tuotteen tekniset tiedot<\/h3>\n<table class=\"table table-dashed-border\">\n<tbody>\n<tr>\n<th scope=\"row\">V\u00e4ri<\/th>\n<td>Valkoinen<\/td>\n<\/tr>\n<tr>\n<th scope=\"row\">Virtal\u00e4hteen tyyppi<\/th>\n<td>Paristok\u00e4ytt\u00f6inen<\/td>\n<\/tr>\n<tr>\n<th scope=\"row\">Materiaali<\/th>\n<td>Muovi<\/td>\n<\/tr>\n<tr>\n<th scope=\"row\">\u00c4\u00e4ni<\/th>\n<td>85 dB<\/td>\n<\/tr>\n<tr>\n<th scope=\"row\">Testipainikkeella<\/th>\n<td>Kyll\u00e4<\/td>\n<\/tr>\n<tr>\n<th scope=\"row\">Anturin k\u00e4ytt\u00f6ik\u00e4<\/th>\n<td>10 vuotta<\/td>\n<\/tr>\n<tr>\n<th scope=\"row\">Pys\u00e4ytyspainikkeella<\/th>\n<td>Kyll\u00e4<\/td>\n<\/tr>\n<tr>\n<th scope=\"row\">Tuloj\u00e4nnite<\/th>\n<td>3 VDC<\/td>\n<\/tr>\n<tr>\n<th scope=\"row\">Sopii k\u00e4ytett\u00e4v\u00e4ksi<\/th>\n<td>Nedis\u00ae SmartLife<\/td>\n<\/tr>\n<tr>\n<th scope=\"row\">Tulovirta<\/th>\n<td>1 A<\/td>\n<\/tr>\n<tr>\n<th scope=\"row\">Langaton tekniikka<\/th>\n<td>Wi-Fi<\/td>\n<\/tr>\n<tr>\n<th scope=\"row\">Maksimi l\u00e4hetysantennin vahvistus<\/th>\n<td>2 dBi<\/td>\n<\/tr>\n<tr>\n<th scope=\"row\">Maksimi virrankulutus<\/th>\n<td>3 W<\/td>\n<\/tr>\n<tr>\n<th scope=\"row\">Maksimi l\u00e4hetysteho<\/th>\n<td>17 dBm<\/td>\n<\/tr>\n<tr>\n<th scope=\"row\">Sovellus saatavana kohteeseen<\/th>\n<td>Android\u2122<br \/>\nIOS<\/td>\n<\/tr>\n<tr>\n<th scope=\"row\">Pakkauksessa olevien tuotteiden m\u00e4\u00e4r\u00e4<\/th>\n<td>1 kpl<\/td>\n<\/tr>\n<tr>\n<th scope=\"row\">Halkaisija<\/th>\n<td>120 mm<\/td>\n<\/tr>\n<tr>\n<th scope=\"row\">L\u00e4hetystaajuuden alue<\/th>\n<td>2412 &#8211; 2484 MHz<\/td>\n<\/tr>\n<tr>\n<th scope=\"row\">Ohjaus mobiilisovelluksella<\/th>\n<td>Kyll\u00e4<\/td>\n<\/tr>\n<tr>\n<th scope=\"row\">Elinik\u00e4 vuosissa<\/th>\n<td>2 Vuotta<\/td>\n<\/tr>\n<tr>\n<th scope=\"row\">EN-hyv\u00e4ksynt\u00e4<\/th>\n<td>EN 14604<\/td>\n<\/tr>\n<tr>\n<th scope=\"row\">Maks. akunkesto<\/th>\n<td>24 kuukautta<\/td>\n<\/tr>\n<tr>\n<th scope=\"row\">Vaatii paristot (sis\u00e4ltyv\u00e4t)<\/th>\n<td>2x AA\/LR6<\/td>\n<\/tr>\n<tr>\n<th scope=\"row\">Toimintal\u00e4mp\u00f6tila<\/th>\n<td>5 &#8211; 37 \u00b0C<\/td>\n<\/tr>\n<\/tbody>\n<\/table>\n<\/div>\n<\/div>\n<\/div>\n<\/div>\n","protected":false},"excerpt":{"rendered":"<p>SmartLife Palovaroitin Wi-Fi | Paristok\u00e4ytt\u00f6inen | Anturin k\u00e4ytt\u00f6ik\u00e4: 10 vuotta | EN 14604 | Maks. akunkesto: 24 kuukautta | Android\u2122 \/ IOS | 85 dB | Valkoinen T\u00e4m\u00e4 Wi-Fi-savuilmaisin h\u00e4lytt\u00e4\u00e4, jos se havaitsee savua tai liiallista kuumentumista. Se antaa \u00e4\u00e4nekk\u00e4\u00e4n h\u00e4lytyksen l\u00e4hist\u00f6ll\u00e4 olevia varten ja l\u00e4hett\u00e4\u00e4 h\u00e4lytyksen my\u00f6s puhelimeesi. T\u00e4m\u00e4 savu- ja l\u00e4mp\u00f6ilmaisin on helppo [&hellip;]<\/p>\n","protected":false},"featured_media":13261,"comment_status":"open","ping_status":"closed","template":"","meta":[],"product_brand":[],"product_cat":[662,547],"product_tag":[],"class_list":{"0":"post-13257","1":"product","2":"type-product","3":"status-publish","4":"has-post-thumbnail","6":"product_cat-alykoti-valvonta","7":"product_cat-valvontajarjestelmat","9":"first","10":"instock","11":"taxable","12":"shipping-taxable","13":"purchasable","14":"product-type-simple"},"yoast_head":"<!-- This site is optimized with the Yoast SEO plugin v27.5 - https:\/\/yoast.com\/product\/yoast-seo-wordpress\/ -->\n<title>Nedis WIFIDS10WT -<\/title>\n<meta name=\"robots\" content=\"index, follow, max-snippet:-1, max-image-preview:large, max-video-preview:-1\" \/>\n<link rel=\"canonical\" href=\"https:\/\/www.duunauspalvelutjarvi.fi\/?product=nedis-wifids10wt\" \/>\n<meta property=\"og:locale\" content=\"fi_FI\" \/>\n<meta property=\"og:type\" content=\"article\" \/>\n<meta property=\"og:title\" content=\"Nedis WIFIDS10WT -\" \/>\n<meta property=\"og:description\" content=\"SmartLife Palovaroitin Wi-Fi | Paristok\u00e4ytt\u00f6inen | Anturin k\u00e4ytt\u00f6ik\u00e4: 10 vuotta | EN 14604 | Maks. akunkesto: 24 kuukautta | Android\u2122 \/ IOS | 85 dB | Valkoinen T\u00e4m\u00e4 Wi-Fi-savuilmaisin h\u00e4lytt\u00e4\u00e4, jos se havaitsee savua tai liiallista kuumentumista. Se antaa \u00e4\u00e4nekk\u00e4\u00e4n h\u00e4lytyksen l\u00e4hist\u00f6ll\u00e4 olevia varten ja l\u00e4hett\u00e4\u00e4 h\u00e4lytyksen my\u00f6s puhelimeesi. T\u00e4m\u00e4 savu- ja l\u00e4mp\u00f6ilmaisin on helppo [&hellip;]\" \/>\n<meta property=\"og:url\" content=\"https:\/\/www.duunauspalvelutjarvi.fi\/?product=nedis-wifids10wt\" \/>\n<meta property=\"article:modified_time\" content=\"2022-07-23T19:10:36+00:00\" \/>\n<meta property=\"og:image\" content=\"https:\/\/www.duunauspalvelutjarvi.fi\/wp-content\/uploads\/2022\/07\/WIFIDS10WT_P59.jpg\" \/>\n\t<meta property=\"og:image:width\" content=\"1200\" \/>\n\t<meta property=\"og:image:height\" content=\"1200\" \/>\n\t<meta property=\"og:image:type\" content=\"image\/jpeg\" \/>\n<meta name=\"twitter:card\" content=\"summary_large_image\" \/>\n<meta name=\"twitter:label1\" content=\"Arvioitu lukuaika\" \/>\n\t<meta name=\"twitter:data1\" content=\"2 minuuttia\" \/>\n<script type=\"application\/ld+json\" class=\"yoast-schema-graph\">{\"@context\":\"https:\\\/\\\/schema.org\",\"@graph\":[{\"@type\":\"WebPage\",\"@id\":\"https:\\\/\\\/www.duunauspalvelutjarvi.fi\\\/?product=nedis-wifids10wt\",\"url\":\"https:\\\/\\\/www.duunauspalvelutjarvi.fi\\\/?product=nedis-wifids10wt\",\"name\":\"Nedis WIFIDS10WT -\",\"isPartOf\":{\"@id\":\"https:\\\/\\\/www.duunauspalvelutjarvi.fi\\\/#website\"},\"primaryImageOfPage\":{\"@id\":\"https:\\\/\\\/www.duunauspalvelutjarvi.fi\\\/?product=nedis-wifids10wt#primaryimage\"},\"image\":{\"@id\":\"https:\\\/\\\/www.duunauspalvelutjarvi.fi\\\/?product=nedis-wifids10wt#primaryimage\"},\"thumbnailUrl\":\"https:\\\/\\\/www.duunauspalvelutjarvi.fi\\\/wp-content\\\/uploads\\\/2022\\\/07\\\/WIFIDS10WT_P59.jpg\",\"datePublished\":\"2022-07-23T18:49:37+00:00\",\"dateModified\":\"2022-07-23T19:10:36+00:00\",\"breadcrumb\":{\"@id\":\"https:\\\/\\\/www.duunauspalvelutjarvi.fi\\\/?product=nedis-wifids10wt#breadcrumb\"},\"inLanguage\":\"fi\",\"potentialAction\":[{\"@type\":\"ReadAction\",\"target\":[\"https:\\\/\\\/www.duunauspalvelutjarvi.fi\\\/?product=nedis-wifids10wt\"]}]},{\"@type\":\"ImageObject\",\"inLanguage\":\"fi\",\"@id\":\"https:\\\/\\\/www.duunauspalvelutjarvi.fi\\\/?product=nedis-wifids10wt#primaryimage\",\"url\":\"https:\\\/\\\/www.duunauspalvelutjarvi.fi\\\/wp-content\\\/uploads\\\/2022\\\/07\\\/WIFIDS10WT_P59.jpg\",\"contentUrl\":\"https:\\\/\\\/www.duunauspalvelutjarvi.fi\\\/wp-content\\\/uploads\\\/2022\\\/07\\\/WIFIDS10WT_P59.jpg\",\"width\":1200,\"height\":1200},{\"@type\":\"BreadcrumbList\",\"@id\":\"https:\\\/\\\/www.duunauspalvelutjarvi.fi\\\/?product=nedis-wifids10wt#breadcrumb\",\"itemListElement\":[{\"@type\":\"ListItem\",\"position\":1,\"name\":\"Etusivu\",\"item\":\"https:\\\/\\\/www.duunauspalvelutjarvi.fi\\\/\"},{\"@type\":\"ListItem\",\"position\":2,\"name\":\"Etusivu\",\"item\":\"https:\\\/\\\/www.duunauspalvelutjarvi.fi\\\/\"},{\"@type\":\"ListItem\",\"position\":3,\"name\":\"Nedis WIFIDS10WT\"}]},{\"@type\":\"WebSite\",\"@id\":\"https:\\\/\\\/www.duunauspalvelutjarvi.fi\\\/#website\",\"url\":\"https:\\\/\\\/www.duunauspalvelutjarvi.fi\\\/\",\"name\":\"\",\"description\":\"\",\"potentialAction\":[{\"@type\":\"SearchAction\",\"target\":{\"@type\":\"EntryPoint\",\"urlTemplate\":\"https:\\\/\\\/www.duunauspalvelutjarvi.fi\\\/?s={search_term_string}\"},\"query-input\":{\"@type\":\"PropertyValueSpecification\",\"valueRequired\":true,\"valueName\":\"search_term_string\"}}],\"inLanguage\":\"fi\"}]}<\/script>\n<!-- \/ Yoast SEO plugin. -->","yoast_head_json":{"title":"Nedis WIFIDS10WT -","robots":{"index":"index","follow":"follow","max-snippet":"max-snippet:-1","max-image-preview":"max-image-preview:large","max-video-preview":"max-video-preview:-1"},"canonical":"https:\/\/www.duunauspalvelutjarvi.fi\/?product=nedis-wifids10wt","og_locale":"fi_FI","og_type":"article","og_title":"Nedis WIFIDS10WT -","og_description":"SmartLife Palovaroitin Wi-Fi | Paristok\u00e4ytt\u00f6inen | Anturin k\u00e4ytt\u00f6ik\u00e4: 10 vuotta | EN 14604 | Maks. akunkesto: 24 kuukautta | Android\u2122 \/ IOS | 85 dB | Valkoinen T\u00e4m\u00e4 Wi-Fi-savuilmaisin h\u00e4lytt\u00e4\u00e4, jos se havaitsee savua tai liiallista kuumentumista. Se antaa \u00e4\u00e4nekk\u00e4\u00e4n h\u00e4lytyksen l\u00e4hist\u00f6ll\u00e4 olevia varten ja l\u00e4hett\u00e4\u00e4 h\u00e4lytyksen my\u00f6s puhelimeesi. T\u00e4m\u00e4 savu- ja l\u00e4mp\u00f6ilmaisin on helppo [&hellip;]","og_url":"https:\/\/www.duunauspalvelutjarvi.fi\/?product=nedis-wifids10wt","article_modified_time":"2022-07-23T19:10:36+00:00","og_image":[{"width":1200,"height":1200,"url":"https:\/\/www.duunauspalvelutjarvi.fi\/wp-content\/uploads\/2022\/07\/WIFIDS10WT_P59.jpg","type":"image\/jpeg"}],"twitter_card":"summary_large_image","twitter_misc":{"Arvioitu lukuaika":"2 minuuttia"},"schema":{"@context":"https:\/\/schema.org","@graph":[{"@type":"WebPage","@id":"https:\/\/www.duunauspalvelutjarvi.fi\/?product=nedis-wifids10wt","url":"https:\/\/www.duunauspalvelutjarvi.fi\/?product=nedis-wifids10wt","name":"Nedis WIFIDS10WT -","isPartOf":{"@id":"https:\/\/www.duunauspalvelutjarvi.fi\/#website"},"primaryImageOfPage":{"@id":"https:\/\/www.duunauspalvelutjarvi.fi\/?product=nedis-wifids10wt#primaryimage"},"image":{"@id":"https:\/\/www.duunauspalvelutjarvi.fi\/?product=nedis-wifids10wt#primaryimage"},"thumbnailUrl":"https:\/\/www.duunauspalvelutjarvi.fi\/wp-content\/uploads\/2022\/07\/WIFIDS10WT_P59.jpg","datePublished":"2022-07-23T18:49:37+00:00","dateModified":"2022-07-23T19:10:36+00:00","breadcrumb":{"@id":"https:\/\/www.duunauspalvelutjarvi.fi\/?product=nedis-wifids10wt#breadcrumb"},"inLanguage":"fi","potentialAction":[{"@type":"ReadAction","target":["https:\/\/www.duunauspalvelutjarvi.fi\/?product=nedis-wifids10wt"]}]},{"@type":"ImageObject","inLanguage":"fi","@id":"https:\/\/www.duunauspalvelutjarvi.fi\/?product=nedis-wifids10wt#primaryimage","url":"https:\/\/www.duunauspalvelutjarvi.fi\/wp-content\/uploads\/2022\/07\/WIFIDS10WT_P59.jpg","contentUrl":"https:\/\/www.duunauspalvelutjarvi.fi\/wp-content\/uploads\/2022\/07\/WIFIDS10WT_P59.jpg","width":1200,"height":1200},{"@type":"BreadcrumbList","@id":"https:\/\/www.duunauspalvelutjarvi.fi\/?product=nedis-wifids10wt#breadcrumb","itemListElement":[{"@type":"ListItem","position":1,"name":"Etusivu","item":"https:\/\/www.duunauspalvelutjarvi.fi\/"},{"@type":"ListItem","position":2,"name":"Etusivu","item":"https:\/\/www.duunauspalvelutjarvi.fi\/"},{"@type":"ListItem","position":3,"name":"Nedis WIFIDS10WT"}]},{"@type":"WebSite","@id":"https:\/\/www.duunauspalvelutjarvi.fi\/#website","url":"https:\/\/www.duunauspalvelutjarvi.fi\/","name":"","description":"","potentialAction":[{"@type":"SearchAction","target":{"@type":"EntryPoint","urlTemplate":"https:\/\/www.duunauspalvelutjarvi.fi\/?s={search_term_string}"},"query-input":{"@type":"PropertyValueSpecification","valueRequired":true,"valueName":"search_term_string"}}],"inLanguage":"fi"}]}},"jetpack_sharing_enabled":true,"_links":{"self":[{"href":"https:\/\/www.duunauspalvelutjarvi.fi\/index.php?rest_route=\/wp\/v2\/product\/13257","targetHints":{"allow":["GET"]}}],"collection":[{"href":"https:\/\/www.duunauspalvelutjarvi.fi\/index.php?rest_route=\/wp\/v2\/product"}],"about":[{"href":"https:\/\/www.duunauspalvelutjarvi.fi\/index.php?rest_route=\/wp\/v2\/types\/product"}],"replies":[{"embeddable":true,"href":"https:\/\/www.duunauspalvelutjarvi.fi\/index.php?rest_route=%2Fwp%2Fv2%2Fcomments&post=13257"}],"wp:featuredmedia":[{"embeddable":true,"href":"https:\/\/www.duunauspalvelutjarvi.fi\/index.php?rest_route=\/wp\/v2\/media\/13261"}],"wp:attachment":[{"href":"https:\/\/www.duunauspalvelutjarvi.fi\/index.php?rest_route=%2Fwp%2Fv2%2Fmedia&parent=13257"}],"wp:term":[{"taxonomy":"product_brand","embeddable":true,"href":"https:\/\/www.duunauspalvelutjarvi.fi\/index.php?rest_route=%2Fwp%2Fv2%2Fproduct_brand&post=13257"},{"taxonomy":"product_cat","embeddable":true,"href":"https:\/\/www.duunauspalvelutjarvi.fi\/index.php?rest_route=%2Fwp%2Fv2%2Fproduct_cat&post=13257"},{"taxonomy":"product_tag","embeddable":true,"href":"https:\/\/www.duunauspalvelutjarvi.fi\/index.php?rest_route=%2Fwp%2Fv2%2Fproduct_tag&post=13257"}],"curies":[{"name":"wp","href":"https:\/\/api.w.org\/{rel}","templated":true}]}}