{"id":13277,"date":"2022-07-23T22:04:28","date_gmt":"2022-07-23T19:04:28","guid":{"rendered":"https:\/\/www.duunauspalvelutjarvi.fi\/?post_type=product&#038;p=13277"},"modified":"2022-07-23T22:27:53","modified_gmt":"2022-07-23T19:27:53","slug":"nedis-wifip120fwt","status":"publish","type":"product","link":"https:\/\/www.duunauspalvelutjarvi.fi\/?product=nedis-wifip120fwt","title":{"rendered":"Nedis WIFIP120FWT"},"content":{"rendered":"<div class=\"container py-4 product--page\">\n<div id=\"product--page\" class=\"row\" data-tracking=\"{&quot;id&quot;:&quot;WIFIP120FWT&quot;,&quot;list&quot;:&quot;Smart Home&quot;,&quot;name&quot;:&quot;SmartLife Smart Plug | Wi-Fi | Power meter | 3680 W | Plug with earth contact \\\/ Type F (CEE 7\\\/7) | -20 - 50 \\u00b0C | Android\\u2122 \\\/ IOS | White&quot;,&quot;brand&quot;:&quot;Nedis&quot;,&quot;price&quot;:&quot;12.89&quot;,&quot;category&quot;:&quot;Security &amp; Safety\\\/Smart Home\\\/Power&quot;,&quot;variant&quot;:&quot;&quot;,&quot;quantity&quot;:1,&quot;dimension10&quot;:&quot;&quot;,&quot;dimension11&quot;:&quot;Normal&quot;,&quot;dimension12&quot;:&quot;Normal&quot;,&quot;position&quot;:&quot;&quot;}\" data-tracking-type=\"productDetail\">\n<div class=\"col-sm-12 col-md-12 col-lg-8 col-xl-9 mt-3\">\n<div class=\"row\">\n<div class=\"col-lg-12\">\n<div class=\"d-none d-lg-block\">\n<h1 class=\"mb-0\"><strong>SmartLife \u00c4lypistorasia<\/strong><\/h1>\n<p>Wi-Fi | Virtamittari | 3680 W | Maadoitettu virtaliitin \/ Tyyppi F (CEE 7\/7) | -20 &#8211; 50 \u00b0C | Android\u2122 \/ IOS | Valkoinen<\/p>\n<\/div>\n<\/div>\n<div class=\"col-md-7 col-lg-7 col-xl-8\">\n<div class=\"description\">\n<div class=\"d-flex flex-column\">\n<div class=\"position-relative\">\n<div class=\"\">\n<p class=\"p-0 m-0\">Hallitse useita s\u00e4hk\u00f6laitteita et\u00e4toiminnolla liitt\u00e4m\u00e4ll\u00e4 ne langattomaan \u00e4lypistokkeeseen ja yhdist\u00e4m\u00e4ll\u00e4 ne \u00e4lypuhelimeesi tai tablettiisi Wi-Fi-reitittimen kautta. \u00c4lypuhelinsovelluksen k\u00e4tev\u00e4n tehonvalvontatoiminnon avulla n\u00e4et yhdell\u00e4 silm\u00e4yksell\u00e4, paljonko s\u00e4hk\u00f6\u00e4 laite k\u00e4ytt\u00e4\u00e4 juuri nyt tai kuinka paljon s\u00e4hk\u00f6\u00e4 se on k\u00e4ytt\u00e4nyt ajan mittaan.<\/p>\n<p>Helppo asentaa<br \/>\nSinun ei tarvitse olla tekniikkanero eik\u00e4 s\u00e4hk\u00f6asentaja, ett\u00e4 voit ohjata ja automatisoida kodin s\u00e4hk\u00f6laitteita. Tarvitset vain \u00e4lypistokkeen ja Wi-Fi-reitittimen. Intuitiivisen sovelluksemme avulla voit kytke\u00e4 ja katkaista koneiden virran et\u00e4toiminnolla ja automaattisesti. Sit\u00e4 voi k\u00e4ytt\u00e4\u00e4 my\u00f6s \u00e4\u00e4niohjausj\u00e4rjestelmien, kuten Amazon Alexan tai Google Homen kanssa.<\/p>\n<p>Ajasta ja yhdist\u00e4<br \/>\nAjasta pistoke kytkem\u00e4\u00e4n laitteet p\u00e4\u00e4lle tai yhdist\u00e4 ne muihin, jotta voit luoda ymp\u00e4rist\u00f6lle asetuksia, jotka voidaan ottaa k\u00e4ytt\u00f6\u00f6n yhdell\u00e4 komennolla tai napin painalluksella.<\/p>\n<p>Valvo virrank\u00e4ytt\u00f6\u00e4<br \/>\nVoit n\u00e4hd\u00e4 kerralla kaikki laitteet, jotka kuluttavat liikaa virtaa, ja varmistaa, ett\u00e4 kotisi on \u00e4lyk\u00e4s ja energiatehokas.<\/p>\n<p>Nedis\u00ae SmartLife<br \/>\nL\u00f6yd\u00e4 laaja ja alati kasvava valikoima tuotteita, kuten polttimoita, katkaisijoita, pistorasioita, antureita ja kameroita, joita voi ohjata helppok\u00e4ytt\u00f6isell\u00e4 ja intuitiivisella sovelluksella. Koska \u00e4\u00e4niohjaus tukee Amazon Alexa- ja Google Home -j\u00e4rjestelmi\u00e4, etk\u00e4 tarvitse muuta kuin nykyisen Wi-Fi-verkkosi, saat yhdistetyn \u00e4lykodin helposti.<br \/>\nEtsitp\u00e4 sitten yksitt\u00e4ist\u00e4 \u00e4lypolttimoa tai -pistorasiaa tai haluat automatisoida koko kotisi, tutustu siihen, kuinka helposti saatavilla \u00e4lyteknologia on nyky\u00e4\u00e4n.<\/p>\n<\/div>\n<\/div>\n<\/div>\n<\/div>\n<div class=\"mt-3\"><strong class=\"d-block\">Ominaisuudet<\/strong><\/p>\n<p class=\"m-0\">\u2022 Voidaan k\u00e4ytt\u00e4\u00e4 erillisen\u00e4 tuotteena tai yhdist\u00e4\u00e4 helposti muihin Nedis\u00ae SmartLife -tuotteisiin \u2022 Mahdollistaa et\u00e4hallinnan ja automaattisen ohjauksen laitteiden ajastusta ja yhdist\u00e4mist\u00e4 varten \u2022 Tukee \u00e4\u00e4niohjausta Amazon Alexa- tai Google Home -j\u00e4rjestelmien kautta<\/p>\n<\/div>\n<\/div>\n<\/div>\n<\/div>\n<\/div>\n<\/div>\n<div id=\"info\" class=\"container py-4\">\n<div class=\"row\">\n<div class=\"col-sm-9 col-xl-8 offset-md-3 mobile-offset-none\">\n<div class=\"border-top-md-down py-4 py-md-0\">\n<h3 id=\"specifications\">Tuotteen tekniset tiedot<\/h3>\n<table class=\"table table-dashed-border\">\n<tbody>\n<tr>\n<th scope=\"row\">V\u00e4ri<\/th>\n<td>Valkoinen<\/td>\n<\/tr>\n<tr>\n<th scope=\"row\">Materiaali<\/th>\n<td>Muovi<\/td>\n<\/tr>\n<tr>\n<th scope=\"row\">Sopii k\u00e4ytett\u00e4v\u00e4ksi<\/th>\n<td>Nedis\u00ae SmartLife<\/td>\n<\/tr>\n<tr>\n<th scope=\"row\">Langaton tekniikka<\/th>\n<td>Wi-Fi<\/td>\n<\/tr>\n<tr>\n<th scope=\"row\">Maksimi l\u00e4hetysantennin vahvistus<\/th>\n<td>2 dBi<\/td>\n<\/tr>\n<tr>\n<th scope=\"row\">L\u00e4hetystaajuuden alue<\/th>\n<td>2412-2472 MHz<\/td>\n<\/tr>\n<tr>\n<th scope=\"row\">Virtamittari<\/th>\n<td>Kyll\u00e4<\/td>\n<\/tr>\n<tr>\n<th scope=\"row\">Tuloj\u00e4nnite<\/th>\n<td>230 VAC<\/td>\n<\/tr>\n<tr>\n<th scope=\"row\">Laitteen tulovirran liittimet<\/th>\n<td>Hybrid (CEE 7\/7)<\/td>\n<\/tr>\n<tr>\n<th scope=\"row\">Toimintal\u00e4mp\u00f6tila<\/th>\n<td>-20 &#8211; 50 \u00b0C<\/td>\n<\/tr>\n<tr>\n<th scope=\"row\">Maksimi l\u00e4hetysteho<\/th>\n<td>15.73 dBm<\/td>\n<\/tr>\n<tr>\n<th scope=\"row\">L\u00e4ht\u00f6teho<\/th>\n<td>3680 W<\/td>\n<\/tr>\n<tr>\n<th scope=\"row\">Tulovirta<\/th>\n<td>16 A<\/td>\n<\/tr>\n<tr>\n<th scope=\"row\">Sovellus saatavana kohteeseen<\/th>\n<td>Android\u2122<br \/>\nIOS<\/td>\n<\/tr>\n<tr>\n<th scope=\"row\">Virtapistoke<\/th>\n<td>Tyyppi F (CEE 7\/7)<\/td>\n<\/tr>\n<tr>\n<th scope=\"row\">Laitteen l\u00e4ht\u00f6virran liittimet<\/th>\n<td>Maadoitettu virtaliitin \/ Tyyppi F (CEE 7\/7)<\/td>\n<\/tr>\n<tr>\n<th scope=\"row\">Maadoituksen tyyppi<\/th>\n<td>Maadoitettu virtaliitin<\/td>\n<\/tr>\n<tr>\n<th scope=\"row\">Teema<\/th>\n<td>Talvi<\/td>\n<\/tr>\n<tr>\n<th scope=\"row\">L\u00e4ht\u00f6j\u00e4nnite<\/th>\n<td>230 V AC<\/td>\n<\/tr>\n<\/tbody>\n<\/table>\n<\/div>\n<\/div>\n<\/div>\n<\/div>\n","protected":false},"excerpt":{"rendered":"<p>SmartLife \u00c4lypistorasia Wi-Fi | Virtamittari | 3680 W | Maadoitettu virtaliitin \/ Tyyppi F (CEE 7\/7) | -20 &#8211; 50 \u00b0C | Android\u2122 \/ IOS | Valkoinen Hallitse useita s\u00e4hk\u00f6laitteita et\u00e4toiminnolla liitt\u00e4m\u00e4ll\u00e4 ne langattomaan \u00e4lypistokkeeseen ja yhdist\u00e4m\u00e4ll\u00e4 ne \u00e4lypuhelimeesi tai tablettiisi Wi-Fi-reitittimen kautta. \u00c4lypuhelinsovelluksen k\u00e4tev\u00e4n tehonvalvontatoiminnon avulla n\u00e4et yhdell\u00e4 silm\u00e4yksell\u00e4, paljonko s\u00e4hk\u00f6\u00e4 laite k\u00e4ytt\u00e4\u00e4 juuri [&hellip;]<\/p>\n","protected":false},"featured_media":13287,"comment_status":"open","ping_status":"closed","template":"","meta":[],"product_brand":[],"product_cat":[662],"product_tag":[],"class_list":{"0":"post-13277","1":"product","2":"type-product","3":"status-publish","4":"has-post-thumbnail","6":"product_cat-alykoti-valvonta","8":"first","9":"instock","10":"taxable","11":"shipping-taxable","12":"purchasable","13":"product-type-simple"},"yoast_head":"<!-- This site is optimized with the Yoast SEO plugin v27.4 - https:\/\/yoast.com\/product\/yoast-seo-wordpress\/ -->\n<title>Nedis WIFIP120FWT -<\/title>\n<meta name=\"robots\" content=\"index, follow, max-snippet:-1, max-image-preview:large, max-video-preview:-1\" \/>\n<link rel=\"canonical\" href=\"https:\/\/www.duunauspalvelutjarvi.fi\/?product=nedis-wifip120fwt\" \/>\n<meta property=\"og:locale\" content=\"fi_FI\" \/>\n<meta property=\"og:type\" content=\"article\" \/>\n<meta property=\"og:title\" content=\"Nedis WIFIP120FWT -\" \/>\n<meta property=\"og:description\" content=\"SmartLife \u00c4lypistorasia Wi-Fi | Virtamittari | 3680 W | Maadoitettu virtaliitin \/ Tyyppi F (CEE 7\/7) | -20 &#8211; 50 \u00b0C | Android\u2122 \/ IOS | Valkoinen Hallitse useita s\u00e4hk\u00f6laitteita et\u00e4toiminnolla liitt\u00e4m\u00e4ll\u00e4 ne langattomaan \u00e4lypistokkeeseen ja yhdist\u00e4m\u00e4ll\u00e4 ne \u00e4lypuhelimeesi tai tablettiisi Wi-Fi-reitittimen kautta. \u00c4lypuhelinsovelluksen k\u00e4tev\u00e4n tehonvalvontatoiminnon avulla n\u00e4et yhdell\u00e4 silm\u00e4yksell\u00e4, paljonko s\u00e4hk\u00f6\u00e4 laite k\u00e4ytt\u00e4\u00e4 juuri [&hellip;]\" \/>\n<meta property=\"og:url\" content=\"https:\/\/www.duunauspalvelutjarvi.fi\/?product=nedis-wifip120fwt\" \/>\n<meta property=\"article:modified_time\" content=\"2022-07-23T19:27:53+00:00\" \/>\n<meta property=\"og:image\" content=\"https:\/\/www.duunauspalvelutjarvi.fi\/wp-content\/uploads\/2022\/07\/WIFIP120FWT_P59.jpg\" \/>\n\t<meta property=\"og:image:width\" content=\"1200\" \/>\n\t<meta property=\"og:image:height\" content=\"1200\" \/>\n\t<meta property=\"og:image:type\" content=\"image\/jpeg\" \/>\n<meta name=\"twitter:card\" content=\"summary_large_image\" \/>\n<meta name=\"twitter:label1\" content=\"Arvioitu lukuaika\" \/>\n\t<meta name=\"twitter:data1\" content=\"2 minuuttia\" \/>\n<script type=\"application\/ld+json\" class=\"yoast-schema-graph\">{\"@context\":\"https:\\\/\\\/schema.org\",\"@graph\":[{\"@type\":\"WebPage\",\"@id\":\"https:\\\/\\\/www.duunauspalvelutjarvi.fi\\\/?product=nedis-wifip120fwt\",\"url\":\"https:\\\/\\\/www.duunauspalvelutjarvi.fi\\\/?product=nedis-wifip120fwt\",\"name\":\"Nedis WIFIP120FWT -\",\"isPartOf\":{\"@id\":\"https:\\\/\\\/www.duunauspalvelutjarvi.fi\\\/#website\"},\"primaryImageOfPage\":{\"@id\":\"https:\\\/\\\/www.duunauspalvelutjarvi.fi\\\/?product=nedis-wifip120fwt#primaryimage\"},\"image\":{\"@id\":\"https:\\\/\\\/www.duunauspalvelutjarvi.fi\\\/?product=nedis-wifip120fwt#primaryimage\"},\"thumbnailUrl\":\"https:\\\/\\\/www.duunauspalvelutjarvi.fi\\\/wp-content\\\/uploads\\\/2022\\\/07\\\/WIFIP120FWT_P59.jpg\",\"datePublished\":\"2022-07-23T19:04:28+00:00\",\"dateModified\":\"2022-07-23T19:27:53+00:00\",\"breadcrumb\":{\"@id\":\"https:\\\/\\\/www.duunauspalvelutjarvi.fi\\\/?product=nedis-wifip120fwt#breadcrumb\"},\"inLanguage\":\"fi\",\"potentialAction\":[{\"@type\":\"ReadAction\",\"target\":[\"https:\\\/\\\/www.duunauspalvelutjarvi.fi\\\/?product=nedis-wifip120fwt\"]}]},{\"@type\":\"ImageObject\",\"inLanguage\":\"fi\",\"@id\":\"https:\\\/\\\/www.duunauspalvelutjarvi.fi\\\/?product=nedis-wifip120fwt#primaryimage\",\"url\":\"https:\\\/\\\/www.duunauspalvelutjarvi.fi\\\/wp-content\\\/uploads\\\/2022\\\/07\\\/WIFIP120FWT_P59.jpg\",\"contentUrl\":\"https:\\\/\\\/www.duunauspalvelutjarvi.fi\\\/wp-content\\\/uploads\\\/2022\\\/07\\\/WIFIP120FWT_P59.jpg\",\"width\":1200,\"height\":1200},{\"@type\":\"BreadcrumbList\",\"@id\":\"https:\\\/\\\/www.duunauspalvelutjarvi.fi\\\/?product=nedis-wifip120fwt#breadcrumb\",\"itemListElement\":[{\"@type\":\"ListItem\",\"position\":1,\"name\":\"Etusivu\",\"item\":\"https:\\\/\\\/www.duunauspalvelutjarvi.fi\\\/\"},{\"@type\":\"ListItem\",\"position\":2,\"name\":\"Etusivu\",\"item\":\"https:\\\/\\\/www.duunauspalvelutjarvi.fi\\\/\"},{\"@type\":\"ListItem\",\"position\":3,\"name\":\"Nedis WIFIP120FWT\"}]},{\"@type\":\"WebSite\",\"@id\":\"https:\\\/\\\/www.duunauspalvelutjarvi.fi\\\/#website\",\"url\":\"https:\\\/\\\/www.duunauspalvelutjarvi.fi\\\/\",\"name\":\"\",\"description\":\"\",\"potentialAction\":[{\"@type\":\"SearchAction\",\"target\":{\"@type\":\"EntryPoint\",\"urlTemplate\":\"https:\\\/\\\/www.duunauspalvelutjarvi.fi\\\/?s={search_term_string}\"},\"query-input\":{\"@type\":\"PropertyValueSpecification\",\"valueRequired\":true,\"valueName\":\"search_term_string\"}}],\"inLanguage\":\"fi\"}]}<\/script>\n<!-- \/ Yoast SEO plugin. -->","yoast_head_json":{"title":"Nedis WIFIP120FWT -","robots":{"index":"index","follow":"follow","max-snippet":"max-snippet:-1","max-image-preview":"max-image-preview:large","max-video-preview":"max-video-preview:-1"},"canonical":"https:\/\/www.duunauspalvelutjarvi.fi\/?product=nedis-wifip120fwt","og_locale":"fi_FI","og_type":"article","og_title":"Nedis WIFIP120FWT -","og_description":"SmartLife \u00c4lypistorasia Wi-Fi | Virtamittari | 3680 W | Maadoitettu virtaliitin \/ Tyyppi F (CEE 7\/7) | -20 &#8211; 50 \u00b0C | Android\u2122 \/ IOS | Valkoinen Hallitse useita s\u00e4hk\u00f6laitteita et\u00e4toiminnolla liitt\u00e4m\u00e4ll\u00e4 ne langattomaan \u00e4lypistokkeeseen ja yhdist\u00e4m\u00e4ll\u00e4 ne \u00e4lypuhelimeesi tai tablettiisi Wi-Fi-reitittimen kautta. \u00c4lypuhelinsovelluksen k\u00e4tev\u00e4n tehonvalvontatoiminnon avulla n\u00e4et yhdell\u00e4 silm\u00e4yksell\u00e4, paljonko s\u00e4hk\u00f6\u00e4 laite k\u00e4ytt\u00e4\u00e4 juuri [&hellip;]","og_url":"https:\/\/www.duunauspalvelutjarvi.fi\/?product=nedis-wifip120fwt","article_modified_time":"2022-07-23T19:27:53+00:00","og_image":[{"width":1200,"height":1200,"url":"https:\/\/www.duunauspalvelutjarvi.fi\/wp-content\/uploads\/2022\/07\/WIFIP120FWT_P59.jpg","type":"image\/jpeg"}],"twitter_card":"summary_large_image","twitter_misc":{"Arvioitu lukuaika":"2 minuuttia"},"schema":{"@context":"https:\/\/schema.org","@graph":[{"@type":"WebPage","@id":"https:\/\/www.duunauspalvelutjarvi.fi\/?product=nedis-wifip120fwt","url":"https:\/\/www.duunauspalvelutjarvi.fi\/?product=nedis-wifip120fwt","name":"Nedis WIFIP120FWT -","isPartOf":{"@id":"https:\/\/www.duunauspalvelutjarvi.fi\/#website"},"primaryImageOfPage":{"@id":"https:\/\/www.duunauspalvelutjarvi.fi\/?product=nedis-wifip120fwt#primaryimage"},"image":{"@id":"https:\/\/www.duunauspalvelutjarvi.fi\/?product=nedis-wifip120fwt#primaryimage"},"thumbnailUrl":"https:\/\/www.duunauspalvelutjarvi.fi\/wp-content\/uploads\/2022\/07\/WIFIP120FWT_P59.jpg","datePublished":"2022-07-23T19:04:28+00:00","dateModified":"2022-07-23T19:27:53+00:00","breadcrumb":{"@id":"https:\/\/www.duunauspalvelutjarvi.fi\/?product=nedis-wifip120fwt#breadcrumb"},"inLanguage":"fi","potentialAction":[{"@type":"ReadAction","target":["https:\/\/www.duunauspalvelutjarvi.fi\/?product=nedis-wifip120fwt"]}]},{"@type":"ImageObject","inLanguage":"fi","@id":"https:\/\/www.duunauspalvelutjarvi.fi\/?product=nedis-wifip120fwt#primaryimage","url":"https:\/\/www.duunauspalvelutjarvi.fi\/wp-content\/uploads\/2022\/07\/WIFIP120FWT_P59.jpg","contentUrl":"https:\/\/www.duunauspalvelutjarvi.fi\/wp-content\/uploads\/2022\/07\/WIFIP120FWT_P59.jpg","width":1200,"height":1200},{"@type":"BreadcrumbList","@id":"https:\/\/www.duunauspalvelutjarvi.fi\/?product=nedis-wifip120fwt#breadcrumb","itemListElement":[{"@type":"ListItem","position":1,"name":"Etusivu","item":"https:\/\/www.duunauspalvelutjarvi.fi\/"},{"@type":"ListItem","position":2,"name":"Etusivu","item":"https:\/\/www.duunauspalvelutjarvi.fi\/"},{"@type":"ListItem","position":3,"name":"Nedis WIFIP120FWT"}]},{"@type":"WebSite","@id":"https:\/\/www.duunauspalvelutjarvi.fi\/#website","url":"https:\/\/www.duunauspalvelutjarvi.fi\/","name":"","description":"","potentialAction":[{"@type":"SearchAction","target":{"@type":"EntryPoint","urlTemplate":"https:\/\/www.duunauspalvelutjarvi.fi\/?s={search_term_string}"},"query-input":{"@type":"PropertyValueSpecification","valueRequired":true,"valueName":"search_term_string"}}],"inLanguage":"fi"}]}},"jetpack_sharing_enabled":true,"_links":{"self":[{"href":"https:\/\/www.duunauspalvelutjarvi.fi\/index.php?rest_route=\/wp\/v2\/product\/13277","targetHints":{"allow":["GET"]}}],"collection":[{"href":"https:\/\/www.duunauspalvelutjarvi.fi\/index.php?rest_route=\/wp\/v2\/product"}],"about":[{"href":"https:\/\/www.duunauspalvelutjarvi.fi\/index.php?rest_route=\/wp\/v2\/types\/product"}],"replies":[{"embeddable":true,"href":"https:\/\/www.duunauspalvelutjarvi.fi\/index.php?rest_route=%2Fwp%2Fv2%2Fcomments&post=13277"}],"wp:featuredmedia":[{"embeddable":true,"href":"https:\/\/www.duunauspalvelutjarvi.fi\/index.php?rest_route=\/wp\/v2\/media\/13287"}],"wp:attachment":[{"href":"https:\/\/www.duunauspalvelutjarvi.fi\/index.php?rest_route=%2Fwp%2Fv2%2Fmedia&parent=13277"}],"wp:term":[{"taxonomy":"product_brand","embeddable":true,"href":"https:\/\/www.duunauspalvelutjarvi.fi\/index.php?rest_route=%2Fwp%2Fv2%2Fproduct_brand&post=13277"},{"taxonomy":"product_cat","embeddable":true,"href":"https:\/\/www.duunauspalvelutjarvi.fi\/index.php?rest_route=%2Fwp%2Fv2%2Fproduct_cat&post=13277"},{"taxonomy":"product_tag","embeddable":true,"href":"https:\/\/www.duunauspalvelutjarvi.fi\/index.php?rest_route=%2Fwp%2Fv2%2Fproduct_tag&post=13277"}],"curies":[{"name":"wp","href":"https:\/\/api.w.org\/{rel}","templated":true}]}}