{"id":13946,"date":"2022-12-12T22:52:39","date_gmt":"2022-12-12T20:52:39","guid":{"rendered":"https:\/\/www.duunauspalvelutjarvi.fi\/?post_type=product&#038;p=13946"},"modified":"2024-03-24T21:07:33","modified_gmt":"2024-03-24T19:07:33","slug":"brother-multipack-tn243cmyk","status":"publish","type":"product","link":"https:\/\/www.duunauspalvelutjarvi.fi\/?product=brother-multipack-tn243cmyk","title":{"rendered":"BROTHER Multipack TN243CMYK"},"content":{"rendered":"<table class=\"main_tech materialNo_3093985\" style=\"height: 744px;\" width=\"1797\">\n<tbody>\n<tr>\n<td class=\"click_path\" colspan=\"2\">\u00a0Kuvaus<\/td>\n<\/tr>\n<tr class=\"even\">\n<td colspan=\"2\">Alkuper\u00e4isten Brother-v\u00e4rikasettien vaihtaminen on huoletonta ja edullista, kun ostat TN243CMYK 4-v\u00e4ripakkauksen. Tulostimesi toimii odotetusti ja tuottaa tulosteesi tarkkoina ja korkealaatuisina.<br \/>\nTN243CMYK 4-v\u00e4ripakkauksen sis\u00e4lt\u00f6:<br \/>\nN\u00e4pp\u00e4r\u00e4\u00e4 TN243CMYK 4-v\u00e4ripakkausta k\u00e4ytt\u00e4m\u00e4ll\u00e4 tulostat kustannustehokkaasti ja saat vastinetta rahallesi. Alkuper\u00e4isi\u00e4 v\u00e4rej\u00e4 k\u00e4ytt\u00e4m\u00e4ll\u00e4 voit my\u00f6s varmistaa, ett\u00e4 tulostimesi toimii parhaalla mahdollisella tavalla.<\/td>\n<\/tr>\n<tr>\n<td class=\"click_path\" colspan=\"2\">\u00a0Ominaisuudet<\/td>\n<\/tr>\n<tr class=\"even\">\n<td colspan=\"2\">\n<ul>\n<li>Tulostaa jopa 1000 sivua ISO\/IEC 19798 -standardin mukaisesti<\/li>\n<li>Syaani, magenta, keltainen ja musta v\u00e4rikasetti samassa paketissa<\/li>\n<li>Korkealaatuinen alkuper\u00e4inen Brother-v\u00e4rikasetti<\/li>\n<\/ul>\n<\/td>\n<\/tr>\n<tr>\n<td class=\"click_path\" colspan=\"2\">Tuote:<\/td>\n<\/tr>\n<tr class=\"odd\">\n<td class=\"first\">Tuotenimike:<\/td>\n<td>BROTHER Multipack TN243CMYK<\/td>\n<\/tr>\n<tr class=\"even\">\n<td class=\"first\">Kuvaus:<\/td>\n<td>Brother TN243CMYK Value Pack &#8211; 4 pakettia &#8211; musta, keltainen, sinivihre\u00e4, magenta &#8211; alkuper\u00e4inen &#8211; v\u00e4riainekasetti malleihin Brother DCP-L3510, L3517, L3550, HL-L3210, L3230, L3270, MFC-L3710, L3730, L3750, L3770<\/td>\n<\/tr>\n<tr class=\"odd\">\n<td class=\"first\">EAN-koodi:<\/td>\n<td>4977766787611<\/td>\n<\/tr>\n<tr class=\"even\">\n<td>Valmistajan takuu:<\/td>\n<td>12 kuukauden vienti takuu<\/td>\n<\/tr>\n<tr>\n<td class=\"click_path\" colspan=\"2\">\u00a0Kulutustavara<\/td>\n<\/tr>\n<tr class=\"even\">\n<td class=\"first\">Kulutustarviketyyppi:<\/td>\n<td>V\u00e4riainekasetti<\/td>\n<\/tr>\n<tr class=\"odd\">\n<td class=\"first\">Tulostusteknologia:<\/td>\n<td>Laser<\/td>\n<\/tr>\n<tr class=\"even\">\n<td class=\"first\">V\u00e4ri:<\/td>\n<td>Musta, keltainen, sinivihre\u00e4, magenta<\/td>\n<\/tr>\n<tr class=\"odd\">\n<td class=\"first\">Sis\u00e4ltyv\u00e4 m\u00e4\u00e4r\u00e4:<\/td>\n<td>4 pakettia<\/td>\n<\/tr>\n<tr class=\"even\">\n<td class=\"first\">Tuotto:<\/td>\n<td>Jopa 1 000 sivua ISO\/IEC 19798<\/td>\n<\/tr>\n<tr class=\"odd\">\n<td class=\"first\">Sis\u00e4ltyv\u00e4t tarvikkeet:<\/td>\n<td>1 x v\u00e4rikasetti (musta) &#8211; jopa 1 000 sivua<br \/>\n1 x v\u00e4rikasetti (magenta) &#8211; jopa 1 000 sivua<br \/>\n1 x v\u00e4rikasetti (sinivihre\u00e4) &#8211; jopa 1 000 sivua<br \/>\n1 x v\u00e4rikasetti (keltainen) &#8211; jopa 1 000 sivua<\/td>\n<\/tr>\n<tr>\n<td class=\"click_path\" colspan=\"2\">\u00a0Yhteensopivuustiedot<\/td>\n<\/tr>\n<tr class=\"even\">\n<td class=\"first\">Yhteensopivuus::<\/td>\n<td>Brother DCP-L3510CDW, DCP-L3517CDW, DCP-L3550CDW, DCP-L3550DW, HL-L3210CW, HL-L3230CDW, HL-L3270CDW, MFC-L3710CW, MFC-L3730CDN, MFC-L3750CDW, MFC-L3770CDW<\/td>\n<\/tr>\n<\/tbody>\n<\/table>\n<p>Tekniset tiedot tarjoaa kolmas osapuoli. Emme vastaa virheellisist\u00e4 tiedoista.<\/p>\n","protected":false},"excerpt":{"rendered":"<p>\u00a0Kuvaus Alkuper\u00e4isten Brother-v\u00e4rikasettien vaihtaminen on huoletonta ja edullista, kun ostat TN243CMYK 4-v\u00e4ripakkauksen. Tulostimesi toimii odotetusti ja tuottaa tulosteesi tarkkoina ja korkealaatuisina. TN243CMYK 4-v\u00e4ripakkauksen sis\u00e4lt\u00f6: N\u00e4pp\u00e4r\u00e4\u00e4 TN243CMYK 4-v\u00e4ripakkausta k\u00e4ytt\u00e4m\u00e4ll\u00e4 tulostat kustannustehokkaasti ja saat vastinetta rahallesi. Alkuper\u00e4isi\u00e4 v\u00e4rej\u00e4 k\u00e4ytt\u00e4m\u00e4ll\u00e4 voit my\u00f6s varmistaa, ett\u00e4 tulostimesi toimii parhaalla mahdollisella tavalla. \u00a0Ominaisuudet Tulostaa jopa 1000 sivua ISO\/IEC 19798 -standardin mukaisesti [&hellip;]<\/p>\n","protected":false},"featured_media":13953,"comment_status":"open","ping_status":"closed","template":"","meta":[],"product_brand":[],"product_cat":[455],"product_tag":[],"class_list":{"0":"post-13946","1":"product","2":"type-product","3":"status-publish","4":"has-post-thumbnail","6":"product_cat-laservarit","8":"first","9":"instock","10":"taxable","11":"shipping-taxable","12":"purchasable","13":"product-type-simple"},"yoast_head":"<!-- This site is optimized with the Yoast SEO plugin v27.5 - https:\/\/yoast.com\/product\/yoast-seo-wordpress\/ -->\n<title>BROTHER Multipack TN243CMYK -<\/title>\n<meta name=\"robots\" content=\"index, follow, max-snippet:-1, max-image-preview:large, max-video-preview:-1\" \/>\n<link rel=\"canonical\" href=\"https:\/\/www.duunauspalvelutjarvi.fi\/?product=brother-multipack-tn243cmyk\" \/>\n<meta property=\"og:locale\" content=\"fi_FI\" \/>\n<meta property=\"og:type\" content=\"article\" \/>\n<meta property=\"og:title\" content=\"BROTHER Multipack TN243CMYK -\" \/>\n<meta property=\"og:description\" content=\"\u00a0Kuvaus Alkuper\u00e4isten Brother-v\u00e4rikasettien vaihtaminen on huoletonta ja edullista, kun ostat TN243CMYK 4-v\u00e4ripakkauksen. Tulostimesi toimii odotetusti ja tuottaa tulosteesi tarkkoina ja korkealaatuisina. TN243CMYK 4-v\u00e4ripakkauksen sis\u00e4lt\u00f6: N\u00e4pp\u00e4r\u00e4\u00e4 TN243CMYK 4-v\u00e4ripakkausta k\u00e4ytt\u00e4m\u00e4ll\u00e4 tulostat kustannustehokkaasti ja saat vastinetta rahallesi. Alkuper\u00e4isi\u00e4 v\u00e4rej\u00e4 k\u00e4ytt\u00e4m\u00e4ll\u00e4 voit my\u00f6s varmistaa, ett\u00e4 tulostimesi toimii parhaalla mahdollisella tavalla. \u00a0Ominaisuudet Tulostaa jopa 1000 sivua ISO\/IEC 19798 -standardin mukaisesti [&hellip;]\" \/>\n<meta property=\"og:url\" content=\"https:\/\/www.duunauspalvelutjarvi.fi\/?product=brother-multipack-tn243cmyk\" \/>\n<meta property=\"article:modified_time\" content=\"2024-03-24T19:07:33+00:00\" \/>\n<meta property=\"og:image\" content=\"https:\/\/www.duunauspalvelutjarvi.fi\/wp-content\/uploads\/2022\/12\/524dc67c-a01c-46bc-bf21-66fed3d8add6.jpg\" \/>\n\t<meta property=\"og:image:width\" content=\"640\" \/>\n\t<meta property=\"og:image:height\" content=\"480\" \/>\n\t<meta property=\"og:image:type\" content=\"image\/jpeg\" \/>\n<meta name=\"twitter:card\" content=\"summary_large_image\" \/>\n<meta name=\"twitter:label1\" content=\"Arvioitu lukuaika\" \/>\n\t<meta name=\"twitter:data1\" content=\"1 minuutti\" \/>\n<script type=\"application\/ld+json\" class=\"yoast-schema-graph\">{\"@context\":\"https:\\\/\\\/schema.org\",\"@graph\":[{\"@type\":\"WebPage\",\"@id\":\"https:\\\/\\\/www.duunauspalvelutjarvi.fi\\\/?product=brother-multipack-tn243cmyk\",\"url\":\"https:\\\/\\\/www.duunauspalvelutjarvi.fi\\\/?product=brother-multipack-tn243cmyk\",\"name\":\"BROTHER Multipack TN243CMYK -\",\"isPartOf\":{\"@id\":\"https:\\\/\\\/www.duunauspalvelutjarvi.fi\\\/#website\"},\"primaryImageOfPage\":{\"@id\":\"https:\\\/\\\/www.duunauspalvelutjarvi.fi\\\/?product=brother-multipack-tn243cmyk#primaryimage\"},\"image\":{\"@id\":\"https:\\\/\\\/www.duunauspalvelutjarvi.fi\\\/?product=brother-multipack-tn243cmyk#primaryimage\"},\"thumbnailUrl\":\"https:\\\/\\\/www.duunauspalvelutjarvi.fi\\\/wp-content\\\/uploads\\\/2022\\\/12\\\/524dc67c-a01c-46bc-bf21-66fed3d8add6.jpg\",\"datePublished\":\"2022-12-12T20:52:39+00:00\",\"dateModified\":\"2024-03-24T19:07:33+00:00\",\"breadcrumb\":{\"@id\":\"https:\\\/\\\/www.duunauspalvelutjarvi.fi\\\/?product=brother-multipack-tn243cmyk#breadcrumb\"},\"inLanguage\":\"fi\",\"potentialAction\":[{\"@type\":\"ReadAction\",\"target\":[\"https:\\\/\\\/www.duunauspalvelutjarvi.fi\\\/?product=brother-multipack-tn243cmyk\"]}]},{\"@type\":\"ImageObject\",\"inLanguage\":\"fi\",\"@id\":\"https:\\\/\\\/www.duunauspalvelutjarvi.fi\\\/?product=brother-multipack-tn243cmyk#primaryimage\",\"url\":\"https:\\\/\\\/www.duunauspalvelutjarvi.fi\\\/wp-content\\\/uploads\\\/2022\\\/12\\\/524dc67c-a01c-46bc-bf21-66fed3d8add6.jpg\",\"contentUrl\":\"https:\\\/\\\/www.duunauspalvelutjarvi.fi\\\/wp-content\\\/uploads\\\/2022\\\/12\\\/524dc67c-a01c-46bc-bf21-66fed3d8add6.jpg\",\"width\":640,\"height\":480},{\"@type\":\"BreadcrumbList\",\"@id\":\"https:\\\/\\\/www.duunauspalvelutjarvi.fi\\\/?product=brother-multipack-tn243cmyk#breadcrumb\",\"itemListElement\":[{\"@type\":\"ListItem\",\"position\":1,\"name\":\"Etusivu\",\"item\":\"https:\\\/\\\/www.duunauspalvelutjarvi.fi\\\/\"},{\"@type\":\"ListItem\",\"position\":2,\"name\":\"Etusivu\",\"item\":\"https:\\\/\\\/www.duunauspalvelutjarvi.fi\\\/\"},{\"@type\":\"ListItem\",\"position\":3,\"name\":\"BROTHER Multipack TN243CMYK\"}]},{\"@type\":\"WebSite\",\"@id\":\"https:\\\/\\\/www.duunauspalvelutjarvi.fi\\\/#website\",\"url\":\"https:\\\/\\\/www.duunauspalvelutjarvi.fi\\\/\",\"name\":\"\",\"description\":\"\",\"potentialAction\":[{\"@type\":\"SearchAction\",\"target\":{\"@type\":\"EntryPoint\",\"urlTemplate\":\"https:\\\/\\\/www.duunauspalvelutjarvi.fi\\\/?s={search_term_string}\"},\"query-input\":{\"@type\":\"PropertyValueSpecification\",\"valueRequired\":true,\"valueName\":\"search_term_string\"}}],\"inLanguage\":\"fi\"}]}<\/script>\n<!-- \/ Yoast SEO plugin. -->","yoast_head_json":{"title":"BROTHER Multipack TN243CMYK -","robots":{"index":"index","follow":"follow","max-snippet":"max-snippet:-1","max-image-preview":"max-image-preview:large","max-video-preview":"max-video-preview:-1"},"canonical":"https:\/\/www.duunauspalvelutjarvi.fi\/?product=brother-multipack-tn243cmyk","og_locale":"fi_FI","og_type":"article","og_title":"BROTHER Multipack TN243CMYK -","og_description":"\u00a0Kuvaus Alkuper\u00e4isten Brother-v\u00e4rikasettien vaihtaminen on huoletonta ja edullista, kun ostat TN243CMYK 4-v\u00e4ripakkauksen. Tulostimesi toimii odotetusti ja tuottaa tulosteesi tarkkoina ja korkealaatuisina. TN243CMYK 4-v\u00e4ripakkauksen sis\u00e4lt\u00f6: N\u00e4pp\u00e4r\u00e4\u00e4 TN243CMYK 4-v\u00e4ripakkausta k\u00e4ytt\u00e4m\u00e4ll\u00e4 tulostat kustannustehokkaasti ja saat vastinetta rahallesi. Alkuper\u00e4isi\u00e4 v\u00e4rej\u00e4 k\u00e4ytt\u00e4m\u00e4ll\u00e4 voit my\u00f6s varmistaa, ett\u00e4 tulostimesi toimii parhaalla mahdollisella tavalla. \u00a0Ominaisuudet Tulostaa jopa 1000 sivua ISO\/IEC 19798 -standardin mukaisesti [&hellip;]","og_url":"https:\/\/www.duunauspalvelutjarvi.fi\/?product=brother-multipack-tn243cmyk","article_modified_time":"2024-03-24T19:07:33+00:00","og_image":[{"width":640,"height":480,"url":"https:\/\/www.duunauspalvelutjarvi.fi\/wp-content\/uploads\/2022\/12\/524dc67c-a01c-46bc-bf21-66fed3d8add6.jpg","type":"image\/jpeg"}],"twitter_card":"summary_large_image","twitter_misc":{"Arvioitu lukuaika":"1 minuutti"},"schema":{"@context":"https:\/\/schema.org","@graph":[{"@type":"WebPage","@id":"https:\/\/www.duunauspalvelutjarvi.fi\/?product=brother-multipack-tn243cmyk","url":"https:\/\/www.duunauspalvelutjarvi.fi\/?product=brother-multipack-tn243cmyk","name":"BROTHER Multipack TN243CMYK -","isPartOf":{"@id":"https:\/\/www.duunauspalvelutjarvi.fi\/#website"},"primaryImageOfPage":{"@id":"https:\/\/www.duunauspalvelutjarvi.fi\/?product=brother-multipack-tn243cmyk#primaryimage"},"image":{"@id":"https:\/\/www.duunauspalvelutjarvi.fi\/?product=brother-multipack-tn243cmyk#primaryimage"},"thumbnailUrl":"https:\/\/www.duunauspalvelutjarvi.fi\/wp-content\/uploads\/2022\/12\/524dc67c-a01c-46bc-bf21-66fed3d8add6.jpg","datePublished":"2022-12-12T20:52:39+00:00","dateModified":"2024-03-24T19:07:33+00:00","breadcrumb":{"@id":"https:\/\/www.duunauspalvelutjarvi.fi\/?product=brother-multipack-tn243cmyk#breadcrumb"},"inLanguage":"fi","potentialAction":[{"@type":"ReadAction","target":["https:\/\/www.duunauspalvelutjarvi.fi\/?product=brother-multipack-tn243cmyk"]}]},{"@type":"ImageObject","inLanguage":"fi","@id":"https:\/\/www.duunauspalvelutjarvi.fi\/?product=brother-multipack-tn243cmyk#primaryimage","url":"https:\/\/www.duunauspalvelutjarvi.fi\/wp-content\/uploads\/2022\/12\/524dc67c-a01c-46bc-bf21-66fed3d8add6.jpg","contentUrl":"https:\/\/www.duunauspalvelutjarvi.fi\/wp-content\/uploads\/2022\/12\/524dc67c-a01c-46bc-bf21-66fed3d8add6.jpg","width":640,"height":480},{"@type":"BreadcrumbList","@id":"https:\/\/www.duunauspalvelutjarvi.fi\/?product=brother-multipack-tn243cmyk#breadcrumb","itemListElement":[{"@type":"ListItem","position":1,"name":"Etusivu","item":"https:\/\/www.duunauspalvelutjarvi.fi\/"},{"@type":"ListItem","position":2,"name":"Etusivu","item":"https:\/\/www.duunauspalvelutjarvi.fi\/"},{"@type":"ListItem","position":3,"name":"BROTHER Multipack TN243CMYK"}]},{"@type":"WebSite","@id":"https:\/\/www.duunauspalvelutjarvi.fi\/#website","url":"https:\/\/www.duunauspalvelutjarvi.fi\/","name":"","description":"","potentialAction":[{"@type":"SearchAction","target":{"@type":"EntryPoint","urlTemplate":"https:\/\/www.duunauspalvelutjarvi.fi\/?s={search_term_string}"},"query-input":{"@type":"PropertyValueSpecification","valueRequired":true,"valueName":"search_term_string"}}],"inLanguage":"fi"}]}},"jetpack_sharing_enabled":true,"_links":{"self":[{"href":"https:\/\/www.duunauspalvelutjarvi.fi\/index.php?rest_route=\/wp\/v2\/product\/13946","targetHints":{"allow":["GET"]}}],"collection":[{"href":"https:\/\/www.duunauspalvelutjarvi.fi\/index.php?rest_route=\/wp\/v2\/product"}],"about":[{"href":"https:\/\/www.duunauspalvelutjarvi.fi\/index.php?rest_route=\/wp\/v2\/types\/product"}],"replies":[{"embeddable":true,"href":"https:\/\/www.duunauspalvelutjarvi.fi\/index.php?rest_route=%2Fwp%2Fv2%2Fcomments&post=13946"}],"wp:featuredmedia":[{"embeddable":true,"href":"https:\/\/www.duunauspalvelutjarvi.fi\/index.php?rest_route=\/wp\/v2\/media\/13953"}],"wp:attachment":[{"href":"https:\/\/www.duunauspalvelutjarvi.fi\/index.php?rest_route=%2Fwp%2Fv2%2Fmedia&parent=13946"}],"wp:term":[{"taxonomy":"product_brand","embeddable":true,"href":"https:\/\/www.duunauspalvelutjarvi.fi\/index.php?rest_route=%2Fwp%2Fv2%2Fproduct_brand&post=13946"},{"taxonomy":"product_cat","embeddable":true,"href":"https:\/\/www.duunauspalvelutjarvi.fi\/index.php?rest_route=%2Fwp%2Fv2%2Fproduct_cat&post=13946"},{"taxonomy":"product_tag","embeddable":true,"href":"https:\/\/www.duunauspalvelutjarvi.fi\/index.php?rest_route=%2Fwp%2Fv2%2Fproduct_tag&post=13946"}],"curies":[{"name":"wp","href":"https:\/\/api.w.org\/{rel}","templated":true}]}}