{"id":14116,"date":"2023-01-10T21:32:15","date_gmt":"2023-01-10T19:32:15","guid":{"rendered":"https:\/\/www.duunauspalvelutjarvi.fi\/?post_type=product&#038;p=14116"},"modified":"2025-10-09T11:41:14","modified_gmt":"2025-10-09T08:41:14","slug":"luminalights-hex-20w-led-tyovalo","status":"publish","type":"product","link":"https:\/\/www.duunauspalvelutjarvi.fi\/?product=luminalights-hex-20w-led-tyovalo","title":{"rendered":"LuminaLights HEX 20W led-ty\u00f6valo"},"content":{"rendered":"<div class=\"col-12 col-lg-10\">\n<div class=\"ProductPageContent__description\">\n<div class=\"WysiwygContent\">\n<p>LuminaLights HEX tarjoaa uusimmalla tekniikalla toteutetut eritt\u00e4in tyylikk\u00e4\u00e4t sek\u00e4 kest\u00e4v\u00e4t LED-ty\u00f6valot. Kehykset\u00f6n rakenne ehk\u00e4isee lumen sek\u00e4 lian kertymist\u00e4 ty\u00f6valon linssille. Polykarbonaatista valmistettu linssi on eritt\u00e4in vahva eik\u00e4 ole vaarassa hajota l\u00e4mp\u00f6tilavaihteluiden vuoksi. Kompaktin kokonsa ansiosta t\u00e4m\u00e4 HEX-sarjan pienimmys sopii perinteisten asennuskohteiden lis\u00e4ksi my\u00f6s ahtaampiin paikkoihin, joissa ty\u00f6valon fyysinen koko on ratkaisevassa osassa.<\/p>\n<p>Suosittelen 5\/5<\/p>\n<\/div>\n<\/div>\n<\/div>\n<div class=\"ProductPageContent__description-details col-sm-12 col-lg-2\">\n<h6>Lis\u00e4tiedot<\/h6>\n<div>\n<div class=\"ProductExtraInfo ProductExtraInfo--single-column\">\n<ul class=\"inline-dot\">\n<li class=\"ProductExtraInfo--warranty\"><span class=\"ProductWarranty\">Takuu:\u00a0<span class=\"ProductWarranty__warranty\">2 vuotta<\/span><\/span><\/li>\n<li class=\"ProductExtraInfo--property-4\">V\u00e4ril\u00e4mp\u00f6tila:\u00a05700<\/li>\n<li class=\"ProductExtraInfo--property-5\">Valokuvio:\u00a0Kapea<\/li>\n<li class=\"ProductExtraInfo--property-13\">Kaapelin pituus:\u00a0500mm<\/li>\n<li class=\"ProductExtraInfo--property-59\">Ip-luokitus:\u00a0IP68<\/li>\n<li class=\"ProductExtraInfo--property-65\">Kiinnitystapa: Pultti<\/li>\n<li class=\"ProductExtraInfo--property-74\">Valonl\u00e4hde:\u00a0LED<\/li>\n<li class=\"ProductExtraInfo--property-109\">syvyys (mm):\u00a060<\/li>\n<li class=\"ProductExtraInfo--property-110\">korkeus (mm):\u00a064<\/li>\n<li class=\"ProductExtraInfo--property-111\">leveys (mm):\u00a070<\/li>\n<li class=\"ProductExtraInfo--property-113\">K\u00e4ytt\u00f6j\u00e4nnitealue:\u00a010-30V<\/li>\n<li class=\"ProductExtraInfo--property-131\">Nimellisteho (W):\u00a020<\/li>\n<\/ul>\n<\/div>\n<\/div>\n<\/div>\n","protected":false},"excerpt":{"rendered":"<p>LuminaLights HEX tarjoaa uusimmalla tekniikalla toteutetut eritt\u00e4in tyylikk\u00e4\u00e4t sek\u00e4 kest\u00e4v\u00e4t LED-ty\u00f6valot. Kehykset\u00f6n rakenne ehk\u00e4isee lumen sek\u00e4 lian kertymist\u00e4 ty\u00f6valon linssille. Polykarbonaatista valmistettu linssi on eritt\u00e4in vahva eik\u00e4 ole vaarassa hajota l\u00e4mp\u00f6tilavaihteluiden vuoksi. Kompaktin kokonsa ansiosta t\u00e4m\u00e4 HEX-sarjan pienimmys sopii perinteisten asennuskohteiden lis\u00e4ksi my\u00f6s ahtaampiin paikkoihin, joissa ty\u00f6valon fyysinen koko on ratkaisevassa osassa. Suosittelen 5\/5 Lis\u00e4tiedot [&hellip;]<\/p>\n","protected":false},"featured_media":14122,"comment_status":"open","ping_status":"closed","template":"","meta":[],"product_brand":[704],"product_cat":[49],"product_tag":[],"class_list":{"0":"post-14116","1":"product","2":"type-product","3":"status-publish","4":"has-post-thumbnail","6":"product_brand-luminalights","7":"product_cat-led-tyovalot-alle-28w","8":"product_shipping_class-l-paketti","10":"first","11":"instock","12":"taxable","13":"shipping-taxable","14":"purchasable","15":"product-type-simple"},"yoast_head":"<!-- This site is optimized with the Yoast SEO plugin v27.5 - https:\/\/yoast.com\/product\/yoast-seo-wordpress\/ -->\n<title>LuminaLights HEX 20W led-ty\u00f6valo -<\/title>\n<meta name=\"robots\" content=\"index, follow, max-snippet:-1, max-image-preview:large, max-video-preview:-1\" \/>\n<link rel=\"canonical\" href=\"https:\/\/www.duunauspalvelutjarvi.fi\/?product=luminalights-hex-20w-led-tyovalo\" \/>\n<meta property=\"og:locale\" content=\"fi_FI\" \/>\n<meta property=\"og:type\" content=\"article\" \/>\n<meta property=\"og:title\" content=\"LuminaLights HEX 20W led-ty\u00f6valo -\" \/>\n<meta property=\"og:description\" content=\"LuminaLights HEX tarjoaa uusimmalla tekniikalla toteutetut eritt\u00e4in tyylikk\u00e4\u00e4t sek\u00e4 kest\u00e4v\u00e4t LED-ty\u00f6valot. Kehykset\u00f6n rakenne ehk\u00e4isee lumen sek\u00e4 lian kertymist\u00e4 ty\u00f6valon linssille. Polykarbonaatista valmistettu linssi on eritt\u00e4in vahva eik\u00e4 ole vaarassa hajota l\u00e4mp\u00f6tilavaihteluiden vuoksi. Kompaktin kokonsa ansiosta t\u00e4m\u00e4 HEX-sarjan pienimmys sopii perinteisten asennuskohteiden lis\u00e4ksi my\u00f6s ahtaampiin paikkoihin, joissa ty\u00f6valon fyysinen koko on ratkaisevassa osassa. Suosittelen 5\/5 Lis\u00e4tiedot [&hellip;]\" \/>\n<meta property=\"og:url\" content=\"https:\/\/www.duunauspalvelutjarvi.fi\/?product=luminalights-hex-20w-led-tyovalo\" \/>\n<meta property=\"article:modified_time\" content=\"2025-10-09T08:41:14+00:00\" \/>\n<meta property=\"og:image\" content=\"https:\/\/www.duunauspalvelutjarvi.fi\/wp-content\/uploads\/2023\/01\/LuminaLightsHEX20WFlood_8020105223_b5dc25e00bf7ff05fe7865b90a4ecb1c_1.jpg\" \/>\n\t<meta property=\"og:image:width\" content=\"2000\" \/>\n\t<meta property=\"og:image:height\" content=\"2000\" \/>\n\t<meta property=\"og:image:type\" content=\"image\/jpeg\" \/>\n<meta name=\"twitter:card\" content=\"summary_large_image\" \/>\n<meta name=\"twitter:label1\" content=\"Arvioitu lukuaika\" \/>\n\t<meta name=\"twitter:data1\" content=\"1 minuutti\" \/>\n<script type=\"application\/ld+json\" class=\"yoast-schema-graph\">{\"@context\":\"https:\\\/\\\/schema.org\",\"@graph\":[{\"@type\":\"WebPage\",\"@id\":\"https:\\\/\\\/www.duunauspalvelutjarvi.fi\\\/?product=luminalights-hex-20w-led-tyovalo\",\"url\":\"https:\\\/\\\/www.duunauspalvelutjarvi.fi\\\/?product=luminalights-hex-20w-led-tyovalo\",\"name\":\"LuminaLights HEX 20W led-ty\u00f6valo -\",\"isPartOf\":{\"@id\":\"https:\\\/\\\/www.duunauspalvelutjarvi.fi\\\/#website\"},\"primaryImageOfPage\":{\"@id\":\"https:\\\/\\\/www.duunauspalvelutjarvi.fi\\\/?product=luminalights-hex-20w-led-tyovalo#primaryimage\"},\"image\":{\"@id\":\"https:\\\/\\\/www.duunauspalvelutjarvi.fi\\\/?product=luminalights-hex-20w-led-tyovalo#primaryimage\"},\"thumbnailUrl\":\"https:\\\/\\\/www.duunauspalvelutjarvi.fi\\\/wp-content\\\/uploads\\\/2023\\\/01\\\/LuminaLightsHEX20WFlood_8020105223_b5dc25e00bf7ff05fe7865b90a4ecb1c_1.jpg\",\"datePublished\":\"2023-01-10T19:32:15+00:00\",\"dateModified\":\"2025-10-09T08:41:14+00:00\",\"breadcrumb\":{\"@id\":\"https:\\\/\\\/www.duunauspalvelutjarvi.fi\\\/?product=luminalights-hex-20w-led-tyovalo#breadcrumb\"},\"inLanguage\":\"fi\",\"potentialAction\":[{\"@type\":\"ReadAction\",\"target\":[\"https:\\\/\\\/www.duunauspalvelutjarvi.fi\\\/?product=luminalights-hex-20w-led-tyovalo\"]}]},{\"@type\":\"ImageObject\",\"inLanguage\":\"fi\",\"@id\":\"https:\\\/\\\/www.duunauspalvelutjarvi.fi\\\/?product=luminalights-hex-20w-led-tyovalo#primaryimage\",\"url\":\"https:\\\/\\\/www.duunauspalvelutjarvi.fi\\\/wp-content\\\/uploads\\\/2023\\\/01\\\/LuminaLightsHEX20WFlood_8020105223_b5dc25e00bf7ff05fe7865b90a4ecb1c_1.jpg\",\"contentUrl\":\"https:\\\/\\\/www.duunauspalvelutjarvi.fi\\\/wp-content\\\/uploads\\\/2023\\\/01\\\/LuminaLightsHEX20WFlood_8020105223_b5dc25e00bf7ff05fe7865b90a4ecb1c_1.jpg\",\"width\":2000,\"height\":2000},{\"@type\":\"BreadcrumbList\",\"@id\":\"https:\\\/\\\/www.duunauspalvelutjarvi.fi\\\/?product=luminalights-hex-20w-led-tyovalo#breadcrumb\",\"itemListElement\":[{\"@type\":\"ListItem\",\"position\":1,\"name\":\"Etusivu\",\"item\":\"https:\\\/\\\/www.duunauspalvelutjarvi.fi\\\/\"},{\"@type\":\"ListItem\",\"position\":2,\"name\":\"Etusivu\",\"item\":\"https:\\\/\\\/www.duunauspalvelutjarvi.fi\\\/\"},{\"@type\":\"ListItem\",\"position\":3,\"name\":\"LuminaLights HEX 20W led-ty\u00f6valo\"}]},{\"@type\":\"WebSite\",\"@id\":\"https:\\\/\\\/www.duunauspalvelutjarvi.fi\\\/#website\",\"url\":\"https:\\\/\\\/www.duunauspalvelutjarvi.fi\\\/\",\"name\":\"\",\"description\":\"\",\"potentialAction\":[{\"@type\":\"SearchAction\",\"target\":{\"@type\":\"EntryPoint\",\"urlTemplate\":\"https:\\\/\\\/www.duunauspalvelutjarvi.fi\\\/?s={search_term_string}\"},\"query-input\":{\"@type\":\"PropertyValueSpecification\",\"valueRequired\":true,\"valueName\":\"search_term_string\"}}],\"inLanguage\":\"fi\"}]}<\/script>\n<!-- \/ Yoast SEO plugin. -->","yoast_head_json":{"title":"LuminaLights HEX 20W led-ty\u00f6valo -","robots":{"index":"index","follow":"follow","max-snippet":"max-snippet:-1","max-image-preview":"max-image-preview:large","max-video-preview":"max-video-preview:-1"},"canonical":"https:\/\/www.duunauspalvelutjarvi.fi\/?product=luminalights-hex-20w-led-tyovalo","og_locale":"fi_FI","og_type":"article","og_title":"LuminaLights HEX 20W led-ty\u00f6valo -","og_description":"LuminaLights HEX tarjoaa uusimmalla tekniikalla toteutetut eritt\u00e4in tyylikk\u00e4\u00e4t sek\u00e4 kest\u00e4v\u00e4t LED-ty\u00f6valot. Kehykset\u00f6n rakenne ehk\u00e4isee lumen sek\u00e4 lian kertymist\u00e4 ty\u00f6valon linssille. Polykarbonaatista valmistettu linssi on eritt\u00e4in vahva eik\u00e4 ole vaarassa hajota l\u00e4mp\u00f6tilavaihteluiden vuoksi. Kompaktin kokonsa ansiosta t\u00e4m\u00e4 HEX-sarjan pienimmys sopii perinteisten asennuskohteiden lis\u00e4ksi my\u00f6s ahtaampiin paikkoihin, joissa ty\u00f6valon fyysinen koko on ratkaisevassa osassa. Suosittelen 5\/5 Lis\u00e4tiedot [&hellip;]","og_url":"https:\/\/www.duunauspalvelutjarvi.fi\/?product=luminalights-hex-20w-led-tyovalo","article_modified_time":"2025-10-09T08:41:14+00:00","og_image":[{"width":2000,"height":2000,"url":"https:\/\/www.duunauspalvelutjarvi.fi\/wp-content\/uploads\/2023\/01\/LuminaLightsHEX20WFlood_8020105223_b5dc25e00bf7ff05fe7865b90a4ecb1c_1.jpg","type":"image\/jpeg"}],"twitter_card":"summary_large_image","twitter_misc":{"Arvioitu lukuaika":"1 minuutti"},"schema":{"@context":"https:\/\/schema.org","@graph":[{"@type":"WebPage","@id":"https:\/\/www.duunauspalvelutjarvi.fi\/?product=luminalights-hex-20w-led-tyovalo","url":"https:\/\/www.duunauspalvelutjarvi.fi\/?product=luminalights-hex-20w-led-tyovalo","name":"LuminaLights HEX 20W led-ty\u00f6valo -","isPartOf":{"@id":"https:\/\/www.duunauspalvelutjarvi.fi\/#website"},"primaryImageOfPage":{"@id":"https:\/\/www.duunauspalvelutjarvi.fi\/?product=luminalights-hex-20w-led-tyovalo#primaryimage"},"image":{"@id":"https:\/\/www.duunauspalvelutjarvi.fi\/?product=luminalights-hex-20w-led-tyovalo#primaryimage"},"thumbnailUrl":"https:\/\/www.duunauspalvelutjarvi.fi\/wp-content\/uploads\/2023\/01\/LuminaLightsHEX20WFlood_8020105223_b5dc25e00bf7ff05fe7865b90a4ecb1c_1.jpg","datePublished":"2023-01-10T19:32:15+00:00","dateModified":"2025-10-09T08:41:14+00:00","breadcrumb":{"@id":"https:\/\/www.duunauspalvelutjarvi.fi\/?product=luminalights-hex-20w-led-tyovalo#breadcrumb"},"inLanguage":"fi","potentialAction":[{"@type":"ReadAction","target":["https:\/\/www.duunauspalvelutjarvi.fi\/?product=luminalights-hex-20w-led-tyovalo"]}]},{"@type":"ImageObject","inLanguage":"fi","@id":"https:\/\/www.duunauspalvelutjarvi.fi\/?product=luminalights-hex-20w-led-tyovalo#primaryimage","url":"https:\/\/www.duunauspalvelutjarvi.fi\/wp-content\/uploads\/2023\/01\/LuminaLightsHEX20WFlood_8020105223_b5dc25e00bf7ff05fe7865b90a4ecb1c_1.jpg","contentUrl":"https:\/\/www.duunauspalvelutjarvi.fi\/wp-content\/uploads\/2023\/01\/LuminaLightsHEX20WFlood_8020105223_b5dc25e00bf7ff05fe7865b90a4ecb1c_1.jpg","width":2000,"height":2000},{"@type":"BreadcrumbList","@id":"https:\/\/www.duunauspalvelutjarvi.fi\/?product=luminalights-hex-20w-led-tyovalo#breadcrumb","itemListElement":[{"@type":"ListItem","position":1,"name":"Etusivu","item":"https:\/\/www.duunauspalvelutjarvi.fi\/"},{"@type":"ListItem","position":2,"name":"Etusivu","item":"https:\/\/www.duunauspalvelutjarvi.fi\/"},{"@type":"ListItem","position":3,"name":"LuminaLights HEX 20W led-ty\u00f6valo"}]},{"@type":"WebSite","@id":"https:\/\/www.duunauspalvelutjarvi.fi\/#website","url":"https:\/\/www.duunauspalvelutjarvi.fi\/","name":"","description":"","potentialAction":[{"@type":"SearchAction","target":{"@type":"EntryPoint","urlTemplate":"https:\/\/www.duunauspalvelutjarvi.fi\/?s={search_term_string}"},"query-input":{"@type":"PropertyValueSpecification","valueRequired":true,"valueName":"search_term_string"}}],"inLanguage":"fi"}]}},"jetpack_sharing_enabled":true,"_links":{"self":[{"href":"https:\/\/www.duunauspalvelutjarvi.fi\/index.php?rest_route=\/wp\/v2\/product\/14116","targetHints":{"allow":["GET"]}}],"collection":[{"href":"https:\/\/www.duunauspalvelutjarvi.fi\/index.php?rest_route=\/wp\/v2\/product"}],"about":[{"href":"https:\/\/www.duunauspalvelutjarvi.fi\/index.php?rest_route=\/wp\/v2\/types\/product"}],"replies":[{"embeddable":true,"href":"https:\/\/www.duunauspalvelutjarvi.fi\/index.php?rest_route=%2Fwp%2Fv2%2Fcomments&post=14116"}],"wp:featuredmedia":[{"embeddable":true,"href":"https:\/\/www.duunauspalvelutjarvi.fi\/index.php?rest_route=\/wp\/v2\/media\/14122"}],"wp:attachment":[{"href":"https:\/\/www.duunauspalvelutjarvi.fi\/index.php?rest_route=%2Fwp%2Fv2%2Fmedia&parent=14116"}],"wp:term":[{"taxonomy":"product_brand","embeddable":true,"href":"https:\/\/www.duunauspalvelutjarvi.fi\/index.php?rest_route=%2Fwp%2Fv2%2Fproduct_brand&post=14116"},{"taxonomy":"product_cat","embeddable":true,"href":"https:\/\/www.duunauspalvelutjarvi.fi\/index.php?rest_route=%2Fwp%2Fv2%2Fproduct_cat&post=14116"},{"taxonomy":"product_tag","embeddable":true,"href":"https:\/\/www.duunauspalvelutjarvi.fi\/index.php?rest_route=%2Fwp%2Fv2%2Fproduct_tag&post=14116"}],"curies":[{"name":"wp","href":"https:\/\/api.w.org\/{rel}","templated":true}]}}