{"id":14162,"date":"2023-01-11T21:23:41","date_gmt":"2023-01-11T19:23:41","guid":{"rendered":"https:\/\/www.duunauspalvelutjarvi.fi\/?post_type=product&#038;p=14162"},"modified":"2025-10-09T11:41:13","modified_gmt":"2025-10-09T08:41:13","slug":"luminalights-monster-max-led-tyovalo","status":"publish","type":"product","link":"https:\/\/www.duunauspalvelutjarvi.fi\/?product=luminalights-monster-max-led-tyovalo","title":{"rendered":"LuminaLights Monster MAX led-ty\u00f6valo"},"content":{"rendered":"<div class=\"col-12 col-lg-10\">\n<div class=\"ProductPageContent__description\">\n<div class=\"WysiwygContent\">\n<p><strong>LuminaLights Monster MAX led-ty\u00f6valo<\/strong><\/p>\n<p>Huippusuosittu LuminaLights Monster ty\u00f6valo rantautui j\u00e4lleen markkinoille t\u00e4ysin uudistuneena. Nyt my\u00f6s saatavilla kaksi eri kokoista ja tehoista vaihtoehtoa &#8211; LuminaLights Monster MAX &amp; <a href=\"https:\/\/www.duunauspalvelutjarvi.fi\/?product=luminalights-monster-mini-led-tyovalo\">LuminaLights Monster MINI<\/a>.<\/p>\n<p>Ajattoman tyylikk\u00e4\u00e4sti muotoiltu LuminaLights Monster MAX on tehty kovimpia olosuhteita varten. Alumiiniseen koteloon k\u00e4\u00e4ritty IP69K-luokiteltu LuminaLights Monster MAX on t\u00e4ysin t\u00e4rin\u00e4n, p\u00f6lyn- ja vedenkest\u00e4v\u00e4<\/p>\n<p>Todella leve\u00e4lle levitt\u00e4ytyv\u00e4 valokeila on optimaalinen l\u00e4hes mink\u00e4 tahansa ty\u00f6koneen valonn\u00e4ytt\u00e4j\u00e4ksi.<\/p>\n<p><strong>K\u00e4ytt\u00f6kohteita esimerkiksi:<\/strong><br \/>\nPy\u00f6r\u00e4kuormaajat<br \/>\nKuorma-autot<br \/>\nKaivinkoneet<br \/>\nMets\u00e4koneet<br \/>\nM\u00f6nkij\u00e4t<br \/>\njne!<\/p>\n<p><strong>Tekniset tiedot:<br \/>\n<\/strong>Teho: 80W<br \/>\nJ\u00e4nnite: 12-48V<br \/>\nLED: 16 X 5W<br \/>\nVirrankulutus: 13.7V: 3.65A<br \/>\nValovirta (Teoreettinen) 6000lm<br \/>\nValovirta (mitattu) 5200lm<br \/>\nV\u00e4ril\u00e4mp\u00f6tila 5700K<br \/>\nPolykarbonaattilinssi<br \/>\nAlumiinikuori<br \/>\nSis\u00e4lt\u00e4\u00e4 DT 2-pin liittimen<br \/>\nIP69K<\/p>\n<p><strong>Mitat:<\/strong><br \/>\nL X 121 MM<br \/>\nK X 154 MM<br \/>\nS X 85 MM<\/p>\n<p>Aito LuminaLights!<\/p>\n<\/div>\n<\/div>\n<\/div>\n<div class=\"ProductPageContent__description-details col-sm-12 col-lg-2\">\n<h6>Lis\u00e4tiedot<\/h6>\n<div>\n<div class=\"ProductFeatureImages__container properties\">\n<div class=\"ProductFeatureImage label\">\n<div class=\"ProductFeatureImage__label\">ERIKOISER\u00c4!<\/div>\n<\/div>\n<\/div>\n<div class=\"ProductExtraInfo ProductExtraInfo--single-column\">\n<ul class=\"inline-dot\">\n<li class=\"ProductExtraInfo--warranty\"><span class=\"ProductWarranty\">Takuu:\u00a0<span class=\"ProductWarranty__warranty\">2 vuotta<\/span><\/span><\/li>\n<li class=\"ProductExtraInfo--property-4\">V\u00e4ril\u00e4mp\u00f6tila:\u00a05700<\/li>\n<li class=\"ProductExtraInfo--property-5\">Valokuvio:\u00a0Leve\u00e4<\/li>\n<li class=\"ProductExtraInfo--property-38\">Setti:\u00a01 kpl &#8211; pelkk\u00e4 valo<\/li>\n<li class=\"ProductExtraInfo--property-40\">Liittimen tyyppi:\u00a02-pin Deutsch DT<\/li>\n<li class=\"ProductExtraInfo--property-65\">Kiinnitystapa:\u00a0Bolt<\/li>\n<li class=\"ProductExtraInfo--property-74\">Valonl\u00e4hde:\u00a0LED<\/li>\n<li class=\"ProductExtraInfo--property-98\">Asennussuunta:\u00a0Vaaka-asennus<\/li>\n<li class=\"ProductExtraInfo--property-106\">K\u00e4ytt\u00f6j\u00e4nnite:\u00a048V<\/li>\n<li class=\"ProductExtraInfo--property-113\">K\u00e4ytt\u00f6j\u00e4nnitealue:\u00a012-48V<\/li>\n<li class=\"ProductExtraInfo--property-131\">Nimellisteho (W):\u00a080<\/li>\n<\/ul>\n<\/div>\n<\/div>\n<\/div>\n","protected":false},"excerpt":{"rendered":"<p>LuminaLights Monster MAX led-ty\u00f6valo Huippusuosittu LuminaLights Monster ty\u00f6valo rantautui j\u00e4lleen markkinoille t\u00e4ysin uudistuneena. Nyt my\u00f6s saatavilla kaksi eri kokoista ja tehoista vaihtoehtoa &#8211; LuminaLights Monster MAX &amp; LuminaLights Monster MINI. Ajattoman tyylikk\u00e4\u00e4sti muotoiltu LuminaLights Monster MAX on tehty kovimpia olosuhteita varten. Alumiiniseen koteloon k\u00e4\u00e4ritty IP69K-luokiteltu LuminaLights Monster MAX on t\u00e4ysin t\u00e4rin\u00e4n, p\u00f6lyn- ja vedenkest\u00e4v\u00e4 Todella [&hellip;]<\/p>\n","protected":false},"featured_media":14168,"comment_status":"open","ping_status":"closed","template":"","meta":[],"product_brand":[704],"product_cat":[51],"product_tag":[],"class_list":{"0":"post-14162","1":"product","2":"type-product","3":"status-publish","4":"has-post-thumbnail","6":"product_brand-luminalights","7":"product_cat-led-tyovalot-yli-50w","8":"product_shipping_class-l-paketti","10":"first","11":"instock","12":"taxable","13":"shipping-taxable","14":"purchasable","15":"product-type-variable"},"yoast_head":"<!-- This site is optimized with the Yoast SEO plugin v27.3 - https:\/\/yoast.com\/product\/yoast-seo-wordpress\/ -->\n<title>LuminaLights Monster MAX led-ty\u00f6valo -<\/title>\n<meta name=\"robots\" content=\"index, follow, max-snippet:-1, max-image-preview:large, max-video-preview:-1\" \/>\n<link rel=\"canonical\" href=\"https:\/\/www.duunauspalvelutjarvi.fi\/?product=luminalights-monster-max-led-tyovalo\" \/>\n<meta property=\"og:locale\" content=\"fi_FI\" \/>\n<meta property=\"og:type\" content=\"article\" \/>\n<meta property=\"og:title\" content=\"LuminaLights Monster MAX led-ty\u00f6valo -\" \/>\n<meta property=\"og:description\" content=\"LuminaLights Monster MAX led-ty\u00f6valo Huippusuosittu LuminaLights Monster ty\u00f6valo rantautui j\u00e4lleen markkinoille t\u00e4ysin uudistuneena. Nyt my\u00f6s saatavilla kaksi eri kokoista ja tehoista vaihtoehtoa &#8211; LuminaLights Monster MAX &amp; LuminaLights Monster MINI. Ajattoman tyylikk\u00e4\u00e4sti muotoiltu LuminaLights Monster MAX on tehty kovimpia olosuhteita varten. Alumiiniseen koteloon k\u00e4\u00e4ritty IP69K-luokiteltu LuminaLights Monster MAX on t\u00e4ysin t\u00e4rin\u00e4n, p\u00f6lyn- ja vedenkest\u00e4v\u00e4 Todella [&hellip;]\" \/>\n<meta property=\"og:url\" content=\"https:\/\/www.duunauspalvelutjarvi.fi\/?product=luminalights-monster-max-led-tyovalo\" \/>\n<meta property=\"article:modified_time\" content=\"2025-10-09T08:41:13+00:00\" \/>\n<meta property=\"og:image\" content=\"https:\/\/www.duunauspalvelutjarvi.fi\/wp-content\/uploads\/2023\/01\/LuminaLightsMonsterMAXled-tyovalo_8020105153_f0efe775cb599ed07c9a14b2bebaca38_3.jpg\" \/>\n\t<meta property=\"og:image:width\" content=\"2000\" \/>\n\t<meta property=\"og:image:height\" content=\"2000\" \/>\n\t<meta property=\"og:image:type\" content=\"image\/jpeg\" \/>\n<meta name=\"twitter:card\" content=\"summary_large_image\" \/>\n<meta name=\"twitter:label1\" content=\"Arvioitu lukuaika\" \/>\n\t<meta name=\"twitter:data1\" content=\"2 minuuttia\" \/>\n<script type=\"application\/ld+json\" class=\"yoast-schema-graph\">{\"@context\":\"https:\\\/\\\/schema.org\",\"@graph\":[{\"@type\":\"WebPage\",\"@id\":\"https:\\\/\\\/www.duunauspalvelutjarvi.fi\\\/?product=luminalights-monster-max-led-tyovalo\",\"url\":\"https:\\\/\\\/www.duunauspalvelutjarvi.fi\\\/?product=luminalights-monster-max-led-tyovalo\",\"name\":\"LuminaLights Monster MAX led-ty\u00f6valo -\",\"isPartOf\":{\"@id\":\"https:\\\/\\\/www.duunauspalvelutjarvi.fi\\\/#website\"},\"primaryImageOfPage\":{\"@id\":\"https:\\\/\\\/www.duunauspalvelutjarvi.fi\\\/?product=luminalights-monster-max-led-tyovalo#primaryimage\"},\"image\":{\"@id\":\"https:\\\/\\\/www.duunauspalvelutjarvi.fi\\\/?product=luminalights-monster-max-led-tyovalo#primaryimage\"},\"thumbnailUrl\":\"https:\\\/\\\/www.duunauspalvelutjarvi.fi\\\/wp-content\\\/uploads\\\/2023\\\/01\\\/LuminaLightsMonsterMAXled-tyovalo_8020105153_f0efe775cb599ed07c9a14b2bebaca38_3.jpg\",\"datePublished\":\"2023-01-11T19:23:41+00:00\",\"dateModified\":\"2025-10-09T08:41:13+00:00\",\"breadcrumb\":{\"@id\":\"https:\\\/\\\/www.duunauspalvelutjarvi.fi\\\/?product=luminalights-monster-max-led-tyovalo#breadcrumb\"},\"inLanguage\":\"fi\",\"potentialAction\":[{\"@type\":\"ReadAction\",\"target\":[\"https:\\\/\\\/www.duunauspalvelutjarvi.fi\\\/?product=luminalights-monster-max-led-tyovalo\"]}]},{\"@type\":\"ImageObject\",\"inLanguage\":\"fi\",\"@id\":\"https:\\\/\\\/www.duunauspalvelutjarvi.fi\\\/?product=luminalights-monster-max-led-tyovalo#primaryimage\",\"url\":\"https:\\\/\\\/www.duunauspalvelutjarvi.fi\\\/wp-content\\\/uploads\\\/2023\\\/01\\\/LuminaLightsMonsterMAXled-tyovalo_8020105153_f0efe775cb599ed07c9a14b2bebaca38_3.jpg\",\"contentUrl\":\"https:\\\/\\\/www.duunauspalvelutjarvi.fi\\\/wp-content\\\/uploads\\\/2023\\\/01\\\/LuminaLightsMonsterMAXled-tyovalo_8020105153_f0efe775cb599ed07c9a14b2bebaca38_3.jpg\",\"width\":2000,\"height\":2000},{\"@type\":\"BreadcrumbList\",\"@id\":\"https:\\\/\\\/www.duunauspalvelutjarvi.fi\\\/?product=luminalights-monster-max-led-tyovalo#breadcrumb\",\"itemListElement\":[{\"@type\":\"ListItem\",\"position\":1,\"name\":\"Etusivu\",\"item\":\"https:\\\/\\\/www.duunauspalvelutjarvi.fi\\\/\"},{\"@type\":\"ListItem\",\"position\":2,\"name\":\"Etusivu\",\"item\":\"https:\\\/\\\/www.duunauspalvelutjarvi.fi\\\/\"},{\"@type\":\"ListItem\",\"position\":3,\"name\":\"LuminaLights Monster MAX led-ty\u00f6valo\"}]},{\"@type\":\"WebSite\",\"@id\":\"https:\\\/\\\/www.duunauspalvelutjarvi.fi\\\/#website\",\"url\":\"https:\\\/\\\/www.duunauspalvelutjarvi.fi\\\/\",\"name\":\"\",\"description\":\"\",\"potentialAction\":[{\"@type\":\"SearchAction\",\"target\":{\"@type\":\"EntryPoint\",\"urlTemplate\":\"https:\\\/\\\/www.duunauspalvelutjarvi.fi\\\/?s={search_term_string}\"},\"query-input\":{\"@type\":\"PropertyValueSpecification\",\"valueRequired\":true,\"valueName\":\"search_term_string\"}}],\"inLanguage\":\"fi\"}]}<\/script>\n<!-- \/ Yoast SEO plugin. -->","yoast_head_json":{"title":"LuminaLights Monster MAX led-ty\u00f6valo -","robots":{"index":"index","follow":"follow","max-snippet":"max-snippet:-1","max-image-preview":"max-image-preview:large","max-video-preview":"max-video-preview:-1"},"canonical":"https:\/\/www.duunauspalvelutjarvi.fi\/?product=luminalights-monster-max-led-tyovalo","og_locale":"fi_FI","og_type":"article","og_title":"LuminaLights Monster MAX led-ty\u00f6valo -","og_description":"LuminaLights Monster MAX led-ty\u00f6valo Huippusuosittu LuminaLights Monster ty\u00f6valo rantautui j\u00e4lleen markkinoille t\u00e4ysin uudistuneena. Nyt my\u00f6s saatavilla kaksi eri kokoista ja tehoista vaihtoehtoa &#8211; LuminaLights Monster MAX &amp; LuminaLights Monster MINI. Ajattoman tyylikk\u00e4\u00e4sti muotoiltu LuminaLights Monster MAX on tehty kovimpia olosuhteita varten. Alumiiniseen koteloon k\u00e4\u00e4ritty IP69K-luokiteltu LuminaLights Monster MAX on t\u00e4ysin t\u00e4rin\u00e4n, p\u00f6lyn- ja vedenkest\u00e4v\u00e4 Todella [&hellip;]","og_url":"https:\/\/www.duunauspalvelutjarvi.fi\/?product=luminalights-monster-max-led-tyovalo","article_modified_time":"2025-10-09T08:41:13+00:00","og_image":[{"width":2000,"height":2000,"url":"https:\/\/www.duunauspalvelutjarvi.fi\/wp-content\/uploads\/2023\/01\/LuminaLightsMonsterMAXled-tyovalo_8020105153_f0efe775cb599ed07c9a14b2bebaca38_3.jpg","type":"image\/jpeg"}],"twitter_card":"summary_large_image","twitter_misc":{"Arvioitu lukuaika":"2 minuuttia"},"schema":{"@context":"https:\/\/schema.org","@graph":[{"@type":"WebPage","@id":"https:\/\/www.duunauspalvelutjarvi.fi\/?product=luminalights-monster-max-led-tyovalo","url":"https:\/\/www.duunauspalvelutjarvi.fi\/?product=luminalights-monster-max-led-tyovalo","name":"LuminaLights Monster MAX led-ty\u00f6valo -","isPartOf":{"@id":"https:\/\/www.duunauspalvelutjarvi.fi\/#website"},"primaryImageOfPage":{"@id":"https:\/\/www.duunauspalvelutjarvi.fi\/?product=luminalights-monster-max-led-tyovalo#primaryimage"},"image":{"@id":"https:\/\/www.duunauspalvelutjarvi.fi\/?product=luminalights-monster-max-led-tyovalo#primaryimage"},"thumbnailUrl":"https:\/\/www.duunauspalvelutjarvi.fi\/wp-content\/uploads\/2023\/01\/LuminaLightsMonsterMAXled-tyovalo_8020105153_f0efe775cb599ed07c9a14b2bebaca38_3.jpg","datePublished":"2023-01-11T19:23:41+00:00","dateModified":"2025-10-09T08:41:13+00:00","breadcrumb":{"@id":"https:\/\/www.duunauspalvelutjarvi.fi\/?product=luminalights-monster-max-led-tyovalo#breadcrumb"},"inLanguage":"fi","potentialAction":[{"@type":"ReadAction","target":["https:\/\/www.duunauspalvelutjarvi.fi\/?product=luminalights-monster-max-led-tyovalo"]}]},{"@type":"ImageObject","inLanguage":"fi","@id":"https:\/\/www.duunauspalvelutjarvi.fi\/?product=luminalights-monster-max-led-tyovalo#primaryimage","url":"https:\/\/www.duunauspalvelutjarvi.fi\/wp-content\/uploads\/2023\/01\/LuminaLightsMonsterMAXled-tyovalo_8020105153_f0efe775cb599ed07c9a14b2bebaca38_3.jpg","contentUrl":"https:\/\/www.duunauspalvelutjarvi.fi\/wp-content\/uploads\/2023\/01\/LuminaLightsMonsterMAXled-tyovalo_8020105153_f0efe775cb599ed07c9a14b2bebaca38_3.jpg","width":2000,"height":2000},{"@type":"BreadcrumbList","@id":"https:\/\/www.duunauspalvelutjarvi.fi\/?product=luminalights-monster-max-led-tyovalo#breadcrumb","itemListElement":[{"@type":"ListItem","position":1,"name":"Etusivu","item":"https:\/\/www.duunauspalvelutjarvi.fi\/"},{"@type":"ListItem","position":2,"name":"Etusivu","item":"https:\/\/www.duunauspalvelutjarvi.fi\/"},{"@type":"ListItem","position":3,"name":"LuminaLights Monster MAX led-ty\u00f6valo"}]},{"@type":"WebSite","@id":"https:\/\/www.duunauspalvelutjarvi.fi\/#website","url":"https:\/\/www.duunauspalvelutjarvi.fi\/","name":"","description":"","potentialAction":[{"@type":"SearchAction","target":{"@type":"EntryPoint","urlTemplate":"https:\/\/www.duunauspalvelutjarvi.fi\/?s={search_term_string}"},"query-input":{"@type":"PropertyValueSpecification","valueRequired":true,"valueName":"search_term_string"}}],"inLanguage":"fi"}]}},"jetpack_sharing_enabled":true,"_links":{"self":[{"href":"https:\/\/www.duunauspalvelutjarvi.fi\/index.php?rest_route=\/wp\/v2\/product\/14162","targetHints":{"allow":["GET"]}}],"collection":[{"href":"https:\/\/www.duunauspalvelutjarvi.fi\/index.php?rest_route=\/wp\/v2\/product"}],"about":[{"href":"https:\/\/www.duunauspalvelutjarvi.fi\/index.php?rest_route=\/wp\/v2\/types\/product"}],"replies":[{"embeddable":true,"href":"https:\/\/www.duunauspalvelutjarvi.fi\/index.php?rest_route=%2Fwp%2Fv2%2Fcomments&post=14162"}],"wp:featuredmedia":[{"embeddable":true,"href":"https:\/\/www.duunauspalvelutjarvi.fi\/index.php?rest_route=\/wp\/v2\/media\/14168"}],"wp:attachment":[{"href":"https:\/\/www.duunauspalvelutjarvi.fi\/index.php?rest_route=%2Fwp%2Fv2%2Fmedia&parent=14162"}],"wp:term":[{"taxonomy":"product_brand","embeddable":true,"href":"https:\/\/www.duunauspalvelutjarvi.fi\/index.php?rest_route=%2Fwp%2Fv2%2Fproduct_brand&post=14162"},{"taxonomy":"product_cat","embeddable":true,"href":"https:\/\/www.duunauspalvelutjarvi.fi\/index.php?rest_route=%2Fwp%2Fv2%2Fproduct_cat&post=14162"},{"taxonomy":"product_tag","embeddable":true,"href":"https:\/\/www.duunauspalvelutjarvi.fi\/index.php?rest_route=%2Fwp%2Fv2%2Fproduct_tag&post=14162"}],"curies":[{"name":"wp","href":"https:\/\/api.w.org\/{rel}","templated":true}]}}