{"id":14215,"date":"2023-01-11T22:46:42","date_gmt":"2023-01-11T20:46:42","guid":{"rendered":"https:\/\/www.duunauspalvelutjarvi.fi\/?post_type=product&#038;p=14215"},"modified":"2025-10-09T11:41:13","modified_gmt":"2025-10-09T08:41:13","slug":"kauko-ohjattava-led-hakuvalo-luminalights-rescue-ii-80w","status":"publish","type":"product","link":"https:\/\/www.duunauspalvelutjarvi.fi\/?product=kauko-ohjattava-led-hakuvalo-luminalights-rescue-ii-80w","title":{"rendered":"Kauko-ohjattava LED-hakuvalo, Luminalights Rescue II 80W"},"content":{"rendered":"<div class=\"col-12 col-lg-10\">\n<div class=\"ProductPageContent__description\">\n<div class=\"WysiwygContent\">\n<p><b>LuminaLights<\/b><strong>\u00a0Rescue 80W II on huippulaadukas LED-hakuvalo kauko-ohjauksella.\u00a0<\/strong>Ammattik\u00e4ytt\u00f6\u00f6n suunniteltu, tehokas ja helppok\u00e4ytt\u00f6inen hakuvalo pitk\u00e4ll\u00e4 kantamalla ja kapealla 10\u00b0 valokeilalla. Rescue II-hakuvaloa ohjataan kaukos\u00e4\u00e4timell\u00e4, valaisin k\u00e4\u00e4ntyy sivusuunnassa t\u00e4ydet 360\u00b0 ja yl\u00f6s\/alas-suunnassa n. 110\u00b0. Hakuvalo voidaan kytke\u00e4 sek\u00e4 12V, ett\u00e4 24V j\u00e4rjestelmiin. Valaisimessa palautustoiminto valoa sammutettaessa, jolloin palautuu takaisin keskiasentoon.<\/p>\n<p><strong>Huom! Palautustoiminto koskee vain horisontaalista eli vaaka-akselia. Pysty eli vertikaaliakseli EI palaudu laitteen sammutuksen yhteydess\u00e4.<\/strong><\/p>\n<p>Valaisimen pohjassa on kumip\u00e4\u00e4llysteiset magneetit, joiden avulla valaisin pysyy v\u00e4liaikaisesti ajoneuvon tai veneen katolla. Mukana tulee my\u00f6s kiinnityspultit kiinte\u00e4\u00e4 asennusta varten.<br \/>\nSuomen-, ruotsin ja englanninkielinen k\u00e4ytt\u00f6ohje.<br \/>\n<strong><br \/>\nTekniset tiedot:<\/strong><br \/>\n\u2022 K\u00e4ytt\u00f6j\u00e4nnite: 10-30V<br \/>\n\u2022 Kapea valokuvio (10\u00b0)<br \/>\n\u2022 Teho: 80W (16 x 5W LED)<br \/>\n\u2022 Valovirta: 6720 lm<br \/>\n\u2022 V\u00e4ril\u00e4mp\u00f6tila: 6000K<br \/>\n\u2022 SOS-toiminto<br \/>\n\u2022 Kest\u00e4v\u00e4 alumiinirunko<br \/>\n\u2022 Kiinnitys 4 x 40mm M6 uppokantapultilla (sis\u00e4ltyy)<br \/>\n\u2022 Iskunkest\u00e4v\u00e4 polykarbonaattilinssi<br \/>\n\u2022 Deutsch DT2-liitin<br \/>\n\u2022 Leveys: 236 mm<br \/>\n\u2022 Korkeus: 244 mm<br \/>\n\u2022 Syvyys: 200 mm<br \/>\n\u2022 Paino: 3,2kg<br \/>\n\u2022 IP65<br \/>\n\u2022 Kaukos\u00e4\u00e4din toimii A23-paristolla (paristoa ei mukana)<br \/>\n\u2022 Takuu: 24kk<\/p>\n<p>&nbsp;<\/p>\n<\/div>\n<\/div>\n<\/div>\n<div class=\"ProductPageContent__description-details col-sm-12 col-lg-2\">\n<h6>Lis\u00e4tiedot<\/h6>\n<div>\n<div class=\"ProductExtraInfo ProductExtraInfo--single-column\">\n<ul class=\"inline-dot\">\n<li class=\"ProductExtraInfo--warranty\"><span class=\"ProductWarranty\">Takuu:\u00a0<span class=\"ProductWarranty__warranty\">2 vuotta<\/span><\/span><\/li>\n<li class=\"ProductExtraInfo--weight\">Paino:\u00a03 kg<\/li>\n<li class=\"ProductExtraInfo--property-74\">Valonl\u00e4hde:\u00a0LED<\/li>\n<li class=\"ProductExtraInfo--property-109\">syvyys (mm):\u00a0200<\/li>\n<li class=\"ProductExtraInfo--property-110\">korkeus (mm):\u00a0244<\/li>\n<li class=\"ProductExtraInfo--property-111\">leveys (mm):\u00a0236<\/li>\n<\/ul>\n<\/div>\n<\/div>\n<\/div>\n","protected":false},"excerpt":{"rendered":"<p>LuminaLights\u00a0Rescue 80W II on huippulaadukas LED-hakuvalo kauko-ohjauksella.\u00a0Ammattik\u00e4ytt\u00f6\u00f6n suunniteltu, tehokas ja helppok\u00e4ytt\u00f6inen hakuvalo pitk\u00e4ll\u00e4 kantamalla ja kapealla 10\u00b0 valokeilalla. Rescue II-hakuvaloa ohjataan kaukos\u00e4\u00e4timell\u00e4, valaisin k\u00e4\u00e4ntyy sivusuunnassa t\u00e4ydet 360\u00b0 ja yl\u00f6s\/alas-suunnassa n. 110\u00b0. Hakuvalo voidaan kytke\u00e4 sek\u00e4 12V, ett\u00e4 24V j\u00e4rjestelmiin. Valaisimessa palautustoiminto valoa sammutettaessa, jolloin palautuu takaisin keskiasentoon. Huom! Palautustoiminto koskee vain horisontaalista eli vaaka-akselia. Pysty [&hellip;]<\/p>\n","protected":false},"featured_media":14219,"comment_status":"open","ping_status":"closed","template":"","meta":[],"product_brand":[704],"product_cat":[54],"product_tag":[],"class_list":{"0":"post-14215","1":"product","2":"type-product","3":"status-publish","4":"has-post-thumbnail","6":"product_brand-luminalights","7":"product_cat-kauko-ohjattavat-hakuvalot","8":"product_shipping_class-l-paketti","10":"first","11":"instock","12":"taxable","13":"shipping-taxable","14":"purchasable","15":"product-type-simple"},"yoast_head":"<!-- This site is optimized with the Yoast SEO plugin v27.5 - https:\/\/yoast.com\/product\/yoast-seo-wordpress\/ -->\n<title>Kauko-ohjattava LED-hakuvalo, Luminalights Rescue II 80W -<\/title>\n<meta name=\"robots\" content=\"index, follow, max-snippet:-1, max-image-preview:large, max-video-preview:-1\" \/>\n<link rel=\"canonical\" href=\"https:\/\/www.duunauspalvelutjarvi.fi\/?product=kauko-ohjattava-led-hakuvalo-luminalights-rescue-ii-80w\" \/>\n<meta property=\"og:locale\" content=\"fi_FI\" \/>\n<meta property=\"og:type\" content=\"article\" \/>\n<meta property=\"og:title\" content=\"Kauko-ohjattava LED-hakuvalo, Luminalights Rescue II 80W -\" \/>\n<meta property=\"og:description\" content=\"LuminaLights\u00a0Rescue 80W II on huippulaadukas LED-hakuvalo kauko-ohjauksella.\u00a0Ammattik\u00e4ytt\u00f6\u00f6n suunniteltu, tehokas ja helppok\u00e4ytt\u00f6inen hakuvalo pitk\u00e4ll\u00e4 kantamalla ja kapealla 10\u00b0 valokeilalla. Rescue II-hakuvaloa ohjataan kaukos\u00e4\u00e4timell\u00e4, valaisin k\u00e4\u00e4ntyy sivusuunnassa t\u00e4ydet 360\u00b0 ja yl\u00f6s\/alas-suunnassa n. 110\u00b0. Hakuvalo voidaan kytke\u00e4 sek\u00e4 12V, ett\u00e4 24V j\u00e4rjestelmiin. Valaisimessa palautustoiminto valoa sammutettaessa, jolloin palautuu takaisin keskiasentoon. Huom! Palautustoiminto koskee vain horisontaalista eli vaaka-akselia. Pysty [&hellip;]\" \/>\n<meta property=\"og:url\" content=\"https:\/\/www.duunauspalvelutjarvi.fi\/?product=kauko-ohjattava-led-hakuvalo-luminalights-rescue-ii-80w\" \/>\n<meta property=\"article:modified_time\" content=\"2025-10-09T08:41:13+00:00\" \/>\n<meta property=\"og:image\" content=\"https:\/\/www.duunauspalvelutjarvi.fi\/wp-content\/uploads\/2023\/01\/Kauko-ohjattavaLED-hakuvaloLuminalightsRescueII80W_8020101209_4f86feb80e75de161368797f980dcea5_1.jpg\" \/>\n\t<meta property=\"og:image:width\" content=\"800\" \/>\n\t<meta property=\"og:image:height\" content=\"800\" \/>\n\t<meta property=\"og:image:type\" content=\"image\/jpeg\" \/>\n<meta name=\"twitter:card\" content=\"summary_large_image\" \/>\n<meta name=\"twitter:label1\" content=\"Arvioitu lukuaika\" \/>\n\t<meta name=\"twitter:data1\" content=\"1 minuutti\" \/>\n<script type=\"application\/ld+json\" class=\"yoast-schema-graph\">{\"@context\":\"https:\\\/\\\/schema.org\",\"@graph\":[{\"@type\":\"WebPage\",\"@id\":\"https:\\\/\\\/www.duunauspalvelutjarvi.fi\\\/?product=kauko-ohjattava-led-hakuvalo-luminalights-rescue-ii-80w\",\"url\":\"https:\\\/\\\/www.duunauspalvelutjarvi.fi\\\/?product=kauko-ohjattava-led-hakuvalo-luminalights-rescue-ii-80w\",\"name\":\"Kauko-ohjattava LED-hakuvalo, Luminalights Rescue II 80W -\",\"isPartOf\":{\"@id\":\"https:\\\/\\\/www.duunauspalvelutjarvi.fi\\\/#website\"},\"primaryImageOfPage\":{\"@id\":\"https:\\\/\\\/www.duunauspalvelutjarvi.fi\\\/?product=kauko-ohjattava-led-hakuvalo-luminalights-rescue-ii-80w#primaryimage\"},\"image\":{\"@id\":\"https:\\\/\\\/www.duunauspalvelutjarvi.fi\\\/?product=kauko-ohjattava-led-hakuvalo-luminalights-rescue-ii-80w#primaryimage\"},\"thumbnailUrl\":\"https:\\\/\\\/www.duunauspalvelutjarvi.fi\\\/wp-content\\\/uploads\\\/2023\\\/01\\\/Kauko-ohjattavaLED-hakuvaloLuminalightsRescueII80W_8020101209_4f86feb80e75de161368797f980dcea5_1.jpg\",\"datePublished\":\"2023-01-11T20:46:42+00:00\",\"dateModified\":\"2025-10-09T08:41:13+00:00\",\"breadcrumb\":{\"@id\":\"https:\\\/\\\/www.duunauspalvelutjarvi.fi\\\/?product=kauko-ohjattava-led-hakuvalo-luminalights-rescue-ii-80w#breadcrumb\"},\"inLanguage\":\"fi\",\"potentialAction\":[{\"@type\":\"ReadAction\",\"target\":[\"https:\\\/\\\/www.duunauspalvelutjarvi.fi\\\/?product=kauko-ohjattava-led-hakuvalo-luminalights-rescue-ii-80w\"]}]},{\"@type\":\"ImageObject\",\"inLanguage\":\"fi\",\"@id\":\"https:\\\/\\\/www.duunauspalvelutjarvi.fi\\\/?product=kauko-ohjattava-led-hakuvalo-luminalights-rescue-ii-80w#primaryimage\",\"url\":\"https:\\\/\\\/www.duunauspalvelutjarvi.fi\\\/wp-content\\\/uploads\\\/2023\\\/01\\\/Kauko-ohjattavaLED-hakuvaloLuminalightsRescueII80W_8020101209_4f86feb80e75de161368797f980dcea5_1.jpg\",\"contentUrl\":\"https:\\\/\\\/www.duunauspalvelutjarvi.fi\\\/wp-content\\\/uploads\\\/2023\\\/01\\\/Kauko-ohjattavaLED-hakuvaloLuminalightsRescueII80W_8020101209_4f86feb80e75de161368797f980dcea5_1.jpg\",\"width\":800,\"height\":800},{\"@type\":\"BreadcrumbList\",\"@id\":\"https:\\\/\\\/www.duunauspalvelutjarvi.fi\\\/?product=kauko-ohjattava-led-hakuvalo-luminalights-rescue-ii-80w#breadcrumb\",\"itemListElement\":[{\"@type\":\"ListItem\",\"position\":1,\"name\":\"Etusivu\",\"item\":\"https:\\\/\\\/www.duunauspalvelutjarvi.fi\\\/\"},{\"@type\":\"ListItem\",\"position\":2,\"name\":\"Etusivu\",\"item\":\"https:\\\/\\\/www.duunauspalvelutjarvi.fi\\\/\"},{\"@type\":\"ListItem\",\"position\":3,\"name\":\"Kauko-ohjattava LED-hakuvalo, Luminalights Rescue II 80W\"}]},{\"@type\":\"WebSite\",\"@id\":\"https:\\\/\\\/www.duunauspalvelutjarvi.fi\\\/#website\",\"url\":\"https:\\\/\\\/www.duunauspalvelutjarvi.fi\\\/\",\"name\":\"\",\"description\":\"\",\"potentialAction\":[{\"@type\":\"SearchAction\",\"target\":{\"@type\":\"EntryPoint\",\"urlTemplate\":\"https:\\\/\\\/www.duunauspalvelutjarvi.fi\\\/?s={search_term_string}\"},\"query-input\":{\"@type\":\"PropertyValueSpecification\",\"valueRequired\":true,\"valueName\":\"search_term_string\"}}],\"inLanguage\":\"fi\"}]}<\/script>\n<!-- \/ Yoast SEO plugin. -->","yoast_head_json":{"title":"Kauko-ohjattava LED-hakuvalo, Luminalights Rescue II 80W -","robots":{"index":"index","follow":"follow","max-snippet":"max-snippet:-1","max-image-preview":"max-image-preview:large","max-video-preview":"max-video-preview:-1"},"canonical":"https:\/\/www.duunauspalvelutjarvi.fi\/?product=kauko-ohjattava-led-hakuvalo-luminalights-rescue-ii-80w","og_locale":"fi_FI","og_type":"article","og_title":"Kauko-ohjattava LED-hakuvalo, Luminalights Rescue II 80W -","og_description":"LuminaLights\u00a0Rescue 80W II on huippulaadukas LED-hakuvalo kauko-ohjauksella.\u00a0Ammattik\u00e4ytt\u00f6\u00f6n suunniteltu, tehokas ja helppok\u00e4ytt\u00f6inen hakuvalo pitk\u00e4ll\u00e4 kantamalla ja kapealla 10\u00b0 valokeilalla. Rescue II-hakuvaloa ohjataan kaukos\u00e4\u00e4timell\u00e4, valaisin k\u00e4\u00e4ntyy sivusuunnassa t\u00e4ydet 360\u00b0 ja yl\u00f6s\/alas-suunnassa n. 110\u00b0. Hakuvalo voidaan kytke\u00e4 sek\u00e4 12V, ett\u00e4 24V j\u00e4rjestelmiin. Valaisimessa palautustoiminto valoa sammutettaessa, jolloin palautuu takaisin keskiasentoon. Huom! Palautustoiminto koskee vain horisontaalista eli vaaka-akselia. Pysty [&hellip;]","og_url":"https:\/\/www.duunauspalvelutjarvi.fi\/?product=kauko-ohjattava-led-hakuvalo-luminalights-rescue-ii-80w","article_modified_time":"2025-10-09T08:41:13+00:00","og_image":[{"width":800,"height":800,"url":"https:\/\/www.duunauspalvelutjarvi.fi\/wp-content\/uploads\/2023\/01\/Kauko-ohjattavaLED-hakuvaloLuminalightsRescueII80W_8020101209_4f86feb80e75de161368797f980dcea5_1.jpg","type":"image\/jpeg"}],"twitter_card":"summary_large_image","twitter_misc":{"Arvioitu lukuaika":"1 minuutti"},"schema":{"@context":"https:\/\/schema.org","@graph":[{"@type":"WebPage","@id":"https:\/\/www.duunauspalvelutjarvi.fi\/?product=kauko-ohjattava-led-hakuvalo-luminalights-rescue-ii-80w","url":"https:\/\/www.duunauspalvelutjarvi.fi\/?product=kauko-ohjattava-led-hakuvalo-luminalights-rescue-ii-80w","name":"Kauko-ohjattava LED-hakuvalo, Luminalights Rescue II 80W -","isPartOf":{"@id":"https:\/\/www.duunauspalvelutjarvi.fi\/#website"},"primaryImageOfPage":{"@id":"https:\/\/www.duunauspalvelutjarvi.fi\/?product=kauko-ohjattava-led-hakuvalo-luminalights-rescue-ii-80w#primaryimage"},"image":{"@id":"https:\/\/www.duunauspalvelutjarvi.fi\/?product=kauko-ohjattava-led-hakuvalo-luminalights-rescue-ii-80w#primaryimage"},"thumbnailUrl":"https:\/\/www.duunauspalvelutjarvi.fi\/wp-content\/uploads\/2023\/01\/Kauko-ohjattavaLED-hakuvaloLuminalightsRescueII80W_8020101209_4f86feb80e75de161368797f980dcea5_1.jpg","datePublished":"2023-01-11T20:46:42+00:00","dateModified":"2025-10-09T08:41:13+00:00","breadcrumb":{"@id":"https:\/\/www.duunauspalvelutjarvi.fi\/?product=kauko-ohjattava-led-hakuvalo-luminalights-rescue-ii-80w#breadcrumb"},"inLanguage":"fi","potentialAction":[{"@type":"ReadAction","target":["https:\/\/www.duunauspalvelutjarvi.fi\/?product=kauko-ohjattava-led-hakuvalo-luminalights-rescue-ii-80w"]}]},{"@type":"ImageObject","inLanguage":"fi","@id":"https:\/\/www.duunauspalvelutjarvi.fi\/?product=kauko-ohjattava-led-hakuvalo-luminalights-rescue-ii-80w#primaryimage","url":"https:\/\/www.duunauspalvelutjarvi.fi\/wp-content\/uploads\/2023\/01\/Kauko-ohjattavaLED-hakuvaloLuminalightsRescueII80W_8020101209_4f86feb80e75de161368797f980dcea5_1.jpg","contentUrl":"https:\/\/www.duunauspalvelutjarvi.fi\/wp-content\/uploads\/2023\/01\/Kauko-ohjattavaLED-hakuvaloLuminalightsRescueII80W_8020101209_4f86feb80e75de161368797f980dcea5_1.jpg","width":800,"height":800},{"@type":"BreadcrumbList","@id":"https:\/\/www.duunauspalvelutjarvi.fi\/?product=kauko-ohjattava-led-hakuvalo-luminalights-rescue-ii-80w#breadcrumb","itemListElement":[{"@type":"ListItem","position":1,"name":"Etusivu","item":"https:\/\/www.duunauspalvelutjarvi.fi\/"},{"@type":"ListItem","position":2,"name":"Etusivu","item":"https:\/\/www.duunauspalvelutjarvi.fi\/"},{"@type":"ListItem","position":3,"name":"Kauko-ohjattava LED-hakuvalo, Luminalights Rescue II 80W"}]},{"@type":"WebSite","@id":"https:\/\/www.duunauspalvelutjarvi.fi\/#website","url":"https:\/\/www.duunauspalvelutjarvi.fi\/","name":"","description":"","potentialAction":[{"@type":"SearchAction","target":{"@type":"EntryPoint","urlTemplate":"https:\/\/www.duunauspalvelutjarvi.fi\/?s={search_term_string}"},"query-input":{"@type":"PropertyValueSpecification","valueRequired":true,"valueName":"search_term_string"}}],"inLanguage":"fi"}]}},"jetpack_sharing_enabled":true,"_links":{"self":[{"href":"https:\/\/www.duunauspalvelutjarvi.fi\/index.php?rest_route=\/wp\/v2\/product\/14215","targetHints":{"allow":["GET"]}}],"collection":[{"href":"https:\/\/www.duunauspalvelutjarvi.fi\/index.php?rest_route=\/wp\/v2\/product"}],"about":[{"href":"https:\/\/www.duunauspalvelutjarvi.fi\/index.php?rest_route=\/wp\/v2\/types\/product"}],"replies":[{"embeddable":true,"href":"https:\/\/www.duunauspalvelutjarvi.fi\/index.php?rest_route=%2Fwp%2Fv2%2Fcomments&post=14215"}],"wp:featuredmedia":[{"embeddable":true,"href":"https:\/\/www.duunauspalvelutjarvi.fi\/index.php?rest_route=\/wp\/v2\/media\/14219"}],"wp:attachment":[{"href":"https:\/\/www.duunauspalvelutjarvi.fi\/index.php?rest_route=%2Fwp%2Fv2%2Fmedia&parent=14215"}],"wp:term":[{"taxonomy":"product_brand","embeddable":true,"href":"https:\/\/www.duunauspalvelutjarvi.fi\/index.php?rest_route=%2Fwp%2Fv2%2Fproduct_brand&post=14215"},{"taxonomy":"product_cat","embeddable":true,"href":"https:\/\/www.duunauspalvelutjarvi.fi\/index.php?rest_route=%2Fwp%2Fv2%2Fproduct_cat&post=14215"},{"taxonomy":"product_tag","embeddable":true,"href":"https:\/\/www.duunauspalvelutjarvi.fi\/index.php?rest_route=%2Fwp%2Fv2%2Fproduct_tag&post=14215"}],"curies":[{"name":"wp","href":"https:\/\/api.w.org\/{rel}","templated":true}]}}