{"id":14417,"date":"2023-09-13T14:38:47","date_gmt":"2023-09-13T11:38:47","guid":{"rendered":"https:\/\/www.duunauspalvelutjarvi.fi\/?post_type=product&#038;p=14417"},"modified":"2023-09-13T14:55:35","modified_gmt":"2023-09-13T11:55:35","slug":"nedis-wifico40cbk-valvontakamera-ulkokayttoon","status":"publish","type":"product","link":"https:\/\/www.duunauspalvelutjarvi.fi\/?product=nedis-wifico40cbk-valvontakamera-ulkokayttoon","title":{"rendered":"Nedis WIFICO40CBK -valvontakamera ulkok\u00e4ytt\u00f6\u00f6n"},"content":{"rendered":"<p>Nedis WIFICO40CBK -valvontakamera ulkok\u00e4ytt\u00f6\u00f6n. Helppok\u00e4ytt\u00f6inen ja \u00e4lyk\u00e4s valvontakamera yhdistet\u00e4\u00e4n kodin langattomaan Wi-Fi-verkkoon. Vedenpit\u00e4v\u00e4 metallikotelo ja 15 metrin pime\u00e4n\u00e4k\u00f6 viimeistelev\u00e4t luotettavan ratkaisun p\u00e4ivitt\u00e4iseen k\u00e4ytt\u00f6\u00f6n vuoden ymp\u00e4ri.<\/p>\n<p>Kameran tarkkuus on maksimissaan Full HD 1920 x 1080 130\u00b0 n\u00e4k\u00f6kent\u00e4ll\u00e4. Kamerasta l\u00f6ytyy sis\u00e4\u00e4nrakennettu mikrofoni ja kaiutin, joten voit kuunnella ja puhua kameran edess\u00e4 olevan henkil\u00f6n kanssa. Kamera tukee tallenteiden tekemist\u00e4 joko erikseen ostettavalle muistikortille tai valinnaiselle\/tilauspohjaiseen pilvipalveluun. Kamera tekee tallenteita esim. ajastetusti ja liikkeen tai \u00e4\u00e4nen perusteella.<\/p>\n<p><strong>Ominaisuudet:<\/strong><\/p>\n<ul>\n<li>Vedenpit\u00e4v\u00e4 (IP65) metallikotelo takaa luotettavan ja kest\u00e4v\u00e4n ratkaisun, joka sopii ymp\u00e4rivuotiseen k\u00e4ytt\u00f6\u00f6n.<\/li>\n<li>Full HD -kuvanlaatu, jolla tallennat kaikki yksityiskohdat; katso reaaliaikaista videokuvaa tai tallennettuja videoita sovelluksella.<\/li>\n<li>Kun kamera havaitsee (ei-toivottua) liikett\u00e4, se l\u00e4hett\u00e4\u00e4 push-ilmoituksen \u00e4lypuhelimeen ja aloittaa tallennuksen automaattisesti.<\/li>\n<li>Kaksisuuntainen \u00e4\u00e4ni, jonka ansiosta voit sek\u00e4 kuunnella ett\u00e4 puhua.<\/li>\n<li>Vedenpit\u00e4v\u00e4 metallikotelo takaa luotettavan ja kest\u00e4v\u00e4n ratkaisun, joka sopii ymp\u00e4rivuotiseen k\u00e4ytt\u00f6\u00f6n.<\/li>\n<li>Tallennus enint\u00e4\u00e4n 128 Gt:n micro SD -kortille (ei sis\u00e4lly toimitukseen) tai pilvipalveluun (tilauspohjainen).<\/li>\n<li>Liikkeen- ja \u00e4\u00e4nentunnistus sek\u00e4 s\u00e4\u00e4dett\u00e4v\u00e4 herkkyys.<\/li>\n<li>Pime\u00e4n\u00e4k\u00f6 jopa 15 m tehokkaan infrapuna-LEDin ansiosta.<\/li>\n<\/ul>\n<p><strong>Tekniset tiedot:<\/strong><\/p>\n<ul>\n<li>V\u00e4ri: musta<\/li>\n<li>Maksimi kuvantarkkuus: 1920 x 1080, Full HD, 2 MP<\/li>\n<li>Kuvasensori: 1\/2.9\u201d CMOS<\/li>\n<li>Maksimi ruudunp\u00e4ivitysnopeus: 25 fps<\/li>\n<li>N\u00e4k\u00f6kentt\u00e4: 130\u00b0<\/li>\n<li>Wi-Fi 2.4 GHz<\/li>\n<li>Muistikorttipaikka, microSD (kortti ostettava erikseen, maks 128 Gt)<\/li>\n<li>Materiaali: metalli<\/li>\n<li>Kaksisuuntainen \u00e4\u00e4ni &#8211; sis\u00e4\u00e4nrakennettu mikrofoni ja kaiutin<\/li>\n<li>Pilvipalvelu saatavilla (valinnainen)<\/li>\n<li>IP-suojaluokitus: IP65<\/li>\n<li>IR-y\u00f6n\u00e4k\u00f6, jopa 15 m<\/li>\n<li>Virrankulutus: maks. 12 W<\/li>\n<li>Liiketunnistin<\/li>\n<li>Android- ja iOS-tuki, Nedis\u00ae SmartLife<\/li>\n<li>K\u00e4ytt\u00f6l\u00e4mp\u00f6tila: -20 &#8211; 50 \u00b0C<\/li>\n<li>Mitat: 60 x 177 x 70 mm (LxKxS)<\/li>\n<li>Paino: 367 g<\/li>\n<li>Tulovirta: 1 A<\/li>\n<li>Virtal\u00e4hteen tyyppi: Euro\/Tyyppi C (CEE 7\/16)<\/li>\n<\/ul>\n<p><strong>Myyntipaketin sis\u00e4lt\u00f6:<\/strong><\/p>\n<ul>\n<li>Kamera<\/li>\n<li>Virtal\u00e4hde<\/li>\n<li>Kiinnitysruuvit<\/li>\n<\/ul>\n<p><strong><a href=\"https:\/\/www.duunauspalvelutjarvi.fi\/?product=valvontakameran-asennus\">Tarvitsetko asennuksen kamerallesi?<\/a><\/strong><\/p>\n","protected":false},"excerpt":{"rendered":"<p>Nedis WIFICO40CBK -valvontakamera ulkok\u00e4ytt\u00f6\u00f6n. Helppok\u00e4ytt\u00f6inen ja \u00e4lyk\u00e4s valvontakamera yhdistet\u00e4\u00e4n kodin langattomaan Wi-Fi-verkkoon. Vedenpit\u00e4v\u00e4 metallikotelo ja 15 metrin pime\u00e4n\u00e4k\u00f6 viimeistelev\u00e4t luotettavan ratkaisun p\u00e4ivitt\u00e4iseen k\u00e4ytt\u00f6\u00f6n vuoden ymp\u00e4ri. Kameran tarkkuus on maksimissaan Full HD 1920 x 1080 130\u00b0 n\u00e4k\u00f6kent\u00e4ll\u00e4. Kamerasta l\u00f6ytyy sis\u00e4\u00e4nrakennettu mikrofoni ja kaiutin, joten voit kuunnella ja puhua kameran edess\u00e4 olevan henkil\u00f6n kanssa. Kamera tukee tallenteiden [&hellip;]<\/p>\n","protected":false},"featured_media":14432,"comment_status":"open","ping_status":"closed","template":"","meta":[],"product_brand":[],"product_cat":[662,546],"product_tag":[],"class_list":{"0":"post-14417","1":"product","2":"type-product","3":"status-publish","4":"has-post-thumbnail","6":"product_cat-alykoti-valvonta","7":"product_cat-valvontakamerat","9":"first","10":"instock","11":"taxable","12":"shipping-taxable","13":"purchasable","14":"product-type-simple"},"yoast_head":"<!-- This site is optimized with the Yoast SEO plugin v27.3 - https:\/\/yoast.com\/product\/yoast-seo-wordpress\/ -->\n<title>Nedis WIFICO40CBK -valvontakamera ulkok\u00e4ytt\u00f6\u00f6n -<\/title>\n<meta name=\"robots\" content=\"index, follow, max-snippet:-1, max-image-preview:large, max-video-preview:-1\" \/>\n<link rel=\"canonical\" href=\"https:\/\/www.duunauspalvelutjarvi.fi\/?product=nedis-wifico40cbk-valvontakamera-ulkokayttoon\" \/>\n<meta property=\"og:locale\" content=\"fi_FI\" \/>\n<meta property=\"og:type\" content=\"article\" \/>\n<meta property=\"og:title\" content=\"Nedis WIFICO40CBK -valvontakamera ulkok\u00e4ytt\u00f6\u00f6n -\" \/>\n<meta property=\"og:description\" content=\"Nedis WIFICO40CBK -valvontakamera ulkok\u00e4ytt\u00f6\u00f6n. Helppok\u00e4ytt\u00f6inen ja \u00e4lyk\u00e4s valvontakamera yhdistet\u00e4\u00e4n kodin langattomaan Wi-Fi-verkkoon. Vedenpit\u00e4v\u00e4 metallikotelo ja 15 metrin pime\u00e4n\u00e4k\u00f6 viimeistelev\u00e4t luotettavan ratkaisun p\u00e4ivitt\u00e4iseen k\u00e4ytt\u00f6\u00f6n vuoden ymp\u00e4ri. Kameran tarkkuus on maksimissaan Full HD 1920 x 1080 130\u00b0 n\u00e4k\u00f6kent\u00e4ll\u00e4. Kamerasta l\u00f6ytyy sis\u00e4\u00e4nrakennettu mikrofoni ja kaiutin, joten voit kuunnella ja puhua kameran edess\u00e4 olevan henkil\u00f6n kanssa. Kamera tukee tallenteiden [&hellip;]\" \/>\n<meta property=\"og:url\" content=\"https:\/\/www.duunauspalvelutjarvi.fi\/?product=nedis-wifico40cbk-valvontakamera-ulkokayttoon\" \/>\n<meta property=\"article:modified_time\" content=\"2023-09-13T11:55:35+00:00\" \/>\n<meta property=\"og:image\" content=\"https:\/\/www.duunauspalvelutjarvi.fi\/wp-content\/uploads\/2023\/09\/2_876628-942x773-1.jpeg\" \/>\n\t<meta property=\"og:image:width\" content=\"942\" \/>\n\t<meta property=\"og:image:height\" content=\"773\" \/>\n\t<meta property=\"og:image:type\" content=\"image\/jpeg\" \/>\n<meta name=\"twitter:card\" content=\"summary_large_image\" \/>\n<meta name=\"twitter:label1\" content=\"Arvioitu lukuaika\" \/>\n\t<meta name=\"twitter:data1\" content=\"2 minuuttia\" \/>\n<script type=\"application\/ld+json\" class=\"yoast-schema-graph\">{\"@context\":\"https:\\\/\\\/schema.org\",\"@graph\":[{\"@type\":\"WebPage\",\"@id\":\"https:\\\/\\\/www.duunauspalvelutjarvi.fi\\\/?product=nedis-wifico40cbk-valvontakamera-ulkokayttoon\",\"url\":\"https:\\\/\\\/www.duunauspalvelutjarvi.fi\\\/?product=nedis-wifico40cbk-valvontakamera-ulkokayttoon\",\"name\":\"Nedis WIFICO40CBK -valvontakamera ulkok\u00e4ytt\u00f6\u00f6n -\",\"isPartOf\":{\"@id\":\"https:\\\/\\\/www.duunauspalvelutjarvi.fi\\\/#website\"},\"primaryImageOfPage\":{\"@id\":\"https:\\\/\\\/www.duunauspalvelutjarvi.fi\\\/?product=nedis-wifico40cbk-valvontakamera-ulkokayttoon#primaryimage\"},\"image\":{\"@id\":\"https:\\\/\\\/www.duunauspalvelutjarvi.fi\\\/?product=nedis-wifico40cbk-valvontakamera-ulkokayttoon#primaryimage\"},\"thumbnailUrl\":\"https:\\\/\\\/www.duunauspalvelutjarvi.fi\\\/wp-content\\\/uploads\\\/2023\\\/09\\\/2_876628-942x773-1.jpeg\",\"datePublished\":\"2023-09-13T11:38:47+00:00\",\"dateModified\":\"2023-09-13T11:55:35+00:00\",\"breadcrumb\":{\"@id\":\"https:\\\/\\\/www.duunauspalvelutjarvi.fi\\\/?product=nedis-wifico40cbk-valvontakamera-ulkokayttoon#breadcrumb\"},\"inLanguage\":\"fi\",\"potentialAction\":[{\"@type\":\"ReadAction\",\"target\":[\"https:\\\/\\\/www.duunauspalvelutjarvi.fi\\\/?product=nedis-wifico40cbk-valvontakamera-ulkokayttoon\"]}]},{\"@type\":\"ImageObject\",\"inLanguage\":\"fi\",\"@id\":\"https:\\\/\\\/www.duunauspalvelutjarvi.fi\\\/?product=nedis-wifico40cbk-valvontakamera-ulkokayttoon#primaryimage\",\"url\":\"https:\\\/\\\/www.duunauspalvelutjarvi.fi\\\/wp-content\\\/uploads\\\/2023\\\/09\\\/2_876628-942x773-1.jpeg\",\"contentUrl\":\"https:\\\/\\\/www.duunauspalvelutjarvi.fi\\\/wp-content\\\/uploads\\\/2023\\\/09\\\/2_876628-942x773-1.jpeg\",\"width\":942,\"height\":773},{\"@type\":\"BreadcrumbList\",\"@id\":\"https:\\\/\\\/www.duunauspalvelutjarvi.fi\\\/?product=nedis-wifico40cbk-valvontakamera-ulkokayttoon#breadcrumb\",\"itemListElement\":[{\"@type\":\"ListItem\",\"position\":1,\"name\":\"Etusivu\",\"item\":\"https:\\\/\\\/www.duunauspalvelutjarvi.fi\\\/\"},{\"@type\":\"ListItem\",\"position\":2,\"name\":\"Etusivu\",\"item\":\"https:\\\/\\\/www.duunauspalvelutjarvi.fi\\\/\"},{\"@type\":\"ListItem\",\"position\":3,\"name\":\"Nedis WIFICO40CBK -valvontakamera ulkok\u00e4ytt\u00f6\u00f6n\"}]},{\"@type\":\"WebSite\",\"@id\":\"https:\\\/\\\/www.duunauspalvelutjarvi.fi\\\/#website\",\"url\":\"https:\\\/\\\/www.duunauspalvelutjarvi.fi\\\/\",\"name\":\"\",\"description\":\"\",\"potentialAction\":[{\"@type\":\"SearchAction\",\"target\":{\"@type\":\"EntryPoint\",\"urlTemplate\":\"https:\\\/\\\/www.duunauspalvelutjarvi.fi\\\/?s={search_term_string}\"},\"query-input\":{\"@type\":\"PropertyValueSpecification\",\"valueRequired\":true,\"valueName\":\"search_term_string\"}}],\"inLanguage\":\"fi\"}]}<\/script>\n<!-- \/ Yoast SEO plugin. -->","yoast_head_json":{"title":"Nedis WIFICO40CBK -valvontakamera ulkok\u00e4ytt\u00f6\u00f6n -","robots":{"index":"index","follow":"follow","max-snippet":"max-snippet:-1","max-image-preview":"max-image-preview:large","max-video-preview":"max-video-preview:-1"},"canonical":"https:\/\/www.duunauspalvelutjarvi.fi\/?product=nedis-wifico40cbk-valvontakamera-ulkokayttoon","og_locale":"fi_FI","og_type":"article","og_title":"Nedis WIFICO40CBK -valvontakamera ulkok\u00e4ytt\u00f6\u00f6n -","og_description":"Nedis WIFICO40CBK -valvontakamera ulkok\u00e4ytt\u00f6\u00f6n. Helppok\u00e4ytt\u00f6inen ja \u00e4lyk\u00e4s valvontakamera yhdistet\u00e4\u00e4n kodin langattomaan Wi-Fi-verkkoon. Vedenpit\u00e4v\u00e4 metallikotelo ja 15 metrin pime\u00e4n\u00e4k\u00f6 viimeistelev\u00e4t luotettavan ratkaisun p\u00e4ivitt\u00e4iseen k\u00e4ytt\u00f6\u00f6n vuoden ymp\u00e4ri. Kameran tarkkuus on maksimissaan Full HD 1920 x 1080 130\u00b0 n\u00e4k\u00f6kent\u00e4ll\u00e4. Kamerasta l\u00f6ytyy sis\u00e4\u00e4nrakennettu mikrofoni ja kaiutin, joten voit kuunnella ja puhua kameran edess\u00e4 olevan henkil\u00f6n kanssa. Kamera tukee tallenteiden [&hellip;]","og_url":"https:\/\/www.duunauspalvelutjarvi.fi\/?product=nedis-wifico40cbk-valvontakamera-ulkokayttoon","article_modified_time":"2023-09-13T11:55:35+00:00","og_image":[{"width":942,"height":773,"url":"https:\/\/www.duunauspalvelutjarvi.fi\/wp-content\/uploads\/2023\/09\/2_876628-942x773-1.jpeg","type":"image\/jpeg"}],"twitter_card":"summary_large_image","twitter_misc":{"Arvioitu lukuaika":"2 minuuttia"},"schema":{"@context":"https:\/\/schema.org","@graph":[{"@type":"WebPage","@id":"https:\/\/www.duunauspalvelutjarvi.fi\/?product=nedis-wifico40cbk-valvontakamera-ulkokayttoon","url":"https:\/\/www.duunauspalvelutjarvi.fi\/?product=nedis-wifico40cbk-valvontakamera-ulkokayttoon","name":"Nedis WIFICO40CBK -valvontakamera ulkok\u00e4ytt\u00f6\u00f6n -","isPartOf":{"@id":"https:\/\/www.duunauspalvelutjarvi.fi\/#website"},"primaryImageOfPage":{"@id":"https:\/\/www.duunauspalvelutjarvi.fi\/?product=nedis-wifico40cbk-valvontakamera-ulkokayttoon#primaryimage"},"image":{"@id":"https:\/\/www.duunauspalvelutjarvi.fi\/?product=nedis-wifico40cbk-valvontakamera-ulkokayttoon#primaryimage"},"thumbnailUrl":"https:\/\/www.duunauspalvelutjarvi.fi\/wp-content\/uploads\/2023\/09\/2_876628-942x773-1.jpeg","datePublished":"2023-09-13T11:38:47+00:00","dateModified":"2023-09-13T11:55:35+00:00","breadcrumb":{"@id":"https:\/\/www.duunauspalvelutjarvi.fi\/?product=nedis-wifico40cbk-valvontakamera-ulkokayttoon#breadcrumb"},"inLanguage":"fi","potentialAction":[{"@type":"ReadAction","target":["https:\/\/www.duunauspalvelutjarvi.fi\/?product=nedis-wifico40cbk-valvontakamera-ulkokayttoon"]}]},{"@type":"ImageObject","inLanguage":"fi","@id":"https:\/\/www.duunauspalvelutjarvi.fi\/?product=nedis-wifico40cbk-valvontakamera-ulkokayttoon#primaryimage","url":"https:\/\/www.duunauspalvelutjarvi.fi\/wp-content\/uploads\/2023\/09\/2_876628-942x773-1.jpeg","contentUrl":"https:\/\/www.duunauspalvelutjarvi.fi\/wp-content\/uploads\/2023\/09\/2_876628-942x773-1.jpeg","width":942,"height":773},{"@type":"BreadcrumbList","@id":"https:\/\/www.duunauspalvelutjarvi.fi\/?product=nedis-wifico40cbk-valvontakamera-ulkokayttoon#breadcrumb","itemListElement":[{"@type":"ListItem","position":1,"name":"Etusivu","item":"https:\/\/www.duunauspalvelutjarvi.fi\/"},{"@type":"ListItem","position":2,"name":"Etusivu","item":"https:\/\/www.duunauspalvelutjarvi.fi\/"},{"@type":"ListItem","position":3,"name":"Nedis WIFICO40CBK -valvontakamera ulkok\u00e4ytt\u00f6\u00f6n"}]},{"@type":"WebSite","@id":"https:\/\/www.duunauspalvelutjarvi.fi\/#website","url":"https:\/\/www.duunauspalvelutjarvi.fi\/","name":"","description":"","potentialAction":[{"@type":"SearchAction","target":{"@type":"EntryPoint","urlTemplate":"https:\/\/www.duunauspalvelutjarvi.fi\/?s={search_term_string}"},"query-input":{"@type":"PropertyValueSpecification","valueRequired":true,"valueName":"search_term_string"}}],"inLanguage":"fi"}]}},"jetpack_sharing_enabled":true,"_links":{"self":[{"href":"https:\/\/www.duunauspalvelutjarvi.fi\/index.php?rest_route=\/wp\/v2\/product\/14417","targetHints":{"allow":["GET"]}}],"collection":[{"href":"https:\/\/www.duunauspalvelutjarvi.fi\/index.php?rest_route=\/wp\/v2\/product"}],"about":[{"href":"https:\/\/www.duunauspalvelutjarvi.fi\/index.php?rest_route=\/wp\/v2\/types\/product"}],"replies":[{"embeddable":true,"href":"https:\/\/www.duunauspalvelutjarvi.fi\/index.php?rest_route=%2Fwp%2Fv2%2Fcomments&post=14417"}],"wp:featuredmedia":[{"embeddable":true,"href":"https:\/\/www.duunauspalvelutjarvi.fi\/index.php?rest_route=\/wp\/v2\/media\/14432"}],"wp:attachment":[{"href":"https:\/\/www.duunauspalvelutjarvi.fi\/index.php?rest_route=%2Fwp%2Fv2%2Fmedia&parent=14417"}],"wp:term":[{"taxonomy":"product_brand","embeddable":true,"href":"https:\/\/www.duunauspalvelutjarvi.fi\/index.php?rest_route=%2Fwp%2Fv2%2Fproduct_brand&post=14417"},{"taxonomy":"product_cat","embeddable":true,"href":"https:\/\/www.duunauspalvelutjarvi.fi\/index.php?rest_route=%2Fwp%2Fv2%2Fproduct_cat&post=14417"},{"taxonomy":"product_tag","embeddable":true,"href":"https:\/\/www.duunauspalvelutjarvi.fi\/index.php?rest_route=%2Fwp%2Fv2%2Fproduct_tag&post=14417"}],"curies":[{"name":"wp","href":"https:\/\/api.w.org\/{rel}","templated":true}]}}