{"id":14435,"date":"2023-09-13T15:04:57","date_gmt":"2023-09-13T12:04:57","guid":{"rendered":"https:\/\/www.duunauspalvelutjarvi.fi\/?post_type=product&#038;p=14435"},"modified":"2023-09-13T15:05:55","modified_gmt":"2023-09-13T12:05:55","slug":"nedis-smartlife-wificbo30wt-ulkokamera","status":"publish","type":"product","link":"https:\/\/www.duunauspalvelutjarvi.fi\/?product=nedis-smartlife-wificbo30wt-ulkokamera","title":{"rendered":"Nedis SmartLife WIFICBO30WT -ulkokamera"},"content":{"rendered":"<p>Nedis SmartLife WIFICBO30WT on helppok\u00e4ytt\u00f6inen ulkok\u00e4ytt\u00f6\u00f6n soveltuva IP-kamera vedenpit\u00e4v\u00e4ll\u00e4 IP65-luokituksella. Ladattavan akun ansiosta kameraa ei tarvitse kytke\u00e4 s\u00e4hk\u00f6pistorasiaan. Kameran voi yhdist\u00e4\u00e4 helposti olemassa olevaan Wi-Fi-verkkoon, jolloin voit valvoa kotiasi tai puutarhaasi sek\u00e4 tallentaa \u00e4\u00e4nt\u00e4 tai liikett\u00e4, olitpa sitten kotona tai tien p\u00e4\u00e4ll\u00e4. Nedis Smart Life\u00ae -sovellus ilmoittaa sinulle liikkeest\u00e4, jotta voit puuttua asiaan ajoissa.<\/p>\n<p>Lataa kamera, mink\u00e4 j\u00e4lkeen se on valmis k\u00e4ytett\u00e4v\u00e4ksi turvakamerana tai tavaroidesi silm\u00e4ll\u00e4 pit\u00e4miseen. Kameraa voi k\u00e4ytt\u00e4\u00e4 yhdell\u00e4 latauksella jopa muutaman kuukauden ajan riippuen tallennusten m\u00e4\u00e4r\u00e4st\u00e4. Akunkesto on keskim\u00e4\u00e4rin 3 kuukautta, kun kamera tallentaa 10 tapahtumaa p\u00e4iv\u00e4ss\u00e4. L\u00e4mp\u00f6tila voi vaikuttaa akunkestoon. Sovelluksen avulla voit seurata ja reagoida reaaliajassa kaikkeen n\u00e4kem\u00e4\u00e4si. MicroSD-korttipaikan ansiosta voit tallentaa jopa 128 Gt:n verran tallenteita MicroSD-kortille (ei sis\u00e4lly toimitukseen). Kamera tallentaa selkeit\u00e4 kuvia Full HD -tarkkuudella (1920 x 1080 pikseli\u00e4). Voit my\u00f6s tallentaa videomateriaalin sovellukseemme pilviratkaisun avulla.<\/p>\n<p>Wi-Fi-kamera reagoi liikkeeseen eli aina, kun joku kulkee sen ohi. Halutessasi kamera alkaa tallentaa automaattisesti, ja lis\u00e4ksi saat push-ilmoituksen \u00e4lypuhelimeesi. Ilmoitukset n\u00e4kyv\u00e4t ponnahdusviestein\u00e4 \u00e4lypuhelimessasi ilman, ett\u00e4 sinun tarvitsee avata sovellusta. T\u00e4m\u00e4 tarkoittaa, ett\u00e4 saat ilmoituksen v\u00e4litt\u00f6m\u00e4sti ja voit reagoida nopeasti. Voit ohjelmoida PIR-anturin herkkyytt\u00e4, jotta se ei aiheuta v\u00e4\u00e4ri\u00e4 h\u00e4lytyksi\u00e4. Wi-Fi-kamerassa on mikrofoni ja kaiutin. Kaksisuuntaisella \u00e4\u00e4nitoiminnolla voit puhua ovella seisovan henkil\u00f6n kanssa. Voit my\u00f6s puhua h\u00e4nelle, vaikka et olisi kotona. Kamerassa on 130 asteen laajakulmaobjektiivi, joka mahdollistaa eritt\u00e4in suuren valvonta-alueen. Sijoittamalla kameran oikein voit n\u00e4hd\u00e4 postinjakajan jo h\u00e4nen l\u00e4hestyess\u00e4\u00e4n etuovea etk\u00e4 vasta siin\u00e4 vaiheessa, kun h\u00e4n jo seisoo ovella.<\/p>\n<p>Wi-Fi-kamera on helppo asentaa ilman yhdysk\u00e4yt\u00e4v\u00e4\u00e4 ja integroida suoraan langattomaan verkkoon. T\u00e4m\u00e4 tekee asentamisesta yksinkertaisempaa ja s\u00e4\u00e4st\u00e4\u00e4 kustannuksia. Kameraa saa virtaa ladattavista akuista tai se voidaan ladata lis\u00e4varusteena saatavan aurinkopaneelin kautta. Voit siis asentaa Wi-Fi-kameran mihin tahansa, vaikka l\u00e4hell\u00e4 ei ole pistorasiaa. Kameran mukana toimitetaan kamerateline, jonka avulla voit asettaa kameran kotisi sein\u00e4lle.<\/p>\n<p><strong>Ominaisuudet:<br \/>\n<\/strong><\/p>\n<ul>\n<li>Langaton Full HD 1080p kamera<\/li>\n<li>Vedenkest\u00e4v\u00e4 IP65-kotelo<\/li>\n<li>MicroSD-korttipaikka<\/li>\n<li>Liiketunnistus s\u00e4\u00e4dett\u00e4v\u00e4ll\u00e4 herkkyydell\u00e4<\/li>\n<li>Ohjaus sovelluksella<\/li>\n<li>Ladattava akku<\/li>\n<li>Helppo asentaa suoraan WiFi-verkkoon<\/li>\n<li>Ihanteellinen kodin, puutarhan ja omien tavaroiden mobiilivalvontaan<\/li>\n<li>Kaksisuuntainen yhteys &#8211; kuulet huoneessa olijat ja voit puhua heille<\/li>\n<li>Laaja valvonta-alue 130 asteen laajakulmaobjektiivin avulla<\/li>\n<li>Y\u00f6kuvaustoiminto, jonka alue on noin 9 metri\u00e4<\/li>\n<li>Akunkesto yhdell\u00e4 latauksella jopa 4 kuukautta valmiustilassa \/ 900 tallennusta (2 kuukautta, jos tallenteita on 10 p\u00e4iv\u00e4ss\u00e4)<\/li>\n<li>Videotallennus pilvipalveluun mahdollista (tilauspohjainen)<\/li>\n<li>Monik\u00e4ytt\u00e4j\u00e4toiminto, joten useat henkil\u00f6t voivat k\u00e4ytt\u00e4\u00e4 kameraa samanaikaisesti<\/li>\n<li>Lis\u00e4varusteena saatavana my\u00f6s aurinkopaneeli<\/li>\n<li>Tukee t\u00e4ysin kaikkia Nedis\u00ae SmartLife -valikoiman tuotteita<\/li>\n<li>Mukana: akkuk\u00e4ytt\u00f6inen Wi-Fi-kamera, kamerateline, USB-kaapeli, pikaopas<\/li>\n<\/ul>\n<p><strong>Tekniset ominaisuudet:<\/strong><\/p>\n<ul>\n<li>V\u00e4ri: valkoinen<\/li>\n<li>Sis\u00e4\u00e4nrakennettu mikrofoni: kyll\u00e4<\/li>\n<li>Laitteen tulovirran liittimet: Micro-USB<\/li>\n<li>Tuloj\u00e4nnite: 5 V DC<\/li>\n<li>Tulovirta: 1 A<\/li>\n<li>Maksimi virrankulutus: 2 W<\/li>\n<li>Virtal\u00e4hteen tyyppi: USB-virta<\/li>\n<li>Akkuk\u00e4ytt\u00f6inen<\/li>\n<li>Akun kapasiteetti: 5200 mAh<\/li>\n<li>Sis\u00e4\u00e4nrakennettu Litium-Ioni<\/li>\n<li>Pilvipalvelutallennus mahdollisuus: kyll\u00e4<\/li>\n<li>Integroidut kaiuttimet: kyll\u00e4<\/li>\n<li>Sopii k\u00e4ytett\u00e4v\u00e4ksi: Nedis\u00ae SmartLife<\/li>\n<li>Langaton tekniikka: Wi-Fi<\/li>\n<li>Maksimi l\u00e4hetysantennin vahvistus: 3 dBi<\/li>\n<li>Maksimi l\u00e4hetysteho: 19 dBm<\/li>\n<li>Infrapuna h\u00e4m\u00e4r\u00e4n\u00e4k\u00f6: kyll\u00e4<\/li>\n<li>Kuvaa per sekunti: 25 fps<\/li>\n<li>Megapikselit: 2 MPixel<\/li>\n<li>Kalansilm\u00e4: ei<\/li>\n<li>Y\u00f6kuvaus: 10 m<\/li>\n<li>Paristot sis\u00e4ltyv\u00e4t: kyll\u00e4<\/li>\n<li>Linssi: 3,2 mm<\/li>\n<li>Katselukulma: 130 \u00b0<\/li>\n<li>Kuvapiiri: 1\/2.9\u201d CMOS<\/li>\n<li>Tallennustyyppi: MicroSD (ei sis\u00e4lly)<\/li>\n<li>Pilvipalvelutallennus (valinnainen)<\/li>\n<li>Kameran malli: Luoti<\/li>\n<li>Toimintal\u00e4mp\u00f6tila-alue: -20 \u00b0C &#8230; +50 \u00b0C<\/li>\n<li>Sovellus saatavana kohteeseen: Apple Store, Google Play<\/li>\n<li>Maks. akunkesto: 6 kuukautta<\/li>\n<li>L\u00e4hetystaajuuden alue: 2417 &#8211; 2472 MHz<\/li>\n<\/ul>\n<p><strong><a href=\"https:\/\/www.duunauspalvelutjarvi.fi\/?product=valvontakameran-asennus\">Tarvitsetko asennuksen kamerallesi?<\/a><\/strong><\/p>\n","protected":false},"excerpt":{"rendered":"<p>Nedis SmartLife WIFICBO30WT on helppok\u00e4ytt\u00f6inen ulkok\u00e4ytt\u00f6\u00f6n soveltuva IP-kamera vedenpit\u00e4v\u00e4ll\u00e4 IP65-luokituksella. Ladattavan akun ansiosta kameraa ei tarvitse kytke\u00e4 s\u00e4hk\u00f6pistorasiaan. Kameran voi yhdist\u00e4\u00e4 helposti olemassa olevaan Wi-Fi-verkkoon, jolloin voit valvoa kotiasi tai puutarhaasi sek\u00e4 tallentaa \u00e4\u00e4nt\u00e4 tai liikett\u00e4, olitpa sitten kotona tai tien p\u00e4\u00e4ll\u00e4. Nedis Smart Life\u00ae -sovellus ilmoittaa sinulle liikkeest\u00e4, jotta voit puuttua asiaan ajoissa. Lataa [&hellip;]<\/p>\n","protected":false},"featured_media":14436,"comment_status":"open","ping_status":"closed","template":"","meta":[],"product_brand":[],"product_cat":[662,546],"product_tag":[],"class_list":{"0":"post-14435","1":"product","2":"type-product","3":"status-publish","4":"has-post-thumbnail","6":"product_cat-alykoti-valvonta","7":"product_cat-valvontakamerat","9":"first","10":"instock","11":"taxable","12":"shipping-taxable","13":"purchasable","14":"product-type-simple"},"yoast_head":"<!-- This site is optimized with the Yoast SEO plugin v27.3 - https:\/\/yoast.com\/product\/yoast-seo-wordpress\/ -->\n<title>Nedis SmartLife WIFICBO30WT -ulkokamera -<\/title>\n<meta name=\"robots\" content=\"index, follow, max-snippet:-1, max-image-preview:large, max-video-preview:-1\" \/>\n<link rel=\"canonical\" href=\"https:\/\/www.duunauspalvelutjarvi.fi\/?product=nedis-smartlife-wificbo30wt-ulkokamera\" \/>\n<meta property=\"og:locale\" content=\"fi_FI\" \/>\n<meta property=\"og:type\" content=\"article\" \/>\n<meta property=\"og:title\" content=\"Nedis SmartLife WIFICBO30WT -ulkokamera -\" \/>\n<meta property=\"og:description\" content=\"Nedis SmartLife WIFICBO30WT on helppok\u00e4ytt\u00f6inen ulkok\u00e4ytt\u00f6\u00f6n soveltuva IP-kamera vedenpit\u00e4v\u00e4ll\u00e4 IP65-luokituksella. Ladattavan akun ansiosta kameraa ei tarvitse kytke\u00e4 s\u00e4hk\u00f6pistorasiaan. Kameran voi yhdist\u00e4\u00e4 helposti olemassa olevaan Wi-Fi-verkkoon, jolloin voit valvoa kotiasi tai puutarhaasi sek\u00e4 tallentaa \u00e4\u00e4nt\u00e4 tai liikett\u00e4, olitpa sitten kotona tai tien p\u00e4\u00e4ll\u00e4. Nedis Smart Life\u00ae -sovellus ilmoittaa sinulle liikkeest\u00e4, jotta voit puuttua asiaan ajoissa. Lataa [&hellip;]\" \/>\n<meta property=\"og:url\" content=\"https:\/\/www.duunauspalvelutjarvi.fi\/?product=nedis-smartlife-wificbo30wt-ulkokamera\" \/>\n<meta property=\"article:modified_time\" content=\"2023-09-13T12:05:55+00:00\" \/>\n<meta property=\"og:image\" content=\"https:\/\/www.duunauspalvelutjarvi.fi\/wp-content\/uploads\/2023\/09\/2_857035-707x928-1.jpeg\" \/>\n\t<meta property=\"og:image:width\" content=\"707\" \/>\n\t<meta property=\"og:image:height\" content=\"928\" \/>\n\t<meta property=\"og:image:type\" content=\"image\/jpeg\" \/>\n<meta name=\"twitter:card\" content=\"summary_large_image\" \/>\n<meta name=\"twitter:label1\" content=\"Arvioitu lukuaika\" \/>\n\t<meta name=\"twitter:data1\" content=\"4 minuuttia\" \/>\n<script type=\"application\/ld+json\" class=\"yoast-schema-graph\">{\"@context\":\"https:\\\/\\\/schema.org\",\"@graph\":[{\"@type\":\"WebPage\",\"@id\":\"https:\\\/\\\/www.duunauspalvelutjarvi.fi\\\/?product=nedis-smartlife-wificbo30wt-ulkokamera\",\"url\":\"https:\\\/\\\/www.duunauspalvelutjarvi.fi\\\/?product=nedis-smartlife-wificbo30wt-ulkokamera\",\"name\":\"Nedis SmartLife WIFICBO30WT -ulkokamera -\",\"isPartOf\":{\"@id\":\"https:\\\/\\\/www.duunauspalvelutjarvi.fi\\\/#website\"},\"primaryImageOfPage\":{\"@id\":\"https:\\\/\\\/www.duunauspalvelutjarvi.fi\\\/?product=nedis-smartlife-wificbo30wt-ulkokamera#primaryimage\"},\"image\":{\"@id\":\"https:\\\/\\\/www.duunauspalvelutjarvi.fi\\\/?product=nedis-smartlife-wificbo30wt-ulkokamera#primaryimage\"},\"thumbnailUrl\":\"https:\\\/\\\/www.duunauspalvelutjarvi.fi\\\/wp-content\\\/uploads\\\/2023\\\/09\\\/2_857035-707x928-1.jpeg\",\"datePublished\":\"2023-09-13T12:04:57+00:00\",\"dateModified\":\"2023-09-13T12:05:55+00:00\",\"breadcrumb\":{\"@id\":\"https:\\\/\\\/www.duunauspalvelutjarvi.fi\\\/?product=nedis-smartlife-wificbo30wt-ulkokamera#breadcrumb\"},\"inLanguage\":\"fi\",\"potentialAction\":[{\"@type\":\"ReadAction\",\"target\":[\"https:\\\/\\\/www.duunauspalvelutjarvi.fi\\\/?product=nedis-smartlife-wificbo30wt-ulkokamera\"]}]},{\"@type\":\"ImageObject\",\"inLanguage\":\"fi\",\"@id\":\"https:\\\/\\\/www.duunauspalvelutjarvi.fi\\\/?product=nedis-smartlife-wificbo30wt-ulkokamera#primaryimage\",\"url\":\"https:\\\/\\\/www.duunauspalvelutjarvi.fi\\\/wp-content\\\/uploads\\\/2023\\\/09\\\/2_857035-707x928-1.jpeg\",\"contentUrl\":\"https:\\\/\\\/www.duunauspalvelutjarvi.fi\\\/wp-content\\\/uploads\\\/2023\\\/09\\\/2_857035-707x928-1.jpeg\",\"width\":707,\"height\":928},{\"@type\":\"BreadcrumbList\",\"@id\":\"https:\\\/\\\/www.duunauspalvelutjarvi.fi\\\/?product=nedis-smartlife-wificbo30wt-ulkokamera#breadcrumb\",\"itemListElement\":[{\"@type\":\"ListItem\",\"position\":1,\"name\":\"Etusivu\",\"item\":\"https:\\\/\\\/www.duunauspalvelutjarvi.fi\\\/\"},{\"@type\":\"ListItem\",\"position\":2,\"name\":\"Etusivu\",\"item\":\"https:\\\/\\\/www.duunauspalvelutjarvi.fi\\\/\"},{\"@type\":\"ListItem\",\"position\":3,\"name\":\"Nedis SmartLife WIFICBO30WT -ulkokamera\"}]},{\"@type\":\"WebSite\",\"@id\":\"https:\\\/\\\/www.duunauspalvelutjarvi.fi\\\/#website\",\"url\":\"https:\\\/\\\/www.duunauspalvelutjarvi.fi\\\/\",\"name\":\"\",\"description\":\"\",\"potentialAction\":[{\"@type\":\"SearchAction\",\"target\":{\"@type\":\"EntryPoint\",\"urlTemplate\":\"https:\\\/\\\/www.duunauspalvelutjarvi.fi\\\/?s={search_term_string}\"},\"query-input\":{\"@type\":\"PropertyValueSpecification\",\"valueRequired\":true,\"valueName\":\"search_term_string\"}}],\"inLanguage\":\"fi\"}]}<\/script>\n<!-- \/ Yoast SEO plugin. -->","yoast_head_json":{"title":"Nedis SmartLife WIFICBO30WT -ulkokamera -","robots":{"index":"index","follow":"follow","max-snippet":"max-snippet:-1","max-image-preview":"max-image-preview:large","max-video-preview":"max-video-preview:-1"},"canonical":"https:\/\/www.duunauspalvelutjarvi.fi\/?product=nedis-smartlife-wificbo30wt-ulkokamera","og_locale":"fi_FI","og_type":"article","og_title":"Nedis SmartLife WIFICBO30WT -ulkokamera -","og_description":"Nedis SmartLife WIFICBO30WT on helppok\u00e4ytt\u00f6inen ulkok\u00e4ytt\u00f6\u00f6n soveltuva IP-kamera vedenpit\u00e4v\u00e4ll\u00e4 IP65-luokituksella. Ladattavan akun ansiosta kameraa ei tarvitse kytke\u00e4 s\u00e4hk\u00f6pistorasiaan. Kameran voi yhdist\u00e4\u00e4 helposti olemassa olevaan Wi-Fi-verkkoon, jolloin voit valvoa kotiasi tai puutarhaasi sek\u00e4 tallentaa \u00e4\u00e4nt\u00e4 tai liikett\u00e4, olitpa sitten kotona tai tien p\u00e4\u00e4ll\u00e4. Nedis Smart Life\u00ae -sovellus ilmoittaa sinulle liikkeest\u00e4, jotta voit puuttua asiaan ajoissa. Lataa [&hellip;]","og_url":"https:\/\/www.duunauspalvelutjarvi.fi\/?product=nedis-smartlife-wificbo30wt-ulkokamera","article_modified_time":"2023-09-13T12:05:55+00:00","og_image":[{"width":707,"height":928,"url":"https:\/\/www.duunauspalvelutjarvi.fi\/wp-content\/uploads\/2023\/09\/2_857035-707x928-1.jpeg","type":"image\/jpeg"}],"twitter_card":"summary_large_image","twitter_misc":{"Arvioitu lukuaika":"4 minuuttia"},"schema":{"@context":"https:\/\/schema.org","@graph":[{"@type":"WebPage","@id":"https:\/\/www.duunauspalvelutjarvi.fi\/?product=nedis-smartlife-wificbo30wt-ulkokamera","url":"https:\/\/www.duunauspalvelutjarvi.fi\/?product=nedis-smartlife-wificbo30wt-ulkokamera","name":"Nedis SmartLife WIFICBO30WT -ulkokamera -","isPartOf":{"@id":"https:\/\/www.duunauspalvelutjarvi.fi\/#website"},"primaryImageOfPage":{"@id":"https:\/\/www.duunauspalvelutjarvi.fi\/?product=nedis-smartlife-wificbo30wt-ulkokamera#primaryimage"},"image":{"@id":"https:\/\/www.duunauspalvelutjarvi.fi\/?product=nedis-smartlife-wificbo30wt-ulkokamera#primaryimage"},"thumbnailUrl":"https:\/\/www.duunauspalvelutjarvi.fi\/wp-content\/uploads\/2023\/09\/2_857035-707x928-1.jpeg","datePublished":"2023-09-13T12:04:57+00:00","dateModified":"2023-09-13T12:05:55+00:00","breadcrumb":{"@id":"https:\/\/www.duunauspalvelutjarvi.fi\/?product=nedis-smartlife-wificbo30wt-ulkokamera#breadcrumb"},"inLanguage":"fi","potentialAction":[{"@type":"ReadAction","target":["https:\/\/www.duunauspalvelutjarvi.fi\/?product=nedis-smartlife-wificbo30wt-ulkokamera"]}]},{"@type":"ImageObject","inLanguage":"fi","@id":"https:\/\/www.duunauspalvelutjarvi.fi\/?product=nedis-smartlife-wificbo30wt-ulkokamera#primaryimage","url":"https:\/\/www.duunauspalvelutjarvi.fi\/wp-content\/uploads\/2023\/09\/2_857035-707x928-1.jpeg","contentUrl":"https:\/\/www.duunauspalvelutjarvi.fi\/wp-content\/uploads\/2023\/09\/2_857035-707x928-1.jpeg","width":707,"height":928},{"@type":"BreadcrumbList","@id":"https:\/\/www.duunauspalvelutjarvi.fi\/?product=nedis-smartlife-wificbo30wt-ulkokamera#breadcrumb","itemListElement":[{"@type":"ListItem","position":1,"name":"Etusivu","item":"https:\/\/www.duunauspalvelutjarvi.fi\/"},{"@type":"ListItem","position":2,"name":"Etusivu","item":"https:\/\/www.duunauspalvelutjarvi.fi\/"},{"@type":"ListItem","position":3,"name":"Nedis SmartLife WIFICBO30WT -ulkokamera"}]},{"@type":"WebSite","@id":"https:\/\/www.duunauspalvelutjarvi.fi\/#website","url":"https:\/\/www.duunauspalvelutjarvi.fi\/","name":"","description":"","potentialAction":[{"@type":"SearchAction","target":{"@type":"EntryPoint","urlTemplate":"https:\/\/www.duunauspalvelutjarvi.fi\/?s={search_term_string}"},"query-input":{"@type":"PropertyValueSpecification","valueRequired":true,"valueName":"search_term_string"}}],"inLanguage":"fi"}]}},"jetpack_sharing_enabled":true,"_links":{"self":[{"href":"https:\/\/www.duunauspalvelutjarvi.fi\/index.php?rest_route=\/wp\/v2\/product\/14435","targetHints":{"allow":["GET"]}}],"collection":[{"href":"https:\/\/www.duunauspalvelutjarvi.fi\/index.php?rest_route=\/wp\/v2\/product"}],"about":[{"href":"https:\/\/www.duunauspalvelutjarvi.fi\/index.php?rest_route=\/wp\/v2\/types\/product"}],"replies":[{"embeddable":true,"href":"https:\/\/www.duunauspalvelutjarvi.fi\/index.php?rest_route=%2Fwp%2Fv2%2Fcomments&post=14435"}],"wp:featuredmedia":[{"embeddable":true,"href":"https:\/\/www.duunauspalvelutjarvi.fi\/index.php?rest_route=\/wp\/v2\/media\/14436"}],"wp:attachment":[{"href":"https:\/\/www.duunauspalvelutjarvi.fi\/index.php?rest_route=%2Fwp%2Fv2%2Fmedia&parent=14435"}],"wp:term":[{"taxonomy":"product_brand","embeddable":true,"href":"https:\/\/www.duunauspalvelutjarvi.fi\/index.php?rest_route=%2Fwp%2Fv2%2Fproduct_brand&post=14435"},{"taxonomy":"product_cat","embeddable":true,"href":"https:\/\/www.duunauspalvelutjarvi.fi\/index.php?rest_route=%2Fwp%2Fv2%2Fproduct_cat&post=14435"},{"taxonomy":"product_tag","embeddable":true,"href":"https:\/\/www.duunauspalvelutjarvi.fi\/index.php?rest_route=%2Fwp%2Fv2%2Fproduct_tag&post=14435"}],"curies":[{"name":"wp","href":"https:\/\/api.w.org\/{rel}","templated":true}]}}