{"id":14444,"date":"2023-09-13T15:09:40","date_gmt":"2023-09-13T12:09:40","guid":{"rendered":"https:\/\/www.duunauspalvelutjarvi.fi\/?post_type=product&#038;p=14444"},"modified":"2023-09-13T15:10:33","modified_gmt":"2023-09-13T12:10:33","slug":"reolink-rln8-410-poe-nvr-tallennin-2-tt","status":"publish","type":"product","link":"https:\/\/www.duunauspalvelutjarvi.fi\/?product=reolink-rln8-410-poe-nvr-tallennin-2-tt","title":{"rendered":"Reolink RLN8-410 PoE -NVR-tallennin, 2 Tt"},"content":{"rendered":"<p>Reolink RLN8-410 on kahdeksankanavainen NVR-tallennin sis\u00e4isell\u00e4 kahden teraravun kovalevyll\u00e4. Tallentimeen voidaan liitt\u00e4\u00e4 l\u00e4hers kaikki* Reolinkin Ethernet, PoE ja Wifi -kamerat (akkuk\u00e4ytt\u00f6iset kamerat eiv\u00e4t ole yhteensopivia).<\/p>\n<p>Voit liitt\u00e4\u00e4 t\u00e4h\u00e4n tallentimeen erikseen ostetun Reolinkin valvontakameran. Jos liitett\u00e4v\u00e4 kamera tukee PoE-virransy\u00f6tt\u00f6\u00e4 (802.3af\/at), riitt\u00e4\u00e4 pelkk\u00e4 verkkokaapeli tallentimen ja kameran v\u00e4liin. Tallennin l\u00f6yt\u00e4\u00e4 l\u00e4hiverkosta automaattisesti kaikki yhteensopivat kamerat ja k\u00e4ytt\u00f6\u00f6notto on helppoa ja nopeaa. Kameroita voidaan maksimissaan liitt\u00e4\u00e4 kahdeksan (8) kappaletta.<\/p>\n<p>Tallentimessa on sis\u00e4inen kahden teratavun kovalevy ja kapasiteettia voidaan tarvittaessa laajentaa ulkoisella kovalevyll\u00e4 eSATA-liittimen kautta (ulkoisen kovalevyn kapasiteetti maks. 4 Tt). Voit m\u00e4\u00e4ritt\u00e4\u00e4 24\/7-tallennuksen tai jos haluat s\u00e4\u00e4st\u00e4\u00e4 levytilaa on kamerat mahdollista laittaa tallentamaan vain liikkeentunnistuksesta.<\/p>\n<p>Tallentimen hallinta ja k\u00e4ytt\u00f6 onnistuu suoraan TV:n\/monitorin kautta k\u00e4ytt\u00e4m\u00e4ll\u00e4 laitteen omaa j\u00e4rjestelm\u00e4\u00e4 tai sitten vaihtoehtoisesti tietokoneella k\u00e4ytt\u00e4m\u00e4ll\u00e4 Reolink Cilient -sovellusta (macOS\/Windows) ja\/tai nettiselainta. My\u00f6s mobiilisovellus l\u00f6ytyy Androidille ja iOS:lle.<\/p>\n<p><em>*Vain tallentimen uudempi V2-versio tukee \u00e4lykk\u00e4\u00e4ll\u00e4 liikkeentunnistuksella varustettuja Smart-kameroita, kuten RLC-810A, RLC-523WA tai E1 Outdoor. V2-versio korvannut alkuper\u00e4isen E-version 03\/2021. Tallentimen versio l\u00f6ytyy tyyppikilvest\u00e4. Tallennin ei toimi Wifi-kameroille tukiasemana, eli kameroiden ja tallentimen tulee olla samassa l\u00e4hiverkossa kiinni. Tallennin l\u00f6yt\u00e4\u00e4 verkossa langattomasti kiinni olevat kamerat.<\/em><\/p>\n<p><em>Tallentimen vanhemman, jo myynnist\u00e4 poistuneen E-version tekniset ominaisuudet l\u00f6ytyv\u00e4t\u00a0<a href=\"https:\/\/cdn-b.verkkokauppa.com\/62\/16_70491.pdf\" target=\"_blank\" rel=\"nofollow noopener\">t\u00e4\u00e4lt\u00e4<\/a>.<br \/>\n<\/em><\/p>\n<p><strong>Ominaisuudet<br \/>\n<\/strong><\/p>\n<ul>\n<li>Malli: Reolink RLN8-410-V2<\/li>\n<li>Kahdeksan kanavaa (maks. 8 kameraa)<\/li>\n<li>H.265, H.264 -videopakkaus<\/li>\n<li>2 Tt sis\u00e4inen kovalevy, tuki maks. 6 Tt<\/li>\n<li>e-Sata-liit\u00e4nt\u00e4 ulkoista kovalevy\u00e4 varten (maks. 6 Tt)<\/li>\n<li>HDMI ja VGA -liit\u00e4nn\u00e4t jolla laite voidaan liitt\u00e4\u00e4 n\u00e4ytt\u00f6\u00f6n tai televisioon<\/li>\n<li>USB 2.0 -liit\u00e4nn\u00e4t (2 kpl)<\/li>\n<li>10\/100M LAN-liit\u00e4nt\u00e4, 8 kpl, PoE-tuki (IEEE 802.3af\/at)<\/li>\n<li>10\/100\/1000M LAN\/WAN-liitin<\/li>\n<li>Tuetut protokollat: HTTP, TCP\/IP, UDP, DHCP, P2P, UPNP, RTSP, SMTP, SSL\/TLS, DNS, DDNS, NTP, FTP<\/li>\n<li>Selaintuki: IE, Firefox, Chrome, Safari<\/li>\n<li>Yhteensopivat k\u00e4ytt\u00f6j\u00e4rjestelm\u00e4t: Windows, macOS (Reolink Client -sovellus)<\/li>\n<li>Android- ja iOS-tuki<\/li>\n<li>Virtatiedot: DC 48V\/1.875A<\/li>\n<li>Virrankulutus: &lt;10W (ilman kovalevy\u00e4 ja kameroita)<\/li>\n<li>K\u00e4ytt\u00f6l\u00e4mp\u00f6tila: -10\u00b0C~+55\u00b0C (asennettava kuivaan sis\u00e4tilaan)<\/li>\n<li>Mitat: 260 x 41 x 230 mm<\/li>\n<li>Paino: 1.2 kg<\/li>\n<\/ul>\n<p><strong>Myyntipaketin sis\u00e4lt\u00f6:<\/strong><\/p>\n<ul>\n<li>RLN8-410-V2 -NVR-tallennin<\/li>\n<li>Tallentimen virtal\u00e4hde<\/li>\n<li>2 Tt kovalevty (valmiiksi asennettuna)<\/li>\n<li>Verkkokaapeli, 1 m (1 kpl)<\/li>\n<li>HDMI-kaapeli (1 kpl)<\/li>\n<li>USB-hiiri<\/li>\n<li>Pikaohje<\/li>\n<\/ul>\n","protected":false},"excerpt":{"rendered":"<p>Reolink RLN8-410 on kahdeksankanavainen NVR-tallennin sis\u00e4isell\u00e4 kahden teraravun kovalevyll\u00e4. Tallentimeen voidaan liitt\u00e4\u00e4 l\u00e4hers kaikki* Reolinkin Ethernet, PoE ja Wifi -kamerat (akkuk\u00e4ytt\u00f6iset kamerat eiv\u00e4t ole yhteensopivia). Voit liitt\u00e4\u00e4 t\u00e4h\u00e4n tallentimeen erikseen ostetun Reolinkin valvontakameran. Jos liitett\u00e4v\u00e4 kamera tukee PoE-virransy\u00f6tt\u00f6\u00e4 (802.3af\/at), riitt\u00e4\u00e4 pelkk\u00e4 verkkokaapeli tallentimen ja kameran v\u00e4liin. Tallennin l\u00f6yt\u00e4\u00e4 l\u00e4hiverkosta automaattisesti kaikki yhteensopivat kamerat ja k\u00e4ytt\u00f6\u00f6notto [&hellip;]<\/p>\n","protected":false},"featured_media":14448,"comment_status":"open","ping_status":"closed","template":"","meta":[],"product_brand":[],"product_cat":[545],"product_tag":[],"class_list":{"0":"post-14444","1":"product","2":"type-product","3":"status-publish","4":"has-post-thumbnail","6":"product_cat-verkkotallentimet","8":"first","9":"instock","10":"taxable","11":"shipping-taxable","12":"purchasable","13":"product-type-simple"},"yoast_head":"<!-- This site is optimized with the Yoast SEO plugin v27.3 - https:\/\/yoast.com\/product\/yoast-seo-wordpress\/ -->\n<title>Reolink RLN8-410 PoE -NVR-tallennin, 2 Tt -<\/title>\n<meta name=\"robots\" content=\"index, follow, max-snippet:-1, max-image-preview:large, max-video-preview:-1\" \/>\n<link rel=\"canonical\" href=\"https:\/\/www.duunauspalvelutjarvi.fi\/?product=reolink-rln8-410-poe-nvr-tallennin-2-tt\" \/>\n<meta property=\"og:locale\" content=\"fi_FI\" \/>\n<meta property=\"og:type\" content=\"article\" \/>\n<meta property=\"og:title\" content=\"Reolink RLN8-410 PoE -NVR-tallennin, 2 Tt -\" \/>\n<meta property=\"og:description\" content=\"Reolink RLN8-410 on kahdeksankanavainen NVR-tallennin sis\u00e4isell\u00e4 kahden teraravun kovalevyll\u00e4. Tallentimeen voidaan liitt\u00e4\u00e4 l\u00e4hers kaikki* Reolinkin Ethernet, PoE ja Wifi -kamerat (akkuk\u00e4ytt\u00f6iset kamerat eiv\u00e4t ole yhteensopivia). Voit liitt\u00e4\u00e4 t\u00e4h\u00e4n tallentimeen erikseen ostetun Reolinkin valvontakameran. Jos liitett\u00e4v\u00e4 kamera tukee PoE-virransy\u00f6tt\u00f6\u00e4 (802.3af\/at), riitt\u00e4\u00e4 pelkk\u00e4 verkkokaapeli tallentimen ja kameran v\u00e4liin. Tallennin l\u00f6yt\u00e4\u00e4 l\u00e4hiverkosta automaattisesti kaikki yhteensopivat kamerat ja k\u00e4ytt\u00f6\u00f6notto [&hellip;]\" \/>\n<meta property=\"og:url\" content=\"https:\/\/www.duunauspalvelutjarvi.fi\/?product=reolink-rln8-410-poe-nvr-tallennin-2-tt\" \/>\n<meta property=\"article:modified_time\" content=\"2023-09-13T12:10:33+00:00\" \/>\n<meta property=\"og:image\" content=\"https:\/\/www.duunauspalvelutjarvi.fi\/wp-content\/uploads\/2023\/09\/2_625924-1876x406-1.jpg\" \/>\n\t<meta property=\"og:image:width\" content=\"1876\" \/>\n\t<meta property=\"og:image:height\" content=\"406\" \/>\n\t<meta property=\"og:image:type\" content=\"image\/jpeg\" \/>\n<meta name=\"twitter:card\" content=\"summary_large_image\" \/>\n<meta name=\"twitter:label1\" content=\"Arvioitu lukuaika\" \/>\n\t<meta name=\"twitter:data1\" content=\"2 minuuttia\" \/>\n<script type=\"application\/ld+json\" class=\"yoast-schema-graph\">{\"@context\":\"https:\\\/\\\/schema.org\",\"@graph\":[{\"@type\":\"WebPage\",\"@id\":\"https:\\\/\\\/www.duunauspalvelutjarvi.fi\\\/?product=reolink-rln8-410-poe-nvr-tallennin-2-tt\",\"url\":\"https:\\\/\\\/www.duunauspalvelutjarvi.fi\\\/?product=reolink-rln8-410-poe-nvr-tallennin-2-tt\",\"name\":\"Reolink RLN8-410 PoE -NVR-tallennin, 2 Tt -\",\"isPartOf\":{\"@id\":\"https:\\\/\\\/www.duunauspalvelutjarvi.fi\\\/#website\"},\"primaryImageOfPage\":{\"@id\":\"https:\\\/\\\/www.duunauspalvelutjarvi.fi\\\/?product=reolink-rln8-410-poe-nvr-tallennin-2-tt#primaryimage\"},\"image\":{\"@id\":\"https:\\\/\\\/www.duunauspalvelutjarvi.fi\\\/?product=reolink-rln8-410-poe-nvr-tallennin-2-tt#primaryimage\"},\"thumbnailUrl\":\"https:\\\/\\\/www.duunauspalvelutjarvi.fi\\\/wp-content\\\/uploads\\\/2023\\\/09\\\/2_625924-1876x406-1.jpg\",\"datePublished\":\"2023-09-13T12:09:40+00:00\",\"dateModified\":\"2023-09-13T12:10:33+00:00\",\"breadcrumb\":{\"@id\":\"https:\\\/\\\/www.duunauspalvelutjarvi.fi\\\/?product=reolink-rln8-410-poe-nvr-tallennin-2-tt#breadcrumb\"},\"inLanguage\":\"fi\",\"potentialAction\":[{\"@type\":\"ReadAction\",\"target\":[\"https:\\\/\\\/www.duunauspalvelutjarvi.fi\\\/?product=reolink-rln8-410-poe-nvr-tallennin-2-tt\"]}]},{\"@type\":\"ImageObject\",\"inLanguage\":\"fi\",\"@id\":\"https:\\\/\\\/www.duunauspalvelutjarvi.fi\\\/?product=reolink-rln8-410-poe-nvr-tallennin-2-tt#primaryimage\",\"url\":\"https:\\\/\\\/www.duunauspalvelutjarvi.fi\\\/wp-content\\\/uploads\\\/2023\\\/09\\\/2_625924-1876x406-1.jpg\",\"contentUrl\":\"https:\\\/\\\/www.duunauspalvelutjarvi.fi\\\/wp-content\\\/uploads\\\/2023\\\/09\\\/2_625924-1876x406-1.jpg\",\"width\":1876,\"height\":406},{\"@type\":\"BreadcrumbList\",\"@id\":\"https:\\\/\\\/www.duunauspalvelutjarvi.fi\\\/?product=reolink-rln8-410-poe-nvr-tallennin-2-tt#breadcrumb\",\"itemListElement\":[{\"@type\":\"ListItem\",\"position\":1,\"name\":\"Etusivu\",\"item\":\"https:\\\/\\\/www.duunauspalvelutjarvi.fi\\\/\"},{\"@type\":\"ListItem\",\"position\":2,\"name\":\"Etusivu\",\"item\":\"https:\\\/\\\/www.duunauspalvelutjarvi.fi\\\/\"},{\"@type\":\"ListItem\",\"position\":3,\"name\":\"Reolink RLN8-410 PoE -NVR-tallennin, 2 Tt\"}]},{\"@type\":\"WebSite\",\"@id\":\"https:\\\/\\\/www.duunauspalvelutjarvi.fi\\\/#website\",\"url\":\"https:\\\/\\\/www.duunauspalvelutjarvi.fi\\\/\",\"name\":\"\",\"description\":\"\",\"potentialAction\":[{\"@type\":\"SearchAction\",\"target\":{\"@type\":\"EntryPoint\",\"urlTemplate\":\"https:\\\/\\\/www.duunauspalvelutjarvi.fi\\\/?s={search_term_string}\"},\"query-input\":{\"@type\":\"PropertyValueSpecification\",\"valueRequired\":true,\"valueName\":\"search_term_string\"}}],\"inLanguage\":\"fi\"}]}<\/script>\n<!-- \/ Yoast SEO plugin. -->","yoast_head_json":{"title":"Reolink RLN8-410 PoE -NVR-tallennin, 2 Tt -","robots":{"index":"index","follow":"follow","max-snippet":"max-snippet:-1","max-image-preview":"max-image-preview:large","max-video-preview":"max-video-preview:-1"},"canonical":"https:\/\/www.duunauspalvelutjarvi.fi\/?product=reolink-rln8-410-poe-nvr-tallennin-2-tt","og_locale":"fi_FI","og_type":"article","og_title":"Reolink RLN8-410 PoE -NVR-tallennin, 2 Tt -","og_description":"Reolink RLN8-410 on kahdeksankanavainen NVR-tallennin sis\u00e4isell\u00e4 kahden teraravun kovalevyll\u00e4. Tallentimeen voidaan liitt\u00e4\u00e4 l\u00e4hers kaikki* Reolinkin Ethernet, PoE ja Wifi -kamerat (akkuk\u00e4ytt\u00f6iset kamerat eiv\u00e4t ole yhteensopivia). Voit liitt\u00e4\u00e4 t\u00e4h\u00e4n tallentimeen erikseen ostetun Reolinkin valvontakameran. Jos liitett\u00e4v\u00e4 kamera tukee PoE-virransy\u00f6tt\u00f6\u00e4 (802.3af\/at), riitt\u00e4\u00e4 pelkk\u00e4 verkkokaapeli tallentimen ja kameran v\u00e4liin. Tallennin l\u00f6yt\u00e4\u00e4 l\u00e4hiverkosta automaattisesti kaikki yhteensopivat kamerat ja k\u00e4ytt\u00f6\u00f6notto [&hellip;]","og_url":"https:\/\/www.duunauspalvelutjarvi.fi\/?product=reolink-rln8-410-poe-nvr-tallennin-2-tt","article_modified_time":"2023-09-13T12:10:33+00:00","og_image":[{"width":1876,"height":406,"url":"https:\/\/www.duunauspalvelutjarvi.fi\/wp-content\/uploads\/2023\/09\/2_625924-1876x406-1.jpg","type":"image\/jpeg"}],"twitter_card":"summary_large_image","twitter_misc":{"Arvioitu lukuaika":"2 minuuttia"},"schema":{"@context":"https:\/\/schema.org","@graph":[{"@type":"WebPage","@id":"https:\/\/www.duunauspalvelutjarvi.fi\/?product=reolink-rln8-410-poe-nvr-tallennin-2-tt","url":"https:\/\/www.duunauspalvelutjarvi.fi\/?product=reolink-rln8-410-poe-nvr-tallennin-2-tt","name":"Reolink RLN8-410 PoE -NVR-tallennin, 2 Tt -","isPartOf":{"@id":"https:\/\/www.duunauspalvelutjarvi.fi\/#website"},"primaryImageOfPage":{"@id":"https:\/\/www.duunauspalvelutjarvi.fi\/?product=reolink-rln8-410-poe-nvr-tallennin-2-tt#primaryimage"},"image":{"@id":"https:\/\/www.duunauspalvelutjarvi.fi\/?product=reolink-rln8-410-poe-nvr-tallennin-2-tt#primaryimage"},"thumbnailUrl":"https:\/\/www.duunauspalvelutjarvi.fi\/wp-content\/uploads\/2023\/09\/2_625924-1876x406-1.jpg","datePublished":"2023-09-13T12:09:40+00:00","dateModified":"2023-09-13T12:10:33+00:00","breadcrumb":{"@id":"https:\/\/www.duunauspalvelutjarvi.fi\/?product=reolink-rln8-410-poe-nvr-tallennin-2-tt#breadcrumb"},"inLanguage":"fi","potentialAction":[{"@type":"ReadAction","target":["https:\/\/www.duunauspalvelutjarvi.fi\/?product=reolink-rln8-410-poe-nvr-tallennin-2-tt"]}]},{"@type":"ImageObject","inLanguage":"fi","@id":"https:\/\/www.duunauspalvelutjarvi.fi\/?product=reolink-rln8-410-poe-nvr-tallennin-2-tt#primaryimage","url":"https:\/\/www.duunauspalvelutjarvi.fi\/wp-content\/uploads\/2023\/09\/2_625924-1876x406-1.jpg","contentUrl":"https:\/\/www.duunauspalvelutjarvi.fi\/wp-content\/uploads\/2023\/09\/2_625924-1876x406-1.jpg","width":1876,"height":406},{"@type":"BreadcrumbList","@id":"https:\/\/www.duunauspalvelutjarvi.fi\/?product=reolink-rln8-410-poe-nvr-tallennin-2-tt#breadcrumb","itemListElement":[{"@type":"ListItem","position":1,"name":"Etusivu","item":"https:\/\/www.duunauspalvelutjarvi.fi\/"},{"@type":"ListItem","position":2,"name":"Etusivu","item":"https:\/\/www.duunauspalvelutjarvi.fi\/"},{"@type":"ListItem","position":3,"name":"Reolink RLN8-410 PoE -NVR-tallennin, 2 Tt"}]},{"@type":"WebSite","@id":"https:\/\/www.duunauspalvelutjarvi.fi\/#website","url":"https:\/\/www.duunauspalvelutjarvi.fi\/","name":"","description":"","potentialAction":[{"@type":"SearchAction","target":{"@type":"EntryPoint","urlTemplate":"https:\/\/www.duunauspalvelutjarvi.fi\/?s={search_term_string}"},"query-input":{"@type":"PropertyValueSpecification","valueRequired":true,"valueName":"search_term_string"}}],"inLanguage":"fi"}]}},"jetpack_sharing_enabled":true,"_links":{"self":[{"href":"https:\/\/www.duunauspalvelutjarvi.fi\/index.php?rest_route=\/wp\/v2\/product\/14444","targetHints":{"allow":["GET"]}}],"collection":[{"href":"https:\/\/www.duunauspalvelutjarvi.fi\/index.php?rest_route=\/wp\/v2\/product"}],"about":[{"href":"https:\/\/www.duunauspalvelutjarvi.fi\/index.php?rest_route=\/wp\/v2\/types\/product"}],"replies":[{"embeddable":true,"href":"https:\/\/www.duunauspalvelutjarvi.fi\/index.php?rest_route=%2Fwp%2Fv2%2Fcomments&post=14444"}],"wp:featuredmedia":[{"embeddable":true,"href":"https:\/\/www.duunauspalvelutjarvi.fi\/index.php?rest_route=\/wp\/v2\/media\/14448"}],"wp:attachment":[{"href":"https:\/\/www.duunauspalvelutjarvi.fi\/index.php?rest_route=%2Fwp%2Fv2%2Fmedia&parent=14444"}],"wp:term":[{"taxonomy":"product_brand","embeddable":true,"href":"https:\/\/www.duunauspalvelutjarvi.fi\/index.php?rest_route=%2Fwp%2Fv2%2Fproduct_brand&post=14444"},{"taxonomy":"product_cat","embeddable":true,"href":"https:\/\/www.duunauspalvelutjarvi.fi\/index.php?rest_route=%2Fwp%2Fv2%2Fproduct_cat&post=14444"},{"taxonomy":"product_tag","embeddable":true,"href":"https:\/\/www.duunauspalvelutjarvi.fi\/index.php?rest_route=%2Fwp%2Fv2%2Fproduct_tag&post=14444"}],"curies":[{"name":"wp","href":"https:\/\/api.w.org\/{rel}","templated":true}]}}