{"id":14484,"date":"2023-09-13T15:49:19","date_gmt":"2023-09-13T12:49:19","guid":{"rendered":"https:\/\/www.duunauspalvelutjarvi.fi\/?post_type=product&#038;p=14484"},"modified":"2023-09-13T15:49:52","modified_gmt":"2023-09-13T12:49:52","slug":"14484","status":"publish","type":"product","link":"https:\/\/www.duunauspalvelutjarvi.fi\/?product=14484","title":{"rendered":"Arlo Go 2 -valvontakamera 4G LTE ja WiFi-yhteydell\u00e4"},"content":{"rendered":"<p>Arlo Go 2 -valvontakamera on t\u00e4ydellinen ratkaisu kaikille, jotka tarvitsevat 24\/7 valvontaa, eik\u00e4 s\u00e4hk\u00f6\u00e4 tai Wifi-yhteytt\u00e4 ole saatavilla. Arlo Go 2 sopii m\u00f6kille, loma-asunnolle, asuntoautoon, veneisiin, rakennusty\u00f6maalle tai telttapaikalle. Ison sis\u00e4isen akun ja 4G LTE-yhteyden ansiosta voit huoletta jatkaa valvontaa s\u00e4hk\u00f6katkoksista tai verkko-ongelmista huolimatta. Arlo Go 2 k\u00e4ytt\u00e4\u00e4 samoja lis\u00e4varusteita kuin Arlo Pro 3\/Pro 4\/Ultra magneettisilla liittimill\u00e4, joten voi liitt\u00e4\u00e4 kameraan esim. aurinkopaneelin virransy\u00f6tt\u00f6\u00e4 varten.<\/p>\n<p>Arlo Go 2 on p\u00e4ivitetty versio Arlo Go:sta. Uudessa Arlo Go 2 -versiossa n\u00e4yt\u00f6n resoluutio on nostettu 1080p-tarkkuuteen ja nyt voit yhdist\u00e4\u00e4 sen my\u00f6s olemassa olevaan WiFi-verkkoon. Voit my\u00f6s n\u00e4hd\u00e4 kameran sijainnin \u00e4lypuhelimen kartalta kameran GPS:n ansiosta. Arlo Go 2 sis\u00e4lt\u00e4\u00e4 v\u00e4rillisen pime\u00e4n\u00e4\u00f6n ja integroidun kohdevalon. N\u00e4k\u00f6kentt\u00e4\u00e4 on parannettu 110\u00b0 kulmasta 130\u00b0 kulmaan. Akun kokoa on kasvatettu vanhasta 3660 mAh akusta 13000 mAh akkuun.<\/p>\n<p>Edelt\u00e4j\u00e4n tavoin kameran k\u00e4ytt\u00f6\u00f6notto ja hallinta onnistuu erillisell\u00e4 mobiilisovelluksella (Android\/iOS) tai tietokoneen nettiselaimella. Arlo Go 2 -kameran tarkkuus on HD 1080p, leve\u00e4ll\u00e4 130\u00b0 kulmalla. Kamerasta l\u00f6ytyy my\u00f6s passiivinen infrapunatunnistin (PIR), eli liikkeentunnistus perustuu l\u00e4mp\u00f6tilavaihteluihin. Edistynyt liikkeentunnistus poistaa merkitt\u00e4v\u00e4sti turhia h\u00e4lytyksi\u00e4. Liikeentunnistuksen ohella Go 2 tukee my\u00f6s \u00e4\u00e4nentunnistusta. Liikkeen- tai \u00e4\u00e4nentunnistuksesta tapahtuvan tallennuksen pituus on k\u00e4ytt\u00e4j\u00e4n s\u00e4\u00e4dett\u00e4viss\u00e4 (10-120 sekuntia). Go 2 -mallista l\u00f6ytyy my\u00f6s paikka muistikortille, joten tallennukset saadaan pilvipalvelun ohella talteen my\u00f6s omalle kortille (muistikortille tehtyj\u00e4 tallenteita ei voida katsoa sovelluksen kautta, vaan kortti on t\u00e4t\u00e4 varten irrotettava kamerasta). Kameran kaksisuuntainen \u00e4\u00e4ni mahdollistaa monipuoliset k\u00e4ytt\u00f6kohteet ja valvonnan.<\/p>\n<p><strong>Arlo Secure -pilvipalvelu<br \/>\n<\/strong><\/p>\n<p>Arlo Go 2:n mukana tulee ilmainen 3kk Arlo Secure tilaus, jonka j\u00e4lkeen pilvipalvelu on maksullinen. Maksullinen Secure tilaus mahdollistaa mm. seuraavat palvelut:<\/p>\n<ul>\n<li>30 p\u00e4iv\u00e4n video historian: voit tallentaa videoita pilveen 30 p\u00e4iv\u00e4n ajalta ja katsoa niit\u00e4 milloin tahansa<\/li>\n<li>Kohteen tunnistus: kamera osaa tunnistaa ihmisen, paketin, ajoneuvon ja el\u00e4imen<\/li>\n<li>Alue kohtaiset tunnistukset: voit m\u00e4\u00e4ritell\u00e4 alueita, joilta kamera tunnistaa liikett\u00e4 ja tekee h\u00e4lytyksi\u00e4<\/li>\n<\/ul>\n<p><strong>Arlo Secure hinnasto 3 kk j\u00e4lkeen:<\/strong><\/p>\n<p>Arlo Secure Single Camera (kk-veloituksena): 4,99 \u20ac \/ kk<br \/>\nArlo Secure Multi Camera (kk-veloituksena): 12,99 \u20ac \/ kk<br \/>\nArlo Secure Plus Multi Camera (kk-veloituksena): 17,99 \u20ac \/ kk<\/p>\n<p><em>Arlo Go 2 -kameran keskim\u00e4\u00e4r\u00e4inen akkukesto yhdell\u00e4 latauksella on n. 2-4 kk \/ 4G LTE:ll\u00e4 ja 6-8 kk WiFi:ll\u00e4. Akkukestoon vaikuttaa oleellisesti k\u00e4ytt\u00f6l\u00e4mp\u00f6tila, mobiiliverkon voimakkuus, kameran k\u00e4ytt\u00f6, sek\u00e4 liikkeentunnistuksien m\u00e4\u00e4r\u00e4.<\/em><\/p>\n<p><strong>Ominaisuudet:<\/strong><\/p>\n<ul>\n<li>Ei johtoja, langaton asennus ja pitk\u00e4\u00e4n kest\u00e4v\u00e4 akku<\/li>\n<li>Wifi (2,4 GHz) ja 4G LTE-yhteydet<\/li>\n<li>Paikallinen tallennus (microSD-korttipaikka, maks. 2 Tt)<\/li>\n<li>Integroitu kohdevalo, 850 nm LED, valaiseen 7,5 m asti<\/li>\n<li>V\u00e4rillinen pime\u00e4nn\u00e4k\u00f6<\/li>\n<li>Kaksisuuntainen \u00e4\u00e4ni<\/li>\n<li>1080p tarkkuus<\/li>\n<li>Video formaatti: H.264<\/li>\n<li>130\u00b0 n\u00e4k\u00f6kentt\u00e4<\/li>\n<li>Sis\u00e4\u00e4nrakennettu sireeni<\/li>\n<li>GPS-paikannus<\/li>\n<li>Magneettinen latauskaapeli<\/li>\n<li>Sis\u00e4- ja ulkok\u00e4ytt\u00f6\u00f6n (IP65)<\/li>\n<li>K\u00e4ytt\u00f6l\u00e4mp\u00f6tila -20\u00b0C ~ 45\u00b0C<\/li>\n<li>12x digitaalinen zoom<\/li>\n<li>Y\u00f6n\u00e4k\u00f6, havaitsee liikett\u00e4 jopa 7 metrin p\u00e4\u00e4st\u00e4<\/li>\n<li>Tuetut k\u00e4ytt\u00f6j\u00e4rjestelm\u00e4t: iOS, Android, FireOS, web-selain<\/li>\n<li>Alexa, Google ja IFTTT yhteensopiva<\/li>\n<li>Akun kapasiteetti: 13000 mAh<\/li>\n<li>Mitat: 86 x 64,2 x 120 mm<\/li>\n<li>Paino: 490 g (ilman akkua)<\/li>\n<li>Mukana: Arlo Go 2 kamera, ladattava akku, magneettinen latauskaapeli, sein\u00e4kiinnitys, kiinnitysruuvit, pikaopas<\/li>\n<\/ul>\n<p><strong>Yhteensopivat tuotteet:<\/strong><\/p>\n<ul>\n<li><strong><a href=\"https:\/\/www.duunauspalvelutjarvi.fi\/?product=arlo-vma5600-solar-aurinkopaneeli-pro-3-pro-4-ja-ultra-kameroille-valkoinen-runko\" target=\"_blank\" rel=\"nofollow noopener\">Arlo VMA5600 Solar -aurinkopaneeli, valkoinen runko<\/a><\/strong><\/li>\n<li><strong><a href=\"https:\/\/www.duunauspalvelutjarvi.fi\/?product=arlo-vma5600-solar-aurinkopaneeli-pro-3-pro-4-ja-ultra-kameroille-musta-runko\" target=\"_blank\" rel=\"nofollow noopener\">Arlo VMA5600 Solar -aurinkopaneeli, musta runko<\/a><\/strong><\/li>\n<\/ul>\n<p><strong><a href=\"https:\/\/www.duunauspalvelutjarvi.fi\/?product=valvontakameran-asennus\">Tarvitsetko asennuksen kamerallesi?<\/a><\/strong><\/p>\n","protected":false},"excerpt":{"rendered":"<p>Arlo Go 2 -valvontakamera on t\u00e4ydellinen ratkaisu kaikille, jotka tarvitsevat 24\/7 valvontaa, eik\u00e4 s\u00e4hk\u00f6\u00e4 tai Wifi-yhteytt\u00e4 ole saatavilla. Arlo Go 2 sopii m\u00f6kille, loma-asunnolle, asuntoautoon, veneisiin, rakennusty\u00f6maalle tai telttapaikalle. Ison sis\u00e4isen akun ja 4G LTE-yhteyden ansiosta voit huoletta jatkaa valvontaa s\u00e4hk\u00f6katkoksista tai verkko-ongelmista huolimatta. Arlo Go 2 k\u00e4ytt\u00e4\u00e4 samoja lis\u00e4varusteita kuin Arlo Pro 3\/Pro 4\/Ultra [&hellip;]<\/p>\n","protected":false},"featured_media":14501,"comment_status":"open","ping_status":"closed","template":"","meta":[],"product_brand":[],"product_cat":[546],"product_tag":[],"class_list":{"0":"post-14484","1":"product","2":"type-product","3":"status-publish","4":"has-post-thumbnail","6":"product_cat-valvontakamerat","8":"first","9":"instock","10":"taxable","11":"shipping-taxable","12":"purchasable","13":"product-type-simple"},"yoast_head":"<!-- This site is optimized with the Yoast SEO plugin v27.4 - https:\/\/yoast.com\/product\/yoast-seo-wordpress\/ -->\n<title>Arlo Go 2 -valvontakamera 4G LTE ja WiFi-yhteydell\u00e4 -<\/title>\n<meta name=\"robots\" content=\"index, follow, max-snippet:-1, max-image-preview:large, max-video-preview:-1\" \/>\n<link rel=\"canonical\" href=\"https:\/\/www.duunauspalvelutjarvi.fi\/?product=14484\" \/>\n<meta property=\"og:locale\" content=\"fi_FI\" \/>\n<meta property=\"og:type\" content=\"article\" \/>\n<meta property=\"og:title\" content=\"Arlo Go 2 -valvontakamera 4G LTE ja WiFi-yhteydell\u00e4 -\" \/>\n<meta property=\"og:description\" content=\"Arlo Go 2 -valvontakamera on t\u00e4ydellinen ratkaisu kaikille, jotka tarvitsevat 24\/7 valvontaa, eik\u00e4 s\u00e4hk\u00f6\u00e4 tai Wifi-yhteytt\u00e4 ole saatavilla. Arlo Go 2 sopii m\u00f6kille, loma-asunnolle, asuntoautoon, veneisiin, rakennusty\u00f6maalle tai telttapaikalle. Ison sis\u00e4isen akun ja 4G LTE-yhteyden ansiosta voit huoletta jatkaa valvontaa s\u00e4hk\u00f6katkoksista tai verkko-ongelmista huolimatta. Arlo Go 2 k\u00e4ytt\u00e4\u00e4 samoja lis\u00e4varusteita kuin Arlo Pro 3\/Pro 4\/Ultra [&hellip;]\" \/>\n<meta property=\"og:url\" content=\"https:\/\/www.duunauspalvelutjarvi.fi\/?product=14484\" \/>\n<meta property=\"article:modified_time\" content=\"2023-09-13T12:49:52+00:00\" \/>\n<meta property=\"og:image\" content=\"https:\/\/www.duunauspalvelutjarvi.fi\/wp-content\/uploads\/2023\/09\/2_801229-3600x2400-1.webp\" \/>\n\t<meta property=\"og:image:width\" content=\"765\" \/>\n\t<meta property=\"og:image:height\" content=\"510\" \/>\n\t<meta property=\"og:image:type\" content=\"image\/webp\" \/>\n<meta name=\"twitter:card\" content=\"summary_large_image\" \/>\n<meta name=\"twitter:label1\" content=\"Arvioitu lukuaika\" \/>\n\t<meta name=\"twitter:data1\" content=\"3 minuuttia\" \/>\n<script type=\"application\/ld+json\" class=\"yoast-schema-graph\">{\"@context\":\"https:\\\/\\\/schema.org\",\"@graph\":[{\"@type\":\"WebPage\",\"@id\":\"https:\\\/\\\/www.duunauspalvelutjarvi.fi\\\/?product=14484\",\"url\":\"https:\\\/\\\/www.duunauspalvelutjarvi.fi\\\/?product=14484\",\"name\":\"Arlo Go 2 -valvontakamera 4G LTE ja WiFi-yhteydell\u00e4 -\",\"isPartOf\":{\"@id\":\"https:\\\/\\\/www.duunauspalvelutjarvi.fi\\\/#website\"},\"primaryImageOfPage\":{\"@id\":\"https:\\\/\\\/www.duunauspalvelutjarvi.fi\\\/?product=14484#primaryimage\"},\"image\":{\"@id\":\"https:\\\/\\\/www.duunauspalvelutjarvi.fi\\\/?product=14484#primaryimage\"},\"thumbnailUrl\":\"https:\\\/\\\/www.duunauspalvelutjarvi.fi\\\/wp-content\\\/uploads\\\/2023\\\/09\\\/2_801229-3600x2400-1.webp\",\"datePublished\":\"2023-09-13T12:49:19+00:00\",\"dateModified\":\"2023-09-13T12:49:52+00:00\",\"breadcrumb\":{\"@id\":\"https:\\\/\\\/www.duunauspalvelutjarvi.fi\\\/?product=14484#breadcrumb\"},\"inLanguage\":\"fi\",\"potentialAction\":[{\"@type\":\"ReadAction\",\"target\":[\"https:\\\/\\\/www.duunauspalvelutjarvi.fi\\\/?product=14484\"]}]},{\"@type\":\"ImageObject\",\"inLanguage\":\"fi\",\"@id\":\"https:\\\/\\\/www.duunauspalvelutjarvi.fi\\\/?product=14484#primaryimage\",\"url\":\"https:\\\/\\\/www.duunauspalvelutjarvi.fi\\\/wp-content\\\/uploads\\\/2023\\\/09\\\/2_801229-3600x2400-1.webp\",\"contentUrl\":\"https:\\\/\\\/www.duunauspalvelutjarvi.fi\\\/wp-content\\\/uploads\\\/2023\\\/09\\\/2_801229-3600x2400-1.webp\",\"width\":765,\"height\":510},{\"@type\":\"BreadcrumbList\",\"@id\":\"https:\\\/\\\/www.duunauspalvelutjarvi.fi\\\/?product=14484#breadcrumb\",\"itemListElement\":[{\"@type\":\"ListItem\",\"position\":1,\"name\":\"Etusivu\",\"item\":\"https:\\\/\\\/www.duunauspalvelutjarvi.fi\\\/\"},{\"@type\":\"ListItem\",\"position\":2,\"name\":\"Etusivu\",\"item\":\"https:\\\/\\\/www.duunauspalvelutjarvi.fi\\\/\"},{\"@type\":\"ListItem\",\"position\":3,\"name\":\"Arlo Go 2 -valvontakamera 4G LTE ja WiFi-yhteydell\u00e4\"}]},{\"@type\":\"WebSite\",\"@id\":\"https:\\\/\\\/www.duunauspalvelutjarvi.fi\\\/#website\",\"url\":\"https:\\\/\\\/www.duunauspalvelutjarvi.fi\\\/\",\"name\":\"\",\"description\":\"\",\"potentialAction\":[{\"@type\":\"SearchAction\",\"target\":{\"@type\":\"EntryPoint\",\"urlTemplate\":\"https:\\\/\\\/www.duunauspalvelutjarvi.fi\\\/?s={search_term_string}\"},\"query-input\":{\"@type\":\"PropertyValueSpecification\",\"valueRequired\":true,\"valueName\":\"search_term_string\"}}],\"inLanguage\":\"fi\"}]}<\/script>\n<!-- \/ Yoast SEO plugin. -->","yoast_head_json":{"title":"Arlo Go 2 -valvontakamera 4G LTE ja WiFi-yhteydell\u00e4 -","robots":{"index":"index","follow":"follow","max-snippet":"max-snippet:-1","max-image-preview":"max-image-preview:large","max-video-preview":"max-video-preview:-1"},"canonical":"https:\/\/www.duunauspalvelutjarvi.fi\/?product=14484","og_locale":"fi_FI","og_type":"article","og_title":"Arlo Go 2 -valvontakamera 4G LTE ja WiFi-yhteydell\u00e4 -","og_description":"Arlo Go 2 -valvontakamera on t\u00e4ydellinen ratkaisu kaikille, jotka tarvitsevat 24\/7 valvontaa, eik\u00e4 s\u00e4hk\u00f6\u00e4 tai Wifi-yhteytt\u00e4 ole saatavilla. Arlo Go 2 sopii m\u00f6kille, loma-asunnolle, asuntoautoon, veneisiin, rakennusty\u00f6maalle tai telttapaikalle. Ison sis\u00e4isen akun ja 4G LTE-yhteyden ansiosta voit huoletta jatkaa valvontaa s\u00e4hk\u00f6katkoksista tai verkko-ongelmista huolimatta. Arlo Go 2 k\u00e4ytt\u00e4\u00e4 samoja lis\u00e4varusteita kuin Arlo Pro 3\/Pro 4\/Ultra [&hellip;]","og_url":"https:\/\/www.duunauspalvelutjarvi.fi\/?product=14484","article_modified_time":"2023-09-13T12:49:52+00:00","og_image":[{"width":765,"height":510,"url":"https:\/\/www.duunauspalvelutjarvi.fi\/wp-content\/uploads\/2023\/09\/2_801229-3600x2400-1.webp","type":"image\/webp"}],"twitter_card":"summary_large_image","twitter_misc":{"Arvioitu lukuaika":"3 minuuttia"},"schema":{"@context":"https:\/\/schema.org","@graph":[{"@type":"WebPage","@id":"https:\/\/www.duunauspalvelutjarvi.fi\/?product=14484","url":"https:\/\/www.duunauspalvelutjarvi.fi\/?product=14484","name":"Arlo Go 2 -valvontakamera 4G LTE ja WiFi-yhteydell\u00e4 -","isPartOf":{"@id":"https:\/\/www.duunauspalvelutjarvi.fi\/#website"},"primaryImageOfPage":{"@id":"https:\/\/www.duunauspalvelutjarvi.fi\/?product=14484#primaryimage"},"image":{"@id":"https:\/\/www.duunauspalvelutjarvi.fi\/?product=14484#primaryimage"},"thumbnailUrl":"https:\/\/www.duunauspalvelutjarvi.fi\/wp-content\/uploads\/2023\/09\/2_801229-3600x2400-1.webp","datePublished":"2023-09-13T12:49:19+00:00","dateModified":"2023-09-13T12:49:52+00:00","breadcrumb":{"@id":"https:\/\/www.duunauspalvelutjarvi.fi\/?product=14484#breadcrumb"},"inLanguage":"fi","potentialAction":[{"@type":"ReadAction","target":["https:\/\/www.duunauspalvelutjarvi.fi\/?product=14484"]}]},{"@type":"ImageObject","inLanguage":"fi","@id":"https:\/\/www.duunauspalvelutjarvi.fi\/?product=14484#primaryimage","url":"https:\/\/www.duunauspalvelutjarvi.fi\/wp-content\/uploads\/2023\/09\/2_801229-3600x2400-1.webp","contentUrl":"https:\/\/www.duunauspalvelutjarvi.fi\/wp-content\/uploads\/2023\/09\/2_801229-3600x2400-1.webp","width":765,"height":510},{"@type":"BreadcrumbList","@id":"https:\/\/www.duunauspalvelutjarvi.fi\/?product=14484#breadcrumb","itemListElement":[{"@type":"ListItem","position":1,"name":"Etusivu","item":"https:\/\/www.duunauspalvelutjarvi.fi\/"},{"@type":"ListItem","position":2,"name":"Etusivu","item":"https:\/\/www.duunauspalvelutjarvi.fi\/"},{"@type":"ListItem","position":3,"name":"Arlo Go 2 -valvontakamera 4G LTE ja WiFi-yhteydell\u00e4"}]},{"@type":"WebSite","@id":"https:\/\/www.duunauspalvelutjarvi.fi\/#website","url":"https:\/\/www.duunauspalvelutjarvi.fi\/","name":"","description":"","potentialAction":[{"@type":"SearchAction","target":{"@type":"EntryPoint","urlTemplate":"https:\/\/www.duunauspalvelutjarvi.fi\/?s={search_term_string}"},"query-input":{"@type":"PropertyValueSpecification","valueRequired":true,"valueName":"search_term_string"}}],"inLanguage":"fi"}]}},"jetpack_sharing_enabled":true,"_links":{"self":[{"href":"https:\/\/www.duunauspalvelutjarvi.fi\/index.php?rest_route=\/wp\/v2\/product\/14484","targetHints":{"allow":["GET"]}}],"collection":[{"href":"https:\/\/www.duunauspalvelutjarvi.fi\/index.php?rest_route=\/wp\/v2\/product"}],"about":[{"href":"https:\/\/www.duunauspalvelutjarvi.fi\/index.php?rest_route=\/wp\/v2\/types\/product"}],"replies":[{"embeddable":true,"href":"https:\/\/www.duunauspalvelutjarvi.fi\/index.php?rest_route=%2Fwp%2Fv2%2Fcomments&post=14484"}],"wp:featuredmedia":[{"embeddable":true,"href":"https:\/\/www.duunauspalvelutjarvi.fi\/index.php?rest_route=\/wp\/v2\/media\/14501"}],"wp:attachment":[{"href":"https:\/\/www.duunauspalvelutjarvi.fi\/index.php?rest_route=%2Fwp%2Fv2%2Fmedia&parent=14484"}],"wp:term":[{"taxonomy":"product_brand","embeddable":true,"href":"https:\/\/www.duunauspalvelutjarvi.fi\/index.php?rest_route=%2Fwp%2Fv2%2Fproduct_brand&post=14484"},{"taxonomy":"product_cat","embeddable":true,"href":"https:\/\/www.duunauspalvelutjarvi.fi\/index.php?rest_route=%2Fwp%2Fv2%2Fproduct_cat&post=14484"},{"taxonomy":"product_tag","embeddable":true,"href":"https:\/\/www.duunauspalvelutjarvi.fi\/index.php?rest_route=%2Fwp%2Fv2%2Fproduct_tag&post=14484"}],"curies":[{"name":"wp","href":"https:\/\/api.w.org\/{rel}","templated":true}]}}