{"id":14516,"date":"2023-09-13T16:01:00","date_gmt":"2023-09-13T13:01:00","guid":{"rendered":"https:\/\/www.duunauspalvelutjarvi.fi\/?post_type=product&#038;p=14516"},"modified":"2023-09-13T16:01:02","modified_gmt":"2023-09-13T13:01:02","slug":"reolink-solar-2-aurinkopaneeli-reolinkin-kameroille-valkoinen","status":"publish","type":"product","link":"https:\/\/www.duunauspalvelutjarvi.fi\/?product=reolink-solar-2-aurinkopaneeli-reolinkin-kameroille-valkoinen","title":{"rendered":"Reolink Solar 2 -aurinkopaneeli Reolinkin kameroille, valkoinen"},"content":{"rendered":"<p>Reolink Solar 2 -aurinkopaneeli Reolinkin kameroille, valkoinen. Uudistettu versio Reolinkin aurinkopaneelista sis\u00e4lt\u00e4\u00e4 nyt USB-C-liit\u00e4nn\u00e4n. Kameran liit\u00e4nt\u00e4johto on pituudeltaan 4 m ja liitin on vesisuojattu. Mukana toimitetetaan my\u00f6s microUSB-adapteri, joka mahdollistaa paneelin laajan yhteensopivuuden Reolinkin akkuk\u00e4ytt\u00f6isien kameroiden kanssa. Kiinnit\u00e4, suuntaa paneeli ja liit\u00e4 kameraan. Helppoa ja yksinkertaista. Aurinkopaneeli on yhteensopiva mm. Reolink TrackMix, Go Plus, Go Plus PT, Argus 3, Argus Eco ja Argus Pro -kameroiden kanssa.<\/p>\n<p><strong>Ominaisuudet:<\/strong><\/p>\n<ul>\n<li>Aurinkopaneeli Reolinkin akkuk\u00e4ytt\u00f6isille valvontakameroille<\/li>\n<li>S\u00e4\u00e4nkest\u00e4v\u00e4<\/li>\n<li>Liit\u00e4nt\u00e4kaapelin pituus: 4 m<\/li>\n<li>Paneelin liitin USB-C (mukana microUSB-adapteri)<\/li>\n<li>Suojaluokitus: IP65<\/li>\n<li>Maksimi j\u00e4nnite: 6.0 V<\/li>\n<li>Maksimi s\u00e4hk\u00f6virta: 960 mA<\/li>\n<li>Maksimi latausteho: 5.8 W<\/li>\n<li>Toimintatehokkuus: 19.5 %<\/li>\n<li>Mitat: 21 x 17.5 x 0.6 cm (KxLxS)<\/li>\n<li>Aurinkopaneelin v\u00e4ri: valkoinen<\/li>\n<\/ul>\n<p><strong>Myyntipaketin sis\u00e4lt\u00f6:<\/strong><\/p>\n<ul>\n<li>Solar 2 -aurinkopaneeli, valkoinen (1 kpl)<\/li>\n<li>Kiinnitysjalka<\/li>\n<li>USB-C-microUSB-adapteri<\/li>\n<li>Kiinnitysremmi<\/li>\n<li>Pikaopas<\/li>\n<li>Kiinnitystarvikkeet<\/li>\n<\/ul>\n","protected":false},"excerpt":{"rendered":"<p>Reolink Solar 2 -aurinkopaneeli Reolinkin kameroille, valkoinen. Uudistettu versio Reolinkin aurinkopaneelista sis\u00e4lt\u00e4\u00e4 nyt USB-C-liit\u00e4nn\u00e4n. Kameran liit\u00e4nt\u00e4johto on pituudeltaan 4 m ja liitin on vesisuojattu. Mukana toimitetetaan my\u00f6s microUSB-adapteri, joka mahdollistaa paneelin laajan yhteensopivuuden Reolinkin akkuk\u00e4ytt\u00f6isien kameroiden kanssa. Kiinnit\u00e4, suuntaa paneeli ja liit\u00e4 kameraan. Helppoa ja yksinkertaista. Aurinkopaneeli on yhteensopiva mm. Reolink TrackMix, Go Plus, Go [&hellip;]<\/p>\n","protected":false},"featured_media":14519,"comment_status":"open","ping_status":"closed","template":"","meta":[],"product_brand":[],"product_cat":[698],"product_tag":[],"class_list":{"0":"post-14516","1":"product","2":"type-product","3":"status-publish","4":"has-post-thumbnail","6":"product_cat-valvontakamerojen-lisavarusteet","8":"first","9":"instock","10":"taxable","11":"shipping-taxable","12":"purchasable","13":"product-type-simple"},"yoast_head":"<!-- This site is optimized with the Yoast SEO plugin v27.5 - https:\/\/yoast.com\/product\/yoast-seo-wordpress\/ -->\n<title>Reolink Solar 2 -aurinkopaneeli Reolinkin kameroille, valkoinen -<\/title>\n<meta name=\"robots\" content=\"index, follow, max-snippet:-1, max-image-preview:large, max-video-preview:-1\" \/>\n<link rel=\"canonical\" href=\"https:\/\/www.duunauspalvelutjarvi.fi\/?product=reolink-solar-2-aurinkopaneeli-reolinkin-kameroille-valkoinen\" \/>\n<meta property=\"og:locale\" content=\"fi_FI\" \/>\n<meta property=\"og:type\" content=\"article\" \/>\n<meta property=\"og:title\" content=\"Reolink Solar 2 -aurinkopaneeli Reolinkin kameroille, valkoinen -\" \/>\n<meta property=\"og:description\" content=\"Reolink Solar 2 -aurinkopaneeli Reolinkin kameroille, valkoinen. Uudistettu versio Reolinkin aurinkopaneelista sis\u00e4lt\u00e4\u00e4 nyt USB-C-liit\u00e4nn\u00e4n. Kameran liit\u00e4nt\u00e4johto on pituudeltaan 4 m ja liitin on vesisuojattu. Mukana toimitetetaan my\u00f6s microUSB-adapteri, joka mahdollistaa paneelin laajan yhteensopivuuden Reolinkin akkuk\u00e4ytt\u00f6isien kameroiden kanssa. Kiinnit\u00e4, suuntaa paneeli ja liit\u00e4 kameraan. Helppoa ja yksinkertaista. Aurinkopaneeli on yhteensopiva mm. Reolink TrackMix, Go Plus, Go [&hellip;]\" \/>\n<meta property=\"og:url\" content=\"https:\/\/www.duunauspalvelutjarvi.fi\/?product=reolink-solar-2-aurinkopaneeli-reolinkin-kameroille-valkoinen\" \/>\n<meta property=\"article:modified_time\" content=\"2023-09-13T13:01:02+00:00\" \/>\n<meta property=\"og:image\" content=\"https:\/\/www.duunauspalvelutjarvi.fi\/wp-content\/uploads\/2023\/09\/2_865834-721x750-1.webp\" \/>\n\t<meta property=\"og:image:width\" content=\"490\" \/>\n\t<meta property=\"og:image:height\" content=\"510\" \/>\n\t<meta property=\"og:image:type\" content=\"image\/webp\" \/>\n<meta name=\"twitter:card\" content=\"summary_large_image\" \/>\n<meta name=\"twitter:label1\" content=\"Arvioitu lukuaika\" \/>\n\t<meta name=\"twitter:data1\" content=\"1 minuutti\" \/>\n<script type=\"application\/ld+json\" class=\"yoast-schema-graph\">{\"@context\":\"https:\\\/\\\/schema.org\",\"@graph\":[{\"@type\":\"WebPage\",\"@id\":\"https:\\\/\\\/www.duunauspalvelutjarvi.fi\\\/?product=reolink-solar-2-aurinkopaneeli-reolinkin-kameroille-valkoinen\",\"url\":\"https:\\\/\\\/www.duunauspalvelutjarvi.fi\\\/?product=reolink-solar-2-aurinkopaneeli-reolinkin-kameroille-valkoinen\",\"name\":\"Reolink Solar 2 -aurinkopaneeli Reolinkin kameroille, valkoinen -\",\"isPartOf\":{\"@id\":\"https:\\\/\\\/www.duunauspalvelutjarvi.fi\\\/#website\"},\"primaryImageOfPage\":{\"@id\":\"https:\\\/\\\/www.duunauspalvelutjarvi.fi\\\/?product=reolink-solar-2-aurinkopaneeli-reolinkin-kameroille-valkoinen#primaryimage\"},\"image\":{\"@id\":\"https:\\\/\\\/www.duunauspalvelutjarvi.fi\\\/?product=reolink-solar-2-aurinkopaneeli-reolinkin-kameroille-valkoinen#primaryimage\"},\"thumbnailUrl\":\"https:\\\/\\\/www.duunauspalvelutjarvi.fi\\\/wp-content\\\/uploads\\\/2023\\\/09\\\/2_865834-721x750-1.webp\",\"datePublished\":\"2023-09-13T13:01:00+00:00\",\"dateModified\":\"2023-09-13T13:01:02+00:00\",\"breadcrumb\":{\"@id\":\"https:\\\/\\\/www.duunauspalvelutjarvi.fi\\\/?product=reolink-solar-2-aurinkopaneeli-reolinkin-kameroille-valkoinen#breadcrumb\"},\"inLanguage\":\"fi\",\"potentialAction\":[{\"@type\":\"ReadAction\",\"target\":[\"https:\\\/\\\/www.duunauspalvelutjarvi.fi\\\/?product=reolink-solar-2-aurinkopaneeli-reolinkin-kameroille-valkoinen\"]}]},{\"@type\":\"ImageObject\",\"inLanguage\":\"fi\",\"@id\":\"https:\\\/\\\/www.duunauspalvelutjarvi.fi\\\/?product=reolink-solar-2-aurinkopaneeli-reolinkin-kameroille-valkoinen#primaryimage\",\"url\":\"https:\\\/\\\/www.duunauspalvelutjarvi.fi\\\/wp-content\\\/uploads\\\/2023\\\/09\\\/2_865834-721x750-1.webp\",\"contentUrl\":\"https:\\\/\\\/www.duunauspalvelutjarvi.fi\\\/wp-content\\\/uploads\\\/2023\\\/09\\\/2_865834-721x750-1.webp\",\"width\":490,\"height\":510},{\"@type\":\"BreadcrumbList\",\"@id\":\"https:\\\/\\\/www.duunauspalvelutjarvi.fi\\\/?product=reolink-solar-2-aurinkopaneeli-reolinkin-kameroille-valkoinen#breadcrumb\",\"itemListElement\":[{\"@type\":\"ListItem\",\"position\":1,\"name\":\"Etusivu\",\"item\":\"https:\\\/\\\/www.duunauspalvelutjarvi.fi\\\/\"},{\"@type\":\"ListItem\",\"position\":2,\"name\":\"Etusivu\",\"item\":\"https:\\\/\\\/www.duunauspalvelutjarvi.fi\\\/\"},{\"@type\":\"ListItem\",\"position\":3,\"name\":\"Reolink Solar 2 -aurinkopaneeli Reolinkin kameroille, valkoinen\"}]},{\"@type\":\"WebSite\",\"@id\":\"https:\\\/\\\/www.duunauspalvelutjarvi.fi\\\/#website\",\"url\":\"https:\\\/\\\/www.duunauspalvelutjarvi.fi\\\/\",\"name\":\"\",\"description\":\"\",\"potentialAction\":[{\"@type\":\"SearchAction\",\"target\":{\"@type\":\"EntryPoint\",\"urlTemplate\":\"https:\\\/\\\/www.duunauspalvelutjarvi.fi\\\/?s={search_term_string}\"},\"query-input\":{\"@type\":\"PropertyValueSpecification\",\"valueRequired\":true,\"valueName\":\"search_term_string\"}}],\"inLanguage\":\"fi\"}]}<\/script>\n<!-- \/ Yoast SEO plugin. -->","yoast_head_json":{"title":"Reolink Solar 2 -aurinkopaneeli Reolinkin kameroille, valkoinen -","robots":{"index":"index","follow":"follow","max-snippet":"max-snippet:-1","max-image-preview":"max-image-preview:large","max-video-preview":"max-video-preview:-1"},"canonical":"https:\/\/www.duunauspalvelutjarvi.fi\/?product=reolink-solar-2-aurinkopaneeli-reolinkin-kameroille-valkoinen","og_locale":"fi_FI","og_type":"article","og_title":"Reolink Solar 2 -aurinkopaneeli Reolinkin kameroille, valkoinen -","og_description":"Reolink Solar 2 -aurinkopaneeli Reolinkin kameroille, valkoinen. Uudistettu versio Reolinkin aurinkopaneelista sis\u00e4lt\u00e4\u00e4 nyt USB-C-liit\u00e4nn\u00e4n. Kameran liit\u00e4nt\u00e4johto on pituudeltaan 4 m ja liitin on vesisuojattu. Mukana toimitetetaan my\u00f6s microUSB-adapteri, joka mahdollistaa paneelin laajan yhteensopivuuden Reolinkin akkuk\u00e4ytt\u00f6isien kameroiden kanssa. Kiinnit\u00e4, suuntaa paneeli ja liit\u00e4 kameraan. Helppoa ja yksinkertaista. Aurinkopaneeli on yhteensopiva mm. Reolink TrackMix, Go Plus, Go [&hellip;]","og_url":"https:\/\/www.duunauspalvelutjarvi.fi\/?product=reolink-solar-2-aurinkopaneeli-reolinkin-kameroille-valkoinen","article_modified_time":"2023-09-13T13:01:02+00:00","og_image":[{"width":490,"height":510,"url":"https:\/\/www.duunauspalvelutjarvi.fi\/wp-content\/uploads\/2023\/09\/2_865834-721x750-1.webp","type":"image\/webp"}],"twitter_card":"summary_large_image","twitter_misc":{"Arvioitu lukuaika":"1 minuutti"},"schema":{"@context":"https:\/\/schema.org","@graph":[{"@type":"WebPage","@id":"https:\/\/www.duunauspalvelutjarvi.fi\/?product=reolink-solar-2-aurinkopaneeli-reolinkin-kameroille-valkoinen","url":"https:\/\/www.duunauspalvelutjarvi.fi\/?product=reolink-solar-2-aurinkopaneeli-reolinkin-kameroille-valkoinen","name":"Reolink Solar 2 -aurinkopaneeli Reolinkin kameroille, valkoinen -","isPartOf":{"@id":"https:\/\/www.duunauspalvelutjarvi.fi\/#website"},"primaryImageOfPage":{"@id":"https:\/\/www.duunauspalvelutjarvi.fi\/?product=reolink-solar-2-aurinkopaneeli-reolinkin-kameroille-valkoinen#primaryimage"},"image":{"@id":"https:\/\/www.duunauspalvelutjarvi.fi\/?product=reolink-solar-2-aurinkopaneeli-reolinkin-kameroille-valkoinen#primaryimage"},"thumbnailUrl":"https:\/\/www.duunauspalvelutjarvi.fi\/wp-content\/uploads\/2023\/09\/2_865834-721x750-1.webp","datePublished":"2023-09-13T13:01:00+00:00","dateModified":"2023-09-13T13:01:02+00:00","breadcrumb":{"@id":"https:\/\/www.duunauspalvelutjarvi.fi\/?product=reolink-solar-2-aurinkopaneeli-reolinkin-kameroille-valkoinen#breadcrumb"},"inLanguage":"fi","potentialAction":[{"@type":"ReadAction","target":["https:\/\/www.duunauspalvelutjarvi.fi\/?product=reolink-solar-2-aurinkopaneeli-reolinkin-kameroille-valkoinen"]}]},{"@type":"ImageObject","inLanguage":"fi","@id":"https:\/\/www.duunauspalvelutjarvi.fi\/?product=reolink-solar-2-aurinkopaneeli-reolinkin-kameroille-valkoinen#primaryimage","url":"https:\/\/www.duunauspalvelutjarvi.fi\/wp-content\/uploads\/2023\/09\/2_865834-721x750-1.webp","contentUrl":"https:\/\/www.duunauspalvelutjarvi.fi\/wp-content\/uploads\/2023\/09\/2_865834-721x750-1.webp","width":490,"height":510},{"@type":"BreadcrumbList","@id":"https:\/\/www.duunauspalvelutjarvi.fi\/?product=reolink-solar-2-aurinkopaneeli-reolinkin-kameroille-valkoinen#breadcrumb","itemListElement":[{"@type":"ListItem","position":1,"name":"Etusivu","item":"https:\/\/www.duunauspalvelutjarvi.fi\/"},{"@type":"ListItem","position":2,"name":"Etusivu","item":"https:\/\/www.duunauspalvelutjarvi.fi\/"},{"@type":"ListItem","position":3,"name":"Reolink Solar 2 -aurinkopaneeli Reolinkin kameroille, valkoinen"}]},{"@type":"WebSite","@id":"https:\/\/www.duunauspalvelutjarvi.fi\/#website","url":"https:\/\/www.duunauspalvelutjarvi.fi\/","name":"","description":"","potentialAction":[{"@type":"SearchAction","target":{"@type":"EntryPoint","urlTemplate":"https:\/\/www.duunauspalvelutjarvi.fi\/?s={search_term_string}"},"query-input":{"@type":"PropertyValueSpecification","valueRequired":true,"valueName":"search_term_string"}}],"inLanguage":"fi"}]}},"jetpack_sharing_enabled":true,"_links":{"self":[{"href":"https:\/\/www.duunauspalvelutjarvi.fi\/index.php?rest_route=\/wp\/v2\/product\/14516","targetHints":{"allow":["GET"]}}],"collection":[{"href":"https:\/\/www.duunauspalvelutjarvi.fi\/index.php?rest_route=\/wp\/v2\/product"}],"about":[{"href":"https:\/\/www.duunauspalvelutjarvi.fi\/index.php?rest_route=\/wp\/v2\/types\/product"}],"replies":[{"embeddable":true,"href":"https:\/\/www.duunauspalvelutjarvi.fi\/index.php?rest_route=%2Fwp%2Fv2%2Fcomments&post=14516"}],"wp:featuredmedia":[{"embeddable":true,"href":"https:\/\/www.duunauspalvelutjarvi.fi\/index.php?rest_route=\/wp\/v2\/media\/14519"}],"wp:attachment":[{"href":"https:\/\/www.duunauspalvelutjarvi.fi\/index.php?rest_route=%2Fwp%2Fv2%2Fmedia&parent=14516"}],"wp:term":[{"taxonomy":"product_brand","embeddable":true,"href":"https:\/\/www.duunauspalvelutjarvi.fi\/index.php?rest_route=%2Fwp%2Fv2%2Fproduct_brand&post=14516"},{"taxonomy":"product_cat","embeddable":true,"href":"https:\/\/www.duunauspalvelutjarvi.fi\/index.php?rest_route=%2Fwp%2Fv2%2Fproduct_cat&post=14516"},{"taxonomy":"product_tag","embeddable":true,"href":"https:\/\/www.duunauspalvelutjarvi.fi\/index.php?rest_route=%2Fwp%2Fv2%2Fproduct_tag&post=14516"}],"curies":[{"name":"wp","href":"https:\/\/api.w.org\/{rel}","templated":true}]}}