{"id":14841,"date":"2024-03-24T22:47:05","date_gmt":"2024-03-24T20:47:05","guid":{"rendered":"https:\/\/www.duunauspalvelutjarvi.fi\/?post_type=product&#038;p=14841"},"modified":"2025-10-09T11:36:47","modified_gmt":"2025-10-09T08:36:47","slug":"w9-phoenix-gen3-led-lisavalo","status":"publish","type":"product","link":"https:\/\/www.duunauspalvelutjarvi.fi\/?product=w9-phoenix-gen3-led-lisavalo","title":{"rendered":"W9 Phoenix XTREME LED-lis\u00e4valo"},"content":{"rendered":"<p><span data-teams=\"true\"><span class=\"ui-provider a b c d e f g h i j k l m n o p q r s t u v w x y z ab ac ae af ag ah ai aj ak\" dir=\"ltr\">Tutustu uuteen\u00a0<strong>W9 Phoenix XTREME LED<\/strong>\u00a0-lis\u00e4valoon \u2013 paras valinta huippuluokan valotehoon ja ennenn\u00e4kem\u00e4tt\u00f6m\u00e4\u00e4n kantamaan!<br \/>\nMarkkinoiden mahdollisesti pisin kantama! Uusi XTREME tarjoaa h\u00e4ik\u00e4isev\u00e4n valotehon ja kantaman\u00a0<strong>yli 1.5 kilometri\u00e4 1 luxilla.<\/strong><\/p>\n<p><\/span><\/span><span data-teams=\"true\"><span class=\"ui-provider a b c d e f g h i j k l m n o p q r s t u v w x y z ab ac ae af ag ah ai aj ak\" dir=\"ltr\"><strong>Vie ajokokemuksesi t\u00e4ysin uudelle tasolle!<\/strong><br \/>\n\u2022 Parannettu kantama verrattuna aikaisempiin malleihin<br \/>\n\u2022 Uudistettu optiikka takaa my\u00f6s miellytt\u00e4v\u00e4n leve\u00e4n valokeilan<br \/>\n\u2022 Tyylik\u00e4s Dark Look -design tuo ajoneuvollesi eksklusiivisen ilmeen<\/p>\n<p><strong>W-Light on tehnyt sen taas!<\/strong><br \/>\nKoe W-Lightin uusin innovaatio! Esittelemme ylpe\u00e4n\u00e4 W9 Phoenix\u00a0<strong>XTREME<\/strong>\u00a0LED -lis\u00e4valon, joka nostaa ajoturvallisuutesi uusiin korkeuksiin.<br \/>\nT\u00e4m\u00e4 vallankumouksellinen XTREME-malli tuo valon pimeille ja haastaville teille sek\u00e4 maastoon. Lis\u00e4\u00e4 turvallisuutta ja selkeytt\u00e4 ajamiseesi.<\/p>\n<p>W9 Phoenix\u00a0<strong>XTREME<\/strong>\u00a0on t\u00e4ydellinen valinta niille, jotka arvostavat turvallisuutta ja n\u00e4kyvyytt\u00e4 ajamisessa.<br \/>\nT\u00e4m\u00e4 huippuluokan LED-lis\u00e4valo tarjoaa p\u00e4iv\u00e4nvaloa muistuttavan kirkkauden ja on varustettu tyylikk\u00e4\u00e4ll\u00e4 kaksiv\u00e4risell\u00e4 smooth-parkkivalolla.<br \/>\n<strong><br \/>\n\u00c4l\u00e4 j\u00e4\u00e4 paitsi markkinoiden vaikuttavimmasta lis\u00e4valosta \u2013 t\u00e4ydellinen valinta sinulle, joka vaadit parasta ja haluat parantaa ajoturvallisuuttasi!<\/strong><\/span><\/span><\/p>\n<p><span data-teams=\"true\"><span class=\"ui-provider a b c d e f g h i j k l m n o p q r s t u v w x y z ab ac ae af ag ah ai aj ak\" dir=\"ltr\"><strong>W9 Phoenix XTREME &#8211; Huipputason ominaisuudet:<\/strong><br \/>\n\u2022 Elegantti Dark Look: Tyylik\u00e4s ja moderni ilme<br \/>\n\u2022 H\u00e4mm\u00e4stytt\u00e4v\u00e4 valoteho: 15 000 lumenia per lis\u00e4valo, takaa kristallinkirkkaan n\u00e4kyvyyden vaativimmissakin olosuhteissa<br \/>\n\u2022 Pidempi kantama: Valokeila ulottuu\u00a0<strong>1509 metriin 1 luxilla ja 2889 metriin 0,25 luxilla per lis\u00e4valo<\/strong><br \/>\n\u2022 Tyylik\u00e4s kaksiv\u00e4rinen parkkivalo: Oranssi ja valkoinen asentovalo lis\u00e4\u00e4v\u00e4t ajoneuvosi estetiikkaa<br \/>\n\u2022 Miellytt\u00e4v\u00e4 v\u00e4ril\u00e4mp\u00f6tila: 5500 Kelvin, tarjoaa luonnollisen ja silm\u00e4yst\u00e4v\u00e4llisen valon<br \/>\n\u2022 Vahvistettu runko: P\u00e4ivitetty kest\u00e4v\u00e4 pintak\u00e4sittely, joka kest\u00e4\u00e4 pohjoisen haastavat s\u00e4\u00e4olosuhteet entist\u00e4 paremmin<br \/>\n\u2022 Helppo liit\u00e4nt\u00e4: Sis\u00e4\u00e4nrakennettu DT4-liit\u00e4nt\u00e4 suoraan lis\u00e4valoon<br \/>\n\u2022 Tehokkaampi ilmanvaihto: Parannettu ilmankierto, joka pident\u00e4\u00e4 LED-diodien k\u00e4ytt\u00f6ik\u00e4\u00e4<br \/>\n\u2022 Maksimaalinen valoteho: P\u00e4ivitetyt LEDit takaavat uskomattoman kirkkauden ja kantaman, josta W9 on tunnettu<\/p>\n<p><\/span><\/span><span data-teams=\"true\"><span class=\"ui-provider a b c d e f g h i j k l m n o p q r s t u v w x y z ab ac ae af ag ah ai aj ak\" dir=\"ltr\">Koe W9 Phoenix XTREME -lis\u00e4valon mullistava ero ja nosta ajoturvallisuutesi ja -mukavuutesi uudelle tasolle!<\/span><\/span><\/p>\n<table>\n<thead>\n<tr>\n<th>Tiedot<\/th>\n<th><\/th>\n<\/tr>\n<\/thead>\n<tbody>\n<tr>\n<td>Tuote<\/td>\n<td>W-Light W9 Phoenix XTREME<\/td>\n<\/tr>\n<tr>\n<td>K\u00e4ytt\u00f6j\u00e4nnite<\/td>\n<td>9-30V<\/td>\n<\/tr>\n<tr>\n<td>Teho<\/td>\n<td>190W<\/td>\n<\/tr>\n<tr>\n<td>Virrankulutus mitattu<\/td>\n<td>12.20A @ 13.7V<\/td>\n<\/tr>\n<tr>\n<td>Teoreettiset Lumenit ja Todelliset Lumenit<\/td>\n<td>15.000 | 10.100 Mitattu<\/td>\n<\/tr>\n<tr>\n<td>Valmistajan ilmoittama Lux:<\/td>\n<td>1 Lux @ 1509m &amp; 2889m @ 0.25 Lux<\/td>\n<\/tr>\n<tr>\n<td>Todellisesti mitattu (1 kpl):<\/td>\n<td>1 Lux @ 1476m<\/td>\n<\/tr>\n<tr>\n<td>Todellisesti mitattu (2 kpl):<\/td>\n<td>1 Lux @ 2076m<\/td>\n<\/tr>\n<tr>\n<td>Todellisesti mitattu (3 kpl):<\/td>\n<td>1 Lux @ 2557m<\/td>\n<\/tr>\n<tr>\n<td>Todellisesti mitattu (4 kpl):<\/td>\n<td>1 Lux @ 2952m<\/td>\n<\/tr>\n<tr>\n<td>Materiaali<\/td>\n<td>Lexan polykarbonaatti<\/td>\n<\/tr>\n<tr>\n<td>Luokitus<\/td>\n<td>IP68<\/td>\n<\/tr>\n<tr>\n<td>Asennus<\/td>\n<td>Rei\u00e4t tukitanko asennusta varten:\u00a0<strong>KYLL\u00c4<\/strong><\/td>\n<\/tr>\n<tr>\n<td>EMC-h\u00e4iri\u00f6suojattu<\/td>\n<td>Ja<\/td>\n<\/tr>\n<tr>\n<td>V\u00e4ril\u00e4mp\u00f6tila<\/td>\n<td>5500K<\/td>\n<\/tr>\n<tr>\n<td>Sertifiointi<\/td>\n<td><span data-teams=\"true\"><span class=\"ui-provider a b c d e f g h i j k l m n o p q r s t u v w x y z ab ac ae af ag ah ai aj ak\" dir=\"ltr\">ECE R10: Kyll\u00e4 (ajoneuvok\u00e4ytt\u00f6\u00f6n hyv\u00e4ksytty)<br \/>\nECE R149: Ei<br \/>\n(valoteho ylitt\u00e4\u00e4 maksimiraja-arvot tieliikennek\u00e4ytt\u00f6\u00f6n)<\/span><\/span><\/td>\n<\/tr>\n<tr>\n<td>Mitat<\/td>\n<td>Korkeus: 244mm (kiinnikkeell\u00e4), syvyys: 80mm, halkaisija: 227mm<\/td>\n<\/tr>\n<tr>\n<td>Liit\u00e4nt\u00e4<\/td>\n<td>DT4-liitin 500mm kaapeli + adapteri<\/td>\n<\/tr>\n<tr>\n<td>Takuu<\/td>\n<td>2 vuotta<\/td>\n<\/tr>\n<\/tbody>\n<\/table>\n<p><strong><span lang=\"en\">Valitse pelkk\u00e4 valaisin, tai valmis lis\u00e4valopaketti.<\/p>\n<p>2 valon t\u00e4ydellinen lis\u00e4valopaketti sis\u00e4lt\u00e4\u00e4:<\/span><br \/>\n<\/strong><\/p>\n<ul>\n<li><span lang=\"en\">2kpl Phoenix 9&#8221; XTREME lis\u00e4valo<\/span><\/li>\n<li><span lang=\"en\">Lis\u00e4valoteline<\/span><\/li>\n<li><span lang=\"en\">Relejohtosarjat<\/span><\/li>\n<li><span lang=\"en\">Tukitangot<\/span><\/li>\n<\/ul>\n<p><span lang=\"en\"><strong>3 valon t\u00e4ydellinen lis\u00e4valopaketti sis\u00e4lt\u00e4\u00e4:<\/strong><\/span><\/p>\n<ul>\n<li><span lang=\"en\">3kpl Phoenix 9&#8221; XTREME lis\u00e4valo<\/span><\/li>\n<li><span lang=\"en\">Lis\u00e4valoteline<\/span><\/li>\n<li><span lang=\"en\">Relejohtosarjat<\/span><\/li>\n<li><span lang=\"en\">Tukitangot<\/span><\/li>\n<\/ul>\n<p><span lang=\"en\"><strong>4 valon t\u00e4ydellinen lis\u00e4valopaketti sis\u00e4lt\u00e4\u00e4:<\/strong><\/span><\/p>\n<ul>\n<li><span lang=\"en\">4kpl Phoenix 9&#8221; XTREME lis\u00e4valo<\/span><\/li>\n<li><span lang=\"en\">Lis\u00e4valoteline<\/span><\/li>\n<li><span lang=\"en\">Relejohtosarjat<\/span><\/li>\n<li><span lang=\"en\">Tukitangot<\/span><\/li>\n<\/ul>\n","protected":false},"excerpt":{"rendered":"<p>Tutustu uuteen\u00a0W9 Phoenix XTREME LED\u00a0-lis\u00e4valoon \u2013 paras valinta huippuluokan valotehoon ja ennenn\u00e4kem\u00e4tt\u00f6m\u00e4\u00e4n kantamaan! Markkinoiden mahdollisesti pisin kantama! Uusi XTREME tarjoaa h\u00e4ik\u00e4isev\u00e4n valotehon ja kantaman\u00a0yli 1.5 kilometri\u00e4 1 luxilla. Vie ajokokemuksesi t\u00e4ysin uudelle tasolle! \u2022 Parannettu kantama verrattuna aikaisempiin malleihin \u2022 Uudistettu optiikka takaa my\u00f6s miellytt\u00e4v\u00e4n leve\u00e4n valokeilan \u2022 Tyylik\u00e4s Dark Look -design tuo ajoneuvollesi eksklusiivisen [&hellip;]<\/p>\n","protected":false},"featured_media":14842,"comment_status":"open","ping_status":"closed","template":"","meta":[],"product_brand":[711],"product_cat":[43],"product_tag":[],"class_list":{"0":"post-14841","1":"product","2":"type-product","3":"status-publish","4":"has-post-thumbnail","6":"product_brand-w-light","7":"product_cat-pyoreat-lisavalot","8":"product_shipping_class-l-paketti","10":"first","11":"instock","12":"taxable","13":"shipping-taxable","14":"purchasable","15":"product-type-variable"},"yoast_head":"<!-- This site is optimized with the Yoast SEO plugin v27.5 - https:\/\/yoast.com\/product\/yoast-seo-wordpress\/ -->\n<title>W9 Phoenix XTREME LED-lis\u00e4valo -<\/title>\n<meta name=\"robots\" content=\"index, follow, max-snippet:-1, max-image-preview:large, max-video-preview:-1\" \/>\n<link rel=\"canonical\" href=\"https:\/\/www.duunauspalvelutjarvi.fi\/?product=w9-phoenix-gen3-led-lisavalo\" \/>\n<meta property=\"og:locale\" content=\"fi_FI\" \/>\n<meta property=\"og:type\" content=\"article\" \/>\n<meta property=\"og:title\" content=\"W9 Phoenix XTREME LED-lis\u00e4valo -\" \/>\n<meta property=\"og:description\" content=\"Tutustu uuteen\u00a0W9 Phoenix XTREME LED\u00a0-lis\u00e4valoon \u2013 paras valinta huippuluokan valotehoon ja ennenn\u00e4kem\u00e4tt\u00f6m\u00e4\u00e4n kantamaan! Markkinoiden mahdollisesti pisin kantama! Uusi XTREME tarjoaa h\u00e4ik\u00e4isev\u00e4n valotehon ja kantaman\u00a0yli 1.5 kilometri\u00e4 1 luxilla. Vie ajokokemuksesi t\u00e4ysin uudelle tasolle! \u2022 Parannettu kantama verrattuna aikaisempiin malleihin \u2022 Uudistettu optiikka takaa my\u00f6s miellytt\u00e4v\u00e4n leve\u00e4n valokeilan \u2022 Tyylik\u00e4s Dark Look -design tuo ajoneuvollesi eksklusiivisen [&hellip;]\" \/>\n<meta property=\"og:url\" content=\"https:\/\/www.duunauspalvelutjarvi.fi\/?product=w9-phoenix-gen3-led-lisavalo\" \/>\n<meta property=\"article:modified_time\" content=\"2025-10-09T08:36:47+00:00\" \/>\n<meta property=\"og:image\" content=\"https:\/\/www.duunauspalvelutjarvi.fi\/wp-content\/uploads\/2024\/03\/TukitangonkiinnikeTopSlider_3050119903_35cb391b48e73404832a3f09f9121bc8_2.jpg\" \/>\n\t<meta property=\"og:image:width\" content=\"2000\" \/>\n\t<meta property=\"og:image:height\" content=\"2000\" \/>\n\t<meta property=\"og:image:type\" content=\"image\/jpeg\" \/>\n<meta name=\"twitter:card\" content=\"summary_large_image\" \/>\n<meta name=\"twitter:label1\" content=\"Arvioitu lukuaika\" \/>\n\t<meta name=\"twitter:data1\" content=\"3 minuuttia\" \/>\n<script type=\"application\/ld+json\" class=\"yoast-schema-graph\">{\"@context\":\"https:\\\/\\\/schema.org\",\"@graph\":[{\"@type\":\"WebPage\",\"@id\":\"https:\\\/\\\/www.duunauspalvelutjarvi.fi\\\/?product=w9-phoenix-gen3-led-lisavalo\",\"url\":\"https:\\\/\\\/www.duunauspalvelutjarvi.fi\\\/?product=w9-phoenix-gen3-led-lisavalo\",\"name\":\"W9 Phoenix XTREME LED-lis\u00e4valo -\",\"isPartOf\":{\"@id\":\"https:\\\/\\\/www.duunauspalvelutjarvi.fi\\\/#website\"},\"primaryImageOfPage\":{\"@id\":\"https:\\\/\\\/www.duunauspalvelutjarvi.fi\\\/?product=w9-phoenix-gen3-led-lisavalo#primaryimage\"},\"image\":{\"@id\":\"https:\\\/\\\/www.duunauspalvelutjarvi.fi\\\/?product=w9-phoenix-gen3-led-lisavalo#primaryimage\"},\"thumbnailUrl\":\"https:\\\/\\\/www.duunauspalvelutjarvi.fi\\\/wp-content\\\/uploads\\\/2024\\\/03\\\/TukitangonkiinnikeTopSlider_3050119903_35cb391b48e73404832a3f09f9121bc8_2.jpg\",\"datePublished\":\"2024-03-24T20:47:05+00:00\",\"dateModified\":\"2025-10-09T08:36:47+00:00\",\"breadcrumb\":{\"@id\":\"https:\\\/\\\/www.duunauspalvelutjarvi.fi\\\/?product=w9-phoenix-gen3-led-lisavalo#breadcrumb\"},\"inLanguage\":\"fi\",\"potentialAction\":[{\"@type\":\"ReadAction\",\"target\":[\"https:\\\/\\\/www.duunauspalvelutjarvi.fi\\\/?product=w9-phoenix-gen3-led-lisavalo\"]}]},{\"@type\":\"ImageObject\",\"inLanguage\":\"fi\",\"@id\":\"https:\\\/\\\/www.duunauspalvelutjarvi.fi\\\/?product=w9-phoenix-gen3-led-lisavalo#primaryimage\",\"url\":\"https:\\\/\\\/www.duunauspalvelutjarvi.fi\\\/wp-content\\\/uploads\\\/2024\\\/03\\\/TukitangonkiinnikeTopSlider_3050119903_35cb391b48e73404832a3f09f9121bc8_2.jpg\",\"contentUrl\":\"https:\\\/\\\/www.duunauspalvelutjarvi.fi\\\/wp-content\\\/uploads\\\/2024\\\/03\\\/TukitangonkiinnikeTopSlider_3050119903_35cb391b48e73404832a3f09f9121bc8_2.jpg\",\"width\":2000,\"height\":2000},{\"@type\":\"BreadcrumbList\",\"@id\":\"https:\\\/\\\/www.duunauspalvelutjarvi.fi\\\/?product=w9-phoenix-gen3-led-lisavalo#breadcrumb\",\"itemListElement\":[{\"@type\":\"ListItem\",\"position\":1,\"name\":\"Etusivu\",\"item\":\"https:\\\/\\\/www.duunauspalvelutjarvi.fi\\\/\"},{\"@type\":\"ListItem\",\"position\":2,\"name\":\"Etusivu\",\"item\":\"https:\\\/\\\/www.duunauspalvelutjarvi.fi\\\/\"},{\"@type\":\"ListItem\",\"position\":3,\"name\":\"W9 Phoenix XTREME LED-lis\u00e4valo\"}]},{\"@type\":\"WebSite\",\"@id\":\"https:\\\/\\\/www.duunauspalvelutjarvi.fi\\\/#website\",\"url\":\"https:\\\/\\\/www.duunauspalvelutjarvi.fi\\\/\",\"name\":\"\",\"description\":\"\",\"potentialAction\":[{\"@type\":\"SearchAction\",\"target\":{\"@type\":\"EntryPoint\",\"urlTemplate\":\"https:\\\/\\\/www.duunauspalvelutjarvi.fi\\\/?s={search_term_string}\"},\"query-input\":{\"@type\":\"PropertyValueSpecification\",\"valueRequired\":true,\"valueName\":\"search_term_string\"}}],\"inLanguage\":\"fi\"}]}<\/script>\n<!-- \/ Yoast SEO plugin. -->","yoast_head_json":{"title":"W9 Phoenix XTREME LED-lis\u00e4valo -","robots":{"index":"index","follow":"follow","max-snippet":"max-snippet:-1","max-image-preview":"max-image-preview:large","max-video-preview":"max-video-preview:-1"},"canonical":"https:\/\/www.duunauspalvelutjarvi.fi\/?product=w9-phoenix-gen3-led-lisavalo","og_locale":"fi_FI","og_type":"article","og_title":"W9 Phoenix XTREME LED-lis\u00e4valo -","og_description":"Tutustu uuteen\u00a0W9 Phoenix XTREME LED\u00a0-lis\u00e4valoon \u2013 paras valinta huippuluokan valotehoon ja ennenn\u00e4kem\u00e4tt\u00f6m\u00e4\u00e4n kantamaan! Markkinoiden mahdollisesti pisin kantama! Uusi XTREME tarjoaa h\u00e4ik\u00e4isev\u00e4n valotehon ja kantaman\u00a0yli 1.5 kilometri\u00e4 1 luxilla. Vie ajokokemuksesi t\u00e4ysin uudelle tasolle! \u2022 Parannettu kantama verrattuna aikaisempiin malleihin \u2022 Uudistettu optiikka takaa my\u00f6s miellytt\u00e4v\u00e4n leve\u00e4n valokeilan \u2022 Tyylik\u00e4s Dark Look -design tuo ajoneuvollesi eksklusiivisen [&hellip;]","og_url":"https:\/\/www.duunauspalvelutjarvi.fi\/?product=w9-phoenix-gen3-led-lisavalo","article_modified_time":"2025-10-09T08:36:47+00:00","og_image":[{"width":2000,"height":2000,"url":"https:\/\/www.duunauspalvelutjarvi.fi\/wp-content\/uploads\/2024\/03\/TukitangonkiinnikeTopSlider_3050119903_35cb391b48e73404832a3f09f9121bc8_2.jpg","type":"image\/jpeg"}],"twitter_card":"summary_large_image","twitter_misc":{"Arvioitu lukuaika":"3 minuuttia"},"schema":{"@context":"https:\/\/schema.org","@graph":[{"@type":"WebPage","@id":"https:\/\/www.duunauspalvelutjarvi.fi\/?product=w9-phoenix-gen3-led-lisavalo","url":"https:\/\/www.duunauspalvelutjarvi.fi\/?product=w9-phoenix-gen3-led-lisavalo","name":"W9 Phoenix XTREME LED-lis\u00e4valo -","isPartOf":{"@id":"https:\/\/www.duunauspalvelutjarvi.fi\/#website"},"primaryImageOfPage":{"@id":"https:\/\/www.duunauspalvelutjarvi.fi\/?product=w9-phoenix-gen3-led-lisavalo#primaryimage"},"image":{"@id":"https:\/\/www.duunauspalvelutjarvi.fi\/?product=w9-phoenix-gen3-led-lisavalo#primaryimage"},"thumbnailUrl":"https:\/\/www.duunauspalvelutjarvi.fi\/wp-content\/uploads\/2024\/03\/TukitangonkiinnikeTopSlider_3050119903_35cb391b48e73404832a3f09f9121bc8_2.jpg","datePublished":"2024-03-24T20:47:05+00:00","dateModified":"2025-10-09T08:36:47+00:00","breadcrumb":{"@id":"https:\/\/www.duunauspalvelutjarvi.fi\/?product=w9-phoenix-gen3-led-lisavalo#breadcrumb"},"inLanguage":"fi","potentialAction":[{"@type":"ReadAction","target":["https:\/\/www.duunauspalvelutjarvi.fi\/?product=w9-phoenix-gen3-led-lisavalo"]}]},{"@type":"ImageObject","inLanguage":"fi","@id":"https:\/\/www.duunauspalvelutjarvi.fi\/?product=w9-phoenix-gen3-led-lisavalo#primaryimage","url":"https:\/\/www.duunauspalvelutjarvi.fi\/wp-content\/uploads\/2024\/03\/TukitangonkiinnikeTopSlider_3050119903_35cb391b48e73404832a3f09f9121bc8_2.jpg","contentUrl":"https:\/\/www.duunauspalvelutjarvi.fi\/wp-content\/uploads\/2024\/03\/TukitangonkiinnikeTopSlider_3050119903_35cb391b48e73404832a3f09f9121bc8_2.jpg","width":2000,"height":2000},{"@type":"BreadcrumbList","@id":"https:\/\/www.duunauspalvelutjarvi.fi\/?product=w9-phoenix-gen3-led-lisavalo#breadcrumb","itemListElement":[{"@type":"ListItem","position":1,"name":"Etusivu","item":"https:\/\/www.duunauspalvelutjarvi.fi\/"},{"@type":"ListItem","position":2,"name":"Etusivu","item":"https:\/\/www.duunauspalvelutjarvi.fi\/"},{"@type":"ListItem","position":3,"name":"W9 Phoenix XTREME LED-lis\u00e4valo"}]},{"@type":"WebSite","@id":"https:\/\/www.duunauspalvelutjarvi.fi\/#website","url":"https:\/\/www.duunauspalvelutjarvi.fi\/","name":"","description":"","potentialAction":[{"@type":"SearchAction","target":{"@type":"EntryPoint","urlTemplate":"https:\/\/www.duunauspalvelutjarvi.fi\/?s={search_term_string}"},"query-input":{"@type":"PropertyValueSpecification","valueRequired":true,"valueName":"search_term_string"}}],"inLanguage":"fi"}]}},"jetpack_sharing_enabled":true,"_links":{"self":[{"href":"https:\/\/www.duunauspalvelutjarvi.fi\/index.php?rest_route=\/wp\/v2\/product\/14841","targetHints":{"allow":["GET"]}}],"collection":[{"href":"https:\/\/www.duunauspalvelutjarvi.fi\/index.php?rest_route=\/wp\/v2\/product"}],"about":[{"href":"https:\/\/www.duunauspalvelutjarvi.fi\/index.php?rest_route=\/wp\/v2\/types\/product"}],"replies":[{"embeddable":true,"href":"https:\/\/www.duunauspalvelutjarvi.fi\/index.php?rest_route=%2Fwp%2Fv2%2Fcomments&post=14841"}],"wp:featuredmedia":[{"embeddable":true,"href":"https:\/\/www.duunauspalvelutjarvi.fi\/index.php?rest_route=\/wp\/v2\/media\/14842"}],"wp:attachment":[{"href":"https:\/\/www.duunauspalvelutjarvi.fi\/index.php?rest_route=%2Fwp%2Fv2%2Fmedia&parent=14841"}],"wp:term":[{"taxonomy":"product_brand","embeddable":true,"href":"https:\/\/www.duunauspalvelutjarvi.fi\/index.php?rest_route=%2Fwp%2Fv2%2Fproduct_brand&post=14841"},{"taxonomy":"product_cat","embeddable":true,"href":"https:\/\/www.duunauspalvelutjarvi.fi\/index.php?rest_route=%2Fwp%2Fv2%2Fproduct_cat&post=14841"},{"taxonomy":"product_tag","embeddable":true,"href":"https:\/\/www.duunauspalvelutjarvi.fi\/index.php?rest_route=%2Fwp%2Fv2%2Fproduct_tag&post=14841"}],"curies":[{"name":"wp","href":"https:\/\/api.w.org\/{rel}","templated":true}]}}