{"id":14886,"date":"2024-05-25T19:55:35","date_gmt":"2024-05-25T16:55:35","guid":{"rendered":"https:\/\/www.duunauspalvelutjarvi.fi\/?post_type=product&#038;p=14886"},"modified":"2024-05-25T20:08:59","modified_gmt":"2024-05-25T17:08:59","slug":"thermacell-hyttystorjuntalaite-musta","status":"publish","type":"product","link":"https:\/\/www.duunauspalvelutjarvi.fi\/?product=thermacell-hyttystorjuntalaite-musta","title":{"rendered":"Thermacell Hyttystorjuntalaite musta"},"content":{"rendered":"<p>Thermacell-hyttystorjuntalaite on tehokas ja luotettava ratkaisu pihapiirin hyttysongelmaan.<br \/>\nSe luo noin 20 m\u00b2 hyttysvapaan alueen 10-15 minuutissa. Thermacell torjuu tehokkaasti hyttyset, m\u00e4k\u00e4r\u00e4t ja polttiaiset.<\/p>\n<p>Thermacell on helppo, huomaamaton ja l\u00e4hes hajuton tapa torjua hyttyset ulkotiloissa. Se ei sis\u00e4ll\u00e4 iholle levitett\u00e4vi\u00e4 voiteita tai suihkeita.<br \/>\nHelppo k\u00e4ynnist\u00e4\u00e4 ja sammuttaa. Thermacell suojaa kerralla koko seurueen.<br \/>\nThermacell MR300 -hyttystorjuntalaite on ihanteellinen ratkaisu kotipihalle, terassille, patiolle ja m\u00f6kille.<\/p>\n<p>Thermacell-laitteeseen laitetaan pralletriinia sis\u00e4lt\u00e4v\u00e4 hyttystorjuntamatto.<br \/>\nMattoa l\u00e4mmitet\u00e4\u00e4n kaasulla, jolloin tehoaine h\u00f6yrystyy ja muodostaa laitteen ymp\u00e4rille n. 20 m\u00b2 suoja-alueen.<br \/>\nK\u00e4yt\u00e4 Thermacellia turvallisesti. Lue etiketti ja valmistetiedot huolellisesti, ja perehdy k\u00e4ytt\u00f6ohjeisiin.<br \/>\nThermacell-laitteen ritil\u00e4 kuumenee ja laitteessa k\u00e4ytet\u00e4\u00e4n kemikaalia.<br \/>\nK\u00e4yt\u00e4 ja s\u00e4ilyt\u00e4 tuotteita niin, ett\u00e4 lapset ja lemmikkiel\u00e4imet eiv\u00e4t p\u00e4\u00e4se niihin k\u00e4siksi.<br \/>\nK\u00e4yt\u00e4 et\u00e4\u00e4ll\u00e4 kukkivista kasveista. Vain ulkok\u00e4ytt\u00f6\u00f6n.<\/p>\n<p>Tyhj\u00e4 Thermacell-kaasus\u00e4ili\u00f6 ja -hyttystorjuntamatto h\u00e4vitet\u00e4\u00e4n sekaj\u00e4tteen\u00e4\/polttokelpoisena j\u00e4tteen\u00e4 paikallisten ohjeiden mukaan.<br \/>\nTyhj\u00e4n maton tunnistaa siit\u00e4, ett\u00e4 se on muuttunut sinisest\u00e4 vaaleaksi. Jos kaasus\u00e4ili\u00f6t\u00e4 tai mattoa ei ole k\u00e4ytetty loppuun, ne h\u00e4vitet\u00e4\u00e4n vaarallisena j\u00e4tteen\u00e4.<\/p>\n<p>Pakkaus sis\u00e4lt\u00e4\u00e4 Thermacell MR300 -laitteen ja tarvikkeet n. 12 tunnin k\u00e4ytt\u00f6\u00e4 varten (kaasus\u00e4ili\u00f6n ja kolme hyttystorjuntamattoa).<\/p>\n<p>&#8211; luotettava ratkaisu pihapiirin hyttysongelmaan<br \/>\n&#8211; luo noin 20 m\u00b2 hyttysvapaan vy\u00f6hykkeen 10-15 minuutissa<br \/>\n&#8211; tehokas<br \/>\n&#8211; helppok\u00e4ytt\u00f6inen<br \/>\n&#8211; \u00e4\u00e4net\u00f6n, l\u00e4hes hajuton<br \/>\n&#8211; myyntipakkaus sis\u00e4lt\u00e4\u00e4 laitteen ja tarvikkeet n. 12 tunnin k\u00e4ytt\u00f6\u00f6n: kaasus\u00e4ili\u00f6n ja kolme hyttystorjuntamattoa<br \/>\n&#8211; vuoden takuu<br \/>\n&#8211; saatavana kolme erikokoista t\u00e4ytt\u00f6pakkausta<br \/>\n&#8211; perehdy k\u00e4ytt\u00f6ohjeisiin<\/p>\n","protected":false},"excerpt":{"rendered":"<p>Thermacell-hyttystorjuntalaite on tehokas ja luotettava ratkaisu pihapiirin hyttysongelmaan. Se luo noin 20 m\u00b2 hyttysvapaan alueen 10-15 minuutissa. Thermacell torjuu tehokkaasti hyttyset, m\u00e4k\u00e4r\u00e4t ja polttiaiset. Thermacell on helppo, huomaamaton ja l\u00e4hes hajuton tapa torjua hyttyset ulkotiloissa. Se ei sis\u00e4ll\u00e4 iholle levitett\u00e4vi\u00e4 voiteita tai suihkeita. Helppo k\u00e4ynnist\u00e4\u00e4 ja sammuttaa. Thermacell suojaa kerralla koko seurueen. Thermacell MR300 -hyttystorjuntalaite [&hellip;]<\/p>\n","protected":false},"featured_media":14890,"comment_status":"open","ping_status":"closed","template":"","meta":[],"product_brand":[],"product_cat":[485],"product_tag":[],"class_list":{"0":"post-14886","1":"product","2":"type-product","3":"status-publish","4":"has-post-thumbnail","6":"product_cat-hyttystorjuntalaitteet","8":"first","9":"instock","10":"taxable","11":"shipping-taxable","12":"purchasable","13":"product-type-simple"},"yoast_head":"<!-- This site is optimized with the Yoast SEO plugin v27.3 - https:\/\/yoast.com\/product\/yoast-seo-wordpress\/ -->\n<title>Thermacell Hyttystorjuntalaite musta -<\/title>\n<meta name=\"robots\" content=\"index, follow, max-snippet:-1, max-image-preview:large, max-video-preview:-1\" \/>\n<link rel=\"canonical\" href=\"https:\/\/www.duunauspalvelutjarvi.fi\/?product=thermacell-hyttystorjuntalaite-musta\" \/>\n<meta property=\"og:locale\" content=\"fi_FI\" \/>\n<meta property=\"og:type\" content=\"article\" \/>\n<meta property=\"og:title\" content=\"Thermacell Hyttystorjuntalaite musta -\" \/>\n<meta property=\"og:description\" content=\"Thermacell-hyttystorjuntalaite on tehokas ja luotettava ratkaisu pihapiirin hyttysongelmaan. Se luo noin 20 m\u00b2 hyttysvapaan alueen 10-15 minuutissa. Thermacell torjuu tehokkaasti hyttyset, m\u00e4k\u00e4r\u00e4t ja polttiaiset. Thermacell on helppo, huomaamaton ja l\u00e4hes hajuton tapa torjua hyttyset ulkotiloissa. Se ei sis\u00e4ll\u00e4 iholle levitett\u00e4vi\u00e4 voiteita tai suihkeita. Helppo k\u00e4ynnist\u00e4\u00e4 ja sammuttaa. Thermacell suojaa kerralla koko seurueen. Thermacell MR300 -hyttystorjuntalaite [&hellip;]\" \/>\n<meta property=\"og:url\" content=\"https:\/\/www.duunauspalvelutjarvi.fi\/?product=thermacell-hyttystorjuntalaite-musta\" \/>\n<meta property=\"article:modified_time\" content=\"2024-05-25T17:08:59+00:00\" \/>\n<meta property=\"og:image\" content=\"https:\/\/www.duunauspalvelutjarvi.fi\/wp-content\/uploads\/2024\/05\/ThermacellHyttystorjuntalaitemusta_843654009063_948209c1b60b141072b1f71cec6c44b2_1-scaled.jpg\" \/>\n\t<meta property=\"og:image:width\" content=\"999\" \/>\n\t<meta property=\"og:image:height\" content=\"2560\" \/>\n\t<meta property=\"og:image:type\" content=\"image\/jpeg\" \/>\n<meta name=\"twitter:card\" content=\"summary_large_image\" \/>\n<meta name=\"twitter:label1\" content=\"Arvioitu lukuaika\" \/>\n\t<meta name=\"twitter:data1\" content=\"2 minuuttia\" \/>\n<script type=\"application\/ld+json\" class=\"yoast-schema-graph\">{\"@context\":\"https:\\\/\\\/schema.org\",\"@graph\":[{\"@type\":\"WebPage\",\"@id\":\"https:\\\/\\\/www.duunauspalvelutjarvi.fi\\\/?product=thermacell-hyttystorjuntalaite-musta\",\"url\":\"https:\\\/\\\/www.duunauspalvelutjarvi.fi\\\/?product=thermacell-hyttystorjuntalaite-musta\",\"name\":\"Thermacell Hyttystorjuntalaite musta -\",\"isPartOf\":{\"@id\":\"https:\\\/\\\/www.duunauspalvelutjarvi.fi\\\/#website\"},\"primaryImageOfPage\":{\"@id\":\"https:\\\/\\\/www.duunauspalvelutjarvi.fi\\\/?product=thermacell-hyttystorjuntalaite-musta#primaryimage\"},\"image\":{\"@id\":\"https:\\\/\\\/www.duunauspalvelutjarvi.fi\\\/?product=thermacell-hyttystorjuntalaite-musta#primaryimage\"},\"thumbnailUrl\":\"https:\\\/\\\/www.duunauspalvelutjarvi.fi\\\/wp-content\\\/uploads\\\/2024\\\/05\\\/ThermacellHyttystorjuntalaitemusta_843654009063_948209c1b60b141072b1f71cec6c44b2_1-scaled.jpg\",\"datePublished\":\"2024-05-25T16:55:35+00:00\",\"dateModified\":\"2024-05-25T17:08:59+00:00\",\"breadcrumb\":{\"@id\":\"https:\\\/\\\/www.duunauspalvelutjarvi.fi\\\/?product=thermacell-hyttystorjuntalaite-musta#breadcrumb\"},\"inLanguage\":\"fi\",\"potentialAction\":[{\"@type\":\"ReadAction\",\"target\":[\"https:\\\/\\\/www.duunauspalvelutjarvi.fi\\\/?product=thermacell-hyttystorjuntalaite-musta\"]}]},{\"@type\":\"ImageObject\",\"inLanguage\":\"fi\",\"@id\":\"https:\\\/\\\/www.duunauspalvelutjarvi.fi\\\/?product=thermacell-hyttystorjuntalaite-musta#primaryimage\",\"url\":\"https:\\\/\\\/www.duunauspalvelutjarvi.fi\\\/wp-content\\\/uploads\\\/2024\\\/05\\\/ThermacellHyttystorjuntalaitemusta_843654009063_948209c1b60b141072b1f71cec6c44b2_1-scaled.jpg\",\"contentUrl\":\"https:\\\/\\\/www.duunauspalvelutjarvi.fi\\\/wp-content\\\/uploads\\\/2024\\\/05\\\/ThermacellHyttystorjuntalaitemusta_843654009063_948209c1b60b141072b1f71cec6c44b2_1-scaled.jpg\",\"width\":999,\"height\":2560},{\"@type\":\"BreadcrumbList\",\"@id\":\"https:\\\/\\\/www.duunauspalvelutjarvi.fi\\\/?product=thermacell-hyttystorjuntalaite-musta#breadcrumb\",\"itemListElement\":[{\"@type\":\"ListItem\",\"position\":1,\"name\":\"Etusivu\",\"item\":\"https:\\\/\\\/www.duunauspalvelutjarvi.fi\\\/\"},{\"@type\":\"ListItem\",\"position\":2,\"name\":\"Etusivu\",\"item\":\"https:\\\/\\\/www.duunauspalvelutjarvi.fi\\\/\"},{\"@type\":\"ListItem\",\"position\":3,\"name\":\"Thermacell Hyttystorjuntalaite musta\"}]},{\"@type\":\"WebSite\",\"@id\":\"https:\\\/\\\/www.duunauspalvelutjarvi.fi\\\/#website\",\"url\":\"https:\\\/\\\/www.duunauspalvelutjarvi.fi\\\/\",\"name\":\"\",\"description\":\"\",\"potentialAction\":[{\"@type\":\"SearchAction\",\"target\":{\"@type\":\"EntryPoint\",\"urlTemplate\":\"https:\\\/\\\/www.duunauspalvelutjarvi.fi\\\/?s={search_term_string}\"},\"query-input\":{\"@type\":\"PropertyValueSpecification\",\"valueRequired\":true,\"valueName\":\"search_term_string\"}}],\"inLanguage\":\"fi\"}]}<\/script>\n<!-- \/ Yoast SEO plugin. -->","yoast_head_json":{"title":"Thermacell Hyttystorjuntalaite musta -","robots":{"index":"index","follow":"follow","max-snippet":"max-snippet:-1","max-image-preview":"max-image-preview:large","max-video-preview":"max-video-preview:-1"},"canonical":"https:\/\/www.duunauspalvelutjarvi.fi\/?product=thermacell-hyttystorjuntalaite-musta","og_locale":"fi_FI","og_type":"article","og_title":"Thermacell Hyttystorjuntalaite musta -","og_description":"Thermacell-hyttystorjuntalaite on tehokas ja luotettava ratkaisu pihapiirin hyttysongelmaan. Se luo noin 20 m\u00b2 hyttysvapaan alueen 10-15 minuutissa. Thermacell torjuu tehokkaasti hyttyset, m\u00e4k\u00e4r\u00e4t ja polttiaiset. Thermacell on helppo, huomaamaton ja l\u00e4hes hajuton tapa torjua hyttyset ulkotiloissa. Se ei sis\u00e4ll\u00e4 iholle levitett\u00e4vi\u00e4 voiteita tai suihkeita. Helppo k\u00e4ynnist\u00e4\u00e4 ja sammuttaa. Thermacell suojaa kerralla koko seurueen. Thermacell MR300 -hyttystorjuntalaite [&hellip;]","og_url":"https:\/\/www.duunauspalvelutjarvi.fi\/?product=thermacell-hyttystorjuntalaite-musta","article_modified_time":"2024-05-25T17:08:59+00:00","og_image":[{"width":999,"height":2560,"url":"https:\/\/www.duunauspalvelutjarvi.fi\/wp-content\/uploads\/2024\/05\/ThermacellHyttystorjuntalaitemusta_843654009063_948209c1b60b141072b1f71cec6c44b2_1-scaled.jpg","type":"image\/jpeg"}],"twitter_card":"summary_large_image","twitter_misc":{"Arvioitu lukuaika":"2 minuuttia"},"schema":{"@context":"https:\/\/schema.org","@graph":[{"@type":"WebPage","@id":"https:\/\/www.duunauspalvelutjarvi.fi\/?product=thermacell-hyttystorjuntalaite-musta","url":"https:\/\/www.duunauspalvelutjarvi.fi\/?product=thermacell-hyttystorjuntalaite-musta","name":"Thermacell Hyttystorjuntalaite musta -","isPartOf":{"@id":"https:\/\/www.duunauspalvelutjarvi.fi\/#website"},"primaryImageOfPage":{"@id":"https:\/\/www.duunauspalvelutjarvi.fi\/?product=thermacell-hyttystorjuntalaite-musta#primaryimage"},"image":{"@id":"https:\/\/www.duunauspalvelutjarvi.fi\/?product=thermacell-hyttystorjuntalaite-musta#primaryimage"},"thumbnailUrl":"https:\/\/www.duunauspalvelutjarvi.fi\/wp-content\/uploads\/2024\/05\/ThermacellHyttystorjuntalaitemusta_843654009063_948209c1b60b141072b1f71cec6c44b2_1-scaled.jpg","datePublished":"2024-05-25T16:55:35+00:00","dateModified":"2024-05-25T17:08:59+00:00","breadcrumb":{"@id":"https:\/\/www.duunauspalvelutjarvi.fi\/?product=thermacell-hyttystorjuntalaite-musta#breadcrumb"},"inLanguage":"fi","potentialAction":[{"@type":"ReadAction","target":["https:\/\/www.duunauspalvelutjarvi.fi\/?product=thermacell-hyttystorjuntalaite-musta"]}]},{"@type":"ImageObject","inLanguage":"fi","@id":"https:\/\/www.duunauspalvelutjarvi.fi\/?product=thermacell-hyttystorjuntalaite-musta#primaryimage","url":"https:\/\/www.duunauspalvelutjarvi.fi\/wp-content\/uploads\/2024\/05\/ThermacellHyttystorjuntalaitemusta_843654009063_948209c1b60b141072b1f71cec6c44b2_1-scaled.jpg","contentUrl":"https:\/\/www.duunauspalvelutjarvi.fi\/wp-content\/uploads\/2024\/05\/ThermacellHyttystorjuntalaitemusta_843654009063_948209c1b60b141072b1f71cec6c44b2_1-scaled.jpg","width":999,"height":2560},{"@type":"BreadcrumbList","@id":"https:\/\/www.duunauspalvelutjarvi.fi\/?product=thermacell-hyttystorjuntalaite-musta#breadcrumb","itemListElement":[{"@type":"ListItem","position":1,"name":"Etusivu","item":"https:\/\/www.duunauspalvelutjarvi.fi\/"},{"@type":"ListItem","position":2,"name":"Etusivu","item":"https:\/\/www.duunauspalvelutjarvi.fi\/"},{"@type":"ListItem","position":3,"name":"Thermacell Hyttystorjuntalaite musta"}]},{"@type":"WebSite","@id":"https:\/\/www.duunauspalvelutjarvi.fi\/#website","url":"https:\/\/www.duunauspalvelutjarvi.fi\/","name":"","description":"","potentialAction":[{"@type":"SearchAction","target":{"@type":"EntryPoint","urlTemplate":"https:\/\/www.duunauspalvelutjarvi.fi\/?s={search_term_string}"},"query-input":{"@type":"PropertyValueSpecification","valueRequired":true,"valueName":"search_term_string"}}],"inLanguage":"fi"}]}},"jetpack_sharing_enabled":true,"_links":{"self":[{"href":"https:\/\/www.duunauspalvelutjarvi.fi\/index.php?rest_route=\/wp\/v2\/product\/14886","targetHints":{"allow":["GET"]}}],"collection":[{"href":"https:\/\/www.duunauspalvelutjarvi.fi\/index.php?rest_route=\/wp\/v2\/product"}],"about":[{"href":"https:\/\/www.duunauspalvelutjarvi.fi\/index.php?rest_route=\/wp\/v2\/types\/product"}],"replies":[{"embeddable":true,"href":"https:\/\/www.duunauspalvelutjarvi.fi\/index.php?rest_route=%2Fwp%2Fv2%2Fcomments&post=14886"}],"wp:featuredmedia":[{"embeddable":true,"href":"https:\/\/www.duunauspalvelutjarvi.fi\/index.php?rest_route=\/wp\/v2\/media\/14890"}],"wp:attachment":[{"href":"https:\/\/www.duunauspalvelutjarvi.fi\/index.php?rest_route=%2Fwp%2Fv2%2Fmedia&parent=14886"}],"wp:term":[{"taxonomy":"product_brand","embeddable":true,"href":"https:\/\/www.duunauspalvelutjarvi.fi\/index.php?rest_route=%2Fwp%2Fv2%2Fproduct_brand&post=14886"},{"taxonomy":"product_cat","embeddable":true,"href":"https:\/\/www.duunauspalvelutjarvi.fi\/index.php?rest_route=%2Fwp%2Fv2%2Fproduct_cat&post=14886"},{"taxonomy":"product_tag","embeddable":true,"href":"https:\/\/www.duunauspalvelutjarvi.fi\/index.php?rest_route=%2Fwp%2Fv2%2Fproduct_tag&post=14886"}],"curies":[{"name":"wp","href":"https:\/\/api.w.org\/{rel}","templated":true}]}}