{"id":14891,"date":"2024-05-25T19:59:24","date_gmt":"2024-05-25T16:59:24","guid":{"rendered":"https:\/\/www.duunauspalvelutjarvi.fi\/?post_type=product&#038;p=14891"},"modified":"2024-05-25T19:59:24","modified_gmt":"2024-05-25T16:59:24","slug":"mosquito-magnet-hyttysansa-executive","status":"publish","type":"product","link":"https:\/\/www.duunauspalvelutjarvi.fi\/?product=mosquito-magnet-hyttysansa-executive","title":{"rendered":"Mosquito Magnet -hyttysansa Executive"},"content":{"rendered":"<p>Mosquito Magnet\u00ae Executive -hyttysansa on ratkaisu koti- tai m\u00f6kkipihan hyttysongelmaan, kun saatavilla ei ole s\u00e4hk\u00f6\u00e4 tai haluat pidemm\u00e4n verkontyhjennysv\u00e4lin.<br \/>\nSe v\u00e4hent\u00e4\u00e4 turvallisesti ja tehokkaasti hyttysten ja muiden verta imevien hy\u00f6nteisten m\u00e4\u00e4r\u00e4\u00e4.<br \/>\nAnsa alkaa pyydyst\u00e4\u00e4 hyttysi\u00e4 heti k\u00e4ynnistyksen j\u00e4lkeen ja tuottaa havaittavia tuloksia jo muutamassa p\u00e4iv\u00e4ss\u00e4.<\/p>\n<p>Mosquito Magnet -hyttysansa houkuttelee tehokkaasti hyttysi\u00e4 ja muita verta imevi\u00e4 hy\u00f6nteisi\u00e4.<br \/>\nSe j\u00e4ljittelee ihmist\u00e4 vapauttamalla tasaisena virtana hiilidioksidia, l\u00e4mp\u00f6\u00e4, kosteutta ja hiilidioksidin vaikutusta tehostavaa R-Octenolia.<br \/>\nPatentoitu CounterFlow\u0099-j\u00e4rjestelm\u00e4 imee hy\u00f6nteiset laitteen sis\u00e4ll\u00e4 olevaan verkkoon, jossa ne kuolevat noin 24 tunnin kuluessa.<\/p>\n<p>Mosquito Magnet Executive on valmistettu s\u00e4\u00e4nkest\u00e4vist\u00e4, laadukkaista materiaaleista.<br \/>\nSe sopii erinomaisesti suurille pihoille, lomakohteisiin, golfkentille sek\u00e4 kohteisiin, joissa ei ole verkkovirtaa.<br \/>\nViisi k\u00e4ytt\u00f6\u00e4 helpottavaa toimintoa ja selke\u00e4 LCD-n\u00e4ytt\u00f6.<br \/>\nLaite k\u00e4ynnistet\u00e4\u00e4n akulla, mink\u00e4 j\u00e4lkeen se luo tarvitsemansa s\u00e4hk\u00f6virran.<\/p>\n<p>Nestekaasupullo (11 kg) ja R-Octenol-kapseli on vaihdettava noin 21 p\u00e4iv\u00e4n v\u00e4lein. Nestekaasupullo hankittava erikseen.<br \/>\nVerkko kannattaa tyhjent\u00e4\u00e4, kun se on puolillaan. Verkko on suuri, joten sen tyhjent\u00e4misv\u00e4li on pidempi.<br \/>\nVaihtoverkkoa k\u00e4ytt\u00e4m\u00e4ll\u00e4 ansan voi pit\u00e4\u00e4 k\u00e4ynniss\u00e4 keskeytyksett\u00e4.<\/p>\n<p>Mosquito Magnet on ratkaisu sinulle, joka haluat v\u00e4hent\u00e4\u00e4 hyttysten m\u00e4\u00e4r\u00e4\u00e4 pihallasi ja nauttia kes\u00e4st\u00e4 ilman hyttysi\u00e4.<\/p>\n<p>TEKNISET TIEDOT:<br \/>\n&#8211; helppo k\u00e4ytt\u00e4\u00e4, k\u00e4ynnistyy nopeasti napin painalluksella<br \/>\n&#8211; selke\u00e4 LCD-n\u00e4ytt\u00f6 ja viisi k\u00e4ytt\u00f6\u00e4 helpottavaa toimintoa<br \/>\n&#8211; s\u00e4\u00e4nkest\u00e4v\u00e4<br \/>\n&#8211; verkon vetoisuus n. 60 000-80 000 hyttyst\u00e4, pitempi tyhjennysv\u00e4li<br \/>\n&#8211; nestekaasupullo (11 kg) ja R-Octenol-tehosteaine vaihdettava n. 21 p\u00e4iv\u00e4n v\u00e4lein<br \/>\n&#8211; k\u00e4ynnistet\u00e4\u00e4n akulla, mink\u00e4 j\u00e4lkeen luo tarvitsemansa s\u00e4hk\u00f6virran<br \/>\n&#8211; mukana yksi verkko, nestekaasupullo hankittava erikseen<\/p>\n","protected":false},"excerpt":{"rendered":"<p>Mosquito Magnet\u00ae Executive -hyttysansa on ratkaisu koti- tai m\u00f6kkipihan hyttysongelmaan, kun saatavilla ei ole s\u00e4hk\u00f6\u00e4 tai haluat pidemm\u00e4n verkontyhjennysv\u00e4lin. Se v\u00e4hent\u00e4\u00e4 turvallisesti ja tehokkaasti hyttysten ja muiden verta imevien hy\u00f6nteisten m\u00e4\u00e4r\u00e4\u00e4. Ansa alkaa pyydyst\u00e4\u00e4 hyttysi\u00e4 heti k\u00e4ynnistyksen j\u00e4lkeen ja tuottaa havaittavia tuloksia jo muutamassa p\u00e4iv\u00e4ss\u00e4. Mosquito Magnet -hyttysansa houkuttelee tehokkaasti hyttysi\u00e4 ja muita verta imevi\u00e4 [&hellip;]<\/p>\n","protected":false},"featured_media":14896,"comment_status":"open","ping_status":"closed","template":"","meta":[],"product_brand":[],"product_cat":[485],"product_tag":[],"class_list":{"0":"post-14891","1":"product","2":"type-product","3":"status-publish","4":"has-post-thumbnail","6":"product_cat-hyttystorjuntalaitteet","8":"first","9":"instock","10":"taxable","11":"shipping-taxable","12":"purchasable","13":"product-type-simple"},"yoast_head":"<!-- This site is optimized with the Yoast SEO plugin v27.6 - https:\/\/yoast.com\/product\/yoast-seo-wordpress\/ -->\n<title>Mosquito Magnet -hyttysansa Executive -<\/title>\n<meta name=\"robots\" content=\"index, follow, max-snippet:-1, max-image-preview:large, max-video-preview:-1\" \/>\n<link rel=\"canonical\" href=\"https:\/\/www.duunauspalvelutjarvi.fi\/?product=mosquito-magnet-hyttysansa-executive\" \/>\n<meta property=\"og:locale\" content=\"fi_FI\" \/>\n<meta property=\"og:type\" content=\"article\" \/>\n<meta property=\"og:title\" content=\"Mosquito Magnet -hyttysansa Executive -\" \/>\n<meta property=\"og:description\" content=\"Mosquito Magnet\u00ae Executive -hyttysansa on ratkaisu koti- tai m\u00f6kkipihan hyttysongelmaan, kun saatavilla ei ole s\u00e4hk\u00f6\u00e4 tai haluat pidemm\u00e4n verkontyhjennysv\u00e4lin. Se v\u00e4hent\u00e4\u00e4 turvallisesti ja tehokkaasti hyttysten ja muiden verta imevien hy\u00f6nteisten m\u00e4\u00e4r\u00e4\u00e4. Ansa alkaa pyydyst\u00e4\u00e4 hyttysi\u00e4 heti k\u00e4ynnistyksen j\u00e4lkeen ja tuottaa havaittavia tuloksia jo muutamassa p\u00e4iv\u00e4ss\u00e4. Mosquito Magnet -hyttysansa houkuttelee tehokkaasti hyttysi\u00e4 ja muita verta imevi\u00e4 [&hellip;]\" \/>\n<meta property=\"og:url\" content=\"https:\/\/www.duunauspalvelutjarvi.fi\/?product=mosquito-magnet-hyttysansa-executive\" \/>\n<meta property=\"og:image\" content=\"https:\/\/www.duunauspalvelutjarvi.fi\/wp-content\/uploads\/2024\/05\/MosquitoMagnet-hyttysansaExecutive_0686513433001_795fd7dd04bf6816c4a667456243ea07_1-scaled.jpg\" \/>\n\t<meta property=\"og:image:width\" content=\"1707\" \/>\n\t<meta property=\"og:image:height\" content=\"2560\" \/>\n\t<meta property=\"og:image:type\" content=\"image\/jpeg\" \/>\n<meta name=\"twitter:card\" content=\"summary_large_image\" \/>\n<meta name=\"twitter:label1\" content=\"Arvioitu lukuaika\" \/>\n\t<meta name=\"twitter:data1\" content=\"2 minuuttia\" \/>\n<script type=\"application\/ld+json\" class=\"yoast-schema-graph\">{\"@context\":\"https:\\\/\\\/schema.org\",\"@graph\":[{\"@type\":\"WebPage\",\"@id\":\"https:\\\/\\\/www.duunauspalvelutjarvi.fi\\\/?product=mosquito-magnet-hyttysansa-executive\",\"url\":\"https:\\\/\\\/www.duunauspalvelutjarvi.fi\\\/?product=mosquito-magnet-hyttysansa-executive\",\"name\":\"Mosquito Magnet -hyttysansa Executive -\",\"isPartOf\":{\"@id\":\"https:\\\/\\\/www.duunauspalvelutjarvi.fi\\\/#website\"},\"primaryImageOfPage\":{\"@id\":\"https:\\\/\\\/www.duunauspalvelutjarvi.fi\\\/?product=mosquito-magnet-hyttysansa-executive#primaryimage\"},\"image\":{\"@id\":\"https:\\\/\\\/www.duunauspalvelutjarvi.fi\\\/?product=mosquito-magnet-hyttysansa-executive#primaryimage\"},\"thumbnailUrl\":\"https:\\\/\\\/www.duunauspalvelutjarvi.fi\\\/wp-content\\\/uploads\\\/2024\\\/05\\\/MosquitoMagnet-hyttysansaExecutive_0686513433001_795fd7dd04bf6816c4a667456243ea07_1-scaled.jpg\",\"datePublished\":\"2024-05-25T16:59:24+00:00\",\"breadcrumb\":{\"@id\":\"https:\\\/\\\/www.duunauspalvelutjarvi.fi\\\/?product=mosquito-magnet-hyttysansa-executive#breadcrumb\"},\"inLanguage\":\"fi\",\"potentialAction\":[{\"@type\":\"ReadAction\",\"target\":[\"https:\\\/\\\/www.duunauspalvelutjarvi.fi\\\/?product=mosquito-magnet-hyttysansa-executive\"]}]},{\"@type\":\"ImageObject\",\"inLanguage\":\"fi\",\"@id\":\"https:\\\/\\\/www.duunauspalvelutjarvi.fi\\\/?product=mosquito-magnet-hyttysansa-executive#primaryimage\",\"url\":\"https:\\\/\\\/www.duunauspalvelutjarvi.fi\\\/wp-content\\\/uploads\\\/2024\\\/05\\\/MosquitoMagnet-hyttysansaExecutive_0686513433001_795fd7dd04bf6816c4a667456243ea07_1-scaled.jpg\",\"contentUrl\":\"https:\\\/\\\/www.duunauspalvelutjarvi.fi\\\/wp-content\\\/uploads\\\/2024\\\/05\\\/MosquitoMagnet-hyttysansaExecutive_0686513433001_795fd7dd04bf6816c4a667456243ea07_1-scaled.jpg\",\"width\":1707,\"height\":2560},{\"@type\":\"BreadcrumbList\",\"@id\":\"https:\\\/\\\/www.duunauspalvelutjarvi.fi\\\/?product=mosquito-magnet-hyttysansa-executive#breadcrumb\",\"itemListElement\":[{\"@type\":\"ListItem\",\"position\":1,\"name\":\"Etusivu\",\"item\":\"https:\\\/\\\/www.duunauspalvelutjarvi.fi\\\/\"},{\"@type\":\"ListItem\",\"position\":2,\"name\":\"Etusivu\",\"item\":\"https:\\\/\\\/www.duunauspalvelutjarvi.fi\\\/\"},{\"@type\":\"ListItem\",\"position\":3,\"name\":\"Mosquito Magnet -hyttysansa Executive\"}]},{\"@type\":\"WebSite\",\"@id\":\"https:\\\/\\\/www.duunauspalvelutjarvi.fi\\\/#website\",\"url\":\"https:\\\/\\\/www.duunauspalvelutjarvi.fi\\\/\",\"name\":\"\",\"description\":\"\",\"potentialAction\":[{\"@type\":\"SearchAction\",\"target\":{\"@type\":\"EntryPoint\",\"urlTemplate\":\"https:\\\/\\\/www.duunauspalvelutjarvi.fi\\\/?s={search_term_string}\"},\"query-input\":{\"@type\":\"PropertyValueSpecification\",\"valueRequired\":true,\"valueName\":\"search_term_string\"}}],\"inLanguage\":\"fi\"}]}<\/script>\n<!-- \/ Yoast SEO plugin. -->","yoast_head_json":{"title":"Mosquito Magnet -hyttysansa Executive -","robots":{"index":"index","follow":"follow","max-snippet":"max-snippet:-1","max-image-preview":"max-image-preview:large","max-video-preview":"max-video-preview:-1"},"canonical":"https:\/\/www.duunauspalvelutjarvi.fi\/?product=mosquito-magnet-hyttysansa-executive","og_locale":"fi_FI","og_type":"article","og_title":"Mosquito Magnet -hyttysansa Executive -","og_description":"Mosquito Magnet\u00ae Executive -hyttysansa on ratkaisu koti- tai m\u00f6kkipihan hyttysongelmaan, kun saatavilla ei ole s\u00e4hk\u00f6\u00e4 tai haluat pidemm\u00e4n verkontyhjennysv\u00e4lin. Se v\u00e4hent\u00e4\u00e4 turvallisesti ja tehokkaasti hyttysten ja muiden verta imevien hy\u00f6nteisten m\u00e4\u00e4r\u00e4\u00e4. Ansa alkaa pyydyst\u00e4\u00e4 hyttysi\u00e4 heti k\u00e4ynnistyksen j\u00e4lkeen ja tuottaa havaittavia tuloksia jo muutamassa p\u00e4iv\u00e4ss\u00e4. Mosquito Magnet -hyttysansa houkuttelee tehokkaasti hyttysi\u00e4 ja muita verta imevi\u00e4 [&hellip;]","og_url":"https:\/\/www.duunauspalvelutjarvi.fi\/?product=mosquito-magnet-hyttysansa-executive","og_image":[{"width":1707,"height":2560,"url":"https:\/\/www.duunauspalvelutjarvi.fi\/wp-content\/uploads\/2024\/05\/MosquitoMagnet-hyttysansaExecutive_0686513433001_795fd7dd04bf6816c4a667456243ea07_1-scaled.jpg","type":"image\/jpeg"}],"twitter_card":"summary_large_image","twitter_misc":{"Arvioitu lukuaika":"2 minuuttia"},"schema":{"@context":"https:\/\/schema.org","@graph":[{"@type":"WebPage","@id":"https:\/\/www.duunauspalvelutjarvi.fi\/?product=mosquito-magnet-hyttysansa-executive","url":"https:\/\/www.duunauspalvelutjarvi.fi\/?product=mosquito-magnet-hyttysansa-executive","name":"Mosquito Magnet -hyttysansa Executive -","isPartOf":{"@id":"https:\/\/www.duunauspalvelutjarvi.fi\/#website"},"primaryImageOfPage":{"@id":"https:\/\/www.duunauspalvelutjarvi.fi\/?product=mosquito-magnet-hyttysansa-executive#primaryimage"},"image":{"@id":"https:\/\/www.duunauspalvelutjarvi.fi\/?product=mosquito-magnet-hyttysansa-executive#primaryimage"},"thumbnailUrl":"https:\/\/www.duunauspalvelutjarvi.fi\/wp-content\/uploads\/2024\/05\/MosquitoMagnet-hyttysansaExecutive_0686513433001_795fd7dd04bf6816c4a667456243ea07_1-scaled.jpg","datePublished":"2024-05-25T16:59:24+00:00","breadcrumb":{"@id":"https:\/\/www.duunauspalvelutjarvi.fi\/?product=mosquito-magnet-hyttysansa-executive#breadcrumb"},"inLanguage":"fi","potentialAction":[{"@type":"ReadAction","target":["https:\/\/www.duunauspalvelutjarvi.fi\/?product=mosquito-magnet-hyttysansa-executive"]}]},{"@type":"ImageObject","inLanguage":"fi","@id":"https:\/\/www.duunauspalvelutjarvi.fi\/?product=mosquito-magnet-hyttysansa-executive#primaryimage","url":"https:\/\/www.duunauspalvelutjarvi.fi\/wp-content\/uploads\/2024\/05\/MosquitoMagnet-hyttysansaExecutive_0686513433001_795fd7dd04bf6816c4a667456243ea07_1-scaled.jpg","contentUrl":"https:\/\/www.duunauspalvelutjarvi.fi\/wp-content\/uploads\/2024\/05\/MosquitoMagnet-hyttysansaExecutive_0686513433001_795fd7dd04bf6816c4a667456243ea07_1-scaled.jpg","width":1707,"height":2560},{"@type":"BreadcrumbList","@id":"https:\/\/www.duunauspalvelutjarvi.fi\/?product=mosquito-magnet-hyttysansa-executive#breadcrumb","itemListElement":[{"@type":"ListItem","position":1,"name":"Etusivu","item":"https:\/\/www.duunauspalvelutjarvi.fi\/"},{"@type":"ListItem","position":2,"name":"Etusivu","item":"https:\/\/www.duunauspalvelutjarvi.fi\/"},{"@type":"ListItem","position":3,"name":"Mosquito Magnet -hyttysansa Executive"}]},{"@type":"WebSite","@id":"https:\/\/www.duunauspalvelutjarvi.fi\/#website","url":"https:\/\/www.duunauspalvelutjarvi.fi\/","name":"","description":"","potentialAction":[{"@type":"SearchAction","target":{"@type":"EntryPoint","urlTemplate":"https:\/\/www.duunauspalvelutjarvi.fi\/?s={search_term_string}"},"query-input":{"@type":"PropertyValueSpecification","valueRequired":true,"valueName":"search_term_string"}}],"inLanguage":"fi"}]}},"jetpack_sharing_enabled":true,"_links":{"self":[{"href":"https:\/\/www.duunauspalvelutjarvi.fi\/index.php?rest_route=\/wp\/v2\/product\/14891","targetHints":{"allow":["GET"]}}],"collection":[{"href":"https:\/\/www.duunauspalvelutjarvi.fi\/index.php?rest_route=\/wp\/v2\/product"}],"about":[{"href":"https:\/\/www.duunauspalvelutjarvi.fi\/index.php?rest_route=\/wp\/v2\/types\/product"}],"replies":[{"embeddable":true,"href":"https:\/\/www.duunauspalvelutjarvi.fi\/index.php?rest_route=%2Fwp%2Fv2%2Fcomments&post=14891"}],"wp:featuredmedia":[{"embeddable":true,"href":"https:\/\/www.duunauspalvelutjarvi.fi\/index.php?rest_route=\/wp\/v2\/media\/14896"}],"wp:attachment":[{"href":"https:\/\/www.duunauspalvelutjarvi.fi\/index.php?rest_route=%2Fwp%2Fv2%2Fmedia&parent=14891"}],"wp:term":[{"taxonomy":"product_brand","embeddable":true,"href":"https:\/\/www.duunauspalvelutjarvi.fi\/index.php?rest_route=%2Fwp%2Fv2%2Fproduct_brand&post=14891"},{"taxonomy":"product_cat","embeddable":true,"href":"https:\/\/www.duunauspalvelutjarvi.fi\/index.php?rest_route=%2Fwp%2Fv2%2Fproduct_cat&post=14891"},{"taxonomy":"product_tag","embeddable":true,"href":"https:\/\/www.duunauspalvelutjarvi.fi\/index.php?rest_route=%2Fwp%2Fv2%2Fproduct_tag&post=14891"}],"curies":[{"name":"wp","href":"https:\/\/api.w.org\/{rel}","templated":true}]}}