{"id":14931,"date":"2024-06-27T22:19:19","date_gmt":"2024-06-27T19:19:19","guid":{"rendered":"https:\/\/www.duunauspalvelutjarvi.fi\/?post_type=product&#038;p=14931"},"modified":"2024-06-27T22:20:46","modified_gmt":"2024-06-27T19:20:46","slug":"ecoflow-river-mini-210wh","status":"publish","type":"product","link":"https:\/\/www.duunauspalvelutjarvi.fi\/?product=ecoflow-river-mini-210wh","title":{"rendered":"Ecoflow River Mini 210Wh"},"content":{"rendered":"<h3>Monik\u00e4yt\u00adt\u00f6i\u00adnen ja kan\u00adnet\u00adta\u00adva latausase\u00adma<\/h3>\n<p>Helposti kannettava EcoFlow-malliston pienikokoisin EcoFlow River Mini -latausasema tarjoaa virtaa 300 watin jatkuvalla ja 600 watin hetkellisell\u00e4 s\u00e4hk\u00f6nsy\u00f6t\u00f6ll\u00e4. Turvallisella, ymp\u00e4rist\u00f6yst\u00e4v\u00e4llisell\u00e4 ja \u00e4\u00e4nett\u00f6m\u00e4ll\u00e4 latausasemalla voi sy\u00f6tt\u00e4\u00e4 s\u00e4hk\u00f6\u00e4 akkuk\u00e4ytt\u00f6isesti jopa seitsem\u00e4lle eri laitteelle samanaikaisesti. Latausaseman 210 wattitunnin akkukapasiteetin ansiosta pienemm\u00e4t s\u00e4hk\u00f6laitteet voivat toimia tuntikausia ilman verkkovirtaa tehovaatimuksista riippuen. My\u00f6s pienlaitteiden omat akut latautuvat helposti useita kertoja t\u00e4yteen ladatusta latausasemasta.<\/p>\n<p>Laitteessa on yksi tavallinen suomalainen pistorasia, kolme tavallista USB-A-liit\u00e4nt\u00e4\u00e4 ja yksi autoista tuttu latausliit\u00e4nt\u00e4 s\u00e4hk\u00f6n sy\u00f6tt\u00e4miseksi muille laitteille. Pistorasian kautta voi tarjota verkkovirran kaltaista 230 voltin s\u00e4hk\u00f6\u00e4 puhtaalla siniaallolla kaikenlaisille kodin s\u00e4hk\u00f6laitteille, kuten valaisimille, n\u00e4yt\u00f6ille, tietokoneille, ilmakihartimille ja pienemmille s\u00e4hk\u00f6ty\u00f6kaluille. Lis\u00e4ksi USB-liit\u00e4nt\u00f6jen kautta voi sy\u00f6tt\u00e4\u00e4 s\u00e4hk\u00f6\u00e4 kaikenlaisille s\u00e4hk\u00f6isille pienlaitteille.<\/p>\n<p>Yll\u00e4 mainittujen liit\u00e4nt\u00f6jen lis\u00e4ksi EcoFlow River Minin Wireless-malli tuo lis\u00e4\u00e4 yhden tehokkaan USB-C-liit\u00e4nn\u00e4n ja langattoman lataustason laitteen p\u00e4\u00e4ll\u00e4.<\/p>\n","protected":false},"excerpt":{"rendered":"<p>Monik\u00e4yt\u00adt\u00f6i\u00adnen ja kan\u00adnet\u00adta\u00adva latausase\u00adma Helposti kannettava EcoFlow-malliston pienikokoisin EcoFlow River Mini -latausasema tarjoaa virtaa 300 watin jatkuvalla ja 600 watin hetkellisell\u00e4 s\u00e4hk\u00f6nsy\u00f6t\u00f6ll\u00e4. Turvallisella, ymp\u00e4rist\u00f6yst\u00e4v\u00e4llisell\u00e4 ja \u00e4\u00e4nett\u00f6m\u00e4ll\u00e4 latausasemalla voi sy\u00f6tt\u00e4\u00e4 s\u00e4hk\u00f6\u00e4 akkuk\u00e4ytt\u00f6isesti jopa seitsem\u00e4lle eri laitteelle samanaikaisesti. Latausaseman 210 wattitunnin akkukapasiteetin ansiosta pienemm\u00e4t s\u00e4hk\u00f6laitteet voivat toimia tuntikausia ilman verkkovirtaa tehovaatimuksista riippuen. My\u00f6s pienlaitteiden omat akut latautuvat [&hellip;]<\/p>\n","protected":false},"featured_media":14932,"comment_status":"open","ping_status":"closed","template":"","meta":[],"product_brand":[],"product_cat":[144],"product_tag":[],"class_list":{"0":"post-14931","1":"product","2":"type-product","3":"status-publish","4":"has-post-thumbnail","6":"product_cat-varavirtalahteet","8":"first","9":"instock","10":"taxable","11":"shipping-taxable","12":"purchasable","13":"product-type-simple"},"yoast_head":"<!-- This site is optimized with the Yoast SEO plugin v27.5 - https:\/\/yoast.com\/product\/yoast-seo-wordpress\/ -->\n<title>Ecoflow River Mini 210Wh -<\/title>\n<meta name=\"robots\" content=\"index, follow, max-snippet:-1, max-image-preview:large, max-video-preview:-1\" \/>\n<link rel=\"canonical\" href=\"https:\/\/www.duunauspalvelutjarvi.fi\/?product=ecoflow-river-mini-210wh\" \/>\n<meta property=\"og:locale\" content=\"fi_FI\" \/>\n<meta property=\"og:type\" content=\"article\" \/>\n<meta property=\"og:title\" content=\"Ecoflow River Mini 210Wh -\" \/>\n<meta property=\"og:description\" content=\"Monik\u00e4yt\u00adt\u00f6i\u00adnen ja kan\u00adnet\u00adta\u00adva latausase\u00adma Helposti kannettava EcoFlow-malliston pienikokoisin EcoFlow River Mini -latausasema tarjoaa virtaa 300 watin jatkuvalla ja 600 watin hetkellisell\u00e4 s\u00e4hk\u00f6nsy\u00f6t\u00f6ll\u00e4. Turvallisella, ymp\u00e4rist\u00f6yst\u00e4v\u00e4llisell\u00e4 ja \u00e4\u00e4nett\u00f6m\u00e4ll\u00e4 latausasemalla voi sy\u00f6tt\u00e4\u00e4 s\u00e4hk\u00f6\u00e4 akkuk\u00e4ytt\u00f6isesti jopa seitsem\u00e4lle eri laitteelle samanaikaisesti. Latausaseman 210 wattitunnin akkukapasiteetin ansiosta pienemm\u00e4t s\u00e4hk\u00f6laitteet voivat toimia tuntikausia ilman verkkovirtaa tehovaatimuksista riippuen. My\u00f6s pienlaitteiden omat akut latautuvat [&hellip;]\" \/>\n<meta property=\"og:url\" content=\"https:\/\/www.duunauspalvelutjarvi.fi\/?product=ecoflow-river-mini-210wh\" \/>\n<meta property=\"article:modified_time\" content=\"2024-06-27T19:20:46+00:00\" \/>\n<meta property=\"og:image\" content=\"https:\/\/www.duunauspalvelutjarvi.fi\/wp-content\/uploads\/2024\/06\/EcoFlow-RIVER-mini-hand-1.jpg\" \/>\n\t<meta property=\"og:image:width\" content=\"1435\" \/>\n\t<meta property=\"og:image:height\" content=\"1435\" \/>\n\t<meta property=\"og:image:type\" content=\"image\/jpeg\" \/>\n<meta name=\"twitter:card\" content=\"summary_large_image\" \/>\n<meta name=\"twitter:label1\" content=\"Arvioitu lukuaika\" \/>\n\t<meta name=\"twitter:data1\" content=\"1 minuutti\" \/>\n<script type=\"application\/ld+json\" class=\"yoast-schema-graph\">{\"@context\":\"https:\\\/\\\/schema.org\",\"@graph\":[{\"@type\":\"WebPage\",\"@id\":\"https:\\\/\\\/www.duunauspalvelutjarvi.fi\\\/?product=ecoflow-river-mini-210wh\",\"url\":\"https:\\\/\\\/www.duunauspalvelutjarvi.fi\\\/?product=ecoflow-river-mini-210wh\",\"name\":\"Ecoflow River Mini 210Wh -\",\"isPartOf\":{\"@id\":\"https:\\\/\\\/www.duunauspalvelutjarvi.fi\\\/#website\"},\"primaryImageOfPage\":{\"@id\":\"https:\\\/\\\/www.duunauspalvelutjarvi.fi\\\/?product=ecoflow-river-mini-210wh#primaryimage\"},\"image\":{\"@id\":\"https:\\\/\\\/www.duunauspalvelutjarvi.fi\\\/?product=ecoflow-river-mini-210wh#primaryimage\"},\"thumbnailUrl\":\"https:\\\/\\\/www.duunauspalvelutjarvi.fi\\\/wp-content\\\/uploads\\\/2024\\\/06\\\/EcoFlow-RIVER-mini-hand-1.jpg\",\"datePublished\":\"2024-06-27T19:19:19+00:00\",\"dateModified\":\"2024-06-27T19:20:46+00:00\",\"breadcrumb\":{\"@id\":\"https:\\\/\\\/www.duunauspalvelutjarvi.fi\\\/?product=ecoflow-river-mini-210wh#breadcrumb\"},\"inLanguage\":\"fi\",\"potentialAction\":[{\"@type\":\"ReadAction\",\"target\":[\"https:\\\/\\\/www.duunauspalvelutjarvi.fi\\\/?product=ecoflow-river-mini-210wh\"]}]},{\"@type\":\"ImageObject\",\"inLanguage\":\"fi\",\"@id\":\"https:\\\/\\\/www.duunauspalvelutjarvi.fi\\\/?product=ecoflow-river-mini-210wh#primaryimage\",\"url\":\"https:\\\/\\\/www.duunauspalvelutjarvi.fi\\\/wp-content\\\/uploads\\\/2024\\\/06\\\/EcoFlow-RIVER-mini-hand-1.jpg\",\"contentUrl\":\"https:\\\/\\\/www.duunauspalvelutjarvi.fi\\\/wp-content\\\/uploads\\\/2024\\\/06\\\/EcoFlow-RIVER-mini-hand-1.jpg\",\"width\":1435,\"height\":1435},{\"@type\":\"BreadcrumbList\",\"@id\":\"https:\\\/\\\/www.duunauspalvelutjarvi.fi\\\/?product=ecoflow-river-mini-210wh#breadcrumb\",\"itemListElement\":[{\"@type\":\"ListItem\",\"position\":1,\"name\":\"Etusivu\",\"item\":\"https:\\\/\\\/www.duunauspalvelutjarvi.fi\\\/\"},{\"@type\":\"ListItem\",\"position\":2,\"name\":\"Etusivu\",\"item\":\"https:\\\/\\\/www.duunauspalvelutjarvi.fi\\\/\"},{\"@type\":\"ListItem\",\"position\":3,\"name\":\"Ecoflow River Mini 210Wh\"}]},{\"@type\":\"WebSite\",\"@id\":\"https:\\\/\\\/www.duunauspalvelutjarvi.fi\\\/#website\",\"url\":\"https:\\\/\\\/www.duunauspalvelutjarvi.fi\\\/\",\"name\":\"\",\"description\":\"\",\"potentialAction\":[{\"@type\":\"SearchAction\",\"target\":{\"@type\":\"EntryPoint\",\"urlTemplate\":\"https:\\\/\\\/www.duunauspalvelutjarvi.fi\\\/?s={search_term_string}\"},\"query-input\":{\"@type\":\"PropertyValueSpecification\",\"valueRequired\":true,\"valueName\":\"search_term_string\"}}],\"inLanguage\":\"fi\"}]}<\/script>\n<!-- \/ Yoast SEO plugin. -->","yoast_head_json":{"title":"Ecoflow River Mini 210Wh -","robots":{"index":"index","follow":"follow","max-snippet":"max-snippet:-1","max-image-preview":"max-image-preview:large","max-video-preview":"max-video-preview:-1"},"canonical":"https:\/\/www.duunauspalvelutjarvi.fi\/?product=ecoflow-river-mini-210wh","og_locale":"fi_FI","og_type":"article","og_title":"Ecoflow River Mini 210Wh -","og_description":"Monik\u00e4yt\u00adt\u00f6i\u00adnen ja kan\u00adnet\u00adta\u00adva latausase\u00adma Helposti kannettava EcoFlow-malliston pienikokoisin EcoFlow River Mini -latausasema tarjoaa virtaa 300 watin jatkuvalla ja 600 watin hetkellisell\u00e4 s\u00e4hk\u00f6nsy\u00f6t\u00f6ll\u00e4. Turvallisella, ymp\u00e4rist\u00f6yst\u00e4v\u00e4llisell\u00e4 ja \u00e4\u00e4nett\u00f6m\u00e4ll\u00e4 latausasemalla voi sy\u00f6tt\u00e4\u00e4 s\u00e4hk\u00f6\u00e4 akkuk\u00e4ytt\u00f6isesti jopa seitsem\u00e4lle eri laitteelle samanaikaisesti. Latausaseman 210 wattitunnin akkukapasiteetin ansiosta pienemm\u00e4t s\u00e4hk\u00f6laitteet voivat toimia tuntikausia ilman verkkovirtaa tehovaatimuksista riippuen. My\u00f6s pienlaitteiden omat akut latautuvat [&hellip;]","og_url":"https:\/\/www.duunauspalvelutjarvi.fi\/?product=ecoflow-river-mini-210wh","article_modified_time":"2024-06-27T19:20:46+00:00","og_image":[{"width":1435,"height":1435,"url":"https:\/\/www.duunauspalvelutjarvi.fi\/wp-content\/uploads\/2024\/06\/EcoFlow-RIVER-mini-hand-1.jpg","type":"image\/jpeg"}],"twitter_card":"summary_large_image","twitter_misc":{"Arvioitu lukuaika":"1 minuutti"},"schema":{"@context":"https:\/\/schema.org","@graph":[{"@type":"WebPage","@id":"https:\/\/www.duunauspalvelutjarvi.fi\/?product=ecoflow-river-mini-210wh","url":"https:\/\/www.duunauspalvelutjarvi.fi\/?product=ecoflow-river-mini-210wh","name":"Ecoflow River Mini 210Wh -","isPartOf":{"@id":"https:\/\/www.duunauspalvelutjarvi.fi\/#website"},"primaryImageOfPage":{"@id":"https:\/\/www.duunauspalvelutjarvi.fi\/?product=ecoflow-river-mini-210wh#primaryimage"},"image":{"@id":"https:\/\/www.duunauspalvelutjarvi.fi\/?product=ecoflow-river-mini-210wh#primaryimage"},"thumbnailUrl":"https:\/\/www.duunauspalvelutjarvi.fi\/wp-content\/uploads\/2024\/06\/EcoFlow-RIVER-mini-hand-1.jpg","datePublished":"2024-06-27T19:19:19+00:00","dateModified":"2024-06-27T19:20:46+00:00","breadcrumb":{"@id":"https:\/\/www.duunauspalvelutjarvi.fi\/?product=ecoflow-river-mini-210wh#breadcrumb"},"inLanguage":"fi","potentialAction":[{"@type":"ReadAction","target":["https:\/\/www.duunauspalvelutjarvi.fi\/?product=ecoflow-river-mini-210wh"]}]},{"@type":"ImageObject","inLanguage":"fi","@id":"https:\/\/www.duunauspalvelutjarvi.fi\/?product=ecoflow-river-mini-210wh#primaryimage","url":"https:\/\/www.duunauspalvelutjarvi.fi\/wp-content\/uploads\/2024\/06\/EcoFlow-RIVER-mini-hand-1.jpg","contentUrl":"https:\/\/www.duunauspalvelutjarvi.fi\/wp-content\/uploads\/2024\/06\/EcoFlow-RIVER-mini-hand-1.jpg","width":1435,"height":1435},{"@type":"BreadcrumbList","@id":"https:\/\/www.duunauspalvelutjarvi.fi\/?product=ecoflow-river-mini-210wh#breadcrumb","itemListElement":[{"@type":"ListItem","position":1,"name":"Etusivu","item":"https:\/\/www.duunauspalvelutjarvi.fi\/"},{"@type":"ListItem","position":2,"name":"Etusivu","item":"https:\/\/www.duunauspalvelutjarvi.fi\/"},{"@type":"ListItem","position":3,"name":"Ecoflow River Mini 210Wh"}]},{"@type":"WebSite","@id":"https:\/\/www.duunauspalvelutjarvi.fi\/#website","url":"https:\/\/www.duunauspalvelutjarvi.fi\/","name":"","description":"","potentialAction":[{"@type":"SearchAction","target":{"@type":"EntryPoint","urlTemplate":"https:\/\/www.duunauspalvelutjarvi.fi\/?s={search_term_string}"},"query-input":{"@type":"PropertyValueSpecification","valueRequired":true,"valueName":"search_term_string"}}],"inLanguage":"fi"}]}},"jetpack_sharing_enabled":true,"_links":{"self":[{"href":"https:\/\/www.duunauspalvelutjarvi.fi\/index.php?rest_route=\/wp\/v2\/product\/14931","targetHints":{"allow":["GET"]}}],"collection":[{"href":"https:\/\/www.duunauspalvelutjarvi.fi\/index.php?rest_route=\/wp\/v2\/product"}],"about":[{"href":"https:\/\/www.duunauspalvelutjarvi.fi\/index.php?rest_route=\/wp\/v2\/types\/product"}],"replies":[{"embeddable":true,"href":"https:\/\/www.duunauspalvelutjarvi.fi\/index.php?rest_route=%2Fwp%2Fv2%2Fcomments&post=14931"}],"wp:featuredmedia":[{"embeddable":true,"href":"https:\/\/www.duunauspalvelutjarvi.fi\/index.php?rest_route=\/wp\/v2\/media\/14932"}],"wp:attachment":[{"href":"https:\/\/www.duunauspalvelutjarvi.fi\/index.php?rest_route=%2Fwp%2Fv2%2Fmedia&parent=14931"}],"wp:term":[{"taxonomy":"product_brand","embeddable":true,"href":"https:\/\/www.duunauspalvelutjarvi.fi\/index.php?rest_route=%2Fwp%2Fv2%2Fproduct_brand&post=14931"},{"taxonomy":"product_cat","embeddable":true,"href":"https:\/\/www.duunauspalvelutjarvi.fi\/index.php?rest_route=%2Fwp%2Fv2%2Fproduct_cat&post=14931"},{"taxonomy":"product_tag","embeddable":true,"href":"https:\/\/www.duunauspalvelutjarvi.fi\/index.php?rest_route=%2Fwp%2Fv2%2Fproduct_tag&post=14931"}],"curies":[{"name":"wp","href":"https:\/\/api.w.org\/{rel}","templated":true}]}}