{"id":14935,"date":"2024-06-27T22:26:01","date_gmt":"2024-06-27T19:26:01","guid":{"rendered":"https:\/\/www.duunauspalvelutjarvi.fi\/?post_type=product&#038;p=14935"},"modified":"2024-06-27T22:26:01","modified_gmt":"2024-06-27T19:26:01","slug":"ecoflow-river-600-max-588wh","status":"publish","type":"product","link":"https:\/\/www.duunauspalvelutjarvi.fi\/?product=ecoflow-river-600-max-588wh","title":{"rendered":"EcoFlow River 600 MAX 588Wh"},"content":{"rendered":"<h3>T\u00e4ysin uudistettu, tehokas kan\u00adnet\u00adta\u00adva latausase\u00adma<\/h3>\n<p>EcoFlow RIVER 2 -latausasemat tarjoavat lajinsa suurinta teho-kokosuhdetta alle yhden kilowattitunnin kannettavissa malleissa. RIVER 2 -mallisto koostuu kolmesta eri vaihtoehdosta, joita ovat RIVER 2, RIVER 2 Max ja RIVER 2 Pro. Pienimm\u00e4ll\u00e4 mallilla on painoa vaivaiset 3,5 kilogrammaa, jonka ansiosta se on helppo ottaa mukaan pienemp\u00e4\u00e4nkin veneeseen tai vaikkapa polkupy\u00f6r\u00e4n kyytiin.<\/p>\n<p>Pienest\u00e4 koostaan huolimatta RIVER 2, RIVER 2 Max ja RIVER 2 Pro kykenev\u00e4t tasaiseen virransy\u00f6tt\u00f6\u00f6n 300, 500 tai 800 watin jatkuvalla teholla T\u00e4m\u00e4n ansiosta latausasemalla voidaan tuottaa virtaa esimerkiksi reitittimille, televisioille, tietokoneille ja monille muille s\u00e4hk\u00f6laitteille. Latausasemien 256, 512 tai 768 wattitunnin akkukapasiteetin ansiosta s\u00e4hk\u00f6laitteet voivat toimia tuntikausia ilman verkkovirtaa tehovaatimusten mukaan. Pro-mallissa on per\u00e4ti kymmenen eri liit\u00e4nt\u00e4\u00e4 s\u00e4hk\u00f6laitteille ja pienimm\u00e4ss\u00e4 perusmallissakin n\u00e4it\u00e4 on viisi.<\/p>\n<p>Tehokkaan X-STREAM-latausteknologian ansiosta akku latautuu verkkovirrasta jopa 80 prosentin varaukseen vain 48 minuutissa. Jopa tehokkain Pro-malli latautuu t\u00e4yteen vain 70 minuutissa. Vaihtoehtoisesti latausaseman voi ladata esimerkiksi EcoFlown kannettavilla aurinkopaneeleilla. 220 watin enimm\u00e4isteholla latausaseman akku latautuu t\u00e4yteen noin kolmessa tunnissa. Latausasema voidaan ladata my\u00f6s auton virtaliit\u00e4nn\u00e4st\u00e4 tai USB-C-latausjohdolla. Laadukas LFP-akkutekniikka takaa toimintavarmuuden lukemattomiksi vuosiksi, sill\u00e4 tekniikka takaa toimivuuden jopa 3 000 latauskerraksi. Viiden vuoden valmistajan takuu tuo mielenrauhaa.<\/p>\n<p>EcoFlow RIVER 2 -latausasemat ovat my\u00f6s maailman ensimm\u00e4isi\u00e4 T\u00dcVRheinland-sertifioituja kannettavia latausasemia. T\u00e4m\u00e4 takaa luotettavuuden ja turvallisuuden monenlaisissa k\u00e4ytt\u00f6olosuhteissa. Latausasema toimii my\u00f6s tarvittaessa automaattisesti k\u00e4ynnistyv\u00e4n\u00e4 varavirtal\u00e4hteen\u00e4 s\u00e4hk\u00f6katkosten varalla. Koska k\u00e4ynnistys tapahtuu \u00e4\u00e4rimm\u00e4isen nopeasti alle 30 millisekunnissa, katkosta tuskin edes huomaa. N\u00e4in esimerkiksi akvaarion tai CPAP-hengityslaitteen toiminta ei katkea, kun se on liitetty latausasemaan. RIVER 2 -latausasemat toimivatkin varavirtal\u00e4htein\u00e4 sek\u00e4 kodin s\u00e4hk\u00f6katkoksissa ett\u00e4 k\u00e4tev\u00e4n\u00e4 s\u00e4hk\u00f6ntarjoajana matkatessa.<\/p>\n","protected":false},"excerpt":{"rendered":"<p>EcoFlow RIVER 2 -latausasemat tarjoavat lajinsa suurinta teho-kokosuhdetta alle yhden kilowattitunnin kannettavissa malleissa<\/p>\n","protected":false},"featured_media":14936,"comment_status":"open","ping_status":"closed","template":"","meta":[],"product_brand":[],"product_cat":[144],"product_tag":[],"class_list":{"0":"post-14935","1":"product","2":"type-product","3":"status-publish","4":"has-post-thumbnail","6":"product_cat-varavirtalahteet","8":"first","9":"instock","10":"taxable","11":"shipping-taxable","12":"purchasable","13":"product-type-simple"},"yoast_head":"<!-- This site is optimized with the Yoast SEO plugin v27.4 - https:\/\/yoast.com\/product\/yoast-seo-wordpress\/ -->\n<title>EcoFlow River 600 MAX 588Wh -<\/title>\n<meta name=\"robots\" content=\"index, follow, max-snippet:-1, max-image-preview:large, max-video-preview:-1\" \/>\n<link rel=\"canonical\" href=\"https:\/\/www.duunauspalvelutjarvi.fi\/?product=ecoflow-river-600-max-588wh\" \/>\n<meta property=\"og:locale\" content=\"fi_FI\" \/>\n<meta property=\"og:type\" content=\"article\" \/>\n<meta property=\"og:title\" content=\"EcoFlow River 600 MAX 588Wh -\" \/>\n<meta property=\"og:description\" content=\"EcoFlow RIVER 2 -latausasemat tarjoavat lajinsa suurinta teho-kokosuhdetta alle yhden kilowattitunnin kannettavissa malleissa\" \/>\n<meta property=\"og:url\" content=\"https:\/\/www.duunauspalvelutjarvi.fi\/?product=ecoflow-river-600-max-588wh\" \/>\n<meta property=\"og:image\" content=\"https:\/\/www.duunauspalvelutjarvi.fi\/wp-content\/uploads\/2024\/06\/EcoFlow-RIVER-2-Max.jpg\" \/>\n\t<meta property=\"og:image:width\" content=\"800\" \/>\n\t<meta property=\"og:image:height\" content=\"600\" \/>\n\t<meta property=\"og:image:type\" content=\"image\/jpeg\" \/>\n<meta name=\"twitter:card\" content=\"summary_large_image\" \/>\n<meta name=\"twitter:label1\" content=\"Arvioitu lukuaika\" \/>\n\t<meta name=\"twitter:data1\" content=\"2 minuuttia\" \/>\n<script type=\"application\/ld+json\" class=\"yoast-schema-graph\">{\"@context\":\"https:\\\/\\\/schema.org\",\"@graph\":[{\"@type\":\"WebPage\",\"@id\":\"https:\\\/\\\/www.duunauspalvelutjarvi.fi\\\/?product=ecoflow-river-600-max-588wh\",\"url\":\"https:\\\/\\\/www.duunauspalvelutjarvi.fi\\\/?product=ecoflow-river-600-max-588wh\",\"name\":\"EcoFlow River 600 MAX 588Wh -\",\"isPartOf\":{\"@id\":\"https:\\\/\\\/www.duunauspalvelutjarvi.fi\\\/#website\"},\"primaryImageOfPage\":{\"@id\":\"https:\\\/\\\/www.duunauspalvelutjarvi.fi\\\/?product=ecoflow-river-600-max-588wh#primaryimage\"},\"image\":{\"@id\":\"https:\\\/\\\/www.duunauspalvelutjarvi.fi\\\/?product=ecoflow-river-600-max-588wh#primaryimage\"},\"thumbnailUrl\":\"https:\\\/\\\/www.duunauspalvelutjarvi.fi\\\/wp-content\\\/uploads\\\/2024\\\/06\\\/EcoFlow-RIVER-2-Max.jpg\",\"datePublished\":\"2024-06-27T19:26:01+00:00\",\"breadcrumb\":{\"@id\":\"https:\\\/\\\/www.duunauspalvelutjarvi.fi\\\/?product=ecoflow-river-600-max-588wh#breadcrumb\"},\"inLanguage\":\"fi\",\"potentialAction\":[{\"@type\":\"ReadAction\",\"target\":[\"https:\\\/\\\/www.duunauspalvelutjarvi.fi\\\/?product=ecoflow-river-600-max-588wh\"]}]},{\"@type\":\"ImageObject\",\"inLanguage\":\"fi\",\"@id\":\"https:\\\/\\\/www.duunauspalvelutjarvi.fi\\\/?product=ecoflow-river-600-max-588wh#primaryimage\",\"url\":\"https:\\\/\\\/www.duunauspalvelutjarvi.fi\\\/wp-content\\\/uploads\\\/2024\\\/06\\\/EcoFlow-RIVER-2-Max.jpg\",\"contentUrl\":\"https:\\\/\\\/www.duunauspalvelutjarvi.fi\\\/wp-content\\\/uploads\\\/2024\\\/06\\\/EcoFlow-RIVER-2-Max.jpg\",\"width\":800,\"height\":600},{\"@type\":\"BreadcrumbList\",\"@id\":\"https:\\\/\\\/www.duunauspalvelutjarvi.fi\\\/?product=ecoflow-river-600-max-588wh#breadcrumb\",\"itemListElement\":[{\"@type\":\"ListItem\",\"position\":1,\"name\":\"Etusivu\",\"item\":\"https:\\\/\\\/www.duunauspalvelutjarvi.fi\\\/\"},{\"@type\":\"ListItem\",\"position\":2,\"name\":\"Etusivu\",\"item\":\"https:\\\/\\\/www.duunauspalvelutjarvi.fi\\\/\"},{\"@type\":\"ListItem\",\"position\":3,\"name\":\"EcoFlow River 600 MAX 588Wh\"}]},{\"@type\":\"WebSite\",\"@id\":\"https:\\\/\\\/www.duunauspalvelutjarvi.fi\\\/#website\",\"url\":\"https:\\\/\\\/www.duunauspalvelutjarvi.fi\\\/\",\"name\":\"\",\"description\":\"\",\"potentialAction\":[{\"@type\":\"SearchAction\",\"target\":{\"@type\":\"EntryPoint\",\"urlTemplate\":\"https:\\\/\\\/www.duunauspalvelutjarvi.fi\\\/?s={search_term_string}\"},\"query-input\":{\"@type\":\"PropertyValueSpecification\",\"valueRequired\":true,\"valueName\":\"search_term_string\"}}],\"inLanguage\":\"fi\"}]}<\/script>\n<!-- \/ Yoast SEO plugin. -->","yoast_head_json":{"title":"EcoFlow River 600 MAX 588Wh -","robots":{"index":"index","follow":"follow","max-snippet":"max-snippet:-1","max-image-preview":"max-image-preview:large","max-video-preview":"max-video-preview:-1"},"canonical":"https:\/\/www.duunauspalvelutjarvi.fi\/?product=ecoflow-river-600-max-588wh","og_locale":"fi_FI","og_type":"article","og_title":"EcoFlow River 600 MAX 588Wh -","og_description":"EcoFlow RIVER 2 -latausasemat tarjoavat lajinsa suurinta teho-kokosuhdetta alle yhden kilowattitunnin kannettavissa malleissa","og_url":"https:\/\/www.duunauspalvelutjarvi.fi\/?product=ecoflow-river-600-max-588wh","og_image":[{"width":800,"height":600,"url":"https:\/\/www.duunauspalvelutjarvi.fi\/wp-content\/uploads\/2024\/06\/EcoFlow-RIVER-2-Max.jpg","type":"image\/jpeg"}],"twitter_card":"summary_large_image","twitter_misc":{"Arvioitu lukuaika":"2 minuuttia"},"schema":{"@context":"https:\/\/schema.org","@graph":[{"@type":"WebPage","@id":"https:\/\/www.duunauspalvelutjarvi.fi\/?product=ecoflow-river-600-max-588wh","url":"https:\/\/www.duunauspalvelutjarvi.fi\/?product=ecoflow-river-600-max-588wh","name":"EcoFlow River 600 MAX 588Wh -","isPartOf":{"@id":"https:\/\/www.duunauspalvelutjarvi.fi\/#website"},"primaryImageOfPage":{"@id":"https:\/\/www.duunauspalvelutjarvi.fi\/?product=ecoflow-river-600-max-588wh#primaryimage"},"image":{"@id":"https:\/\/www.duunauspalvelutjarvi.fi\/?product=ecoflow-river-600-max-588wh#primaryimage"},"thumbnailUrl":"https:\/\/www.duunauspalvelutjarvi.fi\/wp-content\/uploads\/2024\/06\/EcoFlow-RIVER-2-Max.jpg","datePublished":"2024-06-27T19:26:01+00:00","breadcrumb":{"@id":"https:\/\/www.duunauspalvelutjarvi.fi\/?product=ecoflow-river-600-max-588wh#breadcrumb"},"inLanguage":"fi","potentialAction":[{"@type":"ReadAction","target":["https:\/\/www.duunauspalvelutjarvi.fi\/?product=ecoflow-river-600-max-588wh"]}]},{"@type":"ImageObject","inLanguage":"fi","@id":"https:\/\/www.duunauspalvelutjarvi.fi\/?product=ecoflow-river-600-max-588wh#primaryimage","url":"https:\/\/www.duunauspalvelutjarvi.fi\/wp-content\/uploads\/2024\/06\/EcoFlow-RIVER-2-Max.jpg","contentUrl":"https:\/\/www.duunauspalvelutjarvi.fi\/wp-content\/uploads\/2024\/06\/EcoFlow-RIVER-2-Max.jpg","width":800,"height":600},{"@type":"BreadcrumbList","@id":"https:\/\/www.duunauspalvelutjarvi.fi\/?product=ecoflow-river-600-max-588wh#breadcrumb","itemListElement":[{"@type":"ListItem","position":1,"name":"Etusivu","item":"https:\/\/www.duunauspalvelutjarvi.fi\/"},{"@type":"ListItem","position":2,"name":"Etusivu","item":"https:\/\/www.duunauspalvelutjarvi.fi\/"},{"@type":"ListItem","position":3,"name":"EcoFlow River 600 MAX 588Wh"}]},{"@type":"WebSite","@id":"https:\/\/www.duunauspalvelutjarvi.fi\/#website","url":"https:\/\/www.duunauspalvelutjarvi.fi\/","name":"","description":"","potentialAction":[{"@type":"SearchAction","target":{"@type":"EntryPoint","urlTemplate":"https:\/\/www.duunauspalvelutjarvi.fi\/?s={search_term_string}"},"query-input":{"@type":"PropertyValueSpecification","valueRequired":true,"valueName":"search_term_string"}}],"inLanguage":"fi"}]}},"jetpack_sharing_enabled":true,"_links":{"self":[{"href":"https:\/\/www.duunauspalvelutjarvi.fi\/index.php?rest_route=\/wp\/v2\/product\/14935","targetHints":{"allow":["GET"]}}],"collection":[{"href":"https:\/\/www.duunauspalvelutjarvi.fi\/index.php?rest_route=\/wp\/v2\/product"}],"about":[{"href":"https:\/\/www.duunauspalvelutjarvi.fi\/index.php?rest_route=\/wp\/v2\/types\/product"}],"replies":[{"embeddable":true,"href":"https:\/\/www.duunauspalvelutjarvi.fi\/index.php?rest_route=%2Fwp%2Fv2%2Fcomments&post=14935"}],"wp:featuredmedia":[{"embeddable":true,"href":"https:\/\/www.duunauspalvelutjarvi.fi\/index.php?rest_route=\/wp\/v2\/media\/14936"}],"wp:attachment":[{"href":"https:\/\/www.duunauspalvelutjarvi.fi\/index.php?rest_route=%2Fwp%2Fv2%2Fmedia&parent=14935"}],"wp:term":[{"taxonomy":"product_brand","embeddable":true,"href":"https:\/\/www.duunauspalvelutjarvi.fi\/index.php?rest_route=%2Fwp%2Fv2%2Fproduct_brand&post=14935"},{"taxonomy":"product_cat","embeddable":true,"href":"https:\/\/www.duunauspalvelutjarvi.fi\/index.php?rest_route=%2Fwp%2Fv2%2Fproduct_cat&post=14935"},{"taxonomy":"product_tag","embeddable":true,"href":"https:\/\/www.duunauspalvelutjarvi.fi\/index.php?rest_route=%2Fwp%2Fv2%2Fproduct_tag&post=14935"}],"curies":[{"name":"wp","href":"https:\/\/api.w.org\/{rel}","templated":true}]}}