{"id":14948,"date":"2024-06-27T22:56:47","date_gmt":"2024-06-27T19:56:47","guid":{"rendered":"https:\/\/www.duunauspalvelutjarvi.fi\/?post_type=product&#038;p=14948"},"modified":"2024-06-28T00:50:57","modified_gmt":"2024-06-27T21:50:57","slug":"aurinkoenergiapaketti-pikkula-12v","status":"publish","type":"product","link":"https:\/\/www.duunauspalvelutjarvi.fi\/?product=aurinkoenergiapaketti-pikkula-12v","title":{"rendered":"Aurinkoenergiapaketti Pikkula 12V"},"content":{"rendered":"<p>T\u00e4m\u00e4n paketin avulla voit helposti s\u00e4hk\u00f6ist\u00e4\u00e4 pienen, v\u00e4h\u00e4n et\u00e4isen tilan, johon ei kannata erikseen vet\u00e4\u00e4 s\u00e4hk\u00f6kaapeleita.<\/p>\n<p>Ehk\u00e4 se on puulato tai WC. Aurinkopaneeli riitt\u00e4\u00e4 lataamaan akun ja saamaan sitten valaistuksen vierailun yhteydess\u00e4. Aurinkopaneeli suunnataan etel\u00e4\u00e4n, ja asennetaan joko sein\u00e4lle tai kattolle. Paketti sis\u00e4lt\u00e4\u00e4 kaiken tarpeellisen. Lis\u00e4ksi s\u00e4\u00e4timen USB-l\u00e4hd\u00f6ist\u00e4 voit ladata vaikka k\u00e4nnykk\u00e4\u00e4. Tehokas 29Ah AGM -akku, joka tarjoaa noin 10-12 tunnin valaistuksen. Pakkauksessa on my\u00f6s LED-valo, joka tarjoaa l\u00e4mpim\u00e4n valaistuksen.<\/p>\n<p><strong>Paketin sis\u00e4lt\u00f6:<\/strong><\/p>\n<p>1kpl Aurinkopaneeli Select 30W (1) + paneelikiinnikkeet (renusol)<br \/>\n1kpl Latauss\u00e4\u00e4din Sunwind Basic PWM 10A<br \/>\n1kpl Sunwind AGM akku 30Ah<br \/>\n1kpl Akkukaapeli (2m johto akkukenkineen)<br \/>\n10m Asennuskaapeli 2&#215;2,5mm\u00b2, valk<br \/>\n1kpl Soft valaisin 0,8 W<br \/>\n20kpl Johtokiinnikkeet, valk<\/p>\n","protected":false},"excerpt":{"rendered":"<p>T\u00e4m\u00e4n paketin avulla voit helposti s\u00e4hk\u00f6ist\u00e4\u00e4 pienen, v\u00e4h\u00e4n et\u00e4isen tilan, johon ei kannata erikseen vet\u00e4\u00e4 s\u00e4hk\u00f6kaapeleita. Ehk\u00e4 se on puulato tai WC. Aurinkopaneeli riitt\u00e4\u00e4 lataamaan akun ja saamaan sitten valaistuksen vierailun yhteydess\u00e4. Aurinkopaneeli suunnataan etel\u00e4\u00e4n, ja asennetaan joko sein\u00e4lle tai kattolle. Paketti sis\u00e4lt\u00e4\u00e4 kaiken tarpeellisen. Lis\u00e4ksi s\u00e4\u00e4timen USB-l\u00e4hd\u00f6ist\u00e4 voit ladata vaikka k\u00e4nnykk\u00e4\u00e4. Tehokas 29Ah AGM [&hellip;]<\/p>\n","protected":false},"featured_media":14949,"comment_status":"open","ping_status":"closed","template":"","meta":[],"product_brand":[],"product_cat":[80],"product_tag":[],"class_list":{"0":"post-14948","1":"product","2":"type-product","3":"status-publish","4":"has-post-thumbnail","6":"product_cat-aurinkosahkosetit","8":"first","9":"instock","10":"taxable","11":"shipping-taxable","12":"purchasable","13":"product-type-simple"},"yoast_head":"<!-- This site is optimized with the Yoast SEO plugin v27.5 - https:\/\/yoast.com\/product\/yoast-seo-wordpress\/ -->\n<title>Aurinkoenergiapaketti Pikkula 12V -<\/title>\n<meta name=\"robots\" content=\"index, follow, max-snippet:-1, max-image-preview:large, max-video-preview:-1\" \/>\n<link rel=\"canonical\" href=\"https:\/\/www.duunauspalvelutjarvi.fi\/?product=aurinkoenergiapaketti-pikkula-12v\" \/>\n<meta property=\"og:locale\" content=\"fi_FI\" \/>\n<meta property=\"og:type\" content=\"article\" \/>\n<meta property=\"og:title\" content=\"Aurinkoenergiapaketti Pikkula 12V -\" \/>\n<meta property=\"og:description\" content=\"T\u00e4m\u00e4n paketin avulla voit helposti s\u00e4hk\u00f6ist\u00e4\u00e4 pienen, v\u00e4h\u00e4n et\u00e4isen tilan, johon ei kannata erikseen vet\u00e4\u00e4 s\u00e4hk\u00f6kaapeleita. Ehk\u00e4 se on puulato tai WC. Aurinkopaneeli riitt\u00e4\u00e4 lataamaan akun ja saamaan sitten valaistuksen vierailun yhteydess\u00e4. Aurinkopaneeli suunnataan etel\u00e4\u00e4n, ja asennetaan joko sein\u00e4lle tai kattolle. Paketti sis\u00e4lt\u00e4\u00e4 kaiken tarpeellisen. Lis\u00e4ksi s\u00e4\u00e4timen USB-l\u00e4hd\u00f6ist\u00e4 voit ladata vaikka k\u00e4nnykk\u00e4\u00e4. Tehokas 29Ah AGM [&hellip;]\" \/>\n<meta property=\"og:url\" content=\"https:\/\/www.duunauspalvelutjarvi.fi\/?product=aurinkoenergiapaketti-pikkula-12v\" \/>\n<meta property=\"article:modified_time\" content=\"2024-06-27T21:50:57+00:00\" \/>\n<meta property=\"og:image\" content=\"https:\/\/www.duunauspalvelutjarvi.fi\/wp-content\/uploads\/2024\/06\/201910R.jpg\" \/>\n\t<meta property=\"og:image:width\" content=\"800\" \/>\n\t<meta property=\"og:image:height\" content=\"738\" \/>\n\t<meta property=\"og:image:type\" content=\"image\/jpeg\" \/>\n<meta name=\"twitter:card\" content=\"summary_large_image\" \/>\n<meta name=\"twitter:label1\" content=\"Arvioitu lukuaika\" \/>\n\t<meta name=\"twitter:data1\" content=\"1 minuutti\" \/>\n<script type=\"application\/ld+json\" class=\"yoast-schema-graph\">{\"@context\":\"https:\\\/\\\/schema.org\",\"@graph\":[{\"@type\":\"WebPage\",\"@id\":\"https:\\\/\\\/www.duunauspalvelutjarvi.fi\\\/?product=aurinkoenergiapaketti-pikkula-12v\",\"url\":\"https:\\\/\\\/www.duunauspalvelutjarvi.fi\\\/?product=aurinkoenergiapaketti-pikkula-12v\",\"name\":\"Aurinkoenergiapaketti Pikkula 12V -\",\"isPartOf\":{\"@id\":\"https:\\\/\\\/www.duunauspalvelutjarvi.fi\\\/#website\"},\"primaryImageOfPage\":{\"@id\":\"https:\\\/\\\/www.duunauspalvelutjarvi.fi\\\/?product=aurinkoenergiapaketti-pikkula-12v#primaryimage\"},\"image\":{\"@id\":\"https:\\\/\\\/www.duunauspalvelutjarvi.fi\\\/?product=aurinkoenergiapaketti-pikkula-12v#primaryimage\"},\"thumbnailUrl\":\"https:\\\/\\\/www.duunauspalvelutjarvi.fi\\\/wp-content\\\/uploads\\\/2024\\\/06\\\/201910R.jpg\",\"datePublished\":\"2024-06-27T19:56:47+00:00\",\"dateModified\":\"2024-06-27T21:50:57+00:00\",\"breadcrumb\":{\"@id\":\"https:\\\/\\\/www.duunauspalvelutjarvi.fi\\\/?product=aurinkoenergiapaketti-pikkula-12v#breadcrumb\"},\"inLanguage\":\"fi\",\"potentialAction\":[{\"@type\":\"ReadAction\",\"target\":[\"https:\\\/\\\/www.duunauspalvelutjarvi.fi\\\/?product=aurinkoenergiapaketti-pikkula-12v\"]}]},{\"@type\":\"ImageObject\",\"inLanguage\":\"fi\",\"@id\":\"https:\\\/\\\/www.duunauspalvelutjarvi.fi\\\/?product=aurinkoenergiapaketti-pikkula-12v#primaryimage\",\"url\":\"https:\\\/\\\/www.duunauspalvelutjarvi.fi\\\/wp-content\\\/uploads\\\/2024\\\/06\\\/201910R.jpg\",\"contentUrl\":\"https:\\\/\\\/www.duunauspalvelutjarvi.fi\\\/wp-content\\\/uploads\\\/2024\\\/06\\\/201910R.jpg\",\"width\":800,\"height\":738},{\"@type\":\"BreadcrumbList\",\"@id\":\"https:\\\/\\\/www.duunauspalvelutjarvi.fi\\\/?product=aurinkoenergiapaketti-pikkula-12v#breadcrumb\",\"itemListElement\":[{\"@type\":\"ListItem\",\"position\":1,\"name\":\"Etusivu\",\"item\":\"https:\\\/\\\/www.duunauspalvelutjarvi.fi\\\/\"},{\"@type\":\"ListItem\",\"position\":2,\"name\":\"Etusivu\",\"item\":\"https:\\\/\\\/www.duunauspalvelutjarvi.fi\\\/\"},{\"@type\":\"ListItem\",\"position\":3,\"name\":\"Aurinkoenergiapaketti Pikkula 12V\"}]},{\"@type\":\"WebSite\",\"@id\":\"https:\\\/\\\/www.duunauspalvelutjarvi.fi\\\/#website\",\"url\":\"https:\\\/\\\/www.duunauspalvelutjarvi.fi\\\/\",\"name\":\"\",\"description\":\"\",\"potentialAction\":[{\"@type\":\"SearchAction\",\"target\":{\"@type\":\"EntryPoint\",\"urlTemplate\":\"https:\\\/\\\/www.duunauspalvelutjarvi.fi\\\/?s={search_term_string}\"},\"query-input\":{\"@type\":\"PropertyValueSpecification\",\"valueRequired\":true,\"valueName\":\"search_term_string\"}}],\"inLanguage\":\"fi\"}]}<\/script>\n<!-- \/ Yoast SEO plugin. -->","yoast_head_json":{"title":"Aurinkoenergiapaketti Pikkula 12V -","robots":{"index":"index","follow":"follow","max-snippet":"max-snippet:-1","max-image-preview":"max-image-preview:large","max-video-preview":"max-video-preview:-1"},"canonical":"https:\/\/www.duunauspalvelutjarvi.fi\/?product=aurinkoenergiapaketti-pikkula-12v","og_locale":"fi_FI","og_type":"article","og_title":"Aurinkoenergiapaketti Pikkula 12V -","og_description":"T\u00e4m\u00e4n paketin avulla voit helposti s\u00e4hk\u00f6ist\u00e4\u00e4 pienen, v\u00e4h\u00e4n et\u00e4isen tilan, johon ei kannata erikseen vet\u00e4\u00e4 s\u00e4hk\u00f6kaapeleita. Ehk\u00e4 se on puulato tai WC. Aurinkopaneeli riitt\u00e4\u00e4 lataamaan akun ja saamaan sitten valaistuksen vierailun yhteydess\u00e4. Aurinkopaneeli suunnataan etel\u00e4\u00e4n, ja asennetaan joko sein\u00e4lle tai kattolle. Paketti sis\u00e4lt\u00e4\u00e4 kaiken tarpeellisen. Lis\u00e4ksi s\u00e4\u00e4timen USB-l\u00e4hd\u00f6ist\u00e4 voit ladata vaikka k\u00e4nnykk\u00e4\u00e4. Tehokas 29Ah AGM [&hellip;]","og_url":"https:\/\/www.duunauspalvelutjarvi.fi\/?product=aurinkoenergiapaketti-pikkula-12v","article_modified_time":"2024-06-27T21:50:57+00:00","og_image":[{"width":800,"height":738,"url":"https:\/\/www.duunauspalvelutjarvi.fi\/wp-content\/uploads\/2024\/06\/201910R.jpg","type":"image\/jpeg"}],"twitter_card":"summary_large_image","twitter_misc":{"Arvioitu lukuaika":"1 minuutti"},"schema":{"@context":"https:\/\/schema.org","@graph":[{"@type":"WebPage","@id":"https:\/\/www.duunauspalvelutjarvi.fi\/?product=aurinkoenergiapaketti-pikkula-12v","url":"https:\/\/www.duunauspalvelutjarvi.fi\/?product=aurinkoenergiapaketti-pikkula-12v","name":"Aurinkoenergiapaketti Pikkula 12V -","isPartOf":{"@id":"https:\/\/www.duunauspalvelutjarvi.fi\/#website"},"primaryImageOfPage":{"@id":"https:\/\/www.duunauspalvelutjarvi.fi\/?product=aurinkoenergiapaketti-pikkula-12v#primaryimage"},"image":{"@id":"https:\/\/www.duunauspalvelutjarvi.fi\/?product=aurinkoenergiapaketti-pikkula-12v#primaryimage"},"thumbnailUrl":"https:\/\/www.duunauspalvelutjarvi.fi\/wp-content\/uploads\/2024\/06\/201910R.jpg","datePublished":"2024-06-27T19:56:47+00:00","dateModified":"2024-06-27T21:50:57+00:00","breadcrumb":{"@id":"https:\/\/www.duunauspalvelutjarvi.fi\/?product=aurinkoenergiapaketti-pikkula-12v#breadcrumb"},"inLanguage":"fi","potentialAction":[{"@type":"ReadAction","target":["https:\/\/www.duunauspalvelutjarvi.fi\/?product=aurinkoenergiapaketti-pikkula-12v"]}]},{"@type":"ImageObject","inLanguage":"fi","@id":"https:\/\/www.duunauspalvelutjarvi.fi\/?product=aurinkoenergiapaketti-pikkula-12v#primaryimage","url":"https:\/\/www.duunauspalvelutjarvi.fi\/wp-content\/uploads\/2024\/06\/201910R.jpg","contentUrl":"https:\/\/www.duunauspalvelutjarvi.fi\/wp-content\/uploads\/2024\/06\/201910R.jpg","width":800,"height":738},{"@type":"BreadcrumbList","@id":"https:\/\/www.duunauspalvelutjarvi.fi\/?product=aurinkoenergiapaketti-pikkula-12v#breadcrumb","itemListElement":[{"@type":"ListItem","position":1,"name":"Etusivu","item":"https:\/\/www.duunauspalvelutjarvi.fi\/"},{"@type":"ListItem","position":2,"name":"Etusivu","item":"https:\/\/www.duunauspalvelutjarvi.fi\/"},{"@type":"ListItem","position":3,"name":"Aurinkoenergiapaketti Pikkula 12V"}]},{"@type":"WebSite","@id":"https:\/\/www.duunauspalvelutjarvi.fi\/#website","url":"https:\/\/www.duunauspalvelutjarvi.fi\/","name":"","description":"","potentialAction":[{"@type":"SearchAction","target":{"@type":"EntryPoint","urlTemplate":"https:\/\/www.duunauspalvelutjarvi.fi\/?s={search_term_string}"},"query-input":{"@type":"PropertyValueSpecification","valueRequired":true,"valueName":"search_term_string"}}],"inLanguage":"fi"}]}},"jetpack_sharing_enabled":true,"_links":{"self":[{"href":"https:\/\/www.duunauspalvelutjarvi.fi\/index.php?rest_route=\/wp\/v2\/product\/14948","targetHints":{"allow":["GET"]}}],"collection":[{"href":"https:\/\/www.duunauspalvelutjarvi.fi\/index.php?rest_route=\/wp\/v2\/product"}],"about":[{"href":"https:\/\/www.duunauspalvelutjarvi.fi\/index.php?rest_route=\/wp\/v2\/types\/product"}],"replies":[{"embeddable":true,"href":"https:\/\/www.duunauspalvelutjarvi.fi\/index.php?rest_route=%2Fwp%2Fv2%2Fcomments&post=14948"}],"wp:featuredmedia":[{"embeddable":true,"href":"https:\/\/www.duunauspalvelutjarvi.fi\/index.php?rest_route=\/wp\/v2\/media\/14949"}],"wp:attachment":[{"href":"https:\/\/www.duunauspalvelutjarvi.fi\/index.php?rest_route=%2Fwp%2Fv2%2Fmedia&parent=14948"}],"wp:term":[{"taxonomy":"product_brand","embeddable":true,"href":"https:\/\/www.duunauspalvelutjarvi.fi\/index.php?rest_route=%2Fwp%2Fv2%2Fproduct_brand&post=14948"},{"taxonomy":"product_cat","embeddable":true,"href":"https:\/\/www.duunauspalvelutjarvi.fi\/index.php?rest_route=%2Fwp%2Fv2%2Fproduct_cat&post=14948"},{"taxonomy":"product_tag","embeddable":true,"href":"https:\/\/www.duunauspalvelutjarvi.fi\/index.php?rest_route=%2Fwp%2Fv2%2Fproduct_tag&post=14948"}],"curies":[{"name":"wp","href":"https:\/\/api.w.org\/{rel}","templated":true}]}}