{"id":14951,"date":"2024-06-27T22:59:42","date_gmt":"2024-06-27T19:59:42","guid":{"rendered":"https:\/\/www.duunauspalvelutjarvi.fi\/?post_type=product&#038;p=14951"},"modified":"2024-06-27T22:59:43","modified_gmt":"2024-06-27T19:59:43","slug":"sunwind-12-v-asennuspaketti","status":"publish","type":"product","link":"https:\/\/www.duunauspalvelutjarvi.fi\/?product=sunwind-12-v-asennuspaketti","title":{"rendered":"Sunwind 12 V asennuspaketti"},"content":{"rendered":"<p>Sunwind 12V asennuspaketti sis\u00e4lt\u00e4\u00e4 tarvittavat pienkomponentit aurinkoenergiaj\u00e4rjestelm\u00e4n asennukseen.<\/p>\n<p>Paketin sis\u00e4lt\u00f6:<br \/>\n1kpl S\u00e4hk\u00f6keskus (sis. automaattisulakkeet)<br \/>\n50m Asennuskaapeli 2,5mm2, valkoinen<br \/>\n1kpl Kaapeli akulta s\u00e4hk\u00f6keskukseen<br \/>\n200kpl Johtokiinnikkeet, valkoinen<br \/>\n1kpl sein\u00e4\u00e4n asennettava tup.syt. liit\u00e4nt\u00e4<br \/>\n2kpl Erikoispistorasia<br \/>\n2kpl Erikoispistoke<br \/>\n2kpl Kytkent\u00e4rasia<br \/>\n1kpl Sein\u00e4katkaisija, yksinkertainen<br \/>\n1kpl Sein\u00e4katkaisija, kaksinkertainen<\/p>\n","protected":false},"excerpt":{"rendered":"<p>Sunwind 12V asennuspaketti sis\u00e4lt\u00e4\u00e4 tarvittavat pienkomponentit aurinkoenergiaj\u00e4rjestelm\u00e4n asennukseen. Paketin sis\u00e4lt\u00f6: 1kpl S\u00e4hk\u00f6keskus (sis. automaattisulakkeet) 50m Asennuskaapeli 2,5mm2, valkoinen 1kpl Kaapeli akulta s\u00e4hk\u00f6keskukseen 200kpl Johtokiinnikkeet, valkoinen 1kpl sein\u00e4\u00e4n asennettava tup.syt. liit\u00e4nt\u00e4 2kpl Erikoispistorasia 2kpl Erikoispistoke 2kpl Kytkent\u00e4rasia 1kpl Sein\u00e4katkaisija, yksinkertainen 1kpl Sein\u00e4katkaisija, kaksinkertainen<\/p>\n","protected":false},"featured_media":14952,"comment_status":"open","ping_status":"closed","template":"","meta":[],"product_brand":[],"product_cat":[80],"product_tag":[],"class_list":{"0":"post-14951","1":"product","2":"type-product","3":"status-publish","4":"has-post-thumbnail","6":"product_cat-aurinkosahkosetit","8":"first","9":"instock","10":"taxable","11":"shipping-taxable","12":"purchasable","13":"product-type-simple"},"yoast_head":"<!-- This site is optimized with the Yoast SEO plugin v27.4 - https:\/\/yoast.com\/product\/yoast-seo-wordpress\/ -->\n<title>Sunwind 12 V asennuspaketti -<\/title>\n<meta name=\"robots\" content=\"index, follow, max-snippet:-1, max-image-preview:large, max-video-preview:-1\" \/>\n<link rel=\"canonical\" href=\"https:\/\/www.duunauspalvelutjarvi.fi\/?product=sunwind-12-v-asennuspaketti\" \/>\n<meta property=\"og:locale\" content=\"fi_FI\" \/>\n<meta property=\"og:type\" content=\"article\" \/>\n<meta property=\"og:title\" content=\"Sunwind 12 V asennuspaketti -\" \/>\n<meta property=\"og:description\" content=\"Sunwind 12V asennuspaketti sis\u00e4lt\u00e4\u00e4 tarvittavat pienkomponentit aurinkoenergiaj\u00e4rjestelm\u00e4n asennukseen. Paketin sis\u00e4lt\u00f6: 1kpl S\u00e4hk\u00f6keskus (sis. automaattisulakkeet) 50m Asennuskaapeli 2,5mm2, valkoinen 1kpl Kaapeli akulta s\u00e4hk\u00f6keskukseen 200kpl Johtokiinnikkeet, valkoinen 1kpl sein\u00e4\u00e4n asennettava tup.syt. liit\u00e4nt\u00e4 2kpl Erikoispistorasia 2kpl Erikoispistoke 2kpl Kytkent\u00e4rasia 1kpl Sein\u00e4katkaisija, yksinkertainen 1kpl Sein\u00e4katkaisija, kaksinkertainen\" \/>\n<meta property=\"og:url\" content=\"https:\/\/www.duunauspalvelutjarvi.fi\/?product=sunwind-12-v-asennuspaketti\" \/>\n<meta property=\"article:modified_time\" content=\"2024-06-27T19:59:43+00:00\" \/>\n<meta property=\"og:image\" content=\"https:\/\/www.duunauspalvelutjarvi.fi\/wp-content\/uploads\/2024\/06\/112848R.jpg\" \/>\n\t<meta property=\"og:image:width\" content=\"800\" \/>\n\t<meta property=\"og:image:height\" content=\"800\" \/>\n\t<meta property=\"og:image:type\" content=\"image\/jpeg\" \/>\n<meta name=\"twitter:card\" content=\"summary_large_image\" \/>\n<meta name=\"twitter:label1\" content=\"Arvioitu lukuaika\" \/>\n\t<meta name=\"twitter:data1\" content=\"1 minuutti\" \/>\n<script type=\"application\/ld+json\" class=\"yoast-schema-graph\">{\"@context\":\"https:\\\/\\\/schema.org\",\"@graph\":[{\"@type\":\"WebPage\",\"@id\":\"https:\\\/\\\/www.duunauspalvelutjarvi.fi\\\/?product=sunwind-12-v-asennuspaketti\",\"url\":\"https:\\\/\\\/www.duunauspalvelutjarvi.fi\\\/?product=sunwind-12-v-asennuspaketti\",\"name\":\"Sunwind 12 V asennuspaketti -\",\"isPartOf\":{\"@id\":\"https:\\\/\\\/www.duunauspalvelutjarvi.fi\\\/#website\"},\"primaryImageOfPage\":{\"@id\":\"https:\\\/\\\/www.duunauspalvelutjarvi.fi\\\/?product=sunwind-12-v-asennuspaketti#primaryimage\"},\"image\":{\"@id\":\"https:\\\/\\\/www.duunauspalvelutjarvi.fi\\\/?product=sunwind-12-v-asennuspaketti#primaryimage\"},\"thumbnailUrl\":\"https:\\\/\\\/www.duunauspalvelutjarvi.fi\\\/wp-content\\\/uploads\\\/2024\\\/06\\\/112848R.jpg\",\"datePublished\":\"2024-06-27T19:59:42+00:00\",\"dateModified\":\"2024-06-27T19:59:43+00:00\",\"breadcrumb\":{\"@id\":\"https:\\\/\\\/www.duunauspalvelutjarvi.fi\\\/?product=sunwind-12-v-asennuspaketti#breadcrumb\"},\"inLanguage\":\"fi\",\"potentialAction\":[{\"@type\":\"ReadAction\",\"target\":[\"https:\\\/\\\/www.duunauspalvelutjarvi.fi\\\/?product=sunwind-12-v-asennuspaketti\"]}]},{\"@type\":\"ImageObject\",\"inLanguage\":\"fi\",\"@id\":\"https:\\\/\\\/www.duunauspalvelutjarvi.fi\\\/?product=sunwind-12-v-asennuspaketti#primaryimage\",\"url\":\"https:\\\/\\\/www.duunauspalvelutjarvi.fi\\\/wp-content\\\/uploads\\\/2024\\\/06\\\/112848R.jpg\",\"contentUrl\":\"https:\\\/\\\/www.duunauspalvelutjarvi.fi\\\/wp-content\\\/uploads\\\/2024\\\/06\\\/112848R.jpg\",\"width\":800,\"height\":800},{\"@type\":\"BreadcrumbList\",\"@id\":\"https:\\\/\\\/www.duunauspalvelutjarvi.fi\\\/?product=sunwind-12-v-asennuspaketti#breadcrumb\",\"itemListElement\":[{\"@type\":\"ListItem\",\"position\":1,\"name\":\"Etusivu\",\"item\":\"https:\\\/\\\/www.duunauspalvelutjarvi.fi\\\/\"},{\"@type\":\"ListItem\",\"position\":2,\"name\":\"Etusivu\",\"item\":\"https:\\\/\\\/www.duunauspalvelutjarvi.fi\\\/\"},{\"@type\":\"ListItem\",\"position\":3,\"name\":\"Sunwind 12 V asennuspaketti\"}]},{\"@type\":\"WebSite\",\"@id\":\"https:\\\/\\\/www.duunauspalvelutjarvi.fi\\\/#website\",\"url\":\"https:\\\/\\\/www.duunauspalvelutjarvi.fi\\\/\",\"name\":\"\",\"description\":\"\",\"potentialAction\":[{\"@type\":\"SearchAction\",\"target\":{\"@type\":\"EntryPoint\",\"urlTemplate\":\"https:\\\/\\\/www.duunauspalvelutjarvi.fi\\\/?s={search_term_string}\"},\"query-input\":{\"@type\":\"PropertyValueSpecification\",\"valueRequired\":true,\"valueName\":\"search_term_string\"}}],\"inLanguage\":\"fi\"}]}<\/script>\n<!-- \/ Yoast SEO plugin. -->","yoast_head_json":{"title":"Sunwind 12 V asennuspaketti -","robots":{"index":"index","follow":"follow","max-snippet":"max-snippet:-1","max-image-preview":"max-image-preview:large","max-video-preview":"max-video-preview:-1"},"canonical":"https:\/\/www.duunauspalvelutjarvi.fi\/?product=sunwind-12-v-asennuspaketti","og_locale":"fi_FI","og_type":"article","og_title":"Sunwind 12 V asennuspaketti -","og_description":"Sunwind 12V asennuspaketti sis\u00e4lt\u00e4\u00e4 tarvittavat pienkomponentit aurinkoenergiaj\u00e4rjestelm\u00e4n asennukseen. Paketin sis\u00e4lt\u00f6: 1kpl S\u00e4hk\u00f6keskus (sis. automaattisulakkeet) 50m Asennuskaapeli 2,5mm2, valkoinen 1kpl Kaapeli akulta s\u00e4hk\u00f6keskukseen 200kpl Johtokiinnikkeet, valkoinen 1kpl sein\u00e4\u00e4n asennettava tup.syt. liit\u00e4nt\u00e4 2kpl Erikoispistorasia 2kpl Erikoispistoke 2kpl Kytkent\u00e4rasia 1kpl Sein\u00e4katkaisija, yksinkertainen 1kpl Sein\u00e4katkaisija, kaksinkertainen","og_url":"https:\/\/www.duunauspalvelutjarvi.fi\/?product=sunwind-12-v-asennuspaketti","article_modified_time":"2024-06-27T19:59:43+00:00","og_image":[{"width":800,"height":800,"url":"https:\/\/www.duunauspalvelutjarvi.fi\/wp-content\/uploads\/2024\/06\/112848R.jpg","type":"image\/jpeg"}],"twitter_card":"summary_large_image","twitter_misc":{"Arvioitu lukuaika":"1 minuutti"},"schema":{"@context":"https:\/\/schema.org","@graph":[{"@type":"WebPage","@id":"https:\/\/www.duunauspalvelutjarvi.fi\/?product=sunwind-12-v-asennuspaketti","url":"https:\/\/www.duunauspalvelutjarvi.fi\/?product=sunwind-12-v-asennuspaketti","name":"Sunwind 12 V asennuspaketti -","isPartOf":{"@id":"https:\/\/www.duunauspalvelutjarvi.fi\/#website"},"primaryImageOfPage":{"@id":"https:\/\/www.duunauspalvelutjarvi.fi\/?product=sunwind-12-v-asennuspaketti#primaryimage"},"image":{"@id":"https:\/\/www.duunauspalvelutjarvi.fi\/?product=sunwind-12-v-asennuspaketti#primaryimage"},"thumbnailUrl":"https:\/\/www.duunauspalvelutjarvi.fi\/wp-content\/uploads\/2024\/06\/112848R.jpg","datePublished":"2024-06-27T19:59:42+00:00","dateModified":"2024-06-27T19:59:43+00:00","breadcrumb":{"@id":"https:\/\/www.duunauspalvelutjarvi.fi\/?product=sunwind-12-v-asennuspaketti#breadcrumb"},"inLanguage":"fi","potentialAction":[{"@type":"ReadAction","target":["https:\/\/www.duunauspalvelutjarvi.fi\/?product=sunwind-12-v-asennuspaketti"]}]},{"@type":"ImageObject","inLanguage":"fi","@id":"https:\/\/www.duunauspalvelutjarvi.fi\/?product=sunwind-12-v-asennuspaketti#primaryimage","url":"https:\/\/www.duunauspalvelutjarvi.fi\/wp-content\/uploads\/2024\/06\/112848R.jpg","contentUrl":"https:\/\/www.duunauspalvelutjarvi.fi\/wp-content\/uploads\/2024\/06\/112848R.jpg","width":800,"height":800},{"@type":"BreadcrumbList","@id":"https:\/\/www.duunauspalvelutjarvi.fi\/?product=sunwind-12-v-asennuspaketti#breadcrumb","itemListElement":[{"@type":"ListItem","position":1,"name":"Etusivu","item":"https:\/\/www.duunauspalvelutjarvi.fi\/"},{"@type":"ListItem","position":2,"name":"Etusivu","item":"https:\/\/www.duunauspalvelutjarvi.fi\/"},{"@type":"ListItem","position":3,"name":"Sunwind 12 V asennuspaketti"}]},{"@type":"WebSite","@id":"https:\/\/www.duunauspalvelutjarvi.fi\/#website","url":"https:\/\/www.duunauspalvelutjarvi.fi\/","name":"","description":"","potentialAction":[{"@type":"SearchAction","target":{"@type":"EntryPoint","urlTemplate":"https:\/\/www.duunauspalvelutjarvi.fi\/?s={search_term_string}"},"query-input":{"@type":"PropertyValueSpecification","valueRequired":true,"valueName":"search_term_string"}}],"inLanguage":"fi"}]}},"jetpack_sharing_enabled":true,"_links":{"self":[{"href":"https:\/\/www.duunauspalvelutjarvi.fi\/index.php?rest_route=\/wp\/v2\/product\/14951","targetHints":{"allow":["GET"]}}],"collection":[{"href":"https:\/\/www.duunauspalvelutjarvi.fi\/index.php?rest_route=\/wp\/v2\/product"}],"about":[{"href":"https:\/\/www.duunauspalvelutjarvi.fi\/index.php?rest_route=\/wp\/v2\/types\/product"}],"replies":[{"embeddable":true,"href":"https:\/\/www.duunauspalvelutjarvi.fi\/index.php?rest_route=%2Fwp%2Fv2%2Fcomments&post=14951"}],"wp:featuredmedia":[{"embeddable":true,"href":"https:\/\/www.duunauspalvelutjarvi.fi\/index.php?rest_route=\/wp\/v2\/media\/14952"}],"wp:attachment":[{"href":"https:\/\/www.duunauspalvelutjarvi.fi\/index.php?rest_route=%2Fwp%2Fv2%2Fmedia&parent=14951"}],"wp:term":[{"taxonomy":"product_brand","embeddable":true,"href":"https:\/\/www.duunauspalvelutjarvi.fi\/index.php?rest_route=%2Fwp%2Fv2%2Fproduct_brand&post=14951"},{"taxonomy":"product_cat","embeddable":true,"href":"https:\/\/www.duunauspalvelutjarvi.fi\/index.php?rest_route=%2Fwp%2Fv2%2Fproduct_cat&post=14951"},{"taxonomy":"product_tag","embeddable":true,"href":"https:\/\/www.duunauspalvelutjarvi.fi\/index.php?rest_route=%2Fwp%2Fv2%2Fproduct_tag&post=14951"}],"curies":[{"name":"wp","href":"https:\/\/api.w.org\/{rel}","templated":true}]}}