{"id":14955,"date":"2024-06-27T23:05:27","date_gmt":"2024-06-27T20:05:27","guid":{"rendered":"https:\/\/www.duunauspalvelutjarvi.fi\/?post_type=product&#038;p=14955"},"modified":"2024-06-28T00:50:57","modified_gmt":"2024-06-27T21:50:57","slug":"aurinkoenergiapaketti-basic-12v","status":"publish","type":"product","link":"https:\/\/www.duunauspalvelutjarvi.fi\/?product=aurinkoenergiapaketti-basic-12v","title":{"rendered":"Aurinkoenergiapaketti Basic 12V"},"content":{"rendered":"<p>Sunwind Basic aurinkoenergiapaketti edullinen j\u00e4rjestelm\u00e4 jolla voit valaista isommankin m\u00f6kin LED-valoja hy\u00f6dynt\u00e4m\u00e4ll\u00e4. J\u00e4rjestelm\u00e4n avulla voit ladata matkapuhelimet ja kannettavat tietokoneet. Tehokkaan 100 W paneelin avulla akku latautuu kes\u00e4aikana nopeasti t\u00e4yteen, joten silloin voit liitt\u00e4\u00e4 t\u00e4h\u00e4n j\u00e4rjestelm\u00e4\u00e4n esim. pienen television.<br \/>\n<strong>Aurinkoenergiapaketti Basic sis\u00e4lt\u00e4\u00e4:<\/strong><\/p>\n<p>1kpl Aurinkopaneeli 100W<br \/>\n1kpl S\u00e4\u00e4dett\u00e4v\u00e4 aurinkopaneeliteline<br \/>\n1kpl Latauss\u00e4\u00e4din Sunwind Basic 20A<br \/>\n1kpl Sunwind AGM akku 136Ah<br \/>\n1kpl Akkukaapeli (2m, sis. sulakepidin + sulake)<br \/>\n10m Solar-kaapeli 1&#215;4 mm\u00b2, valk (riitt\u00e4\u00e4 paneelin sijoittamiseen 5 metrin et\u00e4isyydelle s\u00e4\u00e4timest\u00e4)<br \/>\n1kpl MC4 liitinpari push-in<br \/>\n5m Asennuskaapeli 2&#215;2,5mm\u00b2, valk tup.syt. liit\u00e4nt\u00e4\u00e4 varten<br \/>\n1kpl Tupakansytytinliit\u00e4nt\u00e4 sein\u00e4\u00e4nasennettava<\/p>\n<p><strong>Huomioi, ett\u00e4 aurinkopaneelit tulisi asentaa etel\u00e4n suuntaisesti ja mahdollisimman varjottomalle paikalle.<\/strong><\/p>\n","protected":false},"excerpt":{"rendered":"<p>Sunwind Basic aurinkoenergiapaketti edullinen j\u00e4rjestelm\u00e4 jolla voit valaista isommankin m\u00f6kin LED-valoja hy\u00f6dynt\u00e4m\u00e4ll\u00e4. J\u00e4rjestelm\u00e4n avulla voit ladata matkapuhelimet ja kannettavat tietokoneet. Tehokkaan 100 W paneelin avulla akku latautuu kes\u00e4aikana nopeasti t\u00e4yteen, joten silloin voit liitt\u00e4\u00e4 t\u00e4h\u00e4n j\u00e4rjestelm\u00e4\u00e4n esim. pienen television. Aurinkoenergiapaketti Basic sis\u00e4lt\u00e4\u00e4: 1kpl Aurinkopaneeli 100W 1kpl S\u00e4\u00e4dett\u00e4v\u00e4 aurinkopaneeliteline 1kpl Latauss\u00e4\u00e4din Sunwind Basic 20A 1kpl Sunwind [&hellip;]<\/p>\n","protected":false},"featured_media":14956,"comment_status":"open","ping_status":"closed","template":"","meta":[],"product_brand":[],"product_cat":[80],"product_tag":[],"class_list":{"0":"post-14955","1":"product","2":"type-product","3":"status-publish","4":"has-post-thumbnail","6":"product_cat-aurinkosahkosetit","8":"first","9":"instock","10":"taxable","11":"shipping-taxable","12":"purchasable","13":"product-type-simple"},"yoast_head":"<!-- This site is optimized with the Yoast SEO plugin v27.5 - https:\/\/yoast.com\/product\/yoast-seo-wordpress\/ -->\n<title>Aurinkoenergiapaketti Basic 12V -<\/title>\n<meta name=\"robots\" content=\"index, follow, max-snippet:-1, max-image-preview:large, max-video-preview:-1\" \/>\n<link rel=\"canonical\" href=\"https:\/\/www.duunauspalvelutjarvi.fi\/?product=aurinkoenergiapaketti-basic-12v\" \/>\n<meta property=\"og:locale\" content=\"fi_FI\" \/>\n<meta property=\"og:type\" content=\"article\" \/>\n<meta property=\"og:title\" content=\"Aurinkoenergiapaketti Basic 12V -\" \/>\n<meta property=\"og:description\" content=\"Sunwind Basic aurinkoenergiapaketti edullinen j\u00e4rjestelm\u00e4 jolla voit valaista isommankin m\u00f6kin LED-valoja hy\u00f6dynt\u00e4m\u00e4ll\u00e4. J\u00e4rjestelm\u00e4n avulla voit ladata matkapuhelimet ja kannettavat tietokoneet. Tehokkaan 100 W paneelin avulla akku latautuu kes\u00e4aikana nopeasti t\u00e4yteen, joten silloin voit liitt\u00e4\u00e4 t\u00e4h\u00e4n j\u00e4rjestelm\u00e4\u00e4n esim. pienen television. Aurinkoenergiapaketti Basic sis\u00e4lt\u00e4\u00e4: 1kpl Aurinkopaneeli 100W 1kpl S\u00e4\u00e4dett\u00e4v\u00e4 aurinkopaneeliteline 1kpl Latauss\u00e4\u00e4din Sunwind Basic 20A 1kpl Sunwind [&hellip;]\" \/>\n<meta property=\"og:url\" content=\"https:\/\/www.duunauspalvelutjarvi.fi\/?product=aurinkoenergiapaketti-basic-12v\" \/>\n<meta property=\"article:modified_time\" content=\"2024-06-27T21:50:57+00:00\" \/>\n<meta property=\"og:image\" content=\"https:\/\/www.duunauspalvelutjarvi.fi\/wp-content\/uploads\/2024\/06\/112832R.jpg\" \/>\n\t<meta property=\"og:image:width\" content=\"1500\" \/>\n\t<meta property=\"og:image:height\" content=\"1300\" \/>\n\t<meta property=\"og:image:type\" content=\"image\/jpeg\" \/>\n<meta name=\"twitter:card\" content=\"summary_large_image\" \/>\n<meta name=\"twitter:label1\" content=\"Arvioitu lukuaika\" \/>\n\t<meta name=\"twitter:data1\" content=\"1 minuutti\" \/>\n<script type=\"application\/ld+json\" class=\"yoast-schema-graph\">{\"@context\":\"https:\\\/\\\/schema.org\",\"@graph\":[{\"@type\":\"WebPage\",\"@id\":\"https:\\\/\\\/www.duunauspalvelutjarvi.fi\\\/?product=aurinkoenergiapaketti-basic-12v\",\"url\":\"https:\\\/\\\/www.duunauspalvelutjarvi.fi\\\/?product=aurinkoenergiapaketti-basic-12v\",\"name\":\"Aurinkoenergiapaketti Basic 12V -\",\"isPartOf\":{\"@id\":\"https:\\\/\\\/www.duunauspalvelutjarvi.fi\\\/#website\"},\"primaryImageOfPage\":{\"@id\":\"https:\\\/\\\/www.duunauspalvelutjarvi.fi\\\/?product=aurinkoenergiapaketti-basic-12v#primaryimage\"},\"image\":{\"@id\":\"https:\\\/\\\/www.duunauspalvelutjarvi.fi\\\/?product=aurinkoenergiapaketti-basic-12v#primaryimage\"},\"thumbnailUrl\":\"https:\\\/\\\/www.duunauspalvelutjarvi.fi\\\/wp-content\\\/uploads\\\/2024\\\/06\\\/112832R.jpg\",\"datePublished\":\"2024-06-27T20:05:27+00:00\",\"dateModified\":\"2024-06-27T21:50:57+00:00\",\"breadcrumb\":{\"@id\":\"https:\\\/\\\/www.duunauspalvelutjarvi.fi\\\/?product=aurinkoenergiapaketti-basic-12v#breadcrumb\"},\"inLanguage\":\"fi\",\"potentialAction\":[{\"@type\":\"ReadAction\",\"target\":[\"https:\\\/\\\/www.duunauspalvelutjarvi.fi\\\/?product=aurinkoenergiapaketti-basic-12v\"]}]},{\"@type\":\"ImageObject\",\"inLanguage\":\"fi\",\"@id\":\"https:\\\/\\\/www.duunauspalvelutjarvi.fi\\\/?product=aurinkoenergiapaketti-basic-12v#primaryimage\",\"url\":\"https:\\\/\\\/www.duunauspalvelutjarvi.fi\\\/wp-content\\\/uploads\\\/2024\\\/06\\\/112832R.jpg\",\"contentUrl\":\"https:\\\/\\\/www.duunauspalvelutjarvi.fi\\\/wp-content\\\/uploads\\\/2024\\\/06\\\/112832R.jpg\",\"width\":1500,\"height\":1300},{\"@type\":\"BreadcrumbList\",\"@id\":\"https:\\\/\\\/www.duunauspalvelutjarvi.fi\\\/?product=aurinkoenergiapaketti-basic-12v#breadcrumb\",\"itemListElement\":[{\"@type\":\"ListItem\",\"position\":1,\"name\":\"Etusivu\",\"item\":\"https:\\\/\\\/www.duunauspalvelutjarvi.fi\\\/\"},{\"@type\":\"ListItem\",\"position\":2,\"name\":\"Etusivu\",\"item\":\"https:\\\/\\\/www.duunauspalvelutjarvi.fi\\\/\"},{\"@type\":\"ListItem\",\"position\":3,\"name\":\"Aurinkoenergiapaketti Basic 12V\"}]},{\"@type\":\"WebSite\",\"@id\":\"https:\\\/\\\/www.duunauspalvelutjarvi.fi\\\/#website\",\"url\":\"https:\\\/\\\/www.duunauspalvelutjarvi.fi\\\/\",\"name\":\"\",\"description\":\"\",\"potentialAction\":[{\"@type\":\"SearchAction\",\"target\":{\"@type\":\"EntryPoint\",\"urlTemplate\":\"https:\\\/\\\/www.duunauspalvelutjarvi.fi\\\/?s={search_term_string}\"},\"query-input\":{\"@type\":\"PropertyValueSpecification\",\"valueRequired\":true,\"valueName\":\"search_term_string\"}}],\"inLanguage\":\"fi\"}]}<\/script>\n<!-- \/ Yoast SEO plugin. -->","yoast_head_json":{"title":"Aurinkoenergiapaketti Basic 12V -","robots":{"index":"index","follow":"follow","max-snippet":"max-snippet:-1","max-image-preview":"max-image-preview:large","max-video-preview":"max-video-preview:-1"},"canonical":"https:\/\/www.duunauspalvelutjarvi.fi\/?product=aurinkoenergiapaketti-basic-12v","og_locale":"fi_FI","og_type":"article","og_title":"Aurinkoenergiapaketti Basic 12V -","og_description":"Sunwind Basic aurinkoenergiapaketti edullinen j\u00e4rjestelm\u00e4 jolla voit valaista isommankin m\u00f6kin LED-valoja hy\u00f6dynt\u00e4m\u00e4ll\u00e4. J\u00e4rjestelm\u00e4n avulla voit ladata matkapuhelimet ja kannettavat tietokoneet. Tehokkaan 100 W paneelin avulla akku latautuu kes\u00e4aikana nopeasti t\u00e4yteen, joten silloin voit liitt\u00e4\u00e4 t\u00e4h\u00e4n j\u00e4rjestelm\u00e4\u00e4n esim. pienen television. Aurinkoenergiapaketti Basic sis\u00e4lt\u00e4\u00e4: 1kpl Aurinkopaneeli 100W 1kpl S\u00e4\u00e4dett\u00e4v\u00e4 aurinkopaneeliteline 1kpl Latauss\u00e4\u00e4din Sunwind Basic 20A 1kpl Sunwind [&hellip;]","og_url":"https:\/\/www.duunauspalvelutjarvi.fi\/?product=aurinkoenergiapaketti-basic-12v","article_modified_time":"2024-06-27T21:50:57+00:00","og_image":[{"width":1500,"height":1300,"url":"https:\/\/www.duunauspalvelutjarvi.fi\/wp-content\/uploads\/2024\/06\/112832R.jpg","type":"image\/jpeg"}],"twitter_card":"summary_large_image","twitter_misc":{"Arvioitu lukuaika":"1 minuutti"},"schema":{"@context":"https:\/\/schema.org","@graph":[{"@type":"WebPage","@id":"https:\/\/www.duunauspalvelutjarvi.fi\/?product=aurinkoenergiapaketti-basic-12v","url":"https:\/\/www.duunauspalvelutjarvi.fi\/?product=aurinkoenergiapaketti-basic-12v","name":"Aurinkoenergiapaketti Basic 12V -","isPartOf":{"@id":"https:\/\/www.duunauspalvelutjarvi.fi\/#website"},"primaryImageOfPage":{"@id":"https:\/\/www.duunauspalvelutjarvi.fi\/?product=aurinkoenergiapaketti-basic-12v#primaryimage"},"image":{"@id":"https:\/\/www.duunauspalvelutjarvi.fi\/?product=aurinkoenergiapaketti-basic-12v#primaryimage"},"thumbnailUrl":"https:\/\/www.duunauspalvelutjarvi.fi\/wp-content\/uploads\/2024\/06\/112832R.jpg","datePublished":"2024-06-27T20:05:27+00:00","dateModified":"2024-06-27T21:50:57+00:00","breadcrumb":{"@id":"https:\/\/www.duunauspalvelutjarvi.fi\/?product=aurinkoenergiapaketti-basic-12v#breadcrumb"},"inLanguage":"fi","potentialAction":[{"@type":"ReadAction","target":["https:\/\/www.duunauspalvelutjarvi.fi\/?product=aurinkoenergiapaketti-basic-12v"]}]},{"@type":"ImageObject","inLanguage":"fi","@id":"https:\/\/www.duunauspalvelutjarvi.fi\/?product=aurinkoenergiapaketti-basic-12v#primaryimage","url":"https:\/\/www.duunauspalvelutjarvi.fi\/wp-content\/uploads\/2024\/06\/112832R.jpg","contentUrl":"https:\/\/www.duunauspalvelutjarvi.fi\/wp-content\/uploads\/2024\/06\/112832R.jpg","width":1500,"height":1300},{"@type":"BreadcrumbList","@id":"https:\/\/www.duunauspalvelutjarvi.fi\/?product=aurinkoenergiapaketti-basic-12v#breadcrumb","itemListElement":[{"@type":"ListItem","position":1,"name":"Etusivu","item":"https:\/\/www.duunauspalvelutjarvi.fi\/"},{"@type":"ListItem","position":2,"name":"Etusivu","item":"https:\/\/www.duunauspalvelutjarvi.fi\/"},{"@type":"ListItem","position":3,"name":"Aurinkoenergiapaketti Basic 12V"}]},{"@type":"WebSite","@id":"https:\/\/www.duunauspalvelutjarvi.fi\/#website","url":"https:\/\/www.duunauspalvelutjarvi.fi\/","name":"","description":"","potentialAction":[{"@type":"SearchAction","target":{"@type":"EntryPoint","urlTemplate":"https:\/\/www.duunauspalvelutjarvi.fi\/?s={search_term_string}"},"query-input":{"@type":"PropertyValueSpecification","valueRequired":true,"valueName":"search_term_string"}}],"inLanguage":"fi"}]}},"jetpack_sharing_enabled":true,"_links":{"self":[{"href":"https:\/\/www.duunauspalvelutjarvi.fi\/index.php?rest_route=\/wp\/v2\/product\/14955","targetHints":{"allow":["GET"]}}],"collection":[{"href":"https:\/\/www.duunauspalvelutjarvi.fi\/index.php?rest_route=\/wp\/v2\/product"}],"about":[{"href":"https:\/\/www.duunauspalvelutjarvi.fi\/index.php?rest_route=\/wp\/v2\/types\/product"}],"replies":[{"embeddable":true,"href":"https:\/\/www.duunauspalvelutjarvi.fi\/index.php?rest_route=%2Fwp%2Fv2%2Fcomments&post=14955"}],"wp:featuredmedia":[{"embeddable":true,"href":"https:\/\/www.duunauspalvelutjarvi.fi\/index.php?rest_route=\/wp\/v2\/media\/14956"}],"wp:attachment":[{"href":"https:\/\/www.duunauspalvelutjarvi.fi\/index.php?rest_route=%2Fwp%2Fv2%2Fmedia&parent=14955"}],"wp:term":[{"taxonomy":"product_brand","embeddable":true,"href":"https:\/\/www.duunauspalvelutjarvi.fi\/index.php?rest_route=%2Fwp%2Fv2%2Fproduct_brand&post=14955"},{"taxonomy":"product_cat","embeddable":true,"href":"https:\/\/www.duunauspalvelutjarvi.fi\/index.php?rest_route=%2Fwp%2Fv2%2Fproduct_cat&post=14955"},{"taxonomy":"product_tag","embeddable":true,"href":"https:\/\/www.duunauspalvelutjarvi.fi\/index.php?rest_route=%2Fwp%2Fv2%2Fproduct_tag&post=14955"}],"curies":[{"name":"wp","href":"https:\/\/api.w.org\/{rel}","templated":true}]}}