{"id":14957,"date":"2024-06-27T23:08:24","date_gmt":"2024-06-27T20:08:24","guid":{"rendered":"https:\/\/www.duunauspalvelutjarvi.fi\/?post_type=product&#038;p=14957"},"modified":"2024-06-28T00:50:56","modified_gmt":"2024-06-27T21:50:56","slug":"aurinkonenergiapaketti-weekend-12v","status":"publish","type":"product","link":"https:\/\/www.duunauspalvelutjarvi.fi\/?product=aurinkonenergiapaketti-weekend-12v","title":{"rendered":"Aurinkonenergiapaketti Weekend 12V"},"content":{"rendered":"<p>Aurinkoenergiapaketti WEEKEND\u00a0on hyv\u00e4 valinta pienemm\u00e4n m\u00f6kin s\u00e4hk\u00f6istykseen. T\u00e4ll\u00e4 paketilla p\u00e4\u00e4set hyvin alkuun, se riitt\u00e4\u00e4 valaistuksen, TV:n ja pienten 12V:n s\u00e4hk\u00f6laitteiden k\u00e4ytt\u00f6\u00f6n. Paketti on mitoitettu p\u00e4\u00e4asiassa viikonloppuk\u00e4ytt\u00f6\u00f6n.\u00a0Aurinkoenergiapaketissa on 20 ampeerin s\u00e4\u00e4dinyksikk\u00f6, jonka avulla saat aurinkopaneelista enemm\u00e4n irti. Latauss\u00e4\u00e4timen koko mahdollistaa my\u00f6hemm\u00e4ss\u00e4 vaiheessa lis\u00e4paneeleiden hankinnan!<\/p>\n<p><strong>Aurinkoenergiapaketti Weekend sis\u00e4lt\u00e4\u00e4:<\/strong><\/p>\n<p>1 kpl Aurinkopaneeli Standard 135 W<br \/>\n1 kpl Aurinkopaneeliteline<br \/>\n1 kpl aurinkopaneelis\u00e4\u00e4din Sunwind PeakPower MPPT\u00a020 A<br \/>\n1 kpl 260Ah Sunwind AGM huoltovapaa akku<br \/>\n10 m x 2 asennuskaapeli<br \/>\n1 pari MC4 liittimet<br \/>\n1 kpl Sunwind 12V asennuspaketti\u00a0<a href=\"https:\/\/www.duunauspalvelutjarvi.fi\/?product=sunwind-12-v-asennuspaketti\" target=\"_blank\" rel=\"noopener\">(<strong>112848R<\/strong>)<\/a><\/p>\n<p><strong>Huomioi, ett\u00e4 aurinkopaneelit tulisi asentaa etel\u00e4n suuntaisesti ja mahdollisimman varjottomalle paikalle.<\/strong><\/p>\n","protected":false},"excerpt":{"rendered":"<p>Aurinkoenergiapaketti WEEKEND\u00a0on hyv\u00e4 valinta pienemm\u00e4n m\u00f6kin s\u00e4hk\u00f6istykseen. T\u00e4ll\u00e4 paketilla p\u00e4\u00e4set hyvin alkuun, se riitt\u00e4\u00e4 valaistuksen, TV:n ja pienten 12V:n s\u00e4hk\u00f6laitteiden k\u00e4ytt\u00f6\u00f6n. Paketti on mitoitettu p\u00e4\u00e4asiassa viikonloppuk\u00e4ytt\u00f6\u00f6n.\u00a0Aurinkoenergiapaketissa on 20 ampeerin s\u00e4\u00e4dinyksikk\u00f6, jonka avulla saat aurinkopaneelista enemm\u00e4n irti. Latauss\u00e4\u00e4timen koko mahdollistaa my\u00f6hemm\u00e4ss\u00e4 vaiheessa lis\u00e4paneeleiden hankinnan! Aurinkoenergiapaketti Weekend sis\u00e4lt\u00e4\u00e4: 1 kpl Aurinkopaneeli Standard 135 W 1 kpl Aurinkopaneeliteline [&hellip;]<\/p>\n","protected":false},"featured_media":14958,"comment_status":"open","ping_status":"closed","template":"","meta":[],"product_brand":[],"product_cat":[80],"product_tag":[],"class_list":{"0":"post-14957","1":"product","2":"type-product","3":"status-publish","4":"has-post-thumbnail","6":"product_cat-aurinkosahkosetit","8":"first","9":"instock","10":"taxable","11":"shipping-taxable","12":"purchasable","13":"product-type-simple"},"yoast_head":"<!-- This site is optimized with the Yoast SEO plugin v27.5 - https:\/\/yoast.com\/product\/yoast-seo-wordpress\/ -->\n<title>Aurinkonenergiapaketti Weekend 12V -<\/title>\n<meta name=\"robots\" content=\"index, follow, max-snippet:-1, max-image-preview:large, max-video-preview:-1\" \/>\n<link rel=\"canonical\" href=\"https:\/\/www.duunauspalvelutjarvi.fi\/?product=aurinkonenergiapaketti-weekend-12v\" \/>\n<meta property=\"og:locale\" content=\"fi_FI\" \/>\n<meta property=\"og:type\" content=\"article\" \/>\n<meta property=\"og:title\" content=\"Aurinkonenergiapaketti Weekend 12V -\" \/>\n<meta property=\"og:description\" content=\"Aurinkoenergiapaketti WEEKEND\u00a0on hyv\u00e4 valinta pienemm\u00e4n m\u00f6kin s\u00e4hk\u00f6istykseen. T\u00e4ll\u00e4 paketilla p\u00e4\u00e4set hyvin alkuun, se riitt\u00e4\u00e4 valaistuksen, TV:n ja pienten 12V:n s\u00e4hk\u00f6laitteiden k\u00e4ytt\u00f6\u00f6n. Paketti on mitoitettu p\u00e4\u00e4asiassa viikonloppuk\u00e4ytt\u00f6\u00f6n.\u00a0Aurinkoenergiapaketissa on 20 ampeerin s\u00e4\u00e4dinyksikk\u00f6, jonka avulla saat aurinkopaneelista enemm\u00e4n irti. Latauss\u00e4\u00e4timen koko mahdollistaa my\u00f6hemm\u00e4ss\u00e4 vaiheessa lis\u00e4paneeleiden hankinnan! Aurinkoenergiapaketti Weekend sis\u00e4lt\u00e4\u00e4: 1 kpl Aurinkopaneeli Standard 135 W 1 kpl Aurinkopaneeliteline [&hellip;]\" \/>\n<meta property=\"og:url\" content=\"https:\/\/www.duunauspalvelutjarvi.fi\/?product=aurinkonenergiapaketti-weekend-12v\" \/>\n<meta property=\"article:modified_time\" content=\"2024-06-27T21:50:56+00:00\" \/>\n<meta property=\"og:image\" content=\"https:\/\/www.duunauspalvelutjarvi.fi\/wp-content\/uploads\/2024\/06\/122808R.jpg\" \/>\n\t<meta property=\"og:image:width\" content=\"1500\" \/>\n\t<meta property=\"og:image:height\" content=\"1300\" \/>\n\t<meta property=\"og:image:type\" content=\"image\/jpeg\" \/>\n<meta name=\"twitter:card\" content=\"summary_large_image\" \/>\n<meta name=\"twitter:label1\" content=\"Arvioitu lukuaika\" \/>\n\t<meta name=\"twitter:data1\" content=\"1 minuutti\" \/>\n<script type=\"application\/ld+json\" class=\"yoast-schema-graph\">{\"@context\":\"https:\\\/\\\/schema.org\",\"@graph\":[{\"@type\":\"WebPage\",\"@id\":\"https:\\\/\\\/www.duunauspalvelutjarvi.fi\\\/?product=aurinkonenergiapaketti-weekend-12v\",\"url\":\"https:\\\/\\\/www.duunauspalvelutjarvi.fi\\\/?product=aurinkonenergiapaketti-weekend-12v\",\"name\":\"Aurinkonenergiapaketti Weekend 12V -\",\"isPartOf\":{\"@id\":\"https:\\\/\\\/www.duunauspalvelutjarvi.fi\\\/#website\"},\"primaryImageOfPage\":{\"@id\":\"https:\\\/\\\/www.duunauspalvelutjarvi.fi\\\/?product=aurinkonenergiapaketti-weekend-12v#primaryimage\"},\"image\":{\"@id\":\"https:\\\/\\\/www.duunauspalvelutjarvi.fi\\\/?product=aurinkonenergiapaketti-weekend-12v#primaryimage\"},\"thumbnailUrl\":\"https:\\\/\\\/www.duunauspalvelutjarvi.fi\\\/wp-content\\\/uploads\\\/2024\\\/06\\\/122808R.jpg\",\"datePublished\":\"2024-06-27T20:08:24+00:00\",\"dateModified\":\"2024-06-27T21:50:56+00:00\",\"breadcrumb\":{\"@id\":\"https:\\\/\\\/www.duunauspalvelutjarvi.fi\\\/?product=aurinkonenergiapaketti-weekend-12v#breadcrumb\"},\"inLanguage\":\"fi\",\"potentialAction\":[{\"@type\":\"ReadAction\",\"target\":[\"https:\\\/\\\/www.duunauspalvelutjarvi.fi\\\/?product=aurinkonenergiapaketti-weekend-12v\"]}]},{\"@type\":\"ImageObject\",\"inLanguage\":\"fi\",\"@id\":\"https:\\\/\\\/www.duunauspalvelutjarvi.fi\\\/?product=aurinkonenergiapaketti-weekend-12v#primaryimage\",\"url\":\"https:\\\/\\\/www.duunauspalvelutjarvi.fi\\\/wp-content\\\/uploads\\\/2024\\\/06\\\/122808R.jpg\",\"contentUrl\":\"https:\\\/\\\/www.duunauspalvelutjarvi.fi\\\/wp-content\\\/uploads\\\/2024\\\/06\\\/122808R.jpg\",\"width\":1500,\"height\":1300},{\"@type\":\"BreadcrumbList\",\"@id\":\"https:\\\/\\\/www.duunauspalvelutjarvi.fi\\\/?product=aurinkonenergiapaketti-weekend-12v#breadcrumb\",\"itemListElement\":[{\"@type\":\"ListItem\",\"position\":1,\"name\":\"Etusivu\",\"item\":\"https:\\\/\\\/www.duunauspalvelutjarvi.fi\\\/\"},{\"@type\":\"ListItem\",\"position\":2,\"name\":\"Etusivu\",\"item\":\"https:\\\/\\\/www.duunauspalvelutjarvi.fi\\\/\"},{\"@type\":\"ListItem\",\"position\":3,\"name\":\"Aurinkonenergiapaketti Weekend 12V\"}]},{\"@type\":\"WebSite\",\"@id\":\"https:\\\/\\\/www.duunauspalvelutjarvi.fi\\\/#website\",\"url\":\"https:\\\/\\\/www.duunauspalvelutjarvi.fi\\\/\",\"name\":\"\",\"description\":\"\",\"potentialAction\":[{\"@type\":\"SearchAction\",\"target\":{\"@type\":\"EntryPoint\",\"urlTemplate\":\"https:\\\/\\\/www.duunauspalvelutjarvi.fi\\\/?s={search_term_string}\"},\"query-input\":{\"@type\":\"PropertyValueSpecification\",\"valueRequired\":true,\"valueName\":\"search_term_string\"}}],\"inLanguage\":\"fi\"}]}<\/script>\n<!-- \/ Yoast SEO plugin. -->","yoast_head_json":{"title":"Aurinkonenergiapaketti Weekend 12V -","robots":{"index":"index","follow":"follow","max-snippet":"max-snippet:-1","max-image-preview":"max-image-preview:large","max-video-preview":"max-video-preview:-1"},"canonical":"https:\/\/www.duunauspalvelutjarvi.fi\/?product=aurinkonenergiapaketti-weekend-12v","og_locale":"fi_FI","og_type":"article","og_title":"Aurinkonenergiapaketti Weekend 12V -","og_description":"Aurinkoenergiapaketti WEEKEND\u00a0on hyv\u00e4 valinta pienemm\u00e4n m\u00f6kin s\u00e4hk\u00f6istykseen. T\u00e4ll\u00e4 paketilla p\u00e4\u00e4set hyvin alkuun, se riitt\u00e4\u00e4 valaistuksen, TV:n ja pienten 12V:n s\u00e4hk\u00f6laitteiden k\u00e4ytt\u00f6\u00f6n. Paketti on mitoitettu p\u00e4\u00e4asiassa viikonloppuk\u00e4ytt\u00f6\u00f6n.\u00a0Aurinkoenergiapaketissa on 20 ampeerin s\u00e4\u00e4dinyksikk\u00f6, jonka avulla saat aurinkopaneelista enemm\u00e4n irti. Latauss\u00e4\u00e4timen koko mahdollistaa my\u00f6hemm\u00e4ss\u00e4 vaiheessa lis\u00e4paneeleiden hankinnan! Aurinkoenergiapaketti Weekend sis\u00e4lt\u00e4\u00e4: 1 kpl Aurinkopaneeli Standard 135 W 1 kpl Aurinkopaneeliteline [&hellip;]","og_url":"https:\/\/www.duunauspalvelutjarvi.fi\/?product=aurinkonenergiapaketti-weekend-12v","article_modified_time":"2024-06-27T21:50:56+00:00","og_image":[{"width":1500,"height":1300,"url":"https:\/\/www.duunauspalvelutjarvi.fi\/wp-content\/uploads\/2024\/06\/122808R.jpg","type":"image\/jpeg"}],"twitter_card":"summary_large_image","twitter_misc":{"Arvioitu lukuaika":"1 minuutti"},"schema":{"@context":"https:\/\/schema.org","@graph":[{"@type":"WebPage","@id":"https:\/\/www.duunauspalvelutjarvi.fi\/?product=aurinkonenergiapaketti-weekend-12v","url":"https:\/\/www.duunauspalvelutjarvi.fi\/?product=aurinkonenergiapaketti-weekend-12v","name":"Aurinkonenergiapaketti Weekend 12V -","isPartOf":{"@id":"https:\/\/www.duunauspalvelutjarvi.fi\/#website"},"primaryImageOfPage":{"@id":"https:\/\/www.duunauspalvelutjarvi.fi\/?product=aurinkonenergiapaketti-weekend-12v#primaryimage"},"image":{"@id":"https:\/\/www.duunauspalvelutjarvi.fi\/?product=aurinkonenergiapaketti-weekend-12v#primaryimage"},"thumbnailUrl":"https:\/\/www.duunauspalvelutjarvi.fi\/wp-content\/uploads\/2024\/06\/122808R.jpg","datePublished":"2024-06-27T20:08:24+00:00","dateModified":"2024-06-27T21:50:56+00:00","breadcrumb":{"@id":"https:\/\/www.duunauspalvelutjarvi.fi\/?product=aurinkonenergiapaketti-weekend-12v#breadcrumb"},"inLanguage":"fi","potentialAction":[{"@type":"ReadAction","target":["https:\/\/www.duunauspalvelutjarvi.fi\/?product=aurinkonenergiapaketti-weekend-12v"]}]},{"@type":"ImageObject","inLanguage":"fi","@id":"https:\/\/www.duunauspalvelutjarvi.fi\/?product=aurinkonenergiapaketti-weekend-12v#primaryimage","url":"https:\/\/www.duunauspalvelutjarvi.fi\/wp-content\/uploads\/2024\/06\/122808R.jpg","contentUrl":"https:\/\/www.duunauspalvelutjarvi.fi\/wp-content\/uploads\/2024\/06\/122808R.jpg","width":1500,"height":1300},{"@type":"BreadcrumbList","@id":"https:\/\/www.duunauspalvelutjarvi.fi\/?product=aurinkonenergiapaketti-weekend-12v#breadcrumb","itemListElement":[{"@type":"ListItem","position":1,"name":"Etusivu","item":"https:\/\/www.duunauspalvelutjarvi.fi\/"},{"@type":"ListItem","position":2,"name":"Etusivu","item":"https:\/\/www.duunauspalvelutjarvi.fi\/"},{"@type":"ListItem","position":3,"name":"Aurinkonenergiapaketti Weekend 12V"}]},{"@type":"WebSite","@id":"https:\/\/www.duunauspalvelutjarvi.fi\/#website","url":"https:\/\/www.duunauspalvelutjarvi.fi\/","name":"","description":"","potentialAction":[{"@type":"SearchAction","target":{"@type":"EntryPoint","urlTemplate":"https:\/\/www.duunauspalvelutjarvi.fi\/?s={search_term_string}"},"query-input":{"@type":"PropertyValueSpecification","valueRequired":true,"valueName":"search_term_string"}}],"inLanguage":"fi"}]}},"jetpack_sharing_enabled":true,"_links":{"self":[{"href":"https:\/\/www.duunauspalvelutjarvi.fi\/index.php?rest_route=\/wp\/v2\/product\/14957","targetHints":{"allow":["GET"]}}],"collection":[{"href":"https:\/\/www.duunauspalvelutjarvi.fi\/index.php?rest_route=\/wp\/v2\/product"}],"about":[{"href":"https:\/\/www.duunauspalvelutjarvi.fi\/index.php?rest_route=\/wp\/v2\/types\/product"}],"replies":[{"embeddable":true,"href":"https:\/\/www.duunauspalvelutjarvi.fi\/index.php?rest_route=%2Fwp%2Fv2%2Fcomments&post=14957"}],"wp:featuredmedia":[{"embeddable":true,"href":"https:\/\/www.duunauspalvelutjarvi.fi\/index.php?rest_route=\/wp\/v2\/media\/14958"}],"wp:attachment":[{"href":"https:\/\/www.duunauspalvelutjarvi.fi\/index.php?rest_route=%2Fwp%2Fv2%2Fmedia&parent=14957"}],"wp:term":[{"taxonomy":"product_brand","embeddable":true,"href":"https:\/\/www.duunauspalvelutjarvi.fi\/index.php?rest_route=%2Fwp%2Fv2%2Fproduct_brand&post=14957"},{"taxonomy":"product_cat","embeddable":true,"href":"https:\/\/www.duunauspalvelutjarvi.fi\/index.php?rest_route=%2Fwp%2Fv2%2Fproduct_cat&post=14957"},{"taxonomy":"product_tag","embeddable":true,"href":"https:\/\/www.duunauspalvelutjarvi.fi\/index.php?rest_route=%2Fwp%2Fv2%2Fproduct_tag&post=14957"}],"curies":[{"name":"wp","href":"https:\/\/api.w.org\/{rel}","templated":true}]}}