{"id":14959,"date":"2024-06-27T23:12:25","date_gmt":"2024-06-27T20:12:25","guid":{"rendered":"https:\/\/www.duunauspalvelutjarvi.fi\/?post_type=product&#038;p=14959"},"modified":"2024-06-28T00:50:56","modified_gmt":"2024-06-27T21:50:56","slug":"aurinkoenergiapaketti-cool-ilman-jaakaappia","status":"publish","type":"product","link":"https:\/\/www.duunauspalvelutjarvi.fi\/?product=aurinkoenergiapaketti-cool-ilman-jaakaappia","title":{"rendered":"Aurinkoenergiapaketti Cool (ilman j\u00e4\u00e4kaappia)"},"content":{"rendered":"<p>Aurinkoenergiapaketti COOL ilman j\u00e4\u00e4kaappia. J\u00e4rjestelm\u00e4 on mitoitettu p\u00e4\u00e4asiassa viikonloppuk\u00e4ytt\u00f6\u00e4 ajatellen, mutta kes\u00e4aikana riitt\u00e4v\u00e4n aurinkoisella s\u00e4\u00e4ll\u00e4 j\u00e4\u00e4kaappi voi olla p\u00e4\u00e4ll\u00e4 pidempi\u00e4kin aikoja. J\u00e4\u00e4kaapin k\u00e4yt\u00f6n lis\u00e4ksi voit t\u00e4ll\u00e4 aurinkoenergiaj\u00e4rjestelm\u00e4ll\u00e4 ladata puhelimiasi, valaista m\u00f6kkisi sek\u00e4 k\u00e4ytt\u00e4\u00e4 pienikulutuksista nykyaikaista LED-TV:t\u00e4.<\/p>\n<p><strong>Aurinkoenergiapaketti\u00a0Cool sis\u00e4lt\u00e4\u00e4:<\/strong><\/p>\n<p>1 kpl Aurinkopaneeli 410 W mono black Half Cut<br \/>\n2 kpl 260 Ah Sunwind AGM huoltovapaa akku<br \/>\n1 kpl V\u00e4likaapelit (2&#215;50 mm2) akkujen rinnankytkemiseen (sis\u00e4lt\u00e4\u00e4 liittimet)<br \/>\n1 kpl Sunwind PeakPower\u00a0MPPT 30A latauss\u00e4\u00e4din<br \/>\n1 kpl Akkukaapeli (2 m, sis. sulakepidin + sulake)<br \/>\n2 x 15 m Solarkaapelia<br \/>\n1 pari MC4 liittimet<br \/>\n1 kpl\u00a0Sunwind 12 V asennuspaketti (<strong><a href=\"https:\/\/www.duunauspalvelutjarvi.fi\/?product=sunwind-12-v-asennuspaketti\">112848R<\/a><\/strong>)<\/p>\n<p><strong>HUOM!\u00a0<\/strong>Paketti ei sis\u00e4ll\u00e4 kiinnitystarvikkeita aurinkopaneelille. Hanki asianmukaiset kiinnikkeet lis\u00e4ksi. Jos olet ep\u00e4varma ole yhteydess\u00e4 asiakaspalveluumme ville@duunauspalvelutjarvi.fi<\/p>\n<p>Huomioi, ett\u00e4 aurinkopaneelit tulisi asentaa etel\u00e4n suuntaisesti ja mahdollisimman varjottomalle paikalle.<\/p>\n","protected":false},"excerpt":{"rendered":"<p>Aurinkoenergiapaketti COOL ilman j\u00e4\u00e4kaappia. J\u00e4rjestelm\u00e4 on mitoitettu p\u00e4\u00e4asiassa viikonloppuk\u00e4ytt\u00f6\u00e4 ajatellen, mutta kes\u00e4aikana riitt\u00e4v\u00e4n aurinkoisella s\u00e4\u00e4ll\u00e4 j\u00e4\u00e4kaappi voi olla p\u00e4\u00e4ll\u00e4 pidempi\u00e4kin aikoja. J\u00e4\u00e4kaapin k\u00e4yt\u00f6n lis\u00e4ksi voit t\u00e4ll\u00e4 aurinkoenergiaj\u00e4rjestelm\u00e4ll\u00e4 ladata puhelimiasi, valaista m\u00f6kkisi sek\u00e4 k\u00e4ytt\u00e4\u00e4 pienikulutuksista nykyaikaista LED-TV:t\u00e4. Aurinkoenergiapaketti\u00a0Cool sis\u00e4lt\u00e4\u00e4: 1 kpl Aurinkopaneeli 410 W mono black Half Cut 2 kpl 260 Ah Sunwind AGM huoltovapaa akku [&hellip;]<\/p>\n","protected":false},"featured_media":14960,"comment_status":"open","ping_status":"closed","template":"","meta":[],"product_brand":[],"product_cat":[80],"product_tag":[],"class_list":{"0":"post-14959","1":"product","2":"type-product","3":"status-publish","4":"has-post-thumbnail","6":"product_cat-aurinkosahkosetit","8":"first","9":"instock","10":"taxable","11":"shipping-taxable","12":"purchasable","13":"product-type-simple"},"yoast_head":"<!-- This site is optimized with the Yoast SEO plugin v27.5 - https:\/\/yoast.com\/product\/yoast-seo-wordpress\/ -->\n<title>Aurinkoenergiapaketti Cool (ilman j\u00e4\u00e4kaappia) -<\/title>\n<meta name=\"robots\" content=\"index, follow, max-snippet:-1, max-image-preview:large, max-video-preview:-1\" \/>\n<link rel=\"canonical\" href=\"https:\/\/www.duunauspalvelutjarvi.fi\/?product=aurinkoenergiapaketti-cool-ilman-jaakaappia\" \/>\n<meta property=\"og:locale\" content=\"fi_FI\" \/>\n<meta property=\"og:type\" content=\"article\" \/>\n<meta property=\"og:title\" content=\"Aurinkoenergiapaketti Cool (ilman j\u00e4\u00e4kaappia) -\" \/>\n<meta property=\"og:description\" content=\"Aurinkoenergiapaketti COOL ilman j\u00e4\u00e4kaappia. J\u00e4rjestelm\u00e4 on mitoitettu p\u00e4\u00e4asiassa viikonloppuk\u00e4ytt\u00f6\u00e4 ajatellen, mutta kes\u00e4aikana riitt\u00e4v\u00e4n aurinkoisella s\u00e4\u00e4ll\u00e4 j\u00e4\u00e4kaappi voi olla p\u00e4\u00e4ll\u00e4 pidempi\u00e4kin aikoja. J\u00e4\u00e4kaapin k\u00e4yt\u00f6n lis\u00e4ksi voit t\u00e4ll\u00e4 aurinkoenergiaj\u00e4rjestelm\u00e4ll\u00e4 ladata puhelimiasi, valaista m\u00f6kkisi sek\u00e4 k\u00e4ytt\u00e4\u00e4 pienikulutuksista nykyaikaista LED-TV:t\u00e4. Aurinkoenergiapaketti\u00a0Cool sis\u00e4lt\u00e4\u00e4: 1 kpl Aurinkopaneeli 410 W mono black Half Cut 2 kpl 260 Ah Sunwind AGM huoltovapaa akku [&hellip;]\" \/>\n<meta property=\"og:url\" content=\"https:\/\/www.duunauspalvelutjarvi.fi\/?product=aurinkoenergiapaketti-cool-ilman-jaakaappia\" \/>\n<meta property=\"article:modified_time\" content=\"2024-06-27T21:50:56+00:00\" \/>\n<meta property=\"og:image\" content=\"https:\/\/www.duunauspalvelutjarvi.fi\/wp-content\/uploads\/2024\/06\/112818R.jpg\" \/>\n\t<meta property=\"og:image:width\" content=\"692\" \/>\n\t<meta property=\"og:image:height\" content=\"600\" \/>\n\t<meta property=\"og:image:type\" content=\"image\/jpeg\" \/>\n<meta name=\"twitter:card\" content=\"summary_large_image\" \/>\n<meta name=\"twitter:label1\" content=\"Arvioitu lukuaika\" \/>\n\t<meta name=\"twitter:data1\" content=\"1 minuutti\" \/>\n<script type=\"application\/ld+json\" class=\"yoast-schema-graph\">{\"@context\":\"https:\\\/\\\/schema.org\",\"@graph\":[{\"@type\":\"WebPage\",\"@id\":\"https:\\\/\\\/www.duunauspalvelutjarvi.fi\\\/?product=aurinkoenergiapaketti-cool-ilman-jaakaappia\",\"url\":\"https:\\\/\\\/www.duunauspalvelutjarvi.fi\\\/?product=aurinkoenergiapaketti-cool-ilman-jaakaappia\",\"name\":\"Aurinkoenergiapaketti Cool (ilman j\u00e4\u00e4kaappia) -\",\"isPartOf\":{\"@id\":\"https:\\\/\\\/www.duunauspalvelutjarvi.fi\\\/#website\"},\"primaryImageOfPage\":{\"@id\":\"https:\\\/\\\/www.duunauspalvelutjarvi.fi\\\/?product=aurinkoenergiapaketti-cool-ilman-jaakaappia#primaryimage\"},\"image\":{\"@id\":\"https:\\\/\\\/www.duunauspalvelutjarvi.fi\\\/?product=aurinkoenergiapaketti-cool-ilman-jaakaappia#primaryimage\"},\"thumbnailUrl\":\"https:\\\/\\\/www.duunauspalvelutjarvi.fi\\\/wp-content\\\/uploads\\\/2024\\\/06\\\/112818R.jpg\",\"datePublished\":\"2024-06-27T20:12:25+00:00\",\"dateModified\":\"2024-06-27T21:50:56+00:00\",\"breadcrumb\":{\"@id\":\"https:\\\/\\\/www.duunauspalvelutjarvi.fi\\\/?product=aurinkoenergiapaketti-cool-ilman-jaakaappia#breadcrumb\"},\"inLanguage\":\"fi\",\"potentialAction\":[{\"@type\":\"ReadAction\",\"target\":[\"https:\\\/\\\/www.duunauspalvelutjarvi.fi\\\/?product=aurinkoenergiapaketti-cool-ilman-jaakaappia\"]}]},{\"@type\":\"ImageObject\",\"inLanguage\":\"fi\",\"@id\":\"https:\\\/\\\/www.duunauspalvelutjarvi.fi\\\/?product=aurinkoenergiapaketti-cool-ilman-jaakaappia#primaryimage\",\"url\":\"https:\\\/\\\/www.duunauspalvelutjarvi.fi\\\/wp-content\\\/uploads\\\/2024\\\/06\\\/112818R.jpg\",\"contentUrl\":\"https:\\\/\\\/www.duunauspalvelutjarvi.fi\\\/wp-content\\\/uploads\\\/2024\\\/06\\\/112818R.jpg\",\"width\":692,\"height\":600},{\"@type\":\"BreadcrumbList\",\"@id\":\"https:\\\/\\\/www.duunauspalvelutjarvi.fi\\\/?product=aurinkoenergiapaketti-cool-ilman-jaakaappia#breadcrumb\",\"itemListElement\":[{\"@type\":\"ListItem\",\"position\":1,\"name\":\"Etusivu\",\"item\":\"https:\\\/\\\/www.duunauspalvelutjarvi.fi\\\/\"},{\"@type\":\"ListItem\",\"position\":2,\"name\":\"Etusivu\",\"item\":\"https:\\\/\\\/www.duunauspalvelutjarvi.fi\\\/\"},{\"@type\":\"ListItem\",\"position\":3,\"name\":\"Aurinkoenergiapaketti Cool (ilman j\u00e4\u00e4kaappia)\"}]},{\"@type\":\"WebSite\",\"@id\":\"https:\\\/\\\/www.duunauspalvelutjarvi.fi\\\/#website\",\"url\":\"https:\\\/\\\/www.duunauspalvelutjarvi.fi\\\/\",\"name\":\"\",\"description\":\"\",\"potentialAction\":[{\"@type\":\"SearchAction\",\"target\":{\"@type\":\"EntryPoint\",\"urlTemplate\":\"https:\\\/\\\/www.duunauspalvelutjarvi.fi\\\/?s={search_term_string}\"},\"query-input\":{\"@type\":\"PropertyValueSpecification\",\"valueRequired\":true,\"valueName\":\"search_term_string\"}}],\"inLanguage\":\"fi\"}]}<\/script>\n<!-- \/ Yoast SEO plugin. -->","yoast_head_json":{"title":"Aurinkoenergiapaketti Cool (ilman j\u00e4\u00e4kaappia) -","robots":{"index":"index","follow":"follow","max-snippet":"max-snippet:-1","max-image-preview":"max-image-preview:large","max-video-preview":"max-video-preview:-1"},"canonical":"https:\/\/www.duunauspalvelutjarvi.fi\/?product=aurinkoenergiapaketti-cool-ilman-jaakaappia","og_locale":"fi_FI","og_type":"article","og_title":"Aurinkoenergiapaketti Cool (ilman j\u00e4\u00e4kaappia) -","og_description":"Aurinkoenergiapaketti COOL ilman j\u00e4\u00e4kaappia. J\u00e4rjestelm\u00e4 on mitoitettu p\u00e4\u00e4asiassa viikonloppuk\u00e4ytt\u00f6\u00e4 ajatellen, mutta kes\u00e4aikana riitt\u00e4v\u00e4n aurinkoisella s\u00e4\u00e4ll\u00e4 j\u00e4\u00e4kaappi voi olla p\u00e4\u00e4ll\u00e4 pidempi\u00e4kin aikoja. J\u00e4\u00e4kaapin k\u00e4yt\u00f6n lis\u00e4ksi voit t\u00e4ll\u00e4 aurinkoenergiaj\u00e4rjestelm\u00e4ll\u00e4 ladata puhelimiasi, valaista m\u00f6kkisi sek\u00e4 k\u00e4ytt\u00e4\u00e4 pienikulutuksista nykyaikaista LED-TV:t\u00e4. Aurinkoenergiapaketti\u00a0Cool sis\u00e4lt\u00e4\u00e4: 1 kpl Aurinkopaneeli 410 W mono black Half Cut 2 kpl 260 Ah Sunwind AGM huoltovapaa akku [&hellip;]","og_url":"https:\/\/www.duunauspalvelutjarvi.fi\/?product=aurinkoenergiapaketti-cool-ilman-jaakaappia","article_modified_time":"2024-06-27T21:50:56+00:00","og_image":[{"width":692,"height":600,"url":"https:\/\/www.duunauspalvelutjarvi.fi\/wp-content\/uploads\/2024\/06\/112818R.jpg","type":"image\/jpeg"}],"twitter_card":"summary_large_image","twitter_misc":{"Arvioitu lukuaika":"1 minuutti"},"schema":{"@context":"https:\/\/schema.org","@graph":[{"@type":"WebPage","@id":"https:\/\/www.duunauspalvelutjarvi.fi\/?product=aurinkoenergiapaketti-cool-ilman-jaakaappia","url":"https:\/\/www.duunauspalvelutjarvi.fi\/?product=aurinkoenergiapaketti-cool-ilman-jaakaappia","name":"Aurinkoenergiapaketti Cool (ilman j\u00e4\u00e4kaappia) -","isPartOf":{"@id":"https:\/\/www.duunauspalvelutjarvi.fi\/#website"},"primaryImageOfPage":{"@id":"https:\/\/www.duunauspalvelutjarvi.fi\/?product=aurinkoenergiapaketti-cool-ilman-jaakaappia#primaryimage"},"image":{"@id":"https:\/\/www.duunauspalvelutjarvi.fi\/?product=aurinkoenergiapaketti-cool-ilman-jaakaappia#primaryimage"},"thumbnailUrl":"https:\/\/www.duunauspalvelutjarvi.fi\/wp-content\/uploads\/2024\/06\/112818R.jpg","datePublished":"2024-06-27T20:12:25+00:00","dateModified":"2024-06-27T21:50:56+00:00","breadcrumb":{"@id":"https:\/\/www.duunauspalvelutjarvi.fi\/?product=aurinkoenergiapaketti-cool-ilman-jaakaappia#breadcrumb"},"inLanguage":"fi","potentialAction":[{"@type":"ReadAction","target":["https:\/\/www.duunauspalvelutjarvi.fi\/?product=aurinkoenergiapaketti-cool-ilman-jaakaappia"]}]},{"@type":"ImageObject","inLanguage":"fi","@id":"https:\/\/www.duunauspalvelutjarvi.fi\/?product=aurinkoenergiapaketti-cool-ilman-jaakaappia#primaryimage","url":"https:\/\/www.duunauspalvelutjarvi.fi\/wp-content\/uploads\/2024\/06\/112818R.jpg","contentUrl":"https:\/\/www.duunauspalvelutjarvi.fi\/wp-content\/uploads\/2024\/06\/112818R.jpg","width":692,"height":600},{"@type":"BreadcrumbList","@id":"https:\/\/www.duunauspalvelutjarvi.fi\/?product=aurinkoenergiapaketti-cool-ilman-jaakaappia#breadcrumb","itemListElement":[{"@type":"ListItem","position":1,"name":"Etusivu","item":"https:\/\/www.duunauspalvelutjarvi.fi\/"},{"@type":"ListItem","position":2,"name":"Etusivu","item":"https:\/\/www.duunauspalvelutjarvi.fi\/"},{"@type":"ListItem","position":3,"name":"Aurinkoenergiapaketti Cool (ilman j\u00e4\u00e4kaappia)"}]},{"@type":"WebSite","@id":"https:\/\/www.duunauspalvelutjarvi.fi\/#website","url":"https:\/\/www.duunauspalvelutjarvi.fi\/","name":"","description":"","potentialAction":[{"@type":"SearchAction","target":{"@type":"EntryPoint","urlTemplate":"https:\/\/www.duunauspalvelutjarvi.fi\/?s={search_term_string}"},"query-input":{"@type":"PropertyValueSpecification","valueRequired":true,"valueName":"search_term_string"}}],"inLanguage":"fi"}]}},"jetpack_sharing_enabled":true,"_links":{"self":[{"href":"https:\/\/www.duunauspalvelutjarvi.fi\/index.php?rest_route=\/wp\/v2\/product\/14959","targetHints":{"allow":["GET"]}}],"collection":[{"href":"https:\/\/www.duunauspalvelutjarvi.fi\/index.php?rest_route=\/wp\/v2\/product"}],"about":[{"href":"https:\/\/www.duunauspalvelutjarvi.fi\/index.php?rest_route=\/wp\/v2\/types\/product"}],"replies":[{"embeddable":true,"href":"https:\/\/www.duunauspalvelutjarvi.fi\/index.php?rest_route=%2Fwp%2Fv2%2Fcomments&post=14959"}],"wp:featuredmedia":[{"embeddable":true,"href":"https:\/\/www.duunauspalvelutjarvi.fi\/index.php?rest_route=\/wp\/v2\/media\/14960"}],"wp:attachment":[{"href":"https:\/\/www.duunauspalvelutjarvi.fi\/index.php?rest_route=%2Fwp%2Fv2%2Fmedia&parent=14959"}],"wp:term":[{"taxonomy":"product_brand","embeddable":true,"href":"https:\/\/www.duunauspalvelutjarvi.fi\/index.php?rest_route=%2Fwp%2Fv2%2Fproduct_brand&post=14959"},{"taxonomy":"product_cat","embeddable":true,"href":"https:\/\/www.duunauspalvelutjarvi.fi\/index.php?rest_route=%2Fwp%2Fv2%2Fproduct_cat&post=14959"},{"taxonomy":"product_tag","embeddable":true,"href":"https:\/\/www.duunauspalvelutjarvi.fi\/index.php?rest_route=%2Fwp%2Fv2%2Fproduct_tag&post=14959"}],"curies":[{"name":"wp","href":"https:\/\/api.w.org\/{rel}","templated":true}]}}