{"id":14961,"date":"2024-06-27T23:15:28","date_gmt":"2024-06-27T20:15:28","guid":{"rendered":"https:\/\/www.duunauspalvelutjarvi.fi\/?post_type=product&#038;p=14961"},"modified":"2024-06-28T00:50:56","modified_gmt":"2024-06-27T21:50:56","slug":"aurinkoenergiapaketti-litium-100ah","status":"publish","type":"product","link":"https:\/\/www.duunauspalvelutjarvi.fi\/?product=aurinkoenergiapaketti-litium-100ah","title":{"rendered":"Aurinkoenergiapaketti Litium 100Ah"},"content":{"rendered":"<p>Aurinkoenergiapaketti 410 W aurinkopaneelilla ja 100 Ah litiumakulla. P\u00e4\u00e4asiassa sinulle, joka k\u00e4yt\u00e4t m\u00f6kki\u00e4 kes\u00e4ll\u00e4. Litiumakuilla on eritt\u00e4in pitk\u00e4 k\u00e4ytt\u00f6ik\u00e4, ja niiden etuna on my\u00f6s paljon nopeampi lataaminen kuin tavallisilla lyijyakkuilla. Litiumparistoista voi purkaa 90%:ia, kun tavallisista lyijyakkuista vain noin 50%:ia. T\u00e4m\u00e4 tarkoittaa, ett\u00e4 sinulla voi olla pienempi akkupankki, kuin jos k\u00e4yt\u00e4t AGM-paristoja. Litiumakkujen pieni paino tekee niist\u00e4 suituisia eritoten m\u00f6keiss\u00e4, jotka ovat kaukana l\u00e4himm\u00e4st\u00e4 tiest\u00e4.<\/p>\n<p>100 Ah litiumpaketti on mitoitettu sopimaan useimpiin m\u00f6kkeihin, joita k\u00e4ytet\u00e4\u00e4n p\u00e4\u00e4asiassa kes\u00e4ll\u00e4. Valaistus, puhelimen ja tietokoneen lataaminen, 12 V: n vesipumpun k\u00e4ytt\u00f6, TV ovat esimerkkej\u00e4 sopivista k\u00e4ytt\u00f6kohteista.<\/p>\n<p>410 watin tehokkaan aurinkopaneelin ja 100 Ah litiumpariston ansiosta on my\u00f6s tilaa suuremmalle kulutukselle, kuten 12 V: n j\u00e4\u00e4kaappi tai vastaava. Kun perhe tulee k\u00e4ym\u00e4\u00e4n, sinun ei pit\u00e4isi olla huolissasi siit\u00e4, riitt\u00e4\u00e4k\u00f6 teho v\u00e4liaikaisesti lis\u00e4\u00e4ntyneen energiantarpeen vuoksi.<\/p>\n<p>Voit edullisesti t\u00e4ydent\u00e4\u00e4 j\u00e4rjestelm\u00e4\u00e4 invertterill\u00e4, jonka avulla voit k\u00e4ytt\u00e4\u00e4 230 V: n laitteita, kuten p\u00f6lynimureita, mikroaaltoja, kodinelektroniikkaa ja paljon muuta.<\/p>\n<p>Sunwindin litiumpaketti sis\u00e4lt\u00e4\u00e4 kaiken* mit\u00e4 tarvitset aurinkoenergian k\u00e4ytt\u00f6\u00f6nottoon ja saat k\u00e4ytt\u00f6\u00f6si kaikki litiumakun edut m\u00f6kill\u00e4si. Paketti sis\u00e4lt\u00e4\u00e4 akun, aurinkopaneelin, s\u00e4\u00e4timen, kaapeloinnin, sulakkeet ja riitt\u00e4v\u00e4n m\u00e4\u00e4r\u00e4n 12 V asennustarvikkeita.<\/p>\n<p><strong>Paketin sis\u00e4lt\u00f6:<\/strong><br \/>\n1 kpl Aurinkopaneeli 410 W mono black Half Cut<br \/>\n1 kpl Sunwind PeakPower 30A MPPT latauss\u00e4\u00e4din<br \/>\n1 kpl LiFePo4 -akku Sunwind 100Ah High Power<br \/>\n30 M Solar-kaapeli (riitt\u00e4\u00e4 15m kaapelivetoon)<br \/>\n1 kpl Akkukaapeli (2 m, sis. sulakepidin + sulake)<br \/>\n1 pari mc4 liitin<br \/>\n1 kpl Sunwind 12V asennuspaketti (<a href=\"https:\/\/www.duunauspalvelutjarvi.fi\/?product=sunwind-12-v-asennuspaketti\"><strong>112848R<\/strong><\/a>)<\/p>\n<p><strong>* HUOM!\u00a0<\/strong>Paketti ei sis\u00e4ll\u00e4 kiinnitystarvikkeita aurinkopaneelille. Hanki asianmukaiset kiinnikkeet lis\u00e4ksi. Jos olet ep\u00e4varma ole yhteydess\u00e4 asiakaspalveluumme ville@duunauspalvelutjarvi.fi<\/p>\n","protected":false},"excerpt":{"rendered":"<p>Aurinkoenergiapaketti 410 W aurinkopaneelilla ja 100 Ah litiumakulla. P\u00e4\u00e4asiassa sinulle, joka k\u00e4yt\u00e4t m\u00f6kki\u00e4 kes\u00e4ll\u00e4. Litiumakuilla on eritt\u00e4in pitk\u00e4 k\u00e4ytt\u00f6ik\u00e4, ja niiden etuna on my\u00f6s paljon nopeampi lataaminen kuin tavallisilla lyijyakkuilla. Litiumparistoista voi purkaa 90%:ia, kun tavallisista lyijyakkuista vain noin 50%:ia. T\u00e4m\u00e4 tarkoittaa, ett\u00e4 sinulla voi olla pienempi akkupankki, kuin jos k\u00e4yt\u00e4t AGM-paristoja. Litiumakkujen pieni paino [&hellip;]<\/p>\n","protected":false},"featured_media":14962,"comment_status":"open","ping_status":"closed","template":"","meta":[],"product_brand":[],"product_cat":[80],"product_tag":[],"class_list":{"0":"post-14961","1":"product","2":"type-product","3":"status-publish","4":"has-post-thumbnail","6":"product_cat-aurinkosahkosetit","8":"first","9":"instock","10":"taxable","11":"shipping-taxable","12":"purchasable","13":"product-type-simple"},"yoast_head":"<!-- This site is optimized with the Yoast SEO plugin v27.5 - https:\/\/yoast.com\/product\/yoast-seo-wordpress\/ -->\n<title>Aurinkoenergiapaketti Litium 100Ah -<\/title>\n<meta name=\"robots\" content=\"index, follow, max-snippet:-1, max-image-preview:large, max-video-preview:-1\" \/>\n<link rel=\"canonical\" href=\"https:\/\/www.duunauspalvelutjarvi.fi\/?product=aurinkoenergiapaketti-litium-100ah\" \/>\n<meta property=\"og:locale\" content=\"fi_FI\" \/>\n<meta property=\"og:type\" content=\"article\" \/>\n<meta property=\"og:title\" content=\"Aurinkoenergiapaketti Litium 100Ah -\" \/>\n<meta property=\"og:description\" content=\"Aurinkoenergiapaketti 410 W aurinkopaneelilla ja 100 Ah litiumakulla. P\u00e4\u00e4asiassa sinulle, joka k\u00e4yt\u00e4t m\u00f6kki\u00e4 kes\u00e4ll\u00e4. Litiumakuilla on eritt\u00e4in pitk\u00e4 k\u00e4ytt\u00f6ik\u00e4, ja niiden etuna on my\u00f6s paljon nopeampi lataaminen kuin tavallisilla lyijyakkuilla. Litiumparistoista voi purkaa 90%:ia, kun tavallisista lyijyakkuista vain noin 50%:ia. T\u00e4m\u00e4 tarkoittaa, ett\u00e4 sinulla voi olla pienempi akkupankki, kuin jos k\u00e4yt\u00e4t AGM-paristoja. Litiumakkujen pieni paino [&hellip;]\" \/>\n<meta property=\"og:url\" content=\"https:\/\/www.duunauspalvelutjarvi.fi\/?product=aurinkoenergiapaketti-litium-100ah\" \/>\n<meta property=\"article:modified_time\" content=\"2024-06-27T21:50:56+00:00\" \/>\n<meta property=\"og:image\" content=\"https:\/\/www.duunauspalvelutjarvi.fi\/wp-content\/uploads\/2024\/06\/119010R.jpg\" \/>\n\t<meta property=\"og:image:width\" content=\"1417\" \/>\n\t<meta property=\"og:image:height\" content=\"1299\" \/>\n\t<meta property=\"og:image:type\" content=\"image\/jpeg\" \/>\n<meta name=\"twitter:card\" content=\"summary_large_image\" \/>\n<meta name=\"twitter:label1\" content=\"Arvioitu lukuaika\" \/>\n\t<meta name=\"twitter:data1\" content=\"2 minuuttia\" \/>\n<script type=\"application\/ld+json\" class=\"yoast-schema-graph\">{\"@context\":\"https:\\\/\\\/schema.org\",\"@graph\":[{\"@type\":\"WebPage\",\"@id\":\"https:\\\/\\\/www.duunauspalvelutjarvi.fi\\\/?product=aurinkoenergiapaketti-litium-100ah\",\"url\":\"https:\\\/\\\/www.duunauspalvelutjarvi.fi\\\/?product=aurinkoenergiapaketti-litium-100ah\",\"name\":\"Aurinkoenergiapaketti Litium 100Ah -\",\"isPartOf\":{\"@id\":\"https:\\\/\\\/www.duunauspalvelutjarvi.fi\\\/#website\"},\"primaryImageOfPage\":{\"@id\":\"https:\\\/\\\/www.duunauspalvelutjarvi.fi\\\/?product=aurinkoenergiapaketti-litium-100ah#primaryimage\"},\"image\":{\"@id\":\"https:\\\/\\\/www.duunauspalvelutjarvi.fi\\\/?product=aurinkoenergiapaketti-litium-100ah#primaryimage\"},\"thumbnailUrl\":\"https:\\\/\\\/www.duunauspalvelutjarvi.fi\\\/wp-content\\\/uploads\\\/2024\\\/06\\\/119010R.jpg\",\"datePublished\":\"2024-06-27T20:15:28+00:00\",\"dateModified\":\"2024-06-27T21:50:56+00:00\",\"breadcrumb\":{\"@id\":\"https:\\\/\\\/www.duunauspalvelutjarvi.fi\\\/?product=aurinkoenergiapaketti-litium-100ah#breadcrumb\"},\"inLanguage\":\"fi\",\"potentialAction\":[{\"@type\":\"ReadAction\",\"target\":[\"https:\\\/\\\/www.duunauspalvelutjarvi.fi\\\/?product=aurinkoenergiapaketti-litium-100ah\"]}]},{\"@type\":\"ImageObject\",\"inLanguage\":\"fi\",\"@id\":\"https:\\\/\\\/www.duunauspalvelutjarvi.fi\\\/?product=aurinkoenergiapaketti-litium-100ah#primaryimage\",\"url\":\"https:\\\/\\\/www.duunauspalvelutjarvi.fi\\\/wp-content\\\/uploads\\\/2024\\\/06\\\/119010R.jpg\",\"contentUrl\":\"https:\\\/\\\/www.duunauspalvelutjarvi.fi\\\/wp-content\\\/uploads\\\/2024\\\/06\\\/119010R.jpg\",\"width\":1417,\"height\":1299},{\"@type\":\"BreadcrumbList\",\"@id\":\"https:\\\/\\\/www.duunauspalvelutjarvi.fi\\\/?product=aurinkoenergiapaketti-litium-100ah#breadcrumb\",\"itemListElement\":[{\"@type\":\"ListItem\",\"position\":1,\"name\":\"Etusivu\",\"item\":\"https:\\\/\\\/www.duunauspalvelutjarvi.fi\\\/\"},{\"@type\":\"ListItem\",\"position\":2,\"name\":\"Etusivu\",\"item\":\"https:\\\/\\\/www.duunauspalvelutjarvi.fi\\\/\"},{\"@type\":\"ListItem\",\"position\":3,\"name\":\"Aurinkoenergiapaketti Litium 100Ah\"}]},{\"@type\":\"WebSite\",\"@id\":\"https:\\\/\\\/www.duunauspalvelutjarvi.fi\\\/#website\",\"url\":\"https:\\\/\\\/www.duunauspalvelutjarvi.fi\\\/\",\"name\":\"\",\"description\":\"\",\"potentialAction\":[{\"@type\":\"SearchAction\",\"target\":{\"@type\":\"EntryPoint\",\"urlTemplate\":\"https:\\\/\\\/www.duunauspalvelutjarvi.fi\\\/?s={search_term_string}\"},\"query-input\":{\"@type\":\"PropertyValueSpecification\",\"valueRequired\":true,\"valueName\":\"search_term_string\"}}],\"inLanguage\":\"fi\"}]}<\/script>\n<!-- \/ Yoast SEO plugin. -->","yoast_head_json":{"title":"Aurinkoenergiapaketti Litium 100Ah -","robots":{"index":"index","follow":"follow","max-snippet":"max-snippet:-1","max-image-preview":"max-image-preview:large","max-video-preview":"max-video-preview:-1"},"canonical":"https:\/\/www.duunauspalvelutjarvi.fi\/?product=aurinkoenergiapaketti-litium-100ah","og_locale":"fi_FI","og_type":"article","og_title":"Aurinkoenergiapaketti Litium 100Ah -","og_description":"Aurinkoenergiapaketti 410 W aurinkopaneelilla ja 100 Ah litiumakulla. P\u00e4\u00e4asiassa sinulle, joka k\u00e4yt\u00e4t m\u00f6kki\u00e4 kes\u00e4ll\u00e4. Litiumakuilla on eritt\u00e4in pitk\u00e4 k\u00e4ytt\u00f6ik\u00e4, ja niiden etuna on my\u00f6s paljon nopeampi lataaminen kuin tavallisilla lyijyakkuilla. Litiumparistoista voi purkaa 90%:ia, kun tavallisista lyijyakkuista vain noin 50%:ia. T\u00e4m\u00e4 tarkoittaa, ett\u00e4 sinulla voi olla pienempi akkupankki, kuin jos k\u00e4yt\u00e4t AGM-paristoja. Litiumakkujen pieni paino [&hellip;]","og_url":"https:\/\/www.duunauspalvelutjarvi.fi\/?product=aurinkoenergiapaketti-litium-100ah","article_modified_time":"2024-06-27T21:50:56+00:00","og_image":[{"width":1417,"height":1299,"url":"https:\/\/www.duunauspalvelutjarvi.fi\/wp-content\/uploads\/2024\/06\/119010R.jpg","type":"image\/jpeg"}],"twitter_card":"summary_large_image","twitter_misc":{"Arvioitu lukuaika":"2 minuuttia"},"schema":{"@context":"https:\/\/schema.org","@graph":[{"@type":"WebPage","@id":"https:\/\/www.duunauspalvelutjarvi.fi\/?product=aurinkoenergiapaketti-litium-100ah","url":"https:\/\/www.duunauspalvelutjarvi.fi\/?product=aurinkoenergiapaketti-litium-100ah","name":"Aurinkoenergiapaketti Litium 100Ah -","isPartOf":{"@id":"https:\/\/www.duunauspalvelutjarvi.fi\/#website"},"primaryImageOfPage":{"@id":"https:\/\/www.duunauspalvelutjarvi.fi\/?product=aurinkoenergiapaketti-litium-100ah#primaryimage"},"image":{"@id":"https:\/\/www.duunauspalvelutjarvi.fi\/?product=aurinkoenergiapaketti-litium-100ah#primaryimage"},"thumbnailUrl":"https:\/\/www.duunauspalvelutjarvi.fi\/wp-content\/uploads\/2024\/06\/119010R.jpg","datePublished":"2024-06-27T20:15:28+00:00","dateModified":"2024-06-27T21:50:56+00:00","breadcrumb":{"@id":"https:\/\/www.duunauspalvelutjarvi.fi\/?product=aurinkoenergiapaketti-litium-100ah#breadcrumb"},"inLanguage":"fi","potentialAction":[{"@type":"ReadAction","target":["https:\/\/www.duunauspalvelutjarvi.fi\/?product=aurinkoenergiapaketti-litium-100ah"]}]},{"@type":"ImageObject","inLanguage":"fi","@id":"https:\/\/www.duunauspalvelutjarvi.fi\/?product=aurinkoenergiapaketti-litium-100ah#primaryimage","url":"https:\/\/www.duunauspalvelutjarvi.fi\/wp-content\/uploads\/2024\/06\/119010R.jpg","contentUrl":"https:\/\/www.duunauspalvelutjarvi.fi\/wp-content\/uploads\/2024\/06\/119010R.jpg","width":1417,"height":1299},{"@type":"BreadcrumbList","@id":"https:\/\/www.duunauspalvelutjarvi.fi\/?product=aurinkoenergiapaketti-litium-100ah#breadcrumb","itemListElement":[{"@type":"ListItem","position":1,"name":"Etusivu","item":"https:\/\/www.duunauspalvelutjarvi.fi\/"},{"@type":"ListItem","position":2,"name":"Etusivu","item":"https:\/\/www.duunauspalvelutjarvi.fi\/"},{"@type":"ListItem","position":3,"name":"Aurinkoenergiapaketti Litium 100Ah"}]},{"@type":"WebSite","@id":"https:\/\/www.duunauspalvelutjarvi.fi\/#website","url":"https:\/\/www.duunauspalvelutjarvi.fi\/","name":"","description":"","potentialAction":[{"@type":"SearchAction","target":{"@type":"EntryPoint","urlTemplate":"https:\/\/www.duunauspalvelutjarvi.fi\/?s={search_term_string}"},"query-input":{"@type":"PropertyValueSpecification","valueRequired":true,"valueName":"search_term_string"}}],"inLanguage":"fi"}]}},"jetpack_sharing_enabled":true,"_links":{"self":[{"href":"https:\/\/www.duunauspalvelutjarvi.fi\/index.php?rest_route=\/wp\/v2\/product\/14961","targetHints":{"allow":["GET"]}}],"collection":[{"href":"https:\/\/www.duunauspalvelutjarvi.fi\/index.php?rest_route=\/wp\/v2\/product"}],"about":[{"href":"https:\/\/www.duunauspalvelutjarvi.fi\/index.php?rest_route=\/wp\/v2\/types\/product"}],"replies":[{"embeddable":true,"href":"https:\/\/www.duunauspalvelutjarvi.fi\/index.php?rest_route=%2Fwp%2Fv2%2Fcomments&post=14961"}],"wp:featuredmedia":[{"embeddable":true,"href":"https:\/\/www.duunauspalvelutjarvi.fi\/index.php?rest_route=\/wp\/v2\/media\/14962"}],"wp:attachment":[{"href":"https:\/\/www.duunauspalvelutjarvi.fi\/index.php?rest_route=%2Fwp%2Fv2%2Fmedia&parent=14961"}],"wp:term":[{"taxonomy":"product_brand","embeddable":true,"href":"https:\/\/www.duunauspalvelutjarvi.fi\/index.php?rest_route=%2Fwp%2Fv2%2Fproduct_brand&post=14961"},{"taxonomy":"product_cat","embeddable":true,"href":"https:\/\/www.duunauspalvelutjarvi.fi\/index.php?rest_route=%2Fwp%2Fv2%2Fproduct_cat&post=14961"},{"taxonomy":"product_tag","embeddable":true,"href":"https:\/\/www.duunauspalvelutjarvi.fi\/index.php?rest_route=%2Fwp%2Fv2%2Fproduct_tag&post=14961"}],"curies":[{"name":"wp","href":"https:\/\/api.w.org\/{rel}","templated":true}]}}