{"id":14966,"date":"2024-06-27T23:27:32","date_gmt":"2024-06-27T20:27:32","guid":{"rendered":"https:\/\/www.duunauspalvelutjarvi.fi\/?post_type=product&#038;p=14966"},"modified":"2024-06-28T00:50:56","modified_gmt":"2024-06-27T21:50:56","slug":"aurinkoenergiapaketti-hut-230v","status":"publish","type":"product","link":"https:\/\/www.duunauspalvelutjarvi.fi\/?product=aurinkoenergiapaketti-hut-230v","title":{"rendered":"Aurinkoenergiapaketti Hut 230V"},"content":{"rendered":"<p>T\u00e4m\u00e4 paketti sopii hyvin pieneen m\u00f6kkiin, jossa kulutus on maltillista, mutta k\u00e4ytt\u00f6j\u00e4nnitteeksi halutaan 230 V. Soveltuu hyvin j\u00e4\u00e4kaapin, television, valaistuksen ja kulutuslaitteiden latailuun.<\/p>\n<p>2kpl Aurinkopaneeli 410 W mono black Half Cut<br \/>\n2kpl Sunwind AGM akku 260Ah<br \/>\n1kpl Victron SmartSolar MPPT 100\/20 12\/24\/48V<br \/>\n1kpl Victron Multiplus 24\/800\/16 VE.Bus<br \/>\n30m Solar-kaapeli 4mm2 musta<br \/>\n1kpl MC4 -liitinpari (push in)<br \/>\n1kpl Akkukaapeli (2m, sis. sulakepidin + sulake)<br \/>\n1kpl V\u00e4likaapeli 50mm2 0,5m<br \/>\n1kpl Maxi sulakepidin + sulakkeet 30A<\/p>\n<p><strong>HUOM!\u00a0<\/strong>Paketti ei sis\u00e4ll\u00e4 kiinnitystarvikkeita aurinkopaneelille. Hanki asianmukaiset kiinnikkeet lis\u00e4ksi. Jos olet ep\u00e4varma ole yhteydess\u00e4 asiakaspalveluumme ville@duunauspalvelutjarvi.fi<\/p>\n<p>T\u00e4m\u00e4 aurinkoenergiapaketti sis\u00e4lt\u00e4\u00e4 kaiken, mit\u00e4 tarvitset saadaksesi 230V s\u00e4hk\u00f6t m\u00f6killesi.<\/p>\n<p>J\u00e4rjestelm\u00e4\u00e4n voit helposti liit\u00e4\u00e4 aggregaatin toimintavarmuuden parantamiseksi. Aggregaatti liitett\u00e4viss\u00e4 suoraan MultiPlus invertterilaturiin. Et tarvitse erillisi\u00e4 latureita.<\/p>\n<p><strong>HUOM!<\/strong>\u00a0230V s\u00e4hk\u00f6verkon voi rakentaa vain tarvittavat s\u00e4hk\u00f6luvat omaava ammattilainen<\/p>\n","protected":false},"excerpt":{"rendered":"<p>T\u00e4m\u00e4 paketti sopii hyvin pieneen m\u00f6kkiin, jossa kulutus on maltillista, mutta k\u00e4ytt\u00f6j\u00e4nnitteeksi halutaan 230 V. Soveltuu hyvin j\u00e4\u00e4kaapin, television, valaistuksen ja kulutuslaitteiden latailuun. 2kpl Aurinkopaneeli 410 W mono black Half Cut 2kpl Sunwind AGM akku 260Ah 1kpl Victron SmartSolar MPPT 100\/20 12\/24\/48V 1kpl Victron Multiplus 24\/800\/16 VE.Bus 30m Solar-kaapeli 4mm2 musta 1kpl MC4 -liitinpari (push [&hellip;]<\/p>\n","protected":false},"featured_media":14967,"comment_status":"open","ping_status":"closed","template":"","meta":[],"product_brand":[],"product_cat":[80],"product_tag":[],"class_list":{"0":"post-14966","1":"product","2":"type-product","3":"status-publish","4":"has-post-thumbnail","6":"product_cat-aurinkosahkosetit","8":"first","9":"instock","10":"taxable","11":"shipping-taxable","12":"purchasable","13":"product-type-simple"},"yoast_head":"<!-- This site is optimized with the Yoast SEO plugin v27.4 - https:\/\/yoast.com\/product\/yoast-seo-wordpress\/ -->\n<title>Aurinkoenergiapaketti Hut 230V -<\/title>\n<meta name=\"robots\" content=\"index, follow, max-snippet:-1, max-image-preview:large, max-video-preview:-1\" \/>\n<link rel=\"canonical\" href=\"https:\/\/www.duunauspalvelutjarvi.fi\/?product=aurinkoenergiapaketti-hut-230v\" \/>\n<meta property=\"og:locale\" content=\"fi_FI\" \/>\n<meta property=\"og:type\" content=\"article\" \/>\n<meta property=\"og:title\" content=\"Aurinkoenergiapaketti Hut 230V -\" \/>\n<meta property=\"og:description\" content=\"T\u00e4m\u00e4 paketti sopii hyvin pieneen m\u00f6kkiin, jossa kulutus on maltillista, mutta k\u00e4ytt\u00f6j\u00e4nnitteeksi halutaan 230 V. Soveltuu hyvin j\u00e4\u00e4kaapin, television, valaistuksen ja kulutuslaitteiden latailuun. 2kpl Aurinkopaneeli 410 W mono black Half Cut 2kpl Sunwind AGM akku 260Ah 1kpl Victron SmartSolar MPPT 100\/20 12\/24\/48V 1kpl Victron Multiplus 24\/800\/16 VE.Bus 30m Solar-kaapeli 4mm2 musta 1kpl MC4 -liitinpari (push [&hellip;]\" \/>\n<meta property=\"og:url\" content=\"https:\/\/www.duunauspalvelutjarvi.fi\/?product=aurinkoenergiapaketti-hut-230v\" \/>\n<meta property=\"article:modified_time\" content=\"2024-06-27T21:50:56+00:00\" \/>\n<meta property=\"og:image\" content=\"https:\/\/www.duunauspalvelutjarvi.fi\/wp-content\/uploads\/2024\/06\/119050R.jpg\" \/>\n\t<meta property=\"og:image:width\" content=\"1417\" \/>\n\t<meta property=\"og:image:height\" content=\"1299\" \/>\n\t<meta property=\"og:image:type\" content=\"image\/jpeg\" \/>\n<meta name=\"twitter:card\" content=\"summary_large_image\" \/>\n<meta name=\"twitter:label1\" content=\"Arvioitu lukuaika\" \/>\n\t<meta name=\"twitter:data1\" content=\"1 minuutti\" \/>\n<script type=\"application\/ld+json\" class=\"yoast-schema-graph\">{\"@context\":\"https:\\\/\\\/schema.org\",\"@graph\":[{\"@type\":\"WebPage\",\"@id\":\"https:\\\/\\\/www.duunauspalvelutjarvi.fi\\\/?product=aurinkoenergiapaketti-hut-230v\",\"url\":\"https:\\\/\\\/www.duunauspalvelutjarvi.fi\\\/?product=aurinkoenergiapaketti-hut-230v\",\"name\":\"Aurinkoenergiapaketti Hut 230V -\",\"isPartOf\":{\"@id\":\"https:\\\/\\\/www.duunauspalvelutjarvi.fi\\\/#website\"},\"primaryImageOfPage\":{\"@id\":\"https:\\\/\\\/www.duunauspalvelutjarvi.fi\\\/?product=aurinkoenergiapaketti-hut-230v#primaryimage\"},\"image\":{\"@id\":\"https:\\\/\\\/www.duunauspalvelutjarvi.fi\\\/?product=aurinkoenergiapaketti-hut-230v#primaryimage\"},\"thumbnailUrl\":\"https:\\\/\\\/www.duunauspalvelutjarvi.fi\\\/wp-content\\\/uploads\\\/2024\\\/06\\\/119050R.jpg\",\"datePublished\":\"2024-06-27T20:27:32+00:00\",\"dateModified\":\"2024-06-27T21:50:56+00:00\",\"breadcrumb\":{\"@id\":\"https:\\\/\\\/www.duunauspalvelutjarvi.fi\\\/?product=aurinkoenergiapaketti-hut-230v#breadcrumb\"},\"inLanguage\":\"fi\",\"potentialAction\":[{\"@type\":\"ReadAction\",\"target\":[\"https:\\\/\\\/www.duunauspalvelutjarvi.fi\\\/?product=aurinkoenergiapaketti-hut-230v\"]}]},{\"@type\":\"ImageObject\",\"inLanguage\":\"fi\",\"@id\":\"https:\\\/\\\/www.duunauspalvelutjarvi.fi\\\/?product=aurinkoenergiapaketti-hut-230v#primaryimage\",\"url\":\"https:\\\/\\\/www.duunauspalvelutjarvi.fi\\\/wp-content\\\/uploads\\\/2024\\\/06\\\/119050R.jpg\",\"contentUrl\":\"https:\\\/\\\/www.duunauspalvelutjarvi.fi\\\/wp-content\\\/uploads\\\/2024\\\/06\\\/119050R.jpg\",\"width\":1417,\"height\":1299},{\"@type\":\"BreadcrumbList\",\"@id\":\"https:\\\/\\\/www.duunauspalvelutjarvi.fi\\\/?product=aurinkoenergiapaketti-hut-230v#breadcrumb\",\"itemListElement\":[{\"@type\":\"ListItem\",\"position\":1,\"name\":\"Etusivu\",\"item\":\"https:\\\/\\\/www.duunauspalvelutjarvi.fi\\\/\"},{\"@type\":\"ListItem\",\"position\":2,\"name\":\"Etusivu\",\"item\":\"https:\\\/\\\/www.duunauspalvelutjarvi.fi\\\/\"},{\"@type\":\"ListItem\",\"position\":3,\"name\":\"Aurinkoenergiapaketti Hut 230V\"}]},{\"@type\":\"WebSite\",\"@id\":\"https:\\\/\\\/www.duunauspalvelutjarvi.fi\\\/#website\",\"url\":\"https:\\\/\\\/www.duunauspalvelutjarvi.fi\\\/\",\"name\":\"\",\"description\":\"\",\"potentialAction\":[{\"@type\":\"SearchAction\",\"target\":{\"@type\":\"EntryPoint\",\"urlTemplate\":\"https:\\\/\\\/www.duunauspalvelutjarvi.fi\\\/?s={search_term_string}\"},\"query-input\":{\"@type\":\"PropertyValueSpecification\",\"valueRequired\":true,\"valueName\":\"search_term_string\"}}],\"inLanguage\":\"fi\"}]}<\/script>\n<!-- \/ Yoast SEO plugin. -->","yoast_head_json":{"title":"Aurinkoenergiapaketti Hut 230V -","robots":{"index":"index","follow":"follow","max-snippet":"max-snippet:-1","max-image-preview":"max-image-preview:large","max-video-preview":"max-video-preview:-1"},"canonical":"https:\/\/www.duunauspalvelutjarvi.fi\/?product=aurinkoenergiapaketti-hut-230v","og_locale":"fi_FI","og_type":"article","og_title":"Aurinkoenergiapaketti Hut 230V -","og_description":"T\u00e4m\u00e4 paketti sopii hyvin pieneen m\u00f6kkiin, jossa kulutus on maltillista, mutta k\u00e4ytt\u00f6j\u00e4nnitteeksi halutaan 230 V. Soveltuu hyvin j\u00e4\u00e4kaapin, television, valaistuksen ja kulutuslaitteiden latailuun. 2kpl Aurinkopaneeli 410 W mono black Half Cut 2kpl Sunwind AGM akku 260Ah 1kpl Victron SmartSolar MPPT 100\/20 12\/24\/48V 1kpl Victron Multiplus 24\/800\/16 VE.Bus 30m Solar-kaapeli 4mm2 musta 1kpl MC4 -liitinpari (push [&hellip;]","og_url":"https:\/\/www.duunauspalvelutjarvi.fi\/?product=aurinkoenergiapaketti-hut-230v","article_modified_time":"2024-06-27T21:50:56+00:00","og_image":[{"width":1417,"height":1299,"url":"https:\/\/www.duunauspalvelutjarvi.fi\/wp-content\/uploads\/2024\/06\/119050R.jpg","type":"image\/jpeg"}],"twitter_card":"summary_large_image","twitter_misc":{"Arvioitu lukuaika":"1 minuutti"},"schema":{"@context":"https:\/\/schema.org","@graph":[{"@type":"WebPage","@id":"https:\/\/www.duunauspalvelutjarvi.fi\/?product=aurinkoenergiapaketti-hut-230v","url":"https:\/\/www.duunauspalvelutjarvi.fi\/?product=aurinkoenergiapaketti-hut-230v","name":"Aurinkoenergiapaketti Hut 230V -","isPartOf":{"@id":"https:\/\/www.duunauspalvelutjarvi.fi\/#website"},"primaryImageOfPage":{"@id":"https:\/\/www.duunauspalvelutjarvi.fi\/?product=aurinkoenergiapaketti-hut-230v#primaryimage"},"image":{"@id":"https:\/\/www.duunauspalvelutjarvi.fi\/?product=aurinkoenergiapaketti-hut-230v#primaryimage"},"thumbnailUrl":"https:\/\/www.duunauspalvelutjarvi.fi\/wp-content\/uploads\/2024\/06\/119050R.jpg","datePublished":"2024-06-27T20:27:32+00:00","dateModified":"2024-06-27T21:50:56+00:00","breadcrumb":{"@id":"https:\/\/www.duunauspalvelutjarvi.fi\/?product=aurinkoenergiapaketti-hut-230v#breadcrumb"},"inLanguage":"fi","potentialAction":[{"@type":"ReadAction","target":["https:\/\/www.duunauspalvelutjarvi.fi\/?product=aurinkoenergiapaketti-hut-230v"]}]},{"@type":"ImageObject","inLanguage":"fi","@id":"https:\/\/www.duunauspalvelutjarvi.fi\/?product=aurinkoenergiapaketti-hut-230v#primaryimage","url":"https:\/\/www.duunauspalvelutjarvi.fi\/wp-content\/uploads\/2024\/06\/119050R.jpg","contentUrl":"https:\/\/www.duunauspalvelutjarvi.fi\/wp-content\/uploads\/2024\/06\/119050R.jpg","width":1417,"height":1299},{"@type":"BreadcrumbList","@id":"https:\/\/www.duunauspalvelutjarvi.fi\/?product=aurinkoenergiapaketti-hut-230v#breadcrumb","itemListElement":[{"@type":"ListItem","position":1,"name":"Etusivu","item":"https:\/\/www.duunauspalvelutjarvi.fi\/"},{"@type":"ListItem","position":2,"name":"Etusivu","item":"https:\/\/www.duunauspalvelutjarvi.fi\/"},{"@type":"ListItem","position":3,"name":"Aurinkoenergiapaketti Hut 230V"}]},{"@type":"WebSite","@id":"https:\/\/www.duunauspalvelutjarvi.fi\/#website","url":"https:\/\/www.duunauspalvelutjarvi.fi\/","name":"","description":"","potentialAction":[{"@type":"SearchAction","target":{"@type":"EntryPoint","urlTemplate":"https:\/\/www.duunauspalvelutjarvi.fi\/?s={search_term_string}"},"query-input":{"@type":"PropertyValueSpecification","valueRequired":true,"valueName":"search_term_string"}}],"inLanguage":"fi"}]}},"jetpack_sharing_enabled":true,"_links":{"self":[{"href":"https:\/\/www.duunauspalvelutjarvi.fi\/index.php?rest_route=\/wp\/v2\/product\/14966","targetHints":{"allow":["GET"]}}],"collection":[{"href":"https:\/\/www.duunauspalvelutjarvi.fi\/index.php?rest_route=\/wp\/v2\/product"}],"about":[{"href":"https:\/\/www.duunauspalvelutjarvi.fi\/index.php?rest_route=\/wp\/v2\/types\/product"}],"replies":[{"embeddable":true,"href":"https:\/\/www.duunauspalvelutjarvi.fi\/index.php?rest_route=%2Fwp%2Fv2%2Fcomments&post=14966"}],"wp:featuredmedia":[{"embeddable":true,"href":"https:\/\/www.duunauspalvelutjarvi.fi\/index.php?rest_route=\/wp\/v2\/media\/14967"}],"wp:attachment":[{"href":"https:\/\/www.duunauspalvelutjarvi.fi\/index.php?rest_route=%2Fwp%2Fv2%2Fmedia&parent=14966"}],"wp:term":[{"taxonomy":"product_brand","embeddable":true,"href":"https:\/\/www.duunauspalvelutjarvi.fi\/index.php?rest_route=%2Fwp%2Fv2%2Fproduct_brand&post=14966"},{"taxonomy":"product_cat","embeddable":true,"href":"https:\/\/www.duunauspalvelutjarvi.fi\/index.php?rest_route=%2Fwp%2Fv2%2Fproduct_cat&post=14966"},{"taxonomy":"product_tag","embeddable":true,"href":"https:\/\/www.duunauspalvelutjarvi.fi\/index.php?rest_route=%2Fwp%2Fv2%2Fproduct_tag&post=14966"}],"curies":[{"name":"wp","href":"https:\/\/api.w.org\/{rel}","templated":true}]}}