{"id":14968,"date":"2024-06-27T23:31:29","date_gmt":"2024-06-27T20:31:29","guid":{"rendered":"https:\/\/www.duunauspalvelutjarvi.fi\/?post_type=product&#038;p=14968"},"modified":"2024-06-28T00:50:56","modified_gmt":"2024-06-27T21:50:56","slug":"aurinkoenergiapaketti-holiday-12v-230v","status":"publish","type":"product","link":"https:\/\/www.duunauspalvelutjarvi.fi\/?product=aurinkoenergiapaketti-holiday-12v-230v","title":{"rendered":"Aurinkoenergiapaketti Holiday 12V \/ 230V"},"content":{"rendered":"<p>T\u00e4h\u00e4n pakettiin voit itse hankkia haluamasi 230V j\u00e4\u00e4kaapin. Suosittelemme j\u00e4\u00e4kaapiksi hyv\u00e4n energialuokan omaavaa mallia (energiakulutus max. n. 150 kWh\/vuosi). J\u00e4\u00e4kaappipaketti on mitoitettu toimivaksi kev\u00e4\u00e4st\u00e4 syksyyn. Mik\u00e4li haluat pit\u00e4\u00e4 j\u00e4\u00e4kaappia toiminnassa yht\u00e4jaksoisesti useita viikkoja, suosittelemme hankkimaan varavoimaksi aggregaatin ja laturin. N\u00e4in varmistat j\u00e4\u00e4kaapin toiminnan my\u00f6s pidempien sadejaksojen aikana. J\u00e4\u00e4kaappia k\u00e4ytet\u00e4\u00e4n paketin sis\u00e4lt\u00e4m\u00e4n invertterin avulla. Invertteri\u00e4 voit k\u00e4ytt\u00e4\u00e4 my\u00f6s esim. puhelimen ja kannettavan tietokoneen lataamiseen.<\/p>\n<p><strong>Aurinkoenergiapaketti Holiday\u00a0sis\u00e4lt\u00e4\u00e4:<\/strong><\/p>\n<p>2 kpl Aurinkopaneeli 410 W mono black Half Cut<br \/>\n1 kpl Victron Energy SmartSolar MPPT 100\/50 latauss\u00e4\u00e4din<br \/>\n3 kpl 260 Ah Sunwind AGM huoltovapaa akku<br \/>\n2 kpl V\u00e4likaapelit (2&#215;50 mm2) akkujen rinnankytkemiseen (sis\u00e4lt\u00e4\u00e4 liittimet)<br \/>\n1 kpl Sunwind siniaaltoinvertteri 1500 W<br \/>\n1 kpl Akkukaapeli (2 m, sis. sulakepidin + sulake)<br \/>\n15 m x 2 Solar-kaapeli<br \/>\n1 pari MC4 liitinpari<br \/>\n1 kpl Sunwind 12V asennuspaketti (<a href=\"https:\/\/www.duunauspalvelutjarvi.fi\/?product=sunwind-12-v-asennuspaketti\"><strong>112848R<\/strong><\/a>)<\/p>\n<p><strong>HUOM!\u00a0<\/strong>Paketti ei sis\u00e4ll\u00e4 kiinnitystarvikkeita aurinkopaneelille. Hanki asianmukaiset kiinnikkeet lis\u00e4ksi. Jos olet ep\u00e4varma ole yhteydess\u00e4 asiakaspalveluumme ville@duunauspalvelutjarvi.fi<\/p>\n<p>Huomioi, ett\u00e4 aurinkopaneelit tulisi asentaa etel\u00e4n suuntaisesti ja mahdollisimman varjottomalle paikalle.<\/p>\n","protected":false},"excerpt":{"rendered":"<p>T\u00e4h\u00e4n pakettiin voit itse hankkia haluamasi 230V j\u00e4\u00e4kaapin. Suosittelemme j\u00e4\u00e4kaapiksi hyv\u00e4n energialuokan omaavaa mallia (energiakulutus max. n. 150 kWh\/vuosi). J\u00e4\u00e4kaappipaketti on mitoitettu toimivaksi kev\u00e4\u00e4st\u00e4 syksyyn. Mik\u00e4li haluat pit\u00e4\u00e4 j\u00e4\u00e4kaappia toiminnassa yht\u00e4jaksoisesti useita viikkoja, suosittelemme hankkimaan varavoimaksi aggregaatin ja laturin. N\u00e4in varmistat j\u00e4\u00e4kaapin toiminnan my\u00f6s pidempien sadejaksojen aikana. J\u00e4\u00e4kaappia k\u00e4ytet\u00e4\u00e4n paketin sis\u00e4lt\u00e4m\u00e4n invertterin avulla. Invertteri\u00e4 voit [&hellip;]<\/p>\n","protected":false},"featured_media":14969,"comment_status":"open","ping_status":"closed","template":"","meta":[],"product_brand":[],"product_cat":[80],"product_tag":[],"class_list":{"0":"post-14968","1":"product","2":"type-product","3":"status-publish","4":"has-post-thumbnail","6":"product_cat-aurinkosahkosetit","8":"first","9":"instock","10":"taxable","11":"shipping-taxable","12":"purchasable","13":"product-type-simple"},"yoast_head":"<!-- This site is optimized with the Yoast SEO plugin v27.5 - https:\/\/yoast.com\/product\/yoast-seo-wordpress\/ -->\n<title>Aurinkoenergiapaketti Holiday 12V \/ 230V -<\/title>\n<meta name=\"robots\" content=\"index, follow, max-snippet:-1, max-image-preview:large, max-video-preview:-1\" \/>\n<link rel=\"canonical\" href=\"https:\/\/www.duunauspalvelutjarvi.fi\/?product=aurinkoenergiapaketti-holiday-12v-230v\" \/>\n<meta property=\"og:locale\" content=\"fi_FI\" \/>\n<meta property=\"og:type\" content=\"article\" \/>\n<meta property=\"og:title\" content=\"Aurinkoenergiapaketti Holiday 12V \/ 230V -\" \/>\n<meta property=\"og:description\" content=\"T\u00e4h\u00e4n pakettiin voit itse hankkia haluamasi 230V j\u00e4\u00e4kaapin. Suosittelemme j\u00e4\u00e4kaapiksi hyv\u00e4n energialuokan omaavaa mallia (energiakulutus max. n. 150 kWh\/vuosi). J\u00e4\u00e4kaappipaketti on mitoitettu toimivaksi kev\u00e4\u00e4st\u00e4 syksyyn. Mik\u00e4li haluat pit\u00e4\u00e4 j\u00e4\u00e4kaappia toiminnassa yht\u00e4jaksoisesti useita viikkoja, suosittelemme hankkimaan varavoimaksi aggregaatin ja laturin. N\u00e4in varmistat j\u00e4\u00e4kaapin toiminnan my\u00f6s pidempien sadejaksojen aikana. J\u00e4\u00e4kaappia k\u00e4ytet\u00e4\u00e4n paketin sis\u00e4lt\u00e4m\u00e4n invertterin avulla. Invertteri\u00e4 voit [&hellip;]\" \/>\n<meta property=\"og:url\" content=\"https:\/\/www.duunauspalvelutjarvi.fi\/?product=aurinkoenergiapaketti-holiday-12v-230v\" \/>\n<meta property=\"article:modified_time\" content=\"2024-06-27T21:50:56+00:00\" \/>\n<meta property=\"og:image\" content=\"https:\/\/www.duunauspalvelutjarvi.fi\/wp-content\/uploads\/2024\/06\/112828R.jpg\" \/>\n\t<meta property=\"og:image:width\" content=\"1417\" \/>\n\t<meta property=\"og:image:height\" content=\"1299\" \/>\n\t<meta property=\"og:image:type\" content=\"image\/jpeg\" \/>\n<meta name=\"twitter:card\" content=\"summary_large_image\" \/>\n<meta name=\"twitter:label1\" content=\"Arvioitu lukuaika\" \/>\n\t<meta name=\"twitter:data1\" content=\"2 minuuttia\" \/>\n<script type=\"application\/ld+json\" class=\"yoast-schema-graph\">{\"@context\":\"https:\\\/\\\/schema.org\",\"@graph\":[{\"@type\":\"WebPage\",\"@id\":\"https:\\\/\\\/www.duunauspalvelutjarvi.fi\\\/?product=aurinkoenergiapaketti-holiday-12v-230v\",\"url\":\"https:\\\/\\\/www.duunauspalvelutjarvi.fi\\\/?product=aurinkoenergiapaketti-holiday-12v-230v\",\"name\":\"Aurinkoenergiapaketti Holiday 12V \\\/ 230V -\",\"isPartOf\":{\"@id\":\"https:\\\/\\\/www.duunauspalvelutjarvi.fi\\\/#website\"},\"primaryImageOfPage\":{\"@id\":\"https:\\\/\\\/www.duunauspalvelutjarvi.fi\\\/?product=aurinkoenergiapaketti-holiday-12v-230v#primaryimage\"},\"image\":{\"@id\":\"https:\\\/\\\/www.duunauspalvelutjarvi.fi\\\/?product=aurinkoenergiapaketti-holiday-12v-230v#primaryimage\"},\"thumbnailUrl\":\"https:\\\/\\\/www.duunauspalvelutjarvi.fi\\\/wp-content\\\/uploads\\\/2024\\\/06\\\/112828R.jpg\",\"datePublished\":\"2024-06-27T20:31:29+00:00\",\"dateModified\":\"2024-06-27T21:50:56+00:00\",\"breadcrumb\":{\"@id\":\"https:\\\/\\\/www.duunauspalvelutjarvi.fi\\\/?product=aurinkoenergiapaketti-holiday-12v-230v#breadcrumb\"},\"inLanguage\":\"fi\",\"potentialAction\":[{\"@type\":\"ReadAction\",\"target\":[\"https:\\\/\\\/www.duunauspalvelutjarvi.fi\\\/?product=aurinkoenergiapaketti-holiday-12v-230v\"]}]},{\"@type\":\"ImageObject\",\"inLanguage\":\"fi\",\"@id\":\"https:\\\/\\\/www.duunauspalvelutjarvi.fi\\\/?product=aurinkoenergiapaketti-holiday-12v-230v#primaryimage\",\"url\":\"https:\\\/\\\/www.duunauspalvelutjarvi.fi\\\/wp-content\\\/uploads\\\/2024\\\/06\\\/112828R.jpg\",\"contentUrl\":\"https:\\\/\\\/www.duunauspalvelutjarvi.fi\\\/wp-content\\\/uploads\\\/2024\\\/06\\\/112828R.jpg\",\"width\":1417,\"height\":1299},{\"@type\":\"BreadcrumbList\",\"@id\":\"https:\\\/\\\/www.duunauspalvelutjarvi.fi\\\/?product=aurinkoenergiapaketti-holiday-12v-230v#breadcrumb\",\"itemListElement\":[{\"@type\":\"ListItem\",\"position\":1,\"name\":\"Etusivu\",\"item\":\"https:\\\/\\\/www.duunauspalvelutjarvi.fi\\\/\"},{\"@type\":\"ListItem\",\"position\":2,\"name\":\"Etusivu\",\"item\":\"https:\\\/\\\/www.duunauspalvelutjarvi.fi\\\/\"},{\"@type\":\"ListItem\",\"position\":3,\"name\":\"Aurinkoenergiapaketti Holiday 12V \\\/ 230V\"}]},{\"@type\":\"WebSite\",\"@id\":\"https:\\\/\\\/www.duunauspalvelutjarvi.fi\\\/#website\",\"url\":\"https:\\\/\\\/www.duunauspalvelutjarvi.fi\\\/\",\"name\":\"\",\"description\":\"\",\"potentialAction\":[{\"@type\":\"SearchAction\",\"target\":{\"@type\":\"EntryPoint\",\"urlTemplate\":\"https:\\\/\\\/www.duunauspalvelutjarvi.fi\\\/?s={search_term_string}\"},\"query-input\":{\"@type\":\"PropertyValueSpecification\",\"valueRequired\":true,\"valueName\":\"search_term_string\"}}],\"inLanguage\":\"fi\"}]}<\/script>\n<!-- \/ Yoast SEO plugin. -->","yoast_head_json":{"title":"Aurinkoenergiapaketti Holiday 12V \/ 230V -","robots":{"index":"index","follow":"follow","max-snippet":"max-snippet:-1","max-image-preview":"max-image-preview:large","max-video-preview":"max-video-preview:-1"},"canonical":"https:\/\/www.duunauspalvelutjarvi.fi\/?product=aurinkoenergiapaketti-holiday-12v-230v","og_locale":"fi_FI","og_type":"article","og_title":"Aurinkoenergiapaketti Holiday 12V \/ 230V -","og_description":"T\u00e4h\u00e4n pakettiin voit itse hankkia haluamasi 230V j\u00e4\u00e4kaapin. Suosittelemme j\u00e4\u00e4kaapiksi hyv\u00e4n energialuokan omaavaa mallia (energiakulutus max. n. 150 kWh\/vuosi). J\u00e4\u00e4kaappipaketti on mitoitettu toimivaksi kev\u00e4\u00e4st\u00e4 syksyyn. Mik\u00e4li haluat pit\u00e4\u00e4 j\u00e4\u00e4kaappia toiminnassa yht\u00e4jaksoisesti useita viikkoja, suosittelemme hankkimaan varavoimaksi aggregaatin ja laturin. N\u00e4in varmistat j\u00e4\u00e4kaapin toiminnan my\u00f6s pidempien sadejaksojen aikana. J\u00e4\u00e4kaappia k\u00e4ytet\u00e4\u00e4n paketin sis\u00e4lt\u00e4m\u00e4n invertterin avulla. Invertteri\u00e4 voit [&hellip;]","og_url":"https:\/\/www.duunauspalvelutjarvi.fi\/?product=aurinkoenergiapaketti-holiday-12v-230v","article_modified_time":"2024-06-27T21:50:56+00:00","og_image":[{"width":1417,"height":1299,"url":"https:\/\/www.duunauspalvelutjarvi.fi\/wp-content\/uploads\/2024\/06\/112828R.jpg","type":"image\/jpeg"}],"twitter_card":"summary_large_image","twitter_misc":{"Arvioitu lukuaika":"2 minuuttia"},"schema":{"@context":"https:\/\/schema.org","@graph":[{"@type":"WebPage","@id":"https:\/\/www.duunauspalvelutjarvi.fi\/?product=aurinkoenergiapaketti-holiday-12v-230v","url":"https:\/\/www.duunauspalvelutjarvi.fi\/?product=aurinkoenergiapaketti-holiday-12v-230v","name":"Aurinkoenergiapaketti Holiday 12V \/ 230V -","isPartOf":{"@id":"https:\/\/www.duunauspalvelutjarvi.fi\/#website"},"primaryImageOfPage":{"@id":"https:\/\/www.duunauspalvelutjarvi.fi\/?product=aurinkoenergiapaketti-holiday-12v-230v#primaryimage"},"image":{"@id":"https:\/\/www.duunauspalvelutjarvi.fi\/?product=aurinkoenergiapaketti-holiday-12v-230v#primaryimage"},"thumbnailUrl":"https:\/\/www.duunauspalvelutjarvi.fi\/wp-content\/uploads\/2024\/06\/112828R.jpg","datePublished":"2024-06-27T20:31:29+00:00","dateModified":"2024-06-27T21:50:56+00:00","breadcrumb":{"@id":"https:\/\/www.duunauspalvelutjarvi.fi\/?product=aurinkoenergiapaketti-holiday-12v-230v#breadcrumb"},"inLanguage":"fi","potentialAction":[{"@type":"ReadAction","target":["https:\/\/www.duunauspalvelutjarvi.fi\/?product=aurinkoenergiapaketti-holiday-12v-230v"]}]},{"@type":"ImageObject","inLanguage":"fi","@id":"https:\/\/www.duunauspalvelutjarvi.fi\/?product=aurinkoenergiapaketti-holiday-12v-230v#primaryimage","url":"https:\/\/www.duunauspalvelutjarvi.fi\/wp-content\/uploads\/2024\/06\/112828R.jpg","contentUrl":"https:\/\/www.duunauspalvelutjarvi.fi\/wp-content\/uploads\/2024\/06\/112828R.jpg","width":1417,"height":1299},{"@type":"BreadcrumbList","@id":"https:\/\/www.duunauspalvelutjarvi.fi\/?product=aurinkoenergiapaketti-holiday-12v-230v#breadcrumb","itemListElement":[{"@type":"ListItem","position":1,"name":"Etusivu","item":"https:\/\/www.duunauspalvelutjarvi.fi\/"},{"@type":"ListItem","position":2,"name":"Etusivu","item":"https:\/\/www.duunauspalvelutjarvi.fi\/"},{"@type":"ListItem","position":3,"name":"Aurinkoenergiapaketti Holiday 12V \/ 230V"}]},{"@type":"WebSite","@id":"https:\/\/www.duunauspalvelutjarvi.fi\/#website","url":"https:\/\/www.duunauspalvelutjarvi.fi\/","name":"","description":"","potentialAction":[{"@type":"SearchAction","target":{"@type":"EntryPoint","urlTemplate":"https:\/\/www.duunauspalvelutjarvi.fi\/?s={search_term_string}"},"query-input":{"@type":"PropertyValueSpecification","valueRequired":true,"valueName":"search_term_string"}}],"inLanguage":"fi"}]}},"jetpack_sharing_enabled":true,"_links":{"self":[{"href":"https:\/\/www.duunauspalvelutjarvi.fi\/index.php?rest_route=\/wp\/v2\/product\/14968","targetHints":{"allow":["GET"]}}],"collection":[{"href":"https:\/\/www.duunauspalvelutjarvi.fi\/index.php?rest_route=\/wp\/v2\/product"}],"about":[{"href":"https:\/\/www.duunauspalvelutjarvi.fi\/index.php?rest_route=\/wp\/v2\/types\/product"}],"replies":[{"embeddable":true,"href":"https:\/\/www.duunauspalvelutjarvi.fi\/index.php?rest_route=%2Fwp%2Fv2%2Fcomments&post=14968"}],"wp:featuredmedia":[{"embeddable":true,"href":"https:\/\/www.duunauspalvelutjarvi.fi\/index.php?rest_route=\/wp\/v2\/media\/14969"}],"wp:attachment":[{"href":"https:\/\/www.duunauspalvelutjarvi.fi\/index.php?rest_route=%2Fwp%2Fv2%2Fmedia&parent=14968"}],"wp:term":[{"taxonomy":"product_brand","embeddable":true,"href":"https:\/\/www.duunauspalvelutjarvi.fi\/index.php?rest_route=%2Fwp%2Fv2%2Fproduct_brand&post=14968"},{"taxonomy":"product_cat","embeddable":true,"href":"https:\/\/www.duunauspalvelutjarvi.fi\/index.php?rest_route=%2Fwp%2Fv2%2Fproduct_cat&post=14968"},{"taxonomy":"product_tag","embeddable":true,"href":"https:\/\/www.duunauspalvelutjarvi.fi\/index.php?rest_route=%2Fwp%2Fv2%2Fproduct_tag&post=14968"}],"curies":[{"name":"wp","href":"https:\/\/api.w.org\/{rel}","templated":true}]}}