{"id":14984,"date":"2024-06-27T23:54:37","date_gmt":"2024-06-27T20:54:37","guid":{"rendered":"https:\/\/www.duunauspalvelutjarvi.fi\/?post_type=product&#038;p=14984"},"modified":"2024-06-28T00:42:09","modified_gmt":"2024-06-27T21:42:09","slug":"jaakaappi-nova-12-24v-132l","status":"publish","type":"product","link":"https:\/\/www.duunauspalvelutjarvi.fi\/?product=jaakaappi-nova-12-24v-132l","title":{"rendered":"J\u00e4\u00e4kaappi Nova 12\/24V, 132l"},"content":{"rendered":"<h3>Nova 12V J\u00e4\u00e4kaappi \u2013 Tehokas ja energiaa s\u00e4\u00e4st\u00e4v\u00e4 valinta M\u00f6kille, Veneeseen ja Asuntovaunuun<\/h3>\n<h4>T\u00e4ydellinen J\u00e4\u00e4kaappi Ulkoiluun<\/h4>\n<p>Nova 12V kompressorij\u00e4\u00e4kaappi on suunniteltu erityisesti m\u00f6kkeihin, veneisiin ja asuntovaunuihin. T\u00e4m\u00e4 j\u00e4\u00e4kaappi tarjoaa korkean suorituskyvyn ja energiatehokkuuden, mik\u00e4 tekee siit\u00e4 erinomaisen valinnan kaikille, jotka arvostavat luotettavaa j\u00e4\u00e4hdytyst\u00e4 ja v\u00e4h\u00e4ist\u00e4 energiankulutusta.<\/p>\n<h4>Keskeiset Ominaisuudet<\/h4>\n<ul class=\"bulleted-list\">\n<li><strong>Tehokas Kompressorij\u00e4\u00e4hdytys<\/strong>: J\u00e4\u00e4kaappi toimii 12 voltin j\u00e4nnitteell\u00e4 ja j\u00e4\u00e4hdytt\u00e4\u00e4 nopeasti, mik\u00e4 takaa viile\u00e4t juomat ja tuoreet ruoat miss\u00e4 tahansa.<\/li>\n<li><strong>Energiatehokkuus<\/strong>: Nova-sarjan j\u00e4\u00e4kaapit kuluttavat huomattavasti v\u00e4hemm\u00e4n s\u00e4hk\u00f6\u00e4 kuin aiemmat 12 voltin mallit, keskim\u00e4\u00e4rin vain 457 Wt vuorokaudessa.<\/li>\n<li><strong>Monik\u00e4ytt\u00f6isyys<\/strong>: Toimii sek\u00e4 12 ett\u00e4 24 voltin j\u00e4nnitteell\u00e4, joten se soveltuu laajasti erilaisiin k\u00e4ytt\u00f6kohteisiin.<\/li>\n<li><strong>Ymp\u00e4rist\u00f6yst\u00e4v\u00e4llinen<\/strong>: K\u00e4ytt\u00e4\u00e4 puhdasta ja 100 % kierr\u00e4tett\u00e4v\u00e4\u00e4 aurinkoenergiaa, mik\u00e4 tekee siit\u00e4 ymp\u00e4rist\u00f6yst\u00e4v\u00e4llisen valinnan.<\/li>\n<li><strong>T\u00e4ysin \u00c4\u00e4net\u00f6n<\/strong>: K\u00e4ytt\u00f6 on hiljaista, joten se ei h\u00e4iritse m\u00f6kin tai veneen rauhallista tunnelmaa.<\/li>\n<li><strong>Ei P\u00e4\u00e4st\u00f6j\u00e4 tai Vuotoja<\/strong>: Luotettava ja turvallinen ratkaisu ilman p\u00e4\u00e4st\u00f6j\u00e4 tai vaarallisia vuotoja.<\/li>\n<li><strong>Tilava<\/strong>: 132 litran tilavuus, jossa on erillinen 31 litran pakastin, tarjoaa riitt\u00e4v\u00e4sti tilaa kaikille tarpeillesi.<\/li>\n<li><strong>Oven K\u00e4tisyyden Vaihto<\/strong>: Oven k\u00e4tisyys on vaihdettavissa, mik\u00e4 lis\u00e4\u00e4 joustavuutta asennukseen.<\/li>\n<\/ul>\n<h4>Energiatehokkuus ja Kulutus<\/h4>\n<ul class=\"bulleted-list\">\n<li><strong>Matalat K\u00e4ytt\u00f6kustannukset<\/strong>: Nova 12V j\u00e4\u00e4kaappi kuluttaa keskim\u00e4\u00e4rin vain 457 Wt vuorokaudessa, mik\u00e4 pit\u00e4\u00e4 k\u00e4ytt\u00f6kustannukset alhaisina.<\/li>\n<li><strong>Maksimivirta<\/strong>: 4,6 A, keskim\u00e4\u00e4rin 1,6 A (40A\/24h), mik\u00e4 varmistaa tehokkaan toiminnan v\u00e4h\u00e4isell\u00e4 virrankulutuksella.<\/li>\n<li><strong>Ymp\u00e4rist\u00f6n L\u00e4mp\u00f6tila<\/strong>: Kulutus voi vaihdella ymp\u00e4rist\u00f6n l\u00e4mp\u00f6tilan mukaan, ja korkeammissa l\u00e4mp\u00f6tiloissa kulutus saattaa kasvaa.<\/li>\n<\/ul>\n<h4>Asennusvinkit<\/h4>\n<ul class=\"bulleted-list\">\n<li><strong>Suora Kytkent\u00e4 Akulle<\/strong>: J\u00e4\u00e4kaappi tulee kytke\u00e4 suoraan 12 voltin akkuun parhaan suorituskyvyn varmistamiseksi.<\/li>\n<li><strong>Kaapelin Paksuus<\/strong>: Huomioi kaapelin paksuus j\u00e4\u00e4kaapin ja akun v\u00e4lisen et\u00e4isyyden perusteella. Yleiss\u00e4\u00e4nt\u00f6n\u00e4 yksi neli\u00f6metri kaapelin paksuutta jokaista 10 metri\u00e4 kohden.<\/li>\n<\/ul>\n<h4>Yhteenveto<\/h4>\n<p>Nova 12V j\u00e4\u00e4kaappi on t\u00e4ydellinen valinta niille, jotka tarvitsevat luotettavan ja energiatehokkaan j\u00e4\u00e4hdytysratkaisun ulkoilmaan, kuten m\u00f6kille, veneeseen tai asuntovaunuun. Sen korkea laatu, matala energiankulutus ja ymp\u00e4rist\u00f6yst\u00e4v\u00e4llisyys tekev\u00e4t siit\u00e4 erinomaisen investoinnin.<\/p>\n<p>Tilaa Nova 12V j\u00e4\u00e4kaappi jo t\u00e4n\u00e4\u00e4n ja nauti raikkaasta ja viile\u00e4st\u00e4 ruoasta miss\u00e4 tahansa!<\/p>\n<h2><strong><a href=\"https:\/\/www.duunauspalvelutjarvi.fi\/wp-content\/uploads\/2024\/06\/541535_bruksanvisning_all.pdf\">K\u00e4ytt\u00f6ohje\/Manual<\/a><\/strong><\/h2>\n","protected":false},"excerpt":{"rendered":"<p><strong>Suositellen vain noutoa t\u00e4lle toimitus on kallis kokonsa puolesta.<\/strong><\/p>\n","protected":false},"featured_media":14985,"comment_status":"open","ping_status":"closed","template":"","meta":[],"product_brand":[],"product_cat":[496],"product_tag":[],"class_list":{"0":"post-14984","1":"product","2":"type-product","3":"status-publish","4":"has-post-thumbnail","6":"product_cat-12-24v-jaakaapitliedetuunit","8":"first","9":"instock","10":"taxable","11":"shipping-taxable","12":"purchasable","13":"product-type-simple"},"yoast_head":"<!-- This site is optimized with the Yoast SEO plugin v27.6 - https:\/\/yoast.com\/product\/yoast-seo-wordpress\/ -->\n<title>J\u00e4\u00e4kaappi Nova 12\/24V, 132l -<\/title>\n<meta name=\"robots\" content=\"index, follow, max-snippet:-1, max-image-preview:large, max-video-preview:-1\" \/>\n<link rel=\"canonical\" href=\"https:\/\/www.duunauspalvelutjarvi.fi\/?product=jaakaappi-nova-12-24v-132l\" \/>\n<meta property=\"og:locale\" content=\"fi_FI\" \/>\n<meta property=\"og:type\" content=\"article\" \/>\n<meta property=\"og:title\" content=\"J\u00e4\u00e4kaappi Nova 12\/24V, 132l -\" \/>\n<meta property=\"og:description\" content=\"Suositellen vain noutoa t\u00e4lle toimitus on kallis kokonsa puolesta.\" \/>\n<meta property=\"og:url\" content=\"https:\/\/www.duunauspalvelutjarvi.fi\/?product=jaakaappi-nova-12-24v-132l\" \/>\n<meta property=\"article:modified_time\" content=\"2024-06-27T21:42:09+00:00\" \/>\n<meta property=\"og:image\" content=\"https:\/\/www.duunauspalvelutjarvi.fi\/wp-content\/uploads\/2024\/06\/541530-scaled.jpg\" \/>\n\t<meta property=\"og:image:width\" content=\"2560\" \/>\n\t<meta property=\"og:image:height\" content=\"2560\" \/>\n\t<meta property=\"og:image:type\" content=\"image\/jpeg\" \/>\n<meta name=\"twitter:card\" content=\"summary_large_image\" \/>\n<meta name=\"twitter:label1\" content=\"Arvioitu lukuaika\" \/>\n\t<meta name=\"twitter:data1\" content=\"2 minuuttia\" \/>\n<script type=\"application\/ld+json\" class=\"yoast-schema-graph\">{\"@context\":\"https:\\\/\\\/schema.org\",\"@graph\":[{\"@type\":\"WebPage\",\"@id\":\"https:\\\/\\\/www.duunauspalvelutjarvi.fi\\\/?product=jaakaappi-nova-12-24v-132l\",\"url\":\"https:\\\/\\\/www.duunauspalvelutjarvi.fi\\\/?product=jaakaappi-nova-12-24v-132l\",\"name\":\"J\u00e4\u00e4kaappi Nova 12\\\/24V, 132l -\",\"isPartOf\":{\"@id\":\"https:\\\/\\\/www.duunauspalvelutjarvi.fi\\\/#website\"},\"primaryImageOfPage\":{\"@id\":\"https:\\\/\\\/www.duunauspalvelutjarvi.fi\\\/?product=jaakaappi-nova-12-24v-132l#primaryimage\"},\"image\":{\"@id\":\"https:\\\/\\\/www.duunauspalvelutjarvi.fi\\\/?product=jaakaappi-nova-12-24v-132l#primaryimage\"},\"thumbnailUrl\":\"https:\\\/\\\/www.duunauspalvelutjarvi.fi\\\/wp-content\\\/uploads\\\/2024\\\/06\\\/541530-scaled.jpg\",\"datePublished\":\"2024-06-27T20:54:37+00:00\",\"dateModified\":\"2024-06-27T21:42:09+00:00\",\"breadcrumb\":{\"@id\":\"https:\\\/\\\/www.duunauspalvelutjarvi.fi\\\/?product=jaakaappi-nova-12-24v-132l#breadcrumb\"},\"inLanguage\":\"fi\",\"potentialAction\":[{\"@type\":\"ReadAction\",\"target\":[\"https:\\\/\\\/www.duunauspalvelutjarvi.fi\\\/?product=jaakaappi-nova-12-24v-132l\"]}]},{\"@type\":\"ImageObject\",\"inLanguage\":\"fi\",\"@id\":\"https:\\\/\\\/www.duunauspalvelutjarvi.fi\\\/?product=jaakaappi-nova-12-24v-132l#primaryimage\",\"url\":\"https:\\\/\\\/www.duunauspalvelutjarvi.fi\\\/wp-content\\\/uploads\\\/2024\\\/06\\\/541530-scaled.jpg\",\"contentUrl\":\"https:\\\/\\\/www.duunauspalvelutjarvi.fi\\\/wp-content\\\/uploads\\\/2024\\\/06\\\/541530-scaled.jpg\",\"width\":2560,\"height\":2560},{\"@type\":\"BreadcrumbList\",\"@id\":\"https:\\\/\\\/www.duunauspalvelutjarvi.fi\\\/?product=jaakaappi-nova-12-24v-132l#breadcrumb\",\"itemListElement\":[{\"@type\":\"ListItem\",\"position\":1,\"name\":\"Etusivu\",\"item\":\"https:\\\/\\\/www.duunauspalvelutjarvi.fi\\\/\"},{\"@type\":\"ListItem\",\"position\":2,\"name\":\"Etusivu\",\"item\":\"https:\\\/\\\/www.duunauspalvelutjarvi.fi\\\/\"},{\"@type\":\"ListItem\",\"position\":3,\"name\":\"J\u00e4\u00e4kaappi Nova 12\\\/24V, 132l\"}]},{\"@type\":\"WebSite\",\"@id\":\"https:\\\/\\\/www.duunauspalvelutjarvi.fi\\\/#website\",\"url\":\"https:\\\/\\\/www.duunauspalvelutjarvi.fi\\\/\",\"name\":\"\",\"description\":\"\",\"potentialAction\":[{\"@type\":\"SearchAction\",\"target\":{\"@type\":\"EntryPoint\",\"urlTemplate\":\"https:\\\/\\\/www.duunauspalvelutjarvi.fi\\\/?s={search_term_string}\"},\"query-input\":{\"@type\":\"PropertyValueSpecification\",\"valueRequired\":true,\"valueName\":\"search_term_string\"}}],\"inLanguage\":\"fi\"}]}<\/script>\n<!-- \/ Yoast SEO plugin. -->","yoast_head_json":{"title":"J\u00e4\u00e4kaappi Nova 12\/24V, 132l -","robots":{"index":"index","follow":"follow","max-snippet":"max-snippet:-1","max-image-preview":"max-image-preview:large","max-video-preview":"max-video-preview:-1"},"canonical":"https:\/\/www.duunauspalvelutjarvi.fi\/?product=jaakaappi-nova-12-24v-132l","og_locale":"fi_FI","og_type":"article","og_title":"J\u00e4\u00e4kaappi Nova 12\/24V, 132l -","og_description":"Suositellen vain noutoa t\u00e4lle toimitus on kallis kokonsa puolesta.","og_url":"https:\/\/www.duunauspalvelutjarvi.fi\/?product=jaakaappi-nova-12-24v-132l","article_modified_time":"2024-06-27T21:42:09+00:00","og_image":[{"width":2560,"height":2560,"url":"https:\/\/www.duunauspalvelutjarvi.fi\/wp-content\/uploads\/2024\/06\/541530-scaled.jpg","type":"image\/jpeg"}],"twitter_card":"summary_large_image","twitter_misc":{"Arvioitu lukuaika":"2 minuuttia"},"schema":{"@context":"https:\/\/schema.org","@graph":[{"@type":"WebPage","@id":"https:\/\/www.duunauspalvelutjarvi.fi\/?product=jaakaappi-nova-12-24v-132l","url":"https:\/\/www.duunauspalvelutjarvi.fi\/?product=jaakaappi-nova-12-24v-132l","name":"J\u00e4\u00e4kaappi Nova 12\/24V, 132l -","isPartOf":{"@id":"https:\/\/www.duunauspalvelutjarvi.fi\/#website"},"primaryImageOfPage":{"@id":"https:\/\/www.duunauspalvelutjarvi.fi\/?product=jaakaappi-nova-12-24v-132l#primaryimage"},"image":{"@id":"https:\/\/www.duunauspalvelutjarvi.fi\/?product=jaakaappi-nova-12-24v-132l#primaryimage"},"thumbnailUrl":"https:\/\/www.duunauspalvelutjarvi.fi\/wp-content\/uploads\/2024\/06\/541530-scaled.jpg","datePublished":"2024-06-27T20:54:37+00:00","dateModified":"2024-06-27T21:42:09+00:00","breadcrumb":{"@id":"https:\/\/www.duunauspalvelutjarvi.fi\/?product=jaakaappi-nova-12-24v-132l#breadcrumb"},"inLanguage":"fi","potentialAction":[{"@type":"ReadAction","target":["https:\/\/www.duunauspalvelutjarvi.fi\/?product=jaakaappi-nova-12-24v-132l"]}]},{"@type":"ImageObject","inLanguage":"fi","@id":"https:\/\/www.duunauspalvelutjarvi.fi\/?product=jaakaappi-nova-12-24v-132l#primaryimage","url":"https:\/\/www.duunauspalvelutjarvi.fi\/wp-content\/uploads\/2024\/06\/541530-scaled.jpg","contentUrl":"https:\/\/www.duunauspalvelutjarvi.fi\/wp-content\/uploads\/2024\/06\/541530-scaled.jpg","width":2560,"height":2560},{"@type":"BreadcrumbList","@id":"https:\/\/www.duunauspalvelutjarvi.fi\/?product=jaakaappi-nova-12-24v-132l#breadcrumb","itemListElement":[{"@type":"ListItem","position":1,"name":"Etusivu","item":"https:\/\/www.duunauspalvelutjarvi.fi\/"},{"@type":"ListItem","position":2,"name":"Etusivu","item":"https:\/\/www.duunauspalvelutjarvi.fi\/"},{"@type":"ListItem","position":3,"name":"J\u00e4\u00e4kaappi Nova 12\/24V, 132l"}]},{"@type":"WebSite","@id":"https:\/\/www.duunauspalvelutjarvi.fi\/#website","url":"https:\/\/www.duunauspalvelutjarvi.fi\/","name":"","description":"","potentialAction":[{"@type":"SearchAction","target":{"@type":"EntryPoint","urlTemplate":"https:\/\/www.duunauspalvelutjarvi.fi\/?s={search_term_string}"},"query-input":{"@type":"PropertyValueSpecification","valueRequired":true,"valueName":"search_term_string"}}],"inLanguage":"fi"}]}},"jetpack_sharing_enabled":true,"_links":{"self":[{"href":"https:\/\/www.duunauspalvelutjarvi.fi\/index.php?rest_route=\/wp\/v2\/product\/14984","targetHints":{"allow":["GET"]}}],"collection":[{"href":"https:\/\/www.duunauspalvelutjarvi.fi\/index.php?rest_route=\/wp\/v2\/product"}],"about":[{"href":"https:\/\/www.duunauspalvelutjarvi.fi\/index.php?rest_route=\/wp\/v2\/types\/product"}],"replies":[{"embeddable":true,"href":"https:\/\/www.duunauspalvelutjarvi.fi\/index.php?rest_route=%2Fwp%2Fv2%2Fcomments&post=14984"}],"wp:featuredmedia":[{"embeddable":true,"href":"https:\/\/www.duunauspalvelutjarvi.fi\/index.php?rest_route=\/wp\/v2\/media\/14985"}],"wp:attachment":[{"href":"https:\/\/www.duunauspalvelutjarvi.fi\/index.php?rest_route=%2Fwp%2Fv2%2Fmedia&parent=14984"}],"wp:term":[{"taxonomy":"product_brand","embeddable":true,"href":"https:\/\/www.duunauspalvelutjarvi.fi\/index.php?rest_route=%2Fwp%2Fv2%2Fproduct_brand&post=14984"},{"taxonomy":"product_cat","embeddable":true,"href":"https:\/\/www.duunauspalvelutjarvi.fi\/index.php?rest_route=%2Fwp%2Fv2%2Fproduct_cat&post=14984"},{"taxonomy":"product_tag","embeddable":true,"href":"https:\/\/www.duunauspalvelutjarvi.fi\/index.php?rest_route=%2Fwp%2Fv2%2Fproduct_tag&post=14984"}],"curies":[{"name":"wp","href":"https:\/\/api.w.org\/{rel}","templated":true}]}}