{"id":15001,"date":"2024-06-28T00:13:45","date_gmt":"2024-06-27T21:13:45","guid":{"rendered":"https:\/\/www.duunauspalvelutjarvi.fi\/?post_type=product&#038;p=15001"},"modified":"2024-06-28T00:25:57","modified_gmt":"2024-06-27T21:25:57","slug":"liesituuletin-cuisine-12v-60-cm","status":"publish","type":"product","link":"https:\/\/www.duunauspalvelutjarvi.fi\/?product=liesituuletin-cuisine-12v-60-cm","title":{"rendered":"Liesituuletin Cuisine 12V 60 cm"},"content":{"rendered":"<p>Cuisine liesituuletin soveltuu erinomaisessti paikkaan jossa 12 voltin j\u00e4nnite on saatavilla, kuten m\u00f6kille, veneeseen tai matkailuautoon.<\/p>\n<ul class=\"bulleted-list\">\n<li>3 eri tuuletusnopeutta<\/li>\n<li>5 -kerroksinen alumiinisuodatin<\/li>\n<li>Sis\u00e4\u00e4nrakennettu 3 W LED-valo<\/li>\n<li>Alhainen s\u00e4hk\u00f6nkulutus<\/li>\n<\/ul>\n<p>Modernisti suunniteltu liesituuletin kahdella tuulettimella, 2 x 16 W. Tyylik\u00e4s LCD-n\u00e4ytt\u00f6 hipaisukytkimill\u00e4. Yhteensopiva 60cm leve\u00e4n lieden kanssa.<\/p>\n","protected":false},"excerpt":{"rendered":"<p>Cuisine liesituuletin soveltuu erinomaisessti paikkaan jossa 12 voltin j\u00e4nnite on saatavilla, kuten m\u00f6kille, veneeseen tai matkailuautoon. 3 eri tuuletusnopeutta 5 -kerroksinen alumiinisuodatin Sis\u00e4\u00e4nrakennettu 3 W LED-valo Alhainen s\u00e4hk\u00f6nkulutus Modernisti suunniteltu liesituuletin kahdella tuulettimella, 2 x 16 W. Tyylik\u00e4s LCD-n\u00e4ytt\u00f6 hipaisukytkimill\u00e4. Yhteensopiva 60cm leve\u00e4n lieden kanssa.<\/p>\n","protected":false},"featured_media":15002,"comment_status":"open","ping_status":"closed","template":"","meta":[],"product_brand":[],"product_cat":[496],"product_tag":[],"class_list":{"0":"post-15001","1":"product","2":"type-product","3":"status-publish","4":"has-post-thumbnail","6":"product_cat-12-24v-jaakaapitliedetuunit","8":"first","9":"instock","10":"taxable","11":"shipping-taxable","12":"purchasable","13":"product-type-simple"},"yoast_head":"<!-- This site is optimized with the Yoast SEO plugin v27.5 - https:\/\/yoast.com\/product\/yoast-seo-wordpress\/ -->\n<title>Liesituuletin Cuisine 12V 60 cm -<\/title>\n<meta name=\"robots\" content=\"index, follow, max-snippet:-1, max-image-preview:large, max-video-preview:-1\" \/>\n<link rel=\"canonical\" href=\"https:\/\/www.duunauspalvelutjarvi.fi\/?product=liesituuletin-cuisine-12v-60-cm\" \/>\n<meta property=\"og:locale\" content=\"fi_FI\" \/>\n<meta property=\"og:type\" content=\"article\" \/>\n<meta property=\"og:title\" content=\"Liesituuletin Cuisine 12V 60 cm -\" \/>\n<meta property=\"og:description\" content=\"Cuisine liesituuletin soveltuu erinomaisessti paikkaan jossa 12 voltin j\u00e4nnite on saatavilla, kuten m\u00f6kille, veneeseen tai matkailuautoon. 3 eri tuuletusnopeutta 5 -kerroksinen alumiinisuodatin Sis\u00e4\u00e4nrakennettu 3 W LED-valo Alhainen s\u00e4hk\u00f6nkulutus Modernisti suunniteltu liesituuletin kahdella tuulettimella, 2 x 16 W. Tyylik\u00e4s LCD-n\u00e4ytt\u00f6 hipaisukytkimill\u00e4. Yhteensopiva 60cm leve\u00e4n lieden kanssa.\" \/>\n<meta property=\"og:url\" content=\"https:\/\/www.duunauspalvelutjarvi.fi\/?product=liesituuletin-cuisine-12v-60-cm\" \/>\n<meta property=\"article:modified_time\" content=\"2024-06-27T21:25:57+00:00\" \/>\n<meta property=\"og:image\" content=\"https:\/\/www.duunauspalvelutjarvi.fi\/wp-content\/uploads\/2024\/06\/250075.jpg\" \/>\n\t<meta property=\"og:image:width\" content=\"2000\" \/>\n\t<meta property=\"og:image:height\" content=\"2000\" \/>\n\t<meta property=\"og:image:type\" content=\"image\/jpeg\" \/>\n<meta name=\"twitter:card\" content=\"summary_large_image\" \/>\n<meta name=\"twitter:label1\" content=\"Arvioitu lukuaika\" \/>\n\t<meta name=\"twitter:data1\" content=\"1 minuutti\" \/>\n<script type=\"application\/ld+json\" class=\"yoast-schema-graph\">{\"@context\":\"https:\\\/\\\/schema.org\",\"@graph\":[{\"@type\":\"WebPage\",\"@id\":\"https:\\\/\\\/www.duunauspalvelutjarvi.fi\\\/?product=liesituuletin-cuisine-12v-60-cm\",\"url\":\"https:\\\/\\\/www.duunauspalvelutjarvi.fi\\\/?product=liesituuletin-cuisine-12v-60-cm\",\"name\":\"Liesituuletin Cuisine 12V 60 cm -\",\"isPartOf\":{\"@id\":\"https:\\\/\\\/www.duunauspalvelutjarvi.fi\\\/#website\"},\"primaryImageOfPage\":{\"@id\":\"https:\\\/\\\/www.duunauspalvelutjarvi.fi\\\/?product=liesituuletin-cuisine-12v-60-cm#primaryimage\"},\"image\":{\"@id\":\"https:\\\/\\\/www.duunauspalvelutjarvi.fi\\\/?product=liesituuletin-cuisine-12v-60-cm#primaryimage\"},\"thumbnailUrl\":\"https:\\\/\\\/www.duunauspalvelutjarvi.fi\\\/wp-content\\\/uploads\\\/2024\\\/06\\\/250075.jpg\",\"datePublished\":\"2024-06-27T21:13:45+00:00\",\"dateModified\":\"2024-06-27T21:25:57+00:00\",\"breadcrumb\":{\"@id\":\"https:\\\/\\\/www.duunauspalvelutjarvi.fi\\\/?product=liesituuletin-cuisine-12v-60-cm#breadcrumb\"},\"inLanguage\":\"fi\",\"potentialAction\":[{\"@type\":\"ReadAction\",\"target\":[\"https:\\\/\\\/www.duunauspalvelutjarvi.fi\\\/?product=liesituuletin-cuisine-12v-60-cm\"]}]},{\"@type\":\"ImageObject\",\"inLanguage\":\"fi\",\"@id\":\"https:\\\/\\\/www.duunauspalvelutjarvi.fi\\\/?product=liesituuletin-cuisine-12v-60-cm#primaryimage\",\"url\":\"https:\\\/\\\/www.duunauspalvelutjarvi.fi\\\/wp-content\\\/uploads\\\/2024\\\/06\\\/250075.jpg\",\"contentUrl\":\"https:\\\/\\\/www.duunauspalvelutjarvi.fi\\\/wp-content\\\/uploads\\\/2024\\\/06\\\/250075.jpg\",\"width\":2000,\"height\":2000},{\"@type\":\"BreadcrumbList\",\"@id\":\"https:\\\/\\\/www.duunauspalvelutjarvi.fi\\\/?product=liesituuletin-cuisine-12v-60-cm#breadcrumb\",\"itemListElement\":[{\"@type\":\"ListItem\",\"position\":1,\"name\":\"Etusivu\",\"item\":\"https:\\\/\\\/www.duunauspalvelutjarvi.fi\\\/\"},{\"@type\":\"ListItem\",\"position\":2,\"name\":\"Etusivu\",\"item\":\"https:\\\/\\\/www.duunauspalvelutjarvi.fi\\\/\"},{\"@type\":\"ListItem\",\"position\":3,\"name\":\"Liesituuletin Cuisine 12V 60 cm\"}]},{\"@type\":\"WebSite\",\"@id\":\"https:\\\/\\\/www.duunauspalvelutjarvi.fi\\\/#website\",\"url\":\"https:\\\/\\\/www.duunauspalvelutjarvi.fi\\\/\",\"name\":\"\",\"description\":\"\",\"potentialAction\":[{\"@type\":\"SearchAction\",\"target\":{\"@type\":\"EntryPoint\",\"urlTemplate\":\"https:\\\/\\\/www.duunauspalvelutjarvi.fi\\\/?s={search_term_string}\"},\"query-input\":{\"@type\":\"PropertyValueSpecification\",\"valueRequired\":true,\"valueName\":\"search_term_string\"}}],\"inLanguage\":\"fi\"}]}<\/script>\n<!-- \/ Yoast SEO plugin. -->","yoast_head_json":{"title":"Liesituuletin Cuisine 12V 60 cm -","robots":{"index":"index","follow":"follow","max-snippet":"max-snippet:-1","max-image-preview":"max-image-preview:large","max-video-preview":"max-video-preview:-1"},"canonical":"https:\/\/www.duunauspalvelutjarvi.fi\/?product=liesituuletin-cuisine-12v-60-cm","og_locale":"fi_FI","og_type":"article","og_title":"Liesituuletin Cuisine 12V 60 cm -","og_description":"Cuisine liesituuletin soveltuu erinomaisessti paikkaan jossa 12 voltin j\u00e4nnite on saatavilla, kuten m\u00f6kille, veneeseen tai matkailuautoon. 3 eri tuuletusnopeutta 5 -kerroksinen alumiinisuodatin Sis\u00e4\u00e4nrakennettu 3 W LED-valo Alhainen s\u00e4hk\u00f6nkulutus Modernisti suunniteltu liesituuletin kahdella tuulettimella, 2 x 16 W. Tyylik\u00e4s LCD-n\u00e4ytt\u00f6 hipaisukytkimill\u00e4. Yhteensopiva 60cm leve\u00e4n lieden kanssa.","og_url":"https:\/\/www.duunauspalvelutjarvi.fi\/?product=liesituuletin-cuisine-12v-60-cm","article_modified_time":"2024-06-27T21:25:57+00:00","og_image":[{"width":2000,"height":2000,"url":"https:\/\/www.duunauspalvelutjarvi.fi\/wp-content\/uploads\/2024\/06\/250075.jpg","type":"image\/jpeg"}],"twitter_card":"summary_large_image","twitter_misc":{"Arvioitu lukuaika":"1 minuutti"},"schema":{"@context":"https:\/\/schema.org","@graph":[{"@type":"WebPage","@id":"https:\/\/www.duunauspalvelutjarvi.fi\/?product=liesituuletin-cuisine-12v-60-cm","url":"https:\/\/www.duunauspalvelutjarvi.fi\/?product=liesituuletin-cuisine-12v-60-cm","name":"Liesituuletin Cuisine 12V 60 cm -","isPartOf":{"@id":"https:\/\/www.duunauspalvelutjarvi.fi\/#website"},"primaryImageOfPage":{"@id":"https:\/\/www.duunauspalvelutjarvi.fi\/?product=liesituuletin-cuisine-12v-60-cm#primaryimage"},"image":{"@id":"https:\/\/www.duunauspalvelutjarvi.fi\/?product=liesituuletin-cuisine-12v-60-cm#primaryimage"},"thumbnailUrl":"https:\/\/www.duunauspalvelutjarvi.fi\/wp-content\/uploads\/2024\/06\/250075.jpg","datePublished":"2024-06-27T21:13:45+00:00","dateModified":"2024-06-27T21:25:57+00:00","breadcrumb":{"@id":"https:\/\/www.duunauspalvelutjarvi.fi\/?product=liesituuletin-cuisine-12v-60-cm#breadcrumb"},"inLanguage":"fi","potentialAction":[{"@type":"ReadAction","target":["https:\/\/www.duunauspalvelutjarvi.fi\/?product=liesituuletin-cuisine-12v-60-cm"]}]},{"@type":"ImageObject","inLanguage":"fi","@id":"https:\/\/www.duunauspalvelutjarvi.fi\/?product=liesituuletin-cuisine-12v-60-cm#primaryimage","url":"https:\/\/www.duunauspalvelutjarvi.fi\/wp-content\/uploads\/2024\/06\/250075.jpg","contentUrl":"https:\/\/www.duunauspalvelutjarvi.fi\/wp-content\/uploads\/2024\/06\/250075.jpg","width":2000,"height":2000},{"@type":"BreadcrumbList","@id":"https:\/\/www.duunauspalvelutjarvi.fi\/?product=liesituuletin-cuisine-12v-60-cm#breadcrumb","itemListElement":[{"@type":"ListItem","position":1,"name":"Etusivu","item":"https:\/\/www.duunauspalvelutjarvi.fi\/"},{"@type":"ListItem","position":2,"name":"Etusivu","item":"https:\/\/www.duunauspalvelutjarvi.fi\/"},{"@type":"ListItem","position":3,"name":"Liesituuletin Cuisine 12V 60 cm"}]},{"@type":"WebSite","@id":"https:\/\/www.duunauspalvelutjarvi.fi\/#website","url":"https:\/\/www.duunauspalvelutjarvi.fi\/","name":"","description":"","potentialAction":[{"@type":"SearchAction","target":{"@type":"EntryPoint","urlTemplate":"https:\/\/www.duunauspalvelutjarvi.fi\/?s={search_term_string}"},"query-input":{"@type":"PropertyValueSpecification","valueRequired":true,"valueName":"search_term_string"}}],"inLanguage":"fi"}]}},"jetpack_sharing_enabled":true,"_links":{"self":[{"href":"https:\/\/www.duunauspalvelutjarvi.fi\/index.php?rest_route=\/wp\/v2\/product\/15001","targetHints":{"allow":["GET"]}}],"collection":[{"href":"https:\/\/www.duunauspalvelutjarvi.fi\/index.php?rest_route=\/wp\/v2\/product"}],"about":[{"href":"https:\/\/www.duunauspalvelutjarvi.fi\/index.php?rest_route=\/wp\/v2\/types\/product"}],"replies":[{"embeddable":true,"href":"https:\/\/www.duunauspalvelutjarvi.fi\/index.php?rest_route=%2Fwp%2Fv2%2Fcomments&post=15001"}],"wp:featuredmedia":[{"embeddable":true,"href":"https:\/\/www.duunauspalvelutjarvi.fi\/index.php?rest_route=\/wp\/v2\/media\/15002"}],"wp:attachment":[{"href":"https:\/\/www.duunauspalvelutjarvi.fi\/index.php?rest_route=%2Fwp%2Fv2%2Fmedia&parent=15001"}],"wp:term":[{"taxonomy":"product_brand","embeddable":true,"href":"https:\/\/www.duunauspalvelutjarvi.fi\/index.php?rest_route=%2Fwp%2Fv2%2Fproduct_brand&post=15001"},{"taxonomy":"product_cat","embeddable":true,"href":"https:\/\/www.duunauspalvelutjarvi.fi\/index.php?rest_route=%2Fwp%2Fv2%2Fproduct_cat&post=15001"},{"taxonomy":"product_tag","embeddable":true,"href":"https:\/\/www.duunauspalvelutjarvi.fi\/index.php?rest_route=%2Fwp%2Fv2%2Fproduct_tag&post=15001"}],"curies":[{"name":"wp","href":"https:\/\/api.w.org\/{rel}","templated":true}]}}