{"id":15036,"date":"2025-01-10T16:21:56","date_gmt":"2025-01-10T14:21:56","guid":{"rendered":"https:\/\/www.duunauspalvelutjarvi.fi\/?post_type=product&#038;p=15036"},"modified":"2025-10-09T11:36:47","modified_gmt":"2025-10-09T08:36:47","slug":"luminalights-rebellion-9-led-lisavalo","status":"publish","type":"product","link":"https:\/\/www.duunauspalvelutjarvi.fi\/?product=luminalights-rebellion-9-led-lisavalo","title":{"rendered":"LuminaLights Rebellion+ 9 LED-lis\u00e4valo"},"content":{"rendered":"<p>Harvinaisen pienell\u00e4 referenssiluvulla (ref.20) varustettu LuminaLights Rebellion+ 9 tarjoaa ennenn\u00e4kem\u00e4t\u00f6nt\u00e4 tyyli\u00e4 ja tehoa samassa kest\u00e4v\u00e4ss\u00e4 paketissa, josta ei ominaisuuksia puutu!<\/p>\n<p><strong>Parkkivalo\u00a0<\/strong><br \/>\nAsteittain p\u00e4\u00e4lle syttyv\u00e4 parkkivalo erottaa valon kaikista muista hillityn tyylikk\u00e4\u00e4sti. Valittavissasi on kaksiv\u00e4rinen parkkivalo, joko oranssi tai valkoinen. Asteittain p\u00e4\u00e4lle kytkeytyv\u00e4 parkkivalo on ominaisuus, jota ei muista lis\u00e4valoista l\u00f6ydy.<\/p>\n<p><strong>Runko<br \/>\n<\/strong>Lis\u00e4valon runko on valmistettu alumiinista ja linssi on iskunkest\u00e4v\u00e4\u00e4 polykarbonaattia. Painoa valolla on 2100 grammaa. LuminaLights Rebellion+ 9 on poikkeuksellisen ohut valo, mik\u00e4 mahdollistaa asentamisen l\u00e4hes kaikkiin kulkineisiin henkil\u00f6autosta raskaankaluston ajoneuvoihin. Asennusjalka antaa my\u00f6s vapauksia asentamisen suhteen, sill\u00e4 se ei tule valon reunoille ollenkaan vaan mahollistaa useamman valon asentamisen aivan vierekk\u00e4in. LuminaLights Rebellion+ 9 lis\u00e4valon p\u00e4\u00e4lt\u00e4 l\u00f6ytyy my\u00f6s paikka yl\u00e4tuelle, joten saat lis\u00e4valon varmasti j\u00e4mer\u00e4sti kiinni, v\u00e4ltt\u00e4en t\u00e4risemisen.<\/p>\n<p><strong>Mitat<\/strong><br \/>\nSyvyys 75 mm<br \/>\nKorkeus jalan kanssa 240 mm<br \/>\nLeveys 215 mm<\/p>\n<p><strong>DoubleUp toiminto &#8211; Lis\u00e4valo sek\u00e4 maastoon, ett\u00e4 tieliikenteeseen<br \/>\n<\/strong>LuminaLights Rebellion+ 9 lis\u00e4valosta l\u00f6yd\u00e4t kaksi eri tehotilaa, tieliikennehyv\u00e4ksytty &amp; ei tieliikennehyv\u00e4ksytty rajoittamaton teho. Tehotila m\u00e4\u00e4ritet\u00e4\u00e4n johtojen kytkenn\u00e4ll\u00e4.<strong><br \/>\nValosta l\u00f6ytyy 5 eri johtoa<br \/>\n<\/strong>Punainen johto kytkettyn\u00e4 virtaan = T\u00e4ysi teho (ei tieliikennehyv\u00e4ksytty)<br \/>\nSininen johto kytkettyn\u00e4 virtaan = Tieliikennehyv\u00e4ksytty teho (Ref.20)<br \/>\nKeltainen johto = oranssi parkkivalo<br \/>\nValkoinen johto = valkoinen parkkivalo<br \/>\nMusta johto = maa<\/p>\n<p><strong>Valokuvio<br \/>\n<\/strong>LuminaLights Rebellion+ 9 lis\u00e4valon valokuvio on hybridivalokuvio, joka tarjoaa mukavasti kantamaa, jotta n\u00e4et jo kaukaa vastaantulevat el\u00e4imet ja muut tienk\u00e4ytt\u00e4j\u00e4t. Valossa on my\u00f6s harvinaisen leve\u00e4lle n\u00e4ytt\u00e4v\u00e4 keila py\u00f6re\u00e4ksi lis\u00e4valoksi. Eli jos etsit lis\u00e4valoa, jolla n\u00e4et sek\u00e4 pitk\u00e4lle, ett\u00e4 my\u00f6s tienpenkoille niin\u00a0<strong>t\u00e4ss\u00e4 on juuri siihen tarkoitukseen sopiva lis\u00e4valo.<\/strong><\/p>\n<p><strong>LuminaLights Rebellion+ on t\u00e4ydellinen<\/strong>\u00a0valinta henkil\u00f6lle, joka haluaa n\u00e4ytt\u00e4v\u00e4t ja tehokkaat lis\u00e4valot suopeaan hintaan. N\u00e4ill\u00e4 valoilla my\u00f6s erotut eduksesi.<\/p>\n<p><strong>2 valon paketti sis\u00e4lt\u00e4\u00e4:<\/strong><\/p>\n<ul>\n<li>2x LuminaLights Rebellion+ 9 LED-lis\u00e4valo<\/li>\n<li>Lis\u00e4valoteline RST Pro<\/li>\n<li>Relejohtosarja<\/li>\n<li>2x yl\u00e4tuki, latta, musta<\/li>\n<li>lis\u00e4valotelineen kiinnitysruuvit<\/li>\n<\/ul>\n<p><strong>3 valon paketti sis\u00e4lt\u00e4\u00e4:<\/strong><\/p>\n<ul>\n<li>3x LuminaLights Rebellion+ 9 LED-lis\u00e4valo<\/li>\n<li>Lis\u00e4valoteline kolmelle valolle RST wide<\/li>\n<li>Relejohtosarja<\/li>\n<li>3x yl\u00e4tuki, latta, musta<\/li>\n<li>lis\u00e4valotelineen kiinnitysruuvit<\/li>\n<\/ul>\n<p><strong>Tekniset tiedot:<\/strong><\/p>\n<ul>\n<li>Teho: 180W<\/li>\n<li>1 Lux @ 575m (mitattu Lumise LightLab)<\/li>\n<li>Referenssi: 20<\/li>\n<li>K\u00e4ytt\u00f6j\u00e4nnite: 12-24V<\/li>\n<li>LEDien m\u00e4\u00e4r\u00e4: 4 kpl<\/li>\n<li>Kaksiv\u00e4rinen parkkivalo (valkoinen &amp; oranssi)<\/li>\n<li>Leve\u00e4 valokuvio<\/li>\n<li>Virrankulutus:12.8A@12V, 6.33A@24V<\/li>\n<li>Teoreettinen maksimi valoteho: 20.000 lm<\/li>\n<li>Mitattu maksimi valoteho:\u00a0<span class=\"ui-provider a b c d e f g h i j k l m n o p q r s t u v w x y z ab ac ae af ag ah ai aj ak\" dir=\"ltr\">6800<\/span>\u00a0lm<\/li>\n<li>V\u00e4ril\u00e4mp\u00f6tila: 5700K<\/li>\n<li>Koko: 9&#8221;<\/li>\n<li>Suojaluokitus: IP67 &amp; IP69K<\/li>\n<li>Polykarbonaattilinssi<\/li>\n<li>Alumiinirunko<\/li>\n<li>DT-4 liitin + vastakappale<\/li>\n<li>Hyv\u00e4ksynn\u00e4t: ECE R148, R149, R10<\/li>\n<li>Paino: 2100g<\/li>\n<li>Takuu: 36kk<\/li>\n<\/ul>\n<div class=\"flex flex-grow flex-col gap-3\">\n<div class=\"min-h-[20px] flex items-start overflow-x-auto whitespace-pre-wrap break-words flex-col gap-4\">\n<div class=\"markdown prose w-full break-words dark:prose-invert light\">\n<p><strong>HUOM!<\/strong> Tee panostus itsesi ja muiden turvallisuuteen &#8211; LuminaLights Rebellion+ 9 lis\u00e4valo nyt saatavilla\u00a0 meid\u00e4n valikoimistamme!<\/p>\n<\/div>\n<\/div>\n<\/div>\n","protected":false},"excerpt":{"rendered":"<p><strong>Tulossa er\u00e4 varastoon arviolta 28.3.2025<\/strong><\/p>\n","protected":false},"featured_media":15039,"comment_status":"open","ping_status":"closed","template":"","meta":[],"product_brand":[704],"product_cat":[43],"product_tag":[],"class_list":{"0":"post-15036","1":"product","2":"type-product","3":"status-publish","4":"has-post-thumbnail","6":"product_brand-luminalights","7":"product_cat-pyoreat-lisavalot","8":"product_shipping_class-l-paketti","10":"first","11":"instock","12":"taxable","13":"shipping-taxable","14":"purchasable","15":"product-type-variable"},"yoast_head":"<!-- This site is optimized with the Yoast SEO plugin v27.5 - https:\/\/yoast.com\/product\/yoast-seo-wordpress\/ -->\n<title>LuminaLights Rebellion+ 9 LED-lis\u00e4valo -<\/title>\n<meta name=\"robots\" content=\"index, follow, max-snippet:-1, max-image-preview:large, max-video-preview:-1\" \/>\n<link rel=\"canonical\" href=\"https:\/\/www.duunauspalvelutjarvi.fi\/?product=luminalights-rebellion-9-led-lisavalo\" \/>\n<meta property=\"og:locale\" content=\"fi_FI\" \/>\n<meta property=\"og:type\" content=\"article\" \/>\n<meta property=\"og:title\" content=\"LuminaLights Rebellion+ 9 LED-lis\u00e4valo -\" \/>\n<meta property=\"og:description\" content=\"Tulossa er\u00e4 varastoon arviolta 28.3.2025\" \/>\n<meta property=\"og:url\" content=\"https:\/\/www.duunauspalvelutjarvi.fi\/?product=luminalights-rebellion-9-led-lisavalo\" \/>\n<meta property=\"article:modified_time\" content=\"2025-10-09T08:36:47+00:00\" \/>\n<meta property=\"og:image\" content=\"https:\/\/www.duunauspalvelutjarvi.fi\/wp-content\/uploads\/2025\/01\/luminalightsrebellion9led-lisavalo_8020107671_7f41117b785f_0.webp\" \/>\n\t<meta property=\"og:image:width\" content=\"2048\" \/>\n\t<meta property=\"og:image:height\" content=\"2048\" \/>\n\t<meta property=\"og:image:type\" content=\"image\/webp\" \/>\n<meta name=\"twitter:card\" content=\"summary_large_image\" \/>\n<meta name=\"twitter:label1\" content=\"Arvioitu lukuaika\" \/>\n\t<meta name=\"twitter:data1\" content=\"3 minuuttia\" \/>\n<script type=\"application\/ld+json\" class=\"yoast-schema-graph\">{\"@context\":\"https:\\\/\\\/schema.org\",\"@graph\":[{\"@type\":\"WebPage\",\"@id\":\"https:\\\/\\\/www.duunauspalvelutjarvi.fi\\\/?product=luminalights-rebellion-9-led-lisavalo\",\"url\":\"https:\\\/\\\/www.duunauspalvelutjarvi.fi\\\/?product=luminalights-rebellion-9-led-lisavalo\",\"name\":\"LuminaLights Rebellion+ 9 LED-lis\u00e4valo -\",\"isPartOf\":{\"@id\":\"https:\\\/\\\/www.duunauspalvelutjarvi.fi\\\/#website\"},\"primaryImageOfPage\":{\"@id\":\"https:\\\/\\\/www.duunauspalvelutjarvi.fi\\\/?product=luminalights-rebellion-9-led-lisavalo#primaryimage\"},\"image\":{\"@id\":\"https:\\\/\\\/www.duunauspalvelutjarvi.fi\\\/?product=luminalights-rebellion-9-led-lisavalo#primaryimage\"},\"thumbnailUrl\":\"https:\\\/\\\/www.duunauspalvelutjarvi.fi\\\/wp-content\\\/uploads\\\/2025\\\/01\\\/luminalightsrebellion9led-lisavalo_8020107671_7f41117b785f_0.webp\",\"datePublished\":\"2025-01-10T14:21:56+00:00\",\"dateModified\":\"2025-10-09T08:36:47+00:00\",\"breadcrumb\":{\"@id\":\"https:\\\/\\\/www.duunauspalvelutjarvi.fi\\\/?product=luminalights-rebellion-9-led-lisavalo#breadcrumb\"},\"inLanguage\":\"fi\",\"potentialAction\":[{\"@type\":\"ReadAction\",\"target\":[\"https:\\\/\\\/www.duunauspalvelutjarvi.fi\\\/?product=luminalights-rebellion-9-led-lisavalo\"]}]},{\"@type\":\"ImageObject\",\"inLanguage\":\"fi\",\"@id\":\"https:\\\/\\\/www.duunauspalvelutjarvi.fi\\\/?product=luminalights-rebellion-9-led-lisavalo#primaryimage\",\"url\":\"https:\\\/\\\/www.duunauspalvelutjarvi.fi\\\/wp-content\\\/uploads\\\/2025\\\/01\\\/luminalightsrebellion9led-lisavalo_8020107671_7f41117b785f_0.webp\",\"contentUrl\":\"https:\\\/\\\/www.duunauspalvelutjarvi.fi\\\/wp-content\\\/uploads\\\/2025\\\/01\\\/luminalightsrebellion9led-lisavalo_8020107671_7f41117b785f_0.webp\",\"width\":2048,\"height\":2048},{\"@type\":\"BreadcrumbList\",\"@id\":\"https:\\\/\\\/www.duunauspalvelutjarvi.fi\\\/?product=luminalights-rebellion-9-led-lisavalo#breadcrumb\",\"itemListElement\":[{\"@type\":\"ListItem\",\"position\":1,\"name\":\"Etusivu\",\"item\":\"https:\\\/\\\/www.duunauspalvelutjarvi.fi\\\/\"},{\"@type\":\"ListItem\",\"position\":2,\"name\":\"Etusivu\",\"item\":\"https:\\\/\\\/www.duunauspalvelutjarvi.fi\\\/\"},{\"@type\":\"ListItem\",\"position\":3,\"name\":\"LuminaLights Rebellion+ 9 LED-lis\u00e4valo\"}]},{\"@type\":\"WebSite\",\"@id\":\"https:\\\/\\\/www.duunauspalvelutjarvi.fi\\\/#website\",\"url\":\"https:\\\/\\\/www.duunauspalvelutjarvi.fi\\\/\",\"name\":\"\",\"description\":\"\",\"potentialAction\":[{\"@type\":\"SearchAction\",\"target\":{\"@type\":\"EntryPoint\",\"urlTemplate\":\"https:\\\/\\\/www.duunauspalvelutjarvi.fi\\\/?s={search_term_string}\"},\"query-input\":{\"@type\":\"PropertyValueSpecification\",\"valueRequired\":true,\"valueName\":\"search_term_string\"}}],\"inLanguage\":\"fi\"}]}<\/script>\n<!-- \/ Yoast SEO plugin. -->","yoast_head_json":{"title":"LuminaLights Rebellion+ 9 LED-lis\u00e4valo -","robots":{"index":"index","follow":"follow","max-snippet":"max-snippet:-1","max-image-preview":"max-image-preview:large","max-video-preview":"max-video-preview:-1"},"canonical":"https:\/\/www.duunauspalvelutjarvi.fi\/?product=luminalights-rebellion-9-led-lisavalo","og_locale":"fi_FI","og_type":"article","og_title":"LuminaLights Rebellion+ 9 LED-lis\u00e4valo -","og_description":"Tulossa er\u00e4 varastoon arviolta 28.3.2025","og_url":"https:\/\/www.duunauspalvelutjarvi.fi\/?product=luminalights-rebellion-9-led-lisavalo","article_modified_time":"2025-10-09T08:36:47+00:00","og_image":[{"width":2048,"height":2048,"url":"https:\/\/www.duunauspalvelutjarvi.fi\/wp-content\/uploads\/2025\/01\/luminalightsrebellion9led-lisavalo_8020107671_7f41117b785f_0.webp","type":"image\/webp"}],"twitter_card":"summary_large_image","twitter_misc":{"Arvioitu lukuaika":"3 minuuttia"},"schema":{"@context":"https:\/\/schema.org","@graph":[{"@type":"WebPage","@id":"https:\/\/www.duunauspalvelutjarvi.fi\/?product=luminalights-rebellion-9-led-lisavalo","url":"https:\/\/www.duunauspalvelutjarvi.fi\/?product=luminalights-rebellion-9-led-lisavalo","name":"LuminaLights Rebellion+ 9 LED-lis\u00e4valo -","isPartOf":{"@id":"https:\/\/www.duunauspalvelutjarvi.fi\/#website"},"primaryImageOfPage":{"@id":"https:\/\/www.duunauspalvelutjarvi.fi\/?product=luminalights-rebellion-9-led-lisavalo#primaryimage"},"image":{"@id":"https:\/\/www.duunauspalvelutjarvi.fi\/?product=luminalights-rebellion-9-led-lisavalo#primaryimage"},"thumbnailUrl":"https:\/\/www.duunauspalvelutjarvi.fi\/wp-content\/uploads\/2025\/01\/luminalightsrebellion9led-lisavalo_8020107671_7f41117b785f_0.webp","datePublished":"2025-01-10T14:21:56+00:00","dateModified":"2025-10-09T08:36:47+00:00","breadcrumb":{"@id":"https:\/\/www.duunauspalvelutjarvi.fi\/?product=luminalights-rebellion-9-led-lisavalo#breadcrumb"},"inLanguage":"fi","potentialAction":[{"@type":"ReadAction","target":["https:\/\/www.duunauspalvelutjarvi.fi\/?product=luminalights-rebellion-9-led-lisavalo"]}]},{"@type":"ImageObject","inLanguage":"fi","@id":"https:\/\/www.duunauspalvelutjarvi.fi\/?product=luminalights-rebellion-9-led-lisavalo#primaryimage","url":"https:\/\/www.duunauspalvelutjarvi.fi\/wp-content\/uploads\/2025\/01\/luminalightsrebellion9led-lisavalo_8020107671_7f41117b785f_0.webp","contentUrl":"https:\/\/www.duunauspalvelutjarvi.fi\/wp-content\/uploads\/2025\/01\/luminalightsrebellion9led-lisavalo_8020107671_7f41117b785f_0.webp","width":2048,"height":2048},{"@type":"BreadcrumbList","@id":"https:\/\/www.duunauspalvelutjarvi.fi\/?product=luminalights-rebellion-9-led-lisavalo#breadcrumb","itemListElement":[{"@type":"ListItem","position":1,"name":"Etusivu","item":"https:\/\/www.duunauspalvelutjarvi.fi\/"},{"@type":"ListItem","position":2,"name":"Etusivu","item":"https:\/\/www.duunauspalvelutjarvi.fi\/"},{"@type":"ListItem","position":3,"name":"LuminaLights Rebellion+ 9 LED-lis\u00e4valo"}]},{"@type":"WebSite","@id":"https:\/\/www.duunauspalvelutjarvi.fi\/#website","url":"https:\/\/www.duunauspalvelutjarvi.fi\/","name":"","description":"","potentialAction":[{"@type":"SearchAction","target":{"@type":"EntryPoint","urlTemplate":"https:\/\/www.duunauspalvelutjarvi.fi\/?s={search_term_string}"},"query-input":{"@type":"PropertyValueSpecification","valueRequired":true,"valueName":"search_term_string"}}],"inLanguage":"fi"}]}},"jetpack_sharing_enabled":true,"_links":{"self":[{"href":"https:\/\/www.duunauspalvelutjarvi.fi\/index.php?rest_route=\/wp\/v2\/product\/15036","targetHints":{"allow":["GET"]}}],"collection":[{"href":"https:\/\/www.duunauspalvelutjarvi.fi\/index.php?rest_route=\/wp\/v2\/product"}],"about":[{"href":"https:\/\/www.duunauspalvelutjarvi.fi\/index.php?rest_route=\/wp\/v2\/types\/product"}],"replies":[{"embeddable":true,"href":"https:\/\/www.duunauspalvelutjarvi.fi\/index.php?rest_route=%2Fwp%2Fv2%2Fcomments&post=15036"}],"wp:featuredmedia":[{"embeddable":true,"href":"https:\/\/www.duunauspalvelutjarvi.fi\/index.php?rest_route=\/wp\/v2\/media\/15039"}],"wp:attachment":[{"href":"https:\/\/www.duunauspalvelutjarvi.fi\/index.php?rest_route=%2Fwp%2Fv2%2Fmedia&parent=15036"}],"wp:term":[{"taxonomy":"product_brand","embeddable":true,"href":"https:\/\/www.duunauspalvelutjarvi.fi\/index.php?rest_route=%2Fwp%2Fv2%2Fproduct_brand&post=15036"},{"taxonomy":"product_cat","embeddable":true,"href":"https:\/\/www.duunauspalvelutjarvi.fi\/index.php?rest_route=%2Fwp%2Fv2%2Fproduct_cat&post=15036"},{"taxonomy":"product_tag","embeddable":true,"href":"https:\/\/www.duunauspalvelutjarvi.fi\/index.php?rest_route=%2Fwp%2Fv2%2Fproduct_tag&post=15036"}],"curies":[{"name":"wp","href":"https:\/\/api.w.org\/{rel}","templated":true}]}}