{"id":15077,"date":"2025-01-10T17:13:07","date_gmt":"2025-01-10T15:13:07","guid":{"rendered":"https:\/\/www.duunauspalvelutjarvi.fi\/?post_type=product&#038;p=15077"},"modified":"2025-10-09T11:41:13","modified_gmt":"2025-10-09T08:41:13","slug":"luminalights-tyovalopaketti-metsakone-moto","status":"publish","type":"product","link":"https:\/\/www.duunauspalvelutjarvi.fi\/?product=luminalights-tyovalopaketti-metsakone-moto","title":{"rendered":"LuminaLights Ty\u00f6valopaketti, Mets\u00e4kone \u2013 moto"},"content":{"rendered":"<p>Hakkuukoneeseen valmiiksi r\u00e4\u00e4t\u00e4l\u00f6ity LED-ty\u00f6valopaketti LuminaLightsilta.<\/p>\n<p>Valittavissa entry-tason Basic-setti tai ammattitason Professional-setti.<\/p>\n<p><strong>Basic-setti:<\/strong><br \/>\n20kpl LuminaLights Monster Mini LED-ty\u00f6valo<\/p>\n<p><strong>Professional-setti:<\/strong><br \/>\n20kpl LuminaLights Monster Max LED-ty\u00f6valo<\/p>\n<p><strong>LuminaLights Monster MINI teknisi\u00e4 tietoja:<\/strong><\/p>\n<ul>\n<li>Teho: 63W<\/li>\n<li>J\u00e4nnite: 12-48V<\/li>\n<li>LED: 9 X 7W<\/li>\n<li>Virrankulutus: 13.7V: 2.125A<\/li>\n<li>Valovirta (Teoreettinen) 3850lm<\/li>\n<li>Valovirta (mitattu) 3000lm<\/li>\n<li>V\u00e4ril\u00e4mp\u00f6tila 5700K<\/li>\n<li>Polykarbonaattilinssi<\/li>\n<li>Alumiinikuori<\/li>\n<li>Sis\u00e4lt\u00e4\u00e4 DT 2-pin liittimen<\/li>\n<li>IP67<\/li>\n<li>Mitat: L 100mm x K 121mm (Jalan kanssa) x S 70mm<\/li>\n<\/ul>\n<p>&nbsp;<\/p>\n<p><strong>LuminaLights Monster MAX teknisi\u00e4 tietoja:<\/strong><\/p>\n<ul>\n<li>Teho: 80W<\/li>\n<li>J\u00e4nnite: 12-48V<\/li>\n<li>LED: 16 X 5W<\/li>\n<li>Virrankulutus: 13.7V: 3.65A<\/li>\n<li>Valovirta (Teoreettinen) 6000lm<\/li>\n<li>Valovirta (mitattu) 5200lm<\/li>\n<li>V\u00e4ril\u00e4mp\u00f6tila 5700K<\/li>\n<li>Polykarbonaattilinssi<\/li>\n<li>Alumiinikuori<\/li>\n<li>Sis\u00e4lt\u00e4\u00e4 DT 2-pin liittimen<\/li>\n<li>IP69K<\/li>\n<li>Mitat: L 121mm x K 154mm (Jalan kanssa) x S 84mm<\/li>\n<\/ul>\n","protected":false},"excerpt":{"rendered":"<p>Hakkuukoneeseen valmiiksi r\u00e4\u00e4t\u00e4l\u00f6ity LED-ty\u00f6valopaketti LuminaLightsilta. Valittavissa entry-tason Basic-setti tai ammattitason Professional-setti. Basic-setti: 20kpl LuminaLights Monster Mini LED-ty\u00f6valo Professional-setti: 20kpl LuminaLights Monster Max LED-ty\u00f6valo LuminaLights Monster MINI teknisi\u00e4 tietoja: Teho: 63W J\u00e4nnite: 12-48V LED: 9 X 7W Virrankulutus: 13.7V: 2.125A Valovirta (Teoreettinen) 3850lm Valovirta (mitattu) 3000lm V\u00e4ril\u00e4mp\u00f6tila 5700K Polykarbonaattilinssi Alumiinikuori Sis\u00e4lt\u00e4\u00e4 DT 2-pin liittimen IP67 Mitat: [&hellip;]<\/p>\n","protected":false},"featured_media":15078,"comment_status":"open","ping_status":"closed","template":"","meta":[],"product_brand":[704],"product_cat":[688],"product_tag":[],"class_list":{"0":"post-15077","1":"product","2":"type-product","3":"status-publish","4":"has-post-thumbnail","6":"product_brand-luminalights","7":"product_cat-tyovalo-varoitusvalopaketti","8":"product_shipping_class-l-paketti","10":"first","11":"instock","12":"taxable","13":"shipping-taxable","14":"purchasable","15":"product-type-variable"},"yoast_head":"<!-- This site is optimized with the Yoast SEO plugin v27.3 - https:\/\/yoast.com\/product\/yoast-seo-wordpress\/ -->\n<title>LuminaLights Ty\u00f6valopaketti, Mets\u00e4kone \u2013 moto -<\/title>\n<meta name=\"robots\" content=\"index, follow, max-snippet:-1, max-image-preview:large, max-video-preview:-1\" \/>\n<link rel=\"canonical\" href=\"https:\/\/www.duunauspalvelutjarvi.fi\/?product=luminalights-tyovalopaketti-metsakone-moto\" \/>\n<meta property=\"og:locale\" content=\"fi_FI\" \/>\n<meta property=\"og:type\" content=\"article\" \/>\n<meta property=\"og:title\" content=\"LuminaLights Ty\u00f6valopaketti, Mets\u00e4kone \u2013 moto -\" \/>\n<meta property=\"og:description\" content=\"Hakkuukoneeseen valmiiksi r\u00e4\u00e4t\u00e4l\u00f6ity LED-ty\u00f6valopaketti LuminaLightsilta. Valittavissa entry-tason Basic-setti tai ammattitason Professional-setti. Basic-setti: 20kpl LuminaLights Monster Mini LED-ty\u00f6valo Professional-setti: 20kpl LuminaLights Monster Max LED-ty\u00f6valo LuminaLights Monster MINI teknisi\u00e4 tietoja: Teho: 63W J\u00e4nnite: 12-48V LED: 9 X 7W Virrankulutus: 13.7V: 2.125A Valovirta (Teoreettinen) 3850lm Valovirta (mitattu) 3000lm V\u00e4ril\u00e4mp\u00f6tila 5700K Polykarbonaattilinssi Alumiinikuori Sis\u00e4lt\u00e4\u00e4 DT 2-pin liittimen IP67 Mitat: [&hellip;]\" \/>\n<meta property=\"og:url\" content=\"https:\/\/www.duunauspalvelutjarvi.fi\/?product=luminalights-tyovalopaketti-metsakone-moto\" \/>\n<meta property=\"article:modified_time\" content=\"2025-10-09T08:41:13+00:00\" \/>\n<meta property=\"og:image\" content=\"https:\/\/www.duunauspalvelutjarvi.fi\/wp-content\/uploads\/2025\/01\/luminalightstyovalopakettimetsakonemotobasic_8020107956_4c48a06f7af7_1.webp\" \/>\n\t<meta property=\"og:image:width\" content=\"1500\" \/>\n\t<meta property=\"og:image:height\" content=\"1500\" \/>\n\t<meta property=\"og:image:type\" content=\"image\/webp\" \/>\n<meta name=\"twitter:card\" content=\"summary_large_image\" \/>\n<meta name=\"twitter:label1\" content=\"Arvioitu lukuaika\" \/>\n\t<meta name=\"twitter:data1\" content=\"1 minuutti\" \/>\n<script type=\"application\/ld+json\" class=\"yoast-schema-graph\">{\"@context\":\"https:\\\/\\\/schema.org\",\"@graph\":[{\"@type\":\"WebPage\",\"@id\":\"https:\\\/\\\/www.duunauspalvelutjarvi.fi\\\/?product=luminalights-tyovalopaketti-metsakone-moto\",\"url\":\"https:\\\/\\\/www.duunauspalvelutjarvi.fi\\\/?product=luminalights-tyovalopaketti-metsakone-moto\",\"name\":\"LuminaLights Ty\u00f6valopaketti, Mets\u00e4kone \u2013 moto -\",\"isPartOf\":{\"@id\":\"https:\\\/\\\/www.duunauspalvelutjarvi.fi\\\/#website\"},\"primaryImageOfPage\":{\"@id\":\"https:\\\/\\\/www.duunauspalvelutjarvi.fi\\\/?product=luminalights-tyovalopaketti-metsakone-moto#primaryimage\"},\"image\":{\"@id\":\"https:\\\/\\\/www.duunauspalvelutjarvi.fi\\\/?product=luminalights-tyovalopaketti-metsakone-moto#primaryimage\"},\"thumbnailUrl\":\"https:\\\/\\\/www.duunauspalvelutjarvi.fi\\\/wp-content\\\/uploads\\\/2025\\\/01\\\/luminalightstyovalopakettimetsakonemotobasic_8020107956_4c48a06f7af7_1.webp\",\"datePublished\":\"2025-01-10T15:13:07+00:00\",\"dateModified\":\"2025-10-09T08:41:13+00:00\",\"breadcrumb\":{\"@id\":\"https:\\\/\\\/www.duunauspalvelutjarvi.fi\\\/?product=luminalights-tyovalopaketti-metsakone-moto#breadcrumb\"},\"inLanguage\":\"fi\",\"potentialAction\":[{\"@type\":\"ReadAction\",\"target\":[\"https:\\\/\\\/www.duunauspalvelutjarvi.fi\\\/?product=luminalights-tyovalopaketti-metsakone-moto\"]}]},{\"@type\":\"ImageObject\",\"inLanguage\":\"fi\",\"@id\":\"https:\\\/\\\/www.duunauspalvelutjarvi.fi\\\/?product=luminalights-tyovalopaketti-metsakone-moto#primaryimage\",\"url\":\"https:\\\/\\\/www.duunauspalvelutjarvi.fi\\\/wp-content\\\/uploads\\\/2025\\\/01\\\/luminalightstyovalopakettimetsakonemotobasic_8020107956_4c48a06f7af7_1.webp\",\"contentUrl\":\"https:\\\/\\\/www.duunauspalvelutjarvi.fi\\\/wp-content\\\/uploads\\\/2025\\\/01\\\/luminalightstyovalopakettimetsakonemotobasic_8020107956_4c48a06f7af7_1.webp\",\"width\":1500,\"height\":1500},{\"@type\":\"BreadcrumbList\",\"@id\":\"https:\\\/\\\/www.duunauspalvelutjarvi.fi\\\/?product=luminalights-tyovalopaketti-metsakone-moto#breadcrumb\",\"itemListElement\":[{\"@type\":\"ListItem\",\"position\":1,\"name\":\"Etusivu\",\"item\":\"https:\\\/\\\/www.duunauspalvelutjarvi.fi\\\/\"},{\"@type\":\"ListItem\",\"position\":2,\"name\":\"Etusivu\",\"item\":\"https:\\\/\\\/www.duunauspalvelutjarvi.fi\\\/\"},{\"@type\":\"ListItem\",\"position\":3,\"name\":\"LuminaLights Ty\u00f6valopaketti, Mets\u00e4kone \u2013 moto\"}]},{\"@type\":\"WebSite\",\"@id\":\"https:\\\/\\\/www.duunauspalvelutjarvi.fi\\\/#website\",\"url\":\"https:\\\/\\\/www.duunauspalvelutjarvi.fi\\\/\",\"name\":\"\",\"description\":\"\",\"potentialAction\":[{\"@type\":\"SearchAction\",\"target\":{\"@type\":\"EntryPoint\",\"urlTemplate\":\"https:\\\/\\\/www.duunauspalvelutjarvi.fi\\\/?s={search_term_string}\"},\"query-input\":{\"@type\":\"PropertyValueSpecification\",\"valueRequired\":true,\"valueName\":\"search_term_string\"}}],\"inLanguage\":\"fi\"}]}<\/script>\n<!-- \/ Yoast SEO plugin. -->","yoast_head_json":{"title":"LuminaLights Ty\u00f6valopaketti, Mets\u00e4kone \u2013 moto -","robots":{"index":"index","follow":"follow","max-snippet":"max-snippet:-1","max-image-preview":"max-image-preview:large","max-video-preview":"max-video-preview:-1"},"canonical":"https:\/\/www.duunauspalvelutjarvi.fi\/?product=luminalights-tyovalopaketti-metsakone-moto","og_locale":"fi_FI","og_type":"article","og_title":"LuminaLights Ty\u00f6valopaketti, Mets\u00e4kone \u2013 moto -","og_description":"Hakkuukoneeseen valmiiksi r\u00e4\u00e4t\u00e4l\u00f6ity LED-ty\u00f6valopaketti LuminaLightsilta. Valittavissa entry-tason Basic-setti tai ammattitason Professional-setti. Basic-setti: 20kpl LuminaLights Monster Mini LED-ty\u00f6valo Professional-setti: 20kpl LuminaLights Monster Max LED-ty\u00f6valo LuminaLights Monster MINI teknisi\u00e4 tietoja: Teho: 63W J\u00e4nnite: 12-48V LED: 9 X 7W Virrankulutus: 13.7V: 2.125A Valovirta (Teoreettinen) 3850lm Valovirta (mitattu) 3000lm V\u00e4ril\u00e4mp\u00f6tila 5700K Polykarbonaattilinssi Alumiinikuori Sis\u00e4lt\u00e4\u00e4 DT 2-pin liittimen IP67 Mitat: [&hellip;]","og_url":"https:\/\/www.duunauspalvelutjarvi.fi\/?product=luminalights-tyovalopaketti-metsakone-moto","article_modified_time":"2025-10-09T08:41:13+00:00","og_image":[{"width":1500,"height":1500,"url":"https:\/\/www.duunauspalvelutjarvi.fi\/wp-content\/uploads\/2025\/01\/luminalightstyovalopakettimetsakonemotobasic_8020107956_4c48a06f7af7_1.webp","type":"image\/webp"}],"twitter_card":"summary_large_image","twitter_misc":{"Arvioitu lukuaika":"1 minuutti"},"schema":{"@context":"https:\/\/schema.org","@graph":[{"@type":"WebPage","@id":"https:\/\/www.duunauspalvelutjarvi.fi\/?product=luminalights-tyovalopaketti-metsakone-moto","url":"https:\/\/www.duunauspalvelutjarvi.fi\/?product=luminalights-tyovalopaketti-metsakone-moto","name":"LuminaLights Ty\u00f6valopaketti, Mets\u00e4kone \u2013 moto -","isPartOf":{"@id":"https:\/\/www.duunauspalvelutjarvi.fi\/#website"},"primaryImageOfPage":{"@id":"https:\/\/www.duunauspalvelutjarvi.fi\/?product=luminalights-tyovalopaketti-metsakone-moto#primaryimage"},"image":{"@id":"https:\/\/www.duunauspalvelutjarvi.fi\/?product=luminalights-tyovalopaketti-metsakone-moto#primaryimage"},"thumbnailUrl":"https:\/\/www.duunauspalvelutjarvi.fi\/wp-content\/uploads\/2025\/01\/luminalightstyovalopakettimetsakonemotobasic_8020107956_4c48a06f7af7_1.webp","datePublished":"2025-01-10T15:13:07+00:00","dateModified":"2025-10-09T08:41:13+00:00","breadcrumb":{"@id":"https:\/\/www.duunauspalvelutjarvi.fi\/?product=luminalights-tyovalopaketti-metsakone-moto#breadcrumb"},"inLanguage":"fi","potentialAction":[{"@type":"ReadAction","target":["https:\/\/www.duunauspalvelutjarvi.fi\/?product=luminalights-tyovalopaketti-metsakone-moto"]}]},{"@type":"ImageObject","inLanguage":"fi","@id":"https:\/\/www.duunauspalvelutjarvi.fi\/?product=luminalights-tyovalopaketti-metsakone-moto#primaryimage","url":"https:\/\/www.duunauspalvelutjarvi.fi\/wp-content\/uploads\/2025\/01\/luminalightstyovalopakettimetsakonemotobasic_8020107956_4c48a06f7af7_1.webp","contentUrl":"https:\/\/www.duunauspalvelutjarvi.fi\/wp-content\/uploads\/2025\/01\/luminalightstyovalopakettimetsakonemotobasic_8020107956_4c48a06f7af7_1.webp","width":1500,"height":1500},{"@type":"BreadcrumbList","@id":"https:\/\/www.duunauspalvelutjarvi.fi\/?product=luminalights-tyovalopaketti-metsakone-moto#breadcrumb","itemListElement":[{"@type":"ListItem","position":1,"name":"Etusivu","item":"https:\/\/www.duunauspalvelutjarvi.fi\/"},{"@type":"ListItem","position":2,"name":"Etusivu","item":"https:\/\/www.duunauspalvelutjarvi.fi\/"},{"@type":"ListItem","position":3,"name":"LuminaLights Ty\u00f6valopaketti, Mets\u00e4kone \u2013 moto"}]},{"@type":"WebSite","@id":"https:\/\/www.duunauspalvelutjarvi.fi\/#website","url":"https:\/\/www.duunauspalvelutjarvi.fi\/","name":"","description":"","potentialAction":[{"@type":"SearchAction","target":{"@type":"EntryPoint","urlTemplate":"https:\/\/www.duunauspalvelutjarvi.fi\/?s={search_term_string}"},"query-input":{"@type":"PropertyValueSpecification","valueRequired":true,"valueName":"search_term_string"}}],"inLanguage":"fi"}]}},"jetpack_sharing_enabled":true,"_links":{"self":[{"href":"https:\/\/www.duunauspalvelutjarvi.fi\/index.php?rest_route=\/wp\/v2\/product\/15077","targetHints":{"allow":["GET"]}}],"collection":[{"href":"https:\/\/www.duunauspalvelutjarvi.fi\/index.php?rest_route=\/wp\/v2\/product"}],"about":[{"href":"https:\/\/www.duunauspalvelutjarvi.fi\/index.php?rest_route=\/wp\/v2\/types\/product"}],"replies":[{"embeddable":true,"href":"https:\/\/www.duunauspalvelutjarvi.fi\/index.php?rest_route=%2Fwp%2Fv2%2Fcomments&post=15077"}],"wp:featuredmedia":[{"embeddable":true,"href":"https:\/\/www.duunauspalvelutjarvi.fi\/index.php?rest_route=\/wp\/v2\/media\/15078"}],"wp:attachment":[{"href":"https:\/\/www.duunauspalvelutjarvi.fi\/index.php?rest_route=%2Fwp%2Fv2%2Fmedia&parent=15077"}],"wp:term":[{"taxonomy":"product_brand","embeddable":true,"href":"https:\/\/www.duunauspalvelutjarvi.fi\/index.php?rest_route=%2Fwp%2Fv2%2Fproduct_brand&post=15077"},{"taxonomy":"product_cat","embeddable":true,"href":"https:\/\/www.duunauspalvelutjarvi.fi\/index.php?rest_route=%2Fwp%2Fv2%2Fproduct_cat&post=15077"},{"taxonomy":"product_tag","embeddable":true,"href":"https:\/\/www.duunauspalvelutjarvi.fi\/index.php?rest_route=%2Fwp%2Fv2%2Fproduct_tag&post=15077"}],"curies":[{"name":"wp","href":"https:\/\/api.w.org\/{rel}","templated":true}]}}