{"id":15082,"date":"2025-01-10T17:20:01","date_gmt":"2025-01-10T15:20:01","guid":{"rendered":"https:\/\/www.duunauspalvelutjarvi.fi\/?post_type=product&#038;p=15082"},"modified":"2025-10-09T11:41:13","modified_gmt":"2025-10-09T08:41:13","slug":"bullboy-tyovalopaketti-traktori","status":"publish","type":"product","link":"https:\/\/www.duunauspalvelutjarvi.fi\/?product=bullboy-tyovalopaketti-traktori","title":{"rendered":"Bullboy Ty\u00f6valopaketti, Traktori"},"content":{"rendered":"<p>Traktoriin valmiiksi r\u00e4\u00e4t\u00e4l\u00f6ity LED-ty\u00f6valopaketti Bullboylta.<\/p>\n<p>Valittavissa entry-tason Basic-setti tai ammattitason Professional-setti.<\/p>\n<p><strong>Basic-setti:<\/strong><br \/>\n8kpl Bullboy 40W &#8221;John Deere&#8221; LED-ty\u00f6valo<\/p>\n<p><strong>Professional-setti:<\/strong><br \/>\n8kpl Bullboy Agriline 80W LED-ty\u00f6valo<br \/>\n4kpl Bullboy Agriline 60w 360 LED-ty\u00f6valo<\/p>\n<p>Ty\u00f6valojen teknisi\u00e4 tietoja:<\/p>\n<p><strong>Bullboy 40W &#8221;John Deere&#8221; LED-ty\u00f6valo<\/strong><br \/>\n\u2022 K\u00e4ytt\u00f6j\u00e4nnite: 9-32V<br \/>\n\u2022 Teho: 40W (8x5W CREE)<br \/>\n\u2022 Valmistajan ilmoittama valoteho: 3200lm<br \/>\n\u2022 Mitat: L176mm x K86mm x 80mm<br \/>\n\u2022 360\u00b0 s\u00e4\u00e4tyv\u00e4 asennusjalka<br \/>\n\u2022 9005\/HB3-liitin (ei sis\u00e4ll\u00e4 vastakappaletta)<br \/>\n\u2022 Takuu: 12kk<\/p>\n<p><strong>Bullboy Agriline 60w 360 LED-ty\u00f6valo<\/strong><br \/>\n\u2022 Teho: 60W (6x10W Osram LED)<br \/>\n\u2022 Todellinen valonteho 4330lm<br \/>\n\u2022 Virrankulutus: 12V: 4,2A<br \/>\n\u2022 K\u00e4ytt\u00f6j\u00e4nnite: 9-32V<br \/>\n\u2022 V\u00e4ril\u00e4mp\u00f6tila: 5500K<br \/>\n\u2022 Leve\u00e4 valokuvio<br \/>\n\u2022 Mitat: 100 x 92(130) x 73mm (L x K x S)<br \/>\n\u2022 Runkoon integroitu DT liitin + DT liittimen vastakappale<br \/>\n\u2022 ECE R10 hyv\u00e4ksytty ajoneuvok\u00e4ytt\u00f6\u00f6n<br \/>\n\u2022 ECM CISPR25 class 4<br \/>\n\u2022 Takuu: 12kk<\/p>\n<p><strong>Bullboy Agriline 80W LED-ty\u00f6valo<\/strong><br \/>\n\u2022 K\u00e4ytt\u00f6j\u00e4nnite: 12-48V<br \/>\n\u2022 Teoreettinen teho: 80W<br \/>\n\u2022 Teoreettinen valoteho: 5000lm<br \/>\n\u2022 Mitattu valoteho: 4950lm<br \/>\n\u2022 V\u00e4ril\u00e4mp\u00f6tila: 5700K<br \/>\n\u2022 Deutsch-liitin integroitu runkoon<br \/>\n\u2022 Leveys: 125mm<br \/>\n\u2022 Korkeus: 113,7mm (jalan kanssa 158mm)<br \/>\n\u2022 Syvyys: 89mm<br \/>\n\u2022 IP68<br \/>\n\u2022 Karkaistu lasilinssi<br \/>\n\u2022 Leve\u00e4 valokuvio<br \/>\n\u2022 EMC-hyv\u00e4ksytty ECE R10, CISPR25 luokka 5<br \/>\n\u2022 Takuu 12kk<\/p>\n","protected":false},"excerpt":{"rendered":"<p>Traktoriin valmiiksi r\u00e4\u00e4t\u00e4l\u00f6ity LED-ty\u00f6valopaketti Bullboylta. Valittavissa entry-tason Basic-setti tai ammattitason Professional-setti. Basic-setti: 8kpl Bullboy 40W &#8221;John Deere&#8221; LED-ty\u00f6valo Professional-setti: 8kpl Bullboy Agriline 80W LED-ty\u00f6valo 4kpl Bullboy Agriline 60w 360 LED-ty\u00f6valo Ty\u00f6valojen teknisi\u00e4 tietoja: Bullboy 40W &#8221;John Deere&#8221; LED-ty\u00f6valo \u2022 K\u00e4ytt\u00f6j\u00e4nnite: 9-32V \u2022 Teho: 40W (8x5W CREE) \u2022 Valmistajan ilmoittama valoteho: 3200lm \u2022 Mitat: L176mm x [&hellip;]<\/p>\n","protected":false},"featured_media":15083,"comment_status":"open","ping_status":"closed","template":"","meta":[],"product_brand":[],"product_cat":[703],"product_tag":[],"class_list":{"0":"post-15082","1":"product","2":"type-product","3":"status-publish","4":"has-post-thumbnail","6":"product_cat-tyovalot-traktoriin","7":"product_shipping_class-l-paketti","9":"first","10":"instock","11":"taxable","12":"shipping-taxable","13":"purchasable","14":"product-type-variable"},"yoast_head":"<!-- This site is optimized with the Yoast SEO plugin v27.4 - https:\/\/yoast.com\/product\/yoast-seo-wordpress\/ -->\n<title>Bullboy Ty\u00f6valopaketti, Traktori -<\/title>\n<meta name=\"robots\" content=\"index, follow, max-snippet:-1, max-image-preview:large, max-video-preview:-1\" \/>\n<link rel=\"canonical\" href=\"https:\/\/www.duunauspalvelutjarvi.fi\/?product=bullboy-tyovalopaketti-traktori\" \/>\n<meta property=\"og:locale\" content=\"fi_FI\" \/>\n<meta property=\"og:type\" content=\"article\" \/>\n<meta property=\"og:title\" content=\"Bullboy Ty\u00f6valopaketti, Traktori -\" \/>\n<meta property=\"og:description\" content=\"Traktoriin valmiiksi r\u00e4\u00e4t\u00e4l\u00f6ity LED-ty\u00f6valopaketti Bullboylta. Valittavissa entry-tason Basic-setti tai ammattitason Professional-setti. Basic-setti: 8kpl Bullboy 40W &#8221;John Deere&#8221; LED-ty\u00f6valo Professional-setti: 8kpl Bullboy Agriline 80W LED-ty\u00f6valo 4kpl Bullboy Agriline 60w 360 LED-ty\u00f6valo Ty\u00f6valojen teknisi\u00e4 tietoja: Bullboy 40W &#8221;John Deere&#8221; LED-ty\u00f6valo \u2022 K\u00e4ytt\u00f6j\u00e4nnite: 9-32V \u2022 Teho: 40W (8x5W CREE) \u2022 Valmistajan ilmoittama valoteho: 3200lm \u2022 Mitat: L176mm x [&hellip;]\" \/>\n<meta property=\"og:url\" content=\"https:\/\/www.duunauspalvelutjarvi.fi\/?product=bullboy-tyovalopaketti-traktori\" \/>\n<meta property=\"article:modified_time\" content=\"2025-10-09T08:41:13+00:00\" \/>\n<meta property=\"og:image\" content=\"https:\/\/www.duunauspalvelutjarvi.fi\/wp-content\/uploads\/2025\/01\/bullboytyovalopakettitraktoribasic_8020107959_f17ce14d95a8_1.webp\" \/>\n\t<meta property=\"og:image:width\" content=\"1500\" \/>\n\t<meta property=\"og:image:height\" content=\"1500\" \/>\n\t<meta property=\"og:image:type\" content=\"image\/webp\" \/>\n<meta name=\"twitter:card\" content=\"summary_large_image\" \/>\n<meta name=\"twitter:label1\" content=\"Arvioitu lukuaika\" \/>\n\t<meta name=\"twitter:data1\" content=\"2 minuuttia\" \/>\n<script type=\"application\/ld+json\" class=\"yoast-schema-graph\">{\"@context\":\"https:\\\/\\\/schema.org\",\"@graph\":[{\"@type\":\"WebPage\",\"@id\":\"https:\\\/\\\/www.duunauspalvelutjarvi.fi\\\/?product=bullboy-tyovalopaketti-traktori\",\"url\":\"https:\\\/\\\/www.duunauspalvelutjarvi.fi\\\/?product=bullboy-tyovalopaketti-traktori\",\"name\":\"Bullboy Ty\u00f6valopaketti, Traktori -\",\"isPartOf\":{\"@id\":\"https:\\\/\\\/www.duunauspalvelutjarvi.fi\\\/#website\"},\"primaryImageOfPage\":{\"@id\":\"https:\\\/\\\/www.duunauspalvelutjarvi.fi\\\/?product=bullboy-tyovalopaketti-traktori#primaryimage\"},\"image\":{\"@id\":\"https:\\\/\\\/www.duunauspalvelutjarvi.fi\\\/?product=bullboy-tyovalopaketti-traktori#primaryimage\"},\"thumbnailUrl\":\"https:\\\/\\\/www.duunauspalvelutjarvi.fi\\\/wp-content\\\/uploads\\\/2025\\\/01\\\/bullboytyovalopakettitraktoribasic_8020107959_f17ce14d95a8_1.webp\",\"datePublished\":\"2025-01-10T15:20:01+00:00\",\"dateModified\":\"2025-10-09T08:41:13+00:00\",\"breadcrumb\":{\"@id\":\"https:\\\/\\\/www.duunauspalvelutjarvi.fi\\\/?product=bullboy-tyovalopaketti-traktori#breadcrumb\"},\"inLanguage\":\"fi\",\"potentialAction\":[{\"@type\":\"ReadAction\",\"target\":[\"https:\\\/\\\/www.duunauspalvelutjarvi.fi\\\/?product=bullboy-tyovalopaketti-traktori\"]}]},{\"@type\":\"ImageObject\",\"inLanguage\":\"fi\",\"@id\":\"https:\\\/\\\/www.duunauspalvelutjarvi.fi\\\/?product=bullboy-tyovalopaketti-traktori#primaryimage\",\"url\":\"https:\\\/\\\/www.duunauspalvelutjarvi.fi\\\/wp-content\\\/uploads\\\/2025\\\/01\\\/bullboytyovalopakettitraktoribasic_8020107959_f17ce14d95a8_1.webp\",\"contentUrl\":\"https:\\\/\\\/www.duunauspalvelutjarvi.fi\\\/wp-content\\\/uploads\\\/2025\\\/01\\\/bullboytyovalopakettitraktoribasic_8020107959_f17ce14d95a8_1.webp\",\"width\":1500,\"height\":1500},{\"@type\":\"BreadcrumbList\",\"@id\":\"https:\\\/\\\/www.duunauspalvelutjarvi.fi\\\/?product=bullboy-tyovalopaketti-traktori#breadcrumb\",\"itemListElement\":[{\"@type\":\"ListItem\",\"position\":1,\"name\":\"Etusivu\",\"item\":\"https:\\\/\\\/www.duunauspalvelutjarvi.fi\\\/\"},{\"@type\":\"ListItem\",\"position\":2,\"name\":\"Etusivu\",\"item\":\"https:\\\/\\\/www.duunauspalvelutjarvi.fi\\\/\"},{\"@type\":\"ListItem\",\"position\":3,\"name\":\"Bullboy Ty\u00f6valopaketti, Traktori\"}]},{\"@type\":\"WebSite\",\"@id\":\"https:\\\/\\\/www.duunauspalvelutjarvi.fi\\\/#website\",\"url\":\"https:\\\/\\\/www.duunauspalvelutjarvi.fi\\\/\",\"name\":\"\",\"description\":\"\",\"potentialAction\":[{\"@type\":\"SearchAction\",\"target\":{\"@type\":\"EntryPoint\",\"urlTemplate\":\"https:\\\/\\\/www.duunauspalvelutjarvi.fi\\\/?s={search_term_string}\"},\"query-input\":{\"@type\":\"PropertyValueSpecification\",\"valueRequired\":true,\"valueName\":\"search_term_string\"}}],\"inLanguage\":\"fi\"}]}<\/script>\n<!-- \/ Yoast SEO plugin. -->","yoast_head_json":{"title":"Bullboy Ty\u00f6valopaketti, Traktori -","robots":{"index":"index","follow":"follow","max-snippet":"max-snippet:-1","max-image-preview":"max-image-preview:large","max-video-preview":"max-video-preview:-1"},"canonical":"https:\/\/www.duunauspalvelutjarvi.fi\/?product=bullboy-tyovalopaketti-traktori","og_locale":"fi_FI","og_type":"article","og_title":"Bullboy Ty\u00f6valopaketti, Traktori -","og_description":"Traktoriin valmiiksi r\u00e4\u00e4t\u00e4l\u00f6ity LED-ty\u00f6valopaketti Bullboylta. Valittavissa entry-tason Basic-setti tai ammattitason Professional-setti. Basic-setti: 8kpl Bullboy 40W &#8221;John Deere&#8221; LED-ty\u00f6valo Professional-setti: 8kpl Bullboy Agriline 80W LED-ty\u00f6valo 4kpl Bullboy Agriline 60w 360 LED-ty\u00f6valo Ty\u00f6valojen teknisi\u00e4 tietoja: Bullboy 40W &#8221;John Deere&#8221; LED-ty\u00f6valo \u2022 K\u00e4ytt\u00f6j\u00e4nnite: 9-32V \u2022 Teho: 40W (8x5W CREE) \u2022 Valmistajan ilmoittama valoteho: 3200lm \u2022 Mitat: L176mm x [&hellip;]","og_url":"https:\/\/www.duunauspalvelutjarvi.fi\/?product=bullboy-tyovalopaketti-traktori","article_modified_time":"2025-10-09T08:41:13+00:00","og_image":[{"width":1500,"height":1500,"url":"https:\/\/www.duunauspalvelutjarvi.fi\/wp-content\/uploads\/2025\/01\/bullboytyovalopakettitraktoribasic_8020107959_f17ce14d95a8_1.webp","type":"image\/webp"}],"twitter_card":"summary_large_image","twitter_misc":{"Arvioitu lukuaika":"2 minuuttia"},"schema":{"@context":"https:\/\/schema.org","@graph":[{"@type":"WebPage","@id":"https:\/\/www.duunauspalvelutjarvi.fi\/?product=bullboy-tyovalopaketti-traktori","url":"https:\/\/www.duunauspalvelutjarvi.fi\/?product=bullboy-tyovalopaketti-traktori","name":"Bullboy Ty\u00f6valopaketti, Traktori -","isPartOf":{"@id":"https:\/\/www.duunauspalvelutjarvi.fi\/#website"},"primaryImageOfPage":{"@id":"https:\/\/www.duunauspalvelutjarvi.fi\/?product=bullboy-tyovalopaketti-traktori#primaryimage"},"image":{"@id":"https:\/\/www.duunauspalvelutjarvi.fi\/?product=bullboy-tyovalopaketti-traktori#primaryimage"},"thumbnailUrl":"https:\/\/www.duunauspalvelutjarvi.fi\/wp-content\/uploads\/2025\/01\/bullboytyovalopakettitraktoribasic_8020107959_f17ce14d95a8_1.webp","datePublished":"2025-01-10T15:20:01+00:00","dateModified":"2025-10-09T08:41:13+00:00","breadcrumb":{"@id":"https:\/\/www.duunauspalvelutjarvi.fi\/?product=bullboy-tyovalopaketti-traktori#breadcrumb"},"inLanguage":"fi","potentialAction":[{"@type":"ReadAction","target":["https:\/\/www.duunauspalvelutjarvi.fi\/?product=bullboy-tyovalopaketti-traktori"]}]},{"@type":"ImageObject","inLanguage":"fi","@id":"https:\/\/www.duunauspalvelutjarvi.fi\/?product=bullboy-tyovalopaketti-traktori#primaryimage","url":"https:\/\/www.duunauspalvelutjarvi.fi\/wp-content\/uploads\/2025\/01\/bullboytyovalopakettitraktoribasic_8020107959_f17ce14d95a8_1.webp","contentUrl":"https:\/\/www.duunauspalvelutjarvi.fi\/wp-content\/uploads\/2025\/01\/bullboytyovalopakettitraktoribasic_8020107959_f17ce14d95a8_1.webp","width":1500,"height":1500},{"@type":"BreadcrumbList","@id":"https:\/\/www.duunauspalvelutjarvi.fi\/?product=bullboy-tyovalopaketti-traktori#breadcrumb","itemListElement":[{"@type":"ListItem","position":1,"name":"Etusivu","item":"https:\/\/www.duunauspalvelutjarvi.fi\/"},{"@type":"ListItem","position":2,"name":"Etusivu","item":"https:\/\/www.duunauspalvelutjarvi.fi\/"},{"@type":"ListItem","position":3,"name":"Bullboy Ty\u00f6valopaketti, Traktori"}]},{"@type":"WebSite","@id":"https:\/\/www.duunauspalvelutjarvi.fi\/#website","url":"https:\/\/www.duunauspalvelutjarvi.fi\/","name":"","description":"","potentialAction":[{"@type":"SearchAction","target":{"@type":"EntryPoint","urlTemplate":"https:\/\/www.duunauspalvelutjarvi.fi\/?s={search_term_string}"},"query-input":{"@type":"PropertyValueSpecification","valueRequired":true,"valueName":"search_term_string"}}],"inLanguage":"fi"}]}},"jetpack_sharing_enabled":true,"_links":{"self":[{"href":"https:\/\/www.duunauspalvelutjarvi.fi\/index.php?rest_route=\/wp\/v2\/product\/15082","targetHints":{"allow":["GET"]}}],"collection":[{"href":"https:\/\/www.duunauspalvelutjarvi.fi\/index.php?rest_route=\/wp\/v2\/product"}],"about":[{"href":"https:\/\/www.duunauspalvelutjarvi.fi\/index.php?rest_route=\/wp\/v2\/types\/product"}],"replies":[{"embeddable":true,"href":"https:\/\/www.duunauspalvelutjarvi.fi\/index.php?rest_route=%2Fwp%2Fv2%2Fcomments&post=15082"}],"wp:featuredmedia":[{"embeddable":true,"href":"https:\/\/www.duunauspalvelutjarvi.fi\/index.php?rest_route=\/wp\/v2\/media\/15083"}],"wp:attachment":[{"href":"https:\/\/www.duunauspalvelutjarvi.fi\/index.php?rest_route=%2Fwp%2Fv2%2Fmedia&parent=15082"}],"wp:term":[{"taxonomy":"product_brand","embeddable":true,"href":"https:\/\/www.duunauspalvelutjarvi.fi\/index.php?rest_route=%2Fwp%2Fv2%2Fproduct_brand&post=15082"},{"taxonomy":"product_cat","embeddable":true,"href":"https:\/\/www.duunauspalvelutjarvi.fi\/index.php?rest_route=%2Fwp%2Fv2%2Fproduct_cat&post=15082"},{"taxonomy":"product_tag","embeddable":true,"href":"https:\/\/www.duunauspalvelutjarvi.fi\/index.php?rest_route=%2Fwp%2Fv2%2Fproduct_tag&post=15082"}],"curies":[{"name":"wp","href":"https:\/\/api.w.org\/{rel}","templated":true}]}}