{"id":15137,"date":"2025-04-19T16:07:48","date_gmt":"2025-04-19T13:07:48","guid":{"rendered":"https:\/\/www.duunauspalvelutjarvi.fi\/?post_type=product&#038;p=15137"},"modified":"2026-02-17T01:56:55","modified_gmt":"2026-02-16T23:56:55","slug":"wwjd-kangasrannekoru","status":"publish","type":"product","link":"https:\/\/www.duunauspalvelutjarvi.fi\/?product=wwjd-kangasrannekoru","title":{"rendered":"WWJD Kangasrannekoru"},"content":{"rendered":"<p class=\"\" data-start=\"506\" data-end=\"538\">Kulje Jeesuksen jalanj\u00e4ljiss\u00e4.<\/p>\n<p class=\"\" data-start=\"545\" data-end=\"638\">Kevyt ja s\u00e4\u00e4dett\u00e4v\u00e4 kangasrannekoru, joka istuu mukavasti ja kantaa t\u00e4rke\u00e4\u00e4 viesti\u00e4 mukana.<\/p>\n<p class=\"\" data-start=\"645\" data-end=\"747\">\u2705 S\u00e4\u00e4dett\u00e4v\u00e4 koko \u2013 sopii kaikille<\/p>\n<p class=\"\" data-start=\"645\" data-end=\"747\">\u2705 Hengitt\u00e4v\u00e4 kangasmateriaali<\/p>\n<p class=\"\" data-start=\"645\" data-end=\"747\">\u2705 Tyylik\u00e4s ja ajaton design<\/p>\n<p class=\"\" data-start=\"645\" data-end=\"747\">\u2705 Useita v\u00e4rej\u00e4 \u2013 voit esitt\u00e4\u00e4 toiveen<\/p>\n<p class=\"\" data-start=\"754\" data-end=\"795\">\ud83d\udcac Erinomainen lahjaksi tai omaan arkeen.<\/p>\n","protected":false},"excerpt":{"rendered":"<p>Kulje Jeesuksen jalanj\u00e4ljiss\u00e4. Kevyt ja s\u00e4\u00e4dett\u00e4v\u00e4 kangasrannekoru, joka istuu mukavasti ja kantaa t\u00e4rke\u00e4\u00e4 viesti\u00e4 mukana. \u2705 S\u00e4\u00e4dett\u00e4v\u00e4 koko \u2013 sopii kaikille \u2705 Hengitt\u00e4v\u00e4 kangasmateriaali \u2705 Tyylik\u00e4s ja ajaton design \u2705 Useita v\u00e4rej\u00e4 \u2013 voit esitt\u00e4\u00e4 toiveen \ud83d\udcac Erinomainen lahjaksi tai omaan arkeen.<\/p>\n","protected":false},"featured_media":15134,"comment_status":"open","ping_status":"closed","template":"","meta":[],"product_brand":[],"product_cat":[721],"product_tag":[],"class_list":{"0":"post-15137","1":"product","2":"type-product","3":"status-publish","4":"has-post-thumbnail","6":"product_cat-rannekkeet-korut","7":"product_shipping_class-ilmainen","9":"first","10":"instock","11":"taxable","12":"shipping-taxable","13":"purchasable","14":"product-type-variable"},"yoast_head":"<!-- This site is optimized with the Yoast SEO plugin v27.5 - https:\/\/yoast.com\/product\/yoast-seo-wordpress\/ -->\n<title>WWJD Kangasrannekoru -<\/title>\n<meta name=\"robots\" content=\"index, follow, max-snippet:-1, max-image-preview:large, max-video-preview:-1\" \/>\n<link rel=\"canonical\" href=\"https:\/\/www.duunauspalvelutjarvi.fi\/?product=wwjd-kangasrannekoru\" \/>\n<meta property=\"og:locale\" content=\"fi_FI\" \/>\n<meta property=\"og:type\" content=\"article\" \/>\n<meta property=\"og:title\" content=\"WWJD Kangasrannekoru -\" \/>\n<meta property=\"og:description\" content=\"Kulje Jeesuksen jalanj\u00e4ljiss\u00e4. Kevyt ja s\u00e4\u00e4dett\u00e4v\u00e4 kangasrannekoru, joka istuu mukavasti ja kantaa t\u00e4rke\u00e4\u00e4 viesti\u00e4 mukana. \u2705 S\u00e4\u00e4dett\u00e4v\u00e4 koko \u2013 sopii kaikille \u2705 Hengitt\u00e4v\u00e4 kangasmateriaali \u2705 Tyylik\u00e4s ja ajaton design \u2705 Useita v\u00e4rej\u00e4 \u2013 voit esitt\u00e4\u00e4 toiveen \ud83d\udcac Erinomainen lahjaksi tai omaan arkeen.\" \/>\n<meta property=\"og:url\" content=\"https:\/\/www.duunauspalvelutjarvi.fi\/?product=wwjd-kangasrannekoru\" \/>\n<meta property=\"article:modified_time\" content=\"2026-02-16T23:56:55+00:00\" \/>\n<meta property=\"og:image\" content=\"https:\/\/www.duunauspalvelutjarvi.fi\/wp-content\/uploads\/2025\/04\/d8839a79-da1b-4a6a-88ca-1360597843c8-1.webp\" \/>\n\t<meta property=\"og:image:width\" content=\"800\" \/>\n\t<meta property=\"og:image:height\" content=\"800\" \/>\n\t<meta property=\"og:image:type\" content=\"image\/webp\" \/>\n<meta name=\"twitter:card\" content=\"summary_large_image\" \/>\n<meta name=\"twitter:label1\" content=\"Arvioitu lukuaika\" \/>\n\t<meta name=\"twitter:data1\" content=\"1 minuutti\" \/>\n<script type=\"application\/ld+json\" class=\"yoast-schema-graph\">{\"@context\":\"https:\\\/\\\/schema.org\",\"@graph\":[{\"@type\":\"WebPage\",\"@id\":\"https:\\\/\\\/www.duunauspalvelutjarvi.fi\\\/?product=wwjd-kangasrannekoru\",\"url\":\"https:\\\/\\\/www.duunauspalvelutjarvi.fi\\\/?product=wwjd-kangasrannekoru\",\"name\":\"WWJD Kangasrannekoru -\",\"isPartOf\":{\"@id\":\"https:\\\/\\\/www.duunauspalvelutjarvi.fi\\\/#website\"},\"primaryImageOfPage\":{\"@id\":\"https:\\\/\\\/www.duunauspalvelutjarvi.fi\\\/?product=wwjd-kangasrannekoru#primaryimage\"},\"image\":{\"@id\":\"https:\\\/\\\/www.duunauspalvelutjarvi.fi\\\/?product=wwjd-kangasrannekoru#primaryimage\"},\"thumbnailUrl\":\"https:\\\/\\\/www.duunauspalvelutjarvi.fi\\\/wp-content\\\/uploads\\\/2025\\\/04\\\/d8839a79-da1b-4a6a-88ca-1360597843c8-1.webp\",\"datePublished\":\"2025-04-19T13:07:48+00:00\",\"dateModified\":\"2026-02-16T23:56:55+00:00\",\"breadcrumb\":{\"@id\":\"https:\\\/\\\/www.duunauspalvelutjarvi.fi\\\/?product=wwjd-kangasrannekoru#breadcrumb\"},\"inLanguage\":\"fi\",\"potentialAction\":[{\"@type\":\"ReadAction\",\"target\":[\"https:\\\/\\\/www.duunauspalvelutjarvi.fi\\\/?product=wwjd-kangasrannekoru\"]}]},{\"@type\":\"ImageObject\",\"inLanguage\":\"fi\",\"@id\":\"https:\\\/\\\/www.duunauspalvelutjarvi.fi\\\/?product=wwjd-kangasrannekoru#primaryimage\",\"url\":\"https:\\\/\\\/www.duunauspalvelutjarvi.fi\\\/wp-content\\\/uploads\\\/2025\\\/04\\\/d8839a79-da1b-4a6a-88ca-1360597843c8-1.webp\",\"contentUrl\":\"https:\\\/\\\/www.duunauspalvelutjarvi.fi\\\/wp-content\\\/uploads\\\/2025\\\/04\\\/d8839a79-da1b-4a6a-88ca-1360597843c8-1.webp\",\"width\":800,\"height\":800},{\"@type\":\"BreadcrumbList\",\"@id\":\"https:\\\/\\\/www.duunauspalvelutjarvi.fi\\\/?product=wwjd-kangasrannekoru#breadcrumb\",\"itemListElement\":[{\"@type\":\"ListItem\",\"position\":1,\"name\":\"Etusivu\",\"item\":\"https:\\\/\\\/www.duunauspalvelutjarvi.fi\\\/\"},{\"@type\":\"ListItem\",\"position\":2,\"name\":\"Etusivu\",\"item\":\"https:\\\/\\\/www.duunauspalvelutjarvi.fi\\\/\"},{\"@type\":\"ListItem\",\"position\":3,\"name\":\"WWJD Kangasrannekoru\"}]},{\"@type\":\"WebSite\",\"@id\":\"https:\\\/\\\/www.duunauspalvelutjarvi.fi\\\/#website\",\"url\":\"https:\\\/\\\/www.duunauspalvelutjarvi.fi\\\/\",\"name\":\"\",\"description\":\"\",\"potentialAction\":[{\"@type\":\"SearchAction\",\"target\":{\"@type\":\"EntryPoint\",\"urlTemplate\":\"https:\\\/\\\/www.duunauspalvelutjarvi.fi\\\/?s={search_term_string}\"},\"query-input\":{\"@type\":\"PropertyValueSpecification\",\"valueRequired\":true,\"valueName\":\"search_term_string\"}}],\"inLanguage\":\"fi\"}]}<\/script>\n<!-- \/ Yoast SEO plugin. -->","yoast_head_json":{"title":"WWJD Kangasrannekoru -","robots":{"index":"index","follow":"follow","max-snippet":"max-snippet:-1","max-image-preview":"max-image-preview:large","max-video-preview":"max-video-preview:-1"},"canonical":"https:\/\/www.duunauspalvelutjarvi.fi\/?product=wwjd-kangasrannekoru","og_locale":"fi_FI","og_type":"article","og_title":"WWJD Kangasrannekoru -","og_description":"Kulje Jeesuksen jalanj\u00e4ljiss\u00e4. Kevyt ja s\u00e4\u00e4dett\u00e4v\u00e4 kangasrannekoru, joka istuu mukavasti ja kantaa t\u00e4rke\u00e4\u00e4 viesti\u00e4 mukana. \u2705 S\u00e4\u00e4dett\u00e4v\u00e4 koko \u2013 sopii kaikille \u2705 Hengitt\u00e4v\u00e4 kangasmateriaali \u2705 Tyylik\u00e4s ja ajaton design \u2705 Useita v\u00e4rej\u00e4 \u2013 voit esitt\u00e4\u00e4 toiveen \ud83d\udcac Erinomainen lahjaksi tai omaan arkeen.","og_url":"https:\/\/www.duunauspalvelutjarvi.fi\/?product=wwjd-kangasrannekoru","article_modified_time":"2026-02-16T23:56:55+00:00","og_image":[{"width":800,"height":800,"url":"https:\/\/www.duunauspalvelutjarvi.fi\/wp-content\/uploads\/2025\/04\/d8839a79-da1b-4a6a-88ca-1360597843c8-1.webp","type":"image\/webp"}],"twitter_card":"summary_large_image","twitter_misc":{"Arvioitu lukuaika":"1 minuutti"},"schema":{"@context":"https:\/\/schema.org","@graph":[{"@type":"WebPage","@id":"https:\/\/www.duunauspalvelutjarvi.fi\/?product=wwjd-kangasrannekoru","url":"https:\/\/www.duunauspalvelutjarvi.fi\/?product=wwjd-kangasrannekoru","name":"WWJD Kangasrannekoru -","isPartOf":{"@id":"https:\/\/www.duunauspalvelutjarvi.fi\/#website"},"primaryImageOfPage":{"@id":"https:\/\/www.duunauspalvelutjarvi.fi\/?product=wwjd-kangasrannekoru#primaryimage"},"image":{"@id":"https:\/\/www.duunauspalvelutjarvi.fi\/?product=wwjd-kangasrannekoru#primaryimage"},"thumbnailUrl":"https:\/\/www.duunauspalvelutjarvi.fi\/wp-content\/uploads\/2025\/04\/d8839a79-da1b-4a6a-88ca-1360597843c8-1.webp","datePublished":"2025-04-19T13:07:48+00:00","dateModified":"2026-02-16T23:56:55+00:00","breadcrumb":{"@id":"https:\/\/www.duunauspalvelutjarvi.fi\/?product=wwjd-kangasrannekoru#breadcrumb"},"inLanguage":"fi","potentialAction":[{"@type":"ReadAction","target":["https:\/\/www.duunauspalvelutjarvi.fi\/?product=wwjd-kangasrannekoru"]}]},{"@type":"ImageObject","inLanguage":"fi","@id":"https:\/\/www.duunauspalvelutjarvi.fi\/?product=wwjd-kangasrannekoru#primaryimage","url":"https:\/\/www.duunauspalvelutjarvi.fi\/wp-content\/uploads\/2025\/04\/d8839a79-da1b-4a6a-88ca-1360597843c8-1.webp","contentUrl":"https:\/\/www.duunauspalvelutjarvi.fi\/wp-content\/uploads\/2025\/04\/d8839a79-da1b-4a6a-88ca-1360597843c8-1.webp","width":800,"height":800},{"@type":"BreadcrumbList","@id":"https:\/\/www.duunauspalvelutjarvi.fi\/?product=wwjd-kangasrannekoru#breadcrumb","itemListElement":[{"@type":"ListItem","position":1,"name":"Etusivu","item":"https:\/\/www.duunauspalvelutjarvi.fi\/"},{"@type":"ListItem","position":2,"name":"Etusivu","item":"https:\/\/www.duunauspalvelutjarvi.fi\/"},{"@type":"ListItem","position":3,"name":"WWJD Kangasrannekoru"}]},{"@type":"WebSite","@id":"https:\/\/www.duunauspalvelutjarvi.fi\/#website","url":"https:\/\/www.duunauspalvelutjarvi.fi\/","name":"","description":"","potentialAction":[{"@type":"SearchAction","target":{"@type":"EntryPoint","urlTemplate":"https:\/\/www.duunauspalvelutjarvi.fi\/?s={search_term_string}"},"query-input":{"@type":"PropertyValueSpecification","valueRequired":true,"valueName":"search_term_string"}}],"inLanguage":"fi"}]}},"jetpack_sharing_enabled":true,"_links":{"self":[{"href":"https:\/\/www.duunauspalvelutjarvi.fi\/index.php?rest_route=\/wp\/v2\/product\/15137","targetHints":{"allow":["GET"]}}],"collection":[{"href":"https:\/\/www.duunauspalvelutjarvi.fi\/index.php?rest_route=\/wp\/v2\/product"}],"about":[{"href":"https:\/\/www.duunauspalvelutjarvi.fi\/index.php?rest_route=\/wp\/v2\/types\/product"}],"replies":[{"embeddable":true,"href":"https:\/\/www.duunauspalvelutjarvi.fi\/index.php?rest_route=%2Fwp%2Fv2%2Fcomments&post=15137"}],"wp:featuredmedia":[{"embeddable":true,"href":"https:\/\/www.duunauspalvelutjarvi.fi\/index.php?rest_route=\/wp\/v2\/media\/15134"}],"wp:attachment":[{"href":"https:\/\/www.duunauspalvelutjarvi.fi\/index.php?rest_route=%2Fwp%2Fv2%2Fmedia&parent=15137"}],"wp:term":[{"taxonomy":"product_brand","embeddable":true,"href":"https:\/\/www.duunauspalvelutjarvi.fi\/index.php?rest_route=%2Fwp%2Fv2%2Fproduct_brand&post=15137"},{"taxonomy":"product_cat","embeddable":true,"href":"https:\/\/www.duunauspalvelutjarvi.fi\/index.php?rest_route=%2Fwp%2Fv2%2Fproduct_cat&post=15137"},{"taxonomy":"product_tag","embeddable":true,"href":"https:\/\/www.duunauspalvelutjarvi.fi\/index.php?rest_route=%2Fwp%2Fv2%2Fproduct_tag&post=15137"}],"curies":[{"name":"wp","href":"https:\/\/api.w.org\/{rel}","templated":true}]}}